{"id":46903,"date":"2025-03-17T10:09:16","date_gmt":"2025-03-17T09:09:16","guid":{"rendered":"https:\/\/product-guide.org\/produkt\/spielstabil-stapelbecher-set-5-teilig-ts-hobby-2\/"},"modified":"2025-03-17T10:09:17","modified_gmt":"2025-03-17T09:09:17","slug":"spielstabil-stapelbecher-set-5-teilig-ts-hobby-2","status":"publish","type":"product","link":"https:\/\/product-guide.org\/en\/produkt\/spielstabil-stapelbecher-set-5-teilig-ts-hobby-2\/","title":{"rendered":"Spielstabil Stapelbecher-Set 5-teilig | TS-Hobby"},"content":{"rendered":"<p>Diese stapelbaren Becher sind perfekt f\u00fcr den t\u00e4glichen Gebrauch und erm\u00f6glichen ein platzsparendes Verstauen. Der extrabreite Rand erleichtert das Stapeln und sorgt f\u00fcr Stabilit\u00e4t. Zwei der Becher verf\u00fcgen \u00fcber Brausel\u00f6cher, ideal zum Abgie\u00dfen von Fl\u00fcssigkeiten. Der gr\u00f6\u00dfte Becher ist zudem mit einem praktischen Henkel ausgestattet. Extrabreiter Rand f\u00fcr einfaches Stapeln 2 Becher mit Brausel\u00f6chern Gr\u00f6\u00dfter Becher mit Henkel<\/p>\n","protected":false},"excerpt":{"rendered":"<p>Diese stapelbaren Becher sind perfekt f\u00fcr den t\u00e4glichen Gebrauch und erm\u00f6glichen ein platzsparendes Verstauen. Der extrabreite Rand erleichtert das Stapeln und sorgt f\u00fcr Stabilit\u00e4t. Zwei der Becher verf\u00fcgen \u00fcber Brausel\u00f6cher, ideal zum Abgie\u00dfen von Fl\u00fcssigkeiten. Der gr\u00f6\u00dfte Becher ist zudem mit einem praktischen Henkel ausgestattet. Extrabreiter Rand f\u00fcr einfaches Stapeln 2 Becher mit Brausel\u00f6chern Gr\u00f6\u00dfter [&hellip;]<\/p>\n","protected":false},"featured_media":46901,"template":"","meta":{"_gspb_post_css":""},"store":[],"product_brand":[1328],"product_cat":[1290],"product_tag":[],"class_list":{"0":"post-46903","1":"product","2":"type-product","3":"status-publish","4":"has-post-thumbnail","6":"product_brand-ts-hobby","7":"product_cat-uncategorized","9":"first","10":"instock","11":"shipping-taxable","12":"purchasable","13":"product-type-simple"},"yoast_head":"<!-- This site is optimized with the Yoast SEO plugin v24.6 - https:\/\/yoast.com\/wordpress\/plugins\/seo\/ -->\n<title>Spielstabil Stapelbecher-Set 5-teilig | TS-Hobby | Product-Guide.org<\/title>\n<meta name=\"description\" content=\"Spielstabil Stapelbecher-Set 5-teilig | TS-Hobby gefunden von Product-Guide.org\" \/>\n<meta name=\"robots\" content=\"index, follow, max-snippet:-1, max-image-preview:large, max-video-preview:-1\" \/>\n<link rel=\"canonical\" href=\"https:\/\/product-guide.org\/en\/produkt\/spielstabil-stapelbecher-set-5-teilig-ts-hobby-2\/\" \/>\n<meta property=\"og:locale\" content=\"en_GB\" \/>\n<meta property=\"og:type\" content=\"article\" \/>\n<meta property=\"og:title\" content=\"Spielstabil Stapelbecher-Set 5-teilig | TS-Hobby | Product-Guide.org\" \/>\n<meta property=\"og:description\" content=\"Spielstabil Stapelbecher-Set 5-teilig | TS-Hobby gefunden von Product-Guide.org\" \/>\n<meta property=\"og:url\" content=\"https:\/\/product-guide.org\/en\/produkt\/spielstabil-stapelbecher-set-5-teilig-ts-hobby-2\/\" \/>\n<meta property=\"og:site_name\" content=\"Product-Guide.org\" \/>\n<meta property=\"article:modified_time\" content=\"2025-03-17T09:09:17+00:00\" \/>\n<meta name=\"twitter:card\" content=\"summary_large_image\" \/>\n<script type=\"application\/ld+json\" class=\"yoast-schema-graph\">{\"@context\":\"https:\/\/schema.org\",\"@graph\":[{\"@type\":\"WebPage\",\"@id\":\"https:\/\/product-guide.org\/produkt\/spielstabil-stapelbecher-set-5-teilig-ts-hobby-2\/\",\"url\":\"https:\/\/product-guide.org\/produkt\/spielstabil-stapelbecher-set-5-teilig-ts-hobby-2\/\",\"name\":\"Spielstabil Stapelbecher-Set 5-teilig | TS-Hobby | Product-Guide.org\",\"isPartOf\":{\"@id\":\"https:\/\/product-guide.org\/#website\"},\"primaryImageOfPage\":{\"@id\":\"https:\/\/product-guide.org\/produkt\/spielstabil-stapelbecher-set-5-teilig-ts-hobby-2\/#primaryimage\"},\"image\":{\"@id\":\"https:\/\/product-guide.org\/produkt\/spielstabil-stapelbecher-set-5-teilig-ts-hobby-2\/#primaryimage\"},\"thumbnailUrl\":\"https:\/\/product-guide.org\/wp-content\/uploads\/2025\/03\/SW1171-Stapelbecher-5teilig-jpg_1280x1280.jpg\",\"datePublished\":\"2025-03-17T09:09:16+00:00\",\"dateModified\":\"2025-03-17T09:09:17+00:00\",\"description\":\"Spielstabil Stapelbecher-Set 5-teilig | TS-Hobby gefunden von Product-Guide.org\",\"breadcrumb\":{\"@id\":\"https:\/\/product-guide.org\/produkt\/spielstabil-stapelbecher-set-5-teilig-ts-hobby-2\/#breadcrumb\"},\"inLanguage\":\"en-GB\",\"potentialAction\":[{\"@type\":\"ReadAction\",\"target\":[\"https:\/\/product-guide.org\/produkt\/spielstabil-stapelbecher-set-5-teilig-ts-hobby-2\/\"]}]},{\"@type\":\"ImageObject\",\"inLanguage\":\"en-GB\",\"@id\":\"https:\/\/product-guide.org\/produkt\/spielstabil-stapelbecher-set-5-teilig-ts-hobby-2\/#primaryimage\",\"url\":\"https:\/\/product-guide.org\/wp-content\/uploads\/2025\/03\/SW1171-Stapelbecher-5teilig-jpg_1280x1280.jpg\",\"contentUrl\":\"https:\/\/product-guide.org\/wp-content\/uploads\/2025\/03\/SW1171-Stapelbecher-5teilig-jpg_1280x1280.jpg\",\"width\":1280,\"height\":1280},{\"@type\":\"BreadcrumbList\",\"@id\":\"https:\/\/product-guide.org\/produkt\/spielstabil-stapelbecher-set-5-teilig-ts-hobby-2\/#breadcrumb\",\"itemListElement\":[{\"@type\":\"ListItem\",\"position\":1,\"name\":\"Home\",\"item\":\"https:\/\/product-guide.org\/\"},{\"@type\":\"ListItem\",\"position\":2,\"name\":\"Ergebnisse\",\"item\":\"https:\/\/product-guide.org\/de\/ergebnisse\/\"},{\"@type\":\"ListItem\",\"position\":3,\"name\":\"Spielstabil Stapelbecher-Set 5-teilig | TS-Hobby\"}]},{\"@type\":\"WebSite\",\"@id\":\"https:\/\/product-guide.org\/#website\",\"url\":\"https:\/\/product-guide.org\/\",\"name\":\"Product-Guide.org\",\"description\":\"What Product are you looking for?\",\"publisher\":{\"@id\":\"https:\/\/product-guide.org\/#organization\"},\"potentialAction\":[{\"@type\":\"SearchAction\",\"target\":{\"@type\":\"EntryPoint\",\"urlTemplate\":\"https:\/\/product-guide.org\/?s={search_term_string}\"},\"query-input\":{\"@type\":\"PropertyValueSpecification\",\"valueRequired\":true,\"valueName\":\"search_term_string\"}}],\"inLanguage\":\"en-GB\"},{\"@type\":\"Organization\",\"@id\":\"https:\/\/product-guide.org\/#organization\",\"name\":\"Product-Guide.org\",\"url\":\"https:\/\/product-guide.org\/\",\"logo\":{\"@type\":\"ImageObject\",\"inLanguage\":\"en-GB\",\"@id\":\"https:\/\/product-guide.org\/#\/schema\/logo\/image\/\",\"url\":\"https:\/\/product-guide.org\/wp-content\/uploads\/2022\/07\/logo_transparent_background.png\",\"contentUrl\":\"https:\/\/product-guide.org\/wp-content\/uploads\/2022\/07\/logo_transparent_background.png\",\"width\":3400,\"height\":1132,\"caption\":\"Product-Guide.org\"},\"image\":{\"@id\":\"https:\/\/product-guide.org\/#\/schema\/logo\/image\/\"}}]}<\/script>\n<!-- \/ Yoast SEO plugin. -->","yoast_head_json":{"title":"Spielstabil Stapelbecher-Set 5-teilig | TS-Hobby | Product-Guide.org","description":"Spielstabil Stapelbecher-Set 5-teilig | TS-Hobby gefunden von Product-Guide.org","robots":{"index":"index","follow":"follow","max-snippet":"max-snippet:-1","max-image-preview":"max-image-preview:large","max-video-preview":"max-video-preview:-1"},"canonical":"https:\/\/product-guide.org\/en\/produkt\/spielstabil-stapelbecher-set-5-teilig-ts-hobby-2\/","og_locale":"en_GB","og_type":"article","og_title":"Spielstabil Stapelbecher-Set 5-teilig | TS-Hobby | Product-Guide.org","og_description":"Spielstabil Stapelbecher-Set 5-teilig | TS-Hobby gefunden von Product-Guide.org","og_url":"https:\/\/product-guide.org\/en\/produkt\/spielstabil-stapelbecher-set-5-teilig-ts-hobby-2\/","og_site_name":"Product-Guide.org","article_modified_time":"2025-03-17T09:09:17+00:00","twitter_card":"summary_large_image","schema":{"@context":"https:\/\/schema.org","@graph":[{"@type":"WebPage","@id":"https:\/\/product-guide.org\/produkt\/spielstabil-stapelbecher-set-5-teilig-ts-hobby-2\/","url":"https:\/\/product-guide.org\/produkt\/spielstabil-stapelbecher-set-5-teilig-ts-hobby-2\/","name":"Spielstabil Stapelbecher-Set 5-teilig | TS-Hobby | Product-Guide.org","isPartOf":{"@id":"https:\/\/product-guide.org\/#website"},"primaryImageOfPage":{"@id":"https:\/\/product-guide.org\/produkt\/spielstabil-stapelbecher-set-5-teilig-ts-hobby-2\/#primaryimage"},"image":{"@id":"https:\/\/product-guide.org\/produkt\/spielstabil-stapelbecher-set-5-teilig-ts-hobby-2\/#primaryimage"},"thumbnailUrl":"https:\/\/product-guide.org\/wp-content\/uploads\/2025\/03\/SW1171-Stapelbecher-5teilig-jpg_1280x1280.jpg","datePublished":"2025-03-17T09:09:16+00:00","dateModified":"2025-03-17T09:09:17+00:00","description":"Spielstabil Stapelbecher-Set 5-teilig | TS-Hobby gefunden von Product-Guide.org","breadcrumb":{"@id":"https:\/\/product-guide.org\/produkt\/spielstabil-stapelbecher-set-5-teilig-ts-hobby-2\/#breadcrumb"},"inLanguage":"en-GB","potentialAction":[{"@type":"ReadAction","target":["https:\/\/product-guide.org\/produkt\/spielstabil-stapelbecher-set-5-teilig-ts-hobby-2\/"]}]},{"@type":"ImageObject","inLanguage":"en-GB","@id":"https:\/\/product-guide.org\/produkt\/spielstabil-stapelbecher-set-5-teilig-ts-hobby-2\/#primaryimage","url":"https:\/\/product-guide.org\/wp-content\/uploads\/2025\/03\/SW1171-Stapelbecher-5teilig-jpg_1280x1280.jpg","contentUrl":"https:\/\/product-guide.org\/wp-content\/uploads\/2025\/03\/SW1171-Stapelbecher-5teilig-jpg_1280x1280.jpg","width":1280,"height":1280},{"@type":"BreadcrumbList","@id":"https:\/\/product-guide.org\/produkt\/spielstabil-stapelbecher-set-5-teilig-ts-hobby-2\/#breadcrumb","itemListElement":[{"@type":"ListItem","position":1,"name":"Home","item":"https:\/\/product-guide.org\/"},{"@type":"ListItem","position":2,"name":"Ergebnisse","item":"https:\/\/product-guide.org\/de\/ergebnisse\/"},{"@type":"ListItem","position":3,"name":"Spielstabil Stapelbecher-Set 5-teilig | TS-Hobby"}]},{"@type":"WebSite","@id":"https:\/\/product-guide.org\/#website","url":"https:\/\/product-guide.org\/","name":"Product-Guide.org","description":"What Product are you looking for?","publisher":{"@id":"https:\/\/product-guide.org\/#organization"},"potentialAction":[{"@type":"SearchAction","target":{"@type":"EntryPoint","urlTemplate":"https:\/\/product-guide.org\/?s={search_term_string}"},"query-input":{"@type":"PropertyValueSpecification","valueRequired":true,"valueName":"search_term_string"}}],"inLanguage":"en-GB"},{"@type":"Organization","@id":"https:\/\/product-guide.org\/#organization","name":"Product-Guide.org","url":"https:\/\/product-guide.org\/","logo":{"@type":"ImageObject","inLanguage":"en-GB","@id":"https:\/\/product-guide.org\/#\/schema\/logo\/image\/","url":"https:\/\/product-guide.org\/wp-content\/uploads\/2022\/07\/logo_transparent_background.png","contentUrl":"https:\/\/product-guide.org\/wp-content\/uploads\/2022\/07\/logo_transparent_background.png","width":3400,"height":1132,"caption":"Product-Guide.org"},"image":{"@id":"https:\/\/product-guide.org\/#\/schema\/logo\/image\/"}}]}},"_links":{"self":[{"href":"https:\/\/product-guide.org\/en\/wp-json\/wp\/v2\/product\/46903","targetHints":{"allow":["GET"]}}],"collection":[{"href":"https:\/\/product-guide.org\/en\/wp-json\/wp\/v2\/product"}],"about":[{"href":"https:\/\/product-guide.org\/en\/wp-json\/wp\/v2\/types\/product"}],"wp:featuredmedia":[{"embeddable":true,"href":"https:\/\/product-guide.org\/en\/wp-json\/wp\/v2\/media\/46901"}],"wp:attachment":[{"href":"https:\/\/product-guide.org\/en\/wp-json\/wp\/v2\/media?parent=46903"}],"wp:term":[{"taxonomy":"store","embeddable":true,"href":"https:\/\/product-guide.org\/en\/wp-json\/wp\/v2\/store?post=46903"},{"taxonomy":"product_brand","embeddable":true,"href":"https:\/\/product-guide.org\/en\/wp-json\/wp\/v2\/product_brand?post=46903"},{"taxonomy":"product_cat","embeddable":true,"href":"https:\/\/product-guide.org\/en\/wp-json\/wp\/v2\/product_cat?post=46903"},{"taxonomy":"product_tag","embeddable":true,"href":"https:\/\/product-guide.org\/en\/wp-json\/wp\/v2\/product_tag?post=46903"}],"curies":[{"name":"wp","href":"https:\/\/api.w.org\/{rel}","templated":true}]}}