{"id":46918,"date":"2025-03-17T10:09:23","date_gmt":"2025-03-17T09:09:23","guid":{"rendered":"https:\/\/product-guide.org\/produkt\/small-foot-ludo-space-ts-hobby\/"},"modified":"2025-03-17T10:09:24","modified_gmt":"2025-03-17T09:09:24","slug":"small-foot-ludo-space-ts-hobby","status":"publish","type":"product","link":"https:\/\/product-guide.org\/en\/produkt\/small-foot-ludo-space-ts-hobby\/","title":{"rendered":"small foot Ludo Space | TS-Hobby"},"content":{"rendered":"<p>Das Ludo \u201eSpace\u201c von small foot verwandelt das traditionelle Spiel in ein intergalaktisches Abenteuer. Mit hochwertigem Holz gefertigt, bietet dieses Gesellschaftsspiel ein ansprechendes Design, das die Fantasie von kleinen Astronauten anregt. Ob Weltraumpiloten, Raketen oder Au\u00dferirdische &#8211; hier dreht sich alles um den Wettlauf zu den Sternen. Der Farb- und Zahlenw\u00fcrfel sorgt f\u00fcr spannende Spielmomente und f\u00f6rdert spielend das Zahlen- und Farbverst\u00e4ndnis der Kinder. Dank des praktischen Klippverschlusses ist das Spiel nimmer ein Transportproblem und ideal f\u00fcr unterwegs! Kreatives Weltraumdesign Hochwertige Materialien aus Holz und Metall F\u00f6rdert Zahlen- und Farbverst\u00e4ndnis ACHTUNG! Nicht f\u00fcr Kinder unter 3 Jahren geeignet. ACHTUNG! Kleine Teile. Erstickungsgefahr. Hinweise aufbewahren.<\/p>\n","protected":false},"excerpt":{"rendered":"<p>Das Ludo \u201eSpace\u201c von small foot verwandelt das traditionelle Spiel in ein intergalaktisches Abenteuer. Mit hochwertigem Holz gefertigt, bietet dieses Gesellschaftsspiel ein ansprechendes Design, das die Fantasie von kleinen Astronauten anregt. Ob Weltraumpiloten, Raketen oder Au\u00dferirdische &#8211; hier dreht sich alles um den Wettlauf zu den Sternen. Der Farb- und Zahlenw\u00fcrfel sorgt f\u00fcr spannende Spielmomente [&hellip;]<\/p>\n","protected":false},"featured_media":46917,"template":"","meta":{"_gspb_post_css":""},"store":[],"product_brand":[1328],"product_cat":[1290],"product_tag":[],"class_list":{"0":"post-46918","1":"product","2":"type-product","3":"status-publish","4":"has-post-thumbnail","6":"product_brand-ts-hobby","7":"product_cat-uncategorized","9":"first","10":"instock","11":"shipping-taxable","12":"purchasable","13":"product-type-simple"},"yoast_head":"<!-- This site is optimized with the Yoast SEO plugin v24.6 - https:\/\/yoast.com\/wordpress\/plugins\/seo\/ -->\n<title>small foot Ludo Space | TS-Hobby | Product-Guide.org<\/title>\n<meta name=\"description\" content=\"small foot Ludo Space | TS-Hobby gefunden von Product-Guide.org\" \/>\n<meta name=\"robots\" content=\"index, follow, max-snippet:-1, max-image-preview:large, max-video-preview:-1\" \/>\n<link rel=\"canonical\" href=\"https:\/\/product-guide.org\/en\/produkt\/small-foot-ludo-space-ts-hobby\/\" \/>\n<meta property=\"og:locale\" content=\"en_GB\" \/>\n<meta property=\"og:type\" content=\"article\" \/>\n<meta property=\"og:title\" content=\"small foot Ludo Space | TS-Hobby | Product-Guide.org\" \/>\n<meta property=\"og:description\" content=\"small foot Ludo Space | TS-Hobby gefunden von Product-Guide.org\" \/>\n<meta property=\"og:url\" content=\"https:\/\/product-guide.org\/en\/produkt\/small-foot-ludo-space-ts-hobby\/\" \/>\n<meta property=\"og:site_name\" content=\"Product-Guide.org\" \/>\n<meta property=\"article:modified_time\" content=\"2025-03-17T09:09:24+00:00\" \/>\n<meta name=\"twitter:card\" content=\"summary_large_image\" \/>\n<script type=\"application\/ld+json\" class=\"yoast-schema-graph\">{\"@context\":\"https:\/\/schema.org\",\"@graph\":[{\"@type\":\"WebPage\",\"@id\":\"https:\/\/product-guide.org\/produkt\/small-foot-ludo-space-ts-hobby\/\",\"url\":\"https:\/\/product-guide.org\/produkt\/small-foot-ludo-space-ts-hobby\/\",\"name\":\"small foot Ludo Space | TS-Hobby | Product-Guide.org\",\"isPartOf\":{\"@id\":\"https:\/\/product-guide.org\/#website\"},\"primaryImageOfPage\":{\"@id\":\"https:\/\/product-guide.org\/produkt\/small-foot-ludo-space-ts-hobby\/#primaryimage\"},\"image\":{\"@id\":\"https:\/\/product-guide.org\/produkt\/small-foot-ludo-space-ts-hobby\/#primaryimage\"},\"thumbnailUrl\":\"https:\/\/product-guide.org\/wp-content\/uploads\/2025\/03\/11452_legler_small_foot_design_space_ludo_c-jpg_1280x1280.jpg\",\"datePublished\":\"2025-03-17T09:09:23+00:00\",\"dateModified\":\"2025-03-17T09:09:24+00:00\",\"description\":\"small foot Ludo Space | TS-Hobby gefunden von Product-Guide.org\",\"breadcrumb\":{\"@id\":\"https:\/\/product-guide.org\/produkt\/small-foot-ludo-space-ts-hobby\/#breadcrumb\"},\"inLanguage\":\"en-GB\",\"potentialAction\":[{\"@type\":\"ReadAction\",\"target\":[\"https:\/\/product-guide.org\/produkt\/small-foot-ludo-space-ts-hobby\/\"]}]},{\"@type\":\"ImageObject\",\"inLanguage\":\"en-GB\",\"@id\":\"https:\/\/product-guide.org\/produkt\/small-foot-ludo-space-ts-hobby\/#primaryimage\",\"url\":\"https:\/\/product-guide.org\/wp-content\/uploads\/2025\/03\/11452_legler_small_foot_design_space_ludo_c-jpg_1280x1280.jpg\",\"contentUrl\":\"https:\/\/product-guide.org\/wp-content\/uploads\/2025\/03\/11452_legler_small_foot_design_space_ludo_c-jpg_1280x1280.jpg\",\"width\":1280,\"height\":1280},{\"@type\":\"BreadcrumbList\",\"@id\":\"https:\/\/product-guide.org\/produkt\/small-foot-ludo-space-ts-hobby\/#breadcrumb\",\"itemListElement\":[{\"@type\":\"ListItem\",\"position\":1,\"name\":\"Home\",\"item\":\"https:\/\/product-guide.org\/\"},{\"@type\":\"ListItem\",\"position\":2,\"name\":\"Ergebnisse\",\"item\":\"https:\/\/product-guide.org\/de\/ergebnisse\/\"},{\"@type\":\"ListItem\",\"position\":3,\"name\":\"small foot Ludo Space | TS-Hobby\"}]},{\"@type\":\"WebSite\",\"@id\":\"https:\/\/product-guide.org\/#website\",\"url\":\"https:\/\/product-guide.org\/\",\"name\":\"Product-Guide.org\",\"description\":\"What Product are you looking for?\",\"publisher\":{\"@id\":\"https:\/\/product-guide.org\/#organization\"},\"potentialAction\":[{\"@type\":\"SearchAction\",\"target\":{\"@type\":\"EntryPoint\",\"urlTemplate\":\"https:\/\/product-guide.org\/?s={search_term_string}\"},\"query-input\":{\"@type\":\"PropertyValueSpecification\",\"valueRequired\":true,\"valueName\":\"search_term_string\"}}],\"inLanguage\":\"en-GB\"},{\"@type\":\"Organization\",\"@id\":\"https:\/\/product-guide.org\/#organization\",\"name\":\"Product-Guide.org\",\"url\":\"https:\/\/product-guide.org\/\",\"logo\":{\"@type\":\"ImageObject\",\"inLanguage\":\"en-GB\",\"@id\":\"https:\/\/product-guide.org\/#\/schema\/logo\/image\/\",\"url\":\"https:\/\/product-guide.org\/wp-content\/uploads\/2022\/07\/logo_transparent_background.png\",\"contentUrl\":\"https:\/\/product-guide.org\/wp-content\/uploads\/2022\/07\/logo_transparent_background.png\",\"width\":3400,\"height\":1132,\"caption\":\"Product-Guide.org\"},\"image\":{\"@id\":\"https:\/\/product-guide.org\/#\/schema\/logo\/image\/\"}}]}<\/script>\n<!-- \/ Yoast SEO plugin. -->","yoast_head_json":{"title":"small foot Ludo Space | TS-Hobby | Product-Guide.org","description":"small foot Ludo Space | TS-Hobby gefunden von Product-Guide.org","robots":{"index":"index","follow":"follow","max-snippet":"max-snippet:-1","max-image-preview":"max-image-preview:large","max-video-preview":"max-video-preview:-1"},"canonical":"https:\/\/product-guide.org\/en\/produkt\/small-foot-ludo-space-ts-hobby\/","og_locale":"en_GB","og_type":"article","og_title":"small foot Ludo Space | TS-Hobby | Product-Guide.org","og_description":"small foot Ludo Space | TS-Hobby gefunden von Product-Guide.org","og_url":"https:\/\/product-guide.org\/en\/produkt\/small-foot-ludo-space-ts-hobby\/","og_site_name":"Product-Guide.org","article_modified_time":"2025-03-17T09:09:24+00:00","twitter_card":"summary_large_image","schema":{"@context":"https:\/\/schema.org","@graph":[{"@type":"WebPage","@id":"https:\/\/product-guide.org\/produkt\/small-foot-ludo-space-ts-hobby\/","url":"https:\/\/product-guide.org\/produkt\/small-foot-ludo-space-ts-hobby\/","name":"small foot Ludo Space | TS-Hobby | Product-Guide.org","isPartOf":{"@id":"https:\/\/product-guide.org\/#website"},"primaryImageOfPage":{"@id":"https:\/\/product-guide.org\/produkt\/small-foot-ludo-space-ts-hobby\/#primaryimage"},"image":{"@id":"https:\/\/product-guide.org\/produkt\/small-foot-ludo-space-ts-hobby\/#primaryimage"},"thumbnailUrl":"https:\/\/product-guide.org\/wp-content\/uploads\/2025\/03\/11452_legler_small_foot_design_space_ludo_c-jpg_1280x1280.jpg","datePublished":"2025-03-17T09:09:23+00:00","dateModified":"2025-03-17T09:09:24+00:00","description":"small foot Ludo Space | TS-Hobby gefunden von Product-Guide.org","breadcrumb":{"@id":"https:\/\/product-guide.org\/produkt\/small-foot-ludo-space-ts-hobby\/#breadcrumb"},"inLanguage":"en-GB","potentialAction":[{"@type":"ReadAction","target":["https:\/\/product-guide.org\/produkt\/small-foot-ludo-space-ts-hobby\/"]}]},{"@type":"ImageObject","inLanguage":"en-GB","@id":"https:\/\/product-guide.org\/produkt\/small-foot-ludo-space-ts-hobby\/#primaryimage","url":"https:\/\/product-guide.org\/wp-content\/uploads\/2025\/03\/11452_legler_small_foot_design_space_ludo_c-jpg_1280x1280.jpg","contentUrl":"https:\/\/product-guide.org\/wp-content\/uploads\/2025\/03\/11452_legler_small_foot_design_space_ludo_c-jpg_1280x1280.jpg","width":1280,"height":1280},{"@type":"BreadcrumbList","@id":"https:\/\/product-guide.org\/produkt\/small-foot-ludo-space-ts-hobby\/#breadcrumb","itemListElement":[{"@type":"ListItem","position":1,"name":"Home","item":"https:\/\/product-guide.org\/"},{"@type":"ListItem","position":2,"name":"Ergebnisse","item":"https:\/\/product-guide.org\/de\/ergebnisse\/"},{"@type":"ListItem","position":3,"name":"small foot Ludo Space | TS-Hobby"}]},{"@type":"WebSite","@id":"https:\/\/product-guide.org\/#website","url":"https:\/\/product-guide.org\/","name":"Product-Guide.org","description":"What Product are you looking for?","publisher":{"@id":"https:\/\/product-guide.org\/#organization"},"potentialAction":[{"@type":"SearchAction","target":{"@type":"EntryPoint","urlTemplate":"https:\/\/product-guide.org\/?s={search_term_string}"},"query-input":{"@type":"PropertyValueSpecification","valueRequired":true,"valueName":"search_term_string"}}],"inLanguage":"en-GB"},{"@type":"Organization","@id":"https:\/\/product-guide.org\/#organization","name":"Product-Guide.org","url":"https:\/\/product-guide.org\/","logo":{"@type":"ImageObject","inLanguage":"en-GB","@id":"https:\/\/product-guide.org\/#\/schema\/logo\/image\/","url":"https:\/\/product-guide.org\/wp-content\/uploads\/2022\/07\/logo_transparent_background.png","contentUrl":"https:\/\/product-guide.org\/wp-content\/uploads\/2022\/07\/logo_transparent_background.png","width":3400,"height":1132,"caption":"Product-Guide.org"},"image":{"@id":"https:\/\/product-guide.org\/#\/schema\/logo\/image\/"}}]}},"_links":{"self":[{"href":"https:\/\/product-guide.org\/en\/wp-json\/wp\/v2\/product\/46918","targetHints":{"allow":["GET"]}}],"collection":[{"href":"https:\/\/product-guide.org\/en\/wp-json\/wp\/v2\/product"}],"about":[{"href":"https:\/\/product-guide.org\/en\/wp-json\/wp\/v2\/types\/product"}],"wp:featuredmedia":[{"embeddable":true,"href":"https:\/\/product-guide.org\/en\/wp-json\/wp\/v2\/media\/46917"}],"wp:attachment":[{"href":"https:\/\/product-guide.org\/en\/wp-json\/wp\/v2\/media?parent=46918"}],"wp:term":[{"taxonomy":"store","embeddable":true,"href":"https:\/\/product-guide.org\/en\/wp-json\/wp\/v2\/store?post=46918"},{"taxonomy":"product_brand","embeddable":true,"href":"https:\/\/product-guide.org\/en\/wp-json\/wp\/v2\/product_brand?post=46918"},{"taxonomy":"product_cat","embeddable":true,"href":"https:\/\/product-guide.org\/en\/wp-json\/wp\/v2\/product_cat?post=46918"},{"taxonomy":"product_tag","embeddable":true,"href":"https:\/\/product-guide.org\/en\/wp-json\/wp\/v2\/product_tag?post=46918"}],"curies":[{"name":"wp","href":"https:\/\/api.w.org\/{rel}","templated":true}]}}