{"id":46947,"date":"2025-03-17T10:09:39","date_gmt":"2025-03-17T09:09:39","guid":{"rendered":"https:\/\/product-guide.org\/produkt\/holztablett-holzmahlzeit-ts-hobby-2\/"},"modified":"2025-03-17T10:09:39","modified_gmt":"2025-03-17T09:09:39","slug":"holztablett-holzmahlzeit-ts-hobby-2","status":"publish","type":"product","link":"https:\/\/product-guide.org\/en\/produkt\/holztablett-holzmahlzeit-ts-hobby-2\/","title":{"rendered":"Holztablett &#038; Holzmahlzeit | TS-Hobby"},"content":{"rendered":"<p>Allzu gern m\u00f6chten auch Kinder in der K\u00fcche beim Schnippeln helfen. Um ihnen diesen Spa\u00df mit Hilfe von Holzspielzeug zu erm\u00f6glichen, bietet sich das Spielset Holztablett &#038; Holzmahlzeit an. Hiermit k\u00f6nnen M\u00e4dchen und Jungen ihren Eltern und Geschwistern eine leckere Mahlzeit bereiten, aber auch ihren Spielkameraden im Kaufladen ihre Speisen anbieten. Egal ob Eltern sich ebenfalls im Kaufladen ihrer Kinder bedienen lassen oder ihnen mit ihrem Holzspielzeug in der K\u00fcche Platz einr\u00e4umen, Spa\u00df ist garantiert! W\u00e4hrend Tablett, Schneidebrett, Holzmesser und die drei Toastscheiben in naturbelassenem Holz gearbeitet sind, kommen die anderen Leckereien herrlich bunt daher: Besonders authentisch ist der Burger mit dunkelbraunem Fleisch zwischen zwei hellgelben Br\u00f6tchenh\u00e4lften, die obere nach innen hin dunkler und nat\u00fcrlich mi&#8230;<\/p>\n","protected":false},"excerpt":{"rendered":"<p>Allzu gern m\u00f6chten auch Kinder in der K\u00fcche beim Schnippeln helfen. Um ihnen diesen Spa\u00df mit Hilfe von Holzspielzeug zu erm\u00f6glichen, bietet sich das Spielset Holztablett &#038; Holzmahlzeit an. Hiermit k\u00f6nnen M\u00e4dchen und Jungen ihren Eltern und Geschwistern eine leckere Mahlzeit bereiten, aber auch ihren Spielkameraden im Kaufladen ihre Speisen anbieten. Egal ob Eltern sich [&hellip;]<\/p>\n","protected":false},"featured_media":46945,"template":"","meta":{"_gspb_post_css":""},"store":[],"product_brand":[1328],"product_cat":[1290],"product_tag":[],"class_list":{"0":"post-46947","1":"product","2":"type-product","3":"status-publish","4":"has-post-thumbnail","6":"product_brand-ts-hobby","7":"product_cat-uncategorized","9":"first","10":"instock","11":"shipping-taxable","12":"purchasable","13":"product-type-simple"},"yoast_head":"<!-- This site is optimized with the Yoast SEO plugin v24.6 - https:\/\/yoast.com\/wordpress\/plugins\/seo\/ -->\n<title>Holztablett &amp; Holzmahlzeit | TS-Hobby | Product-Guide.org<\/title>\n<meta name=\"description\" content=\"Holztablett &amp; Holzmahlzeit | TS-Hobby gefunden von Product-Guide.org\" \/>\n<meta name=\"robots\" content=\"index, follow, max-snippet:-1, max-image-preview:large, max-video-preview:-1\" \/>\n<link rel=\"canonical\" href=\"https:\/\/product-guide.org\/en\/produkt\/holztablett-holzmahlzeit-ts-hobby-2\/\" \/>\n<meta property=\"og:locale\" content=\"en_GB\" \/>\n<meta property=\"og:type\" content=\"article\" \/>\n<meta property=\"og:title\" content=\"Holztablett &amp; Holzmahlzeit | TS-Hobby | Product-Guide.org\" \/>\n<meta property=\"og:description\" content=\"Holztablett &amp; Holzmahlzeit | TS-Hobby gefunden von Product-Guide.org\" \/>\n<meta property=\"og:url\" content=\"https:\/\/product-guide.org\/en\/produkt\/holztablett-holzmahlzeit-ts-hobby-2\/\" \/>\n<meta property=\"og:site_name\" content=\"Product-Guide.org\" \/>\n<meta name=\"twitter:card\" content=\"summary_large_image\" \/>\n<script type=\"application\/ld+json\" class=\"yoast-schema-graph\">{\"@context\":\"https:\/\/schema.org\",\"@graph\":[{\"@type\":\"WebPage\",\"@id\":\"https:\/\/product-guide.org\/produkt\/holztablett-holzmahlzeit-ts-hobby-2\/\",\"url\":\"https:\/\/product-guide.org\/produkt\/holztablett-holzmahlzeit-ts-hobby-2\/\",\"name\":\"Holztablett & Holzmahlzeit | TS-Hobby | Product-Guide.org\",\"isPartOf\":{\"@id\":\"https:\/\/product-guide.org\/#website\"},\"primaryImageOfPage\":{\"@id\":\"https:\/\/product-guide.org\/produkt\/holztablett-holzmahlzeit-ts-hobby-2\/#primaryimage\"},\"image\":{\"@id\":\"https:\/\/product-guide.org\/produkt\/holztablett-holzmahlzeit-ts-hobby-2\/#primaryimage\"},\"thumbnailUrl\":\"https:\/\/product-guide.org\/wp-content\/uploads\/2025\/03\/SW1009_1280x1280.jpg\",\"datePublished\":\"2025-03-17T09:09:39+00:00\",\"description\":\"Holztablett & Holzmahlzeit | TS-Hobby gefunden von Product-Guide.org\",\"breadcrumb\":{\"@id\":\"https:\/\/product-guide.org\/produkt\/holztablett-holzmahlzeit-ts-hobby-2\/#breadcrumb\"},\"inLanguage\":\"en-GB\",\"potentialAction\":[{\"@type\":\"ReadAction\",\"target\":[\"https:\/\/product-guide.org\/produkt\/holztablett-holzmahlzeit-ts-hobby-2\/\"]}]},{\"@type\":\"ImageObject\",\"inLanguage\":\"en-GB\",\"@id\":\"https:\/\/product-guide.org\/produkt\/holztablett-holzmahlzeit-ts-hobby-2\/#primaryimage\",\"url\":\"https:\/\/product-guide.org\/wp-content\/uploads\/2025\/03\/SW1009_1280x1280.jpg\",\"contentUrl\":\"https:\/\/product-guide.org\/wp-content\/uploads\/2025\/03\/SW1009_1280x1280.jpg\",\"width\":1280,\"height\":1280},{\"@type\":\"BreadcrumbList\",\"@id\":\"https:\/\/product-guide.org\/produkt\/holztablett-holzmahlzeit-ts-hobby-2\/#breadcrumb\",\"itemListElement\":[{\"@type\":\"ListItem\",\"position\":1,\"name\":\"Home\",\"item\":\"https:\/\/product-guide.org\/\"},{\"@type\":\"ListItem\",\"position\":2,\"name\":\"Ergebnisse\",\"item\":\"https:\/\/product-guide.org\/de\/ergebnisse\/\"},{\"@type\":\"ListItem\",\"position\":3,\"name\":\"Holztablett &#038; Holzmahlzeit | TS-Hobby\"}]},{\"@type\":\"WebSite\",\"@id\":\"https:\/\/product-guide.org\/#website\",\"url\":\"https:\/\/product-guide.org\/\",\"name\":\"Product-Guide.org\",\"description\":\"What Product are you looking for?\",\"publisher\":{\"@id\":\"https:\/\/product-guide.org\/#organization\"},\"potentialAction\":[{\"@type\":\"SearchAction\",\"target\":{\"@type\":\"EntryPoint\",\"urlTemplate\":\"https:\/\/product-guide.org\/?s={search_term_string}\"},\"query-input\":{\"@type\":\"PropertyValueSpecification\",\"valueRequired\":true,\"valueName\":\"search_term_string\"}}],\"inLanguage\":\"en-GB\"},{\"@type\":\"Organization\",\"@id\":\"https:\/\/product-guide.org\/#organization\",\"name\":\"Product-Guide.org\",\"url\":\"https:\/\/product-guide.org\/\",\"logo\":{\"@type\":\"ImageObject\",\"inLanguage\":\"en-GB\",\"@id\":\"https:\/\/product-guide.org\/#\/schema\/logo\/image\/\",\"url\":\"https:\/\/product-guide.org\/wp-content\/uploads\/2022\/07\/logo_transparent_background.png\",\"contentUrl\":\"https:\/\/product-guide.org\/wp-content\/uploads\/2022\/07\/logo_transparent_background.png\",\"width\":3400,\"height\":1132,\"caption\":\"Product-Guide.org\"},\"image\":{\"@id\":\"https:\/\/product-guide.org\/#\/schema\/logo\/image\/\"}}]}<\/script>\n<!-- \/ Yoast SEO plugin. -->","yoast_head_json":{"title":"Holztablett & Holzmahlzeit | TS-Hobby | Product-Guide.org","description":"Holztablett & Holzmahlzeit | TS-Hobby gefunden von Product-Guide.org","robots":{"index":"index","follow":"follow","max-snippet":"max-snippet:-1","max-image-preview":"max-image-preview:large","max-video-preview":"max-video-preview:-1"},"canonical":"https:\/\/product-guide.org\/en\/produkt\/holztablett-holzmahlzeit-ts-hobby-2\/","og_locale":"en_GB","og_type":"article","og_title":"Holztablett & Holzmahlzeit | TS-Hobby | Product-Guide.org","og_description":"Holztablett & Holzmahlzeit | TS-Hobby gefunden von Product-Guide.org","og_url":"https:\/\/product-guide.org\/en\/produkt\/holztablett-holzmahlzeit-ts-hobby-2\/","og_site_name":"Product-Guide.org","twitter_card":"summary_large_image","schema":{"@context":"https:\/\/schema.org","@graph":[{"@type":"WebPage","@id":"https:\/\/product-guide.org\/produkt\/holztablett-holzmahlzeit-ts-hobby-2\/","url":"https:\/\/product-guide.org\/produkt\/holztablett-holzmahlzeit-ts-hobby-2\/","name":"Holztablett & Holzmahlzeit | TS-Hobby | Product-Guide.org","isPartOf":{"@id":"https:\/\/product-guide.org\/#website"},"primaryImageOfPage":{"@id":"https:\/\/product-guide.org\/produkt\/holztablett-holzmahlzeit-ts-hobby-2\/#primaryimage"},"image":{"@id":"https:\/\/product-guide.org\/produkt\/holztablett-holzmahlzeit-ts-hobby-2\/#primaryimage"},"thumbnailUrl":"https:\/\/product-guide.org\/wp-content\/uploads\/2025\/03\/SW1009_1280x1280.jpg","datePublished":"2025-03-17T09:09:39+00:00","description":"Holztablett & Holzmahlzeit | TS-Hobby gefunden von Product-Guide.org","breadcrumb":{"@id":"https:\/\/product-guide.org\/produkt\/holztablett-holzmahlzeit-ts-hobby-2\/#breadcrumb"},"inLanguage":"en-GB","potentialAction":[{"@type":"ReadAction","target":["https:\/\/product-guide.org\/produkt\/holztablett-holzmahlzeit-ts-hobby-2\/"]}]},{"@type":"ImageObject","inLanguage":"en-GB","@id":"https:\/\/product-guide.org\/produkt\/holztablett-holzmahlzeit-ts-hobby-2\/#primaryimage","url":"https:\/\/product-guide.org\/wp-content\/uploads\/2025\/03\/SW1009_1280x1280.jpg","contentUrl":"https:\/\/product-guide.org\/wp-content\/uploads\/2025\/03\/SW1009_1280x1280.jpg","width":1280,"height":1280},{"@type":"BreadcrumbList","@id":"https:\/\/product-guide.org\/produkt\/holztablett-holzmahlzeit-ts-hobby-2\/#breadcrumb","itemListElement":[{"@type":"ListItem","position":1,"name":"Home","item":"https:\/\/product-guide.org\/"},{"@type":"ListItem","position":2,"name":"Ergebnisse","item":"https:\/\/product-guide.org\/de\/ergebnisse\/"},{"@type":"ListItem","position":3,"name":"Holztablett &#038; Holzmahlzeit | TS-Hobby"}]},{"@type":"WebSite","@id":"https:\/\/product-guide.org\/#website","url":"https:\/\/product-guide.org\/","name":"Product-Guide.org","description":"What Product are you looking for?","publisher":{"@id":"https:\/\/product-guide.org\/#organization"},"potentialAction":[{"@type":"SearchAction","target":{"@type":"EntryPoint","urlTemplate":"https:\/\/product-guide.org\/?s={search_term_string}"},"query-input":{"@type":"PropertyValueSpecification","valueRequired":true,"valueName":"search_term_string"}}],"inLanguage":"en-GB"},{"@type":"Organization","@id":"https:\/\/product-guide.org\/#organization","name":"Product-Guide.org","url":"https:\/\/product-guide.org\/","logo":{"@type":"ImageObject","inLanguage":"en-GB","@id":"https:\/\/product-guide.org\/#\/schema\/logo\/image\/","url":"https:\/\/product-guide.org\/wp-content\/uploads\/2022\/07\/logo_transparent_background.png","contentUrl":"https:\/\/product-guide.org\/wp-content\/uploads\/2022\/07\/logo_transparent_background.png","width":3400,"height":1132,"caption":"Product-Guide.org"},"image":{"@id":"https:\/\/product-guide.org\/#\/schema\/logo\/image\/"}}]}},"_links":{"self":[{"href":"https:\/\/product-guide.org\/en\/wp-json\/wp\/v2\/product\/46947","targetHints":{"allow":["GET"]}}],"collection":[{"href":"https:\/\/product-guide.org\/en\/wp-json\/wp\/v2\/product"}],"about":[{"href":"https:\/\/product-guide.org\/en\/wp-json\/wp\/v2\/types\/product"}],"wp:featuredmedia":[{"embeddable":true,"href":"https:\/\/product-guide.org\/en\/wp-json\/wp\/v2\/media\/46945"}],"wp:attachment":[{"href":"https:\/\/product-guide.org\/en\/wp-json\/wp\/v2\/media?parent=46947"}],"wp:term":[{"taxonomy":"store","embeddable":true,"href":"https:\/\/product-guide.org\/en\/wp-json\/wp\/v2\/store?post=46947"},{"taxonomy":"product_brand","embeddable":true,"href":"https:\/\/product-guide.org\/en\/wp-json\/wp\/v2\/product_brand?post=46947"},{"taxonomy":"product_cat","embeddable":true,"href":"https:\/\/product-guide.org\/en\/wp-json\/wp\/v2\/product_cat?post=46947"},{"taxonomy":"product_tag","embeddable":true,"href":"https:\/\/product-guide.org\/en\/wp-json\/wp\/v2\/product_tag?post=46947"}],"curies":[{"name":"wp","href":"https:\/\/api.w.org\/{rel}","templated":true}]}}