{"id":46955,"date":"2025-03-17T10:09:43","date_gmt":"2025-03-17T09:09:43","guid":{"rendered":"https:\/\/product-guide.org\/produkt\/small-foot-mixer-set-tasty-ts-hobby-2\/"},"modified":"2025-03-17T10:09:43","modified_gmt":"2025-03-17T09:09:43","slug":"small-foot-mixer-set-tasty-ts-hobby-2","status":"publish","type":"product","link":"https:\/\/product-guide.org\/en\/produkt\/small-foot-mixer-set-tasty-ts-hobby-2\/","title":{"rendered":"small foot Mixer-Set tasty | TS-Hobby"},"content":{"rendered":"<p>Das Mixer-Set \u201etasty\u201c von small foot ist eine unentbehrliche Erg\u00e4nzung f\u00fcr jede Kinderk\u00fcche. In stilvollem hellrauchblau und edlem Wei\u00df gefertigt, bietet dieses kreative Spielzeug das perfekte Zubeh\u00f6r f\u00fcr kleine B\u00e4cker. Der Handmixer wird in die praktische Standmixerbasis eingeh\u00e4ngt und verwandelt sich im Handumdrehen in eine beeindruckende K\u00fcchenmaschine. Das Set umfasst eine Vielzahl von Zubeh\u00f6r, darunter eine Backmischungsbox, Stoffkekse, Butter, ein Ei, eine R\u00fchrsch\u00fcssel, eine Teigrolle, einen Teigschaber und ein Backblech, um das Koch- und Backvergn\u00fcgen zu maximieren. Der echte Schneebesen kann zudem am Griff gedreht werden, was f\u00fcr ein realistisches Spielerlebnis sorgt. Die kindgerechte Backanleitung in grafischer Form macht das Nachspielen von Backabl\u00e4ufen besonders einfach und lehrreich. Re&#8230;<\/p>\n","protected":false},"excerpt":{"rendered":"<p>Das Mixer-Set \u201etasty\u201c von small foot ist eine unentbehrliche Erg\u00e4nzung f\u00fcr jede Kinderk\u00fcche. In stilvollem hellrauchblau und edlem Wei\u00df gefertigt, bietet dieses kreative Spielzeug das perfekte Zubeh\u00f6r f\u00fcr kleine B\u00e4cker. Der Handmixer wird in die praktische Standmixerbasis eingeh\u00e4ngt und verwandelt sich im Handumdrehen in eine beeindruckende K\u00fcchenmaschine. Das Set umfasst eine Vielzahl von Zubeh\u00f6r, darunter [&hellip;]<\/p>\n","protected":false},"featured_media":46953,"template":"","meta":{"_gspb_post_css":""},"store":[],"product_brand":[1328],"product_cat":[1290],"product_tag":[],"class_list":{"0":"post-46955","1":"product","2":"type-product","3":"status-publish","4":"has-post-thumbnail","6":"product_brand-ts-hobby","7":"product_cat-uncategorized","9":"first","10":"instock","11":"shipping-taxable","12":"purchasable","13":"product-type-simple"},"yoast_head":"<!-- This site is optimized with the Yoast SEO plugin v24.6 - https:\/\/yoast.com\/wordpress\/plugins\/seo\/ -->\n<title>small foot Mixer-Set tasty | TS-Hobby | Product-Guide.org<\/title>\n<meta name=\"description\" content=\"small foot Mixer-Set tasty | TS-Hobby gefunden von Product-Guide.org\" \/>\n<meta name=\"robots\" content=\"index, follow, max-snippet:-1, max-image-preview:large, max-video-preview:-1\" \/>\n<link rel=\"canonical\" href=\"https:\/\/product-guide.org\/en\/produkt\/small-foot-mixer-set-tasty-ts-hobby-2\/\" \/>\n<meta property=\"og:locale\" content=\"en_GB\" \/>\n<meta property=\"og:type\" content=\"article\" \/>\n<meta property=\"og:title\" content=\"small foot Mixer-Set tasty | TS-Hobby | Product-Guide.org\" \/>\n<meta property=\"og:description\" content=\"small foot Mixer-Set tasty | TS-Hobby gefunden von Product-Guide.org\" \/>\n<meta property=\"og:url\" content=\"https:\/\/product-guide.org\/en\/produkt\/small-foot-mixer-set-tasty-ts-hobby-2\/\" \/>\n<meta property=\"og:site_name\" content=\"Product-Guide.org\" \/>\n<meta name=\"twitter:card\" content=\"summary_large_image\" \/>\n<script type=\"application\/ld+json\" class=\"yoast-schema-graph\">{\"@context\":\"https:\/\/schema.org\",\"@graph\":[{\"@type\":\"WebPage\",\"@id\":\"https:\/\/product-guide.org\/produkt\/small-foot-mixer-set-tasty-ts-hobby-2\/\",\"url\":\"https:\/\/product-guide.org\/produkt\/small-foot-mixer-set-tasty-ts-hobby-2\/\",\"name\":\"small foot Mixer-Set tasty | TS-Hobby | Product-Guide.org\",\"isPartOf\":{\"@id\":\"https:\/\/product-guide.org\/#website\"},\"primaryImageOfPage\":{\"@id\":\"https:\/\/product-guide.org\/produkt\/small-foot-mixer-set-tasty-ts-hobby-2\/#primaryimage\"},\"image\":{\"@id\":\"https:\/\/product-guide.org\/produkt\/small-foot-mixer-set-tasty-ts-hobby-2\/#primaryimage\"},\"thumbnailUrl\":\"https:\/\/product-guide.org\/wp-content\/uploads\/2025\/03\/12248_legler_small_foot_Mixer_Set_Tasty_i_20211011-jpg_1280x1280.jpg\",\"datePublished\":\"2025-03-17T09:09:43+00:00\",\"description\":\"small foot Mixer-Set tasty | TS-Hobby gefunden von Product-Guide.org\",\"breadcrumb\":{\"@id\":\"https:\/\/product-guide.org\/produkt\/small-foot-mixer-set-tasty-ts-hobby-2\/#breadcrumb\"},\"inLanguage\":\"en-GB\",\"potentialAction\":[{\"@type\":\"ReadAction\",\"target\":[\"https:\/\/product-guide.org\/produkt\/small-foot-mixer-set-tasty-ts-hobby-2\/\"]}]},{\"@type\":\"ImageObject\",\"inLanguage\":\"en-GB\",\"@id\":\"https:\/\/product-guide.org\/produkt\/small-foot-mixer-set-tasty-ts-hobby-2\/#primaryimage\",\"url\":\"https:\/\/product-guide.org\/wp-content\/uploads\/2025\/03\/12248_legler_small_foot_Mixer_Set_Tasty_i_20211011-jpg_1280x1280.jpg\",\"contentUrl\":\"https:\/\/product-guide.org\/wp-content\/uploads\/2025\/03\/12248_legler_small_foot_Mixer_Set_Tasty_i_20211011-jpg_1280x1280.jpg\",\"width\":1280,\"height\":1280},{\"@type\":\"BreadcrumbList\",\"@id\":\"https:\/\/product-guide.org\/produkt\/small-foot-mixer-set-tasty-ts-hobby-2\/#breadcrumb\",\"itemListElement\":[{\"@type\":\"ListItem\",\"position\":1,\"name\":\"Home\",\"item\":\"https:\/\/product-guide.org\/\"},{\"@type\":\"ListItem\",\"position\":2,\"name\":\"Ergebnisse\",\"item\":\"https:\/\/product-guide.org\/de\/ergebnisse\/\"},{\"@type\":\"ListItem\",\"position\":3,\"name\":\"small foot Mixer-Set tasty | TS-Hobby\"}]},{\"@type\":\"WebSite\",\"@id\":\"https:\/\/product-guide.org\/#website\",\"url\":\"https:\/\/product-guide.org\/\",\"name\":\"Product-Guide.org\",\"description\":\"What Product are you looking for?\",\"publisher\":{\"@id\":\"https:\/\/product-guide.org\/#organization\"},\"potentialAction\":[{\"@type\":\"SearchAction\",\"target\":{\"@type\":\"EntryPoint\",\"urlTemplate\":\"https:\/\/product-guide.org\/?s={search_term_string}\"},\"query-input\":{\"@type\":\"PropertyValueSpecification\",\"valueRequired\":true,\"valueName\":\"search_term_string\"}}],\"inLanguage\":\"en-GB\"},{\"@type\":\"Organization\",\"@id\":\"https:\/\/product-guide.org\/#organization\",\"name\":\"Product-Guide.org\",\"url\":\"https:\/\/product-guide.org\/\",\"logo\":{\"@type\":\"ImageObject\",\"inLanguage\":\"en-GB\",\"@id\":\"https:\/\/product-guide.org\/#\/schema\/logo\/image\/\",\"url\":\"https:\/\/product-guide.org\/wp-content\/uploads\/2022\/07\/logo_transparent_background.png\",\"contentUrl\":\"https:\/\/product-guide.org\/wp-content\/uploads\/2022\/07\/logo_transparent_background.png\",\"width\":3400,\"height\":1132,\"caption\":\"Product-Guide.org\"},\"image\":{\"@id\":\"https:\/\/product-guide.org\/#\/schema\/logo\/image\/\"}}]}<\/script>\n<!-- \/ Yoast SEO plugin. -->","yoast_head_json":{"title":"small foot Mixer-Set tasty | TS-Hobby | Product-Guide.org","description":"small foot Mixer-Set tasty | TS-Hobby gefunden von Product-Guide.org","robots":{"index":"index","follow":"follow","max-snippet":"max-snippet:-1","max-image-preview":"max-image-preview:large","max-video-preview":"max-video-preview:-1"},"canonical":"https:\/\/product-guide.org\/en\/produkt\/small-foot-mixer-set-tasty-ts-hobby-2\/","og_locale":"en_GB","og_type":"article","og_title":"small foot Mixer-Set tasty | TS-Hobby | Product-Guide.org","og_description":"small foot Mixer-Set tasty | TS-Hobby gefunden von Product-Guide.org","og_url":"https:\/\/product-guide.org\/en\/produkt\/small-foot-mixer-set-tasty-ts-hobby-2\/","og_site_name":"Product-Guide.org","twitter_card":"summary_large_image","schema":{"@context":"https:\/\/schema.org","@graph":[{"@type":"WebPage","@id":"https:\/\/product-guide.org\/produkt\/small-foot-mixer-set-tasty-ts-hobby-2\/","url":"https:\/\/product-guide.org\/produkt\/small-foot-mixer-set-tasty-ts-hobby-2\/","name":"small foot Mixer-Set tasty | TS-Hobby | Product-Guide.org","isPartOf":{"@id":"https:\/\/product-guide.org\/#website"},"primaryImageOfPage":{"@id":"https:\/\/product-guide.org\/produkt\/small-foot-mixer-set-tasty-ts-hobby-2\/#primaryimage"},"image":{"@id":"https:\/\/product-guide.org\/produkt\/small-foot-mixer-set-tasty-ts-hobby-2\/#primaryimage"},"thumbnailUrl":"https:\/\/product-guide.org\/wp-content\/uploads\/2025\/03\/12248_legler_small_foot_Mixer_Set_Tasty_i_20211011-jpg_1280x1280.jpg","datePublished":"2025-03-17T09:09:43+00:00","description":"small foot Mixer-Set tasty | TS-Hobby gefunden von Product-Guide.org","breadcrumb":{"@id":"https:\/\/product-guide.org\/produkt\/small-foot-mixer-set-tasty-ts-hobby-2\/#breadcrumb"},"inLanguage":"en-GB","potentialAction":[{"@type":"ReadAction","target":["https:\/\/product-guide.org\/produkt\/small-foot-mixer-set-tasty-ts-hobby-2\/"]}]},{"@type":"ImageObject","inLanguage":"en-GB","@id":"https:\/\/product-guide.org\/produkt\/small-foot-mixer-set-tasty-ts-hobby-2\/#primaryimage","url":"https:\/\/product-guide.org\/wp-content\/uploads\/2025\/03\/12248_legler_small_foot_Mixer_Set_Tasty_i_20211011-jpg_1280x1280.jpg","contentUrl":"https:\/\/product-guide.org\/wp-content\/uploads\/2025\/03\/12248_legler_small_foot_Mixer_Set_Tasty_i_20211011-jpg_1280x1280.jpg","width":1280,"height":1280},{"@type":"BreadcrumbList","@id":"https:\/\/product-guide.org\/produkt\/small-foot-mixer-set-tasty-ts-hobby-2\/#breadcrumb","itemListElement":[{"@type":"ListItem","position":1,"name":"Home","item":"https:\/\/product-guide.org\/"},{"@type":"ListItem","position":2,"name":"Ergebnisse","item":"https:\/\/product-guide.org\/de\/ergebnisse\/"},{"@type":"ListItem","position":3,"name":"small foot Mixer-Set tasty | TS-Hobby"}]},{"@type":"WebSite","@id":"https:\/\/product-guide.org\/#website","url":"https:\/\/product-guide.org\/","name":"Product-Guide.org","description":"What Product are you looking for?","publisher":{"@id":"https:\/\/product-guide.org\/#organization"},"potentialAction":[{"@type":"SearchAction","target":{"@type":"EntryPoint","urlTemplate":"https:\/\/product-guide.org\/?s={search_term_string}"},"query-input":{"@type":"PropertyValueSpecification","valueRequired":true,"valueName":"search_term_string"}}],"inLanguage":"en-GB"},{"@type":"Organization","@id":"https:\/\/product-guide.org\/#organization","name":"Product-Guide.org","url":"https:\/\/product-guide.org\/","logo":{"@type":"ImageObject","inLanguage":"en-GB","@id":"https:\/\/product-guide.org\/#\/schema\/logo\/image\/","url":"https:\/\/product-guide.org\/wp-content\/uploads\/2022\/07\/logo_transparent_background.png","contentUrl":"https:\/\/product-guide.org\/wp-content\/uploads\/2022\/07\/logo_transparent_background.png","width":3400,"height":1132,"caption":"Product-Guide.org"},"image":{"@id":"https:\/\/product-guide.org\/#\/schema\/logo\/image\/"}}]}},"_links":{"self":[{"href":"https:\/\/product-guide.org\/en\/wp-json\/wp\/v2\/product\/46955","targetHints":{"allow":["GET"]}}],"collection":[{"href":"https:\/\/product-guide.org\/en\/wp-json\/wp\/v2\/product"}],"about":[{"href":"https:\/\/product-guide.org\/en\/wp-json\/wp\/v2\/types\/product"}],"wp:featuredmedia":[{"embeddable":true,"href":"https:\/\/product-guide.org\/en\/wp-json\/wp\/v2\/media\/46953"}],"wp:attachment":[{"href":"https:\/\/product-guide.org\/en\/wp-json\/wp\/v2\/media?parent=46955"}],"wp:term":[{"taxonomy":"store","embeddable":true,"href":"https:\/\/product-guide.org\/en\/wp-json\/wp\/v2\/store?post=46955"},{"taxonomy":"product_brand","embeddable":true,"href":"https:\/\/product-guide.org\/en\/wp-json\/wp\/v2\/product_brand?post=46955"},{"taxonomy":"product_cat","embeddable":true,"href":"https:\/\/product-guide.org\/en\/wp-json\/wp\/v2\/product_cat?post=46955"},{"taxonomy":"product_tag","embeddable":true,"href":"https:\/\/product-guide.org\/en\/wp-json\/wp\/v2\/product_tag?post=46955"}],"curies":[{"name":"wp","href":"https:\/\/api.w.org\/{rel}","templated":true}]}}