{"id":46966,"date":"2025-03-17T10:09:50","date_gmt":"2025-03-17T09:09:50","guid":{"rendered":"https:\/\/product-guide.org\/produkt\/small-foot-fadelperlen-in-holzbox-ts-hobby\/"},"modified":"2025-03-17T10:09:50","modified_gmt":"2025-03-17T09:09:50","slug":"small-foot-fadelperlen-in-holzbox-ts-hobby","status":"publish","type":"product","link":"https:\/\/product-guide.org\/en\/produkt\/small-foot-fadelperlen-in-holzbox-ts-hobby\/","title":{"rendered":"small foot F\u00e4delperlen in Holzbox | TS-Hobby"},"content":{"rendered":"<p>Die F\u00e4delperlen in der Holzbox von small foot erm\u00f6glichen kreatives Gestalten und Spielen f\u00fcr Kinder ab 3 Jahren. Diese bunte Sammlung umfasst etwa 157 Holzperlen, 6 F\u00e4delb\u00e4nder und 3 liebevoll gestaltete Anh\u00e4nger, die in einer praktischen Box pr\u00e4sentiert werden. Durch die Auswahl verschiedener Farben und Formen f\u00f6rdern die Perlen nicht nur die Kreativit\u00e4t, sondern auch die motorischen F\u00e4higkeiten und die Konzentration der kleinen K\u00fcnstler. Die transparente Schiebedeckel der Box sorgt daf\u00fcr, dass alle Teile sicher aufbewahrt werden und gleichzeitig einen sch\u00f6nen Blick auf die vielen verschiedenen F\u00e4delperlen erm\u00f6glicht. Enth\u00e4lt ca. 157 F\u00e4delperlen aus Holz Inklusive 6 F\u00e4delb\u00e4ndern und 3 Anh\u00e4ngern F\u00f6rdert Kreativit\u00e4t, Motorik und Konzentration ACHTUNG! Nicht f\u00fcr Kinder unt&#8230;<\/p>\n","protected":false},"excerpt":{"rendered":"<p>Die F\u00e4delperlen in der Holzbox von small foot erm\u00f6glichen kreatives Gestalten und Spielen f\u00fcr Kinder ab 3 Jahren. Diese bunte Sammlung umfasst etwa 157 Holzperlen, 6 F\u00e4delb\u00e4nder und 3 liebevoll gestaltete Anh\u00e4nger, die in einer praktischen Box pr\u00e4sentiert werden. Durch die Auswahl verschiedener Farben und Formen f\u00f6rdern die Perlen nicht nur die Kreativit\u00e4t, sondern auch [&hellip;]<\/p>\n","protected":false},"featured_media":46965,"template":"","meta":{"_gspb_post_css":""},"store":[],"product_brand":[1328],"product_cat":[1290],"product_tag":[],"class_list":{"0":"post-46966","1":"product","2":"type-product","3":"status-publish","4":"has-post-thumbnail","6":"product_brand-ts-hobby","7":"product_cat-uncategorized","9":"first","10":"instock","11":"shipping-taxable","12":"purchasable","13":"product-type-simple"},"yoast_head":"<!-- This site is optimized with the Yoast SEO plugin v24.6 - https:\/\/yoast.com\/wordpress\/plugins\/seo\/ -->\n<title>small foot F\u00e4delperlen in Holzbox | TS-Hobby | Product-Guide.org<\/title>\n<meta name=\"description\" content=\"small foot F\u00e4delperlen in Holzbox | TS-Hobby gefunden von Product-Guide.org\" \/>\n<meta name=\"robots\" content=\"index, follow, max-snippet:-1, max-image-preview:large, max-video-preview:-1\" \/>\n<link rel=\"canonical\" href=\"https:\/\/product-guide.org\/en\/produkt\/small-foot-fadelperlen-in-holzbox-ts-hobby\/\" \/>\n<meta property=\"og:locale\" content=\"en_GB\" \/>\n<meta property=\"og:type\" content=\"article\" \/>\n<meta property=\"og:title\" content=\"small foot F\u00e4delperlen in Holzbox | TS-Hobby | Product-Guide.org\" \/>\n<meta property=\"og:description\" content=\"small foot F\u00e4delperlen in Holzbox | TS-Hobby gefunden von Product-Guide.org\" \/>\n<meta property=\"og:url\" content=\"https:\/\/product-guide.org\/en\/produkt\/small-foot-fadelperlen-in-holzbox-ts-hobby\/\" \/>\n<meta property=\"og:site_name\" content=\"Product-Guide.org\" \/>\n<meta name=\"twitter:card\" content=\"summary_large_image\" \/>\n<script type=\"application\/ld+json\" class=\"yoast-schema-graph\">{\"@context\":\"https:\/\/schema.org\",\"@graph\":[{\"@type\":\"WebPage\",\"@id\":\"https:\/\/product-guide.org\/produkt\/small-foot-fadelperlen-in-holzbox-ts-hobby\/\",\"url\":\"https:\/\/product-guide.org\/produkt\/small-foot-fadelperlen-in-holzbox-ts-hobby\/\",\"name\":\"small foot F\u00e4delperlen in Holzbox | TS-Hobby | Product-Guide.org\",\"isPartOf\":{\"@id\":\"https:\/\/product-guide.org\/#website\"},\"primaryImageOfPage\":{\"@id\":\"https:\/\/product-guide.org\/produkt\/small-foot-fadelperlen-in-holzbox-ts-hobby\/#primaryimage\"},\"image\":{\"@id\":\"https:\/\/product-guide.org\/produkt\/small-foot-fadelperlen-in-holzbox-ts-hobby\/#primaryimage\"},\"thumbnailUrl\":\"https:\/\/product-guide.org\/wp-content\/uploads\/2025\/03\/2465_faedelbox_vivien-b-jpg_1280x1280.jpg\",\"datePublished\":\"2025-03-17T09:09:50+00:00\",\"description\":\"small foot F\u00e4delperlen in Holzbox | TS-Hobby gefunden von Product-Guide.org\",\"breadcrumb\":{\"@id\":\"https:\/\/product-guide.org\/produkt\/small-foot-fadelperlen-in-holzbox-ts-hobby\/#breadcrumb\"},\"inLanguage\":\"en-GB\",\"potentialAction\":[{\"@type\":\"ReadAction\",\"target\":[\"https:\/\/product-guide.org\/produkt\/small-foot-fadelperlen-in-holzbox-ts-hobby\/\"]}]},{\"@type\":\"ImageObject\",\"inLanguage\":\"en-GB\",\"@id\":\"https:\/\/product-guide.org\/produkt\/small-foot-fadelperlen-in-holzbox-ts-hobby\/#primaryimage\",\"url\":\"https:\/\/product-guide.org\/wp-content\/uploads\/2025\/03\/2465_faedelbox_vivien-b-jpg_1280x1280.jpg\",\"contentUrl\":\"https:\/\/product-guide.org\/wp-content\/uploads\/2025\/03\/2465_faedelbox_vivien-b-jpg_1280x1280.jpg\",\"width\":1280,\"height\":1280},{\"@type\":\"BreadcrumbList\",\"@id\":\"https:\/\/product-guide.org\/produkt\/small-foot-fadelperlen-in-holzbox-ts-hobby\/#breadcrumb\",\"itemListElement\":[{\"@type\":\"ListItem\",\"position\":1,\"name\":\"Home\",\"item\":\"https:\/\/product-guide.org\/\"},{\"@type\":\"ListItem\",\"position\":2,\"name\":\"Ergebnisse\",\"item\":\"https:\/\/product-guide.org\/de\/ergebnisse\/\"},{\"@type\":\"ListItem\",\"position\":3,\"name\":\"small foot F\u00e4delperlen in Holzbox | TS-Hobby\"}]},{\"@type\":\"WebSite\",\"@id\":\"https:\/\/product-guide.org\/#website\",\"url\":\"https:\/\/product-guide.org\/\",\"name\":\"Product-Guide.org\",\"description\":\"What Product are you looking for?\",\"publisher\":{\"@id\":\"https:\/\/product-guide.org\/#organization\"},\"potentialAction\":[{\"@type\":\"SearchAction\",\"target\":{\"@type\":\"EntryPoint\",\"urlTemplate\":\"https:\/\/product-guide.org\/?s={search_term_string}\"},\"query-input\":{\"@type\":\"PropertyValueSpecification\",\"valueRequired\":true,\"valueName\":\"search_term_string\"}}],\"inLanguage\":\"en-GB\"},{\"@type\":\"Organization\",\"@id\":\"https:\/\/product-guide.org\/#organization\",\"name\":\"Product-Guide.org\",\"url\":\"https:\/\/product-guide.org\/\",\"logo\":{\"@type\":\"ImageObject\",\"inLanguage\":\"en-GB\",\"@id\":\"https:\/\/product-guide.org\/#\/schema\/logo\/image\/\",\"url\":\"https:\/\/product-guide.org\/wp-content\/uploads\/2022\/07\/logo_transparent_background.png\",\"contentUrl\":\"https:\/\/product-guide.org\/wp-content\/uploads\/2022\/07\/logo_transparent_background.png\",\"width\":3400,\"height\":1132,\"caption\":\"Product-Guide.org\"},\"image\":{\"@id\":\"https:\/\/product-guide.org\/#\/schema\/logo\/image\/\"}}]}<\/script>\n<!-- \/ Yoast SEO plugin. -->","yoast_head_json":{"title":"small foot F\u00e4delperlen in Holzbox | TS-Hobby | Product-Guide.org","description":"small foot F\u00e4delperlen in Holzbox | TS-Hobby gefunden von Product-Guide.org","robots":{"index":"index","follow":"follow","max-snippet":"max-snippet:-1","max-image-preview":"max-image-preview:large","max-video-preview":"max-video-preview:-1"},"canonical":"https:\/\/product-guide.org\/en\/produkt\/small-foot-fadelperlen-in-holzbox-ts-hobby\/","og_locale":"en_GB","og_type":"article","og_title":"small foot F\u00e4delperlen in Holzbox | TS-Hobby | Product-Guide.org","og_description":"small foot F\u00e4delperlen in Holzbox | TS-Hobby gefunden von Product-Guide.org","og_url":"https:\/\/product-guide.org\/en\/produkt\/small-foot-fadelperlen-in-holzbox-ts-hobby\/","og_site_name":"Product-Guide.org","twitter_card":"summary_large_image","schema":{"@context":"https:\/\/schema.org","@graph":[{"@type":"WebPage","@id":"https:\/\/product-guide.org\/produkt\/small-foot-fadelperlen-in-holzbox-ts-hobby\/","url":"https:\/\/product-guide.org\/produkt\/small-foot-fadelperlen-in-holzbox-ts-hobby\/","name":"small foot F\u00e4delperlen in Holzbox | TS-Hobby | Product-Guide.org","isPartOf":{"@id":"https:\/\/product-guide.org\/#website"},"primaryImageOfPage":{"@id":"https:\/\/product-guide.org\/produkt\/small-foot-fadelperlen-in-holzbox-ts-hobby\/#primaryimage"},"image":{"@id":"https:\/\/product-guide.org\/produkt\/small-foot-fadelperlen-in-holzbox-ts-hobby\/#primaryimage"},"thumbnailUrl":"https:\/\/product-guide.org\/wp-content\/uploads\/2025\/03\/2465_faedelbox_vivien-b-jpg_1280x1280.jpg","datePublished":"2025-03-17T09:09:50+00:00","description":"small foot F\u00e4delperlen in Holzbox | TS-Hobby gefunden von Product-Guide.org","breadcrumb":{"@id":"https:\/\/product-guide.org\/produkt\/small-foot-fadelperlen-in-holzbox-ts-hobby\/#breadcrumb"},"inLanguage":"en-GB","potentialAction":[{"@type":"ReadAction","target":["https:\/\/product-guide.org\/produkt\/small-foot-fadelperlen-in-holzbox-ts-hobby\/"]}]},{"@type":"ImageObject","inLanguage":"en-GB","@id":"https:\/\/product-guide.org\/produkt\/small-foot-fadelperlen-in-holzbox-ts-hobby\/#primaryimage","url":"https:\/\/product-guide.org\/wp-content\/uploads\/2025\/03\/2465_faedelbox_vivien-b-jpg_1280x1280.jpg","contentUrl":"https:\/\/product-guide.org\/wp-content\/uploads\/2025\/03\/2465_faedelbox_vivien-b-jpg_1280x1280.jpg","width":1280,"height":1280},{"@type":"BreadcrumbList","@id":"https:\/\/product-guide.org\/produkt\/small-foot-fadelperlen-in-holzbox-ts-hobby\/#breadcrumb","itemListElement":[{"@type":"ListItem","position":1,"name":"Home","item":"https:\/\/product-guide.org\/"},{"@type":"ListItem","position":2,"name":"Ergebnisse","item":"https:\/\/product-guide.org\/de\/ergebnisse\/"},{"@type":"ListItem","position":3,"name":"small foot F\u00e4delperlen in Holzbox | TS-Hobby"}]},{"@type":"WebSite","@id":"https:\/\/product-guide.org\/#website","url":"https:\/\/product-guide.org\/","name":"Product-Guide.org","description":"What Product are you looking for?","publisher":{"@id":"https:\/\/product-guide.org\/#organization"},"potentialAction":[{"@type":"SearchAction","target":{"@type":"EntryPoint","urlTemplate":"https:\/\/product-guide.org\/?s={search_term_string}"},"query-input":{"@type":"PropertyValueSpecification","valueRequired":true,"valueName":"search_term_string"}}],"inLanguage":"en-GB"},{"@type":"Organization","@id":"https:\/\/product-guide.org\/#organization","name":"Product-Guide.org","url":"https:\/\/product-guide.org\/","logo":{"@type":"ImageObject","inLanguage":"en-GB","@id":"https:\/\/product-guide.org\/#\/schema\/logo\/image\/","url":"https:\/\/product-guide.org\/wp-content\/uploads\/2022\/07\/logo_transparent_background.png","contentUrl":"https:\/\/product-guide.org\/wp-content\/uploads\/2022\/07\/logo_transparent_background.png","width":3400,"height":1132,"caption":"Product-Guide.org"},"image":{"@id":"https:\/\/product-guide.org\/#\/schema\/logo\/image\/"}}]}},"_links":{"self":[{"href":"https:\/\/product-guide.org\/en\/wp-json\/wp\/v2\/product\/46966","targetHints":{"allow":["GET"]}}],"collection":[{"href":"https:\/\/product-guide.org\/en\/wp-json\/wp\/v2\/product"}],"about":[{"href":"https:\/\/product-guide.org\/en\/wp-json\/wp\/v2\/types\/product"}],"wp:featuredmedia":[{"embeddable":true,"href":"https:\/\/product-guide.org\/en\/wp-json\/wp\/v2\/media\/46965"}],"wp:attachment":[{"href":"https:\/\/product-guide.org\/en\/wp-json\/wp\/v2\/media?parent=46966"}],"wp:term":[{"taxonomy":"store","embeddable":true,"href":"https:\/\/product-guide.org\/en\/wp-json\/wp\/v2\/store?post=46966"},{"taxonomy":"product_brand","embeddable":true,"href":"https:\/\/product-guide.org\/en\/wp-json\/wp\/v2\/product_brand?post=46966"},{"taxonomy":"product_cat","embeddable":true,"href":"https:\/\/product-guide.org\/en\/wp-json\/wp\/v2\/product_cat?post=46966"},{"taxonomy":"product_tag","embeddable":true,"href":"https:\/\/product-guide.org\/en\/wp-json\/wp\/v2\/product_tag?post=46966"}],"curies":[{"name":"wp","href":"https:\/\/api.w.org\/{rel}","templated":true}]}}