{"id":46980,"date":"2025-03-17T10:09:56","date_gmt":"2025-03-17T09:09:56","guid":{"rendered":"https:\/\/product-guide.org\/produkt\/spielmaus-holz-anzieh-bar-schatulle-ts-hobby-3\/"},"modified":"2025-03-17T10:09:56","modified_gmt":"2025-03-17T09:09:56","slug":"spielmaus-holz-anzieh-bar-schatulle-ts-hobby-3","status":"publish","type":"product","link":"https:\/\/product-guide.org\/en\/produkt\/spielmaus-holz-anzieh-bar-schatulle-ts-hobby-3\/","title":{"rendered":"SpielMaus Holz Anzieh-B\u00e4r Schatulle | TS-Hobby"},"content":{"rendered":"<p>Mann und Frau, Papa und Mama k\u00f6nnen gar nicht fr\u00fch genug anfangen, ihre Spr\u00f6sslinge auf spielerische Art und Weise das Lernen und die Welt n\u00e4her zu bringen. Holzpuzzle &#8220;Anzieh-B\u00e4r&#8221; ist hierf\u00fcr genau der richtige Einstieg. Denn hier werden die ganz kleinen Grabschefinger von +18m ganz besonders trainiert. Das Holzspielzeug der Anziehb\u00e4ren l\u00e4sst die Kleinen auf spielerische Art und Weise ihren Tastsinn erfahren. Sie lernen Formen und Zugeh\u00f6rigkeiten kennen. Das Holzpuzzle ist ein klassisches Legespiel, dass f\u00fcr Kinder ab einem Alter von 18 Monaten ideal ist, um sich selbst und die Welt der Formen und Farben kennenzulernen. Es bringt unglaubliche Freude und zaubert nicht nur ein L\u00e4cheln auf das Gesicht der Kleinen, sondern auch eins in die Herzen der stolzen Eltern. Das Holz zur Herstellung des Legespiels kommt aus \u00f6ko&#8230;<\/p>\n","protected":false},"excerpt":{"rendered":"<p>Mann und Frau, Papa und Mama k\u00f6nnen gar nicht fr\u00fch genug anfangen, ihre Spr\u00f6sslinge auf spielerische Art und Weise das Lernen und die Welt n\u00e4her zu bringen. Holzpuzzle &#8220;Anzieh-B\u00e4r&#8221; ist hierf\u00fcr genau der richtige Einstieg. Denn hier werden die ganz kleinen Grabschefinger von +18m ganz besonders trainiert. Das Holzspielzeug der Anziehb\u00e4ren l\u00e4sst die Kleinen auf [&hellip;]<\/p>\n","protected":false},"featured_media":46977,"template":"","meta":{"_gspb_post_css":""},"store":[],"product_brand":[1328],"product_cat":[1290],"product_tag":[],"class_list":{"0":"post-46980","1":"product","2":"type-product","3":"status-publish","4":"has-post-thumbnail","6":"product_brand-ts-hobby","7":"product_cat-uncategorized","9":"first","10":"instock","11":"shipping-taxable","12":"purchasable","13":"product-type-simple"},"yoast_head":"<!-- This site is optimized with the Yoast SEO plugin v24.6 - https:\/\/yoast.com\/wordpress\/plugins\/seo\/ -->\n<title>SpielMaus Holz Anzieh-B\u00e4r Schatulle | TS-Hobby | Product-Guide.org<\/title>\n<meta name=\"description\" content=\"SpielMaus Holz Anzieh-B\u00e4r Schatulle | TS-Hobby gefunden von Product-Guide.org\" \/>\n<meta name=\"robots\" content=\"index, follow, max-snippet:-1, max-image-preview:large, max-video-preview:-1\" \/>\n<link rel=\"canonical\" href=\"https:\/\/product-guide.org\/en\/produkt\/spielmaus-holz-anzieh-bar-schatulle-ts-hobby-3\/\" \/>\n<meta property=\"og:locale\" content=\"en_GB\" \/>\n<meta property=\"og:type\" content=\"article\" \/>\n<meta property=\"og:title\" content=\"SpielMaus Holz Anzieh-B\u00e4r Schatulle | TS-Hobby | Product-Guide.org\" \/>\n<meta property=\"og:description\" content=\"SpielMaus Holz Anzieh-B\u00e4r Schatulle | TS-Hobby gefunden von Product-Guide.org\" \/>\n<meta property=\"og:url\" content=\"https:\/\/product-guide.org\/en\/produkt\/spielmaus-holz-anzieh-bar-schatulle-ts-hobby-3\/\" \/>\n<meta property=\"og:site_name\" content=\"Product-Guide.org\" \/>\n<meta name=\"twitter:card\" content=\"summary_large_image\" \/>\n<script type=\"application\/ld+json\" class=\"yoast-schema-graph\">{\"@context\":\"https:\/\/schema.org\",\"@graph\":[{\"@type\":\"WebPage\",\"@id\":\"https:\/\/product-guide.org\/produkt\/spielmaus-holz-anzieh-bar-schatulle-ts-hobby-3\/\",\"url\":\"https:\/\/product-guide.org\/produkt\/spielmaus-holz-anzieh-bar-schatulle-ts-hobby-3\/\",\"name\":\"SpielMaus Holz Anzieh-B\u00e4r Schatulle | TS-Hobby | Product-Guide.org\",\"isPartOf\":{\"@id\":\"https:\/\/product-guide.org\/#website\"},\"primaryImageOfPage\":{\"@id\":\"https:\/\/product-guide.org\/produkt\/spielmaus-holz-anzieh-bar-schatulle-ts-hobby-3\/#primaryimage\"},\"image\":{\"@id\":\"https:\/\/product-guide.org\/produkt\/spielmaus-holz-anzieh-bar-schatulle-ts-hobby-3\/#primaryimage\"},\"thumbnailUrl\":\"https:\/\/product-guide.org\/wp-content\/uploads\/2025\/03\/SW1055_1280x1280.jpg\",\"datePublished\":\"2025-03-17T09:09:56+00:00\",\"description\":\"SpielMaus Holz Anzieh-B\u00e4r Schatulle | TS-Hobby gefunden von Product-Guide.org\",\"breadcrumb\":{\"@id\":\"https:\/\/product-guide.org\/produkt\/spielmaus-holz-anzieh-bar-schatulle-ts-hobby-3\/#breadcrumb\"},\"inLanguage\":\"en-GB\",\"potentialAction\":[{\"@type\":\"ReadAction\",\"target\":[\"https:\/\/product-guide.org\/produkt\/spielmaus-holz-anzieh-bar-schatulle-ts-hobby-3\/\"]}]},{\"@type\":\"ImageObject\",\"inLanguage\":\"en-GB\",\"@id\":\"https:\/\/product-guide.org\/produkt\/spielmaus-holz-anzieh-bar-schatulle-ts-hobby-3\/#primaryimage\",\"url\":\"https:\/\/product-guide.org\/wp-content\/uploads\/2025\/03\/SW1055_1280x1280.jpg\",\"contentUrl\":\"https:\/\/product-guide.org\/wp-content\/uploads\/2025\/03\/SW1055_1280x1280.jpg\",\"width\":1280,\"height\":1280},{\"@type\":\"BreadcrumbList\",\"@id\":\"https:\/\/product-guide.org\/produkt\/spielmaus-holz-anzieh-bar-schatulle-ts-hobby-3\/#breadcrumb\",\"itemListElement\":[{\"@type\":\"ListItem\",\"position\":1,\"name\":\"Home\",\"item\":\"https:\/\/product-guide.org\/\"},{\"@type\":\"ListItem\",\"position\":2,\"name\":\"Ergebnisse\",\"item\":\"https:\/\/product-guide.org\/de\/ergebnisse\/\"},{\"@type\":\"ListItem\",\"position\":3,\"name\":\"SpielMaus Holz Anzieh-B\u00e4r Schatulle | TS-Hobby\"}]},{\"@type\":\"WebSite\",\"@id\":\"https:\/\/product-guide.org\/#website\",\"url\":\"https:\/\/product-guide.org\/\",\"name\":\"Product-Guide.org\",\"description\":\"What Product are you looking for?\",\"publisher\":{\"@id\":\"https:\/\/product-guide.org\/#organization\"},\"potentialAction\":[{\"@type\":\"SearchAction\",\"target\":{\"@type\":\"EntryPoint\",\"urlTemplate\":\"https:\/\/product-guide.org\/?s={search_term_string}\"},\"query-input\":{\"@type\":\"PropertyValueSpecification\",\"valueRequired\":true,\"valueName\":\"search_term_string\"}}],\"inLanguage\":\"en-GB\"},{\"@type\":\"Organization\",\"@id\":\"https:\/\/product-guide.org\/#organization\",\"name\":\"Product-Guide.org\",\"url\":\"https:\/\/product-guide.org\/\",\"logo\":{\"@type\":\"ImageObject\",\"inLanguage\":\"en-GB\",\"@id\":\"https:\/\/product-guide.org\/#\/schema\/logo\/image\/\",\"url\":\"https:\/\/product-guide.org\/wp-content\/uploads\/2022\/07\/logo_transparent_background.png\",\"contentUrl\":\"https:\/\/product-guide.org\/wp-content\/uploads\/2022\/07\/logo_transparent_background.png\",\"width\":3400,\"height\":1132,\"caption\":\"Product-Guide.org\"},\"image\":{\"@id\":\"https:\/\/product-guide.org\/#\/schema\/logo\/image\/\"}}]}<\/script>\n<!-- \/ Yoast SEO plugin. -->","yoast_head_json":{"title":"SpielMaus Holz Anzieh-B\u00e4r Schatulle | TS-Hobby | Product-Guide.org","description":"SpielMaus Holz Anzieh-B\u00e4r Schatulle | TS-Hobby gefunden von Product-Guide.org","robots":{"index":"index","follow":"follow","max-snippet":"max-snippet:-1","max-image-preview":"max-image-preview:large","max-video-preview":"max-video-preview:-1"},"canonical":"https:\/\/product-guide.org\/en\/produkt\/spielmaus-holz-anzieh-bar-schatulle-ts-hobby-3\/","og_locale":"en_GB","og_type":"article","og_title":"SpielMaus Holz Anzieh-B\u00e4r Schatulle | TS-Hobby | Product-Guide.org","og_description":"SpielMaus Holz Anzieh-B\u00e4r Schatulle | TS-Hobby gefunden von Product-Guide.org","og_url":"https:\/\/product-guide.org\/en\/produkt\/spielmaus-holz-anzieh-bar-schatulle-ts-hobby-3\/","og_site_name":"Product-Guide.org","twitter_card":"summary_large_image","schema":{"@context":"https:\/\/schema.org","@graph":[{"@type":"WebPage","@id":"https:\/\/product-guide.org\/produkt\/spielmaus-holz-anzieh-bar-schatulle-ts-hobby-3\/","url":"https:\/\/product-guide.org\/produkt\/spielmaus-holz-anzieh-bar-schatulle-ts-hobby-3\/","name":"SpielMaus Holz Anzieh-B\u00e4r Schatulle | TS-Hobby | Product-Guide.org","isPartOf":{"@id":"https:\/\/product-guide.org\/#website"},"primaryImageOfPage":{"@id":"https:\/\/product-guide.org\/produkt\/spielmaus-holz-anzieh-bar-schatulle-ts-hobby-3\/#primaryimage"},"image":{"@id":"https:\/\/product-guide.org\/produkt\/spielmaus-holz-anzieh-bar-schatulle-ts-hobby-3\/#primaryimage"},"thumbnailUrl":"https:\/\/product-guide.org\/wp-content\/uploads\/2025\/03\/SW1055_1280x1280.jpg","datePublished":"2025-03-17T09:09:56+00:00","description":"SpielMaus Holz Anzieh-B\u00e4r Schatulle | TS-Hobby gefunden von Product-Guide.org","breadcrumb":{"@id":"https:\/\/product-guide.org\/produkt\/spielmaus-holz-anzieh-bar-schatulle-ts-hobby-3\/#breadcrumb"},"inLanguage":"en-GB","potentialAction":[{"@type":"ReadAction","target":["https:\/\/product-guide.org\/produkt\/spielmaus-holz-anzieh-bar-schatulle-ts-hobby-3\/"]}]},{"@type":"ImageObject","inLanguage":"en-GB","@id":"https:\/\/product-guide.org\/produkt\/spielmaus-holz-anzieh-bar-schatulle-ts-hobby-3\/#primaryimage","url":"https:\/\/product-guide.org\/wp-content\/uploads\/2025\/03\/SW1055_1280x1280.jpg","contentUrl":"https:\/\/product-guide.org\/wp-content\/uploads\/2025\/03\/SW1055_1280x1280.jpg","width":1280,"height":1280},{"@type":"BreadcrumbList","@id":"https:\/\/product-guide.org\/produkt\/spielmaus-holz-anzieh-bar-schatulle-ts-hobby-3\/#breadcrumb","itemListElement":[{"@type":"ListItem","position":1,"name":"Home","item":"https:\/\/product-guide.org\/"},{"@type":"ListItem","position":2,"name":"Ergebnisse","item":"https:\/\/product-guide.org\/de\/ergebnisse\/"},{"@type":"ListItem","position":3,"name":"SpielMaus Holz Anzieh-B\u00e4r Schatulle | TS-Hobby"}]},{"@type":"WebSite","@id":"https:\/\/product-guide.org\/#website","url":"https:\/\/product-guide.org\/","name":"Product-Guide.org","description":"What Product are you looking for?","publisher":{"@id":"https:\/\/product-guide.org\/#organization"},"potentialAction":[{"@type":"SearchAction","target":{"@type":"EntryPoint","urlTemplate":"https:\/\/product-guide.org\/?s={search_term_string}"},"query-input":{"@type":"PropertyValueSpecification","valueRequired":true,"valueName":"search_term_string"}}],"inLanguage":"en-GB"},{"@type":"Organization","@id":"https:\/\/product-guide.org\/#organization","name":"Product-Guide.org","url":"https:\/\/product-guide.org\/","logo":{"@type":"ImageObject","inLanguage":"en-GB","@id":"https:\/\/product-guide.org\/#\/schema\/logo\/image\/","url":"https:\/\/product-guide.org\/wp-content\/uploads\/2022\/07\/logo_transparent_background.png","contentUrl":"https:\/\/product-guide.org\/wp-content\/uploads\/2022\/07\/logo_transparent_background.png","width":3400,"height":1132,"caption":"Product-Guide.org"},"image":{"@id":"https:\/\/product-guide.org\/#\/schema\/logo\/image\/"}}]}},"_links":{"self":[{"href":"https:\/\/product-guide.org\/en\/wp-json\/wp\/v2\/product\/46980","targetHints":{"allow":["GET"]}}],"collection":[{"href":"https:\/\/product-guide.org\/en\/wp-json\/wp\/v2\/product"}],"about":[{"href":"https:\/\/product-guide.org\/en\/wp-json\/wp\/v2\/types\/product"}],"wp:featuredmedia":[{"embeddable":true,"href":"https:\/\/product-guide.org\/en\/wp-json\/wp\/v2\/media\/46977"}],"wp:attachment":[{"href":"https:\/\/product-guide.org\/en\/wp-json\/wp\/v2\/media?parent=46980"}],"wp:term":[{"taxonomy":"store","embeddable":true,"href":"https:\/\/product-guide.org\/en\/wp-json\/wp\/v2\/store?post=46980"},{"taxonomy":"product_brand","embeddable":true,"href":"https:\/\/product-guide.org\/en\/wp-json\/wp\/v2\/product_brand?post=46980"},{"taxonomy":"product_cat","embeddable":true,"href":"https:\/\/product-guide.org\/en\/wp-json\/wp\/v2\/product_cat?post=46980"},{"taxonomy":"product_tag","embeddable":true,"href":"https:\/\/product-guide.org\/en\/wp-json\/wp\/v2\/product_tag?post=46980"}],"curies":[{"name":"wp","href":"https:\/\/api.w.org\/{rel}","templated":true}]}}