{"id":46994,"date":"2025-03-17T10:10:04","date_gmt":"2025-03-17T09:10:04","guid":{"rendered":"https:\/\/product-guide.org\/produkt\/fashy-warmflasche-20l-mit-flauschbezug-ts-hobby\/"},"modified":"2025-03-17T10:10:05","modified_gmt":"2025-03-17T09:10:05","slug":"fashy-warmflasche-20l-mit-flauschbezug-ts-hobby","status":"publish","type":"product","link":"https:\/\/product-guide.org\/en\/produkt\/fashy-warmflasche-20l-mit-flauschbezug-ts-hobby\/","title":{"rendered":"Fashy W\u00e4rmflasche 2,0L mit Flauschbezug | TS-Hobby"},"content":{"rendered":"<p>Die original Fashy W\u00e4rmflasche mit Flauschbezug hat eine F\u00fcllmenge von 2 Litern und zum einfachen Bef\u00fcllen ein extra gro\u00dfes Einf\u00fcllgewinde. Der extra weiche Nicki Velour Flauschbezug f\u00fchlt sich besonders angenehm auf der Haut an und tr\u00e4gt zum Wohlbefinden bei. Original Fashy W\u00e4rmflasche 2 Liter Fassungsverm\u00f6gen Gro\u00dfes Einf\u00fcllgewinde Fugenlose Verarbeitung am Flaschenhals Auslaufsichere Verschlusstechnik Material: 100% Polyester (Bezug); thermoplastischer Kunststoff (W\u00e4rmflasche) Bezug abnehmbar &#038; waschbar Material ist umweltfreundlich, geruchsneutral und recyclingf\u00e4hig Fashy-Markenqualit\u00e4t<\/p>\n","protected":false},"excerpt":{"rendered":"<p>Die original Fashy W\u00e4rmflasche mit Flauschbezug hat eine F\u00fcllmenge von 2 Litern und zum einfachen Bef\u00fcllen ein extra gro\u00dfes Einf\u00fcllgewinde. Der extra weiche Nicki Velour Flauschbezug f\u00fchlt sich besonders angenehm auf der Haut an und tr\u00e4gt zum Wohlbefinden bei. Original Fashy W\u00e4rmflasche 2 Liter Fassungsverm\u00f6gen Gro\u00dfes Einf\u00fcllgewinde Fugenlose Verarbeitung am Flaschenhals Auslaufsichere Verschlusstechnik Material: 100% [&hellip;]<\/p>\n","protected":false},"featured_media":46993,"template":"","meta":{"_gspb_post_css":""},"store":[],"product_brand":[1328],"product_cat":[1290],"product_tag":[],"class_list":{"0":"post-46994","1":"product","2":"type-product","3":"status-publish","4":"has-post-thumbnail","6":"product_brand-ts-hobby","7":"product_cat-uncategorized","9":"first","10":"instock","11":"shipping-taxable","12":"purchasable","13":"product-type-simple"},"yoast_head":"<!-- This site is optimized with the Yoast SEO plugin v24.6 - https:\/\/yoast.com\/wordpress\/plugins\/seo\/ -->\n<title>Fashy W\u00e4rmflasche 2,0L mit Flauschbezug | TS-Hobby | Product-Guide.org<\/title>\n<meta name=\"description\" content=\"Fashy W\u00e4rmflasche 2,0L mit Flauschbezug | TS-Hobby gefunden von Product-Guide.org\" \/>\n<meta name=\"robots\" content=\"index, follow, max-snippet:-1, max-image-preview:large, max-video-preview:-1\" \/>\n<link rel=\"canonical\" href=\"https:\/\/product-guide.org\/en\/produkt\/fashy-warmflasche-20l-mit-flauschbezug-ts-hobby\/\" \/>\n<meta property=\"og:locale\" content=\"en_GB\" \/>\n<meta property=\"og:type\" content=\"article\" \/>\n<meta property=\"og:title\" content=\"Fashy W\u00e4rmflasche 2,0L mit Flauschbezug | TS-Hobby | Product-Guide.org\" \/>\n<meta property=\"og:description\" content=\"Fashy W\u00e4rmflasche 2,0L mit Flauschbezug | TS-Hobby gefunden von Product-Guide.org\" \/>\n<meta property=\"og:url\" content=\"https:\/\/product-guide.org\/en\/produkt\/fashy-warmflasche-20l-mit-flauschbezug-ts-hobby\/\" \/>\n<meta property=\"og:site_name\" content=\"Product-Guide.org\" \/>\n<meta property=\"article:modified_time\" content=\"2025-03-17T09:10:05+00:00\" \/>\n<meta name=\"twitter:card\" content=\"summary_large_image\" \/>\n<script type=\"application\/ld+json\" class=\"yoast-schema-graph\">{\"@context\":\"https:\/\/schema.org\",\"@graph\":[{\"@type\":\"WebPage\",\"@id\":\"https:\/\/product-guide.org\/produkt\/fashy-warmflasche-20l-mit-flauschbezug-ts-hobby\/\",\"url\":\"https:\/\/product-guide.org\/produkt\/fashy-warmflasche-20l-mit-flauschbezug-ts-hobby\/\",\"name\":\"Fashy W\u00e4rmflasche 2,0L mit Flauschbezug | TS-Hobby | Product-Guide.org\",\"isPartOf\":{\"@id\":\"https:\/\/product-guide.org\/#website\"},\"primaryImageOfPage\":{\"@id\":\"https:\/\/product-guide.org\/produkt\/fashy-warmflasche-20l-mit-flauschbezug-ts-hobby\/#primaryimage\"},\"image\":{\"@id\":\"https:\/\/product-guide.org\/produkt\/fashy-warmflasche-20l-mit-flauschbezug-ts-hobby\/#primaryimage\"},\"thumbnailUrl\":\"https:\/\/product-guide.org\/wp-content\/uploads\/2025\/03\/9036_Made-in-Germany_1280x1280.jpg\",\"datePublished\":\"2025-03-17T09:10:04+00:00\",\"dateModified\":\"2025-03-17T09:10:05+00:00\",\"description\":\"Fashy W\u00e4rmflasche 2,0L mit Flauschbezug | TS-Hobby gefunden von Product-Guide.org\",\"breadcrumb\":{\"@id\":\"https:\/\/product-guide.org\/produkt\/fashy-warmflasche-20l-mit-flauschbezug-ts-hobby\/#breadcrumb\"},\"inLanguage\":\"en-GB\",\"potentialAction\":[{\"@type\":\"ReadAction\",\"target\":[\"https:\/\/product-guide.org\/produkt\/fashy-warmflasche-20l-mit-flauschbezug-ts-hobby\/\"]}]},{\"@type\":\"ImageObject\",\"inLanguage\":\"en-GB\",\"@id\":\"https:\/\/product-guide.org\/produkt\/fashy-warmflasche-20l-mit-flauschbezug-ts-hobby\/#primaryimage\",\"url\":\"https:\/\/product-guide.org\/wp-content\/uploads\/2025\/03\/9036_Made-in-Germany_1280x1280.jpg\",\"contentUrl\":\"https:\/\/product-guide.org\/wp-content\/uploads\/2025\/03\/9036_Made-in-Germany_1280x1280.jpg\",\"width\":1280,\"height\":1280},{\"@type\":\"BreadcrumbList\",\"@id\":\"https:\/\/product-guide.org\/produkt\/fashy-warmflasche-20l-mit-flauschbezug-ts-hobby\/#breadcrumb\",\"itemListElement\":[{\"@type\":\"ListItem\",\"position\":1,\"name\":\"Home\",\"item\":\"https:\/\/product-guide.org\/\"},{\"@type\":\"ListItem\",\"position\":2,\"name\":\"Ergebnisse\",\"item\":\"https:\/\/product-guide.org\/de\/ergebnisse\/\"},{\"@type\":\"ListItem\",\"position\":3,\"name\":\"Fashy W\u00e4rmflasche 2,0L mit Flauschbezug | TS-Hobby\"}]},{\"@type\":\"WebSite\",\"@id\":\"https:\/\/product-guide.org\/#website\",\"url\":\"https:\/\/product-guide.org\/\",\"name\":\"Product-Guide.org\",\"description\":\"What Product are you looking for?\",\"publisher\":{\"@id\":\"https:\/\/product-guide.org\/#organization\"},\"potentialAction\":[{\"@type\":\"SearchAction\",\"target\":{\"@type\":\"EntryPoint\",\"urlTemplate\":\"https:\/\/product-guide.org\/?s={search_term_string}\"},\"query-input\":{\"@type\":\"PropertyValueSpecification\",\"valueRequired\":true,\"valueName\":\"search_term_string\"}}],\"inLanguage\":\"en-GB\"},{\"@type\":\"Organization\",\"@id\":\"https:\/\/product-guide.org\/#organization\",\"name\":\"Product-Guide.org\",\"url\":\"https:\/\/product-guide.org\/\",\"logo\":{\"@type\":\"ImageObject\",\"inLanguage\":\"en-GB\",\"@id\":\"https:\/\/product-guide.org\/#\/schema\/logo\/image\/\",\"url\":\"https:\/\/product-guide.org\/wp-content\/uploads\/2022\/07\/logo_transparent_background.png\",\"contentUrl\":\"https:\/\/product-guide.org\/wp-content\/uploads\/2022\/07\/logo_transparent_background.png\",\"width\":3400,\"height\":1132,\"caption\":\"Product-Guide.org\"},\"image\":{\"@id\":\"https:\/\/product-guide.org\/#\/schema\/logo\/image\/\"}}]}<\/script>\n<!-- \/ Yoast SEO plugin. -->","yoast_head_json":{"title":"Fashy W\u00e4rmflasche 2,0L mit Flauschbezug | TS-Hobby | Product-Guide.org","description":"Fashy W\u00e4rmflasche 2,0L mit Flauschbezug | TS-Hobby gefunden von Product-Guide.org","robots":{"index":"index","follow":"follow","max-snippet":"max-snippet:-1","max-image-preview":"max-image-preview:large","max-video-preview":"max-video-preview:-1"},"canonical":"https:\/\/product-guide.org\/en\/produkt\/fashy-warmflasche-20l-mit-flauschbezug-ts-hobby\/","og_locale":"en_GB","og_type":"article","og_title":"Fashy W\u00e4rmflasche 2,0L mit Flauschbezug | TS-Hobby | Product-Guide.org","og_description":"Fashy W\u00e4rmflasche 2,0L mit Flauschbezug | TS-Hobby gefunden von Product-Guide.org","og_url":"https:\/\/product-guide.org\/en\/produkt\/fashy-warmflasche-20l-mit-flauschbezug-ts-hobby\/","og_site_name":"Product-Guide.org","article_modified_time":"2025-03-17T09:10:05+00:00","twitter_card":"summary_large_image","schema":{"@context":"https:\/\/schema.org","@graph":[{"@type":"WebPage","@id":"https:\/\/product-guide.org\/produkt\/fashy-warmflasche-20l-mit-flauschbezug-ts-hobby\/","url":"https:\/\/product-guide.org\/produkt\/fashy-warmflasche-20l-mit-flauschbezug-ts-hobby\/","name":"Fashy W\u00e4rmflasche 2,0L mit Flauschbezug | TS-Hobby | Product-Guide.org","isPartOf":{"@id":"https:\/\/product-guide.org\/#website"},"primaryImageOfPage":{"@id":"https:\/\/product-guide.org\/produkt\/fashy-warmflasche-20l-mit-flauschbezug-ts-hobby\/#primaryimage"},"image":{"@id":"https:\/\/product-guide.org\/produkt\/fashy-warmflasche-20l-mit-flauschbezug-ts-hobby\/#primaryimage"},"thumbnailUrl":"https:\/\/product-guide.org\/wp-content\/uploads\/2025\/03\/9036_Made-in-Germany_1280x1280.jpg","datePublished":"2025-03-17T09:10:04+00:00","dateModified":"2025-03-17T09:10:05+00:00","description":"Fashy W\u00e4rmflasche 2,0L mit Flauschbezug | TS-Hobby gefunden von Product-Guide.org","breadcrumb":{"@id":"https:\/\/product-guide.org\/produkt\/fashy-warmflasche-20l-mit-flauschbezug-ts-hobby\/#breadcrumb"},"inLanguage":"en-GB","potentialAction":[{"@type":"ReadAction","target":["https:\/\/product-guide.org\/produkt\/fashy-warmflasche-20l-mit-flauschbezug-ts-hobby\/"]}]},{"@type":"ImageObject","inLanguage":"en-GB","@id":"https:\/\/product-guide.org\/produkt\/fashy-warmflasche-20l-mit-flauschbezug-ts-hobby\/#primaryimage","url":"https:\/\/product-guide.org\/wp-content\/uploads\/2025\/03\/9036_Made-in-Germany_1280x1280.jpg","contentUrl":"https:\/\/product-guide.org\/wp-content\/uploads\/2025\/03\/9036_Made-in-Germany_1280x1280.jpg","width":1280,"height":1280},{"@type":"BreadcrumbList","@id":"https:\/\/product-guide.org\/produkt\/fashy-warmflasche-20l-mit-flauschbezug-ts-hobby\/#breadcrumb","itemListElement":[{"@type":"ListItem","position":1,"name":"Home","item":"https:\/\/product-guide.org\/"},{"@type":"ListItem","position":2,"name":"Ergebnisse","item":"https:\/\/product-guide.org\/de\/ergebnisse\/"},{"@type":"ListItem","position":3,"name":"Fashy W\u00e4rmflasche 2,0L mit Flauschbezug | TS-Hobby"}]},{"@type":"WebSite","@id":"https:\/\/product-guide.org\/#website","url":"https:\/\/product-guide.org\/","name":"Product-Guide.org","description":"What Product are you looking for?","publisher":{"@id":"https:\/\/product-guide.org\/#organization"},"potentialAction":[{"@type":"SearchAction","target":{"@type":"EntryPoint","urlTemplate":"https:\/\/product-guide.org\/?s={search_term_string}"},"query-input":{"@type":"PropertyValueSpecification","valueRequired":true,"valueName":"search_term_string"}}],"inLanguage":"en-GB"},{"@type":"Organization","@id":"https:\/\/product-guide.org\/#organization","name":"Product-Guide.org","url":"https:\/\/product-guide.org\/","logo":{"@type":"ImageObject","inLanguage":"en-GB","@id":"https:\/\/product-guide.org\/#\/schema\/logo\/image\/","url":"https:\/\/product-guide.org\/wp-content\/uploads\/2022\/07\/logo_transparent_background.png","contentUrl":"https:\/\/product-guide.org\/wp-content\/uploads\/2022\/07\/logo_transparent_background.png","width":3400,"height":1132,"caption":"Product-Guide.org"},"image":{"@id":"https:\/\/product-guide.org\/#\/schema\/logo\/image\/"}}]}},"_links":{"self":[{"href":"https:\/\/product-guide.org\/en\/wp-json\/wp\/v2\/product\/46994","targetHints":{"allow":["GET"]}}],"collection":[{"href":"https:\/\/product-guide.org\/en\/wp-json\/wp\/v2\/product"}],"about":[{"href":"https:\/\/product-guide.org\/en\/wp-json\/wp\/v2\/types\/product"}],"wp:featuredmedia":[{"embeddable":true,"href":"https:\/\/product-guide.org\/en\/wp-json\/wp\/v2\/media\/46993"}],"wp:attachment":[{"href":"https:\/\/product-guide.org\/en\/wp-json\/wp\/v2\/media?parent=46994"}],"wp:term":[{"taxonomy":"store","embeddable":true,"href":"https:\/\/product-guide.org\/en\/wp-json\/wp\/v2\/store?post=46994"},{"taxonomy":"product_brand","embeddable":true,"href":"https:\/\/product-guide.org\/en\/wp-json\/wp\/v2\/product_brand?post=46994"},{"taxonomy":"product_cat","embeddable":true,"href":"https:\/\/product-guide.org\/en\/wp-json\/wp\/v2\/product_cat?post=46994"},{"taxonomy":"product_tag","embeddable":true,"href":"https:\/\/product-guide.org\/en\/wp-json\/wp\/v2\/product_tag?post=46994"}],"curies":[{"name":"wp","href":"https:\/\/api.w.org\/{rel}","templated":true}]}}