{"id":47002,"date":"2025-03-17T10:10:08","date_gmt":"2025-03-17T09:10:08","guid":{"rendered":"https:\/\/product-guide.org\/produkt\/fashy-warmflasche-mit-kristallstar-dekor-in-perlmutt-farben-ts-hobby\/"},"modified":"2025-03-17T10:10:08","modified_gmt":"2025-03-17T09:10:08","slug":"fashy-warmflasche-mit-kristallstar-dekor-in-perlmutt-farben-ts-hobby","status":"publish","type":"product","link":"https:\/\/product-guide.org\/en\/produkt\/fashy-warmflasche-mit-kristallstar-dekor-in-perlmutt-farben-ts-hobby\/","title":{"rendered":"Fashy W\u00e4rmflasche mit Kristallstar-Dekor in Perlmutt-Farben | TS-Hobby"},"content":{"rendered":"<p>Die original Fashy W\u00e4rmflasche Halblamelle 2,0 L mit Kristalldekor in Permutt-Farben mit einer F\u00fcllmenge von 2 Liter speichert W\u00e4rme \u00fcber Stunden. So k\u00f6nnen Sie sich wunderbar zur\u00fccklehnen und entspannen, ohne bald schon das Wasser wechseln zu m\u00fcssen. Aufgrund einer raffinierten Verschlusstechnik ist keine Gummidichtung erforderlich und das extra gro\u00dfe Einf\u00fcllgewinde sorgt f\u00fcr ein leichtes Einf\u00fcllen. Mit Garantie auslaufsicher und dank des hohen Qualit\u00e4tsstandards ein Produkt f\u00fcr die Ewigkeit. Produktinfos: Original Fashy W\u00e4rmflasche Oberfl\u00e4che: Kristallstar-Dekor in Perlmutt-Farben ca. 2 Liter Fassungsverm\u00f6gen Ma\u00dfe: ca. 32 x 19,5 x 6 cm Gro\u00dfes Einf\u00fcllgewinde Fugenlose Verarbeitung am Flaschenhals Auslaufsichere Verschlusstechnik Material: Thermoplastischer Kunststoff Fashy-Markenqu&#8230;<\/p>\n","protected":false},"excerpt":{"rendered":"<p>Die original Fashy W\u00e4rmflasche Halblamelle 2,0 L mit Kristalldekor in Permutt-Farben mit einer F\u00fcllmenge von 2 Liter speichert W\u00e4rme \u00fcber Stunden. So k\u00f6nnen Sie sich wunderbar zur\u00fccklehnen und entspannen, ohne bald schon das Wasser wechseln zu m\u00fcssen. Aufgrund einer raffinierten Verschlusstechnik ist keine Gummidichtung erforderlich und das extra gro\u00dfe Einf\u00fcllgewinde sorgt f\u00fcr ein leichtes Einf\u00fcllen. [&hellip;]<\/p>\n","protected":false},"featured_media":47001,"template":"","meta":{"_gspb_post_css":""},"store":[],"product_brand":[1328],"product_cat":[1290],"product_tag":[],"class_list":{"0":"post-47002","1":"product","2":"type-product","3":"status-publish","4":"has-post-thumbnail","6":"product_brand-ts-hobby","7":"product_cat-uncategorized","9":"first","10":"instock","11":"shipping-taxable","12":"purchasable","13":"product-type-simple"},"yoast_head":"<!-- This site is optimized with the Yoast SEO plugin v24.6 - https:\/\/yoast.com\/wordpress\/plugins\/seo\/ -->\n<title>Fashy W\u00e4rmflasche mit Kristallstar-Dekor in Perlmutt-Farben | TS-Hobby | Product-Guide.org<\/title>\n<meta name=\"description\" content=\"Fashy W\u00e4rmflasche mit Kristallstar-Dekor in Perlmutt-Farben | TS-Hobby gefunden von Product-Guide.org\" \/>\n<meta name=\"robots\" content=\"index, follow, max-snippet:-1, max-image-preview:large, max-video-preview:-1\" \/>\n<link rel=\"canonical\" href=\"https:\/\/product-guide.org\/en\/produkt\/fashy-warmflasche-mit-kristallstar-dekor-in-perlmutt-farben-ts-hobby\/\" \/>\n<meta property=\"og:locale\" content=\"en_GB\" \/>\n<meta property=\"og:type\" content=\"article\" \/>\n<meta property=\"og:title\" content=\"Fashy W\u00e4rmflasche mit Kristallstar-Dekor in Perlmutt-Farben | TS-Hobby | Product-Guide.org\" \/>\n<meta property=\"og:description\" content=\"Fashy W\u00e4rmflasche mit Kristallstar-Dekor in Perlmutt-Farben | TS-Hobby gefunden von Product-Guide.org\" \/>\n<meta property=\"og:url\" content=\"https:\/\/product-guide.org\/en\/produkt\/fashy-warmflasche-mit-kristallstar-dekor-in-perlmutt-farben-ts-hobby\/\" \/>\n<meta property=\"og:site_name\" content=\"Product-Guide.org\" \/>\n<meta name=\"twitter:card\" content=\"summary_large_image\" \/>\n<script type=\"application\/ld+json\" class=\"yoast-schema-graph\">{\"@context\":\"https:\/\/schema.org\",\"@graph\":[{\"@type\":\"WebPage\",\"@id\":\"https:\/\/product-guide.org\/produkt\/fashy-warmflasche-mit-kristallstar-dekor-in-perlmutt-farben-ts-hobby\/\",\"url\":\"https:\/\/product-guide.org\/produkt\/fashy-warmflasche-mit-kristallstar-dekor-in-perlmutt-farben-ts-hobby\/\",\"name\":\"Fashy W\u00e4rmflasche mit Kristallstar-Dekor in Perlmutt-Farben | TS-Hobby | Product-Guide.org\",\"isPartOf\":{\"@id\":\"https:\/\/product-guide.org\/#website\"},\"primaryImageOfPage\":{\"@id\":\"https:\/\/product-guide.org\/produkt\/fashy-warmflasche-mit-kristallstar-dekor-in-perlmutt-farben-ts-hobby\/#primaryimage\"},\"image\":{\"@id\":\"https:\/\/product-guide.org\/produkt\/fashy-warmflasche-mit-kristallstar-dekor-in-perlmutt-farben-ts-hobby\/#primaryimage\"},\"thumbnailUrl\":\"https:\/\/product-guide.org\/wp-content\/uploads\/2025\/03\/9040-alle-Farben-jpg_1280x1280.jpg\",\"datePublished\":\"2025-03-17T09:10:08+00:00\",\"description\":\"Fashy W\u00e4rmflasche mit Kristallstar-Dekor in Perlmutt-Farben | TS-Hobby gefunden von Product-Guide.org\",\"breadcrumb\":{\"@id\":\"https:\/\/product-guide.org\/produkt\/fashy-warmflasche-mit-kristallstar-dekor-in-perlmutt-farben-ts-hobby\/#breadcrumb\"},\"inLanguage\":\"en-GB\",\"potentialAction\":[{\"@type\":\"ReadAction\",\"target\":[\"https:\/\/product-guide.org\/produkt\/fashy-warmflasche-mit-kristallstar-dekor-in-perlmutt-farben-ts-hobby\/\"]}]},{\"@type\":\"ImageObject\",\"inLanguage\":\"en-GB\",\"@id\":\"https:\/\/product-guide.org\/produkt\/fashy-warmflasche-mit-kristallstar-dekor-in-perlmutt-farben-ts-hobby\/#primaryimage\",\"url\":\"https:\/\/product-guide.org\/wp-content\/uploads\/2025\/03\/9040-alle-Farben-jpg_1280x1280.jpg\",\"contentUrl\":\"https:\/\/product-guide.org\/wp-content\/uploads\/2025\/03\/9040-alle-Farben-jpg_1280x1280.jpg\",\"width\":1280,\"height\":1280},{\"@type\":\"BreadcrumbList\",\"@id\":\"https:\/\/product-guide.org\/produkt\/fashy-warmflasche-mit-kristallstar-dekor-in-perlmutt-farben-ts-hobby\/#breadcrumb\",\"itemListElement\":[{\"@type\":\"ListItem\",\"position\":1,\"name\":\"Home\",\"item\":\"https:\/\/product-guide.org\/\"},{\"@type\":\"ListItem\",\"position\":2,\"name\":\"Ergebnisse\",\"item\":\"https:\/\/product-guide.org\/de\/ergebnisse\/\"},{\"@type\":\"ListItem\",\"position\":3,\"name\":\"Fashy W\u00e4rmflasche mit Kristallstar-Dekor in Perlmutt-Farben | TS-Hobby\"}]},{\"@type\":\"WebSite\",\"@id\":\"https:\/\/product-guide.org\/#website\",\"url\":\"https:\/\/product-guide.org\/\",\"name\":\"Product-Guide.org\",\"description\":\"What Product are you looking for?\",\"publisher\":{\"@id\":\"https:\/\/product-guide.org\/#organization\"},\"potentialAction\":[{\"@type\":\"SearchAction\",\"target\":{\"@type\":\"EntryPoint\",\"urlTemplate\":\"https:\/\/product-guide.org\/?s={search_term_string}\"},\"query-input\":{\"@type\":\"PropertyValueSpecification\",\"valueRequired\":true,\"valueName\":\"search_term_string\"}}],\"inLanguage\":\"en-GB\"},{\"@type\":\"Organization\",\"@id\":\"https:\/\/product-guide.org\/#organization\",\"name\":\"Product-Guide.org\",\"url\":\"https:\/\/product-guide.org\/\",\"logo\":{\"@type\":\"ImageObject\",\"inLanguage\":\"en-GB\",\"@id\":\"https:\/\/product-guide.org\/#\/schema\/logo\/image\/\",\"url\":\"https:\/\/product-guide.org\/wp-content\/uploads\/2022\/07\/logo_transparent_background.png\",\"contentUrl\":\"https:\/\/product-guide.org\/wp-content\/uploads\/2022\/07\/logo_transparent_background.png\",\"width\":3400,\"height\":1132,\"caption\":\"Product-Guide.org\"},\"image\":{\"@id\":\"https:\/\/product-guide.org\/#\/schema\/logo\/image\/\"}}]}<\/script>\n<!-- \/ Yoast SEO plugin. -->","yoast_head_json":{"title":"Fashy W\u00e4rmflasche mit Kristallstar-Dekor in Perlmutt-Farben | TS-Hobby | Product-Guide.org","description":"Fashy W\u00e4rmflasche mit Kristallstar-Dekor in Perlmutt-Farben | TS-Hobby gefunden von Product-Guide.org","robots":{"index":"index","follow":"follow","max-snippet":"max-snippet:-1","max-image-preview":"max-image-preview:large","max-video-preview":"max-video-preview:-1"},"canonical":"https:\/\/product-guide.org\/en\/produkt\/fashy-warmflasche-mit-kristallstar-dekor-in-perlmutt-farben-ts-hobby\/","og_locale":"en_GB","og_type":"article","og_title":"Fashy W\u00e4rmflasche mit Kristallstar-Dekor in Perlmutt-Farben | TS-Hobby | Product-Guide.org","og_description":"Fashy W\u00e4rmflasche mit Kristallstar-Dekor in Perlmutt-Farben | TS-Hobby gefunden von Product-Guide.org","og_url":"https:\/\/product-guide.org\/en\/produkt\/fashy-warmflasche-mit-kristallstar-dekor-in-perlmutt-farben-ts-hobby\/","og_site_name":"Product-Guide.org","twitter_card":"summary_large_image","schema":{"@context":"https:\/\/schema.org","@graph":[{"@type":"WebPage","@id":"https:\/\/product-guide.org\/produkt\/fashy-warmflasche-mit-kristallstar-dekor-in-perlmutt-farben-ts-hobby\/","url":"https:\/\/product-guide.org\/produkt\/fashy-warmflasche-mit-kristallstar-dekor-in-perlmutt-farben-ts-hobby\/","name":"Fashy W\u00e4rmflasche mit Kristallstar-Dekor in Perlmutt-Farben | TS-Hobby | Product-Guide.org","isPartOf":{"@id":"https:\/\/product-guide.org\/#website"},"primaryImageOfPage":{"@id":"https:\/\/product-guide.org\/produkt\/fashy-warmflasche-mit-kristallstar-dekor-in-perlmutt-farben-ts-hobby\/#primaryimage"},"image":{"@id":"https:\/\/product-guide.org\/produkt\/fashy-warmflasche-mit-kristallstar-dekor-in-perlmutt-farben-ts-hobby\/#primaryimage"},"thumbnailUrl":"https:\/\/product-guide.org\/wp-content\/uploads\/2025\/03\/9040-alle-Farben-jpg_1280x1280.jpg","datePublished":"2025-03-17T09:10:08+00:00","description":"Fashy W\u00e4rmflasche mit Kristallstar-Dekor in Perlmutt-Farben | TS-Hobby gefunden von Product-Guide.org","breadcrumb":{"@id":"https:\/\/product-guide.org\/produkt\/fashy-warmflasche-mit-kristallstar-dekor-in-perlmutt-farben-ts-hobby\/#breadcrumb"},"inLanguage":"en-GB","potentialAction":[{"@type":"ReadAction","target":["https:\/\/product-guide.org\/produkt\/fashy-warmflasche-mit-kristallstar-dekor-in-perlmutt-farben-ts-hobby\/"]}]},{"@type":"ImageObject","inLanguage":"en-GB","@id":"https:\/\/product-guide.org\/produkt\/fashy-warmflasche-mit-kristallstar-dekor-in-perlmutt-farben-ts-hobby\/#primaryimage","url":"https:\/\/product-guide.org\/wp-content\/uploads\/2025\/03\/9040-alle-Farben-jpg_1280x1280.jpg","contentUrl":"https:\/\/product-guide.org\/wp-content\/uploads\/2025\/03\/9040-alle-Farben-jpg_1280x1280.jpg","width":1280,"height":1280},{"@type":"BreadcrumbList","@id":"https:\/\/product-guide.org\/produkt\/fashy-warmflasche-mit-kristallstar-dekor-in-perlmutt-farben-ts-hobby\/#breadcrumb","itemListElement":[{"@type":"ListItem","position":1,"name":"Home","item":"https:\/\/product-guide.org\/"},{"@type":"ListItem","position":2,"name":"Ergebnisse","item":"https:\/\/product-guide.org\/de\/ergebnisse\/"},{"@type":"ListItem","position":3,"name":"Fashy W\u00e4rmflasche mit Kristallstar-Dekor in Perlmutt-Farben | TS-Hobby"}]},{"@type":"WebSite","@id":"https:\/\/product-guide.org\/#website","url":"https:\/\/product-guide.org\/","name":"Product-Guide.org","description":"What Product are you looking for?","publisher":{"@id":"https:\/\/product-guide.org\/#organization"},"potentialAction":[{"@type":"SearchAction","target":{"@type":"EntryPoint","urlTemplate":"https:\/\/product-guide.org\/?s={search_term_string}"},"query-input":{"@type":"PropertyValueSpecification","valueRequired":true,"valueName":"search_term_string"}}],"inLanguage":"en-GB"},{"@type":"Organization","@id":"https:\/\/product-guide.org\/#organization","name":"Product-Guide.org","url":"https:\/\/product-guide.org\/","logo":{"@type":"ImageObject","inLanguage":"en-GB","@id":"https:\/\/product-guide.org\/#\/schema\/logo\/image\/","url":"https:\/\/product-guide.org\/wp-content\/uploads\/2022\/07\/logo_transparent_background.png","contentUrl":"https:\/\/product-guide.org\/wp-content\/uploads\/2022\/07\/logo_transparent_background.png","width":3400,"height":1132,"caption":"Product-Guide.org"},"image":{"@id":"https:\/\/product-guide.org\/#\/schema\/logo\/image\/"}}]}},"_links":{"self":[{"href":"https:\/\/product-guide.org\/en\/wp-json\/wp\/v2\/product\/47002","targetHints":{"allow":["GET"]}}],"collection":[{"href":"https:\/\/product-guide.org\/en\/wp-json\/wp\/v2\/product"}],"about":[{"href":"https:\/\/product-guide.org\/en\/wp-json\/wp\/v2\/types\/product"}],"wp:featuredmedia":[{"embeddable":true,"href":"https:\/\/product-guide.org\/en\/wp-json\/wp\/v2\/media\/47001"}],"wp:attachment":[{"href":"https:\/\/product-guide.org\/en\/wp-json\/wp\/v2\/media?parent=47002"}],"wp:term":[{"taxonomy":"store","embeddable":true,"href":"https:\/\/product-guide.org\/en\/wp-json\/wp\/v2\/store?post=47002"},{"taxonomy":"product_brand","embeddable":true,"href":"https:\/\/product-guide.org\/en\/wp-json\/wp\/v2\/product_brand?post=47002"},{"taxonomy":"product_cat","embeddable":true,"href":"https:\/\/product-guide.org\/en\/wp-json\/wp\/v2\/product_cat?post=47002"},{"taxonomy":"product_tag","embeddable":true,"href":"https:\/\/product-guide.org\/en\/wp-json\/wp\/v2\/product_tag?post=47002"}],"curies":[{"name":"wp","href":"https:\/\/api.w.org\/{rel}","templated":true}]}}