{"id":47697,"date":"2025-03-17T10:17:59","date_gmt":"2025-03-17T09:17:59","guid":{"rendered":"https:\/\/product-guide.org\/produkt\/3d-uhr-motiv-linde-40cm-x-40cm-wohndesignplus\/"},"modified":"2025-03-17T10:18:00","modified_gmt":"2025-03-17T09:18:00","slug":"3d-uhr-motiv-linde-40cm-x-40cm-wohndesignplus","status":"publish","type":"product","link":"https:\/\/product-guide.org\/en\/produkt\/3d-uhr-motiv-linde-40cm-x-40cm-wohndesignplus\/","title":{"rendered":"3D-Uhr Motiv &#8220;Linde&#8221; 40cm x 40cm | Wohndesignplus"},"content":{"rendered":"<p>Die Ma\u00dfe der Uhr sind 40cm x 40cm x xxcm (B\/H\/T). Die Uhren sind bis zu einer Gr\u00f6\u00dfe von 90cm x 90cm m\u00f6glich. Sollte also andere Ma\u00dfe als die vorgegebenen 40cm x 40cm gew\u00fcnscht sein, dann bitte einfach Kontakt aufnehmen.Die Stundenzeiger der Uhr sind aus Aluminium. Sollte ein anderer Farbton gew\u00fcnscht werden oder eine etwas andere Form, dann bitte einfach Kontakt aufnehmen.Der ger\u00e4uschlose Motor der Uhr wird betrieben mit einer AA-Batterie.F\u00fcr die Wanduhr wird eine 8mm-Faserplatte verwendet, die mit einem Dekor versehen ist. Die Oberfl\u00e4che ist best\u00e4ndig gegen Feuchtigkeit und direkte Sonneneinstrahlung.Das verwendete Material verzieht sich nicht, rei\u00dft nicht und verblasst oder dunkelt nicht nach.Weitere Informationen sind hier zu finden.<\/p>\n","protected":false},"excerpt":{"rendered":"<p>Die Ma\u00dfe der Uhr sind 40cm x 40cm x xxcm (B\/H\/T). Die Uhren sind bis zu einer Gr\u00f6\u00dfe von 90cm x 90cm m\u00f6glich. Sollte also andere Ma\u00dfe als die vorgegebenen 40cm x 40cm gew\u00fcnscht sein, dann bitte einfach Kontakt aufnehmen.Die Stundenzeiger der Uhr sind aus Aluminium. Sollte ein anderer Farbton gew\u00fcnscht werden oder eine etwas [&hellip;]<\/p>\n","protected":false},"featured_media":47696,"template":"","meta":{"_gspb_post_css":""},"store":[],"product_brand":[1341],"product_cat":[1290],"product_tag":[],"class_list":{"0":"post-47697","1":"product","2":"type-product","3":"status-publish","4":"has-post-thumbnail","6":"product_brand-wohndesignplus","7":"product_cat-uncategorized","9":"first","10":"instock","11":"shipping-taxable","12":"purchasable","13":"product-type-simple"},"yoast_head":"<!-- This site is optimized with the Yoast SEO plugin v24.6 - https:\/\/yoast.com\/wordpress\/plugins\/seo\/ -->\n<title>3D-Uhr Motiv &quot;Linde&quot; 40cm x 40cm | Wohndesignplus | Product-Guide.org<\/title>\n<meta name=\"description\" content=\"3D-Uhr Motiv &quot;Linde&quot; 40cm x 40cm | Wohndesignplus gefunden von Product-Guide.org\" \/>\n<meta name=\"robots\" content=\"index, follow, max-snippet:-1, max-image-preview:large, max-video-preview:-1\" \/>\n<link rel=\"canonical\" href=\"https:\/\/product-guide.org\/en\/produkt\/3d-uhr-motiv-linde-40cm-x-40cm-wohndesignplus\/\" \/>\n<meta property=\"og:locale\" content=\"en_GB\" \/>\n<meta property=\"og:type\" content=\"article\" \/>\n<meta property=\"og:title\" content=\"3D-Uhr Motiv &quot;Linde&quot; 40cm x 40cm | Wohndesignplus | Product-Guide.org\" \/>\n<meta property=\"og:description\" content=\"3D-Uhr Motiv &quot;Linde&quot; 40cm x 40cm | Wohndesignplus gefunden von Product-Guide.org\" \/>\n<meta property=\"og:url\" content=\"https:\/\/product-guide.org\/en\/produkt\/3d-uhr-motiv-linde-40cm-x-40cm-wohndesignplus\/\" \/>\n<meta property=\"og:site_name\" content=\"Product-Guide.org\" \/>\n<meta property=\"article:modified_time\" content=\"2025-03-17T09:18:00+00:00\" \/>\n<meta name=\"twitter:card\" content=\"summary_large_image\" \/>\n<script type=\"application\/ld+json\" class=\"yoast-schema-graph\">{\"@context\":\"https:\/\/schema.org\",\"@graph\":[{\"@type\":\"WebPage\",\"@id\":\"https:\/\/product-guide.org\/produkt\/3d-uhr-motiv-linde-40cm-x-40cm-wohndesignplus\/\",\"url\":\"https:\/\/product-guide.org\/produkt\/3d-uhr-motiv-linde-40cm-x-40cm-wohndesignplus\/\",\"name\":\"3D-Uhr Motiv \\\"Linde\\\" 40cm x 40cm | Wohndesignplus | Product-Guide.org\",\"isPartOf\":{\"@id\":\"https:\/\/product-guide.org\/#website\"},\"primaryImageOfPage\":{\"@id\":\"https:\/\/product-guide.org\/produkt\/3d-uhr-motiv-linde-40cm-x-40cm-wohndesignplus\/#primaryimage\"},\"image\":{\"@id\":\"https:\/\/product-guide.org\/produkt\/3d-uhr-motiv-linde-40cm-x-40cm-wohndesignplus\/#primaryimage\"},\"thumbnailUrl\":\"https:\/\/product-guide.org\/wp-content\/uploads\/2025\/03\/3D_Uhr_Linde_4040_01.jpg\",\"datePublished\":\"2025-03-17T09:17:59+00:00\",\"dateModified\":\"2025-03-17T09:18:00+00:00\",\"description\":\"3D-Uhr Motiv \\\"Linde\\\" 40cm x 40cm | Wohndesignplus gefunden von Product-Guide.org\",\"breadcrumb\":{\"@id\":\"https:\/\/product-guide.org\/produkt\/3d-uhr-motiv-linde-40cm-x-40cm-wohndesignplus\/#breadcrumb\"},\"inLanguage\":\"en-GB\",\"potentialAction\":[{\"@type\":\"ReadAction\",\"target\":[\"https:\/\/product-guide.org\/produkt\/3d-uhr-motiv-linde-40cm-x-40cm-wohndesignplus\/\"]}]},{\"@type\":\"ImageObject\",\"inLanguage\":\"en-GB\",\"@id\":\"https:\/\/product-guide.org\/produkt\/3d-uhr-motiv-linde-40cm-x-40cm-wohndesignplus\/#primaryimage\",\"url\":\"https:\/\/product-guide.org\/wp-content\/uploads\/2025\/03\/3D_Uhr_Linde_4040_01.jpg\",\"contentUrl\":\"https:\/\/product-guide.org\/wp-content\/uploads\/2025\/03\/3D_Uhr_Linde_4040_01.jpg\",\"width\":800,\"height\":800},{\"@type\":\"BreadcrumbList\",\"@id\":\"https:\/\/product-guide.org\/produkt\/3d-uhr-motiv-linde-40cm-x-40cm-wohndesignplus\/#breadcrumb\",\"itemListElement\":[{\"@type\":\"ListItem\",\"position\":1,\"name\":\"Home\",\"item\":\"https:\/\/product-guide.org\/\"},{\"@type\":\"ListItem\",\"position\":2,\"name\":\"Ergebnisse\",\"item\":\"https:\/\/product-guide.org\/de\/ergebnisse\/\"},{\"@type\":\"ListItem\",\"position\":3,\"name\":\"3D-Uhr Motiv &#8220;Linde&#8221; 40cm x 40cm | Wohndesignplus\"}]},{\"@type\":\"WebSite\",\"@id\":\"https:\/\/product-guide.org\/#website\",\"url\":\"https:\/\/product-guide.org\/\",\"name\":\"Product-Guide.org\",\"description\":\"What Product are you looking for?\",\"publisher\":{\"@id\":\"https:\/\/product-guide.org\/#organization\"},\"potentialAction\":[{\"@type\":\"SearchAction\",\"target\":{\"@type\":\"EntryPoint\",\"urlTemplate\":\"https:\/\/product-guide.org\/?s={search_term_string}\"},\"query-input\":{\"@type\":\"PropertyValueSpecification\",\"valueRequired\":true,\"valueName\":\"search_term_string\"}}],\"inLanguage\":\"en-GB\"},{\"@type\":\"Organization\",\"@id\":\"https:\/\/product-guide.org\/#organization\",\"name\":\"Product-Guide.org\",\"url\":\"https:\/\/product-guide.org\/\",\"logo\":{\"@type\":\"ImageObject\",\"inLanguage\":\"en-GB\",\"@id\":\"https:\/\/product-guide.org\/#\/schema\/logo\/image\/\",\"url\":\"https:\/\/product-guide.org\/wp-content\/uploads\/2022\/07\/logo_transparent_background.png\",\"contentUrl\":\"https:\/\/product-guide.org\/wp-content\/uploads\/2022\/07\/logo_transparent_background.png\",\"width\":3400,\"height\":1132,\"caption\":\"Product-Guide.org\"},\"image\":{\"@id\":\"https:\/\/product-guide.org\/#\/schema\/logo\/image\/\"}}]}<\/script>\n<!-- \/ Yoast SEO plugin. -->","yoast_head_json":{"title":"3D-Uhr Motiv \"Linde\" 40cm x 40cm | Wohndesignplus | Product-Guide.org","description":"3D-Uhr Motiv \"Linde\" 40cm x 40cm | Wohndesignplus gefunden von Product-Guide.org","robots":{"index":"index","follow":"follow","max-snippet":"max-snippet:-1","max-image-preview":"max-image-preview:large","max-video-preview":"max-video-preview:-1"},"canonical":"https:\/\/product-guide.org\/en\/produkt\/3d-uhr-motiv-linde-40cm-x-40cm-wohndesignplus\/","og_locale":"en_GB","og_type":"article","og_title":"3D-Uhr Motiv \"Linde\" 40cm x 40cm | Wohndesignplus | Product-Guide.org","og_description":"3D-Uhr Motiv \"Linde\" 40cm x 40cm | Wohndesignplus gefunden von Product-Guide.org","og_url":"https:\/\/product-guide.org\/en\/produkt\/3d-uhr-motiv-linde-40cm-x-40cm-wohndesignplus\/","og_site_name":"Product-Guide.org","article_modified_time":"2025-03-17T09:18:00+00:00","twitter_card":"summary_large_image","schema":{"@context":"https:\/\/schema.org","@graph":[{"@type":"WebPage","@id":"https:\/\/product-guide.org\/produkt\/3d-uhr-motiv-linde-40cm-x-40cm-wohndesignplus\/","url":"https:\/\/product-guide.org\/produkt\/3d-uhr-motiv-linde-40cm-x-40cm-wohndesignplus\/","name":"3D-Uhr Motiv \"Linde\" 40cm x 40cm | Wohndesignplus | Product-Guide.org","isPartOf":{"@id":"https:\/\/product-guide.org\/#website"},"primaryImageOfPage":{"@id":"https:\/\/product-guide.org\/produkt\/3d-uhr-motiv-linde-40cm-x-40cm-wohndesignplus\/#primaryimage"},"image":{"@id":"https:\/\/product-guide.org\/produkt\/3d-uhr-motiv-linde-40cm-x-40cm-wohndesignplus\/#primaryimage"},"thumbnailUrl":"https:\/\/product-guide.org\/wp-content\/uploads\/2025\/03\/3D_Uhr_Linde_4040_01.jpg","datePublished":"2025-03-17T09:17:59+00:00","dateModified":"2025-03-17T09:18:00+00:00","description":"3D-Uhr Motiv \"Linde\" 40cm x 40cm | Wohndesignplus gefunden von Product-Guide.org","breadcrumb":{"@id":"https:\/\/product-guide.org\/produkt\/3d-uhr-motiv-linde-40cm-x-40cm-wohndesignplus\/#breadcrumb"},"inLanguage":"en-GB","potentialAction":[{"@type":"ReadAction","target":["https:\/\/product-guide.org\/produkt\/3d-uhr-motiv-linde-40cm-x-40cm-wohndesignplus\/"]}]},{"@type":"ImageObject","inLanguage":"en-GB","@id":"https:\/\/product-guide.org\/produkt\/3d-uhr-motiv-linde-40cm-x-40cm-wohndesignplus\/#primaryimage","url":"https:\/\/product-guide.org\/wp-content\/uploads\/2025\/03\/3D_Uhr_Linde_4040_01.jpg","contentUrl":"https:\/\/product-guide.org\/wp-content\/uploads\/2025\/03\/3D_Uhr_Linde_4040_01.jpg","width":800,"height":800},{"@type":"BreadcrumbList","@id":"https:\/\/product-guide.org\/produkt\/3d-uhr-motiv-linde-40cm-x-40cm-wohndesignplus\/#breadcrumb","itemListElement":[{"@type":"ListItem","position":1,"name":"Home","item":"https:\/\/product-guide.org\/"},{"@type":"ListItem","position":2,"name":"Ergebnisse","item":"https:\/\/product-guide.org\/de\/ergebnisse\/"},{"@type":"ListItem","position":3,"name":"3D-Uhr Motiv &#8220;Linde&#8221; 40cm x 40cm | Wohndesignplus"}]},{"@type":"WebSite","@id":"https:\/\/product-guide.org\/#website","url":"https:\/\/product-guide.org\/","name":"Product-Guide.org","description":"What Product are you looking for?","publisher":{"@id":"https:\/\/product-guide.org\/#organization"},"potentialAction":[{"@type":"SearchAction","target":{"@type":"EntryPoint","urlTemplate":"https:\/\/product-guide.org\/?s={search_term_string}"},"query-input":{"@type":"PropertyValueSpecification","valueRequired":true,"valueName":"search_term_string"}}],"inLanguage":"en-GB"},{"@type":"Organization","@id":"https:\/\/product-guide.org\/#organization","name":"Product-Guide.org","url":"https:\/\/product-guide.org\/","logo":{"@type":"ImageObject","inLanguage":"en-GB","@id":"https:\/\/product-guide.org\/#\/schema\/logo\/image\/","url":"https:\/\/product-guide.org\/wp-content\/uploads\/2022\/07\/logo_transparent_background.png","contentUrl":"https:\/\/product-guide.org\/wp-content\/uploads\/2022\/07\/logo_transparent_background.png","width":3400,"height":1132,"caption":"Product-Guide.org"},"image":{"@id":"https:\/\/product-guide.org\/#\/schema\/logo\/image\/"}}]}},"_links":{"self":[{"href":"https:\/\/product-guide.org\/en\/wp-json\/wp\/v2\/product\/47697","targetHints":{"allow":["GET"]}}],"collection":[{"href":"https:\/\/product-guide.org\/en\/wp-json\/wp\/v2\/product"}],"about":[{"href":"https:\/\/product-guide.org\/en\/wp-json\/wp\/v2\/types\/product"}],"wp:featuredmedia":[{"embeddable":true,"href":"https:\/\/product-guide.org\/en\/wp-json\/wp\/v2\/media\/47696"}],"wp:attachment":[{"href":"https:\/\/product-guide.org\/en\/wp-json\/wp\/v2\/media?parent=47697"}],"wp:term":[{"taxonomy":"store","embeddable":true,"href":"https:\/\/product-guide.org\/en\/wp-json\/wp\/v2\/store?post=47697"},{"taxonomy":"product_brand","embeddable":true,"href":"https:\/\/product-guide.org\/en\/wp-json\/wp\/v2\/product_brand?post=47697"},{"taxonomy":"product_cat","embeddable":true,"href":"https:\/\/product-guide.org\/en\/wp-json\/wp\/v2\/product_cat?post=47697"},{"taxonomy":"product_tag","embeddable":true,"href":"https:\/\/product-guide.org\/en\/wp-json\/wp\/v2\/product_tag?post=47697"}],"curies":[{"name":"wp","href":"https:\/\/api.w.org\/{rel}","templated":true}]}}