{"id":47707,"date":"2025-03-17T10:18:06","date_gmt":"2025-03-17T09:18:06","guid":{"rendered":"https:\/\/product-guide.org\/produkt\/weihnachtspaket-aus-5-tischlampen-wohndesignplus\/"},"modified":"2025-03-17T10:18:06","modified_gmt":"2025-03-17T09:18:06","slug":"weihnachtspaket-aus-5-tischlampen-wohndesignplus","status":"publish","type":"product","link":"https:\/\/product-guide.org\/en\/produkt\/weihnachtspaket-aus-5-tischlampen-wohndesignplus\/","title":{"rendered":"Weihnachtspaket aus 5 Tischlampen | Wohndesignplus"},"content":{"rendered":"<p>Weihnachtspaket bestehend aus: LED-Tischlampe \u201cWeihnachtskrippe Bethlehem\u201d 31cm x 31cmLED-Tischlampe \u201cWeihnachtskrippe\u201d 19cm x 19cmLED-Tischlampe \u201cEngel\u201d 19cm x 19cmLED-Tischlampe \u201cEngel mit Spitze\u201d 19cm x 19cmLED-Tischlampe \u201cEngel mit Fl\u00f6te\u201d 19cm x 19cmAlle f\u00fcnf LED-Tischlampen haben als Dekor dunkle Eiche.Kostenlose Gravur auf Wunsch Zum Weihnachtspaket gibt es die Gravur auf Wunsch kostenlos dazu.Wenn gew\u00fcnscht, dann bitte genaue Angabe, auf welche LED-Tischlampe welche Gravur soll.Bitte beachten: Die LED-Tischlampe &#8220;Bethlehem&#8221; kann nicht mit Batterie betrieben werden.F\u00fcr alle anderen Tischlampen besteht die M\u00f6glichkeit des Batteriebetriebs (gegen Aufpreis). Allgemeine Informationen zu den LED-Tischlampen: Die LED-Tischlampe besteht aus einem hintergrundbeleuchteten geschnitzten Motiv auf der Vorderseite und direktem wei\u00dfen Licht auf der R\u00fcckseite. Das Dekor ist frei w\u00e4hlbar. Die LED-Tischlampe ist mit energiesparenden LED-Streifen ausgestattet, die durch ein externes Steckernetzteil mit 12V versorgt werden.Durch das warme Licht hat man das Gef\u00fchl von Kerzenschein oder auch der untergehenden Sonne. In Verbindung mit dem entsprechenden Motiv vervollst\u00e4ndigt sich das wohlige Gef\u00fchl eines sch\u00f6nen Zuhauses.Die LED-Tischlampe besteht aus einer verdichteten Holzfaserplatte, die FSC- und PEFC-zertifiziert ist. Damit leisten wir unseren Beitrag f\u00fcr verantwortungsvolle Waldbewirtschaftung und nachhaltige Forstwirtschaft.Das Dekor der LED-Tischlampe wirkt durch seine nat\u00fcrliche Struktur sehr harmonisch.Die energiesparende LED-Hintergrundbeleuchtung ist austauschbar.Es handelt um ein Produkt der Energieeffizienzklasse &#8220;G&#8221;.Energielabel und Informationen zur Lichtquelle sind hier zu finden. Die Konformit\u00e4tserkl\u00e4rung ist hier zum Download bereitgestellt. Als Geschenk ist diese LED-Tischlampe bestens geeignet. Mit eigenem Foto bzw. Grafik kann eine solche Lampe individualisiert werden, mit einer Gravur dazu ist dies das perfekte Geschenk. Aber auch eins der vielen vorhandenen Motive macht diese LED-Tischlampe als Geschenk attraktiv. Auf dem Nachttisch platziert eignet sich die LED-Tischlampe einerseits als sch\u00f6ne Dekoration, andererseits als Leselampe. So wird\u2019s gem\u00fctlich.DETAILS:Die LED-Tischlampe wird \u00fcber einen Kippschalter bedient mit drei Positionen:Position 1: Dekoratives Licht (indirekte Beleuchtung des Motivs)Position 2: AusschaltenPosition 3: Dekoratives Licht plus direktes Licht auf der R\u00fcckseite\u00dcber ein USB-Kabel kann eine Powerbank oder eine andere Stromquelle (z. B. Computer) angeschlossen werden. Dieses Kabel ist unter Zubeh\u00f6r zu finden.Die Lampe verf\u00fcgt \u00fcber einen St\u00e4nder sowie ein Netzteil und ist mit einem Schalter ausgestattet.Hinweis:Zus\u00e4tzlich zur Lampe ist ein manueller Dimmer empfehlenswert, wenn die LED-Tischlampe zum Beispiel die ganze Nacht leuchten sollte (Kinderzimmer).Material:Das LED-Wandbild besteht aus einer 8mm-Faserplatte, die mit einem Dekor versehen ist. Die Oberfl\u00e4che ist best\u00e4ndig gegen Feuchtigkeit und direkte Sonneneinstrahlung. Das Motiv wird in die Platte geschnitten, zus\u00e4tzlich ist auf der R\u00fcckseite der Platte ein Rahmen zur Verst\u00e4rkung aufgebracht.Weitere Informationen zu den Dekoren sind hier zu finden. LED-Beleuchtung:Zur Verwendung in den LED-Wandbildern kommen hochwertige San&#8217;an SQ (Super Quality) LED-Chips mit einer Lebensdauer von 50.000 Stunden bei voller Helligkeit. Die LED-Wandbilder werden idealerweise mit ca. 80 % hinterleuchtet, was die Lebensdauer der LED-Streifen wesentlich positiv beeinflusst.Weitere Informationen zu den verwendeten LED-Streifen sind hier zu finden. Sollten wider Erwarten Austauscharbeiten n\u00f6tig sein, dann kann das selbst vorgenommen oder von uns \u00fcbernommen werden.BITTE BEACHTEN, dass Farbt\u00f6ne auf Abbildungen nicht immer der tats\u00e4chlichen Farbgebung entsprechen, auch sind Farbabweichungen durch unterschiedliche Monitor- bzw. Displayeinstellungen m\u00f6glich. Dekore k\u00f6nnen selbstverst\u00e4ndlich auch nicht 1:1 wie auf den Abbildungen aussehen.Detaillierte Informationen zu den unterschiedlichen LED-Tischlampen: Die LED-Tischlampen &#8220;Weihnachtskrippe&#8221;, &#8220;Engel&#8221;, &#8220;Engel mit Spitze&#8221; und &#8220;Engel mit Fl\u00f6te&#8221; mit 19cm x 19cm haben folgende Daten von Interesse:Abmessungen: 19cm x 19cm x 4,5cm (B\/H\/T)Dekor: dunkle EicheGewicht: ca. 0,7kgLichtfarbe indirektes Licht: extra warmes Wei\u00dfLichtfarbe direktes<\/p>\n","protected":false},"excerpt":{"rendered":"<p>Weihnachtspaket bestehend aus: LED-Tischlampe \u201cWeihnachtskrippe Bethlehem\u201d 31cm x 31cmLED-Tischlampe \u201cWeihnachtskrippe\u201d 19cm x 19cmLED-Tischlampe \u201cEngel\u201d 19cm x 19cmLED-Tischlampe \u201cEngel mit Spitze\u201d 19cm x 19cmLED-Tischlampe \u201cEngel mit Fl\u00f6te\u201d 19cm x 19cmAlle f\u00fcnf LED-Tischlampen haben als Dekor dunkle Eiche.Kostenlose Gravur auf Wunsch Zum Weihnachtspaket gibt es die Gravur auf Wunsch kostenlos dazu.Wenn gew\u00fcnscht, dann bitte genaue Angabe, auf [&hellip;]<\/p>\n","protected":false},"featured_media":47706,"template":"","meta":{"_gspb_post_css":""},"store":[],"product_brand":[1341],"product_cat":[1290],"product_tag":[],"class_list":{"0":"post-47707","1":"product","2":"type-product","3":"status-publish","4":"has-post-thumbnail","6":"product_brand-wohndesignplus","7":"product_cat-uncategorized","9":"first","10":"instock","11":"shipping-taxable","12":"purchasable","13":"product-type-simple"},"yoast_head":"<!-- This site is optimized with the Yoast SEO plugin v24.6 - https:\/\/yoast.com\/wordpress\/plugins\/seo\/ -->\n<title>Weihnachtspaket aus 5 Tischlampen | Wohndesignplus | Product-Guide.org<\/title>\n<meta name=\"description\" content=\"Weihnachtspaket aus 5 Tischlampen | Wohndesignplus gefunden von Product-Guide.org\" \/>\n<meta name=\"robots\" content=\"index, follow, max-snippet:-1, max-image-preview:large, max-video-preview:-1\" \/>\n<link rel=\"canonical\" href=\"https:\/\/product-guide.org\/en\/produkt\/weihnachtspaket-aus-5-tischlampen-wohndesignplus\/\" \/>\n<meta property=\"og:locale\" content=\"en_GB\" \/>\n<meta property=\"og:type\" content=\"article\" \/>\n<meta property=\"og:title\" content=\"Weihnachtspaket aus 5 Tischlampen | Wohndesignplus | Product-Guide.org\" \/>\n<meta property=\"og:description\" content=\"Weihnachtspaket aus 5 Tischlampen | Wohndesignplus gefunden von Product-Guide.org\" \/>\n<meta property=\"og:url\" content=\"https:\/\/product-guide.org\/en\/produkt\/weihnachtspaket-aus-5-tischlampen-wohndesignplus\/\" \/>\n<meta property=\"og:site_name\" content=\"Product-Guide.org\" \/>\n<meta name=\"twitter:card\" content=\"summary_large_image\" \/>\n<script type=\"application\/ld+json\" class=\"yoast-schema-graph\">{\"@context\":\"https:\/\/schema.org\",\"@graph\":[{\"@type\":\"WebPage\",\"@id\":\"https:\/\/product-guide.org\/produkt\/weihnachtspaket-aus-5-tischlampen-wohndesignplus\/\",\"url\":\"https:\/\/product-guide.org\/produkt\/weihnachtspaket-aus-5-tischlampen-wohndesignplus\/\",\"name\":\"Weihnachtspaket aus 5 Tischlampen | Wohndesignplus | Product-Guide.org\",\"isPartOf\":{\"@id\":\"https:\/\/product-guide.org\/#website\"},\"primaryImageOfPage\":{\"@id\":\"https:\/\/product-guide.org\/produkt\/weihnachtspaket-aus-5-tischlampen-wohndesignplus\/#primaryimage\"},\"image\":{\"@id\":\"https:\/\/product-guide.org\/produkt\/weihnachtspaket-aus-5-tischlampen-wohndesignplus\/#primaryimage\"},\"thumbnailUrl\":\"https:\/\/product-guide.org\/wp-content\/uploads\/2025\/03\/Weihnachtspaket_002.jpg\",\"datePublished\":\"2025-03-17T09:18:06+00:00\",\"description\":\"Weihnachtspaket aus 5 Tischlampen | Wohndesignplus gefunden von Product-Guide.org\",\"breadcrumb\":{\"@id\":\"https:\/\/product-guide.org\/produkt\/weihnachtspaket-aus-5-tischlampen-wohndesignplus\/#breadcrumb\"},\"inLanguage\":\"en-GB\",\"potentialAction\":[{\"@type\":\"ReadAction\",\"target\":[\"https:\/\/product-guide.org\/produkt\/weihnachtspaket-aus-5-tischlampen-wohndesignplus\/\"]}]},{\"@type\":\"ImageObject\",\"inLanguage\":\"en-GB\",\"@id\":\"https:\/\/product-guide.org\/produkt\/weihnachtspaket-aus-5-tischlampen-wohndesignplus\/#primaryimage\",\"url\":\"https:\/\/product-guide.org\/wp-content\/uploads\/2025\/03\/Weihnachtspaket_002.jpg\",\"contentUrl\":\"https:\/\/product-guide.org\/wp-content\/uploads\/2025\/03\/Weihnachtspaket_002.jpg\",\"width\":800,\"height\":800},{\"@type\":\"BreadcrumbList\",\"@id\":\"https:\/\/product-guide.org\/produkt\/weihnachtspaket-aus-5-tischlampen-wohndesignplus\/#breadcrumb\",\"itemListElement\":[{\"@type\":\"ListItem\",\"position\":1,\"name\":\"Home\",\"item\":\"https:\/\/product-guide.org\/\"},{\"@type\":\"ListItem\",\"position\":2,\"name\":\"Ergebnisse\",\"item\":\"https:\/\/product-guide.org\/de\/ergebnisse\/\"},{\"@type\":\"ListItem\",\"position\":3,\"name\":\"Weihnachtspaket aus 5 Tischlampen | Wohndesignplus\"}]},{\"@type\":\"WebSite\",\"@id\":\"https:\/\/product-guide.org\/#website\",\"url\":\"https:\/\/product-guide.org\/\",\"name\":\"Product-Guide.org\",\"description\":\"What Product are you looking for?\",\"publisher\":{\"@id\":\"https:\/\/product-guide.org\/#organization\"},\"potentialAction\":[{\"@type\":\"SearchAction\",\"target\":{\"@type\":\"EntryPoint\",\"urlTemplate\":\"https:\/\/product-guide.org\/?s={search_term_string}\"},\"query-input\":{\"@type\":\"PropertyValueSpecification\",\"valueRequired\":true,\"valueName\":\"search_term_string\"}}],\"inLanguage\":\"en-GB\"},{\"@type\":\"Organization\",\"@id\":\"https:\/\/product-guide.org\/#organization\",\"name\":\"Product-Guide.org\",\"url\":\"https:\/\/product-guide.org\/\",\"logo\":{\"@type\":\"ImageObject\",\"inLanguage\":\"en-GB\",\"@id\":\"https:\/\/product-guide.org\/#\/schema\/logo\/image\/\",\"url\":\"https:\/\/product-guide.org\/wp-content\/uploads\/2022\/07\/logo_transparent_background.png\",\"contentUrl\":\"https:\/\/product-guide.org\/wp-content\/uploads\/2022\/07\/logo_transparent_background.png\",\"width\":3400,\"height\":1132,\"caption\":\"Product-Guide.org\"},\"image\":{\"@id\":\"https:\/\/product-guide.org\/#\/schema\/logo\/image\/\"}}]}<\/script>\n<!-- \/ Yoast SEO plugin. -->","yoast_head_json":{"title":"Weihnachtspaket aus 5 Tischlampen | Wohndesignplus | Product-Guide.org","description":"Weihnachtspaket aus 5 Tischlampen | Wohndesignplus gefunden von Product-Guide.org","robots":{"index":"index","follow":"follow","max-snippet":"max-snippet:-1","max-image-preview":"max-image-preview:large","max-video-preview":"max-video-preview:-1"},"canonical":"https:\/\/product-guide.org\/en\/produkt\/weihnachtspaket-aus-5-tischlampen-wohndesignplus\/","og_locale":"en_GB","og_type":"article","og_title":"Weihnachtspaket aus 5 Tischlampen | Wohndesignplus | Product-Guide.org","og_description":"Weihnachtspaket aus 5 Tischlampen | Wohndesignplus gefunden von Product-Guide.org","og_url":"https:\/\/product-guide.org\/en\/produkt\/weihnachtspaket-aus-5-tischlampen-wohndesignplus\/","og_site_name":"Product-Guide.org","twitter_card":"summary_large_image","schema":{"@context":"https:\/\/schema.org","@graph":[{"@type":"WebPage","@id":"https:\/\/product-guide.org\/produkt\/weihnachtspaket-aus-5-tischlampen-wohndesignplus\/","url":"https:\/\/product-guide.org\/produkt\/weihnachtspaket-aus-5-tischlampen-wohndesignplus\/","name":"Weihnachtspaket aus 5 Tischlampen | Wohndesignplus | Product-Guide.org","isPartOf":{"@id":"https:\/\/product-guide.org\/#website"},"primaryImageOfPage":{"@id":"https:\/\/product-guide.org\/produkt\/weihnachtspaket-aus-5-tischlampen-wohndesignplus\/#primaryimage"},"image":{"@id":"https:\/\/product-guide.org\/produkt\/weihnachtspaket-aus-5-tischlampen-wohndesignplus\/#primaryimage"},"thumbnailUrl":"https:\/\/product-guide.org\/wp-content\/uploads\/2025\/03\/Weihnachtspaket_002.jpg","datePublished":"2025-03-17T09:18:06+00:00","description":"Weihnachtspaket aus 5 Tischlampen | Wohndesignplus gefunden von Product-Guide.org","breadcrumb":{"@id":"https:\/\/product-guide.org\/produkt\/weihnachtspaket-aus-5-tischlampen-wohndesignplus\/#breadcrumb"},"inLanguage":"en-GB","potentialAction":[{"@type":"ReadAction","target":["https:\/\/product-guide.org\/produkt\/weihnachtspaket-aus-5-tischlampen-wohndesignplus\/"]}]},{"@type":"ImageObject","inLanguage":"en-GB","@id":"https:\/\/product-guide.org\/produkt\/weihnachtspaket-aus-5-tischlampen-wohndesignplus\/#primaryimage","url":"https:\/\/product-guide.org\/wp-content\/uploads\/2025\/03\/Weihnachtspaket_002.jpg","contentUrl":"https:\/\/product-guide.org\/wp-content\/uploads\/2025\/03\/Weihnachtspaket_002.jpg","width":800,"height":800},{"@type":"BreadcrumbList","@id":"https:\/\/product-guide.org\/produkt\/weihnachtspaket-aus-5-tischlampen-wohndesignplus\/#breadcrumb","itemListElement":[{"@type":"ListItem","position":1,"name":"Home","item":"https:\/\/product-guide.org\/"},{"@type":"ListItem","position":2,"name":"Ergebnisse","item":"https:\/\/product-guide.org\/de\/ergebnisse\/"},{"@type":"ListItem","position":3,"name":"Weihnachtspaket aus 5 Tischlampen | Wohndesignplus"}]},{"@type":"WebSite","@id":"https:\/\/product-guide.org\/#website","url":"https:\/\/product-guide.org\/","name":"Product-Guide.org","description":"What Product are you looking for?","publisher":{"@id":"https:\/\/product-guide.org\/#organization"},"potentialAction":[{"@type":"SearchAction","target":{"@type":"EntryPoint","urlTemplate":"https:\/\/product-guide.org\/?s={search_term_string}"},"query-input":{"@type":"PropertyValueSpecification","valueRequired":true,"valueName":"search_term_string"}}],"inLanguage":"en-GB"},{"@type":"Organization","@id":"https:\/\/product-guide.org\/#organization","name":"Product-Guide.org","url":"https:\/\/product-guide.org\/","logo":{"@type":"ImageObject","inLanguage":"en-GB","@id":"https:\/\/product-guide.org\/#\/schema\/logo\/image\/","url":"https:\/\/product-guide.org\/wp-content\/uploads\/2022\/07\/logo_transparent_background.png","contentUrl":"https:\/\/product-guide.org\/wp-content\/uploads\/2022\/07\/logo_transparent_background.png","width":3400,"height":1132,"caption":"Product-Guide.org"},"image":{"@id":"https:\/\/product-guide.org\/#\/schema\/logo\/image\/"}}]}},"_links":{"self":[{"href":"https:\/\/product-guide.org\/en\/wp-json\/wp\/v2\/product\/47707","targetHints":{"allow":["GET"]}}],"collection":[{"href":"https:\/\/product-guide.org\/en\/wp-json\/wp\/v2\/product"}],"about":[{"href":"https:\/\/product-guide.org\/en\/wp-json\/wp\/v2\/types\/product"}],"wp:featuredmedia":[{"embeddable":true,"href":"https:\/\/product-guide.org\/en\/wp-json\/wp\/v2\/media\/47706"}],"wp:attachment":[{"href":"https:\/\/product-guide.org\/en\/wp-json\/wp\/v2\/media?parent=47707"}],"wp:term":[{"taxonomy":"store","embeddable":true,"href":"https:\/\/product-guide.org\/en\/wp-json\/wp\/v2\/store?post=47707"},{"taxonomy":"product_brand","embeddable":true,"href":"https:\/\/product-guide.org\/en\/wp-json\/wp\/v2\/product_brand?post=47707"},{"taxonomy":"product_cat","embeddable":true,"href":"https:\/\/product-guide.org\/en\/wp-json\/wp\/v2\/product_cat?post=47707"},{"taxonomy":"product_tag","embeddable":true,"href":"https:\/\/product-guide.org\/en\/wp-json\/wp\/v2\/product_tag?post=47707"}],"curies":[{"name":"wp","href":"https:\/\/api.w.org\/{rel}","templated":true}]}}