{"id":47709,"date":"2025-03-17T10:18:07","date_gmt":"2025-03-17T09:18:07","guid":{"rendered":"https:\/\/product-guide.org\/produkt\/led-wandbild-olivenbaum-42cm-x-42cm-mit-batterie-wohndesignplus\/"},"modified":"2025-03-17T10:18:07","modified_gmt":"2025-03-17T09:18:07","slug":"led-wandbild-olivenbaum-42cm-x-42cm-mit-batterie-wohndesignplus","status":"publish","type":"product","link":"https:\/\/product-guide.org\/en\/produkt\/led-wandbild-olivenbaum-42cm-x-42cm-mit-batterie-wohndesignplus\/","title":{"rendered":"LED-Wandbild &#8220;Olivenbaum&#8221; 42cm x 42cm mit Batterie | Wohndesignplus"},"content":{"rendered":"<p>Das nach hinten offene LED-Wandbild beleuchtet die dahinterliegende Wand des Raumes und diese reflektiert das Licht ohne zu blenden.Durch das warme Licht hat man das Gef\u00fchl von Kerzenschein oder auch der untergehenden Sonne. In Verbindung mit dem entsprechenden Motiv vervollst\u00e4ndigt sich das wohlige Gef\u00fchl eines sch\u00f6nes Zuhauses.Das LED-Wandbild besteht aus einer verdichteten Holzfaserplatte, die FSC- und PEFC-zertifiziert ist. Damit leisten wir unseren Beitrag f\u00fcr verantwortungsvolle Waldbewirtschaftung und nachhaltige Forstwirtschaft.Das Dekor des LED-Wandbildes wirkt durch seine nat\u00fcrliche Struktur sehr harmonisch.Die energiesparende LED-Hintergrundbeleuchtung ist austauschbar.Es handelt um ein Produkt der Energieeffizienzklasse &#8220;G&#8221;.Energielabel und Informationen zur Lichtquelle sind hier zu finden. Die Konformit\u00e4tserkl\u00e4rung ist hier zum Download bereitgestellt. DETAILS:Anschluss:Der gew\u00fcnschte Standort des LED-Wandbildes verf\u00fcgt \u00fcber keine M\u00f6glichkeit eines 230V-Anschlusses? Dann ist die Variante mit eigenem Akku (Batteriebetrieb) die L\u00f6sung. Die Kapazit\u00e4t reicht aus, um mehrere Tage ohne Aufzuladen auszukommen bei ein paar Stunden abendlicher Benutzung, nat\u00fcrlich auch abh\u00e4ngig von der Helligkeitseinstellung sowie der Gr\u00f6\u00dfe des Wandbildes.Der Akku ist \u00fcber ein handels\u00fcbliches USB-Ladeger\u00e4t (Handy) mit einem Mindestladestrom von 2A aufladbar. Der Akku (Powerbank) wird seitlich in das LED-Wandbild eingeschoben. Er ist leicht entfernbar, ohne das LED-Wandbild von der Wand nehmen zu m\u00fcssen.Varianten:Variante 1 \u2013 Das LED-Wandbild ist mit einem Tastdimmer ausgestattet, der seitlich am LED-Wandbild angebracht ist. Diese Variante eignet sich sehr gut, wenn die Lichtintensit\u00e4t sehr gering sein soll. Bei dieser Variante wird alles nur \u00fcber die eine Taste bedient.Variante 2 \u2013 Die Helligkeit des LED-Wandbildes wird einer Fernbedienung reguliert. Die Steuerung (An\/Aus und Dimmen) erfolgt entweder \u00fcber einen Taster an der Seite des LED-Wandbildes oder \u00fcber die Fernbedienung. Etwaige Einschr\u00e4nkungen beim Dimmen ergeben sich aus dem Batterietyp und der Fernbedienung. Vor dem Einschalten des LED-Wandbildes muss erst die Batterie durch einen Taster aktiviert werden.Die Lichtst\u00e4rke ist bei beiden Varianten gleich.Material:Das LED-Wandbild besteht aus einer 8mm-Faserplatte, die mit einem Dekor versehen ist. Die Oberfl\u00e4che ist best\u00e4ndig gegen Feuchtigkeit und direkte Sonneneinstrahlung. Das Motiv wird in die Platte geschnitten, zus\u00e4tzlich ist auf der R\u00fcckseite der Platte ein Rahmen zur Verst\u00e4rkung aufgebracht.Weitere Informationen zu den Dekoren sind hier zu finden. LED-Beleuchtung:Zur Verwendung in den LED-Wandbildern kommen hochwertige San&#8217;an SQ (Super Quality) LED-Chips mit einer Lebensdauer von 50.000 Stunden bei voller Helligkeit. Die LED-Wandbilder werden idealerweise mit ca. 80 % hinterleuchtet, was die Lebensdauer der LED-Streifen wesentlich positiv beeinflusst.Weitere Informationen zu den verwendeten LED-Streifen sind hier zu finden. Sollten wider Erwarten Austauscharbeiten m\u00f6glich sein, dann kann das selbst vorgenommen oder von uns \u00fcbernommen werden.Hinweis: Das LED-Wandbild ist auf der R\u00fcckseite offen (es gibt keine R\u00fcckwand), das Licht scheint auch zu den Seiten. Unebenheiten an der Wand k\u00f6nnen durch die durchgeschnittenen Teile sichtbar sein. Empfehlenswert daher vor dem Aufh\u00e4ngen, die Wand entsprechend zu pr\u00fcfen und vorzubereiten.Optional erh\u00e4ltlich:- Fernbedienung in verschiedenen Ausf\u00fchrungen je nach gew\u00e4hlter Variante- Zus\u00e4tzlicher Akku \u2013 Sehr zu empfehlen, wenn Sie das LED-Wandbild h\u00e4ufiger verwenden. Der Akku ist leicht austauschbar, eine Unterbrechung der Beleuchtung findet quasi nur bei Akkuwechsel statt. Der Akku (Powerbank) ist au\u00dferdem universell einsetzbar und kann zum Beispiel auf Reisen oder zuhause zum Laden passender Ger\u00e4te (Handy, Tablet etc.) verwendet werden.- Individuelle Gr\u00f6\u00dfen, (fast) alles ist m\u00f6glich- Sie k\u00f6nnen das LED-Wandbild auch in einer anderen Gr\u00f6\u00dfe bestellen, oder das Motiv oder die Farben der Hintergrundbeleuchtung anpassen. Das Motiv kann auch ein eigenes sein, Foto, Abbildung, Skizze &#8230;- Gravur\/Personalisierung \u2013 Ein eigener Text (z. B. ein Wunsch, ein Motto, ein flotter Spruch) kann auf das LED-Wandbild graviert werden. Bei der Bestellung einfach als Zusatzoption \u201eGravur\u201c ausw\u00e4hlen und den entsprechenden Text im zugeh\u00f6rigen Texteingabefeld eingeben.Zum Lieferumfang<\/p>\n","protected":false},"excerpt":{"rendered":"<p>Das nach hinten offene LED-Wandbild beleuchtet die dahinterliegende Wand des Raumes und diese reflektiert das Licht ohne zu blenden.Durch das warme Licht hat man das Gef\u00fchl von Kerzenschein oder auch der untergehenden Sonne. In Verbindung mit dem entsprechenden Motiv vervollst\u00e4ndigt sich das wohlige Gef\u00fchl eines sch\u00f6nes Zuhauses.Das LED-Wandbild besteht aus einer verdichteten Holzfaserplatte, die FSC- [&hellip;]<\/p>\n","protected":false},"featured_media":47708,"template":"","meta":{"_gspb_post_css":""},"store":[],"product_brand":[1341],"product_cat":[1290],"product_tag":[],"class_list":{"0":"post-47709","1":"product","2":"type-product","3":"status-publish","4":"has-post-thumbnail","6":"product_brand-wohndesignplus","7":"product_cat-uncategorized","9":"first","10":"instock","11":"shipping-taxable","12":"purchasable","13":"product-type-simple"},"yoast_head":"<!-- This site is optimized with the Yoast SEO plugin v24.6 - https:\/\/yoast.com\/wordpress\/plugins\/seo\/ -->\n<title>LED-Wandbild &quot;Olivenbaum&quot; 42cm x 42cm mit Batterie | Wohndesignplus | Product-Guide.org<\/title>\n<meta name=\"description\" content=\"LED-Wandbild &quot;Olivenbaum&quot; 42cm x 42cm mit Batterie | Wohndesignplus gefunden von Product-Guide.org\" \/>\n<meta name=\"robots\" content=\"index, follow, max-snippet:-1, max-image-preview:large, max-video-preview:-1\" \/>\n<link rel=\"canonical\" href=\"https:\/\/product-guide.org\/en\/produkt\/led-wandbild-olivenbaum-42cm-x-42cm-mit-batterie-wohndesignplus\/\" \/>\n<meta property=\"og:locale\" content=\"en_GB\" \/>\n<meta property=\"og:type\" content=\"article\" \/>\n<meta property=\"og:title\" content=\"LED-Wandbild &quot;Olivenbaum&quot; 42cm x 42cm mit Batterie | Wohndesignplus | Product-Guide.org\" \/>\n<meta property=\"og:description\" content=\"LED-Wandbild &quot;Olivenbaum&quot; 42cm x 42cm mit Batterie | Wohndesignplus gefunden von Product-Guide.org\" \/>\n<meta property=\"og:url\" content=\"https:\/\/product-guide.org\/en\/produkt\/led-wandbild-olivenbaum-42cm-x-42cm-mit-batterie-wohndesignplus\/\" \/>\n<meta property=\"og:site_name\" content=\"Product-Guide.org\" \/>\n<meta name=\"twitter:card\" content=\"summary_large_image\" \/>\n<script type=\"application\/ld+json\" class=\"yoast-schema-graph\">{\"@context\":\"https:\/\/schema.org\",\"@graph\":[{\"@type\":\"WebPage\",\"@id\":\"https:\/\/product-guide.org\/produkt\/led-wandbild-olivenbaum-42cm-x-42cm-mit-batterie-wohndesignplus\/\",\"url\":\"https:\/\/product-guide.org\/produkt\/led-wandbild-olivenbaum-42cm-x-42cm-mit-batterie-wohndesignplus\/\",\"name\":\"LED-Wandbild \\\"Olivenbaum\\\" 42cm x 42cm mit Batterie | Wohndesignplus | Product-Guide.org\",\"isPartOf\":{\"@id\":\"https:\/\/product-guide.org\/#website\"},\"primaryImageOfPage\":{\"@id\":\"https:\/\/product-guide.org\/produkt\/led-wandbild-olivenbaum-42cm-x-42cm-mit-batterie-wohndesignplus\/#primaryimage\"},\"image\":{\"@id\":\"https:\/\/product-guide.org\/produkt\/led-wandbild-olivenbaum-42cm-x-42cm-mit-batterie-wohndesignplus\/#primaryimage\"},\"thumbnailUrl\":\"https:\/\/product-guide.org\/wp-content\/uploads\/2025\/03\/LED_Wandbild_Olivenbaum_4242_01.jpg\",\"datePublished\":\"2025-03-17T09:18:07+00:00\",\"description\":\"LED-Wandbild \\\"Olivenbaum\\\" 42cm x 42cm mit Batterie | Wohndesignplus gefunden von Product-Guide.org\",\"breadcrumb\":{\"@id\":\"https:\/\/product-guide.org\/produkt\/led-wandbild-olivenbaum-42cm-x-42cm-mit-batterie-wohndesignplus\/#breadcrumb\"},\"inLanguage\":\"en-GB\",\"potentialAction\":[{\"@type\":\"ReadAction\",\"target\":[\"https:\/\/product-guide.org\/produkt\/led-wandbild-olivenbaum-42cm-x-42cm-mit-batterie-wohndesignplus\/\"]}]},{\"@type\":\"ImageObject\",\"inLanguage\":\"en-GB\",\"@id\":\"https:\/\/product-guide.org\/produkt\/led-wandbild-olivenbaum-42cm-x-42cm-mit-batterie-wohndesignplus\/#primaryimage\",\"url\":\"https:\/\/product-guide.org\/wp-content\/uploads\/2025\/03\/LED_Wandbild_Olivenbaum_4242_01.jpg\",\"contentUrl\":\"https:\/\/product-guide.org\/wp-content\/uploads\/2025\/03\/LED_Wandbild_Olivenbaum_4242_01.jpg\",\"width\":800,\"height\":800},{\"@type\":\"BreadcrumbList\",\"@id\":\"https:\/\/product-guide.org\/produkt\/led-wandbild-olivenbaum-42cm-x-42cm-mit-batterie-wohndesignplus\/#breadcrumb\",\"itemListElement\":[{\"@type\":\"ListItem\",\"position\":1,\"name\":\"Home\",\"item\":\"https:\/\/product-guide.org\/\"},{\"@type\":\"ListItem\",\"position\":2,\"name\":\"Ergebnisse\",\"item\":\"https:\/\/product-guide.org\/de\/ergebnisse\/\"},{\"@type\":\"ListItem\",\"position\":3,\"name\":\"LED-Wandbild &#8220;Olivenbaum&#8221; 42cm x 42cm mit Batterie | Wohndesignplus\"}]},{\"@type\":\"WebSite\",\"@id\":\"https:\/\/product-guide.org\/#website\",\"url\":\"https:\/\/product-guide.org\/\",\"name\":\"Product-Guide.org\",\"description\":\"What Product are you looking for?\",\"publisher\":{\"@id\":\"https:\/\/product-guide.org\/#organization\"},\"potentialAction\":[{\"@type\":\"SearchAction\",\"target\":{\"@type\":\"EntryPoint\",\"urlTemplate\":\"https:\/\/product-guide.org\/?s={search_term_string}\"},\"query-input\":{\"@type\":\"PropertyValueSpecification\",\"valueRequired\":true,\"valueName\":\"search_term_string\"}}],\"inLanguage\":\"en-GB\"},{\"@type\":\"Organization\",\"@id\":\"https:\/\/product-guide.org\/#organization\",\"name\":\"Product-Guide.org\",\"url\":\"https:\/\/product-guide.org\/\",\"logo\":{\"@type\":\"ImageObject\",\"inLanguage\":\"en-GB\",\"@id\":\"https:\/\/product-guide.org\/#\/schema\/logo\/image\/\",\"url\":\"https:\/\/product-guide.org\/wp-content\/uploads\/2022\/07\/logo_transparent_background.png\",\"contentUrl\":\"https:\/\/product-guide.org\/wp-content\/uploads\/2022\/07\/logo_transparent_background.png\",\"width\":3400,\"height\":1132,\"caption\":\"Product-Guide.org\"},\"image\":{\"@id\":\"https:\/\/product-guide.org\/#\/schema\/logo\/image\/\"}}]}<\/script>\n<!-- \/ Yoast SEO plugin. -->","yoast_head_json":{"title":"LED-Wandbild \"Olivenbaum\" 42cm x 42cm mit Batterie | Wohndesignplus | Product-Guide.org","description":"LED-Wandbild \"Olivenbaum\" 42cm x 42cm mit Batterie | Wohndesignplus gefunden von Product-Guide.org","robots":{"index":"index","follow":"follow","max-snippet":"max-snippet:-1","max-image-preview":"max-image-preview:large","max-video-preview":"max-video-preview:-1"},"canonical":"https:\/\/product-guide.org\/en\/produkt\/led-wandbild-olivenbaum-42cm-x-42cm-mit-batterie-wohndesignplus\/","og_locale":"en_GB","og_type":"article","og_title":"LED-Wandbild \"Olivenbaum\" 42cm x 42cm mit Batterie | Wohndesignplus | Product-Guide.org","og_description":"LED-Wandbild \"Olivenbaum\" 42cm x 42cm mit Batterie | Wohndesignplus gefunden von Product-Guide.org","og_url":"https:\/\/product-guide.org\/en\/produkt\/led-wandbild-olivenbaum-42cm-x-42cm-mit-batterie-wohndesignplus\/","og_site_name":"Product-Guide.org","twitter_card":"summary_large_image","schema":{"@context":"https:\/\/schema.org","@graph":[{"@type":"WebPage","@id":"https:\/\/product-guide.org\/produkt\/led-wandbild-olivenbaum-42cm-x-42cm-mit-batterie-wohndesignplus\/","url":"https:\/\/product-guide.org\/produkt\/led-wandbild-olivenbaum-42cm-x-42cm-mit-batterie-wohndesignplus\/","name":"LED-Wandbild \"Olivenbaum\" 42cm x 42cm mit Batterie | Wohndesignplus | Product-Guide.org","isPartOf":{"@id":"https:\/\/product-guide.org\/#website"},"primaryImageOfPage":{"@id":"https:\/\/product-guide.org\/produkt\/led-wandbild-olivenbaum-42cm-x-42cm-mit-batterie-wohndesignplus\/#primaryimage"},"image":{"@id":"https:\/\/product-guide.org\/produkt\/led-wandbild-olivenbaum-42cm-x-42cm-mit-batterie-wohndesignplus\/#primaryimage"},"thumbnailUrl":"https:\/\/product-guide.org\/wp-content\/uploads\/2025\/03\/LED_Wandbild_Olivenbaum_4242_01.jpg","datePublished":"2025-03-17T09:18:07+00:00","description":"LED-Wandbild \"Olivenbaum\" 42cm x 42cm mit Batterie | Wohndesignplus gefunden von Product-Guide.org","breadcrumb":{"@id":"https:\/\/product-guide.org\/produkt\/led-wandbild-olivenbaum-42cm-x-42cm-mit-batterie-wohndesignplus\/#breadcrumb"},"inLanguage":"en-GB","potentialAction":[{"@type":"ReadAction","target":["https:\/\/product-guide.org\/produkt\/led-wandbild-olivenbaum-42cm-x-42cm-mit-batterie-wohndesignplus\/"]}]},{"@type":"ImageObject","inLanguage":"en-GB","@id":"https:\/\/product-guide.org\/produkt\/led-wandbild-olivenbaum-42cm-x-42cm-mit-batterie-wohndesignplus\/#primaryimage","url":"https:\/\/product-guide.org\/wp-content\/uploads\/2025\/03\/LED_Wandbild_Olivenbaum_4242_01.jpg","contentUrl":"https:\/\/product-guide.org\/wp-content\/uploads\/2025\/03\/LED_Wandbild_Olivenbaum_4242_01.jpg","width":800,"height":800},{"@type":"BreadcrumbList","@id":"https:\/\/product-guide.org\/produkt\/led-wandbild-olivenbaum-42cm-x-42cm-mit-batterie-wohndesignplus\/#breadcrumb","itemListElement":[{"@type":"ListItem","position":1,"name":"Home","item":"https:\/\/product-guide.org\/"},{"@type":"ListItem","position":2,"name":"Ergebnisse","item":"https:\/\/product-guide.org\/de\/ergebnisse\/"},{"@type":"ListItem","position":3,"name":"LED-Wandbild &#8220;Olivenbaum&#8221; 42cm x 42cm mit Batterie | Wohndesignplus"}]},{"@type":"WebSite","@id":"https:\/\/product-guide.org\/#website","url":"https:\/\/product-guide.org\/","name":"Product-Guide.org","description":"What Product are you looking for?","publisher":{"@id":"https:\/\/product-guide.org\/#organization"},"potentialAction":[{"@type":"SearchAction","target":{"@type":"EntryPoint","urlTemplate":"https:\/\/product-guide.org\/?s={search_term_string}"},"query-input":{"@type":"PropertyValueSpecification","valueRequired":true,"valueName":"search_term_string"}}],"inLanguage":"en-GB"},{"@type":"Organization","@id":"https:\/\/product-guide.org\/#organization","name":"Product-Guide.org","url":"https:\/\/product-guide.org\/","logo":{"@type":"ImageObject","inLanguage":"en-GB","@id":"https:\/\/product-guide.org\/#\/schema\/logo\/image\/","url":"https:\/\/product-guide.org\/wp-content\/uploads\/2022\/07\/logo_transparent_background.png","contentUrl":"https:\/\/product-guide.org\/wp-content\/uploads\/2022\/07\/logo_transparent_background.png","width":3400,"height":1132,"caption":"Product-Guide.org"},"image":{"@id":"https:\/\/product-guide.org\/#\/schema\/logo\/image\/"}}]}},"_links":{"self":[{"href":"https:\/\/product-guide.org\/en\/wp-json\/wp\/v2\/product\/47709","targetHints":{"allow":["GET"]}}],"collection":[{"href":"https:\/\/product-guide.org\/en\/wp-json\/wp\/v2\/product"}],"about":[{"href":"https:\/\/product-guide.org\/en\/wp-json\/wp\/v2\/types\/product"}],"wp:featuredmedia":[{"embeddable":true,"href":"https:\/\/product-guide.org\/en\/wp-json\/wp\/v2\/media\/47708"}],"wp:attachment":[{"href":"https:\/\/product-guide.org\/en\/wp-json\/wp\/v2\/media?parent=47709"}],"wp:term":[{"taxonomy":"store","embeddable":true,"href":"https:\/\/product-guide.org\/en\/wp-json\/wp\/v2\/store?post=47709"},{"taxonomy":"product_brand","embeddable":true,"href":"https:\/\/product-guide.org\/en\/wp-json\/wp\/v2\/product_brand?post=47709"},{"taxonomy":"product_cat","embeddable":true,"href":"https:\/\/product-guide.org\/en\/wp-json\/wp\/v2\/product_cat?post=47709"},{"taxonomy":"product_tag","embeddable":true,"href":"https:\/\/product-guide.org\/en\/wp-json\/wp\/v2\/product_tag?post=47709"}],"curies":[{"name":"wp","href":"https:\/\/api.w.org\/{rel}","templated":true}]}}