{"id":47787,"date":"2025-03-17T10:18:57","date_gmt":"2025-03-17T09:18:57","guid":{"rendered":"https:\/\/product-guide.org\/produkt\/amsterdam-duftkerze-cannabispflanze-kaschmirholz-blumen-2er-pack-5-euro-sparen-so-riecht-die-welt\/"},"modified":"2025-03-17T10:18:57","modified_gmt":"2025-03-17T09:18:57","slug":"amsterdam-duftkerze-cannabispflanze-kaschmirholz-blumen-2er-pack-5-euro-sparen-so-riecht-die-welt","status":"publish","type":"product","link":"https:\/\/product-guide.org\/en\/produkt\/amsterdam-duftkerze-cannabispflanze-kaschmirholz-blumen-2er-pack-5-euro-sparen-so-riecht-die-welt\/","title":{"rendered":"Amsterdam Duftkerze &#8211; Cannabispflanze | Kaschmirholz | Blumen &#8211; 2er Pack ( 5 Euro sparen ) | So riecht die Welt"},"content":{"rendered":"<p>So riecht Amsterdam: Amsterdam ist nicht super gro\u00df und trotzdem sehr international. Die Stadt hat die sch\u00f6nsten Br\u00fccken, Kan\u00e4le und Hausboote der Welt. Der junge und sehr kreativen Flair dieser Stadt machtsie so besonders. Nat\u00fcrlich steht Cannabis f\u00fcr viele f\u00fcr Amsterdam, deswegen haben wir es auch sehr dezent in unseren edlen Amsterdam Duft integriert. Erg\u00e4nzt haben wir es mit Noten von Kaschmirholz und abgerundet mit einem Bucket aus Blumenaromen. Zusammen mit dem nat\u00fcrlichen Sonnenblumen-Olivenwachs Gemisch entwickelt sich schnell ein blumiges, junges und frisches Raumklima, welches Ihnen mit ca. 60 Stunden Brenndauer der Kerze, lange erhalten bleibt. Koordinaten: 52o22&#8217;21.94&#8243; N &#8211; 4o53&#8217;36.97&#8243; E Amsterdam ist die Hauptstadt der Niederlande. Sie ist f\u00fcr ihr k\u00fcnstlerisches Erbe, ein weit verzweigtes Grachtensystem und schmale H\u00e4user mit Giebelfassaden bekannt, die auf das sogenannte Goldene Zeitalter der Stadt im 17. Jahrhundert zur\u00fcckgehen TRANSLATE with x English Arabic Hebrew Polish Bulgarian Hindi Portuguese Catalan Hmong Daw Romanian Chinese Simplified Hungarian Russian Chinese Traditional Indonesian Slovak Czech Italian Slovenian Danish Japanese Spanish Dutch Klingon Swedish English Korean Thai Estonian Latvian Turkish Finnish Lithuanian Ukrainian French Malay Urdu German Maltese Vietnamese Greek Norwegian Welsh Haitian Creole Persian \/\/ TRANSLATE with COPY THE URL BELOW Back EMBED THE SNIPPET BELOW IN YOUR SITE Enable collaborative features and customize widget: Bing Webmaster Portal Back \/\/ ORIGINAL: &#8220;; langMenu.appendChild(origLangDiv); LanguageMenu.Init(&#8216;LanguageMenu&#8217;, LanguageMenu_keys, LanguageMenu_values, LanguageMenu_callback, LanguageMenu_popupid); window[&#8220;LanguageMenu&#8221;] = LanguageMenu; clearInterval(intervalId); } }, 1); \/\/ ]]><\/p>\n","protected":false},"excerpt":{"rendered":"<p>So riecht Amsterdam: Amsterdam ist nicht super gro\u00df und trotzdem sehr international. Die Stadt hat die sch\u00f6nsten Br\u00fccken, Kan\u00e4le und Hausboote der Welt. Der junge und sehr kreativen Flair dieser Stadt machtsie so besonders. Nat\u00fcrlich steht Cannabis f\u00fcr viele f\u00fcr Amsterdam, deswegen haben wir es auch sehr dezent in unseren edlen Amsterdam Duft integriert. Erg\u00e4nzt [&hellip;]<\/p>\n","protected":false},"featured_media":47786,"template":"","meta":{"_gspb_post_css":""},"store":[],"product_brand":[1342],"product_cat":[1290],"product_tag":[],"class_list":{"0":"post-47787","1":"product","2":"type-product","3":"status-publish","4":"has-post-thumbnail","6":"product_brand-so-riecht-die-welt","7":"product_cat-uncategorized","9":"first","10":"instock","11":"shipping-taxable","12":"purchasable","13":"product-type-simple"},"yoast_head":"<!-- This site is optimized with the Yoast SEO plugin v24.6 - https:\/\/yoast.com\/wordpress\/plugins\/seo\/ -->\n<title>Amsterdam Duftkerze - Cannabispflanze | Kaschmirholz | Blumen - 2er Pack ( 5 Euro sparen ) | So riecht die Welt | Product-Guide.org<\/title>\n<meta name=\"description\" content=\"Amsterdam Duftkerze - Cannabispflanze | Kaschmirholz | Blumen - 2er Pack ( 5 Euro sparen ) | So riecht die Welt gefunden von Product-Guide.org\" \/>\n<meta name=\"robots\" content=\"index, follow, max-snippet:-1, max-image-preview:large, max-video-preview:-1\" \/>\n<link rel=\"canonical\" href=\"https:\/\/product-guide.org\/en\/produkt\/amsterdam-duftkerze-cannabispflanze-kaschmirholz-blumen-2er-pack-5-euro-sparen-so-riecht-die-welt\/\" \/>\n<meta property=\"og:locale\" content=\"en_GB\" \/>\n<meta property=\"og:type\" content=\"article\" \/>\n<meta property=\"og:title\" content=\"Amsterdam Duftkerze - Cannabispflanze | Kaschmirholz | Blumen - 2er Pack ( 5 Euro sparen ) | So riecht die Welt | Product-Guide.org\" \/>\n<meta property=\"og:description\" content=\"Amsterdam Duftkerze - Cannabispflanze | Kaschmirholz | Blumen - 2er Pack ( 5 Euro sparen ) | So riecht die Welt gefunden von Product-Guide.org\" \/>\n<meta property=\"og:url\" content=\"https:\/\/product-guide.org\/en\/produkt\/amsterdam-duftkerze-cannabispflanze-kaschmirholz-blumen-2er-pack-5-euro-sparen-so-riecht-die-welt\/\" \/>\n<meta property=\"og:site_name\" content=\"Product-Guide.org\" \/>\n<meta name=\"twitter:card\" content=\"summary_large_image\" \/>\n<script type=\"application\/ld+json\" class=\"yoast-schema-graph\">{\"@context\":\"https:\/\/schema.org\",\"@graph\":[{\"@type\":\"WebPage\",\"@id\":\"https:\/\/product-guide.org\/produkt\/amsterdam-duftkerze-cannabispflanze-kaschmirholz-blumen-2er-pack-5-euro-sparen-so-riecht-die-welt\/\",\"url\":\"https:\/\/product-guide.org\/produkt\/amsterdam-duftkerze-cannabispflanze-kaschmirholz-blumen-2er-pack-5-euro-sparen-so-riecht-die-welt\/\",\"name\":\"Amsterdam Duftkerze - Cannabispflanze | Kaschmirholz | Blumen - 2er Pack ( 5 Euro sparen ) | So riecht die Welt | Product-Guide.org\",\"isPartOf\":{\"@id\":\"https:\/\/product-guide.org\/#website\"},\"primaryImageOfPage\":{\"@id\":\"https:\/\/product-guide.org\/produkt\/amsterdam-duftkerze-cannabispflanze-kaschmirholz-blumen-2er-pack-5-euro-sparen-so-riecht-die-welt\/#primaryimage\"},\"image\":{\"@id\":\"https:\/\/product-guide.org\/produkt\/amsterdam-duftkerze-cannabispflanze-kaschmirholz-blumen-2er-pack-5-euro-sparen-so-riecht-die-welt\/#primaryimage\"},\"thumbnailUrl\":\"https:\/\/product-guide.org\/wp-content\/uploads\/2025\/03\/Amsterdam_320x.jpg\",\"datePublished\":\"2025-03-17T09:18:57+00:00\",\"description\":\"Amsterdam Duftkerze - Cannabispflanze | Kaschmirholz | Blumen - 2er Pack ( 5 Euro sparen ) | So riecht die Welt gefunden von Product-Guide.org\",\"breadcrumb\":{\"@id\":\"https:\/\/product-guide.org\/produkt\/amsterdam-duftkerze-cannabispflanze-kaschmirholz-blumen-2er-pack-5-euro-sparen-so-riecht-die-welt\/#breadcrumb\"},\"inLanguage\":\"en-GB\",\"potentialAction\":[{\"@type\":\"ReadAction\",\"target\":[\"https:\/\/product-guide.org\/produkt\/amsterdam-duftkerze-cannabispflanze-kaschmirholz-blumen-2er-pack-5-euro-sparen-so-riecht-die-welt\/\"]}]},{\"@type\":\"ImageObject\",\"inLanguage\":\"en-GB\",\"@id\":\"https:\/\/product-guide.org\/produkt\/amsterdam-duftkerze-cannabispflanze-kaschmirholz-blumen-2er-pack-5-euro-sparen-so-riecht-die-welt\/#primaryimage\",\"url\":\"https:\/\/product-guide.org\/wp-content\/uploads\/2025\/03\/Amsterdam_320x.jpg\",\"contentUrl\":\"https:\/\/product-guide.org\/wp-content\/uploads\/2025\/03\/Amsterdam_320x.jpg\",\"width\":320,\"height\":320},{\"@type\":\"BreadcrumbList\",\"@id\":\"https:\/\/product-guide.org\/produkt\/amsterdam-duftkerze-cannabispflanze-kaschmirholz-blumen-2er-pack-5-euro-sparen-so-riecht-die-welt\/#breadcrumb\",\"itemListElement\":[{\"@type\":\"ListItem\",\"position\":1,\"name\":\"Home\",\"item\":\"https:\/\/product-guide.org\/\"},{\"@type\":\"ListItem\",\"position\":2,\"name\":\"Ergebnisse\",\"item\":\"https:\/\/product-guide.org\/de\/ergebnisse\/\"},{\"@type\":\"ListItem\",\"position\":3,\"name\":\"Amsterdam Duftkerze &#8211; Cannabispflanze | Kaschmirholz | Blumen &#8211; 2er Pack ( 5 Euro sparen ) | So riecht die Welt\"}]},{\"@type\":\"WebSite\",\"@id\":\"https:\/\/product-guide.org\/#website\",\"url\":\"https:\/\/product-guide.org\/\",\"name\":\"Product-Guide.org\",\"description\":\"What Product are you looking for?\",\"publisher\":{\"@id\":\"https:\/\/product-guide.org\/#organization\"},\"potentialAction\":[{\"@type\":\"SearchAction\",\"target\":{\"@type\":\"EntryPoint\",\"urlTemplate\":\"https:\/\/product-guide.org\/?s={search_term_string}\"},\"query-input\":{\"@type\":\"PropertyValueSpecification\",\"valueRequired\":true,\"valueName\":\"search_term_string\"}}],\"inLanguage\":\"en-GB\"},{\"@type\":\"Organization\",\"@id\":\"https:\/\/product-guide.org\/#organization\",\"name\":\"Product-Guide.org\",\"url\":\"https:\/\/product-guide.org\/\",\"logo\":{\"@type\":\"ImageObject\",\"inLanguage\":\"en-GB\",\"@id\":\"https:\/\/product-guide.org\/#\/schema\/logo\/image\/\",\"url\":\"https:\/\/product-guide.org\/wp-content\/uploads\/2022\/07\/logo_transparent_background.png\",\"contentUrl\":\"https:\/\/product-guide.org\/wp-content\/uploads\/2022\/07\/logo_transparent_background.png\",\"width\":3400,\"height\":1132,\"caption\":\"Product-Guide.org\"},\"image\":{\"@id\":\"https:\/\/product-guide.org\/#\/schema\/logo\/image\/\"}}]}<\/script>\n<!-- \/ Yoast SEO plugin. -->","yoast_head_json":{"title":"Amsterdam Duftkerze - Cannabispflanze | Kaschmirholz | Blumen - 2er Pack ( 5 Euro sparen ) | So riecht die Welt | Product-Guide.org","description":"Amsterdam Duftkerze - Cannabispflanze | Kaschmirholz | Blumen - 2er Pack ( 5 Euro sparen ) | So riecht die Welt gefunden von Product-Guide.org","robots":{"index":"index","follow":"follow","max-snippet":"max-snippet:-1","max-image-preview":"max-image-preview:large","max-video-preview":"max-video-preview:-1"},"canonical":"https:\/\/product-guide.org\/en\/produkt\/amsterdam-duftkerze-cannabispflanze-kaschmirholz-blumen-2er-pack-5-euro-sparen-so-riecht-die-welt\/","og_locale":"en_GB","og_type":"article","og_title":"Amsterdam Duftkerze - Cannabispflanze | Kaschmirholz | Blumen - 2er Pack ( 5 Euro sparen ) | So riecht die Welt | Product-Guide.org","og_description":"Amsterdam Duftkerze - Cannabispflanze | Kaschmirholz | Blumen - 2er Pack ( 5 Euro sparen ) | So riecht die Welt gefunden von Product-Guide.org","og_url":"https:\/\/product-guide.org\/en\/produkt\/amsterdam-duftkerze-cannabispflanze-kaschmirholz-blumen-2er-pack-5-euro-sparen-so-riecht-die-welt\/","og_site_name":"Product-Guide.org","twitter_card":"summary_large_image","schema":{"@context":"https:\/\/schema.org","@graph":[{"@type":"WebPage","@id":"https:\/\/product-guide.org\/produkt\/amsterdam-duftkerze-cannabispflanze-kaschmirholz-blumen-2er-pack-5-euro-sparen-so-riecht-die-welt\/","url":"https:\/\/product-guide.org\/produkt\/amsterdam-duftkerze-cannabispflanze-kaschmirholz-blumen-2er-pack-5-euro-sparen-so-riecht-die-welt\/","name":"Amsterdam Duftkerze - Cannabispflanze | Kaschmirholz | Blumen - 2er Pack ( 5 Euro sparen ) | So riecht die Welt | Product-Guide.org","isPartOf":{"@id":"https:\/\/product-guide.org\/#website"},"primaryImageOfPage":{"@id":"https:\/\/product-guide.org\/produkt\/amsterdam-duftkerze-cannabispflanze-kaschmirholz-blumen-2er-pack-5-euro-sparen-so-riecht-die-welt\/#primaryimage"},"image":{"@id":"https:\/\/product-guide.org\/produkt\/amsterdam-duftkerze-cannabispflanze-kaschmirholz-blumen-2er-pack-5-euro-sparen-so-riecht-die-welt\/#primaryimage"},"thumbnailUrl":"https:\/\/product-guide.org\/wp-content\/uploads\/2025\/03\/Amsterdam_320x.jpg","datePublished":"2025-03-17T09:18:57+00:00","description":"Amsterdam Duftkerze - Cannabispflanze | Kaschmirholz | Blumen - 2er Pack ( 5 Euro sparen ) | So riecht die Welt gefunden von Product-Guide.org","breadcrumb":{"@id":"https:\/\/product-guide.org\/produkt\/amsterdam-duftkerze-cannabispflanze-kaschmirholz-blumen-2er-pack-5-euro-sparen-so-riecht-die-welt\/#breadcrumb"},"inLanguage":"en-GB","potentialAction":[{"@type":"ReadAction","target":["https:\/\/product-guide.org\/produkt\/amsterdam-duftkerze-cannabispflanze-kaschmirholz-blumen-2er-pack-5-euro-sparen-so-riecht-die-welt\/"]}]},{"@type":"ImageObject","inLanguage":"en-GB","@id":"https:\/\/product-guide.org\/produkt\/amsterdam-duftkerze-cannabispflanze-kaschmirholz-blumen-2er-pack-5-euro-sparen-so-riecht-die-welt\/#primaryimage","url":"https:\/\/product-guide.org\/wp-content\/uploads\/2025\/03\/Amsterdam_320x.jpg","contentUrl":"https:\/\/product-guide.org\/wp-content\/uploads\/2025\/03\/Amsterdam_320x.jpg","width":320,"height":320},{"@type":"BreadcrumbList","@id":"https:\/\/product-guide.org\/produkt\/amsterdam-duftkerze-cannabispflanze-kaschmirholz-blumen-2er-pack-5-euro-sparen-so-riecht-die-welt\/#breadcrumb","itemListElement":[{"@type":"ListItem","position":1,"name":"Home","item":"https:\/\/product-guide.org\/"},{"@type":"ListItem","position":2,"name":"Ergebnisse","item":"https:\/\/product-guide.org\/de\/ergebnisse\/"},{"@type":"ListItem","position":3,"name":"Amsterdam Duftkerze &#8211; Cannabispflanze | Kaschmirholz | Blumen &#8211; 2er Pack ( 5 Euro sparen ) | So riecht die Welt"}]},{"@type":"WebSite","@id":"https:\/\/product-guide.org\/#website","url":"https:\/\/product-guide.org\/","name":"Product-Guide.org","description":"What Product are you looking for?","publisher":{"@id":"https:\/\/product-guide.org\/#organization"},"potentialAction":[{"@type":"SearchAction","target":{"@type":"EntryPoint","urlTemplate":"https:\/\/product-guide.org\/?s={search_term_string}"},"query-input":{"@type":"PropertyValueSpecification","valueRequired":true,"valueName":"search_term_string"}}],"inLanguage":"en-GB"},{"@type":"Organization","@id":"https:\/\/product-guide.org\/#organization","name":"Product-Guide.org","url":"https:\/\/product-guide.org\/","logo":{"@type":"ImageObject","inLanguage":"en-GB","@id":"https:\/\/product-guide.org\/#\/schema\/logo\/image\/","url":"https:\/\/product-guide.org\/wp-content\/uploads\/2022\/07\/logo_transparent_background.png","contentUrl":"https:\/\/product-guide.org\/wp-content\/uploads\/2022\/07\/logo_transparent_background.png","width":3400,"height":1132,"caption":"Product-Guide.org"},"image":{"@id":"https:\/\/product-guide.org\/#\/schema\/logo\/image\/"}}]}},"_links":{"self":[{"href":"https:\/\/product-guide.org\/en\/wp-json\/wp\/v2\/product\/47787","targetHints":{"allow":["GET"]}}],"collection":[{"href":"https:\/\/product-guide.org\/en\/wp-json\/wp\/v2\/product"}],"about":[{"href":"https:\/\/product-guide.org\/en\/wp-json\/wp\/v2\/types\/product"}],"wp:featuredmedia":[{"embeddable":true,"href":"https:\/\/product-guide.org\/en\/wp-json\/wp\/v2\/media\/47786"}],"wp:attachment":[{"href":"https:\/\/product-guide.org\/en\/wp-json\/wp\/v2\/media?parent=47787"}],"wp:term":[{"taxonomy":"store","embeddable":true,"href":"https:\/\/product-guide.org\/en\/wp-json\/wp\/v2\/store?post=47787"},{"taxonomy":"product_brand","embeddable":true,"href":"https:\/\/product-guide.org\/en\/wp-json\/wp\/v2\/product_brand?post=47787"},{"taxonomy":"product_cat","embeddable":true,"href":"https:\/\/product-guide.org\/en\/wp-json\/wp\/v2\/product_cat?post=47787"},{"taxonomy":"product_tag","embeddable":true,"href":"https:\/\/product-guide.org\/en\/wp-json\/wp\/v2\/product_tag?post=47787"}],"curies":[{"name":"wp","href":"https:\/\/api.w.org\/{rel}","templated":true}]}}