{"id":47799,"date":"2025-03-17T10:19:07","date_gmt":"2025-03-17T09:19:07","guid":{"rendered":"https:\/\/product-guide.org\/produkt\/budapest-duftkerze-minze-birne-rhabarber-2er-pack-5-euro-sparen-so-riecht-die-welt\/"},"modified":"2025-03-17T10:19:07","modified_gmt":"2025-03-17T09:19:07","slug":"budapest-duftkerze-minze-birne-rhabarber-2er-pack-5-euro-sparen-so-riecht-die-welt","status":"publish","type":"product","link":"https:\/\/product-guide.org\/en\/produkt\/budapest-duftkerze-minze-birne-rhabarber-2er-pack-5-euro-sparen-so-riecht-die-welt\/","title":{"rendered":"Budapest Duftkerze &#8211; Minze | Birne | Rhabarber &#8211; 2er Pack ( 5 Euro sparen ) | So riecht die Welt"},"content":{"rendered":"<p>So riecht Budapest: Budapest gilt als die sch\u00f6nste Stadt Osteuropas. Die einzigartigen Jugendstil-Bauwerke, die blaue Donau, die Thermalquellen und die Kaffeehauskultur machen sie so besonders. Wir haben dieses von Tradition gepr\u00e4gte Umfeld in einem einzigartigen Duftensemble umgesetzt. Die Kombination von frischer Minze mit reifer Birne wurde abgerundet mit einem Hauch Rhabarber. Dieses hochkonzentrierte Aroma, kombiniert mit unserem Sonnenblumen-Olivenwachs Gemisch entwickelt ein traditionelles ungarisches und dennoch frisches, belebendes Raumgef\u00fchl, welches Ihnen mit ca. 60 Stunden Brenndauer dieser edlen Duftkerze, lange erhalten bleibt. Koordinaten: 47o28&#8217;53&#8221; N 19o08&#8217;45.94&#8243; E Budapest ist die Hauptstadt und gr\u00f6\u00dfte Stadt Ungarns. Es gibt sie seit 1873: Damals hat man mehrere St\u00e4dte zu einer einzigen vereint. TRANSLATE with x English Arabic Hebrew Polish Bulgarian Hindi Portuguese Catalan Hmong Daw Romanian Chinese Simplified Hungarian Russian Chinese Traditional Indonesian Slovak Czech Italian Slovenian Danish Japanese Spanish Dutch Klingon Swedish English Korean Thai Estonian Latvian Turkish Finnish Lithuanian Ukrainian French Malay Urdu German Maltese Vietnamese Greek Norwegian Welsh Haitian Creole Persian \/\/ TRANSLATE with COPY THE URL BELOW Back EMBED THE SNIPPET BELOW IN YOUR SITE Enable collaborative features and customize widget: Bing Webmaster Portal Back \/\/ ORIGINAL: &#8220;; langMenu.appendChild(origLangDiv); LanguageMenu.Init(&#8216;LanguageMenu&#8217;, LanguageMenu_keys, LanguageMenu_values, LanguageMenu_callback, LanguageMenu_popupid); window[&#8220;LanguageMenu&#8221;] = LanguageMenu; clearInterval(intervalId); } }, 1); \/\/ ]]><\/p>\n","protected":false},"excerpt":{"rendered":"<p>So riecht Budapest: Budapest gilt als die sch\u00f6nste Stadt Osteuropas. Die einzigartigen Jugendstil-Bauwerke, die blaue Donau, die Thermalquellen und die Kaffeehauskultur machen sie so besonders. Wir haben dieses von Tradition gepr\u00e4gte Umfeld in einem einzigartigen Duftensemble umgesetzt. Die Kombination von frischer Minze mit reifer Birne wurde abgerundet mit einem Hauch Rhabarber. Dieses hochkonzentrierte Aroma, kombiniert [&hellip;]<\/p>\n","protected":false},"featured_media":47798,"template":"","meta":{"_gspb_post_css":""},"store":[],"product_brand":[1342],"product_cat":[1290],"product_tag":[],"class_list":{"0":"post-47799","1":"product","2":"type-product","3":"status-publish","4":"has-post-thumbnail","6":"product_brand-so-riecht-die-welt","7":"product_cat-uncategorized","9":"first","10":"instock","11":"shipping-taxable","12":"purchasable","13":"product-type-simple"},"yoast_head":"<!-- This site is optimized with the Yoast SEO plugin v24.6 - https:\/\/yoast.com\/wordpress\/plugins\/seo\/ -->\n<title>Budapest Duftkerze - Minze | Birne | Rhabarber - 2er Pack ( 5 Euro sparen ) | So riecht die Welt | Product-Guide.org<\/title>\n<meta name=\"description\" content=\"Budapest Duftkerze - Minze | Birne | Rhabarber - 2er Pack ( 5 Euro sparen ) | So riecht die Welt gefunden von Product-Guide.org\" \/>\n<meta name=\"robots\" content=\"index, follow, max-snippet:-1, max-image-preview:large, max-video-preview:-1\" \/>\n<link rel=\"canonical\" href=\"https:\/\/product-guide.org\/en\/produkt\/budapest-duftkerze-minze-birne-rhabarber-2er-pack-5-euro-sparen-so-riecht-die-welt\/\" \/>\n<meta property=\"og:locale\" content=\"en_GB\" \/>\n<meta property=\"og:type\" content=\"article\" \/>\n<meta property=\"og:title\" content=\"Budapest Duftkerze - Minze | Birne | Rhabarber - 2er Pack ( 5 Euro sparen ) | So riecht die Welt | Product-Guide.org\" \/>\n<meta property=\"og:description\" content=\"Budapest Duftkerze - Minze | Birne | Rhabarber - 2er Pack ( 5 Euro sparen ) | So riecht die Welt gefunden von Product-Guide.org\" \/>\n<meta property=\"og:url\" content=\"https:\/\/product-guide.org\/en\/produkt\/budapest-duftkerze-minze-birne-rhabarber-2er-pack-5-euro-sparen-so-riecht-die-welt\/\" \/>\n<meta property=\"og:site_name\" content=\"Product-Guide.org\" \/>\n<meta name=\"twitter:card\" content=\"summary_large_image\" \/>\n<script type=\"application\/ld+json\" class=\"yoast-schema-graph\">{\"@context\":\"https:\/\/schema.org\",\"@graph\":[{\"@type\":\"WebPage\",\"@id\":\"https:\/\/product-guide.org\/produkt\/budapest-duftkerze-minze-birne-rhabarber-2er-pack-5-euro-sparen-so-riecht-die-welt\/\",\"url\":\"https:\/\/product-guide.org\/produkt\/budapest-duftkerze-minze-birne-rhabarber-2er-pack-5-euro-sparen-so-riecht-die-welt\/\",\"name\":\"Budapest Duftkerze - Minze | Birne | Rhabarber - 2er Pack ( 5 Euro sparen ) | So riecht die Welt | Product-Guide.org\",\"isPartOf\":{\"@id\":\"https:\/\/product-guide.org\/#website\"},\"primaryImageOfPage\":{\"@id\":\"https:\/\/product-guide.org\/produkt\/budapest-duftkerze-minze-birne-rhabarber-2er-pack-5-euro-sparen-so-riecht-die-welt\/#primaryimage\"},\"image\":{\"@id\":\"https:\/\/product-guide.org\/produkt\/budapest-duftkerze-minze-birne-rhabarber-2er-pack-5-euro-sparen-so-riecht-die-welt\/#primaryimage\"},\"thumbnailUrl\":\"https:\/\/product-guide.org\/wp-content\/uploads\/2025\/03\/Budapest_320x.jpg\",\"datePublished\":\"2025-03-17T09:19:07+00:00\",\"description\":\"Budapest Duftkerze - Minze | Birne | Rhabarber - 2er Pack ( 5 Euro sparen ) | So riecht die Welt gefunden von Product-Guide.org\",\"breadcrumb\":{\"@id\":\"https:\/\/product-guide.org\/produkt\/budapest-duftkerze-minze-birne-rhabarber-2er-pack-5-euro-sparen-so-riecht-die-welt\/#breadcrumb\"},\"inLanguage\":\"en-GB\",\"potentialAction\":[{\"@type\":\"ReadAction\",\"target\":[\"https:\/\/product-guide.org\/produkt\/budapest-duftkerze-minze-birne-rhabarber-2er-pack-5-euro-sparen-so-riecht-die-welt\/\"]}]},{\"@type\":\"ImageObject\",\"inLanguage\":\"en-GB\",\"@id\":\"https:\/\/product-guide.org\/produkt\/budapest-duftkerze-minze-birne-rhabarber-2er-pack-5-euro-sparen-so-riecht-die-welt\/#primaryimage\",\"url\":\"https:\/\/product-guide.org\/wp-content\/uploads\/2025\/03\/Budapest_320x.jpg\",\"contentUrl\":\"https:\/\/product-guide.org\/wp-content\/uploads\/2025\/03\/Budapest_320x.jpg\",\"width\":320,\"height\":320},{\"@type\":\"BreadcrumbList\",\"@id\":\"https:\/\/product-guide.org\/produkt\/budapest-duftkerze-minze-birne-rhabarber-2er-pack-5-euro-sparen-so-riecht-die-welt\/#breadcrumb\",\"itemListElement\":[{\"@type\":\"ListItem\",\"position\":1,\"name\":\"Home\",\"item\":\"https:\/\/product-guide.org\/\"},{\"@type\":\"ListItem\",\"position\":2,\"name\":\"Ergebnisse\",\"item\":\"https:\/\/product-guide.org\/de\/ergebnisse\/\"},{\"@type\":\"ListItem\",\"position\":3,\"name\":\"Budapest Duftkerze &#8211; Minze | Birne | Rhabarber &#8211; 2er Pack ( 5 Euro sparen ) | So riecht die Welt\"}]},{\"@type\":\"WebSite\",\"@id\":\"https:\/\/product-guide.org\/#website\",\"url\":\"https:\/\/product-guide.org\/\",\"name\":\"Product-Guide.org\",\"description\":\"What Product are you looking for?\",\"publisher\":{\"@id\":\"https:\/\/product-guide.org\/#organization\"},\"potentialAction\":[{\"@type\":\"SearchAction\",\"target\":{\"@type\":\"EntryPoint\",\"urlTemplate\":\"https:\/\/product-guide.org\/?s={search_term_string}\"},\"query-input\":{\"@type\":\"PropertyValueSpecification\",\"valueRequired\":true,\"valueName\":\"search_term_string\"}}],\"inLanguage\":\"en-GB\"},{\"@type\":\"Organization\",\"@id\":\"https:\/\/product-guide.org\/#organization\",\"name\":\"Product-Guide.org\",\"url\":\"https:\/\/product-guide.org\/\",\"logo\":{\"@type\":\"ImageObject\",\"inLanguage\":\"en-GB\",\"@id\":\"https:\/\/product-guide.org\/#\/schema\/logo\/image\/\",\"url\":\"https:\/\/product-guide.org\/wp-content\/uploads\/2022\/07\/logo_transparent_background.png\",\"contentUrl\":\"https:\/\/product-guide.org\/wp-content\/uploads\/2022\/07\/logo_transparent_background.png\",\"width\":3400,\"height\":1132,\"caption\":\"Product-Guide.org\"},\"image\":{\"@id\":\"https:\/\/product-guide.org\/#\/schema\/logo\/image\/\"}}]}<\/script>\n<!-- \/ Yoast SEO plugin. -->","yoast_head_json":{"title":"Budapest Duftkerze - Minze | Birne | Rhabarber - 2er Pack ( 5 Euro sparen ) | So riecht die Welt | Product-Guide.org","description":"Budapest Duftkerze - Minze | Birne | Rhabarber - 2er Pack ( 5 Euro sparen ) | So riecht die Welt gefunden von Product-Guide.org","robots":{"index":"index","follow":"follow","max-snippet":"max-snippet:-1","max-image-preview":"max-image-preview:large","max-video-preview":"max-video-preview:-1"},"canonical":"https:\/\/product-guide.org\/en\/produkt\/budapest-duftkerze-minze-birne-rhabarber-2er-pack-5-euro-sparen-so-riecht-die-welt\/","og_locale":"en_GB","og_type":"article","og_title":"Budapest Duftkerze - Minze | Birne | Rhabarber - 2er Pack ( 5 Euro sparen ) | So riecht die Welt | Product-Guide.org","og_description":"Budapest Duftkerze - Minze | Birne | Rhabarber - 2er Pack ( 5 Euro sparen ) | So riecht die Welt gefunden von Product-Guide.org","og_url":"https:\/\/product-guide.org\/en\/produkt\/budapest-duftkerze-minze-birne-rhabarber-2er-pack-5-euro-sparen-so-riecht-die-welt\/","og_site_name":"Product-Guide.org","twitter_card":"summary_large_image","schema":{"@context":"https:\/\/schema.org","@graph":[{"@type":"WebPage","@id":"https:\/\/product-guide.org\/produkt\/budapest-duftkerze-minze-birne-rhabarber-2er-pack-5-euro-sparen-so-riecht-die-welt\/","url":"https:\/\/product-guide.org\/produkt\/budapest-duftkerze-minze-birne-rhabarber-2er-pack-5-euro-sparen-so-riecht-die-welt\/","name":"Budapest Duftkerze - Minze | Birne | Rhabarber - 2er Pack ( 5 Euro sparen ) | So riecht die Welt | Product-Guide.org","isPartOf":{"@id":"https:\/\/product-guide.org\/#website"},"primaryImageOfPage":{"@id":"https:\/\/product-guide.org\/produkt\/budapest-duftkerze-minze-birne-rhabarber-2er-pack-5-euro-sparen-so-riecht-die-welt\/#primaryimage"},"image":{"@id":"https:\/\/product-guide.org\/produkt\/budapest-duftkerze-minze-birne-rhabarber-2er-pack-5-euro-sparen-so-riecht-die-welt\/#primaryimage"},"thumbnailUrl":"https:\/\/product-guide.org\/wp-content\/uploads\/2025\/03\/Budapest_320x.jpg","datePublished":"2025-03-17T09:19:07+00:00","description":"Budapest Duftkerze - Minze | Birne | Rhabarber - 2er Pack ( 5 Euro sparen ) | So riecht die Welt gefunden von Product-Guide.org","breadcrumb":{"@id":"https:\/\/product-guide.org\/produkt\/budapest-duftkerze-minze-birne-rhabarber-2er-pack-5-euro-sparen-so-riecht-die-welt\/#breadcrumb"},"inLanguage":"en-GB","potentialAction":[{"@type":"ReadAction","target":["https:\/\/product-guide.org\/produkt\/budapest-duftkerze-minze-birne-rhabarber-2er-pack-5-euro-sparen-so-riecht-die-welt\/"]}]},{"@type":"ImageObject","inLanguage":"en-GB","@id":"https:\/\/product-guide.org\/produkt\/budapest-duftkerze-minze-birne-rhabarber-2er-pack-5-euro-sparen-so-riecht-die-welt\/#primaryimage","url":"https:\/\/product-guide.org\/wp-content\/uploads\/2025\/03\/Budapest_320x.jpg","contentUrl":"https:\/\/product-guide.org\/wp-content\/uploads\/2025\/03\/Budapest_320x.jpg","width":320,"height":320},{"@type":"BreadcrumbList","@id":"https:\/\/product-guide.org\/produkt\/budapest-duftkerze-minze-birne-rhabarber-2er-pack-5-euro-sparen-so-riecht-die-welt\/#breadcrumb","itemListElement":[{"@type":"ListItem","position":1,"name":"Home","item":"https:\/\/product-guide.org\/"},{"@type":"ListItem","position":2,"name":"Ergebnisse","item":"https:\/\/product-guide.org\/de\/ergebnisse\/"},{"@type":"ListItem","position":3,"name":"Budapest Duftkerze &#8211; Minze | Birne | Rhabarber &#8211; 2er Pack ( 5 Euro sparen ) | So riecht die Welt"}]},{"@type":"WebSite","@id":"https:\/\/product-guide.org\/#website","url":"https:\/\/product-guide.org\/","name":"Product-Guide.org","description":"What Product are you looking for?","publisher":{"@id":"https:\/\/product-guide.org\/#organization"},"potentialAction":[{"@type":"SearchAction","target":{"@type":"EntryPoint","urlTemplate":"https:\/\/product-guide.org\/?s={search_term_string}"},"query-input":{"@type":"PropertyValueSpecification","valueRequired":true,"valueName":"search_term_string"}}],"inLanguage":"en-GB"},{"@type":"Organization","@id":"https:\/\/product-guide.org\/#organization","name":"Product-Guide.org","url":"https:\/\/product-guide.org\/","logo":{"@type":"ImageObject","inLanguage":"en-GB","@id":"https:\/\/product-guide.org\/#\/schema\/logo\/image\/","url":"https:\/\/product-guide.org\/wp-content\/uploads\/2022\/07\/logo_transparent_background.png","contentUrl":"https:\/\/product-guide.org\/wp-content\/uploads\/2022\/07\/logo_transparent_background.png","width":3400,"height":1132,"caption":"Product-Guide.org"},"image":{"@id":"https:\/\/product-guide.org\/#\/schema\/logo\/image\/"}}]}},"_links":{"self":[{"href":"https:\/\/product-guide.org\/en\/wp-json\/wp\/v2\/product\/47799","targetHints":{"allow":["GET"]}}],"collection":[{"href":"https:\/\/product-guide.org\/en\/wp-json\/wp\/v2\/product"}],"about":[{"href":"https:\/\/product-guide.org\/en\/wp-json\/wp\/v2\/types\/product"}],"wp:featuredmedia":[{"embeddable":true,"href":"https:\/\/product-guide.org\/en\/wp-json\/wp\/v2\/media\/47798"}],"wp:attachment":[{"href":"https:\/\/product-guide.org\/en\/wp-json\/wp\/v2\/media?parent=47799"}],"wp:term":[{"taxonomy":"store","embeddable":true,"href":"https:\/\/product-guide.org\/en\/wp-json\/wp\/v2\/store?post=47799"},{"taxonomy":"product_brand","embeddable":true,"href":"https:\/\/product-guide.org\/en\/wp-json\/wp\/v2\/product_brand?post=47799"},{"taxonomy":"product_cat","embeddable":true,"href":"https:\/\/product-guide.org\/en\/wp-json\/wp\/v2\/product_cat?post=47799"},{"taxonomy":"product_tag","embeddable":true,"href":"https:\/\/product-guide.org\/en\/wp-json\/wp\/v2\/product_tag?post=47799"}],"curies":[{"name":"wp","href":"https:\/\/api.w.org\/{rel}","templated":true}]}}