{"id":47809,"date":"2025-03-17T10:19:15","date_gmt":"2025-03-17T09:19:15","guid":{"rendered":"https:\/\/product-guide.org\/produkt\/mama-duftkerze-es-gibt-nur-eine-beste-mama-meine-duft-riesiger-blumenstraus-2er-pack-5-euro-sparen-so-riecht-die-welt\/"},"modified":"2025-03-17T10:19:15","modified_gmt":"2025-03-17T09:19:15","slug":"mama-duftkerze-es-gibt-nur-eine-beste-mama-meine-duft-riesiger-blumenstraus-2er-pack-5-euro-sparen-so-riecht-die-welt","status":"publish","type":"product","link":"https:\/\/product-guide.org\/en\/produkt\/mama-duftkerze-es-gibt-nur-eine-beste-mama-meine-duft-riesiger-blumenstraus-2er-pack-5-euro-sparen-so-riecht-die-welt\/","title":{"rendered":"Mama Duftkerze &#8220;Es gibt nur eine beste Mama, meine!&#8221; Duft: riesiger Blumenstrau\u00df &#8211; 2er Pack ( 5 Euro sparen ) | So riecht die Welt"},"content":{"rendered":"<p>Unsere Mama Gru\u00dfbotschaftskerzen: Der Duft unserer Geschenkkerzen f\u00fcr alle Mamas hei\u00dft &#8220;Riesiger Blumenstrau\u00df&#8221;. Dieser ausgewogene Duft vieler Blumen, von Maigl\u00f6ckchen \u00fcber Fresien, bis hin zu Jasmin wird Ihren Mamas sicher gefallen. In Verbindung mit unserem Sonnenblumen-Oliven Wachs Gemisch verbreiten unsere edlen Mama Premium Duftkerzen schnell und langanhaltend einen wundersch\u00f6nen Aromateppich in Ihren R\u00e4umlichkeiten. Anl\u00e4sse: Egal ob zum Muttertag, zum Geburtstag oder einfach so als kleines, edles, besonderes Dankesch\u00f6n. Mit unseren Premium Duftkerzen und ihrem hochkonzentrierten Aroma bleibt Ihre Aufmerksamkeit, durch eine Brennzeit von ca. 60 Stunden, lange in Erinnerung. TRANSLATE with x English Arabic Hebrew Polish Bulgarian Hindi Portuguese Catalan Hmong Daw Romanian Chinese Simplified Hungarian Russian Chinese Traditional Indonesian Slovak Czech Italian Slovenian Danish Japanese Spanish Dutch Klingon Swedish English Korean Thai Estonian Latvian Turkish Finnish Lithuanian Ukrainian French Malay Urdu German Maltese Vietnamese Greek Norwegian Welsh Haitian Creole Persian \/\/ TRANSLATE with COPY THE URL BELOW Back EMBED THE SNIPPET BELOW IN YOUR SITE Enable collaborative features and customize widget: Bing Webmaster Portal Back \/\/ ORIGINAL: &#8220;; langMenu.appendChild(origLangDiv); LanguageMenu.Init(&#8216;LanguageMenu&#8217;, LanguageMenu_keys, LanguageMenu_values, LanguageMenu_callback, LanguageMenu_popupid); window[&#8220;LanguageMenu&#8221;] = LanguageMenu; clearInterval(intervalId); } }, 1); \/\/ ]]><\/p>\n","protected":false},"excerpt":{"rendered":"<p>Unsere Mama Gru\u00dfbotschaftskerzen: Der Duft unserer Geschenkkerzen f\u00fcr alle Mamas hei\u00dft &#8220;Riesiger Blumenstrau\u00df&#8221;. Dieser ausgewogene Duft vieler Blumen, von Maigl\u00f6ckchen \u00fcber Fresien, bis hin zu Jasmin wird Ihren Mamas sicher gefallen. In Verbindung mit unserem Sonnenblumen-Oliven Wachs Gemisch verbreiten unsere edlen Mama Premium Duftkerzen schnell und langanhaltend einen wundersch\u00f6nen Aromateppich in Ihren R\u00e4umlichkeiten. Anl\u00e4sse: Egal [&hellip;]<\/p>\n","protected":false},"featured_media":47808,"template":"","meta":{"_gspb_post_css":""},"store":[],"product_brand":[1342],"product_cat":[1290],"product_tag":[],"class_list":{"0":"post-47809","1":"product","2":"type-product","3":"status-publish","4":"has-post-thumbnail","6":"product_brand-so-riecht-die-welt","7":"product_cat-uncategorized","9":"first","10":"instock","11":"shipping-taxable","12":"purchasable","13":"product-type-simple"},"yoast_head":"<!-- This site is optimized with the Yoast SEO plugin v24.6 - https:\/\/yoast.com\/wordpress\/plugins\/seo\/ -->\n<title>Mama Duftkerze &quot;Es gibt nur eine beste Mama, meine!&quot; Duft: riesiger Blumenstrau\u00df - 2er Pack ( 5 Euro sparen ) | So riecht die Welt | Product-Guide.org<\/title>\n<meta name=\"description\" content=\"Mama Duftkerze &quot;Es gibt nur eine beste Mama, meine!&quot; Duft: riesiger Blumenstrau\u00df - 2er Pack ( 5 Euro sparen ) | So riecht die Welt gefunden von Product-Guide.org\" \/>\n<meta name=\"robots\" content=\"index, follow, max-snippet:-1, max-image-preview:large, max-video-preview:-1\" \/>\n<link rel=\"canonical\" href=\"https:\/\/product-guide.org\/en\/produkt\/mama-duftkerze-es-gibt-nur-eine-beste-mama-meine-duft-riesiger-blumenstraus-2er-pack-5-euro-sparen-so-riecht-die-welt\/\" \/>\n<meta property=\"og:locale\" content=\"en_GB\" \/>\n<meta property=\"og:type\" content=\"article\" \/>\n<meta property=\"og:title\" content=\"Mama Duftkerze &quot;Es gibt nur eine beste Mama, meine!&quot; Duft: riesiger Blumenstrau\u00df - 2er Pack ( 5 Euro sparen ) | So riecht die Welt | Product-Guide.org\" \/>\n<meta property=\"og:description\" content=\"Mama Duftkerze &quot;Es gibt nur eine beste Mama, meine!&quot; Duft: riesiger Blumenstrau\u00df - 2er Pack ( 5 Euro sparen ) | So riecht die Welt gefunden von Product-Guide.org\" \/>\n<meta property=\"og:url\" content=\"https:\/\/product-guide.org\/en\/produkt\/mama-duftkerze-es-gibt-nur-eine-beste-mama-meine-duft-riesiger-blumenstraus-2er-pack-5-euro-sparen-so-riecht-die-welt\/\" \/>\n<meta property=\"og:site_name\" content=\"Product-Guide.org\" \/>\n<meta name=\"twitter:card\" content=\"summary_large_image\" \/>\n<script type=\"application\/ld+json\" class=\"yoast-schema-graph\">{\"@context\":\"https:\/\/schema.org\",\"@graph\":[{\"@type\":\"WebPage\",\"@id\":\"https:\/\/product-guide.org\/produkt\/mama-duftkerze-es-gibt-nur-eine-beste-mama-meine-duft-riesiger-blumenstraus-2er-pack-5-euro-sparen-so-riecht-die-welt\/\",\"url\":\"https:\/\/product-guide.org\/produkt\/mama-duftkerze-es-gibt-nur-eine-beste-mama-meine-duft-riesiger-blumenstraus-2er-pack-5-euro-sparen-so-riecht-die-welt\/\",\"name\":\"Mama Duftkerze \\\"Es gibt nur eine beste Mama, meine!\\\" Duft: riesiger Blumenstrau\u00df - 2er Pack ( 5 Euro sparen ) | So riecht die Welt | Product-Guide.org\",\"isPartOf\":{\"@id\":\"https:\/\/product-guide.org\/#website\"},\"primaryImageOfPage\":{\"@id\":\"https:\/\/product-guide.org\/produkt\/mama-duftkerze-es-gibt-nur-eine-beste-mama-meine-duft-riesiger-blumenstraus-2er-pack-5-euro-sparen-so-riecht-die-welt\/#primaryimage\"},\"image\":{\"@id\":\"https:\/\/product-guide.org\/produkt\/mama-duftkerze-es-gibt-nur-eine-beste-mama-meine-duft-riesiger-blumenstraus-2er-pack-5-euro-sparen-so-riecht-die-welt\/#primaryimage\"},\"thumbnailUrl\":\"https:\/\/product-guide.org\/wp-content\/uploads\/2025\/03\/Es-gibt-nur-eine-beste-Mama_-meine_320x.jpg\",\"datePublished\":\"2025-03-17T09:19:15+00:00\",\"description\":\"Mama Duftkerze \\\"Es gibt nur eine beste Mama, meine!\\\" Duft: riesiger Blumenstrau\u00df - 2er Pack ( 5 Euro sparen ) | So riecht die Welt gefunden von Product-Guide.org\",\"breadcrumb\":{\"@id\":\"https:\/\/product-guide.org\/produkt\/mama-duftkerze-es-gibt-nur-eine-beste-mama-meine-duft-riesiger-blumenstraus-2er-pack-5-euro-sparen-so-riecht-die-welt\/#breadcrumb\"},\"inLanguage\":\"en-GB\",\"potentialAction\":[{\"@type\":\"ReadAction\",\"target\":[\"https:\/\/product-guide.org\/produkt\/mama-duftkerze-es-gibt-nur-eine-beste-mama-meine-duft-riesiger-blumenstraus-2er-pack-5-euro-sparen-so-riecht-die-welt\/\"]}]},{\"@type\":\"ImageObject\",\"inLanguage\":\"en-GB\",\"@id\":\"https:\/\/product-guide.org\/produkt\/mama-duftkerze-es-gibt-nur-eine-beste-mama-meine-duft-riesiger-blumenstraus-2er-pack-5-euro-sparen-so-riecht-die-welt\/#primaryimage\",\"url\":\"https:\/\/product-guide.org\/wp-content\/uploads\/2025\/03\/Es-gibt-nur-eine-beste-Mama_-meine_320x.jpg\",\"contentUrl\":\"https:\/\/product-guide.org\/wp-content\/uploads\/2025\/03\/Es-gibt-nur-eine-beste-Mama_-meine_320x.jpg\",\"width\":320,\"height\":320},{\"@type\":\"BreadcrumbList\",\"@id\":\"https:\/\/product-guide.org\/produkt\/mama-duftkerze-es-gibt-nur-eine-beste-mama-meine-duft-riesiger-blumenstraus-2er-pack-5-euro-sparen-so-riecht-die-welt\/#breadcrumb\",\"itemListElement\":[{\"@type\":\"ListItem\",\"position\":1,\"name\":\"Home\",\"item\":\"https:\/\/product-guide.org\/\"},{\"@type\":\"ListItem\",\"position\":2,\"name\":\"Ergebnisse\",\"item\":\"https:\/\/product-guide.org\/de\/ergebnisse\/\"},{\"@type\":\"ListItem\",\"position\":3,\"name\":\"Mama Duftkerze &#8220;Es gibt nur eine beste Mama, meine!&#8221; Duft: riesiger Blumenstrau\u00df &#8211; 2er Pack ( 5 Euro sparen ) | So riecht die Welt\"}]},{\"@type\":\"WebSite\",\"@id\":\"https:\/\/product-guide.org\/#website\",\"url\":\"https:\/\/product-guide.org\/\",\"name\":\"Product-Guide.org\",\"description\":\"What Product are you looking for?\",\"publisher\":{\"@id\":\"https:\/\/product-guide.org\/#organization\"},\"potentialAction\":[{\"@type\":\"SearchAction\",\"target\":{\"@type\":\"EntryPoint\",\"urlTemplate\":\"https:\/\/product-guide.org\/?s={search_term_string}\"},\"query-input\":{\"@type\":\"PropertyValueSpecification\",\"valueRequired\":true,\"valueName\":\"search_term_string\"}}],\"inLanguage\":\"en-GB\"},{\"@type\":\"Organization\",\"@id\":\"https:\/\/product-guide.org\/#organization\",\"name\":\"Product-Guide.org\",\"url\":\"https:\/\/product-guide.org\/\",\"logo\":{\"@type\":\"ImageObject\",\"inLanguage\":\"en-GB\",\"@id\":\"https:\/\/product-guide.org\/#\/schema\/logo\/image\/\",\"url\":\"https:\/\/product-guide.org\/wp-content\/uploads\/2022\/07\/logo_transparent_background.png\",\"contentUrl\":\"https:\/\/product-guide.org\/wp-content\/uploads\/2022\/07\/logo_transparent_background.png\",\"width\":3400,\"height\":1132,\"caption\":\"Product-Guide.org\"},\"image\":{\"@id\":\"https:\/\/product-guide.org\/#\/schema\/logo\/image\/\"}}]}<\/script>\n<!-- \/ Yoast SEO plugin. -->","yoast_head_json":{"title":"Mama Duftkerze \"Es gibt nur eine beste Mama, meine!\" Duft: riesiger Blumenstrau\u00df - 2er Pack ( 5 Euro sparen ) | So riecht die Welt | Product-Guide.org","description":"Mama Duftkerze \"Es gibt nur eine beste Mama, meine!\" Duft: riesiger Blumenstrau\u00df - 2er Pack ( 5 Euro sparen ) | So riecht die Welt gefunden von Product-Guide.org","robots":{"index":"index","follow":"follow","max-snippet":"max-snippet:-1","max-image-preview":"max-image-preview:large","max-video-preview":"max-video-preview:-1"},"canonical":"https:\/\/product-guide.org\/en\/produkt\/mama-duftkerze-es-gibt-nur-eine-beste-mama-meine-duft-riesiger-blumenstraus-2er-pack-5-euro-sparen-so-riecht-die-welt\/","og_locale":"en_GB","og_type":"article","og_title":"Mama Duftkerze \"Es gibt nur eine beste Mama, meine!\" Duft: riesiger Blumenstrau\u00df - 2er Pack ( 5 Euro sparen ) | So riecht die Welt | Product-Guide.org","og_description":"Mama Duftkerze \"Es gibt nur eine beste Mama, meine!\" Duft: riesiger Blumenstrau\u00df - 2er Pack ( 5 Euro sparen ) | So riecht die Welt gefunden von Product-Guide.org","og_url":"https:\/\/product-guide.org\/en\/produkt\/mama-duftkerze-es-gibt-nur-eine-beste-mama-meine-duft-riesiger-blumenstraus-2er-pack-5-euro-sparen-so-riecht-die-welt\/","og_site_name":"Product-Guide.org","twitter_card":"summary_large_image","schema":{"@context":"https:\/\/schema.org","@graph":[{"@type":"WebPage","@id":"https:\/\/product-guide.org\/produkt\/mama-duftkerze-es-gibt-nur-eine-beste-mama-meine-duft-riesiger-blumenstraus-2er-pack-5-euro-sparen-so-riecht-die-welt\/","url":"https:\/\/product-guide.org\/produkt\/mama-duftkerze-es-gibt-nur-eine-beste-mama-meine-duft-riesiger-blumenstraus-2er-pack-5-euro-sparen-so-riecht-die-welt\/","name":"Mama Duftkerze \"Es gibt nur eine beste Mama, meine!\" Duft: riesiger Blumenstrau\u00df - 2er Pack ( 5 Euro sparen ) | So riecht die Welt | Product-Guide.org","isPartOf":{"@id":"https:\/\/product-guide.org\/#website"},"primaryImageOfPage":{"@id":"https:\/\/product-guide.org\/produkt\/mama-duftkerze-es-gibt-nur-eine-beste-mama-meine-duft-riesiger-blumenstraus-2er-pack-5-euro-sparen-so-riecht-die-welt\/#primaryimage"},"image":{"@id":"https:\/\/product-guide.org\/produkt\/mama-duftkerze-es-gibt-nur-eine-beste-mama-meine-duft-riesiger-blumenstraus-2er-pack-5-euro-sparen-so-riecht-die-welt\/#primaryimage"},"thumbnailUrl":"https:\/\/product-guide.org\/wp-content\/uploads\/2025\/03\/Es-gibt-nur-eine-beste-Mama_-meine_320x.jpg","datePublished":"2025-03-17T09:19:15+00:00","description":"Mama Duftkerze \"Es gibt nur eine beste Mama, meine!\" Duft: riesiger Blumenstrau\u00df - 2er Pack ( 5 Euro sparen ) | So riecht die Welt gefunden von Product-Guide.org","breadcrumb":{"@id":"https:\/\/product-guide.org\/produkt\/mama-duftkerze-es-gibt-nur-eine-beste-mama-meine-duft-riesiger-blumenstraus-2er-pack-5-euro-sparen-so-riecht-die-welt\/#breadcrumb"},"inLanguage":"en-GB","potentialAction":[{"@type":"ReadAction","target":["https:\/\/product-guide.org\/produkt\/mama-duftkerze-es-gibt-nur-eine-beste-mama-meine-duft-riesiger-blumenstraus-2er-pack-5-euro-sparen-so-riecht-die-welt\/"]}]},{"@type":"ImageObject","inLanguage":"en-GB","@id":"https:\/\/product-guide.org\/produkt\/mama-duftkerze-es-gibt-nur-eine-beste-mama-meine-duft-riesiger-blumenstraus-2er-pack-5-euro-sparen-so-riecht-die-welt\/#primaryimage","url":"https:\/\/product-guide.org\/wp-content\/uploads\/2025\/03\/Es-gibt-nur-eine-beste-Mama_-meine_320x.jpg","contentUrl":"https:\/\/product-guide.org\/wp-content\/uploads\/2025\/03\/Es-gibt-nur-eine-beste-Mama_-meine_320x.jpg","width":320,"height":320},{"@type":"BreadcrumbList","@id":"https:\/\/product-guide.org\/produkt\/mama-duftkerze-es-gibt-nur-eine-beste-mama-meine-duft-riesiger-blumenstraus-2er-pack-5-euro-sparen-so-riecht-die-welt\/#breadcrumb","itemListElement":[{"@type":"ListItem","position":1,"name":"Home","item":"https:\/\/product-guide.org\/"},{"@type":"ListItem","position":2,"name":"Ergebnisse","item":"https:\/\/product-guide.org\/de\/ergebnisse\/"},{"@type":"ListItem","position":3,"name":"Mama Duftkerze &#8220;Es gibt nur eine beste Mama, meine!&#8221; Duft: riesiger Blumenstrau\u00df &#8211; 2er Pack ( 5 Euro sparen ) | So riecht die Welt"}]},{"@type":"WebSite","@id":"https:\/\/product-guide.org\/#website","url":"https:\/\/product-guide.org\/","name":"Product-Guide.org","description":"What Product are you looking for?","publisher":{"@id":"https:\/\/product-guide.org\/#organization"},"potentialAction":[{"@type":"SearchAction","target":{"@type":"EntryPoint","urlTemplate":"https:\/\/product-guide.org\/?s={search_term_string}"},"query-input":{"@type":"PropertyValueSpecification","valueRequired":true,"valueName":"search_term_string"}}],"inLanguage":"en-GB"},{"@type":"Organization","@id":"https:\/\/product-guide.org\/#organization","name":"Product-Guide.org","url":"https:\/\/product-guide.org\/","logo":{"@type":"ImageObject","inLanguage":"en-GB","@id":"https:\/\/product-guide.org\/#\/schema\/logo\/image\/","url":"https:\/\/product-guide.org\/wp-content\/uploads\/2022\/07\/logo_transparent_background.png","contentUrl":"https:\/\/product-guide.org\/wp-content\/uploads\/2022\/07\/logo_transparent_background.png","width":3400,"height":1132,"caption":"Product-Guide.org"},"image":{"@id":"https:\/\/product-guide.org\/#\/schema\/logo\/image\/"}}]}},"_links":{"self":[{"href":"https:\/\/product-guide.org\/en\/wp-json\/wp\/v2\/product\/47809","targetHints":{"allow":["GET"]}}],"collection":[{"href":"https:\/\/product-guide.org\/en\/wp-json\/wp\/v2\/product"}],"about":[{"href":"https:\/\/product-guide.org\/en\/wp-json\/wp\/v2\/types\/product"}],"wp:featuredmedia":[{"embeddable":true,"href":"https:\/\/product-guide.org\/en\/wp-json\/wp\/v2\/media\/47808"}],"wp:attachment":[{"href":"https:\/\/product-guide.org\/en\/wp-json\/wp\/v2\/media?parent=47809"}],"wp:term":[{"taxonomy":"store","embeddable":true,"href":"https:\/\/product-guide.org\/en\/wp-json\/wp\/v2\/store?post=47809"},{"taxonomy":"product_brand","embeddable":true,"href":"https:\/\/product-guide.org\/en\/wp-json\/wp\/v2\/product_brand?post=47809"},{"taxonomy":"product_cat","embeddable":true,"href":"https:\/\/product-guide.org\/en\/wp-json\/wp\/v2\/product_cat?post=47809"},{"taxonomy":"product_tag","embeddable":true,"href":"https:\/\/product-guide.org\/en\/wp-json\/wp\/v2\/product_tag?post=47809"}],"curies":[{"name":"wp","href":"https:\/\/api.w.org\/{rel}","templated":true}]}}