{"id":47854,"date":"2025-03-17T10:19:45","date_gmt":"2025-03-17T09:19:45","guid":{"rendered":"https:\/\/product-guide.org\/produkt\/briefkasten-selbstklebendes-namensschild-katzenmusik-banjado-briefkasten-3\/"},"modified":"2025-03-17T10:19:45","modified_gmt":"2025-03-17T09:19:45","slug":"briefkasten-selbstklebendes-namensschild-katzenmusik-banjado-briefkasten-3","status":"publish","type":"product","link":"https:\/\/product-guide.org\/en\/produkt\/briefkasten-selbstklebendes-namensschild-katzenmusik-banjado-briefkasten-3\/","title":{"rendered":"Briefkasten Selbstklebendes Namensschild Katzenmusik | Banjado Briefkasten"},"content":{"rendered":"<p>Artikeltext:Briefkasten Selbstklebendes Namensschild Katzenmusik Zeigen Sie stilsicher wer hier wohnt &#8211; ob als Briefkastenschild, T\u00fcrschild oder Klingelschild &#8211; mit diesem Aufkleber haben Sie ein personalisiertes Produkt dass auf allen glatten silikonfreien Oberfl\u00e4chen h\u00e4lt. Der Aufkleber ist sofort online personalisierbar. Bitte hinterlassen den gew\u00fcnschten Text im Textfeld IHR PERS\u00d6NLICHER WUNSCHTEXT. Die Schriftart und Schriftfarbe wird wie in unserem Beispielbild umgesetzt. Beachten Sie dass sich bei einem zu langen Text Schriftgr\u00f6\u00dfe verkleinert. Der Aufkleber ist absolut wetterfest und ein Schutzlaminat sch\u00fctzt zus\u00e4tzlich vor Kratzern. Der Aufkleber wird kinderleicht wie ein Sticker aufgebracht.:de<\/p>\n","protected":false},"excerpt":{"rendered":"<p>Artikeltext:Briefkasten Selbstklebendes Namensschild Katzenmusik Zeigen Sie stilsicher wer hier wohnt &#8211; ob als Briefkastenschild, T\u00fcrschild oder Klingelschild &#8211; mit diesem Aufkleber haben Sie ein personalisiertes Produkt dass auf allen glatten silikonfreien Oberfl\u00e4chen h\u00e4lt. Der Aufkleber ist sofort online personalisierbar. Bitte hinterlassen den gew\u00fcnschten Text im Textfeld IHR PERS\u00d6NLICHER WUNSCHTEXT. Die Schriftart und Schriftfarbe wird wie [&hellip;]<\/p>\n","protected":false},"featured_media":47851,"template":"","meta":{"_gspb_post_css":""},"store":[],"product_brand":[1344],"product_cat":[1290],"product_tag":[],"class_list":{"0":"post-47854","1":"product","2":"type-product","3":"status-publish","4":"has-post-thumbnail","6":"product_brand-sizeofficial-nl","7":"product_cat-uncategorized","9":"first","10":"instock","11":"shipping-taxable","12":"purchasable","13":"product-type-simple"},"yoast_head":"<!-- This site is optimized with the Yoast SEO plugin v24.6 - https:\/\/yoast.com\/wordpress\/plugins\/seo\/ -->\n<title>Briefkasten Selbstklebendes Namensschild Katzenmusik | Banjado Briefkasten | Product-Guide.org<\/title>\n<meta name=\"description\" content=\"Briefkasten Selbstklebendes Namensschild Katzenmusik | Banjado Briefkasten gefunden von Product-Guide.org\" \/>\n<meta name=\"robots\" content=\"index, follow, max-snippet:-1, max-image-preview:large, max-video-preview:-1\" \/>\n<link rel=\"canonical\" href=\"https:\/\/product-guide.org\/en\/produkt\/briefkasten-selbstklebendes-namensschild-katzenmusik-banjado-briefkasten-3\/\" \/>\n<meta property=\"og:locale\" content=\"en_GB\" \/>\n<meta property=\"og:type\" content=\"article\" \/>\n<meta property=\"og:title\" content=\"Briefkasten Selbstklebendes Namensschild Katzenmusik | Banjado Briefkasten | Product-Guide.org\" \/>\n<meta property=\"og:description\" content=\"Briefkasten Selbstklebendes Namensschild Katzenmusik | Banjado Briefkasten gefunden von Product-Guide.org\" \/>\n<meta property=\"og:url\" content=\"https:\/\/product-guide.org\/en\/produkt\/briefkasten-selbstklebendes-namensschild-katzenmusik-banjado-briefkasten-3\/\" \/>\n<meta property=\"og:site_name\" content=\"Product-Guide.org\" \/>\n<meta name=\"twitter:card\" content=\"summary_large_image\" \/>\n<script type=\"application\/ld+json\" class=\"yoast-schema-graph\">{\"@context\":\"https:\/\/schema.org\",\"@graph\":[{\"@type\":\"WebPage\",\"@id\":\"https:\/\/product-guide.org\/produkt\/briefkasten-selbstklebendes-namensschild-katzenmusik-banjado-briefkasten-3\/\",\"url\":\"https:\/\/product-guide.org\/produkt\/briefkasten-selbstklebendes-namensschild-katzenmusik-banjado-briefkasten-3\/\",\"name\":\"Briefkasten Selbstklebendes Namensschild Katzenmusik | Banjado Briefkasten | Product-Guide.org\",\"isPartOf\":{\"@id\":\"https:\/\/product-guide.org\/#website\"},\"primaryImageOfPage\":{\"@id\":\"https:\/\/product-guide.org\/produkt\/briefkasten-selbstklebendes-namensschild-katzenmusik-banjado-briefkasten-3\/#primaryimage\"},\"image\":{\"@id\":\"https:\/\/product-guide.org\/produkt\/briefkasten-selbstklebendes-namensschild-katzenmusik-banjado-briefkasten-3\/#primaryimage\"},\"thumbnailUrl\":\"https:\/\/product-guide.org\/wp-content\/uploads\/2025\/03\/BNS-15002-1.jpg\",\"datePublished\":\"2025-03-17T09:19:45+00:00\",\"description\":\"Briefkasten Selbstklebendes Namensschild Katzenmusik | Banjado Briefkasten gefunden von Product-Guide.org\",\"breadcrumb\":{\"@id\":\"https:\/\/product-guide.org\/produkt\/briefkasten-selbstklebendes-namensschild-katzenmusik-banjado-briefkasten-3\/#breadcrumb\"},\"inLanguage\":\"en-GB\",\"potentialAction\":[{\"@type\":\"ReadAction\",\"target\":[\"https:\/\/product-guide.org\/produkt\/briefkasten-selbstklebendes-namensschild-katzenmusik-banjado-briefkasten-3\/\"]}]},{\"@type\":\"ImageObject\",\"inLanguage\":\"en-GB\",\"@id\":\"https:\/\/product-guide.org\/produkt\/briefkasten-selbstklebendes-namensschild-katzenmusik-banjado-briefkasten-3\/#primaryimage\",\"url\":\"https:\/\/product-guide.org\/wp-content\/uploads\/2025\/03\/BNS-15002-1.jpg\",\"contentUrl\":\"https:\/\/product-guide.org\/wp-content\/uploads\/2025\/03\/BNS-15002-1.jpg\",\"width\":1300,\"height\":1300},{\"@type\":\"BreadcrumbList\",\"@id\":\"https:\/\/product-guide.org\/produkt\/briefkasten-selbstklebendes-namensschild-katzenmusik-banjado-briefkasten-3\/#breadcrumb\",\"itemListElement\":[{\"@type\":\"ListItem\",\"position\":1,\"name\":\"Home\",\"item\":\"https:\/\/product-guide.org\/\"},{\"@type\":\"ListItem\",\"position\":2,\"name\":\"Ergebnisse\",\"item\":\"https:\/\/product-guide.org\/de\/ergebnisse\/\"},{\"@type\":\"ListItem\",\"position\":3,\"name\":\"Briefkasten Selbstklebendes Namensschild Katzenmusik | Banjado Briefkasten\"}]},{\"@type\":\"WebSite\",\"@id\":\"https:\/\/product-guide.org\/#website\",\"url\":\"https:\/\/product-guide.org\/\",\"name\":\"Product-Guide.org\",\"description\":\"What Product are you looking for?\",\"publisher\":{\"@id\":\"https:\/\/product-guide.org\/#organization\"},\"potentialAction\":[{\"@type\":\"SearchAction\",\"target\":{\"@type\":\"EntryPoint\",\"urlTemplate\":\"https:\/\/product-guide.org\/?s={search_term_string}\"},\"query-input\":{\"@type\":\"PropertyValueSpecification\",\"valueRequired\":true,\"valueName\":\"search_term_string\"}}],\"inLanguage\":\"en-GB\"},{\"@type\":\"Organization\",\"@id\":\"https:\/\/product-guide.org\/#organization\",\"name\":\"Product-Guide.org\",\"url\":\"https:\/\/product-guide.org\/\",\"logo\":{\"@type\":\"ImageObject\",\"inLanguage\":\"en-GB\",\"@id\":\"https:\/\/product-guide.org\/#\/schema\/logo\/image\/\",\"url\":\"https:\/\/product-guide.org\/wp-content\/uploads\/2022\/07\/logo_transparent_background.png\",\"contentUrl\":\"https:\/\/product-guide.org\/wp-content\/uploads\/2022\/07\/logo_transparent_background.png\",\"width\":3400,\"height\":1132,\"caption\":\"Product-Guide.org\"},\"image\":{\"@id\":\"https:\/\/product-guide.org\/#\/schema\/logo\/image\/\"}}]}<\/script>\n<!-- \/ Yoast SEO plugin. -->","yoast_head_json":{"title":"Briefkasten Selbstklebendes Namensschild Katzenmusik | Banjado Briefkasten | Product-Guide.org","description":"Briefkasten Selbstklebendes Namensschild Katzenmusik | Banjado Briefkasten gefunden von Product-Guide.org","robots":{"index":"index","follow":"follow","max-snippet":"max-snippet:-1","max-image-preview":"max-image-preview:large","max-video-preview":"max-video-preview:-1"},"canonical":"https:\/\/product-guide.org\/en\/produkt\/briefkasten-selbstklebendes-namensschild-katzenmusik-banjado-briefkasten-3\/","og_locale":"en_GB","og_type":"article","og_title":"Briefkasten Selbstklebendes Namensschild Katzenmusik | Banjado Briefkasten | Product-Guide.org","og_description":"Briefkasten Selbstklebendes Namensschild Katzenmusik | Banjado Briefkasten gefunden von Product-Guide.org","og_url":"https:\/\/product-guide.org\/en\/produkt\/briefkasten-selbstklebendes-namensschild-katzenmusik-banjado-briefkasten-3\/","og_site_name":"Product-Guide.org","twitter_card":"summary_large_image","schema":{"@context":"https:\/\/schema.org","@graph":[{"@type":"WebPage","@id":"https:\/\/product-guide.org\/produkt\/briefkasten-selbstklebendes-namensschild-katzenmusik-banjado-briefkasten-3\/","url":"https:\/\/product-guide.org\/produkt\/briefkasten-selbstklebendes-namensschild-katzenmusik-banjado-briefkasten-3\/","name":"Briefkasten Selbstklebendes Namensschild Katzenmusik | Banjado Briefkasten | Product-Guide.org","isPartOf":{"@id":"https:\/\/product-guide.org\/#website"},"primaryImageOfPage":{"@id":"https:\/\/product-guide.org\/produkt\/briefkasten-selbstklebendes-namensschild-katzenmusik-banjado-briefkasten-3\/#primaryimage"},"image":{"@id":"https:\/\/product-guide.org\/produkt\/briefkasten-selbstklebendes-namensschild-katzenmusik-banjado-briefkasten-3\/#primaryimage"},"thumbnailUrl":"https:\/\/product-guide.org\/wp-content\/uploads\/2025\/03\/BNS-15002-1.jpg","datePublished":"2025-03-17T09:19:45+00:00","description":"Briefkasten Selbstklebendes Namensschild Katzenmusik | Banjado Briefkasten gefunden von Product-Guide.org","breadcrumb":{"@id":"https:\/\/product-guide.org\/produkt\/briefkasten-selbstklebendes-namensschild-katzenmusik-banjado-briefkasten-3\/#breadcrumb"},"inLanguage":"en-GB","potentialAction":[{"@type":"ReadAction","target":["https:\/\/product-guide.org\/produkt\/briefkasten-selbstklebendes-namensschild-katzenmusik-banjado-briefkasten-3\/"]}]},{"@type":"ImageObject","inLanguage":"en-GB","@id":"https:\/\/product-guide.org\/produkt\/briefkasten-selbstklebendes-namensschild-katzenmusik-banjado-briefkasten-3\/#primaryimage","url":"https:\/\/product-guide.org\/wp-content\/uploads\/2025\/03\/BNS-15002-1.jpg","contentUrl":"https:\/\/product-guide.org\/wp-content\/uploads\/2025\/03\/BNS-15002-1.jpg","width":1300,"height":1300},{"@type":"BreadcrumbList","@id":"https:\/\/product-guide.org\/produkt\/briefkasten-selbstklebendes-namensschild-katzenmusik-banjado-briefkasten-3\/#breadcrumb","itemListElement":[{"@type":"ListItem","position":1,"name":"Home","item":"https:\/\/product-guide.org\/"},{"@type":"ListItem","position":2,"name":"Ergebnisse","item":"https:\/\/product-guide.org\/de\/ergebnisse\/"},{"@type":"ListItem","position":3,"name":"Briefkasten Selbstklebendes Namensschild Katzenmusik | Banjado Briefkasten"}]},{"@type":"WebSite","@id":"https:\/\/product-guide.org\/#website","url":"https:\/\/product-guide.org\/","name":"Product-Guide.org","description":"What Product are you looking for?","publisher":{"@id":"https:\/\/product-guide.org\/#organization"},"potentialAction":[{"@type":"SearchAction","target":{"@type":"EntryPoint","urlTemplate":"https:\/\/product-guide.org\/?s={search_term_string}"},"query-input":{"@type":"PropertyValueSpecification","valueRequired":true,"valueName":"search_term_string"}}],"inLanguage":"en-GB"},{"@type":"Organization","@id":"https:\/\/product-guide.org\/#organization","name":"Product-Guide.org","url":"https:\/\/product-guide.org\/","logo":{"@type":"ImageObject","inLanguage":"en-GB","@id":"https:\/\/product-guide.org\/#\/schema\/logo\/image\/","url":"https:\/\/product-guide.org\/wp-content\/uploads\/2022\/07\/logo_transparent_background.png","contentUrl":"https:\/\/product-guide.org\/wp-content\/uploads\/2022\/07\/logo_transparent_background.png","width":3400,"height":1132,"caption":"Product-Guide.org"},"image":{"@id":"https:\/\/product-guide.org\/#\/schema\/logo\/image\/"}}]}},"_links":{"self":[{"href":"https:\/\/product-guide.org\/en\/wp-json\/wp\/v2\/product\/47854","targetHints":{"allow":["GET"]}}],"collection":[{"href":"https:\/\/product-guide.org\/en\/wp-json\/wp\/v2\/product"}],"about":[{"href":"https:\/\/product-guide.org\/en\/wp-json\/wp\/v2\/types\/product"}],"wp:featuredmedia":[{"embeddable":true,"href":"https:\/\/product-guide.org\/en\/wp-json\/wp\/v2\/media\/47851"}],"wp:attachment":[{"href":"https:\/\/product-guide.org\/en\/wp-json\/wp\/v2\/media?parent=47854"}],"wp:term":[{"taxonomy":"store","embeddable":true,"href":"https:\/\/product-guide.org\/en\/wp-json\/wp\/v2\/store?post=47854"},{"taxonomy":"product_brand","embeddable":true,"href":"https:\/\/product-guide.org\/en\/wp-json\/wp\/v2\/product_brand?post=47854"},{"taxonomy":"product_cat","embeddable":true,"href":"https:\/\/product-guide.org\/en\/wp-json\/wp\/v2\/product_cat?post=47854"},{"taxonomy":"product_tag","embeddable":true,"href":"https:\/\/product-guide.org\/en\/wp-json\/wp\/v2\/product_tag?post=47854"}],"curies":[{"name":"wp","href":"https:\/\/api.w.org\/{rel}","templated":true}]}}