{"id":48004,"date":"2025-03-17T10:21:17","date_gmt":"2025-03-17T09:21:17","guid":{"rendered":"https:\/\/product-guide.org\/produkt\/selbsthaftendes-magnet-namensschild-15cm-weis-mn14-banjado-briefkasten\/"},"modified":"2025-03-17T10:21:18","modified_gmt":"2025-03-17T09:21:18","slug":"selbsthaftendes-magnet-namensschild-15cm-weis-mn14-banjado-briefkasten","status":"publish","type":"product","link":"https:\/\/product-guide.org\/en\/produkt\/selbsthaftendes-magnet-namensschild-15cm-weis-mn14-banjado-briefkasten\/","title":{"rendered":"Selbsthaftendes Magnet-Namensschild 15cm Wei\u00df MN14 | Banjado Briefkasten"},"content":{"rendered":"<p>Heften Sie diesen farbigen Magnetstreifen an Ihren Briefkasten, und verpassen Sie ihm so ein ausgefallenes Accessoire. Der 15cm breite und 3cm hohe Streifen l\u00e4sst sich hervorragend als Namensschild f\u00fcr Ihren Postkasten verwenden. Beschriften Sie das Schild einfach mit einem herk\u00f6mmlichen Edding.<\/p>\n","protected":false},"excerpt":{"rendered":"<p>Heften Sie diesen farbigen Magnetstreifen an Ihren Briefkasten, und verpassen Sie ihm so ein ausgefallenes Accessoire. Der 15cm breite und 3cm hohe Streifen l\u00e4sst sich hervorragend als Namensschild f\u00fcr Ihren Postkasten verwenden. Beschriften Sie das Schild einfach mit einem herk\u00f6mmlichen Edding.<\/p>\n","protected":false},"featured_media":48003,"template":"","meta":{"_gspb_post_css":""},"store":[],"product_brand":[1343],"product_cat":[1290],"product_tag":[],"class_list":{"0":"post-48004","1":"product","2":"type-product","3":"status-publish","4":"has-post-thumbnail","6":"product_brand-banjado-briefkasten","7":"product_cat-uncategorized","9":"first","10":"instock","11":"shipping-taxable","12":"purchasable","13":"product-type-simple"},"yoast_head":"<!-- This site is optimized with the Yoast SEO plugin v24.6 - https:\/\/yoast.com\/wordpress\/plugins\/seo\/ -->\n<title>Selbsthaftendes Magnet-Namensschild 15cm Wei\u00df MN14 | Banjado Briefkasten | Product-Guide.org<\/title>\n<meta name=\"description\" content=\"Selbsthaftendes Magnet-Namensschild 15cm Wei\u00df MN14 | Banjado Briefkasten gefunden von Product-Guide.org\" \/>\n<meta name=\"robots\" content=\"index, follow, max-snippet:-1, max-image-preview:large, max-video-preview:-1\" \/>\n<link rel=\"canonical\" href=\"https:\/\/product-guide.org\/en\/produkt\/selbsthaftendes-magnet-namensschild-15cm-weis-mn14-banjado-briefkasten\/\" \/>\n<meta property=\"og:locale\" content=\"en_GB\" \/>\n<meta property=\"og:type\" content=\"article\" \/>\n<meta property=\"og:title\" content=\"Selbsthaftendes Magnet-Namensschild 15cm Wei\u00df MN14 | Banjado Briefkasten | Product-Guide.org\" \/>\n<meta property=\"og:description\" content=\"Selbsthaftendes Magnet-Namensschild 15cm Wei\u00df MN14 | Banjado Briefkasten gefunden von Product-Guide.org\" \/>\n<meta property=\"og:url\" content=\"https:\/\/product-guide.org\/en\/produkt\/selbsthaftendes-magnet-namensschild-15cm-weis-mn14-banjado-briefkasten\/\" \/>\n<meta property=\"og:site_name\" content=\"Product-Guide.org\" \/>\n<meta property=\"article:modified_time\" content=\"2025-03-17T09:21:18+00:00\" \/>\n<meta name=\"twitter:card\" content=\"summary_large_image\" \/>\n<script type=\"application\/ld+json\" class=\"yoast-schema-graph\">{\"@context\":\"https:\/\/schema.org\",\"@graph\":[{\"@type\":\"WebPage\",\"@id\":\"https:\/\/product-guide.org\/produkt\/selbsthaftendes-magnet-namensschild-15cm-weis-mn14-banjado-briefkasten\/\",\"url\":\"https:\/\/product-guide.org\/produkt\/selbsthaftendes-magnet-namensschild-15cm-weis-mn14-banjado-briefkasten\/\",\"name\":\"Selbsthaftendes Magnet-Namensschild 15cm Wei\u00df MN14 | Banjado Briefkasten | Product-Guide.org\",\"isPartOf\":{\"@id\":\"https:\/\/product-guide.org\/#website\"},\"primaryImageOfPage\":{\"@id\":\"https:\/\/product-guide.org\/produkt\/selbsthaftendes-magnet-namensschild-15cm-weis-mn14-banjado-briefkasten\/#primaryimage\"},\"image\":{\"@id\":\"https:\/\/product-guide.org\/produkt\/selbsthaftendes-magnet-namensschild-15cm-weis-mn14-banjado-briefkasten\/#primaryimage\"},\"thumbnailUrl\":\"https:\/\/product-guide.org\/wp-content\/uploads\/2025\/03\/MN14-0-0.jpg\",\"datePublished\":\"2025-03-17T09:21:17+00:00\",\"dateModified\":\"2025-03-17T09:21:18+00:00\",\"description\":\"Selbsthaftendes Magnet-Namensschild 15cm Wei\u00df MN14 | Banjado Briefkasten gefunden von Product-Guide.org\",\"breadcrumb\":{\"@id\":\"https:\/\/product-guide.org\/produkt\/selbsthaftendes-magnet-namensschild-15cm-weis-mn14-banjado-briefkasten\/#breadcrumb\"},\"inLanguage\":\"en-GB\",\"potentialAction\":[{\"@type\":\"ReadAction\",\"target\":[\"https:\/\/product-guide.org\/produkt\/selbsthaftendes-magnet-namensschild-15cm-weis-mn14-banjado-briefkasten\/\"]}]},{\"@type\":\"ImageObject\",\"inLanguage\":\"en-GB\",\"@id\":\"https:\/\/product-guide.org\/produkt\/selbsthaftendes-magnet-namensschild-15cm-weis-mn14-banjado-briefkasten\/#primaryimage\",\"url\":\"https:\/\/product-guide.org\/wp-content\/uploads\/2025\/03\/MN14-0-0.jpg\",\"contentUrl\":\"https:\/\/product-guide.org\/wp-content\/uploads\/2025\/03\/MN14-0-0.jpg\",\"width\":1300,\"height\":1300},{\"@type\":\"BreadcrumbList\",\"@id\":\"https:\/\/product-guide.org\/produkt\/selbsthaftendes-magnet-namensschild-15cm-weis-mn14-banjado-briefkasten\/#breadcrumb\",\"itemListElement\":[{\"@type\":\"ListItem\",\"position\":1,\"name\":\"Home\",\"item\":\"https:\/\/product-guide.org\/\"},{\"@type\":\"ListItem\",\"position\":2,\"name\":\"Ergebnisse\",\"item\":\"https:\/\/product-guide.org\/de\/ergebnisse\/\"},{\"@type\":\"ListItem\",\"position\":3,\"name\":\"Selbsthaftendes Magnet-Namensschild 15cm Wei\u00df MN14 | Banjado Briefkasten\"}]},{\"@type\":\"WebSite\",\"@id\":\"https:\/\/product-guide.org\/#website\",\"url\":\"https:\/\/product-guide.org\/\",\"name\":\"Product-Guide.org\",\"description\":\"What Product are you looking for?\",\"publisher\":{\"@id\":\"https:\/\/product-guide.org\/#organization\"},\"potentialAction\":[{\"@type\":\"SearchAction\",\"target\":{\"@type\":\"EntryPoint\",\"urlTemplate\":\"https:\/\/product-guide.org\/?s={search_term_string}\"},\"query-input\":{\"@type\":\"PropertyValueSpecification\",\"valueRequired\":true,\"valueName\":\"search_term_string\"}}],\"inLanguage\":\"en-GB\"},{\"@type\":\"Organization\",\"@id\":\"https:\/\/product-guide.org\/#organization\",\"name\":\"Product-Guide.org\",\"url\":\"https:\/\/product-guide.org\/\",\"logo\":{\"@type\":\"ImageObject\",\"inLanguage\":\"en-GB\",\"@id\":\"https:\/\/product-guide.org\/#\/schema\/logo\/image\/\",\"url\":\"https:\/\/product-guide.org\/wp-content\/uploads\/2022\/07\/logo_transparent_background.png\",\"contentUrl\":\"https:\/\/product-guide.org\/wp-content\/uploads\/2022\/07\/logo_transparent_background.png\",\"width\":3400,\"height\":1132,\"caption\":\"Product-Guide.org\"},\"image\":{\"@id\":\"https:\/\/product-guide.org\/#\/schema\/logo\/image\/\"}}]}<\/script>\n<!-- \/ Yoast SEO plugin. -->","yoast_head_json":{"title":"Selbsthaftendes Magnet-Namensschild 15cm Wei\u00df MN14 | Banjado Briefkasten | Product-Guide.org","description":"Selbsthaftendes Magnet-Namensschild 15cm Wei\u00df MN14 | Banjado Briefkasten gefunden von Product-Guide.org","robots":{"index":"index","follow":"follow","max-snippet":"max-snippet:-1","max-image-preview":"max-image-preview:large","max-video-preview":"max-video-preview:-1"},"canonical":"https:\/\/product-guide.org\/en\/produkt\/selbsthaftendes-magnet-namensschild-15cm-weis-mn14-banjado-briefkasten\/","og_locale":"en_GB","og_type":"article","og_title":"Selbsthaftendes Magnet-Namensschild 15cm Wei\u00df MN14 | Banjado Briefkasten | Product-Guide.org","og_description":"Selbsthaftendes Magnet-Namensschild 15cm Wei\u00df MN14 | Banjado Briefkasten gefunden von Product-Guide.org","og_url":"https:\/\/product-guide.org\/en\/produkt\/selbsthaftendes-magnet-namensschild-15cm-weis-mn14-banjado-briefkasten\/","og_site_name":"Product-Guide.org","article_modified_time":"2025-03-17T09:21:18+00:00","twitter_card":"summary_large_image","schema":{"@context":"https:\/\/schema.org","@graph":[{"@type":"WebPage","@id":"https:\/\/product-guide.org\/produkt\/selbsthaftendes-magnet-namensschild-15cm-weis-mn14-banjado-briefkasten\/","url":"https:\/\/product-guide.org\/produkt\/selbsthaftendes-magnet-namensschild-15cm-weis-mn14-banjado-briefkasten\/","name":"Selbsthaftendes Magnet-Namensschild 15cm Wei\u00df MN14 | Banjado Briefkasten | Product-Guide.org","isPartOf":{"@id":"https:\/\/product-guide.org\/#website"},"primaryImageOfPage":{"@id":"https:\/\/product-guide.org\/produkt\/selbsthaftendes-magnet-namensschild-15cm-weis-mn14-banjado-briefkasten\/#primaryimage"},"image":{"@id":"https:\/\/product-guide.org\/produkt\/selbsthaftendes-magnet-namensschild-15cm-weis-mn14-banjado-briefkasten\/#primaryimage"},"thumbnailUrl":"https:\/\/product-guide.org\/wp-content\/uploads\/2025\/03\/MN14-0-0.jpg","datePublished":"2025-03-17T09:21:17+00:00","dateModified":"2025-03-17T09:21:18+00:00","description":"Selbsthaftendes Magnet-Namensschild 15cm Wei\u00df MN14 | Banjado Briefkasten gefunden von Product-Guide.org","breadcrumb":{"@id":"https:\/\/product-guide.org\/produkt\/selbsthaftendes-magnet-namensschild-15cm-weis-mn14-banjado-briefkasten\/#breadcrumb"},"inLanguage":"en-GB","potentialAction":[{"@type":"ReadAction","target":["https:\/\/product-guide.org\/produkt\/selbsthaftendes-magnet-namensschild-15cm-weis-mn14-banjado-briefkasten\/"]}]},{"@type":"ImageObject","inLanguage":"en-GB","@id":"https:\/\/product-guide.org\/produkt\/selbsthaftendes-magnet-namensschild-15cm-weis-mn14-banjado-briefkasten\/#primaryimage","url":"https:\/\/product-guide.org\/wp-content\/uploads\/2025\/03\/MN14-0-0.jpg","contentUrl":"https:\/\/product-guide.org\/wp-content\/uploads\/2025\/03\/MN14-0-0.jpg","width":1300,"height":1300},{"@type":"BreadcrumbList","@id":"https:\/\/product-guide.org\/produkt\/selbsthaftendes-magnet-namensschild-15cm-weis-mn14-banjado-briefkasten\/#breadcrumb","itemListElement":[{"@type":"ListItem","position":1,"name":"Home","item":"https:\/\/product-guide.org\/"},{"@type":"ListItem","position":2,"name":"Ergebnisse","item":"https:\/\/product-guide.org\/de\/ergebnisse\/"},{"@type":"ListItem","position":3,"name":"Selbsthaftendes Magnet-Namensschild 15cm Wei\u00df MN14 | Banjado Briefkasten"}]},{"@type":"WebSite","@id":"https:\/\/product-guide.org\/#website","url":"https:\/\/product-guide.org\/","name":"Product-Guide.org","description":"What Product are you looking for?","publisher":{"@id":"https:\/\/product-guide.org\/#organization"},"potentialAction":[{"@type":"SearchAction","target":{"@type":"EntryPoint","urlTemplate":"https:\/\/product-guide.org\/?s={search_term_string}"},"query-input":{"@type":"PropertyValueSpecification","valueRequired":true,"valueName":"search_term_string"}}],"inLanguage":"en-GB"},{"@type":"Organization","@id":"https:\/\/product-guide.org\/#organization","name":"Product-Guide.org","url":"https:\/\/product-guide.org\/","logo":{"@type":"ImageObject","inLanguage":"en-GB","@id":"https:\/\/product-guide.org\/#\/schema\/logo\/image\/","url":"https:\/\/product-guide.org\/wp-content\/uploads\/2022\/07\/logo_transparent_background.png","contentUrl":"https:\/\/product-guide.org\/wp-content\/uploads\/2022\/07\/logo_transparent_background.png","width":3400,"height":1132,"caption":"Product-Guide.org"},"image":{"@id":"https:\/\/product-guide.org\/#\/schema\/logo\/image\/"}}]}},"_links":{"self":[{"href":"https:\/\/product-guide.org\/en\/wp-json\/wp\/v2\/product\/48004","targetHints":{"allow":["GET"]}}],"collection":[{"href":"https:\/\/product-guide.org\/en\/wp-json\/wp\/v2\/product"}],"about":[{"href":"https:\/\/product-guide.org\/en\/wp-json\/wp\/v2\/types\/product"}],"wp:featuredmedia":[{"embeddable":true,"href":"https:\/\/product-guide.org\/en\/wp-json\/wp\/v2\/media\/48003"}],"wp:attachment":[{"href":"https:\/\/product-guide.org\/en\/wp-json\/wp\/v2\/media?parent=48004"}],"wp:term":[{"taxonomy":"store","embeddable":true,"href":"https:\/\/product-guide.org\/en\/wp-json\/wp\/v2\/store?post=48004"},{"taxonomy":"product_brand","embeddable":true,"href":"https:\/\/product-guide.org\/en\/wp-json\/wp\/v2\/product_brand?post=48004"},{"taxonomy":"product_cat","embeddable":true,"href":"https:\/\/product-guide.org\/en\/wp-json\/wp\/v2\/product_cat?post=48004"},{"taxonomy":"product_tag","embeddable":true,"href":"https:\/\/product-guide.org\/en\/wp-json\/wp\/v2\/product_tag?post=48004"}],"curies":[{"name":"wp","href":"https:\/\/api.w.org\/{rel}","templated":true}]}}