{"id":48038,"date":"2025-03-17T10:21:35","date_gmt":"2025-03-17T09:21:35","guid":{"rendered":"https:\/\/product-guide.org\/produkt\/aufkleber-keine-werbung-herbstkranz-banjado-briefkasten-3\/"},"modified":"2025-03-17T10:21:36","modified_gmt":"2025-03-17T09:21:36","slug":"aufkleber-keine-werbung-herbstkranz-banjado-briefkasten-3","status":"publish","type":"product","link":"https:\/\/product-guide.org\/en\/produkt\/aufkleber-keine-werbung-herbstkranz-banjado-briefkasten-3\/","title":{"rendered":"Aufkleber Keine Werbung Herbstkranz | Banjado Briefkasten"},"content":{"rendered":"<p>Sie haben st\u00e4ndig einen \u00fcberf\u00fcllten Briefkasten und definitiv keine Lust mehr auf Werbung? Sie wollen einen lustigen und gleichzeitig einzigartigen Aufkleber f\u00fcr Ihren Briefkasten? Dann sind die Keine-Werbung-Aufkleber von banjado genau das Richtige f\u00fcr Sie. Geben Sie Ihre Nachricht an Ihren Zusteller vor Ort weiter und verpassen Sie ihm ein L\u00e4cheln mit auf den Weg. Mit unserem Keine-Werbung-Aufkleber Herbstkranz setzten Sie definitiv ein Zeichen und stechen bei Ihren Nachbarn hervor. Bei der Herstellung achten wir auf h\u00f6chste Qualit\u00e4t. Immerhin sollen Sie lange Freude an Ihrem Aufkleber haben. Deshalb arbeiten wir mit UV- und wetterbest\u00e4ndiger Dekorfolie, die zum Schutz noch einmal mit einem speziellen Schutzlaminat \u00fcberzogen wird. So ist Ihr Aufkleber nicht nur vor dem Wetter, sondern auch vor Kratzern und anderen Besch\u00e4digungen gesch\u00fctzt. Der Aufkleber kann beim Reinigen mit handels\u00fcblichen Reinigungsmitteln gerne ein wenig Wasser abbekommen.Das Anbringen an Ihrem Briefkasten ist ebenfalls sehr einfach: Einfach abziehen und an eine sichtbare Stelle kleben. So erhalten Sie sicherlich keine unerw\u00fcnschte Werbung mehr.<\/p>\n","protected":false},"excerpt":{"rendered":"<p>Sie haben st\u00e4ndig einen \u00fcberf\u00fcllten Briefkasten und definitiv keine Lust mehr auf Werbung? Sie wollen einen lustigen und gleichzeitig einzigartigen Aufkleber f\u00fcr Ihren Briefkasten? Dann sind die Keine-Werbung-Aufkleber von banjado genau das Richtige f\u00fcr Sie. Geben Sie Ihre Nachricht an Ihren Zusteller vor Ort weiter und verpassen Sie ihm ein L\u00e4cheln mit auf den Weg. [&hellip;]<\/p>\n","protected":false},"featured_media":48035,"template":"","meta":{"_gspb_post_css":""},"store":[],"product_brand":[1343],"product_cat":[1290],"product_tag":[],"class_list":{"0":"post-48038","1":"product","2":"type-product","3":"status-publish","4":"has-post-thumbnail","6":"product_brand-banjado-briefkasten","7":"product_cat-uncategorized","9":"first","10":"instock","11":"shipping-taxable","12":"purchasable","13":"product-type-simple"},"yoast_head":"<!-- This site is optimized with the Yoast SEO plugin v24.6 - https:\/\/yoast.com\/wordpress\/plugins\/seo\/ -->\n<title>Aufkleber Keine Werbung Herbstkranz | Banjado Briefkasten | Product-Guide.org<\/title>\n<meta name=\"description\" content=\"Aufkleber Keine Werbung Herbstkranz | Banjado Briefkasten gefunden von Product-Guide.org\" \/>\n<meta name=\"robots\" content=\"index, follow, max-snippet:-1, max-image-preview:large, max-video-preview:-1\" \/>\n<link rel=\"canonical\" href=\"https:\/\/product-guide.org\/en\/produkt\/aufkleber-keine-werbung-herbstkranz-banjado-briefkasten-3\/\" \/>\n<meta property=\"og:locale\" content=\"en_GB\" \/>\n<meta property=\"og:type\" content=\"article\" \/>\n<meta property=\"og:title\" content=\"Aufkleber Keine Werbung Herbstkranz | Banjado Briefkasten | Product-Guide.org\" \/>\n<meta property=\"og:description\" content=\"Aufkleber Keine Werbung Herbstkranz | Banjado Briefkasten gefunden von Product-Guide.org\" \/>\n<meta property=\"og:url\" content=\"https:\/\/product-guide.org\/en\/produkt\/aufkleber-keine-werbung-herbstkranz-banjado-briefkasten-3\/\" \/>\n<meta property=\"og:site_name\" content=\"Product-Guide.org\" \/>\n<meta property=\"article:modified_time\" content=\"2025-03-17T09:21:36+00:00\" \/>\n<meta name=\"twitter:card\" content=\"summary_large_image\" \/>\n<script type=\"application\/ld+json\" class=\"yoast-schema-graph\">{\"@context\":\"https:\/\/schema.org\",\"@graph\":[{\"@type\":\"WebPage\",\"@id\":\"https:\/\/product-guide.org\/produkt\/aufkleber-keine-werbung-herbstkranz-banjado-briefkasten-3\/\",\"url\":\"https:\/\/product-guide.org\/produkt\/aufkleber-keine-werbung-herbstkranz-banjado-briefkasten-3\/\",\"name\":\"Aufkleber Keine Werbung Herbstkranz | Banjado Briefkasten | Product-Guide.org\",\"isPartOf\":{\"@id\":\"https:\/\/product-guide.org\/#website\"},\"primaryImageOfPage\":{\"@id\":\"https:\/\/product-guide.org\/produkt\/aufkleber-keine-werbung-herbstkranz-banjado-briefkasten-3\/#primaryimage\"},\"image\":{\"@id\":\"https:\/\/product-guide.org\/produkt\/aufkleber-keine-werbung-herbstkranz-banjado-briefkasten-3\/#primaryimage\"},\"thumbnailUrl\":\"https:\/\/product-guide.org\/wp-content\/uploads\/2025\/03\/SKW8-1-0.jpg\",\"datePublished\":\"2025-03-17T09:21:35+00:00\",\"dateModified\":\"2025-03-17T09:21:36+00:00\",\"description\":\"Aufkleber Keine Werbung Herbstkranz | Banjado Briefkasten gefunden von Product-Guide.org\",\"breadcrumb\":{\"@id\":\"https:\/\/product-guide.org\/produkt\/aufkleber-keine-werbung-herbstkranz-banjado-briefkasten-3\/#breadcrumb\"},\"inLanguage\":\"en-GB\",\"potentialAction\":[{\"@type\":\"ReadAction\",\"target\":[\"https:\/\/product-guide.org\/produkt\/aufkleber-keine-werbung-herbstkranz-banjado-briefkasten-3\/\"]}]},{\"@type\":\"ImageObject\",\"inLanguage\":\"en-GB\",\"@id\":\"https:\/\/product-guide.org\/produkt\/aufkleber-keine-werbung-herbstkranz-banjado-briefkasten-3\/#primaryimage\",\"url\":\"https:\/\/product-guide.org\/wp-content\/uploads\/2025\/03\/SKW8-1-0.jpg\",\"contentUrl\":\"https:\/\/product-guide.org\/wp-content\/uploads\/2025\/03\/SKW8-1-0.jpg\",\"width\":1300,\"height\":1300},{\"@type\":\"BreadcrumbList\",\"@id\":\"https:\/\/product-guide.org\/produkt\/aufkleber-keine-werbung-herbstkranz-banjado-briefkasten-3\/#breadcrumb\",\"itemListElement\":[{\"@type\":\"ListItem\",\"position\":1,\"name\":\"Home\",\"item\":\"https:\/\/product-guide.org\/\"},{\"@type\":\"ListItem\",\"position\":2,\"name\":\"Ergebnisse\",\"item\":\"https:\/\/product-guide.org\/de\/ergebnisse\/\"},{\"@type\":\"ListItem\",\"position\":3,\"name\":\"Aufkleber Keine Werbung Herbstkranz | Banjado Briefkasten\"}]},{\"@type\":\"WebSite\",\"@id\":\"https:\/\/product-guide.org\/#website\",\"url\":\"https:\/\/product-guide.org\/\",\"name\":\"Product-Guide.org\",\"description\":\"What Product are you looking for?\",\"publisher\":{\"@id\":\"https:\/\/product-guide.org\/#organization\"},\"potentialAction\":[{\"@type\":\"SearchAction\",\"target\":{\"@type\":\"EntryPoint\",\"urlTemplate\":\"https:\/\/product-guide.org\/?s={search_term_string}\"},\"query-input\":{\"@type\":\"PropertyValueSpecification\",\"valueRequired\":true,\"valueName\":\"search_term_string\"}}],\"inLanguage\":\"en-GB\"},{\"@type\":\"Organization\",\"@id\":\"https:\/\/product-guide.org\/#organization\",\"name\":\"Product-Guide.org\",\"url\":\"https:\/\/product-guide.org\/\",\"logo\":{\"@type\":\"ImageObject\",\"inLanguage\":\"en-GB\",\"@id\":\"https:\/\/product-guide.org\/#\/schema\/logo\/image\/\",\"url\":\"https:\/\/product-guide.org\/wp-content\/uploads\/2022\/07\/logo_transparent_background.png\",\"contentUrl\":\"https:\/\/product-guide.org\/wp-content\/uploads\/2022\/07\/logo_transparent_background.png\",\"width\":3400,\"height\":1132,\"caption\":\"Product-Guide.org\"},\"image\":{\"@id\":\"https:\/\/product-guide.org\/#\/schema\/logo\/image\/\"}}]}<\/script>\n<!-- \/ Yoast SEO plugin. -->","yoast_head_json":{"title":"Aufkleber Keine Werbung Herbstkranz | Banjado Briefkasten | Product-Guide.org","description":"Aufkleber Keine Werbung Herbstkranz | Banjado Briefkasten gefunden von Product-Guide.org","robots":{"index":"index","follow":"follow","max-snippet":"max-snippet:-1","max-image-preview":"max-image-preview:large","max-video-preview":"max-video-preview:-1"},"canonical":"https:\/\/product-guide.org\/en\/produkt\/aufkleber-keine-werbung-herbstkranz-banjado-briefkasten-3\/","og_locale":"en_GB","og_type":"article","og_title":"Aufkleber Keine Werbung Herbstkranz | Banjado Briefkasten | Product-Guide.org","og_description":"Aufkleber Keine Werbung Herbstkranz | Banjado Briefkasten gefunden von Product-Guide.org","og_url":"https:\/\/product-guide.org\/en\/produkt\/aufkleber-keine-werbung-herbstkranz-banjado-briefkasten-3\/","og_site_name":"Product-Guide.org","article_modified_time":"2025-03-17T09:21:36+00:00","twitter_card":"summary_large_image","schema":{"@context":"https:\/\/schema.org","@graph":[{"@type":"WebPage","@id":"https:\/\/product-guide.org\/produkt\/aufkleber-keine-werbung-herbstkranz-banjado-briefkasten-3\/","url":"https:\/\/product-guide.org\/produkt\/aufkleber-keine-werbung-herbstkranz-banjado-briefkasten-3\/","name":"Aufkleber Keine Werbung Herbstkranz | Banjado Briefkasten | Product-Guide.org","isPartOf":{"@id":"https:\/\/product-guide.org\/#website"},"primaryImageOfPage":{"@id":"https:\/\/product-guide.org\/produkt\/aufkleber-keine-werbung-herbstkranz-banjado-briefkasten-3\/#primaryimage"},"image":{"@id":"https:\/\/product-guide.org\/produkt\/aufkleber-keine-werbung-herbstkranz-banjado-briefkasten-3\/#primaryimage"},"thumbnailUrl":"https:\/\/product-guide.org\/wp-content\/uploads\/2025\/03\/SKW8-1-0.jpg","datePublished":"2025-03-17T09:21:35+00:00","dateModified":"2025-03-17T09:21:36+00:00","description":"Aufkleber Keine Werbung Herbstkranz | Banjado Briefkasten gefunden von Product-Guide.org","breadcrumb":{"@id":"https:\/\/product-guide.org\/produkt\/aufkleber-keine-werbung-herbstkranz-banjado-briefkasten-3\/#breadcrumb"},"inLanguage":"en-GB","potentialAction":[{"@type":"ReadAction","target":["https:\/\/product-guide.org\/produkt\/aufkleber-keine-werbung-herbstkranz-banjado-briefkasten-3\/"]}]},{"@type":"ImageObject","inLanguage":"en-GB","@id":"https:\/\/product-guide.org\/produkt\/aufkleber-keine-werbung-herbstkranz-banjado-briefkasten-3\/#primaryimage","url":"https:\/\/product-guide.org\/wp-content\/uploads\/2025\/03\/SKW8-1-0.jpg","contentUrl":"https:\/\/product-guide.org\/wp-content\/uploads\/2025\/03\/SKW8-1-0.jpg","width":1300,"height":1300},{"@type":"BreadcrumbList","@id":"https:\/\/product-guide.org\/produkt\/aufkleber-keine-werbung-herbstkranz-banjado-briefkasten-3\/#breadcrumb","itemListElement":[{"@type":"ListItem","position":1,"name":"Home","item":"https:\/\/product-guide.org\/"},{"@type":"ListItem","position":2,"name":"Ergebnisse","item":"https:\/\/product-guide.org\/de\/ergebnisse\/"},{"@type":"ListItem","position":3,"name":"Aufkleber Keine Werbung Herbstkranz | Banjado Briefkasten"}]},{"@type":"WebSite","@id":"https:\/\/product-guide.org\/#website","url":"https:\/\/product-guide.org\/","name":"Product-Guide.org","description":"What Product are you looking for?","publisher":{"@id":"https:\/\/product-guide.org\/#organization"},"potentialAction":[{"@type":"SearchAction","target":{"@type":"EntryPoint","urlTemplate":"https:\/\/product-guide.org\/?s={search_term_string}"},"query-input":{"@type":"PropertyValueSpecification","valueRequired":true,"valueName":"search_term_string"}}],"inLanguage":"en-GB"},{"@type":"Organization","@id":"https:\/\/product-guide.org\/#organization","name":"Product-Guide.org","url":"https:\/\/product-guide.org\/","logo":{"@type":"ImageObject","inLanguage":"en-GB","@id":"https:\/\/product-guide.org\/#\/schema\/logo\/image\/","url":"https:\/\/product-guide.org\/wp-content\/uploads\/2022\/07\/logo_transparent_background.png","contentUrl":"https:\/\/product-guide.org\/wp-content\/uploads\/2022\/07\/logo_transparent_background.png","width":3400,"height":1132,"caption":"Product-Guide.org"},"image":{"@id":"https:\/\/product-guide.org\/#\/schema\/logo\/image\/"}}]}},"_links":{"self":[{"href":"https:\/\/product-guide.org\/en\/wp-json\/wp\/v2\/product\/48038","targetHints":{"allow":["GET"]}}],"collection":[{"href":"https:\/\/product-guide.org\/en\/wp-json\/wp\/v2\/product"}],"about":[{"href":"https:\/\/product-guide.org\/en\/wp-json\/wp\/v2\/types\/product"}],"wp:featuredmedia":[{"embeddable":true,"href":"https:\/\/product-guide.org\/en\/wp-json\/wp\/v2\/media\/48035"}],"wp:attachment":[{"href":"https:\/\/product-guide.org\/en\/wp-json\/wp\/v2\/media?parent=48038"}],"wp:term":[{"taxonomy":"store","embeddable":true,"href":"https:\/\/product-guide.org\/en\/wp-json\/wp\/v2\/store?post=48038"},{"taxonomy":"product_brand","embeddable":true,"href":"https:\/\/product-guide.org\/en\/wp-json\/wp\/v2\/product_brand?post=48038"},{"taxonomy":"product_cat","embeddable":true,"href":"https:\/\/product-guide.org\/en\/wp-json\/wp\/v2\/product_cat?post=48038"},{"taxonomy":"product_tag","embeddable":true,"href":"https:\/\/product-guide.org\/en\/wp-json\/wp\/v2\/product_tag?post=48038"}],"curies":[{"name":"wp","href":"https:\/\/api.w.org\/{rel}","templated":true}]}}