{"id":48048,"date":"2025-03-17T10:21:41","date_gmt":"2025-03-17T09:21:41","guid":{"rendered":"https:\/\/product-guide.org\/produkt\/keine-werbung-aufkleber-fur-briefkasten-blumen-banjado-briefkasten\/"},"modified":"2025-03-17T10:21:41","modified_gmt":"2025-03-17T09:21:41","slug":"keine-werbung-aufkleber-fur-briefkasten-blumen-banjado-briefkasten","status":"publish","type":"product","link":"https:\/\/product-guide.org\/en\/produkt\/keine-werbung-aufkleber-fur-briefkasten-blumen-banjado-briefkasten\/","title":{"rendered":"KEINE WERBUNG Aufkleber f\u00fcr Briefkasten Blumen | Banjado Briefkasten"},"content":{"rendered":"<p>Sie haben einen \u00fcberf\u00fcllten Briefkasten und definitiv keine Lust mehr auf Werbung und die damit verbundene Papierflut? Sie wollen einen lustigen und gleichzeitig einzigartigen Sticker f\u00fcr Ihren Briefkasten? Dann sind die Bitte keine Werbung Aufkleber von banjado genau das Richtige f\u00fcr Sie. Mit diesem Briefkastenaufkleber informieren Sie Ihren Zusteller direkt vor Ort \u00fcber Ihren Wunsch und entlocken ihm sicher noch das ein oder andere L\u00e4cheln. Zeigen Sie Humor und Geschmack mit diesem runden Aufkleber und setzen Sie Sich von der breiten Masse ab. Der Sticker hat eine Gr\u00f6\u00dfe von 8,5cm x 2,5cm und wird Ihnen ganz unkompliziert in einem Briefumschlag zugesandt. Bei der Herstellung achten wir auf h\u00f6chste Qualit\u00e4t. Wir fertigen Ihren Sticker in einer kleinen Manufaktur im Herzen von Dresden. Alle Farben sind v\u00f6llig ungiftig und komplett frei von L\u00f6sungsmitteln. Das zus\u00e4tzliche Schutzlaminat sorgt f\u00fcr absolute Wetter- und UV-Best\u00e4ndigkeit. Der Aufkleber kommt auf einer Tr\u00e4gerfolie von wo er kinderleicht abgenommen und frei auf Ihrem Postkasten platziert werden kann.<\/p>\n","protected":false},"excerpt":{"rendered":"<p>Sie haben einen \u00fcberf\u00fcllten Briefkasten und definitiv keine Lust mehr auf Werbung und die damit verbundene Papierflut? Sie wollen einen lustigen und gleichzeitig einzigartigen Sticker f\u00fcr Ihren Briefkasten? Dann sind die Bitte keine Werbung Aufkleber von banjado genau das Richtige f\u00fcr Sie. Mit diesem Briefkastenaufkleber informieren Sie Ihren Zusteller direkt vor Ort \u00fcber Ihren Wunsch [&hellip;]<\/p>\n","protected":false},"featured_media":48047,"template":"","meta":{"_gspb_post_css":""},"store":[],"product_brand":[1343],"product_cat":[1290],"product_tag":[],"class_list":{"0":"post-48048","1":"product","2":"type-product","3":"status-publish","4":"has-post-thumbnail","6":"product_brand-banjado-briefkasten","7":"product_cat-uncategorized","9":"first","10":"instock","11":"shipping-taxable","12":"purchasable","13":"product-type-simple"},"yoast_head":"<!-- This site is optimized with the Yoast SEO plugin v24.6 - https:\/\/yoast.com\/wordpress\/plugins\/seo\/ -->\n<title>KEINE WERBUNG Aufkleber f\u00fcr Briefkasten Blumen | Banjado Briefkasten | Product-Guide.org<\/title>\n<meta name=\"description\" content=\"KEINE WERBUNG Aufkleber f\u00fcr Briefkasten Blumen | Banjado Briefkasten gefunden von Product-Guide.org\" \/>\n<meta name=\"robots\" content=\"index, follow, max-snippet:-1, max-image-preview:large, max-video-preview:-1\" \/>\n<link rel=\"canonical\" href=\"https:\/\/product-guide.org\/en\/produkt\/keine-werbung-aufkleber-fur-briefkasten-blumen-banjado-briefkasten\/\" \/>\n<meta property=\"og:locale\" content=\"en_GB\" \/>\n<meta property=\"og:type\" content=\"article\" \/>\n<meta property=\"og:title\" content=\"KEINE WERBUNG Aufkleber f\u00fcr Briefkasten Blumen | Banjado Briefkasten | Product-Guide.org\" \/>\n<meta property=\"og:description\" content=\"KEINE WERBUNG Aufkleber f\u00fcr Briefkasten Blumen | Banjado Briefkasten gefunden von Product-Guide.org\" \/>\n<meta property=\"og:url\" content=\"https:\/\/product-guide.org\/en\/produkt\/keine-werbung-aufkleber-fur-briefkasten-blumen-banjado-briefkasten\/\" \/>\n<meta property=\"og:site_name\" content=\"Product-Guide.org\" \/>\n<meta name=\"twitter:card\" content=\"summary_large_image\" \/>\n<script type=\"application\/ld+json\" class=\"yoast-schema-graph\">{\"@context\":\"https:\/\/schema.org\",\"@graph\":[{\"@type\":\"WebPage\",\"@id\":\"https:\/\/product-guide.org\/produkt\/keine-werbung-aufkleber-fur-briefkasten-blumen-banjado-briefkasten\/\",\"url\":\"https:\/\/product-guide.org\/produkt\/keine-werbung-aufkleber-fur-briefkasten-blumen-banjado-briefkasten\/\",\"name\":\"KEINE WERBUNG Aufkleber f\u00fcr Briefkasten Blumen | Banjado Briefkasten | Product-Guide.org\",\"isPartOf\":{\"@id\":\"https:\/\/product-guide.org\/#website\"},\"primaryImageOfPage\":{\"@id\":\"https:\/\/product-guide.org\/produkt\/keine-werbung-aufkleber-fur-briefkasten-blumen-banjado-briefkasten\/#primaryimage\"},\"image\":{\"@id\":\"https:\/\/product-guide.org\/produkt\/keine-werbung-aufkleber-fur-briefkasten-blumen-banjado-briefkasten\/#primaryimage\"},\"thumbnailUrl\":\"https:\/\/product-guide.org\/wp-content\/uploads\/2025\/03\/SKW12-1.jpg\",\"datePublished\":\"2025-03-17T09:21:41+00:00\",\"description\":\"KEINE WERBUNG Aufkleber f\u00fcr Briefkasten Blumen | Banjado Briefkasten gefunden von Product-Guide.org\",\"breadcrumb\":{\"@id\":\"https:\/\/product-guide.org\/produkt\/keine-werbung-aufkleber-fur-briefkasten-blumen-banjado-briefkasten\/#breadcrumb\"},\"inLanguage\":\"en-GB\",\"potentialAction\":[{\"@type\":\"ReadAction\",\"target\":[\"https:\/\/product-guide.org\/produkt\/keine-werbung-aufkleber-fur-briefkasten-blumen-banjado-briefkasten\/\"]}]},{\"@type\":\"ImageObject\",\"inLanguage\":\"en-GB\",\"@id\":\"https:\/\/product-guide.org\/produkt\/keine-werbung-aufkleber-fur-briefkasten-blumen-banjado-briefkasten\/#primaryimage\",\"url\":\"https:\/\/product-guide.org\/wp-content\/uploads\/2025\/03\/SKW12-1.jpg\",\"contentUrl\":\"https:\/\/product-guide.org\/wp-content\/uploads\/2025\/03\/SKW12-1.jpg\",\"width\":1300,\"height\":1300},{\"@type\":\"BreadcrumbList\",\"@id\":\"https:\/\/product-guide.org\/produkt\/keine-werbung-aufkleber-fur-briefkasten-blumen-banjado-briefkasten\/#breadcrumb\",\"itemListElement\":[{\"@type\":\"ListItem\",\"position\":1,\"name\":\"Home\",\"item\":\"https:\/\/product-guide.org\/\"},{\"@type\":\"ListItem\",\"position\":2,\"name\":\"Ergebnisse\",\"item\":\"https:\/\/product-guide.org\/de\/ergebnisse\/\"},{\"@type\":\"ListItem\",\"position\":3,\"name\":\"KEINE WERBUNG Aufkleber f\u00fcr Briefkasten Blumen | Banjado Briefkasten\"}]},{\"@type\":\"WebSite\",\"@id\":\"https:\/\/product-guide.org\/#website\",\"url\":\"https:\/\/product-guide.org\/\",\"name\":\"Product-Guide.org\",\"description\":\"What Product are you looking for?\",\"publisher\":{\"@id\":\"https:\/\/product-guide.org\/#organization\"},\"potentialAction\":[{\"@type\":\"SearchAction\",\"target\":{\"@type\":\"EntryPoint\",\"urlTemplate\":\"https:\/\/product-guide.org\/?s={search_term_string}\"},\"query-input\":{\"@type\":\"PropertyValueSpecification\",\"valueRequired\":true,\"valueName\":\"search_term_string\"}}],\"inLanguage\":\"en-GB\"},{\"@type\":\"Organization\",\"@id\":\"https:\/\/product-guide.org\/#organization\",\"name\":\"Product-Guide.org\",\"url\":\"https:\/\/product-guide.org\/\",\"logo\":{\"@type\":\"ImageObject\",\"inLanguage\":\"en-GB\",\"@id\":\"https:\/\/product-guide.org\/#\/schema\/logo\/image\/\",\"url\":\"https:\/\/product-guide.org\/wp-content\/uploads\/2022\/07\/logo_transparent_background.png\",\"contentUrl\":\"https:\/\/product-guide.org\/wp-content\/uploads\/2022\/07\/logo_transparent_background.png\",\"width\":3400,\"height\":1132,\"caption\":\"Product-Guide.org\"},\"image\":{\"@id\":\"https:\/\/product-guide.org\/#\/schema\/logo\/image\/\"}}]}<\/script>\n<!-- \/ Yoast SEO plugin. -->","yoast_head_json":{"title":"KEINE WERBUNG Aufkleber f\u00fcr Briefkasten Blumen | Banjado Briefkasten | Product-Guide.org","description":"KEINE WERBUNG Aufkleber f\u00fcr Briefkasten Blumen | Banjado Briefkasten gefunden von Product-Guide.org","robots":{"index":"index","follow":"follow","max-snippet":"max-snippet:-1","max-image-preview":"max-image-preview:large","max-video-preview":"max-video-preview:-1"},"canonical":"https:\/\/product-guide.org\/en\/produkt\/keine-werbung-aufkleber-fur-briefkasten-blumen-banjado-briefkasten\/","og_locale":"en_GB","og_type":"article","og_title":"KEINE WERBUNG Aufkleber f\u00fcr Briefkasten Blumen | Banjado Briefkasten | Product-Guide.org","og_description":"KEINE WERBUNG Aufkleber f\u00fcr Briefkasten Blumen | Banjado Briefkasten gefunden von Product-Guide.org","og_url":"https:\/\/product-guide.org\/en\/produkt\/keine-werbung-aufkleber-fur-briefkasten-blumen-banjado-briefkasten\/","og_site_name":"Product-Guide.org","twitter_card":"summary_large_image","schema":{"@context":"https:\/\/schema.org","@graph":[{"@type":"WebPage","@id":"https:\/\/product-guide.org\/produkt\/keine-werbung-aufkleber-fur-briefkasten-blumen-banjado-briefkasten\/","url":"https:\/\/product-guide.org\/produkt\/keine-werbung-aufkleber-fur-briefkasten-blumen-banjado-briefkasten\/","name":"KEINE WERBUNG Aufkleber f\u00fcr Briefkasten Blumen | Banjado Briefkasten | Product-Guide.org","isPartOf":{"@id":"https:\/\/product-guide.org\/#website"},"primaryImageOfPage":{"@id":"https:\/\/product-guide.org\/produkt\/keine-werbung-aufkleber-fur-briefkasten-blumen-banjado-briefkasten\/#primaryimage"},"image":{"@id":"https:\/\/product-guide.org\/produkt\/keine-werbung-aufkleber-fur-briefkasten-blumen-banjado-briefkasten\/#primaryimage"},"thumbnailUrl":"https:\/\/product-guide.org\/wp-content\/uploads\/2025\/03\/SKW12-1.jpg","datePublished":"2025-03-17T09:21:41+00:00","description":"KEINE WERBUNG Aufkleber f\u00fcr Briefkasten Blumen | Banjado Briefkasten gefunden von Product-Guide.org","breadcrumb":{"@id":"https:\/\/product-guide.org\/produkt\/keine-werbung-aufkleber-fur-briefkasten-blumen-banjado-briefkasten\/#breadcrumb"},"inLanguage":"en-GB","potentialAction":[{"@type":"ReadAction","target":["https:\/\/product-guide.org\/produkt\/keine-werbung-aufkleber-fur-briefkasten-blumen-banjado-briefkasten\/"]}]},{"@type":"ImageObject","inLanguage":"en-GB","@id":"https:\/\/product-guide.org\/produkt\/keine-werbung-aufkleber-fur-briefkasten-blumen-banjado-briefkasten\/#primaryimage","url":"https:\/\/product-guide.org\/wp-content\/uploads\/2025\/03\/SKW12-1.jpg","contentUrl":"https:\/\/product-guide.org\/wp-content\/uploads\/2025\/03\/SKW12-1.jpg","width":1300,"height":1300},{"@type":"BreadcrumbList","@id":"https:\/\/product-guide.org\/produkt\/keine-werbung-aufkleber-fur-briefkasten-blumen-banjado-briefkasten\/#breadcrumb","itemListElement":[{"@type":"ListItem","position":1,"name":"Home","item":"https:\/\/product-guide.org\/"},{"@type":"ListItem","position":2,"name":"Ergebnisse","item":"https:\/\/product-guide.org\/de\/ergebnisse\/"},{"@type":"ListItem","position":3,"name":"KEINE WERBUNG Aufkleber f\u00fcr Briefkasten Blumen | Banjado Briefkasten"}]},{"@type":"WebSite","@id":"https:\/\/product-guide.org\/#website","url":"https:\/\/product-guide.org\/","name":"Product-Guide.org","description":"What Product are you looking for?","publisher":{"@id":"https:\/\/product-guide.org\/#organization"},"potentialAction":[{"@type":"SearchAction","target":{"@type":"EntryPoint","urlTemplate":"https:\/\/product-guide.org\/?s={search_term_string}"},"query-input":{"@type":"PropertyValueSpecification","valueRequired":true,"valueName":"search_term_string"}}],"inLanguage":"en-GB"},{"@type":"Organization","@id":"https:\/\/product-guide.org\/#organization","name":"Product-Guide.org","url":"https:\/\/product-guide.org\/","logo":{"@type":"ImageObject","inLanguage":"en-GB","@id":"https:\/\/product-guide.org\/#\/schema\/logo\/image\/","url":"https:\/\/product-guide.org\/wp-content\/uploads\/2022\/07\/logo_transparent_background.png","contentUrl":"https:\/\/product-guide.org\/wp-content\/uploads\/2022\/07\/logo_transparent_background.png","width":3400,"height":1132,"caption":"Product-Guide.org"},"image":{"@id":"https:\/\/product-guide.org\/#\/schema\/logo\/image\/"}}]}},"_links":{"self":[{"href":"https:\/\/product-guide.org\/en\/wp-json\/wp\/v2\/product\/48048","targetHints":{"allow":["GET"]}}],"collection":[{"href":"https:\/\/product-guide.org\/en\/wp-json\/wp\/v2\/product"}],"about":[{"href":"https:\/\/product-guide.org\/en\/wp-json\/wp\/v2\/types\/product"}],"wp:featuredmedia":[{"embeddable":true,"href":"https:\/\/product-guide.org\/en\/wp-json\/wp\/v2\/media\/48047"}],"wp:attachment":[{"href":"https:\/\/product-guide.org\/en\/wp-json\/wp\/v2\/media?parent=48048"}],"wp:term":[{"taxonomy":"store","embeddable":true,"href":"https:\/\/product-guide.org\/en\/wp-json\/wp\/v2\/store?post=48048"},{"taxonomy":"product_brand","embeddable":true,"href":"https:\/\/product-guide.org\/en\/wp-json\/wp\/v2\/product_brand?post=48048"},{"taxonomy":"product_cat","embeddable":true,"href":"https:\/\/product-guide.org\/en\/wp-json\/wp\/v2\/product_cat?post=48048"},{"taxonomy":"product_tag","embeddable":true,"href":"https:\/\/product-guide.org\/en\/wp-json\/wp\/v2\/product_tag?post=48048"}],"curies":[{"name":"wp","href":"https:\/\/api.w.org\/{rel}","templated":true}]}}