{"id":48265,"date":"2025-03-17T10:25:00","date_gmt":"2025-03-17T09:25:00","guid":{"rendered":"https:\/\/product-guide.org\/produkt\/spielmatte-hupfspiel-teppich-laufer-hupfspiel-abwaschbar-rutschfest-spring-kreuz-grau-67x240cm-bodenschutz24-de\/"},"modified":"2025-03-17T10:25:01","modified_gmt":"2025-03-17T09:25:01","slug":"spielmatte-hupfspiel-teppich-laufer-hupfspiel-abwaschbar-rutschfest-spring-kreuz-grau-67x240cm-bodenschutz24-de","status":"publish","type":"product","link":"https:\/\/product-guide.org\/en\/produkt\/spielmatte-hupfspiel-teppich-laufer-hupfspiel-abwaschbar-rutschfest-spring-kreuz-grau-67x240cm-bodenschutz24-de\/","title":{"rendered":"Spielmatte H\u00fcpfspiel Teppich L\u00e4ufer H\u00fcpfspiel abwaschbar rutschfest Spring Kreuz Grau 67x240cm | Bodenschutz24.de"},"content":{"rendered":"<p>Spielmatte H\u00fcpfspiel Teppich L\u00e4ufer H\u00fcpfspiel abwaschbar rutschfest Spring Kreuz Grau 67x240cm. Spielteppich Deluxe 67x240cm: Vielseitiger L\u00e4ufer \u2013 Ideal f\u00fcr K\u00fcche, Flur und Kinderzimmer Entdecken Sie den ultimativen PVC beschichteten Spielteppich in Grau, der Funktionalit\u00e4t und Spa\u00df auf einmalige Weise vereint. Mit seiner rutschfesten und pflegeleichten Oberfl\u00e4che ist dieser Teppichl\u00e4ufer perfekt f\u00fcr frequentierte Bereiche wie die K\u00fcche, Kinderzimmer oder den Flur geeignet. Dank der abwaschbaren Eigenschaft bleibt er stets sauber und hygienisch. Das ansprechende Design bringt die beliebtesten Kinderspiele direkt ins Zuhause und begeistert Ihre Kleinen immer wieder aufs Neue. Ob als K\u00fcchenl\u00e4ufer, Flur-L\u00e4ufer oder Spielteppich im Kinderzimmer \u2013 seine Vielseitigkeit macht ihn zu einem unverzichtbaren Accessoire in jedem Raum. Zus\u00e4tzlich f\u00f6rdert der Teppich die Entwicklung von Gleichgewicht und<\/p>\n","protected":false},"excerpt":{"rendered":"<p>Spielmatte H\u00fcpfspiel Teppich L\u00e4ufer H\u00fcpfspiel abwaschbar rutschfest Spring Kreuz Grau 67x240cm. Spielteppich Deluxe 67x240cm: Vielseitiger L\u00e4ufer \u2013 Ideal f\u00fcr K\u00fcche, Flur und Kinderzimmer Entdecken Sie den ultimativen PVC beschichteten Spielteppich in Grau, der Funktionalit\u00e4t und Spa\u00df auf einmalige Weise vereint. Mit seiner rutschfesten und pflegeleichten Oberfl\u00e4che ist dieser Teppichl\u00e4ufer perfekt f\u00fcr frequentierte Bereiche wie die [&hellip;]<\/p>\n","protected":false},"featured_media":48264,"template":"","meta":{"_gspb_post_css":""},"store":[],"product_brand":[1347],"product_cat":[1290],"product_tag":[],"class_list":{"0":"post-48265","1":"product","2":"type-product","3":"status-publish","4":"has-post-thumbnail","6":"product_brand-bodenschutz24-de","7":"product_cat-uncategorized","9":"first","10":"instock","11":"shipping-taxable","12":"purchasable","13":"product-type-simple"},"yoast_head":"<!-- This site is optimized with the Yoast SEO plugin v24.6 - https:\/\/yoast.com\/wordpress\/plugins\/seo\/ -->\n<title>Spielmatte H\u00fcpfspiel Teppich L\u00e4ufer H\u00fcpfspiel abwaschbar rutschfest Spring Kreuz Grau 67x240cm | Bodenschutz24.de | Product-Guide.org<\/title>\n<meta name=\"description\" content=\"Spielmatte H\u00fcpfspiel Teppich L\u00e4ufer H\u00fcpfspiel abwaschbar rutschfest Spring Kreuz Grau 67x240cm | Bodenschutz24.de gefunden von Product-Guide.org\" \/>\n<meta name=\"robots\" content=\"index, follow, max-snippet:-1, max-image-preview:large, max-video-preview:-1\" \/>\n<link rel=\"canonical\" href=\"https:\/\/product-guide.org\/en\/produkt\/spielmatte-hupfspiel-teppich-laufer-hupfspiel-abwaschbar-rutschfest-spring-kreuz-grau-67x240cm-bodenschutz24-de\/\" \/>\n<meta property=\"og:locale\" content=\"en_GB\" \/>\n<meta property=\"og:type\" content=\"article\" \/>\n<meta property=\"og:title\" content=\"Spielmatte H\u00fcpfspiel Teppich L\u00e4ufer H\u00fcpfspiel abwaschbar rutschfest Spring Kreuz Grau 67x240cm | Bodenschutz24.de | Product-Guide.org\" \/>\n<meta property=\"og:description\" content=\"Spielmatte H\u00fcpfspiel Teppich L\u00e4ufer H\u00fcpfspiel abwaschbar rutschfest Spring Kreuz Grau 67x240cm | Bodenschutz24.de gefunden von Product-Guide.org\" \/>\n<meta property=\"og:url\" content=\"https:\/\/product-guide.org\/en\/produkt\/spielmatte-hupfspiel-teppich-laufer-hupfspiel-abwaschbar-rutschfest-spring-kreuz-grau-67x240cm-bodenschutz24-de\/\" \/>\n<meta property=\"og:site_name\" content=\"Product-Guide.org\" \/>\n<meta property=\"article:modified_time\" content=\"2025-03-17T09:25:01+00:00\" \/>\n<meta name=\"twitter:card\" content=\"summary_large_image\" \/>\n<script type=\"application\/ld+json\" class=\"yoast-schema-graph\">{\"@context\":\"https:\/\/schema.org\",\"@graph\":[{\"@type\":\"WebPage\",\"@id\":\"https:\/\/product-guide.org\/produkt\/spielmatte-hupfspiel-teppich-laufer-hupfspiel-abwaschbar-rutschfest-spring-kreuz-grau-67x240cm-bodenschutz24-de\/\",\"url\":\"https:\/\/product-guide.org\/produkt\/spielmatte-hupfspiel-teppich-laufer-hupfspiel-abwaschbar-rutschfest-spring-kreuz-grau-67x240cm-bodenschutz24-de\/\",\"name\":\"Spielmatte H\u00fcpfspiel Teppich L\u00e4ufer H\u00fcpfspiel abwaschbar rutschfest Spring Kreuz Grau 67x240cm | Bodenschutz24.de | Product-Guide.org\",\"isPartOf\":{\"@id\":\"https:\/\/product-guide.org\/#website\"},\"primaryImageOfPage\":{\"@id\":\"https:\/\/product-guide.org\/produkt\/spielmatte-hupfspiel-teppich-laufer-hupfspiel-abwaschbar-rutschfest-spring-kreuz-grau-67x240cm-bodenschutz24-de\/#primaryimage\"},\"image\":{\"@id\":\"https:\/\/product-guide.org\/produkt\/spielmatte-hupfspiel-teppich-laufer-hupfspiel-abwaschbar-rutschfest-spring-kreuz-grau-67x240cm-bodenschutz24-de\/#primaryimage\"},\"thumbnailUrl\":\"https:\/\/product-guide.org\/wp-content\/uploads\/2025\/03\/ANROHUPF2_10A.jpg\",\"datePublished\":\"2025-03-17T09:25:00+00:00\",\"dateModified\":\"2025-03-17T09:25:01+00:00\",\"description\":\"Spielmatte H\u00fcpfspiel Teppich L\u00e4ufer H\u00fcpfspiel abwaschbar rutschfest Spring Kreuz Grau 67x240cm | Bodenschutz24.de gefunden von Product-Guide.org\",\"breadcrumb\":{\"@id\":\"https:\/\/product-guide.org\/produkt\/spielmatte-hupfspiel-teppich-laufer-hupfspiel-abwaschbar-rutschfest-spring-kreuz-grau-67x240cm-bodenschutz24-de\/#breadcrumb\"},\"inLanguage\":\"en-GB\",\"potentialAction\":[{\"@type\":\"ReadAction\",\"target\":[\"https:\/\/product-guide.org\/produkt\/spielmatte-hupfspiel-teppich-laufer-hupfspiel-abwaschbar-rutschfest-spring-kreuz-grau-67x240cm-bodenschutz24-de\/\"]}]},{\"@type\":\"ImageObject\",\"inLanguage\":\"en-GB\",\"@id\":\"https:\/\/product-guide.org\/produkt\/spielmatte-hupfspiel-teppich-laufer-hupfspiel-abwaschbar-rutschfest-spring-kreuz-grau-67x240cm-bodenschutz24-de\/#primaryimage\",\"url\":\"https:\/\/product-guide.org\/wp-content\/uploads\/2025\/03\/ANROHUPF2_10A.jpg\",\"contentUrl\":\"https:\/\/product-guide.org\/wp-content\/uploads\/2025\/03\/ANROHUPF2_10A.jpg\",\"width\":1700,\"height\":1700},{\"@type\":\"BreadcrumbList\",\"@id\":\"https:\/\/product-guide.org\/produkt\/spielmatte-hupfspiel-teppich-laufer-hupfspiel-abwaschbar-rutschfest-spring-kreuz-grau-67x240cm-bodenschutz24-de\/#breadcrumb\",\"itemListElement\":[{\"@type\":\"ListItem\",\"position\":1,\"name\":\"Home\",\"item\":\"https:\/\/product-guide.org\/\"},{\"@type\":\"ListItem\",\"position\":2,\"name\":\"Ergebnisse\",\"item\":\"https:\/\/product-guide.org\/de\/ergebnisse\/\"},{\"@type\":\"ListItem\",\"position\":3,\"name\":\"Spielmatte H\u00fcpfspiel Teppich L\u00e4ufer H\u00fcpfspiel abwaschbar rutschfest Spring Kreuz Grau 67x240cm | Bodenschutz24.de\"}]},{\"@type\":\"WebSite\",\"@id\":\"https:\/\/product-guide.org\/#website\",\"url\":\"https:\/\/product-guide.org\/\",\"name\":\"Product-Guide.org\",\"description\":\"What Product are you looking for?\",\"publisher\":{\"@id\":\"https:\/\/product-guide.org\/#organization\"},\"potentialAction\":[{\"@type\":\"SearchAction\",\"target\":{\"@type\":\"EntryPoint\",\"urlTemplate\":\"https:\/\/product-guide.org\/?s={search_term_string}\"},\"query-input\":{\"@type\":\"PropertyValueSpecification\",\"valueRequired\":true,\"valueName\":\"search_term_string\"}}],\"inLanguage\":\"en-GB\"},{\"@type\":\"Organization\",\"@id\":\"https:\/\/product-guide.org\/#organization\",\"name\":\"Product-Guide.org\",\"url\":\"https:\/\/product-guide.org\/\",\"logo\":{\"@type\":\"ImageObject\",\"inLanguage\":\"en-GB\",\"@id\":\"https:\/\/product-guide.org\/#\/schema\/logo\/image\/\",\"url\":\"https:\/\/product-guide.org\/wp-content\/uploads\/2022\/07\/logo_transparent_background.png\",\"contentUrl\":\"https:\/\/product-guide.org\/wp-content\/uploads\/2022\/07\/logo_transparent_background.png\",\"width\":3400,\"height\":1132,\"caption\":\"Product-Guide.org\"},\"image\":{\"@id\":\"https:\/\/product-guide.org\/#\/schema\/logo\/image\/\"}}]}<\/script>\n<!-- \/ Yoast SEO plugin. -->","yoast_head_json":{"title":"Spielmatte H\u00fcpfspiel Teppich L\u00e4ufer H\u00fcpfspiel abwaschbar rutschfest Spring Kreuz Grau 67x240cm | Bodenschutz24.de | Product-Guide.org","description":"Spielmatte H\u00fcpfspiel Teppich L\u00e4ufer H\u00fcpfspiel abwaschbar rutschfest Spring Kreuz Grau 67x240cm | Bodenschutz24.de gefunden von Product-Guide.org","robots":{"index":"index","follow":"follow","max-snippet":"max-snippet:-1","max-image-preview":"max-image-preview:large","max-video-preview":"max-video-preview:-1"},"canonical":"https:\/\/product-guide.org\/en\/produkt\/spielmatte-hupfspiel-teppich-laufer-hupfspiel-abwaschbar-rutschfest-spring-kreuz-grau-67x240cm-bodenschutz24-de\/","og_locale":"en_GB","og_type":"article","og_title":"Spielmatte H\u00fcpfspiel Teppich L\u00e4ufer H\u00fcpfspiel abwaschbar rutschfest Spring Kreuz Grau 67x240cm | Bodenschutz24.de | Product-Guide.org","og_description":"Spielmatte H\u00fcpfspiel Teppich L\u00e4ufer H\u00fcpfspiel abwaschbar rutschfest Spring Kreuz Grau 67x240cm | Bodenschutz24.de gefunden von Product-Guide.org","og_url":"https:\/\/product-guide.org\/en\/produkt\/spielmatte-hupfspiel-teppich-laufer-hupfspiel-abwaschbar-rutschfest-spring-kreuz-grau-67x240cm-bodenschutz24-de\/","og_site_name":"Product-Guide.org","article_modified_time":"2025-03-17T09:25:01+00:00","twitter_card":"summary_large_image","schema":{"@context":"https:\/\/schema.org","@graph":[{"@type":"WebPage","@id":"https:\/\/product-guide.org\/produkt\/spielmatte-hupfspiel-teppich-laufer-hupfspiel-abwaschbar-rutschfest-spring-kreuz-grau-67x240cm-bodenschutz24-de\/","url":"https:\/\/product-guide.org\/produkt\/spielmatte-hupfspiel-teppich-laufer-hupfspiel-abwaschbar-rutschfest-spring-kreuz-grau-67x240cm-bodenschutz24-de\/","name":"Spielmatte H\u00fcpfspiel Teppich L\u00e4ufer H\u00fcpfspiel abwaschbar rutschfest Spring Kreuz Grau 67x240cm | Bodenschutz24.de | Product-Guide.org","isPartOf":{"@id":"https:\/\/product-guide.org\/#website"},"primaryImageOfPage":{"@id":"https:\/\/product-guide.org\/produkt\/spielmatte-hupfspiel-teppich-laufer-hupfspiel-abwaschbar-rutschfest-spring-kreuz-grau-67x240cm-bodenschutz24-de\/#primaryimage"},"image":{"@id":"https:\/\/product-guide.org\/produkt\/spielmatte-hupfspiel-teppich-laufer-hupfspiel-abwaschbar-rutschfest-spring-kreuz-grau-67x240cm-bodenschutz24-de\/#primaryimage"},"thumbnailUrl":"https:\/\/product-guide.org\/wp-content\/uploads\/2025\/03\/ANROHUPF2_10A.jpg","datePublished":"2025-03-17T09:25:00+00:00","dateModified":"2025-03-17T09:25:01+00:00","description":"Spielmatte H\u00fcpfspiel Teppich L\u00e4ufer H\u00fcpfspiel abwaschbar rutschfest Spring Kreuz Grau 67x240cm | Bodenschutz24.de gefunden von Product-Guide.org","breadcrumb":{"@id":"https:\/\/product-guide.org\/produkt\/spielmatte-hupfspiel-teppich-laufer-hupfspiel-abwaschbar-rutschfest-spring-kreuz-grau-67x240cm-bodenschutz24-de\/#breadcrumb"},"inLanguage":"en-GB","potentialAction":[{"@type":"ReadAction","target":["https:\/\/product-guide.org\/produkt\/spielmatte-hupfspiel-teppich-laufer-hupfspiel-abwaschbar-rutschfest-spring-kreuz-grau-67x240cm-bodenschutz24-de\/"]}]},{"@type":"ImageObject","inLanguage":"en-GB","@id":"https:\/\/product-guide.org\/produkt\/spielmatte-hupfspiel-teppich-laufer-hupfspiel-abwaschbar-rutschfest-spring-kreuz-grau-67x240cm-bodenschutz24-de\/#primaryimage","url":"https:\/\/product-guide.org\/wp-content\/uploads\/2025\/03\/ANROHUPF2_10A.jpg","contentUrl":"https:\/\/product-guide.org\/wp-content\/uploads\/2025\/03\/ANROHUPF2_10A.jpg","width":1700,"height":1700},{"@type":"BreadcrumbList","@id":"https:\/\/product-guide.org\/produkt\/spielmatte-hupfspiel-teppich-laufer-hupfspiel-abwaschbar-rutschfest-spring-kreuz-grau-67x240cm-bodenschutz24-de\/#breadcrumb","itemListElement":[{"@type":"ListItem","position":1,"name":"Home","item":"https:\/\/product-guide.org\/"},{"@type":"ListItem","position":2,"name":"Ergebnisse","item":"https:\/\/product-guide.org\/de\/ergebnisse\/"},{"@type":"ListItem","position":3,"name":"Spielmatte H\u00fcpfspiel Teppich L\u00e4ufer H\u00fcpfspiel abwaschbar rutschfest Spring Kreuz Grau 67x240cm | Bodenschutz24.de"}]},{"@type":"WebSite","@id":"https:\/\/product-guide.org\/#website","url":"https:\/\/product-guide.org\/","name":"Product-Guide.org","description":"What Product are you looking for?","publisher":{"@id":"https:\/\/product-guide.org\/#organization"},"potentialAction":[{"@type":"SearchAction","target":{"@type":"EntryPoint","urlTemplate":"https:\/\/product-guide.org\/?s={search_term_string}"},"query-input":{"@type":"PropertyValueSpecification","valueRequired":true,"valueName":"search_term_string"}}],"inLanguage":"en-GB"},{"@type":"Organization","@id":"https:\/\/product-guide.org\/#organization","name":"Product-Guide.org","url":"https:\/\/product-guide.org\/","logo":{"@type":"ImageObject","inLanguage":"en-GB","@id":"https:\/\/product-guide.org\/#\/schema\/logo\/image\/","url":"https:\/\/product-guide.org\/wp-content\/uploads\/2022\/07\/logo_transparent_background.png","contentUrl":"https:\/\/product-guide.org\/wp-content\/uploads\/2022\/07\/logo_transparent_background.png","width":3400,"height":1132,"caption":"Product-Guide.org"},"image":{"@id":"https:\/\/product-guide.org\/#\/schema\/logo\/image\/"}}]}},"_links":{"self":[{"href":"https:\/\/product-guide.org\/en\/wp-json\/wp\/v2\/product\/48265","targetHints":{"allow":["GET"]}}],"collection":[{"href":"https:\/\/product-guide.org\/en\/wp-json\/wp\/v2\/product"}],"about":[{"href":"https:\/\/product-guide.org\/en\/wp-json\/wp\/v2\/types\/product"}],"wp:featuredmedia":[{"embeddable":true,"href":"https:\/\/product-guide.org\/en\/wp-json\/wp\/v2\/media\/48264"}],"wp:attachment":[{"href":"https:\/\/product-guide.org\/en\/wp-json\/wp\/v2\/media?parent=48265"}],"wp:term":[{"taxonomy":"store","embeddable":true,"href":"https:\/\/product-guide.org\/en\/wp-json\/wp\/v2\/store?post=48265"},{"taxonomy":"product_brand","embeddable":true,"href":"https:\/\/product-guide.org\/en\/wp-json\/wp\/v2\/product_brand?post=48265"},{"taxonomy":"product_cat","embeddable":true,"href":"https:\/\/product-guide.org\/en\/wp-json\/wp\/v2\/product_cat?post=48265"},{"taxonomy":"product_tag","embeddable":true,"href":"https:\/\/product-guide.org\/en\/wp-json\/wp\/v2\/product_tag?post=48265"}],"curies":[{"name":"wp","href":"https:\/\/api.w.org\/{rel}","templated":true}]}}