{"id":48579,"date":"2025-03-17T10:28:20","date_gmt":"2025-03-17T09:28:20","guid":{"rendered":"https:\/\/product-guide.org\/produkt\/valeo-starter-anlasser-passend-fur-audi-seat-volkswagen-cs1293-ts18e1-458217-speed-reifen\/"},"modified":"2025-03-17T10:28:20","modified_gmt":"2025-03-17T09:28:20","slug":"valeo-starter-anlasser-passend-fur-audi-seat-volkswagen-cs1293-ts18e1-458217-speed-reifen","status":"publish","type":"product","link":"https:\/\/product-guide.org\/en\/produkt\/valeo-starter-anlasser-passend-fur-audi-seat-volkswagen-cs1293-ts18e1-458217-speed-reifen\/","title":{"rendered":"Valeo STARTER ANLASSER passend f\u00fcr AUDI SEAT VOLKSWAGEN CS1293 TS18E1 458217 | Speed-Reifen"},"content":{"rendered":"<p>Valeo STARTER ANLASSER passend f\u00fcr AUDI SEAT VOLKSWAGEN CS1293 TS18E1 458217Spannung [ V ]: 12: 2.0 KWAnzahl Z\u00e4hne: 11BRAND MODEL YEAR MIN YEAR MAXAUDI A3 2003 -AUDI TT 2005 -SEAT ALTEA 2004 -SEAT CORDOBA 2002 -SEAT IBIZA 2002 -SEAT LEON 2005 -SEAT TOLEDO 2004 -SKODA FABIA 2000 -SKODA OCTAVIA 2004 -SKODA PRAKTIK 2007 2010SKODA ROOMSTER 2006 -SKODA SUPERB 2008 -VW CADDY 2004 -VW CALIFORNIA 2003 2009VW CARAVELLE 2003 2009VW GOLF 2003 -VW JETTA 2005 -VW MULTIVAN 2003 -VW PASSAT 2005 -VW POLO 2004 -VW TOURAN 2003 -VW TRANSPORTER 2003 &#8211;<\/p>\n","protected":false},"excerpt":{"rendered":"<p>Valeo STARTER ANLASSER passend f\u00fcr AUDI SEAT VOLKSWAGEN CS1293 TS18E1 458217Spannung [ V ]: 12: 2.0 KWAnzahl Z\u00e4hne: 11BRAND MODEL YEAR MIN YEAR MAXAUDI A3 2003 -AUDI TT 2005 -SEAT ALTEA 2004 -SEAT CORDOBA 2002 -SEAT IBIZA 2002 -SEAT LEON 2005 -SEAT TOLEDO 2004 -SKODA FABIA 2000 -SKODA OCTAVIA 2004 -SKODA PRAKTIK 2007 2010SKODA ROOMSTER [&hellip;]<\/p>\n","protected":false},"featured_media":48578,"template":"","meta":{"_gspb_post_css":""},"store":[],"product_brand":[1354],"product_cat":[1290],"product_tag":[],"class_list":{"0":"post-48579","1":"product","2":"type-product","3":"status-publish","4":"has-post-thumbnail","6":"product_brand-conrad-ch","7":"product_cat-uncategorized","9":"first","10":"instock","11":"shipping-taxable","12":"purchasable","13":"product-type-simple"},"yoast_head":"<!-- This site is optimized with the Yoast SEO plugin v24.6 - https:\/\/yoast.com\/wordpress\/plugins\/seo\/ -->\n<title>Valeo STARTER ANLASSER passend f\u00fcr AUDI SEAT VOLKSWAGEN CS1293 TS18E1 458217 | Speed-Reifen | Product-Guide.org<\/title>\n<meta name=\"description\" content=\"Valeo STARTER ANLASSER passend f\u00fcr AUDI SEAT VOLKSWAGEN CS1293 TS18E1 458217 | Speed-Reifen gefunden von Product-Guide.org\" \/>\n<meta name=\"robots\" content=\"index, follow, max-snippet:-1, max-image-preview:large, max-video-preview:-1\" \/>\n<link rel=\"canonical\" href=\"https:\/\/product-guide.org\/en\/produkt\/valeo-starter-anlasser-passend-fur-audi-seat-volkswagen-cs1293-ts18e1-458217-speed-reifen\/\" \/>\n<meta property=\"og:locale\" content=\"en_GB\" \/>\n<meta property=\"og:type\" content=\"article\" \/>\n<meta property=\"og:title\" content=\"Valeo STARTER ANLASSER passend f\u00fcr AUDI SEAT VOLKSWAGEN CS1293 TS18E1 458217 | Speed-Reifen | Product-Guide.org\" \/>\n<meta property=\"og:description\" content=\"Valeo STARTER ANLASSER passend f\u00fcr AUDI SEAT VOLKSWAGEN CS1293 TS18E1 458217 | Speed-Reifen gefunden von Product-Guide.org\" \/>\n<meta property=\"og:url\" content=\"https:\/\/product-guide.org\/en\/produkt\/valeo-starter-anlasser-passend-fur-audi-seat-volkswagen-cs1293-ts18e1-458217-speed-reifen\/\" \/>\n<meta property=\"og:site_name\" content=\"Product-Guide.org\" \/>\n<meta name=\"twitter:card\" content=\"summary_large_image\" \/>\n<script type=\"application\/ld+json\" class=\"yoast-schema-graph\">{\"@context\":\"https:\/\/schema.org\",\"@graph\":[{\"@type\":\"WebPage\",\"@id\":\"https:\/\/product-guide.org\/produkt\/valeo-starter-anlasser-passend-fur-audi-seat-volkswagen-cs1293-ts18e1-458217-speed-reifen\/\",\"url\":\"https:\/\/product-guide.org\/produkt\/valeo-starter-anlasser-passend-fur-audi-seat-volkswagen-cs1293-ts18e1-458217-speed-reifen\/\",\"name\":\"Valeo STARTER ANLASSER passend f\u00fcr AUDI SEAT VOLKSWAGEN CS1293 TS18E1 458217 | Speed-Reifen | Product-Guide.org\",\"isPartOf\":{\"@id\":\"https:\/\/product-guide.org\/#website\"},\"primaryImageOfPage\":{\"@id\":\"https:\/\/product-guide.org\/produkt\/valeo-starter-anlasser-passend-fur-audi-seat-volkswagen-cs1293-ts18e1-458217-speed-reifen\/#primaryimage\"},\"image\":{\"@id\":\"https:\/\/product-guide.org\/produkt\/valeo-starter-anlasser-passend-fur-audi-seat-volkswagen-cs1293-ts18e1-458217-speed-reifen\/#primaryimage\"},\"thumbnailUrl\":\"https:\/\/product-guide.org\/wp-content\/uploads\/2025\/03\/ts18e1-a_320x.jpg\",\"datePublished\":\"2025-03-17T09:28:20+00:00\",\"description\":\"Valeo STARTER ANLASSER passend f\u00fcr AUDI SEAT VOLKSWAGEN CS1293 TS18E1 458217 | Speed-Reifen gefunden von Product-Guide.org\",\"breadcrumb\":{\"@id\":\"https:\/\/product-guide.org\/produkt\/valeo-starter-anlasser-passend-fur-audi-seat-volkswagen-cs1293-ts18e1-458217-speed-reifen\/#breadcrumb\"},\"inLanguage\":\"en-GB\",\"potentialAction\":[{\"@type\":\"ReadAction\",\"target\":[\"https:\/\/product-guide.org\/produkt\/valeo-starter-anlasser-passend-fur-audi-seat-volkswagen-cs1293-ts18e1-458217-speed-reifen\/\"]}]},{\"@type\":\"ImageObject\",\"inLanguage\":\"en-GB\",\"@id\":\"https:\/\/product-guide.org\/produkt\/valeo-starter-anlasser-passend-fur-audi-seat-volkswagen-cs1293-ts18e1-458217-speed-reifen\/#primaryimage\",\"url\":\"https:\/\/product-guide.org\/wp-content\/uploads\/2025\/03\/ts18e1-a_320x.jpg\",\"contentUrl\":\"https:\/\/product-guide.org\/wp-content\/uploads\/2025\/03\/ts18e1-a_320x.jpg\",\"width\":320,\"height\":408},{\"@type\":\"BreadcrumbList\",\"@id\":\"https:\/\/product-guide.org\/produkt\/valeo-starter-anlasser-passend-fur-audi-seat-volkswagen-cs1293-ts18e1-458217-speed-reifen\/#breadcrumb\",\"itemListElement\":[{\"@type\":\"ListItem\",\"position\":1,\"name\":\"Home\",\"item\":\"https:\/\/product-guide.org\/\"},{\"@type\":\"ListItem\",\"position\":2,\"name\":\"Ergebnisse\",\"item\":\"https:\/\/product-guide.org\/de\/ergebnisse\/\"},{\"@type\":\"ListItem\",\"position\":3,\"name\":\"Valeo STARTER ANLASSER passend f\u00fcr AUDI SEAT VOLKSWAGEN CS1293 TS18E1 458217 | Speed-Reifen\"}]},{\"@type\":\"WebSite\",\"@id\":\"https:\/\/product-guide.org\/#website\",\"url\":\"https:\/\/product-guide.org\/\",\"name\":\"Product-Guide.org\",\"description\":\"What Product are you looking for?\",\"publisher\":{\"@id\":\"https:\/\/product-guide.org\/#organization\"},\"potentialAction\":[{\"@type\":\"SearchAction\",\"target\":{\"@type\":\"EntryPoint\",\"urlTemplate\":\"https:\/\/product-guide.org\/?s={search_term_string}\"},\"query-input\":{\"@type\":\"PropertyValueSpecification\",\"valueRequired\":true,\"valueName\":\"search_term_string\"}}],\"inLanguage\":\"en-GB\"},{\"@type\":\"Organization\",\"@id\":\"https:\/\/product-guide.org\/#organization\",\"name\":\"Product-Guide.org\",\"url\":\"https:\/\/product-guide.org\/\",\"logo\":{\"@type\":\"ImageObject\",\"inLanguage\":\"en-GB\",\"@id\":\"https:\/\/product-guide.org\/#\/schema\/logo\/image\/\",\"url\":\"https:\/\/product-guide.org\/wp-content\/uploads\/2022\/07\/logo_transparent_background.png\",\"contentUrl\":\"https:\/\/product-guide.org\/wp-content\/uploads\/2022\/07\/logo_transparent_background.png\",\"width\":3400,\"height\":1132,\"caption\":\"Product-Guide.org\"},\"image\":{\"@id\":\"https:\/\/product-guide.org\/#\/schema\/logo\/image\/\"}}]}<\/script>\n<!-- \/ Yoast SEO plugin. -->","yoast_head_json":{"title":"Valeo STARTER ANLASSER passend f\u00fcr AUDI SEAT VOLKSWAGEN CS1293 TS18E1 458217 | Speed-Reifen | Product-Guide.org","description":"Valeo STARTER ANLASSER passend f\u00fcr AUDI SEAT VOLKSWAGEN CS1293 TS18E1 458217 | Speed-Reifen gefunden von Product-Guide.org","robots":{"index":"index","follow":"follow","max-snippet":"max-snippet:-1","max-image-preview":"max-image-preview:large","max-video-preview":"max-video-preview:-1"},"canonical":"https:\/\/product-guide.org\/en\/produkt\/valeo-starter-anlasser-passend-fur-audi-seat-volkswagen-cs1293-ts18e1-458217-speed-reifen\/","og_locale":"en_GB","og_type":"article","og_title":"Valeo STARTER ANLASSER passend f\u00fcr AUDI SEAT VOLKSWAGEN CS1293 TS18E1 458217 | Speed-Reifen | Product-Guide.org","og_description":"Valeo STARTER ANLASSER passend f\u00fcr AUDI SEAT VOLKSWAGEN CS1293 TS18E1 458217 | Speed-Reifen gefunden von Product-Guide.org","og_url":"https:\/\/product-guide.org\/en\/produkt\/valeo-starter-anlasser-passend-fur-audi-seat-volkswagen-cs1293-ts18e1-458217-speed-reifen\/","og_site_name":"Product-Guide.org","twitter_card":"summary_large_image","schema":{"@context":"https:\/\/schema.org","@graph":[{"@type":"WebPage","@id":"https:\/\/product-guide.org\/produkt\/valeo-starter-anlasser-passend-fur-audi-seat-volkswagen-cs1293-ts18e1-458217-speed-reifen\/","url":"https:\/\/product-guide.org\/produkt\/valeo-starter-anlasser-passend-fur-audi-seat-volkswagen-cs1293-ts18e1-458217-speed-reifen\/","name":"Valeo STARTER ANLASSER passend f\u00fcr AUDI SEAT VOLKSWAGEN CS1293 TS18E1 458217 | Speed-Reifen | Product-Guide.org","isPartOf":{"@id":"https:\/\/product-guide.org\/#website"},"primaryImageOfPage":{"@id":"https:\/\/product-guide.org\/produkt\/valeo-starter-anlasser-passend-fur-audi-seat-volkswagen-cs1293-ts18e1-458217-speed-reifen\/#primaryimage"},"image":{"@id":"https:\/\/product-guide.org\/produkt\/valeo-starter-anlasser-passend-fur-audi-seat-volkswagen-cs1293-ts18e1-458217-speed-reifen\/#primaryimage"},"thumbnailUrl":"https:\/\/product-guide.org\/wp-content\/uploads\/2025\/03\/ts18e1-a_320x.jpg","datePublished":"2025-03-17T09:28:20+00:00","description":"Valeo STARTER ANLASSER passend f\u00fcr AUDI SEAT VOLKSWAGEN CS1293 TS18E1 458217 | Speed-Reifen gefunden von Product-Guide.org","breadcrumb":{"@id":"https:\/\/product-guide.org\/produkt\/valeo-starter-anlasser-passend-fur-audi-seat-volkswagen-cs1293-ts18e1-458217-speed-reifen\/#breadcrumb"},"inLanguage":"en-GB","potentialAction":[{"@type":"ReadAction","target":["https:\/\/product-guide.org\/produkt\/valeo-starter-anlasser-passend-fur-audi-seat-volkswagen-cs1293-ts18e1-458217-speed-reifen\/"]}]},{"@type":"ImageObject","inLanguage":"en-GB","@id":"https:\/\/product-guide.org\/produkt\/valeo-starter-anlasser-passend-fur-audi-seat-volkswagen-cs1293-ts18e1-458217-speed-reifen\/#primaryimage","url":"https:\/\/product-guide.org\/wp-content\/uploads\/2025\/03\/ts18e1-a_320x.jpg","contentUrl":"https:\/\/product-guide.org\/wp-content\/uploads\/2025\/03\/ts18e1-a_320x.jpg","width":320,"height":408},{"@type":"BreadcrumbList","@id":"https:\/\/product-guide.org\/produkt\/valeo-starter-anlasser-passend-fur-audi-seat-volkswagen-cs1293-ts18e1-458217-speed-reifen\/#breadcrumb","itemListElement":[{"@type":"ListItem","position":1,"name":"Home","item":"https:\/\/product-guide.org\/"},{"@type":"ListItem","position":2,"name":"Ergebnisse","item":"https:\/\/product-guide.org\/de\/ergebnisse\/"},{"@type":"ListItem","position":3,"name":"Valeo STARTER ANLASSER passend f\u00fcr AUDI SEAT VOLKSWAGEN CS1293 TS18E1 458217 | Speed-Reifen"}]},{"@type":"WebSite","@id":"https:\/\/product-guide.org\/#website","url":"https:\/\/product-guide.org\/","name":"Product-Guide.org","description":"What Product are you looking for?","publisher":{"@id":"https:\/\/product-guide.org\/#organization"},"potentialAction":[{"@type":"SearchAction","target":{"@type":"EntryPoint","urlTemplate":"https:\/\/product-guide.org\/?s={search_term_string}"},"query-input":{"@type":"PropertyValueSpecification","valueRequired":true,"valueName":"search_term_string"}}],"inLanguage":"en-GB"},{"@type":"Organization","@id":"https:\/\/product-guide.org\/#organization","name":"Product-Guide.org","url":"https:\/\/product-guide.org\/","logo":{"@type":"ImageObject","inLanguage":"en-GB","@id":"https:\/\/product-guide.org\/#\/schema\/logo\/image\/","url":"https:\/\/product-guide.org\/wp-content\/uploads\/2022\/07\/logo_transparent_background.png","contentUrl":"https:\/\/product-guide.org\/wp-content\/uploads\/2022\/07\/logo_transparent_background.png","width":3400,"height":1132,"caption":"Product-Guide.org"},"image":{"@id":"https:\/\/product-guide.org\/#\/schema\/logo\/image\/"}}]}},"_links":{"self":[{"href":"https:\/\/product-guide.org\/en\/wp-json\/wp\/v2\/product\/48579","targetHints":{"allow":["GET"]}}],"collection":[{"href":"https:\/\/product-guide.org\/en\/wp-json\/wp\/v2\/product"}],"about":[{"href":"https:\/\/product-guide.org\/en\/wp-json\/wp\/v2\/types\/product"}],"wp:featuredmedia":[{"embeddable":true,"href":"https:\/\/product-guide.org\/en\/wp-json\/wp\/v2\/media\/48578"}],"wp:attachment":[{"href":"https:\/\/product-guide.org\/en\/wp-json\/wp\/v2\/media?parent=48579"}],"wp:term":[{"taxonomy":"store","embeddable":true,"href":"https:\/\/product-guide.org\/en\/wp-json\/wp\/v2\/store?post=48579"},{"taxonomy":"product_brand","embeddable":true,"href":"https:\/\/product-guide.org\/en\/wp-json\/wp\/v2\/product_brand?post=48579"},{"taxonomy":"product_cat","embeddable":true,"href":"https:\/\/product-guide.org\/en\/wp-json\/wp\/v2\/product_cat?post=48579"},{"taxonomy":"product_tag","embeddable":true,"href":"https:\/\/product-guide.org\/en\/wp-json\/wp\/v2\/product_tag?post=48579"}],"curies":[{"name":"wp","href":"https:\/\/api.w.org\/{rel}","templated":true}]}}