{"id":48629,"date":"2025-03-17T10:28:46","date_gmt":"2025-03-17T09:28:46","guid":{"rendered":"https:\/\/product-guide.org\/produkt\/valeo-starter-anlasser-passend-fur-ford-mazda-js637-tm000a03801-speed-reifen-3\/"},"modified":"2025-03-17T10:28:46","modified_gmt":"2025-03-17T09:28:46","slug":"valeo-starter-anlasser-passend-fur-ford-mazda-js637-tm000a03801-speed-reifen-3","status":"publish","type":"product","link":"https:\/\/product-guide.org\/en\/produkt\/valeo-starter-anlasser-passend-fur-ford-mazda-js637-tm000a03801-speed-reifen-3\/","title":{"rendered":"Valeo STARTER ANLASSER passend f\u00fcr FORD MAZDA JS637 TM000A03801 | Speed-Reifen"},"content":{"rendered":"<p>Valeo STARTER ANLASSER passend f\u00fcr FORD MAZDA JS637 TM000A03801Spannung [ V ]: 12: 1.4 KWAnzahl Z\u00e4hne: 8 TEETH CWBRAND MODEL YEAR MIN YEAR MAXFORD PROBE 1989 1997FORD U.S. PROBE 1990 1992KIA CLARUS 1996 -KIA RETONA 1998 2003KIA ROADSTER 1999 -KIA SEPHIA 1995 2001KIA SHUMA 2003 2004KIA SPECTRA 2000 2003KIA SPECTRA 2000 2004KIA SPORTAGE 1996 2002MAZDA 323 1990 1994MAZDA 323 1991 1994MAZDA 626 1987 2002MAZDA 929 1987 1991MAZDA MX 1991 1997MAZDA MX-6 1988 -MAZDA MX-6 1992 -MAZDA PROTEGE 1990 1994<\/p>\n","protected":false},"excerpt":{"rendered":"<p>Valeo STARTER ANLASSER passend f\u00fcr FORD MAZDA JS637 TM000A03801Spannung [ V ]: 12: 1.4 KWAnzahl Z\u00e4hne: 8 TEETH CWBRAND MODEL YEAR MIN YEAR MAXFORD PROBE 1989 1997FORD U.S. PROBE 1990 1992KIA CLARUS 1996 -KIA RETONA 1998 2003KIA ROADSTER 1999 -KIA SEPHIA 1995 2001KIA SHUMA 2003 2004KIA SPECTRA 2000 2003KIA SPECTRA 2000 2004KIA SPORTAGE 1996 2002MAZDA [&hellip;]<\/p>\n","protected":false},"featured_media":48626,"template":"","meta":{"_gspb_post_css":""},"store":[],"product_brand":[1354],"product_cat":[1290],"product_tag":[],"class_list":{"0":"post-48629","1":"product","2":"type-product","3":"status-publish","4":"has-post-thumbnail","6":"product_brand-conrad-ch","7":"product_cat-uncategorized","9":"first","10":"instock","11":"shipping-taxable","12":"purchasable","13":"product-type-simple"},"yoast_head":"<!-- This site is optimized with the Yoast SEO plugin v24.6 - https:\/\/yoast.com\/wordpress\/plugins\/seo\/ -->\n<title>Valeo STARTER ANLASSER passend f\u00fcr FORD MAZDA JS637 TM000A03801 | Speed-Reifen | Product-Guide.org<\/title>\n<meta name=\"description\" content=\"Valeo STARTER ANLASSER passend f\u00fcr FORD MAZDA JS637 TM000A03801 | Speed-Reifen gefunden von Product-Guide.org\" \/>\n<meta name=\"robots\" content=\"index, follow, max-snippet:-1, max-image-preview:large, max-video-preview:-1\" \/>\n<link rel=\"canonical\" href=\"https:\/\/product-guide.org\/en\/produkt\/valeo-starter-anlasser-passend-fur-ford-mazda-js637-tm000a03801-speed-reifen-3\/\" \/>\n<meta property=\"og:locale\" content=\"en_GB\" \/>\n<meta property=\"og:type\" content=\"article\" \/>\n<meta property=\"og:title\" content=\"Valeo STARTER ANLASSER passend f\u00fcr FORD MAZDA JS637 TM000A03801 | Speed-Reifen | Product-Guide.org\" \/>\n<meta property=\"og:description\" content=\"Valeo STARTER ANLASSER passend f\u00fcr FORD MAZDA JS637 TM000A03801 | Speed-Reifen gefunden von Product-Guide.org\" \/>\n<meta property=\"og:url\" content=\"https:\/\/product-guide.org\/en\/produkt\/valeo-starter-anlasser-passend-fur-ford-mazda-js637-tm000a03801-speed-reifen-3\/\" \/>\n<meta property=\"og:site_name\" content=\"Product-Guide.org\" \/>\n<meta name=\"twitter:card\" content=\"summary_large_image\" \/>\n<script type=\"application\/ld+json\" class=\"yoast-schema-graph\">{\"@context\":\"https:\/\/schema.org\",\"@graph\":[{\"@type\":\"WebPage\",\"@id\":\"https:\/\/product-guide.org\/produkt\/valeo-starter-anlasser-passend-fur-ford-mazda-js637-tm000a03801-speed-reifen-3\/\",\"url\":\"https:\/\/product-guide.org\/produkt\/valeo-starter-anlasser-passend-fur-ford-mazda-js637-tm000a03801-speed-reifen-3\/\",\"name\":\"Valeo STARTER ANLASSER passend f\u00fcr FORD MAZDA JS637 TM000A03801 | Speed-Reifen | Product-Guide.org\",\"isPartOf\":{\"@id\":\"https:\/\/product-guide.org\/#website\"},\"primaryImageOfPage\":{\"@id\":\"https:\/\/product-guide.org\/produkt\/valeo-starter-anlasser-passend-fur-ford-mazda-js637-tm000a03801-speed-reifen-3\/#primaryimage\"},\"image\":{\"@id\":\"https:\/\/product-guide.org\/produkt\/valeo-starter-anlasser-passend-fur-ford-mazda-js637-tm000a03801-speed-reifen-3\/#primaryimage\"},\"thumbnailUrl\":\"https:\/\/product-guide.org\/wp-content\/uploads\/2025\/03\/tm000a03801-a_320x.jpg\",\"datePublished\":\"2025-03-17T09:28:46+00:00\",\"description\":\"Valeo STARTER ANLASSER passend f\u00fcr FORD MAZDA JS637 TM000A03801 | Speed-Reifen gefunden von Product-Guide.org\",\"breadcrumb\":{\"@id\":\"https:\/\/product-guide.org\/produkt\/valeo-starter-anlasser-passend-fur-ford-mazda-js637-tm000a03801-speed-reifen-3\/#breadcrumb\"},\"inLanguage\":\"en-GB\",\"potentialAction\":[{\"@type\":\"ReadAction\",\"target\":[\"https:\/\/product-guide.org\/produkt\/valeo-starter-anlasser-passend-fur-ford-mazda-js637-tm000a03801-speed-reifen-3\/\"]}]},{\"@type\":\"ImageObject\",\"inLanguage\":\"en-GB\",\"@id\":\"https:\/\/product-guide.org\/produkt\/valeo-starter-anlasser-passend-fur-ford-mazda-js637-tm000a03801-speed-reifen-3\/#primaryimage\",\"url\":\"https:\/\/product-guide.org\/wp-content\/uploads\/2025\/03\/tm000a03801-a_320x.jpg\",\"contentUrl\":\"https:\/\/product-guide.org\/wp-content\/uploads\/2025\/03\/tm000a03801-a_320x.jpg\",\"width\":320,\"height\":386},{\"@type\":\"BreadcrumbList\",\"@id\":\"https:\/\/product-guide.org\/produkt\/valeo-starter-anlasser-passend-fur-ford-mazda-js637-tm000a03801-speed-reifen-3\/#breadcrumb\",\"itemListElement\":[{\"@type\":\"ListItem\",\"position\":1,\"name\":\"Home\",\"item\":\"https:\/\/product-guide.org\/\"},{\"@type\":\"ListItem\",\"position\":2,\"name\":\"Ergebnisse\",\"item\":\"https:\/\/product-guide.org\/de\/ergebnisse\/\"},{\"@type\":\"ListItem\",\"position\":3,\"name\":\"Valeo STARTER ANLASSER passend f\u00fcr FORD MAZDA JS637 TM000A03801 | Speed-Reifen\"}]},{\"@type\":\"WebSite\",\"@id\":\"https:\/\/product-guide.org\/#website\",\"url\":\"https:\/\/product-guide.org\/\",\"name\":\"Product-Guide.org\",\"description\":\"What Product are you looking for?\",\"publisher\":{\"@id\":\"https:\/\/product-guide.org\/#organization\"},\"potentialAction\":[{\"@type\":\"SearchAction\",\"target\":{\"@type\":\"EntryPoint\",\"urlTemplate\":\"https:\/\/product-guide.org\/?s={search_term_string}\"},\"query-input\":{\"@type\":\"PropertyValueSpecification\",\"valueRequired\":true,\"valueName\":\"search_term_string\"}}],\"inLanguage\":\"en-GB\"},{\"@type\":\"Organization\",\"@id\":\"https:\/\/product-guide.org\/#organization\",\"name\":\"Product-Guide.org\",\"url\":\"https:\/\/product-guide.org\/\",\"logo\":{\"@type\":\"ImageObject\",\"inLanguage\":\"en-GB\",\"@id\":\"https:\/\/product-guide.org\/#\/schema\/logo\/image\/\",\"url\":\"https:\/\/product-guide.org\/wp-content\/uploads\/2022\/07\/logo_transparent_background.png\",\"contentUrl\":\"https:\/\/product-guide.org\/wp-content\/uploads\/2022\/07\/logo_transparent_background.png\",\"width\":3400,\"height\":1132,\"caption\":\"Product-Guide.org\"},\"image\":{\"@id\":\"https:\/\/product-guide.org\/#\/schema\/logo\/image\/\"}}]}<\/script>\n<!-- \/ Yoast SEO plugin. -->","yoast_head_json":{"title":"Valeo STARTER ANLASSER passend f\u00fcr FORD MAZDA JS637 TM000A03801 | Speed-Reifen | Product-Guide.org","description":"Valeo STARTER ANLASSER passend f\u00fcr FORD MAZDA JS637 TM000A03801 | Speed-Reifen gefunden von Product-Guide.org","robots":{"index":"index","follow":"follow","max-snippet":"max-snippet:-1","max-image-preview":"max-image-preview:large","max-video-preview":"max-video-preview:-1"},"canonical":"https:\/\/product-guide.org\/en\/produkt\/valeo-starter-anlasser-passend-fur-ford-mazda-js637-tm000a03801-speed-reifen-3\/","og_locale":"en_GB","og_type":"article","og_title":"Valeo STARTER ANLASSER passend f\u00fcr FORD MAZDA JS637 TM000A03801 | Speed-Reifen | Product-Guide.org","og_description":"Valeo STARTER ANLASSER passend f\u00fcr FORD MAZDA JS637 TM000A03801 | Speed-Reifen gefunden von Product-Guide.org","og_url":"https:\/\/product-guide.org\/en\/produkt\/valeo-starter-anlasser-passend-fur-ford-mazda-js637-tm000a03801-speed-reifen-3\/","og_site_name":"Product-Guide.org","twitter_card":"summary_large_image","schema":{"@context":"https:\/\/schema.org","@graph":[{"@type":"WebPage","@id":"https:\/\/product-guide.org\/produkt\/valeo-starter-anlasser-passend-fur-ford-mazda-js637-tm000a03801-speed-reifen-3\/","url":"https:\/\/product-guide.org\/produkt\/valeo-starter-anlasser-passend-fur-ford-mazda-js637-tm000a03801-speed-reifen-3\/","name":"Valeo STARTER ANLASSER passend f\u00fcr FORD MAZDA JS637 TM000A03801 | Speed-Reifen | Product-Guide.org","isPartOf":{"@id":"https:\/\/product-guide.org\/#website"},"primaryImageOfPage":{"@id":"https:\/\/product-guide.org\/produkt\/valeo-starter-anlasser-passend-fur-ford-mazda-js637-tm000a03801-speed-reifen-3\/#primaryimage"},"image":{"@id":"https:\/\/product-guide.org\/produkt\/valeo-starter-anlasser-passend-fur-ford-mazda-js637-tm000a03801-speed-reifen-3\/#primaryimage"},"thumbnailUrl":"https:\/\/product-guide.org\/wp-content\/uploads\/2025\/03\/tm000a03801-a_320x.jpg","datePublished":"2025-03-17T09:28:46+00:00","description":"Valeo STARTER ANLASSER passend f\u00fcr FORD MAZDA JS637 TM000A03801 | Speed-Reifen gefunden von Product-Guide.org","breadcrumb":{"@id":"https:\/\/product-guide.org\/produkt\/valeo-starter-anlasser-passend-fur-ford-mazda-js637-tm000a03801-speed-reifen-3\/#breadcrumb"},"inLanguage":"en-GB","potentialAction":[{"@type":"ReadAction","target":["https:\/\/product-guide.org\/produkt\/valeo-starter-anlasser-passend-fur-ford-mazda-js637-tm000a03801-speed-reifen-3\/"]}]},{"@type":"ImageObject","inLanguage":"en-GB","@id":"https:\/\/product-guide.org\/produkt\/valeo-starter-anlasser-passend-fur-ford-mazda-js637-tm000a03801-speed-reifen-3\/#primaryimage","url":"https:\/\/product-guide.org\/wp-content\/uploads\/2025\/03\/tm000a03801-a_320x.jpg","contentUrl":"https:\/\/product-guide.org\/wp-content\/uploads\/2025\/03\/tm000a03801-a_320x.jpg","width":320,"height":386},{"@type":"BreadcrumbList","@id":"https:\/\/product-guide.org\/produkt\/valeo-starter-anlasser-passend-fur-ford-mazda-js637-tm000a03801-speed-reifen-3\/#breadcrumb","itemListElement":[{"@type":"ListItem","position":1,"name":"Home","item":"https:\/\/product-guide.org\/"},{"@type":"ListItem","position":2,"name":"Ergebnisse","item":"https:\/\/product-guide.org\/de\/ergebnisse\/"},{"@type":"ListItem","position":3,"name":"Valeo STARTER ANLASSER passend f\u00fcr FORD MAZDA JS637 TM000A03801 | Speed-Reifen"}]},{"@type":"WebSite","@id":"https:\/\/product-guide.org\/#website","url":"https:\/\/product-guide.org\/","name":"Product-Guide.org","description":"What Product are you looking for?","publisher":{"@id":"https:\/\/product-guide.org\/#organization"},"potentialAction":[{"@type":"SearchAction","target":{"@type":"EntryPoint","urlTemplate":"https:\/\/product-guide.org\/?s={search_term_string}"},"query-input":{"@type":"PropertyValueSpecification","valueRequired":true,"valueName":"search_term_string"}}],"inLanguage":"en-GB"},{"@type":"Organization","@id":"https:\/\/product-guide.org\/#organization","name":"Product-Guide.org","url":"https:\/\/product-guide.org\/","logo":{"@type":"ImageObject","inLanguage":"en-GB","@id":"https:\/\/product-guide.org\/#\/schema\/logo\/image\/","url":"https:\/\/product-guide.org\/wp-content\/uploads\/2022\/07\/logo_transparent_background.png","contentUrl":"https:\/\/product-guide.org\/wp-content\/uploads\/2022\/07\/logo_transparent_background.png","width":3400,"height":1132,"caption":"Product-Guide.org"},"image":{"@id":"https:\/\/product-guide.org\/#\/schema\/logo\/image\/"}}]}},"_links":{"self":[{"href":"https:\/\/product-guide.org\/en\/wp-json\/wp\/v2\/product\/48629","targetHints":{"allow":["GET"]}}],"collection":[{"href":"https:\/\/product-guide.org\/en\/wp-json\/wp\/v2\/product"}],"about":[{"href":"https:\/\/product-guide.org\/en\/wp-json\/wp\/v2\/types\/product"}],"wp:featuredmedia":[{"embeddable":true,"href":"https:\/\/product-guide.org\/en\/wp-json\/wp\/v2\/media\/48626"}],"wp:attachment":[{"href":"https:\/\/product-guide.org\/en\/wp-json\/wp\/v2\/media?parent=48629"}],"wp:term":[{"taxonomy":"store","embeddable":true,"href":"https:\/\/product-guide.org\/en\/wp-json\/wp\/v2\/store?post=48629"},{"taxonomy":"product_brand","embeddable":true,"href":"https:\/\/product-guide.org\/en\/wp-json\/wp\/v2\/product_brand?post=48629"},{"taxonomy":"product_cat","embeddable":true,"href":"https:\/\/product-guide.org\/en\/wp-json\/wp\/v2\/product_cat?post=48629"},{"taxonomy":"product_tag","embeddable":true,"href":"https:\/\/product-guide.org\/en\/wp-json\/wp\/v2\/product_tag?post=48629"}],"curies":[{"name":"wp","href":"https:\/\/api.w.org\/{rel}","templated":true}]}}