{"id":48664,"date":"2025-03-17T10:29:05","date_gmt":"2025-03-17T09:29:05","guid":{"rendered":"https:\/\/product-guide.org\/produkt\/valeo-starter-anlasser-passend-fur-lombardini-ruggerini-ts12-102-218323-speed-reifen-2\/"},"modified":"2025-03-17T10:29:05","modified_gmt":"2025-03-17T09:29:05","slug":"valeo-starter-anlasser-passend-fur-lombardini-ruggerini-ts12-102-218323-speed-reifen-2","status":"publish","type":"product","link":"https:\/\/product-guide.org\/en\/produkt\/valeo-starter-anlasser-passend-fur-lombardini-ruggerini-ts12-102-218323-speed-reifen-2\/","title":{"rendered":"Valeo STARTER ANLASSER passend f\u00fcr LOMBARDINI RUGGERINI TS12-102 218323 | Speed-Reifen"},"content":{"rendered":"<p>Valeo STARTER ANLASSER passend f\u00fcr LOMBARDINI RUGGERINI TS12-102 218323Spannung [ V ]: 12: 1.2 KWAnzahl Z\u00e4hne: 9 TEETH CCWBRAND MODEL YEAR MIN YEAR MAXACME ADN 1979 -ANADOLU MOTOR URETIM D 0 -ARONA AD 1978 1988BCS 200 1992 -BCS 270 1900 -BCS 300 1992 -BCS 303 1900 -BCS 303 1978 -BCS 600 1992 -BCS 603 1900 -BCS 622 1968 -BCS 700 1992 -BCS 701 1900 -BCS 701 1975 1985BCS 705 1972 1978BCS 735 1900 -BCS 737 1900 -BCS 745 1900 -BERTOLINI 100 1992 -BERTOLINI 124 1986 -BERTOLINI 300 1992 -BERTOLINI 303 1978 1986BERTOLINI 306 1980 1991BERTOLINI 308 1980 1991BERTOLINI 310 1986 -BERTOLINI VARIOUS 1900 -DUCATI DM 1982 1990DUCATI HD 1980 1987DUCATI RH 1983 1985EUROMACCHINE PC 0 -FERRARI 300 1992 -FERRARI 305 1989 -FERRARI 306 1989 -FERRARI 307 1990 -FERRARI 70 1992 -FERRARI 700 1992 -FERRARI 71 1980 1983FERRARI 718 1980 1983FERRARI 72 1971 1989FERRARI 72S 1971 -FERRARI 792 1989 -FERRARI 794 1989 -FERRARI 800 1985 1989FERRARI 91 1989 -FERRARI 92 1989 -FERRARI CONSTRUCTION 346 2008 -GOLDONI 142 1987 -GOLDONI MOTOCOLTIVATORE 1974 -GOLDONI VARIOUS 1900 -HITTNER ECOTRAC 0 -LANDBRUG 270 1900 -LANDBRUG 303 1900 -LANDBRUG 603 1900 -LANDBRUG 701 1900 -LANDBRUG 735 1900 -LANDBRUG 737 1900 -LANDBRUG 745 1900 -LOMBARDINI 10LD 1982 -LOMBARDINI 3LD 1992 -LOMBARDINI 3LD450 1992 2002LOMBARDINI 3LD510 1992 2002LOMBARDINI 6LD 1982 -LOMBARDINI 6LD325 1992 2002LOMBARDINI 6LD400 1992 2002LOMBARDINI 6LD435 1992 2002LOMBARDINI ENGINE 1982 2002LOMBARDINI VARIOUS 1982 -MOSA GE 1983 -MOSA MS 1971 -MOSA MSG 1982 1986MOSA TS 0 -NIBBI MAK 2006 -PIAGGIO APE 2000 -RUGGERINI F10 0 -RUGGERINI MD95 1989 1999RUGGERINI RDK 1979 -RUGGERINI RDK80 0 -RUGGERINI RDM901 0 -RUGGERINI RK180 0 -RUGGERINI RM80 0 -RUGGERINI RM81 0 -STIGA PARK 1982 -VALPADANA VARIOUS 1900 -VALPADANA VMC 1970 -VALPADANA VMC 1984 -VM MOTORI DM 1982 1990<\/p>\n","protected":false},"excerpt":{"rendered":"<p>Valeo STARTER ANLASSER passend f\u00fcr LOMBARDINI RUGGERINI TS12-102 218323Spannung [ V ]: 12: 1.2 KWAnzahl Z\u00e4hne: 9 TEETH CCWBRAND MODEL YEAR MIN YEAR MAXACME ADN 1979 -ANADOLU MOTOR URETIM D 0 -ARONA AD 1978 1988BCS 200 1992 -BCS 270 1900 -BCS 300 1992 -BCS 303 1900 -BCS 303 1978 -BCS 600 1992 -BCS 603 1900 [&hellip;]<\/p>\n","protected":false},"featured_media":48662,"template":"","meta":{"_gspb_post_css":""},"store":[],"product_brand":[1354],"product_cat":[1290],"product_tag":[],"class_list":{"0":"post-48664","1":"product","2":"type-product","3":"status-publish","4":"has-post-thumbnail","6":"product_brand-conrad-ch","7":"product_cat-uncategorized","9":"first","10":"instock","11":"shipping-taxable","12":"purchasable","13":"product-type-simple"},"yoast_head":"<!-- This site is optimized with the Yoast SEO plugin v24.6 - https:\/\/yoast.com\/wordpress\/plugins\/seo\/ -->\n<title>Valeo STARTER ANLASSER passend f\u00fcr LOMBARDINI RUGGERINI TS12-102 218323 | Speed-Reifen | Product-Guide.org<\/title>\n<meta name=\"description\" content=\"Valeo STARTER ANLASSER passend f\u00fcr LOMBARDINI RUGGERINI TS12-102 218323 | Speed-Reifen gefunden von Product-Guide.org\" \/>\n<meta name=\"robots\" content=\"index, follow, max-snippet:-1, max-image-preview:large, max-video-preview:-1\" \/>\n<link rel=\"canonical\" href=\"https:\/\/product-guide.org\/en\/produkt\/valeo-starter-anlasser-passend-fur-lombardini-ruggerini-ts12-102-218323-speed-reifen-2\/\" \/>\n<meta property=\"og:locale\" content=\"en_GB\" \/>\n<meta property=\"og:type\" content=\"article\" \/>\n<meta property=\"og:title\" content=\"Valeo STARTER ANLASSER passend f\u00fcr LOMBARDINI RUGGERINI TS12-102 218323 | Speed-Reifen | Product-Guide.org\" \/>\n<meta property=\"og:description\" content=\"Valeo STARTER ANLASSER passend f\u00fcr LOMBARDINI RUGGERINI TS12-102 218323 | Speed-Reifen gefunden von Product-Guide.org\" \/>\n<meta property=\"og:url\" content=\"https:\/\/product-guide.org\/en\/produkt\/valeo-starter-anlasser-passend-fur-lombardini-ruggerini-ts12-102-218323-speed-reifen-2\/\" \/>\n<meta property=\"og:site_name\" content=\"Product-Guide.org\" \/>\n<meta name=\"twitter:card\" content=\"summary_large_image\" \/>\n<script type=\"application\/ld+json\" class=\"yoast-schema-graph\">{\"@context\":\"https:\/\/schema.org\",\"@graph\":[{\"@type\":\"WebPage\",\"@id\":\"https:\/\/product-guide.org\/produkt\/valeo-starter-anlasser-passend-fur-lombardini-ruggerini-ts12-102-218323-speed-reifen-2\/\",\"url\":\"https:\/\/product-guide.org\/produkt\/valeo-starter-anlasser-passend-fur-lombardini-ruggerini-ts12-102-218323-speed-reifen-2\/\",\"name\":\"Valeo STARTER ANLASSER passend f\u00fcr LOMBARDINI RUGGERINI TS12-102 218323 | Speed-Reifen | Product-Guide.org\",\"isPartOf\":{\"@id\":\"https:\/\/product-guide.org\/#website\"},\"primaryImageOfPage\":{\"@id\":\"https:\/\/product-guide.org\/produkt\/valeo-starter-anlasser-passend-fur-lombardini-ruggerini-ts12-102-218323-speed-reifen-2\/#primaryimage\"},\"image\":{\"@id\":\"https:\/\/product-guide.org\/produkt\/valeo-starter-anlasser-passend-fur-lombardini-ruggerini-ts12-102-218323-speed-reifen-2\/#primaryimage\"},\"thumbnailUrl\":\"https:\/\/product-guide.org\/wp-content\/uploads\/2025\/03\/ts12-102-a_320x.jpg\",\"datePublished\":\"2025-03-17T09:29:05+00:00\",\"description\":\"Valeo STARTER ANLASSER passend f\u00fcr LOMBARDINI RUGGERINI TS12-102 218323 | Speed-Reifen gefunden von Product-Guide.org\",\"breadcrumb\":{\"@id\":\"https:\/\/product-guide.org\/produkt\/valeo-starter-anlasser-passend-fur-lombardini-ruggerini-ts12-102-218323-speed-reifen-2\/#breadcrumb\"},\"inLanguage\":\"en-GB\",\"potentialAction\":[{\"@type\":\"ReadAction\",\"target\":[\"https:\/\/product-guide.org\/produkt\/valeo-starter-anlasser-passend-fur-lombardini-ruggerini-ts12-102-218323-speed-reifen-2\/\"]}]},{\"@type\":\"ImageObject\",\"inLanguage\":\"en-GB\",\"@id\":\"https:\/\/product-guide.org\/produkt\/valeo-starter-anlasser-passend-fur-lombardini-ruggerini-ts12-102-218323-speed-reifen-2\/#primaryimage\",\"url\":\"https:\/\/product-guide.org\/wp-content\/uploads\/2025\/03\/ts12-102-a_320x.jpg\",\"contentUrl\":\"https:\/\/product-guide.org\/wp-content\/uploads\/2025\/03\/ts12-102-a_320x.jpg\",\"width\":320,\"height\":437},{\"@type\":\"BreadcrumbList\",\"@id\":\"https:\/\/product-guide.org\/produkt\/valeo-starter-anlasser-passend-fur-lombardini-ruggerini-ts12-102-218323-speed-reifen-2\/#breadcrumb\",\"itemListElement\":[{\"@type\":\"ListItem\",\"position\":1,\"name\":\"Home\",\"item\":\"https:\/\/product-guide.org\/\"},{\"@type\":\"ListItem\",\"position\":2,\"name\":\"Ergebnisse\",\"item\":\"https:\/\/product-guide.org\/de\/ergebnisse\/\"},{\"@type\":\"ListItem\",\"position\":3,\"name\":\"Valeo STARTER ANLASSER passend f\u00fcr LOMBARDINI RUGGERINI TS12-102 218323 | Speed-Reifen\"}]},{\"@type\":\"WebSite\",\"@id\":\"https:\/\/product-guide.org\/#website\",\"url\":\"https:\/\/product-guide.org\/\",\"name\":\"Product-Guide.org\",\"description\":\"What Product are you looking for?\",\"publisher\":{\"@id\":\"https:\/\/product-guide.org\/#organization\"},\"potentialAction\":[{\"@type\":\"SearchAction\",\"target\":{\"@type\":\"EntryPoint\",\"urlTemplate\":\"https:\/\/product-guide.org\/?s={search_term_string}\"},\"query-input\":{\"@type\":\"PropertyValueSpecification\",\"valueRequired\":true,\"valueName\":\"search_term_string\"}}],\"inLanguage\":\"en-GB\"},{\"@type\":\"Organization\",\"@id\":\"https:\/\/product-guide.org\/#organization\",\"name\":\"Product-Guide.org\",\"url\":\"https:\/\/product-guide.org\/\",\"logo\":{\"@type\":\"ImageObject\",\"inLanguage\":\"en-GB\",\"@id\":\"https:\/\/product-guide.org\/#\/schema\/logo\/image\/\",\"url\":\"https:\/\/product-guide.org\/wp-content\/uploads\/2022\/07\/logo_transparent_background.png\",\"contentUrl\":\"https:\/\/product-guide.org\/wp-content\/uploads\/2022\/07\/logo_transparent_background.png\",\"width\":3400,\"height\":1132,\"caption\":\"Product-Guide.org\"},\"image\":{\"@id\":\"https:\/\/product-guide.org\/#\/schema\/logo\/image\/\"}}]}<\/script>\n<!-- \/ Yoast SEO plugin. -->","yoast_head_json":{"title":"Valeo STARTER ANLASSER passend f\u00fcr LOMBARDINI RUGGERINI TS12-102 218323 | Speed-Reifen | Product-Guide.org","description":"Valeo STARTER ANLASSER passend f\u00fcr LOMBARDINI RUGGERINI TS12-102 218323 | Speed-Reifen gefunden von Product-Guide.org","robots":{"index":"index","follow":"follow","max-snippet":"max-snippet:-1","max-image-preview":"max-image-preview:large","max-video-preview":"max-video-preview:-1"},"canonical":"https:\/\/product-guide.org\/en\/produkt\/valeo-starter-anlasser-passend-fur-lombardini-ruggerini-ts12-102-218323-speed-reifen-2\/","og_locale":"en_GB","og_type":"article","og_title":"Valeo STARTER ANLASSER passend f\u00fcr LOMBARDINI RUGGERINI TS12-102 218323 | Speed-Reifen | Product-Guide.org","og_description":"Valeo STARTER ANLASSER passend f\u00fcr LOMBARDINI RUGGERINI TS12-102 218323 | Speed-Reifen gefunden von Product-Guide.org","og_url":"https:\/\/product-guide.org\/en\/produkt\/valeo-starter-anlasser-passend-fur-lombardini-ruggerini-ts12-102-218323-speed-reifen-2\/","og_site_name":"Product-Guide.org","twitter_card":"summary_large_image","schema":{"@context":"https:\/\/schema.org","@graph":[{"@type":"WebPage","@id":"https:\/\/product-guide.org\/produkt\/valeo-starter-anlasser-passend-fur-lombardini-ruggerini-ts12-102-218323-speed-reifen-2\/","url":"https:\/\/product-guide.org\/produkt\/valeo-starter-anlasser-passend-fur-lombardini-ruggerini-ts12-102-218323-speed-reifen-2\/","name":"Valeo STARTER ANLASSER passend f\u00fcr LOMBARDINI RUGGERINI TS12-102 218323 | Speed-Reifen | Product-Guide.org","isPartOf":{"@id":"https:\/\/product-guide.org\/#website"},"primaryImageOfPage":{"@id":"https:\/\/product-guide.org\/produkt\/valeo-starter-anlasser-passend-fur-lombardini-ruggerini-ts12-102-218323-speed-reifen-2\/#primaryimage"},"image":{"@id":"https:\/\/product-guide.org\/produkt\/valeo-starter-anlasser-passend-fur-lombardini-ruggerini-ts12-102-218323-speed-reifen-2\/#primaryimage"},"thumbnailUrl":"https:\/\/product-guide.org\/wp-content\/uploads\/2025\/03\/ts12-102-a_320x.jpg","datePublished":"2025-03-17T09:29:05+00:00","description":"Valeo STARTER ANLASSER passend f\u00fcr LOMBARDINI RUGGERINI TS12-102 218323 | Speed-Reifen gefunden von Product-Guide.org","breadcrumb":{"@id":"https:\/\/product-guide.org\/produkt\/valeo-starter-anlasser-passend-fur-lombardini-ruggerini-ts12-102-218323-speed-reifen-2\/#breadcrumb"},"inLanguage":"en-GB","potentialAction":[{"@type":"ReadAction","target":["https:\/\/product-guide.org\/produkt\/valeo-starter-anlasser-passend-fur-lombardini-ruggerini-ts12-102-218323-speed-reifen-2\/"]}]},{"@type":"ImageObject","inLanguage":"en-GB","@id":"https:\/\/product-guide.org\/produkt\/valeo-starter-anlasser-passend-fur-lombardini-ruggerini-ts12-102-218323-speed-reifen-2\/#primaryimage","url":"https:\/\/product-guide.org\/wp-content\/uploads\/2025\/03\/ts12-102-a_320x.jpg","contentUrl":"https:\/\/product-guide.org\/wp-content\/uploads\/2025\/03\/ts12-102-a_320x.jpg","width":320,"height":437},{"@type":"BreadcrumbList","@id":"https:\/\/product-guide.org\/produkt\/valeo-starter-anlasser-passend-fur-lombardini-ruggerini-ts12-102-218323-speed-reifen-2\/#breadcrumb","itemListElement":[{"@type":"ListItem","position":1,"name":"Home","item":"https:\/\/product-guide.org\/"},{"@type":"ListItem","position":2,"name":"Ergebnisse","item":"https:\/\/product-guide.org\/de\/ergebnisse\/"},{"@type":"ListItem","position":3,"name":"Valeo STARTER ANLASSER passend f\u00fcr LOMBARDINI RUGGERINI TS12-102 218323 | Speed-Reifen"}]},{"@type":"WebSite","@id":"https:\/\/product-guide.org\/#website","url":"https:\/\/product-guide.org\/","name":"Product-Guide.org","description":"What Product are you looking for?","publisher":{"@id":"https:\/\/product-guide.org\/#organization"},"potentialAction":[{"@type":"SearchAction","target":{"@type":"EntryPoint","urlTemplate":"https:\/\/product-guide.org\/?s={search_term_string}"},"query-input":{"@type":"PropertyValueSpecification","valueRequired":true,"valueName":"search_term_string"}}],"inLanguage":"en-GB"},{"@type":"Organization","@id":"https:\/\/product-guide.org\/#organization","name":"Product-Guide.org","url":"https:\/\/product-guide.org\/","logo":{"@type":"ImageObject","inLanguage":"en-GB","@id":"https:\/\/product-guide.org\/#\/schema\/logo\/image\/","url":"https:\/\/product-guide.org\/wp-content\/uploads\/2022\/07\/logo_transparent_background.png","contentUrl":"https:\/\/product-guide.org\/wp-content\/uploads\/2022\/07\/logo_transparent_background.png","width":3400,"height":1132,"caption":"Product-Guide.org"},"image":{"@id":"https:\/\/product-guide.org\/#\/schema\/logo\/image\/"}}]}},"_links":{"self":[{"href":"https:\/\/product-guide.org\/en\/wp-json\/wp\/v2\/product\/48664","targetHints":{"allow":["GET"]}}],"collection":[{"href":"https:\/\/product-guide.org\/en\/wp-json\/wp\/v2\/product"}],"about":[{"href":"https:\/\/product-guide.org\/en\/wp-json\/wp\/v2\/types\/product"}],"wp:featuredmedia":[{"embeddable":true,"href":"https:\/\/product-guide.org\/en\/wp-json\/wp\/v2\/media\/48662"}],"wp:attachment":[{"href":"https:\/\/product-guide.org\/en\/wp-json\/wp\/v2\/media?parent=48664"}],"wp:term":[{"taxonomy":"store","embeddable":true,"href":"https:\/\/product-guide.org\/en\/wp-json\/wp\/v2\/store?post=48664"},{"taxonomy":"product_brand","embeddable":true,"href":"https:\/\/product-guide.org\/en\/wp-json\/wp\/v2\/product_brand?post=48664"},{"taxonomy":"product_cat","embeddable":true,"href":"https:\/\/product-guide.org\/en\/wp-json\/wp\/v2\/product_cat?post=48664"},{"taxonomy":"product_tag","embeddable":true,"href":"https:\/\/product-guide.org\/en\/wp-json\/wp\/v2\/product_tag?post=48664"}],"curies":[{"name":"wp","href":"https:\/\/api.w.org\/{rel}","templated":true}]}}