{"id":48757,"date":"2025-03-17T10:30:06","date_gmt":"2025-03-17T09:30:06","guid":{"rendered":"https:\/\/product-guide.org\/produkt\/4-brisuren-in-antik-bronze-fur-20-mm-cabochons-vintageparts-eu\/"},"modified":"2025-03-17T10:30:06","modified_gmt":"2025-03-17T09:30:06","slug":"4-brisuren-in-antik-bronze-fur-20-mm-cabochons-vintageparts-eu","status":"publish","type":"product","link":"https:\/\/product-guide.org\/en\/produkt\/4-brisuren-in-antik-bronze-fur-20-mm-cabochons-vintageparts-eu\/","title":{"rendered":"4 Brisuren in antik Bronze f\u00fcr 20 mm Cabochons | vintageparts.eu"},"content":{"rendered":"<p>4 St\u00fcck (2 Paar) Klappohrringe bzw. Brisuren aus Messing, antik Bronze im Vintage- Stil. Die Rahmen sind f\u00fcr runde Cabochons oder Gemmen mit 20 mm Durchmesser geeignet. Der Ohrhaken hat einen Durchmesser von 0,8 mm. Je nachdem welche Cabochons man verwendet entstehen romantische Vintageohrh\u00e4nger oder coole Modeohrringe. H\u00f6he: 33 mm Breite: 22 mm Tiefe: 12 mm Durchmesser: 22 mm Fassungsgr\u00f6\u00dfe: 20 mm Material: Messing Materialbeschreibung: Messing antik bronze beschichtet Metallfarbe: antik bronze Form: rund Verwendung: Brisur Zum Ohrringe basteln gibt es so viele verschiedene DIY-Projekte von Vintage bis modern. Nach und nach werden wir verschiedene Basteltips ver\u00f6ffentlichen.<\/p>\n","protected":false},"excerpt":{"rendered":"<p>4 St\u00fcck (2 Paar) Klappohrringe bzw. Brisuren aus Messing, antik Bronze im Vintage- Stil. Die Rahmen sind f\u00fcr runde Cabochons oder Gemmen mit 20 mm Durchmesser geeignet. Der Ohrhaken hat einen Durchmesser von 0,8 mm. Je nachdem welche Cabochons man verwendet entstehen romantische Vintageohrh\u00e4nger oder coole Modeohrringe. H\u00f6he: 33 mm Breite: 22 mm Tiefe: 12 [&hellip;]<\/p>\n","protected":false},"featured_media":48756,"template":"","meta":{"_gspb_post_css":""},"store":[],"product_brand":[1355],"product_cat":[1290],"product_tag":[],"class_list":{"0":"post-48757","1":"product","2":"type-product","3":"status-publish","4":"has-post-thumbnail","6":"product_brand-vintageparts-eu","7":"product_cat-uncategorized","9":"first","10":"instock","11":"shipping-taxable","12":"purchasable","13":"product-type-simple"},"yoast_head":"<!-- This site is optimized with the Yoast SEO plugin v24.6 - https:\/\/yoast.com\/wordpress\/plugins\/seo\/ -->\n<title>4 Brisuren in antik Bronze f\u00fcr 20 mm Cabochons | vintageparts.eu | Product-Guide.org<\/title>\n<meta name=\"description\" content=\"4 Brisuren in antik Bronze f\u00fcr 20 mm Cabochons | vintageparts.eu gefunden von Product-Guide.org\" \/>\n<meta name=\"robots\" content=\"index, follow, max-snippet:-1, max-image-preview:large, max-video-preview:-1\" \/>\n<link rel=\"canonical\" href=\"https:\/\/product-guide.org\/en\/produkt\/4-brisuren-in-antik-bronze-fur-20-mm-cabochons-vintageparts-eu\/\" \/>\n<meta property=\"og:locale\" content=\"en_GB\" \/>\n<meta property=\"og:type\" content=\"article\" \/>\n<meta property=\"og:title\" content=\"4 Brisuren in antik Bronze f\u00fcr 20 mm Cabochons | vintageparts.eu | Product-Guide.org\" \/>\n<meta property=\"og:description\" content=\"4 Brisuren in antik Bronze f\u00fcr 20 mm Cabochons | vintageparts.eu gefunden von Product-Guide.org\" \/>\n<meta property=\"og:url\" content=\"https:\/\/product-guide.org\/en\/produkt\/4-brisuren-in-antik-bronze-fur-20-mm-cabochons-vintageparts-eu\/\" \/>\n<meta property=\"og:site_name\" content=\"Product-Guide.org\" \/>\n<meta name=\"twitter:card\" content=\"summary_large_image\" \/>\n<script type=\"application\/ld+json\" class=\"yoast-schema-graph\">{\"@context\":\"https:\/\/schema.org\",\"@graph\":[{\"@type\":\"WebPage\",\"@id\":\"https:\/\/product-guide.org\/produkt\/4-brisuren-in-antik-bronze-fur-20-mm-cabochons-vintageparts-eu\/\",\"url\":\"https:\/\/product-guide.org\/produkt\/4-brisuren-in-antik-bronze-fur-20-mm-cabochons-vintageparts-eu\/\",\"name\":\"4 Brisuren in antik Bronze f\u00fcr 20 mm Cabochons | vintageparts.eu | Product-Guide.org\",\"isPartOf\":{\"@id\":\"https:\/\/product-guide.org\/#website\"},\"primaryImageOfPage\":{\"@id\":\"https:\/\/product-guide.org\/produkt\/4-brisuren-in-antik-bronze-fur-20-mm-cabochons-vintageparts-eu\/#primaryimage\"},\"image\":{\"@id\":\"https:\/\/product-guide.org\/produkt\/4-brisuren-in-antik-bronze-fur-20-mm-cabochons-vintageparts-eu\/#primaryimage\"},\"thumbnailUrl\":\"https:\/\/product-guide.org\/wp-content\/uploads\/2025\/03\/4-brisuren-in-antik-bronze-fuer-20-mm-cabochons.jpg\",\"datePublished\":\"2025-03-17T09:30:06+00:00\",\"description\":\"4 Brisuren in antik Bronze f\u00fcr 20 mm Cabochons | vintageparts.eu gefunden von Product-Guide.org\",\"breadcrumb\":{\"@id\":\"https:\/\/product-guide.org\/produkt\/4-brisuren-in-antik-bronze-fur-20-mm-cabochons-vintageparts-eu\/#breadcrumb\"},\"inLanguage\":\"en-GB\",\"potentialAction\":[{\"@type\":\"ReadAction\",\"target\":[\"https:\/\/product-guide.org\/produkt\/4-brisuren-in-antik-bronze-fur-20-mm-cabochons-vintageparts-eu\/\"]}]},{\"@type\":\"ImageObject\",\"inLanguage\":\"en-GB\",\"@id\":\"https:\/\/product-guide.org\/produkt\/4-brisuren-in-antik-bronze-fur-20-mm-cabochons-vintageparts-eu\/#primaryimage\",\"url\":\"https:\/\/product-guide.org\/wp-content\/uploads\/2025\/03\/4-brisuren-in-antik-bronze-fuer-20-mm-cabochons.jpg\",\"contentUrl\":\"https:\/\/product-guide.org\/wp-content\/uploads\/2025\/03\/4-brisuren-in-antik-bronze-fuer-20-mm-cabochons.jpg\",\"width\":800,\"height\":600},{\"@type\":\"BreadcrumbList\",\"@id\":\"https:\/\/product-guide.org\/produkt\/4-brisuren-in-antik-bronze-fur-20-mm-cabochons-vintageparts-eu\/#breadcrumb\",\"itemListElement\":[{\"@type\":\"ListItem\",\"position\":1,\"name\":\"Home\",\"item\":\"https:\/\/product-guide.org\/\"},{\"@type\":\"ListItem\",\"position\":2,\"name\":\"Ergebnisse\",\"item\":\"https:\/\/product-guide.org\/de\/ergebnisse\/\"},{\"@type\":\"ListItem\",\"position\":3,\"name\":\"4 Brisuren in antik Bronze f\u00fcr 20 mm Cabochons | vintageparts.eu\"}]},{\"@type\":\"WebSite\",\"@id\":\"https:\/\/product-guide.org\/#website\",\"url\":\"https:\/\/product-guide.org\/\",\"name\":\"Product-Guide.org\",\"description\":\"What Product are you looking for?\",\"publisher\":{\"@id\":\"https:\/\/product-guide.org\/#organization\"},\"potentialAction\":[{\"@type\":\"SearchAction\",\"target\":{\"@type\":\"EntryPoint\",\"urlTemplate\":\"https:\/\/product-guide.org\/?s={search_term_string}\"},\"query-input\":{\"@type\":\"PropertyValueSpecification\",\"valueRequired\":true,\"valueName\":\"search_term_string\"}}],\"inLanguage\":\"en-GB\"},{\"@type\":\"Organization\",\"@id\":\"https:\/\/product-guide.org\/#organization\",\"name\":\"Product-Guide.org\",\"url\":\"https:\/\/product-guide.org\/\",\"logo\":{\"@type\":\"ImageObject\",\"inLanguage\":\"en-GB\",\"@id\":\"https:\/\/product-guide.org\/#\/schema\/logo\/image\/\",\"url\":\"https:\/\/product-guide.org\/wp-content\/uploads\/2022\/07\/logo_transparent_background.png\",\"contentUrl\":\"https:\/\/product-guide.org\/wp-content\/uploads\/2022\/07\/logo_transparent_background.png\",\"width\":3400,\"height\":1132,\"caption\":\"Product-Guide.org\"},\"image\":{\"@id\":\"https:\/\/product-guide.org\/#\/schema\/logo\/image\/\"}}]}<\/script>\n<!-- \/ Yoast SEO plugin. -->","yoast_head_json":{"title":"4 Brisuren in antik Bronze f\u00fcr 20 mm Cabochons | vintageparts.eu | Product-Guide.org","description":"4 Brisuren in antik Bronze f\u00fcr 20 mm Cabochons | vintageparts.eu gefunden von Product-Guide.org","robots":{"index":"index","follow":"follow","max-snippet":"max-snippet:-1","max-image-preview":"max-image-preview:large","max-video-preview":"max-video-preview:-1"},"canonical":"https:\/\/product-guide.org\/en\/produkt\/4-brisuren-in-antik-bronze-fur-20-mm-cabochons-vintageparts-eu\/","og_locale":"en_GB","og_type":"article","og_title":"4 Brisuren in antik Bronze f\u00fcr 20 mm Cabochons | vintageparts.eu | Product-Guide.org","og_description":"4 Brisuren in antik Bronze f\u00fcr 20 mm Cabochons | vintageparts.eu gefunden von Product-Guide.org","og_url":"https:\/\/product-guide.org\/en\/produkt\/4-brisuren-in-antik-bronze-fur-20-mm-cabochons-vintageparts-eu\/","og_site_name":"Product-Guide.org","twitter_card":"summary_large_image","schema":{"@context":"https:\/\/schema.org","@graph":[{"@type":"WebPage","@id":"https:\/\/product-guide.org\/produkt\/4-brisuren-in-antik-bronze-fur-20-mm-cabochons-vintageparts-eu\/","url":"https:\/\/product-guide.org\/produkt\/4-brisuren-in-antik-bronze-fur-20-mm-cabochons-vintageparts-eu\/","name":"4 Brisuren in antik Bronze f\u00fcr 20 mm Cabochons | vintageparts.eu | Product-Guide.org","isPartOf":{"@id":"https:\/\/product-guide.org\/#website"},"primaryImageOfPage":{"@id":"https:\/\/product-guide.org\/produkt\/4-brisuren-in-antik-bronze-fur-20-mm-cabochons-vintageparts-eu\/#primaryimage"},"image":{"@id":"https:\/\/product-guide.org\/produkt\/4-brisuren-in-antik-bronze-fur-20-mm-cabochons-vintageparts-eu\/#primaryimage"},"thumbnailUrl":"https:\/\/product-guide.org\/wp-content\/uploads\/2025\/03\/4-brisuren-in-antik-bronze-fuer-20-mm-cabochons.jpg","datePublished":"2025-03-17T09:30:06+00:00","description":"4 Brisuren in antik Bronze f\u00fcr 20 mm Cabochons | vintageparts.eu gefunden von Product-Guide.org","breadcrumb":{"@id":"https:\/\/product-guide.org\/produkt\/4-brisuren-in-antik-bronze-fur-20-mm-cabochons-vintageparts-eu\/#breadcrumb"},"inLanguage":"en-GB","potentialAction":[{"@type":"ReadAction","target":["https:\/\/product-guide.org\/produkt\/4-brisuren-in-antik-bronze-fur-20-mm-cabochons-vintageparts-eu\/"]}]},{"@type":"ImageObject","inLanguage":"en-GB","@id":"https:\/\/product-guide.org\/produkt\/4-brisuren-in-antik-bronze-fur-20-mm-cabochons-vintageparts-eu\/#primaryimage","url":"https:\/\/product-guide.org\/wp-content\/uploads\/2025\/03\/4-brisuren-in-antik-bronze-fuer-20-mm-cabochons.jpg","contentUrl":"https:\/\/product-guide.org\/wp-content\/uploads\/2025\/03\/4-brisuren-in-antik-bronze-fuer-20-mm-cabochons.jpg","width":800,"height":600},{"@type":"BreadcrumbList","@id":"https:\/\/product-guide.org\/produkt\/4-brisuren-in-antik-bronze-fur-20-mm-cabochons-vintageparts-eu\/#breadcrumb","itemListElement":[{"@type":"ListItem","position":1,"name":"Home","item":"https:\/\/product-guide.org\/"},{"@type":"ListItem","position":2,"name":"Ergebnisse","item":"https:\/\/product-guide.org\/de\/ergebnisse\/"},{"@type":"ListItem","position":3,"name":"4 Brisuren in antik Bronze f\u00fcr 20 mm Cabochons | vintageparts.eu"}]},{"@type":"WebSite","@id":"https:\/\/product-guide.org\/#website","url":"https:\/\/product-guide.org\/","name":"Product-Guide.org","description":"What Product are you looking for?","publisher":{"@id":"https:\/\/product-guide.org\/#organization"},"potentialAction":[{"@type":"SearchAction","target":{"@type":"EntryPoint","urlTemplate":"https:\/\/product-guide.org\/?s={search_term_string}"},"query-input":{"@type":"PropertyValueSpecification","valueRequired":true,"valueName":"search_term_string"}}],"inLanguage":"en-GB"},{"@type":"Organization","@id":"https:\/\/product-guide.org\/#organization","name":"Product-Guide.org","url":"https:\/\/product-guide.org\/","logo":{"@type":"ImageObject","inLanguage":"en-GB","@id":"https:\/\/product-guide.org\/#\/schema\/logo\/image\/","url":"https:\/\/product-guide.org\/wp-content\/uploads\/2022\/07\/logo_transparent_background.png","contentUrl":"https:\/\/product-guide.org\/wp-content\/uploads\/2022\/07\/logo_transparent_background.png","width":3400,"height":1132,"caption":"Product-Guide.org"},"image":{"@id":"https:\/\/product-guide.org\/#\/schema\/logo\/image\/"}}]}},"_links":{"self":[{"href":"https:\/\/product-guide.org\/en\/wp-json\/wp\/v2\/product\/48757","targetHints":{"allow":["GET"]}}],"collection":[{"href":"https:\/\/product-guide.org\/en\/wp-json\/wp\/v2\/product"}],"about":[{"href":"https:\/\/product-guide.org\/en\/wp-json\/wp\/v2\/types\/product"}],"wp:featuredmedia":[{"embeddable":true,"href":"https:\/\/product-guide.org\/en\/wp-json\/wp\/v2\/media\/48756"}],"wp:attachment":[{"href":"https:\/\/product-guide.org\/en\/wp-json\/wp\/v2\/media?parent=48757"}],"wp:term":[{"taxonomy":"store","embeddable":true,"href":"https:\/\/product-guide.org\/en\/wp-json\/wp\/v2\/store?post=48757"},{"taxonomy":"product_brand","embeddable":true,"href":"https:\/\/product-guide.org\/en\/wp-json\/wp\/v2\/product_brand?post=48757"},{"taxonomy":"product_cat","embeddable":true,"href":"https:\/\/product-guide.org\/en\/wp-json\/wp\/v2\/product_cat?post=48757"},{"taxonomy":"product_tag","embeddable":true,"href":"https:\/\/product-guide.org\/en\/wp-json\/wp\/v2\/product_tag?post=48757"}],"curies":[{"name":"wp","href":"https:\/\/api.w.org\/{rel}","templated":true}]}}