{"id":48794,"date":"2025-03-17T10:30:33","date_gmt":"2025-03-17T09:30:33","guid":{"rendered":"https:\/\/product-guide.org\/produkt\/geschenkgutschein-uber-10-euro-vintageparts-eu-2\/"},"modified":"2025-03-17T10:30:34","modified_gmt":"2025-03-17T09:30:34","slug":"geschenkgutschein-uber-10-euro-vintageparts-eu-2","status":"publish","type":"product","link":"https:\/\/product-guide.org\/en\/produkt\/geschenkgutschein-uber-10-euro-vintageparts-eu-2\/","title":{"rendered":"Geschenkgutschein \u00fcber 10 Euro | vintageparts.eu"},"content":{"rendered":"<p>W\u00e4hle deinen Wunschbetrag und verschenke Bastelspa\u00df an deine Liebsten. Einl\u00f6sbar f\u00fcr das komplette Sortiment mit tausenden Produkten. Bitte beachte, dass der komplette Gutscheinbetrag bei einer Bestellung eingel\u00f6st werden muss. Der Gutscheincode wird erst akzeptiert, wenn der Wert des Gutscheines im Warenkorb erreicht ist. Nach Zahlungseingang senden wir dir den Code wie abgebildet als Geschenkkarte zu. Der Code ist nur direkt auf www.Vintageparts.eu einl\u00f6sbar. (Auf Anfrage mailen wir dir den Code auch gerne zu, falls du es nicht abwarten kannst.)<\/p>\n","protected":false},"excerpt":{"rendered":"<p>W\u00e4hle deinen Wunschbetrag und verschenke Bastelspa\u00df an deine Liebsten. Einl\u00f6sbar f\u00fcr das komplette Sortiment mit tausenden Produkten. Bitte beachte, dass der komplette Gutscheinbetrag bei einer Bestellung eingel\u00f6st werden muss. Der Gutscheincode wird erst akzeptiert, wenn der Wert des Gutscheines im Warenkorb erreicht ist. Nach Zahlungseingang senden wir dir den Code wie abgebildet als Geschenkkarte zu. [&hellip;]<\/p>\n","protected":false},"featured_media":48792,"template":"","meta":{"_gspb_post_css":""},"store":[],"product_brand":[1355],"product_cat":[1290],"product_tag":[],"class_list":{"0":"post-48794","1":"product","2":"type-product","3":"status-publish","4":"has-post-thumbnail","6":"product_brand-vintageparts-eu","7":"product_cat-uncategorized","9":"first","10":"instock","11":"shipping-taxable","12":"purchasable","13":"product-type-simple"},"yoast_head":"<!-- This site is optimized with the Yoast SEO plugin v24.6 - https:\/\/yoast.com\/wordpress\/plugins\/seo\/ -->\n<title>Geschenkgutschein \u00fcber 10 Euro | vintageparts.eu | Product-Guide.org<\/title>\n<meta name=\"description\" content=\"Geschenkgutschein \u00fcber 10 Euro | vintageparts.eu gefunden von Product-Guide.org\" \/>\n<meta name=\"robots\" content=\"index, follow, max-snippet:-1, max-image-preview:large, max-video-preview:-1\" \/>\n<link rel=\"canonical\" href=\"https:\/\/product-guide.org\/en\/produkt\/geschenkgutschein-uber-10-euro-vintageparts-eu-2\/\" \/>\n<meta property=\"og:locale\" content=\"en_GB\" \/>\n<meta property=\"og:type\" content=\"article\" \/>\n<meta property=\"og:title\" content=\"Geschenkgutschein \u00fcber 10 Euro | vintageparts.eu | Product-Guide.org\" \/>\n<meta property=\"og:description\" content=\"Geschenkgutschein \u00fcber 10 Euro | vintageparts.eu gefunden von Product-Guide.org\" \/>\n<meta property=\"og:url\" content=\"https:\/\/product-guide.org\/en\/produkt\/geschenkgutschein-uber-10-euro-vintageparts-eu-2\/\" \/>\n<meta property=\"og:site_name\" content=\"Product-Guide.org\" \/>\n<meta property=\"article:modified_time\" content=\"2025-03-17T09:30:34+00:00\" \/>\n<meta name=\"twitter:card\" content=\"summary_large_image\" \/>\n<script type=\"application\/ld+json\" class=\"yoast-schema-graph\">{\"@context\":\"https:\/\/schema.org\",\"@graph\":[{\"@type\":\"WebPage\",\"@id\":\"https:\/\/product-guide.org\/produkt\/geschenkgutschein-uber-10-euro-vintageparts-eu-2\/\",\"url\":\"https:\/\/product-guide.org\/produkt\/geschenkgutschein-uber-10-euro-vintageparts-eu-2\/\",\"name\":\"Geschenkgutschein \u00fcber 10 Euro | vintageparts.eu | Product-Guide.org\",\"isPartOf\":{\"@id\":\"https:\/\/product-guide.org\/#website\"},\"primaryImageOfPage\":{\"@id\":\"https:\/\/product-guide.org\/produkt\/geschenkgutschein-uber-10-euro-vintageparts-eu-2\/#primaryimage\"},\"image\":{\"@id\":\"https:\/\/product-guide.org\/produkt\/geschenkgutschein-uber-10-euro-vintageparts-eu-2\/#primaryimage\"},\"thumbnailUrl\":\"https:\/\/product-guide.org\/wp-content\/uploads\/2025\/03\/geschenkgutschein-ueber-10-euro.jpg\",\"datePublished\":\"2025-03-17T09:30:33+00:00\",\"dateModified\":\"2025-03-17T09:30:34+00:00\",\"description\":\"Geschenkgutschein \u00fcber 10 Euro | vintageparts.eu gefunden von Product-Guide.org\",\"breadcrumb\":{\"@id\":\"https:\/\/product-guide.org\/produkt\/geschenkgutschein-uber-10-euro-vintageparts-eu-2\/#breadcrumb\"},\"inLanguage\":\"en-GB\",\"potentialAction\":[{\"@type\":\"ReadAction\",\"target\":[\"https:\/\/product-guide.org\/produkt\/geschenkgutschein-uber-10-euro-vintageparts-eu-2\/\"]}]},{\"@type\":\"ImageObject\",\"inLanguage\":\"en-GB\",\"@id\":\"https:\/\/product-guide.org\/produkt\/geschenkgutschein-uber-10-euro-vintageparts-eu-2\/#primaryimage\",\"url\":\"https:\/\/product-guide.org\/wp-content\/uploads\/2025\/03\/geschenkgutschein-ueber-10-euro.jpg\",\"contentUrl\":\"https:\/\/product-guide.org\/wp-content\/uploads\/2025\/03\/geschenkgutschein-ueber-10-euro.jpg\",\"width\":853,\"height\":640},{\"@type\":\"BreadcrumbList\",\"@id\":\"https:\/\/product-guide.org\/produkt\/geschenkgutschein-uber-10-euro-vintageparts-eu-2\/#breadcrumb\",\"itemListElement\":[{\"@type\":\"ListItem\",\"position\":1,\"name\":\"Home\",\"item\":\"https:\/\/product-guide.org\/\"},{\"@type\":\"ListItem\",\"position\":2,\"name\":\"Ergebnisse\",\"item\":\"https:\/\/product-guide.org\/de\/ergebnisse\/\"},{\"@type\":\"ListItem\",\"position\":3,\"name\":\"Geschenkgutschein \u00fcber 10 Euro | vintageparts.eu\"}]},{\"@type\":\"WebSite\",\"@id\":\"https:\/\/product-guide.org\/#website\",\"url\":\"https:\/\/product-guide.org\/\",\"name\":\"Product-Guide.org\",\"description\":\"What Product are you looking for?\",\"publisher\":{\"@id\":\"https:\/\/product-guide.org\/#organization\"},\"potentialAction\":[{\"@type\":\"SearchAction\",\"target\":{\"@type\":\"EntryPoint\",\"urlTemplate\":\"https:\/\/product-guide.org\/?s={search_term_string}\"},\"query-input\":{\"@type\":\"PropertyValueSpecification\",\"valueRequired\":true,\"valueName\":\"search_term_string\"}}],\"inLanguage\":\"en-GB\"},{\"@type\":\"Organization\",\"@id\":\"https:\/\/product-guide.org\/#organization\",\"name\":\"Product-Guide.org\",\"url\":\"https:\/\/product-guide.org\/\",\"logo\":{\"@type\":\"ImageObject\",\"inLanguage\":\"en-GB\",\"@id\":\"https:\/\/product-guide.org\/#\/schema\/logo\/image\/\",\"url\":\"https:\/\/product-guide.org\/wp-content\/uploads\/2022\/07\/logo_transparent_background.png\",\"contentUrl\":\"https:\/\/product-guide.org\/wp-content\/uploads\/2022\/07\/logo_transparent_background.png\",\"width\":3400,\"height\":1132,\"caption\":\"Product-Guide.org\"},\"image\":{\"@id\":\"https:\/\/product-guide.org\/#\/schema\/logo\/image\/\"}}]}<\/script>\n<!-- \/ Yoast SEO plugin. -->","yoast_head_json":{"title":"Geschenkgutschein \u00fcber 10 Euro | vintageparts.eu | Product-Guide.org","description":"Geschenkgutschein \u00fcber 10 Euro | vintageparts.eu gefunden von Product-Guide.org","robots":{"index":"index","follow":"follow","max-snippet":"max-snippet:-1","max-image-preview":"max-image-preview:large","max-video-preview":"max-video-preview:-1"},"canonical":"https:\/\/product-guide.org\/en\/produkt\/geschenkgutschein-uber-10-euro-vintageparts-eu-2\/","og_locale":"en_GB","og_type":"article","og_title":"Geschenkgutschein \u00fcber 10 Euro | vintageparts.eu | Product-Guide.org","og_description":"Geschenkgutschein \u00fcber 10 Euro | vintageparts.eu gefunden von Product-Guide.org","og_url":"https:\/\/product-guide.org\/en\/produkt\/geschenkgutschein-uber-10-euro-vintageparts-eu-2\/","og_site_name":"Product-Guide.org","article_modified_time":"2025-03-17T09:30:34+00:00","twitter_card":"summary_large_image","schema":{"@context":"https:\/\/schema.org","@graph":[{"@type":"WebPage","@id":"https:\/\/product-guide.org\/produkt\/geschenkgutschein-uber-10-euro-vintageparts-eu-2\/","url":"https:\/\/product-guide.org\/produkt\/geschenkgutschein-uber-10-euro-vintageparts-eu-2\/","name":"Geschenkgutschein \u00fcber 10 Euro | vintageparts.eu | Product-Guide.org","isPartOf":{"@id":"https:\/\/product-guide.org\/#website"},"primaryImageOfPage":{"@id":"https:\/\/product-guide.org\/produkt\/geschenkgutschein-uber-10-euro-vintageparts-eu-2\/#primaryimage"},"image":{"@id":"https:\/\/product-guide.org\/produkt\/geschenkgutschein-uber-10-euro-vintageparts-eu-2\/#primaryimage"},"thumbnailUrl":"https:\/\/product-guide.org\/wp-content\/uploads\/2025\/03\/geschenkgutschein-ueber-10-euro.jpg","datePublished":"2025-03-17T09:30:33+00:00","dateModified":"2025-03-17T09:30:34+00:00","description":"Geschenkgutschein \u00fcber 10 Euro | vintageparts.eu gefunden von Product-Guide.org","breadcrumb":{"@id":"https:\/\/product-guide.org\/produkt\/geschenkgutschein-uber-10-euro-vintageparts-eu-2\/#breadcrumb"},"inLanguage":"en-GB","potentialAction":[{"@type":"ReadAction","target":["https:\/\/product-guide.org\/produkt\/geschenkgutschein-uber-10-euro-vintageparts-eu-2\/"]}]},{"@type":"ImageObject","inLanguage":"en-GB","@id":"https:\/\/product-guide.org\/produkt\/geschenkgutschein-uber-10-euro-vintageparts-eu-2\/#primaryimage","url":"https:\/\/product-guide.org\/wp-content\/uploads\/2025\/03\/geschenkgutschein-ueber-10-euro.jpg","contentUrl":"https:\/\/product-guide.org\/wp-content\/uploads\/2025\/03\/geschenkgutschein-ueber-10-euro.jpg","width":853,"height":640},{"@type":"BreadcrumbList","@id":"https:\/\/product-guide.org\/produkt\/geschenkgutschein-uber-10-euro-vintageparts-eu-2\/#breadcrumb","itemListElement":[{"@type":"ListItem","position":1,"name":"Home","item":"https:\/\/product-guide.org\/"},{"@type":"ListItem","position":2,"name":"Ergebnisse","item":"https:\/\/product-guide.org\/de\/ergebnisse\/"},{"@type":"ListItem","position":3,"name":"Geschenkgutschein \u00fcber 10 Euro | vintageparts.eu"}]},{"@type":"WebSite","@id":"https:\/\/product-guide.org\/#website","url":"https:\/\/product-guide.org\/","name":"Product-Guide.org","description":"What Product are you looking for?","publisher":{"@id":"https:\/\/product-guide.org\/#organization"},"potentialAction":[{"@type":"SearchAction","target":{"@type":"EntryPoint","urlTemplate":"https:\/\/product-guide.org\/?s={search_term_string}"},"query-input":{"@type":"PropertyValueSpecification","valueRequired":true,"valueName":"search_term_string"}}],"inLanguage":"en-GB"},{"@type":"Organization","@id":"https:\/\/product-guide.org\/#organization","name":"Product-Guide.org","url":"https:\/\/product-guide.org\/","logo":{"@type":"ImageObject","inLanguage":"en-GB","@id":"https:\/\/product-guide.org\/#\/schema\/logo\/image\/","url":"https:\/\/product-guide.org\/wp-content\/uploads\/2022\/07\/logo_transparent_background.png","contentUrl":"https:\/\/product-guide.org\/wp-content\/uploads\/2022\/07\/logo_transparent_background.png","width":3400,"height":1132,"caption":"Product-Guide.org"},"image":{"@id":"https:\/\/product-guide.org\/#\/schema\/logo\/image\/"}}]}},"_links":{"self":[{"href":"https:\/\/product-guide.org\/en\/wp-json\/wp\/v2\/product\/48794","targetHints":{"allow":["GET"]}}],"collection":[{"href":"https:\/\/product-guide.org\/en\/wp-json\/wp\/v2\/product"}],"about":[{"href":"https:\/\/product-guide.org\/en\/wp-json\/wp\/v2\/types\/product"}],"wp:featuredmedia":[{"embeddable":true,"href":"https:\/\/product-guide.org\/en\/wp-json\/wp\/v2\/media\/48792"}],"wp:attachment":[{"href":"https:\/\/product-guide.org\/en\/wp-json\/wp\/v2\/media?parent=48794"}],"wp:term":[{"taxonomy":"store","embeddable":true,"href":"https:\/\/product-guide.org\/en\/wp-json\/wp\/v2\/store?post=48794"},{"taxonomy":"product_brand","embeddable":true,"href":"https:\/\/product-guide.org\/en\/wp-json\/wp\/v2\/product_brand?post=48794"},{"taxonomy":"product_cat","embeddable":true,"href":"https:\/\/product-guide.org\/en\/wp-json\/wp\/v2\/product_cat?post=48794"},{"taxonomy":"product_tag","embeddable":true,"href":"https:\/\/product-guide.org\/en\/wp-json\/wp\/v2\/product_tag?post=48794"}],"curies":[{"name":"wp","href":"https:\/\/api.w.org\/{rel}","templated":true}]}}