{"id":48811,"date":"2025-03-17T10:30:45","date_gmt":"2025-03-17T09:30:45","guid":{"rendered":"https:\/\/product-guide.org\/produkt\/set-nica-perlenmischung-schwarz-weistone-passend-zu-den-400-sets-vintageparts-eu\/"},"modified":"2025-03-17T10:30:45","modified_gmt":"2025-03-17T09:30:45","slug":"set-nica-perlenmischung-schwarz-weistone-passend-zu-den-400-sets-vintageparts-eu","status":"publish","type":"product","link":"https:\/\/product-guide.org\/en\/produkt\/set-nica-perlenmischung-schwarz-weistone-passend-zu-den-400-sets-vintageparts-eu\/","title":{"rendered":"Set NICA Perlenmischung Schwarz- Wei\u00dft\u00f6ne, passend zu den 400-Sets&#8230; | vintageparts.eu"},"content":{"rendered":"<p>Diese Perlenmischung in Schwarz-Wei\u00dft\u00f6nen ist genau auf die im Shop angebotenen Anf\u00e4ngersets abgestimmt und beinhaltet: verschiedene Glasschliffperlen Glasperlen Glaswachsperlen Tropfen Lucitebl\u00fcten verschiedene Cabochons Kameen in 25 x 18 mm und 18 x 13 mm Materialbeschreibung: verschiedene Perlen aus Glas, Resin und Acryl Unsere Perlenmischungen k\u00f6nnen auch gleich in Kombination mit den dazu passenden 400 Teile Bastelsets in Silber oder Bronze zu einem speziellen Setpreis erworben werden. Viel Spa\u00df beim Verarbeiten.<\/p>\n","protected":false},"excerpt":{"rendered":"<p>Diese Perlenmischung in Schwarz-Wei\u00dft\u00f6nen ist genau auf die im Shop angebotenen Anf\u00e4ngersets abgestimmt und beinhaltet: verschiedene Glasschliffperlen Glasperlen Glaswachsperlen Tropfen Lucitebl\u00fcten verschiedene Cabochons Kameen in 25 x 18 mm und 18 x 13 mm Materialbeschreibung: verschiedene Perlen aus Glas, Resin und Acryl Unsere Perlenmischungen k\u00f6nnen auch gleich in Kombination mit den dazu passenden 400 Teile [&hellip;]<\/p>\n","protected":false},"featured_media":48810,"template":"","meta":{"_gspb_post_css":""},"store":[],"product_brand":[1355],"product_cat":[1290],"product_tag":[],"class_list":{"0":"post-48811","1":"product","2":"type-product","3":"status-publish","4":"has-post-thumbnail","6":"product_brand-vintageparts-eu","7":"product_cat-uncategorized","9":"first","10":"instock","11":"shipping-taxable","12":"purchasable","13":"product-type-simple"},"yoast_head":"<!-- This site is optimized with the Yoast SEO plugin v24.6 - https:\/\/yoast.com\/wordpress\/plugins\/seo\/ -->\n<title>Set NICA Perlenmischung Schwarz- Wei\u00dft\u00f6ne, passend zu den 400-Sets... | vintageparts.eu | Product-Guide.org<\/title>\n<meta name=\"description\" content=\"Set NICA Perlenmischung Schwarz- Wei\u00dft\u00f6ne, passend zu den 400-Sets... | vintageparts.eu gefunden von Product-Guide.org\" \/>\n<meta name=\"robots\" content=\"index, follow, max-snippet:-1, max-image-preview:large, max-video-preview:-1\" \/>\n<link rel=\"canonical\" href=\"https:\/\/product-guide.org\/en\/produkt\/set-nica-perlenmischung-schwarz-weistone-passend-zu-den-400-sets-vintageparts-eu\/\" \/>\n<meta property=\"og:locale\" content=\"en_GB\" \/>\n<meta property=\"og:type\" content=\"article\" \/>\n<meta property=\"og:title\" content=\"Set NICA Perlenmischung Schwarz- Wei\u00dft\u00f6ne, passend zu den 400-Sets... | vintageparts.eu | Product-Guide.org\" \/>\n<meta property=\"og:description\" content=\"Set NICA Perlenmischung Schwarz- Wei\u00dft\u00f6ne, passend zu den 400-Sets... | vintageparts.eu gefunden von Product-Guide.org\" \/>\n<meta property=\"og:url\" content=\"https:\/\/product-guide.org\/en\/produkt\/set-nica-perlenmischung-schwarz-weistone-passend-zu-den-400-sets-vintageparts-eu\/\" \/>\n<meta property=\"og:site_name\" content=\"Product-Guide.org\" \/>\n<meta name=\"twitter:card\" content=\"summary_large_image\" \/>\n<script type=\"application\/ld+json\" class=\"yoast-schema-graph\">{\"@context\":\"https:\/\/schema.org\",\"@graph\":[{\"@type\":\"WebPage\",\"@id\":\"https:\/\/product-guide.org\/produkt\/set-nica-perlenmischung-schwarz-weistone-passend-zu-den-400-sets-vintageparts-eu\/\",\"url\":\"https:\/\/product-guide.org\/produkt\/set-nica-perlenmischung-schwarz-weistone-passend-zu-den-400-sets-vintageparts-eu\/\",\"name\":\"Set NICA Perlenmischung Schwarz- Wei\u00dft\u00f6ne, passend zu den 400-Sets... | vintageparts.eu | Product-Guide.org\",\"isPartOf\":{\"@id\":\"https:\/\/product-guide.org\/#website\"},\"primaryImageOfPage\":{\"@id\":\"https:\/\/product-guide.org\/produkt\/set-nica-perlenmischung-schwarz-weistone-passend-zu-den-400-sets-vintageparts-eu\/#primaryimage\"},\"image\":{\"@id\":\"https:\/\/product-guide.org\/produkt\/set-nica-perlenmischung-schwarz-weistone-passend-zu-den-400-sets-vintageparts-eu\/#primaryimage\"},\"thumbnailUrl\":\"https:\/\/product-guide.org\/wp-content\/uploads\/2025\/03\/set-nica-perlenmischung-schwarz-weisstoene-passend-zu-den-400-sets-in-bronze-und-silber.jpg\",\"datePublished\":\"2025-03-17T09:30:45+00:00\",\"description\":\"Set NICA Perlenmischung Schwarz- Wei\u00dft\u00f6ne, passend zu den 400-Sets... | vintageparts.eu gefunden von Product-Guide.org\",\"breadcrumb\":{\"@id\":\"https:\/\/product-guide.org\/produkt\/set-nica-perlenmischung-schwarz-weistone-passend-zu-den-400-sets-vintageparts-eu\/#breadcrumb\"},\"inLanguage\":\"en-GB\",\"potentialAction\":[{\"@type\":\"ReadAction\",\"target\":[\"https:\/\/product-guide.org\/produkt\/set-nica-perlenmischung-schwarz-weistone-passend-zu-den-400-sets-vintageparts-eu\/\"]}]},{\"@type\":\"ImageObject\",\"inLanguage\":\"en-GB\",\"@id\":\"https:\/\/product-guide.org\/produkt\/set-nica-perlenmischung-schwarz-weistone-passend-zu-den-400-sets-vintageparts-eu\/#primaryimage\",\"url\":\"https:\/\/product-guide.org\/wp-content\/uploads\/2025\/03\/set-nica-perlenmischung-schwarz-weisstoene-passend-zu-den-400-sets-in-bronze-und-silber.jpg\",\"contentUrl\":\"https:\/\/product-guide.org\/wp-content\/uploads\/2025\/03\/set-nica-perlenmischung-schwarz-weisstoene-passend-zu-den-400-sets-in-bronze-und-silber.jpg\",\"width\":1136,\"height\":852},{\"@type\":\"BreadcrumbList\",\"@id\":\"https:\/\/product-guide.org\/produkt\/set-nica-perlenmischung-schwarz-weistone-passend-zu-den-400-sets-vintageparts-eu\/#breadcrumb\",\"itemListElement\":[{\"@type\":\"ListItem\",\"position\":1,\"name\":\"Home\",\"item\":\"https:\/\/product-guide.org\/\"},{\"@type\":\"ListItem\",\"position\":2,\"name\":\"Ergebnisse\",\"item\":\"https:\/\/product-guide.org\/de\/ergebnisse\/\"},{\"@type\":\"ListItem\",\"position\":3,\"name\":\"Set NICA Perlenmischung Schwarz- Wei\u00dft\u00f6ne, passend zu den 400-Sets&#8230; | vintageparts.eu\"}]},{\"@type\":\"WebSite\",\"@id\":\"https:\/\/product-guide.org\/#website\",\"url\":\"https:\/\/product-guide.org\/\",\"name\":\"Product-Guide.org\",\"description\":\"What Product are you looking for?\",\"publisher\":{\"@id\":\"https:\/\/product-guide.org\/#organization\"},\"potentialAction\":[{\"@type\":\"SearchAction\",\"target\":{\"@type\":\"EntryPoint\",\"urlTemplate\":\"https:\/\/product-guide.org\/?s={search_term_string}\"},\"query-input\":{\"@type\":\"PropertyValueSpecification\",\"valueRequired\":true,\"valueName\":\"search_term_string\"}}],\"inLanguage\":\"en-GB\"},{\"@type\":\"Organization\",\"@id\":\"https:\/\/product-guide.org\/#organization\",\"name\":\"Product-Guide.org\",\"url\":\"https:\/\/product-guide.org\/\",\"logo\":{\"@type\":\"ImageObject\",\"inLanguage\":\"en-GB\",\"@id\":\"https:\/\/product-guide.org\/#\/schema\/logo\/image\/\",\"url\":\"https:\/\/product-guide.org\/wp-content\/uploads\/2022\/07\/logo_transparent_background.png\",\"contentUrl\":\"https:\/\/product-guide.org\/wp-content\/uploads\/2022\/07\/logo_transparent_background.png\",\"width\":3400,\"height\":1132,\"caption\":\"Product-Guide.org\"},\"image\":{\"@id\":\"https:\/\/product-guide.org\/#\/schema\/logo\/image\/\"}}]}<\/script>\n<!-- \/ Yoast SEO plugin. -->","yoast_head_json":{"title":"Set NICA Perlenmischung Schwarz- Wei\u00dft\u00f6ne, passend zu den 400-Sets... | vintageparts.eu | Product-Guide.org","description":"Set NICA Perlenmischung Schwarz- Wei\u00dft\u00f6ne, passend zu den 400-Sets... | vintageparts.eu gefunden von Product-Guide.org","robots":{"index":"index","follow":"follow","max-snippet":"max-snippet:-1","max-image-preview":"max-image-preview:large","max-video-preview":"max-video-preview:-1"},"canonical":"https:\/\/product-guide.org\/en\/produkt\/set-nica-perlenmischung-schwarz-weistone-passend-zu-den-400-sets-vintageparts-eu\/","og_locale":"en_GB","og_type":"article","og_title":"Set NICA Perlenmischung Schwarz- Wei\u00dft\u00f6ne, passend zu den 400-Sets... | vintageparts.eu | Product-Guide.org","og_description":"Set NICA Perlenmischung Schwarz- Wei\u00dft\u00f6ne, passend zu den 400-Sets... | vintageparts.eu gefunden von Product-Guide.org","og_url":"https:\/\/product-guide.org\/en\/produkt\/set-nica-perlenmischung-schwarz-weistone-passend-zu-den-400-sets-vintageparts-eu\/","og_site_name":"Product-Guide.org","twitter_card":"summary_large_image","schema":{"@context":"https:\/\/schema.org","@graph":[{"@type":"WebPage","@id":"https:\/\/product-guide.org\/produkt\/set-nica-perlenmischung-schwarz-weistone-passend-zu-den-400-sets-vintageparts-eu\/","url":"https:\/\/product-guide.org\/produkt\/set-nica-perlenmischung-schwarz-weistone-passend-zu-den-400-sets-vintageparts-eu\/","name":"Set NICA Perlenmischung Schwarz- Wei\u00dft\u00f6ne, passend zu den 400-Sets... | vintageparts.eu | Product-Guide.org","isPartOf":{"@id":"https:\/\/product-guide.org\/#website"},"primaryImageOfPage":{"@id":"https:\/\/product-guide.org\/produkt\/set-nica-perlenmischung-schwarz-weistone-passend-zu-den-400-sets-vintageparts-eu\/#primaryimage"},"image":{"@id":"https:\/\/product-guide.org\/produkt\/set-nica-perlenmischung-schwarz-weistone-passend-zu-den-400-sets-vintageparts-eu\/#primaryimage"},"thumbnailUrl":"https:\/\/product-guide.org\/wp-content\/uploads\/2025\/03\/set-nica-perlenmischung-schwarz-weisstoene-passend-zu-den-400-sets-in-bronze-und-silber.jpg","datePublished":"2025-03-17T09:30:45+00:00","description":"Set NICA Perlenmischung Schwarz- Wei\u00dft\u00f6ne, passend zu den 400-Sets... | vintageparts.eu gefunden von Product-Guide.org","breadcrumb":{"@id":"https:\/\/product-guide.org\/produkt\/set-nica-perlenmischung-schwarz-weistone-passend-zu-den-400-sets-vintageparts-eu\/#breadcrumb"},"inLanguage":"en-GB","potentialAction":[{"@type":"ReadAction","target":["https:\/\/product-guide.org\/produkt\/set-nica-perlenmischung-schwarz-weistone-passend-zu-den-400-sets-vintageparts-eu\/"]}]},{"@type":"ImageObject","inLanguage":"en-GB","@id":"https:\/\/product-guide.org\/produkt\/set-nica-perlenmischung-schwarz-weistone-passend-zu-den-400-sets-vintageparts-eu\/#primaryimage","url":"https:\/\/product-guide.org\/wp-content\/uploads\/2025\/03\/set-nica-perlenmischung-schwarz-weisstoene-passend-zu-den-400-sets-in-bronze-und-silber.jpg","contentUrl":"https:\/\/product-guide.org\/wp-content\/uploads\/2025\/03\/set-nica-perlenmischung-schwarz-weisstoene-passend-zu-den-400-sets-in-bronze-und-silber.jpg","width":1136,"height":852},{"@type":"BreadcrumbList","@id":"https:\/\/product-guide.org\/produkt\/set-nica-perlenmischung-schwarz-weistone-passend-zu-den-400-sets-vintageparts-eu\/#breadcrumb","itemListElement":[{"@type":"ListItem","position":1,"name":"Home","item":"https:\/\/product-guide.org\/"},{"@type":"ListItem","position":2,"name":"Ergebnisse","item":"https:\/\/product-guide.org\/de\/ergebnisse\/"},{"@type":"ListItem","position":3,"name":"Set NICA Perlenmischung Schwarz- Wei\u00dft\u00f6ne, passend zu den 400-Sets&#8230; | vintageparts.eu"}]},{"@type":"WebSite","@id":"https:\/\/product-guide.org\/#website","url":"https:\/\/product-guide.org\/","name":"Product-Guide.org","description":"What Product are you looking for?","publisher":{"@id":"https:\/\/product-guide.org\/#organization"},"potentialAction":[{"@type":"SearchAction","target":{"@type":"EntryPoint","urlTemplate":"https:\/\/product-guide.org\/?s={search_term_string}"},"query-input":{"@type":"PropertyValueSpecification","valueRequired":true,"valueName":"search_term_string"}}],"inLanguage":"en-GB"},{"@type":"Organization","@id":"https:\/\/product-guide.org\/#organization","name":"Product-Guide.org","url":"https:\/\/product-guide.org\/","logo":{"@type":"ImageObject","inLanguage":"en-GB","@id":"https:\/\/product-guide.org\/#\/schema\/logo\/image\/","url":"https:\/\/product-guide.org\/wp-content\/uploads\/2022\/07\/logo_transparent_background.png","contentUrl":"https:\/\/product-guide.org\/wp-content\/uploads\/2022\/07\/logo_transparent_background.png","width":3400,"height":1132,"caption":"Product-Guide.org"},"image":{"@id":"https:\/\/product-guide.org\/#\/schema\/logo\/image\/"}}]}},"_links":{"self":[{"href":"https:\/\/product-guide.org\/en\/wp-json\/wp\/v2\/product\/48811","targetHints":{"allow":["GET"]}}],"collection":[{"href":"https:\/\/product-guide.org\/en\/wp-json\/wp\/v2\/product"}],"about":[{"href":"https:\/\/product-guide.org\/en\/wp-json\/wp\/v2\/types\/product"}],"wp:featuredmedia":[{"embeddable":true,"href":"https:\/\/product-guide.org\/en\/wp-json\/wp\/v2\/media\/48810"}],"wp:attachment":[{"href":"https:\/\/product-guide.org\/en\/wp-json\/wp\/v2\/media?parent=48811"}],"wp:term":[{"taxonomy":"store","embeddable":true,"href":"https:\/\/product-guide.org\/en\/wp-json\/wp\/v2\/store?post=48811"},{"taxonomy":"product_brand","embeddable":true,"href":"https:\/\/product-guide.org\/en\/wp-json\/wp\/v2\/product_brand?post=48811"},{"taxonomy":"product_cat","embeddable":true,"href":"https:\/\/product-guide.org\/en\/wp-json\/wp\/v2\/product_cat?post=48811"},{"taxonomy":"product_tag","embeddable":true,"href":"https:\/\/product-guide.org\/en\/wp-json\/wp\/v2\/product_tag?post=48811"}],"curies":[{"name":"wp","href":"https:\/\/api.w.org\/{rel}","templated":true}]}}