{"id":49040,"date":"2025-03-17T10:34:48","date_gmt":"2025-03-17T09:34:48","guid":{"rendered":"https:\/\/product-guide.org\/produkt\/roja-apex-eau-intense-edp-nat-spray-top-parfumerie\/"},"modified":"2025-03-17T10:34:48","modified_gmt":"2025-03-17T09:34:48","slug":"roja-apex-eau-intense-edp-nat-spray-top-parfumerie","status":"publish","type":"product","link":"https:\/\/product-guide.org\/en\/produkt\/roja-apex-eau-intense-edp-nat-spray-top-parfumerie\/","title":{"rendered":"ROJA Apex Eau Intense EdP Nat. Spray | Top Parf\u00fcmerie"},"content":{"rendered":"<p>Dieser leuchtende Chypr\u00e9-Akkord ist ein olfaktorisches Abenteuer in einem gr\u00fcnen Regenwald und entfaltet sich mit einer F\u00fclle nat\u00fcrlicher Duftnoten. Leuchtende Zitrusnoten er\u00f6ffnen eine Reise, bei der Sonnenstrahlen durch das Bl\u00e4tterdach der B\u00e4ume brechen und die Landschaft erhellen. Aus dem Boden sprie\u00dfen erdige Noten, die sich um Treibholz und Minze gruppieren und ein zerkl\u00fcftetes, gr\u00fcnes Terrain schaffen, das man durchqueren kann.<\/p>\n","protected":false},"excerpt":{"rendered":"<p>Dieser leuchtende Chypr\u00e9-Akkord ist ein olfaktorisches Abenteuer in einem gr\u00fcnen Regenwald und entfaltet sich mit einer F\u00fclle nat\u00fcrlicher Duftnoten. Leuchtende Zitrusnoten er\u00f6ffnen eine Reise, bei der Sonnenstrahlen durch das Bl\u00e4tterdach der B\u00e4ume brechen und die Landschaft erhellen. Aus dem Boden sprie\u00dfen erdige Noten, die sich um Treibholz und Minze gruppieren und ein zerkl\u00fcftetes, gr\u00fcnes Terrain [&hellip;]<\/p>\n","protected":false},"featured_media":49039,"template":"","meta":{"_gspb_post_css":""},"store":[],"product_brand":[1359],"product_cat":[1290],"product_tag":[],"class_list":{"0":"post-49040","1":"product","2":"type-product","3":"status-publish","4":"has-post-thumbnail","6":"product_brand-top-parfumerie","7":"product_cat-uncategorized","9":"first","10":"instock","11":"shipping-taxable","12":"purchasable","13":"product-type-simple"},"yoast_head":"<!-- This site is optimized with the Yoast SEO plugin v24.6 - https:\/\/yoast.com\/wordpress\/plugins\/seo\/ -->\n<title>ROJA Apex Eau Intense EdP Nat. Spray | Top Parf\u00fcmerie | Product-Guide.org<\/title>\n<meta name=\"description\" content=\"ROJA Apex Eau Intense EdP Nat. Spray | Top Parf\u00fcmerie gefunden von Product-Guide.org\" \/>\n<meta name=\"robots\" content=\"index, follow, max-snippet:-1, max-image-preview:large, max-video-preview:-1\" \/>\n<link rel=\"canonical\" href=\"https:\/\/product-guide.org\/en\/produkt\/roja-apex-eau-intense-edp-nat-spray-top-parfumerie\/\" \/>\n<meta property=\"og:locale\" content=\"en_GB\" \/>\n<meta property=\"og:type\" content=\"article\" \/>\n<meta property=\"og:title\" content=\"ROJA Apex Eau Intense EdP Nat. Spray | Top Parf\u00fcmerie | Product-Guide.org\" \/>\n<meta property=\"og:description\" content=\"ROJA Apex Eau Intense EdP Nat. Spray | Top Parf\u00fcmerie gefunden von Product-Guide.org\" \/>\n<meta property=\"og:url\" content=\"https:\/\/product-guide.org\/en\/produkt\/roja-apex-eau-intense-edp-nat-spray-top-parfumerie\/\" \/>\n<meta property=\"og:site_name\" content=\"Product-Guide.org\" \/>\n<meta name=\"twitter:card\" content=\"summary_large_image\" \/>\n<script type=\"application\/ld+json\" class=\"yoast-schema-graph\">{\"@context\":\"https:\/\/schema.org\",\"@graph\":[{\"@type\":\"WebPage\",\"@id\":\"https:\/\/product-guide.org\/produkt\/roja-apex-eau-intense-edp-nat-spray-top-parfumerie\/\",\"url\":\"https:\/\/product-guide.org\/produkt\/roja-apex-eau-intense-edp-nat-spray-top-parfumerie\/\",\"name\":\"ROJA Apex Eau Intense EdP Nat. Spray | Top Parf\u00fcmerie | Product-Guide.org\",\"isPartOf\":{\"@id\":\"https:\/\/product-guide.org\/#website\"},\"primaryImageOfPage\":{\"@id\":\"https:\/\/product-guide.org\/produkt\/roja-apex-eau-intense-edp-nat-spray-top-parfumerie\/#primaryimage\"},\"image\":{\"@id\":\"https:\/\/product-guide.org\/produkt\/roja-apex-eau-intense-edp-nat-spray-top-parfumerie\/#primaryimage\"},\"thumbnailUrl\":\"https:\/\/product-guide.org\/wp-content\/uploads\/2025\/03\/932771_5056663804368_051.png\",\"datePublished\":\"2025-03-17T09:34:48+00:00\",\"description\":\"ROJA Apex Eau Intense EdP Nat. Spray | Top Parf\u00fcmerie gefunden von Product-Guide.org\",\"breadcrumb\":{\"@id\":\"https:\/\/product-guide.org\/produkt\/roja-apex-eau-intense-edp-nat-spray-top-parfumerie\/#breadcrumb\"},\"inLanguage\":\"en-GB\",\"potentialAction\":[{\"@type\":\"ReadAction\",\"target\":[\"https:\/\/product-guide.org\/produkt\/roja-apex-eau-intense-edp-nat-spray-top-parfumerie\/\"]}]},{\"@type\":\"ImageObject\",\"inLanguage\":\"en-GB\",\"@id\":\"https:\/\/product-guide.org\/produkt\/roja-apex-eau-intense-edp-nat-spray-top-parfumerie\/#primaryimage\",\"url\":\"https:\/\/product-guide.org\/wp-content\/uploads\/2025\/03\/932771_5056663804368_051.png\",\"contentUrl\":\"https:\/\/product-guide.org\/wp-content\/uploads\/2025\/03\/932771_5056663804368_051.png\",\"width\":450,\"height\":600},{\"@type\":\"BreadcrumbList\",\"@id\":\"https:\/\/product-guide.org\/produkt\/roja-apex-eau-intense-edp-nat-spray-top-parfumerie\/#breadcrumb\",\"itemListElement\":[{\"@type\":\"ListItem\",\"position\":1,\"name\":\"Home\",\"item\":\"https:\/\/product-guide.org\/\"},{\"@type\":\"ListItem\",\"position\":2,\"name\":\"Ergebnisse\",\"item\":\"https:\/\/product-guide.org\/de\/ergebnisse\/\"},{\"@type\":\"ListItem\",\"position\":3,\"name\":\"ROJA Apex Eau Intense EdP Nat. Spray | Top Parf\u00fcmerie\"}]},{\"@type\":\"WebSite\",\"@id\":\"https:\/\/product-guide.org\/#website\",\"url\":\"https:\/\/product-guide.org\/\",\"name\":\"Product-Guide.org\",\"description\":\"What Product are you looking for?\",\"publisher\":{\"@id\":\"https:\/\/product-guide.org\/#organization\"},\"potentialAction\":[{\"@type\":\"SearchAction\",\"target\":{\"@type\":\"EntryPoint\",\"urlTemplate\":\"https:\/\/product-guide.org\/?s={search_term_string}\"},\"query-input\":{\"@type\":\"PropertyValueSpecification\",\"valueRequired\":true,\"valueName\":\"search_term_string\"}}],\"inLanguage\":\"en-GB\"},{\"@type\":\"Organization\",\"@id\":\"https:\/\/product-guide.org\/#organization\",\"name\":\"Product-Guide.org\",\"url\":\"https:\/\/product-guide.org\/\",\"logo\":{\"@type\":\"ImageObject\",\"inLanguage\":\"en-GB\",\"@id\":\"https:\/\/product-guide.org\/#\/schema\/logo\/image\/\",\"url\":\"https:\/\/product-guide.org\/wp-content\/uploads\/2022\/07\/logo_transparent_background.png\",\"contentUrl\":\"https:\/\/product-guide.org\/wp-content\/uploads\/2022\/07\/logo_transparent_background.png\",\"width\":3400,\"height\":1132,\"caption\":\"Product-Guide.org\"},\"image\":{\"@id\":\"https:\/\/product-guide.org\/#\/schema\/logo\/image\/\"}}]}<\/script>\n<!-- \/ Yoast SEO plugin. -->","yoast_head_json":{"title":"ROJA Apex Eau Intense EdP Nat. Spray | Top Parf\u00fcmerie | Product-Guide.org","description":"ROJA Apex Eau Intense EdP Nat. Spray | Top Parf\u00fcmerie gefunden von Product-Guide.org","robots":{"index":"index","follow":"follow","max-snippet":"max-snippet:-1","max-image-preview":"max-image-preview:large","max-video-preview":"max-video-preview:-1"},"canonical":"https:\/\/product-guide.org\/en\/produkt\/roja-apex-eau-intense-edp-nat-spray-top-parfumerie\/","og_locale":"en_GB","og_type":"article","og_title":"ROJA Apex Eau Intense EdP Nat. Spray | Top Parf\u00fcmerie | Product-Guide.org","og_description":"ROJA Apex Eau Intense EdP Nat. Spray | Top Parf\u00fcmerie gefunden von Product-Guide.org","og_url":"https:\/\/product-guide.org\/en\/produkt\/roja-apex-eau-intense-edp-nat-spray-top-parfumerie\/","og_site_name":"Product-Guide.org","twitter_card":"summary_large_image","schema":{"@context":"https:\/\/schema.org","@graph":[{"@type":"WebPage","@id":"https:\/\/product-guide.org\/produkt\/roja-apex-eau-intense-edp-nat-spray-top-parfumerie\/","url":"https:\/\/product-guide.org\/produkt\/roja-apex-eau-intense-edp-nat-spray-top-parfumerie\/","name":"ROJA Apex Eau Intense EdP Nat. Spray | Top Parf\u00fcmerie | Product-Guide.org","isPartOf":{"@id":"https:\/\/product-guide.org\/#website"},"primaryImageOfPage":{"@id":"https:\/\/product-guide.org\/produkt\/roja-apex-eau-intense-edp-nat-spray-top-parfumerie\/#primaryimage"},"image":{"@id":"https:\/\/product-guide.org\/produkt\/roja-apex-eau-intense-edp-nat-spray-top-parfumerie\/#primaryimage"},"thumbnailUrl":"https:\/\/product-guide.org\/wp-content\/uploads\/2025\/03\/932771_5056663804368_051.png","datePublished":"2025-03-17T09:34:48+00:00","description":"ROJA Apex Eau Intense EdP Nat. Spray | Top Parf\u00fcmerie gefunden von Product-Guide.org","breadcrumb":{"@id":"https:\/\/product-guide.org\/produkt\/roja-apex-eau-intense-edp-nat-spray-top-parfumerie\/#breadcrumb"},"inLanguage":"en-GB","potentialAction":[{"@type":"ReadAction","target":["https:\/\/product-guide.org\/produkt\/roja-apex-eau-intense-edp-nat-spray-top-parfumerie\/"]}]},{"@type":"ImageObject","inLanguage":"en-GB","@id":"https:\/\/product-guide.org\/produkt\/roja-apex-eau-intense-edp-nat-spray-top-parfumerie\/#primaryimage","url":"https:\/\/product-guide.org\/wp-content\/uploads\/2025\/03\/932771_5056663804368_051.png","contentUrl":"https:\/\/product-guide.org\/wp-content\/uploads\/2025\/03\/932771_5056663804368_051.png","width":450,"height":600},{"@type":"BreadcrumbList","@id":"https:\/\/product-guide.org\/produkt\/roja-apex-eau-intense-edp-nat-spray-top-parfumerie\/#breadcrumb","itemListElement":[{"@type":"ListItem","position":1,"name":"Home","item":"https:\/\/product-guide.org\/"},{"@type":"ListItem","position":2,"name":"Ergebnisse","item":"https:\/\/product-guide.org\/de\/ergebnisse\/"},{"@type":"ListItem","position":3,"name":"ROJA Apex Eau Intense EdP Nat. Spray | Top Parf\u00fcmerie"}]},{"@type":"WebSite","@id":"https:\/\/product-guide.org\/#website","url":"https:\/\/product-guide.org\/","name":"Product-Guide.org","description":"What Product are you looking for?","publisher":{"@id":"https:\/\/product-guide.org\/#organization"},"potentialAction":[{"@type":"SearchAction","target":{"@type":"EntryPoint","urlTemplate":"https:\/\/product-guide.org\/?s={search_term_string}"},"query-input":{"@type":"PropertyValueSpecification","valueRequired":true,"valueName":"search_term_string"}}],"inLanguage":"en-GB"},{"@type":"Organization","@id":"https:\/\/product-guide.org\/#organization","name":"Product-Guide.org","url":"https:\/\/product-guide.org\/","logo":{"@type":"ImageObject","inLanguage":"en-GB","@id":"https:\/\/product-guide.org\/#\/schema\/logo\/image\/","url":"https:\/\/product-guide.org\/wp-content\/uploads\/2022\/07\/logo_transparent_background.png","contentUrl":"https:\/\/product-guide.org\/wp-content\/uploads\/2022\/07\/logo_transparent_background.png","width":3400,"height":1132,"caption":"Product-Guide.org"},"image":{"@id":"https:\/\/product-guide.org\/#\/schema\/logo\/image\/"}}]}},"_links":{"self":[{"href":"https:\/\/product-guide.org\/en\/wp-json\/wp\/v2\/product\/49040","targetHints":{"allow":["GET"]}}],"collection":[{"href":"https:\/\/product-guide.org\/en\/wp-json\/wp\/v2\/product"}],"about":[{"href":"https:\/\/product-guide.org\/en\/wp-json\/wp\/v2\/types\/product"}],"wp:featuredmedia":[{"embeddable":true,"href":"https:\/\/product-guide.org\/en\/wp-json\/wp\/v2\/media\/49039"}],"wp:attachment":[{"href":"https:\/\/product-guide.org\/en\/wp-json\/wp\/v2\/media?parent=49040"}],"wp:term":[{"taxonomy":"store","embeddable":true,"href":"https:\/\/product-guide.org\/en\/wp-json\/wp\/v2\/store?post=49040"},{"taxonomy":"product_brand","embeddable":true,"href":"https:\/\/product-guide.org\/en\/wp-json\/wp\/v2\/product_brand?post=49040"},{"taxonomy":"product_cat","embeddable":true,"href":"https:\/\/product-guide.org\/en\/wp-json\/wp\/v2\/product_cat?post=49040"},{"taxonomy":"product_tag","embeddable":true,"href":"https:\/\/product-guide.org\/en\/wp-json\/wp\/v2\/product_tag?post=49040"}],"curies":[{"name":"wp","href":"https:\/\/api.w.org\/{rel}","templated":true}]}}