{"id":49042,"date":"2025-03-17T10:34:51","date_gmt":"2025-03-17T09:34:51","guid":{"rendered":"https:\/\/product-guide.org\/produkt\/simone-andreoli-tulum-junglescape-edp-nat-spray-top-parfumerie\/"},"modified":"2025-03-17T10:34:52","modified_gmt":"2025-03-17T09:34:52","slug":"simone-andreoli-tulum-junglescape-edp-nat-spray-top-parfumerie","status":"publish","type":"product","link":"https:\/\/product-guide.org\/en\/produkt\/simone-andreoli-tulum-junglescape-edp-nat-spray-top-parfumerie\/","title":{"rendered":"Simone Andreoli Tulum Junglescape EdP Nat.Spray | Top Parf\u00fcmerie"},"content":{"rendered":"<p>Ein \u00fcppiger, detailreicher tropischer Dschungel mit Blick auf das Meer. Lianen, widerstandsf\u00e4hige Str\u00e4ucher und \u00fcppiges Laub verdecken die strahlende Sonne in der \u00fcppigen Natur, durchdrungen vom salzigen Hauch des Windes. Exotische Fr\u00fcchte und s\u00fc\u00dfe gr\u00fcne Akzente verbinden sich mit einem spritzigen Margarita-Auftakt aus Limette, Meersalz und erfrischender Minze. Weiche Tiar\u00e9- und Ylang-Ylang-Bl\u00fcten verschmelzen mit zarten pflanzlichen Nuancen, die die intensive Sinnlichkeit von Yucat\u00e1n heraufbeschw\u00f6ren. Tulum Junglescape entf\u00fchrt Sie in die nat\u00fcrliche Wunderwelt der Halbinsel Yucat\u00e1n. Dieser raffinierte Duft entfaltet sich in einem frischen Zitrusakzent aus Limette und Minze, kombiniert mit Meersalz und gr\u00fcnem Tee. Zarte Tiar\u00e9- und Ylang-Ylang-Bl\u00fcten vereinen sich mit nat\u00fcrlichen \u00d6len zu einer olfaktorischen Reise durch den dichten tropischen Dschungel und das azurblaue Meer. W\u00e4hrend Sie die berauschenden floralen Noten war nehmen, sp\u00fcren Sie fast die W\u00e4rme der mexikanischen Sonne auf Ihrer Haut und h\u00f6ren das Rufen exotischer V\u00f6gel in den Baumgipfeln. Schlie\u00dfen Sie die Augen und stellen Sie sich vor, wie Sie einen Dschungelpfad entlanggehen, erf\u00fcllt vom Duft ungez\u00e4hmter Pflanzen und reifer tropischer Fr\u00fcchte. Die kostbaren Aromen von H\u00f6lzern erden Sie und heben gleichzeitig Ihre Stimmung, entf\u00fchren Sie an einen Ort der Ruhe und Freude, weit entfernt von den t\u00e4glichen Einfl\u00fcssen des Alltags. Tulum Junglescape ist der perfekte R\u00fcckzugsort in ein sinnliches tropisches Paradies, um eine neue, gl\u00fcckselige Ruhe zu finden und sich durch die D\u00fcfte der Natur verbunden zu f\u00fchlen.Der TagebucheintragEin dichter, verworrener Dschungel umh\u00fcllt die antike Maya-St\u00e4tte von Tulum. Lianen, dornige Str\u00e4ucher, Sukkulenten und tropische Pflanzen ranken soweit das Auge reicht und f\u00e4rben den Wald in irisierende und leuchtende Gr\u00fcnt\u00f6ne. Im Schatten dichtstehender B\u00e4ume, die ganz leise rascheln, h\u00f6rt man den Quetzal mit seinem farbenfrohen Fiederkleid fr\u00f6hlich rufen. Das intensive Echo des Waldes unter einer Sonne, die kaum durch das dichte Laub gefiltert wird. Der Meereswind zittert und hallt zwischen den starken, z\u00e4hen, majest\u00e4tischen \u00c4sten wider. Ein Orchester aus organischer Musik, die Stimme des Dschungels. Eine immersive Stille, die den Geist mit dem Lied der Erde regeneriert. Es ist, als w\u00fcrde man den Planeten atmen h\u00f6ren, die Ohren an seine Lungen gelegt, w\u00e4hrend das Leben gedeiht und sich vervielfacht.&#8221;&#8221;<\/p>\n","protected":false},"excerpt":{"rendered":"<p>Ein \u00fcppiger, detailreicher tropischer Dschungel mit Blick auf das Meer. Lianen, widerstandsf\u00e4hige Str\u00e4ucher und \u00fcppiges Laub verdecken die strahlende Sonne in der \u00fcppigen Natur, durchdrungen vom salzigen Hauch des Windes. Exotische Fr\u00fcchte und s\u00fc\u00dfe gr\u00fcne Akzente verbinden sich mit einem spritzigen Margarita-Auftakt aus Limette, Meersalz und erfrischender Minze. Weiche Tiar\u00e9- und Ylang-Ylang-Bl\u00fcten verschmelzen mit zarten [&hellip;]<\/p>\n","protected":false},"featured_media":49041,"template":"","meta":{"_gspb_post_css":""},"store":[],"product_brand":[1359],"product_cat":[1290],"product_tag":[],"class_list":{"0":"post-49042","1":"product","2":"type-product","3":"status-publish","4":"has-post-thumbnail","6":"product_brand-top-parfumerie","7":"product_cat-uncategorized","9":"first","10":"instock","11":"shipping-taxable","12":"purchasable","13":"product-type-simple"},"yoast_head":"<!-- This site is optimized with the Yoast SEO plugin v24.6 - https:\/\/yoast.com\/wordpress\/plugins\/seo\/ -->\n<title>Simone Andreoli Tulum Junglescape EdP Nat.Spray | Top Parf\u00fcmerie | Product-Guide.org<\/title>\n<meta name=\"description\" content=\"Simone Andreoli Tulum Junglescape EdP Nat.Spray | Top Parf\u00fcmerie gefunden von Product-Guide.org\" \/>\n<meta name=\"robots\" content=\"index, follow, max-snippet:-1, max-image-preview:large, max-video-preview:-1\" \/>\n<link rel=\"canonical\" href=\"https:\/\/product-guide.org\/en\/produkt\/simone-andreoli-tulum-junglescape-edp-nat-spray-top-parfumerie\/\" \/>\n<meta property=\"og:locale\" content=\"en_GB\" \/>\n<meta property=\"og:type\" content=\"article\" \/>\n<meta property=\"og:title\" content=\"Simone Andreoli Tulum Junglescape EdP Nat.Spray | Top Parf\u00fcmerie | Product-Guide.org\" \/>\n<meta property=\"og:description\" content=\"Simone Andreoli Tulum Junglescape EdP Nat.Spray | Top Parf\u00fcmerie gefunden von Product-Guide.org\" \/>\n<meta property=\"og:url\" content=\"https:\/\/product-guide.org\/en\/produkt\/simone-andreoli-tulum-junglescape-edp-nat-spray-top-parfumerie\/\" \/>\n<meta property=\"og:site_name\" content=\"Product-Guide.org\" \/>\n<meta property=\"article:modified_time\" content=\"2025-03-17T09:34:52+00:00\" \/>\n<meta name=\"twitter:card\" content=\"summary_large_image\" \/>\n<script type=\"application\/ld+json\" class=\"yoast-schema-graph\">{\"@context\":\"https:\/\/schema.org\",\"@graph\":[{\"@type\":\"WebPage\",\"@id\":\"https:\/\/product-guide.org\/produkt\/simone-andreoli-tulum-junglescape-edp-nat-spray-top-parfumerie\/\",\"url\":\"https:\/\/product-guide.org\/produkt\/simone-andreoli-tulum-junglescape-edp-nat-spray-top-parfumerie\/\",\"name\":\"Simone Andreoli Tulum Junglescape EdP Nat.Spray | Top Parf\u00fcmerie | Product-Guide.org\",\"isPartOf\":{\"@id\":\"https:\/\/product-guide.org\/#website\"},\"primaryImageOfPage\":{\"@id\":\"https:\/\/product-guide.org\/produkt\/simone-andreoli-tulum-junglescape-edp-nat-spray-top-parfumerie\/#primaryimage\"},\"image\":{\"@id\":\"https:\/\/product-guide.org\/produkt\/simone-andreoli-tulum-junglescape-edp-nat-spray-top-parfumerie\/#primaryimage\"},\"thumbnailUrl\":\"https:\/\/product-guide.org\/wp-content\/uploads\/2025\/03\/933175_933175_051.png\",\"datePublished\":\"2025-03-17T09:34:51+00:00\",\"dateModified\":\"2025-03-17T09:34:52+00:00\",\"description\":\"Simone Andreoli Tulum Junglescape EdP Nat.Spray | Top Parf\u00fcmerie gefunden von Product-Guide.org\",\"breadcrumb\":{\"@id\":\"https:\/\/product-guide.org\/produkt\/simone-andreoli-tulum-junglescape-edp-nat-spray-top-parfumerie\/#breadcrumb\"},\"inLanguage\":\"en-GB\",\"potentialAction\":[{\"@type\":\"ReadAction\",\"target\":[\"https:\/\/product-guide.org\/produkt\/simone-andreoli-tulum-junglescape-edp-nat-spray-top-parfumerie\/\"]}]},{\"@type\":\"ImageObject\",\"inLanguage\":\"en-GB\",\"@id\":\"https:\/\/product-guide.org\/produkt\/simone-andreoli-tulum-junglescape-edp-nat-spray-top-parfumerie\/#primaryimage\",\"url\":\"https:\/\/product-guide.org\/wp-content\/uploads\/2025\/03\/933175_933175_051.png\",\"contentUrl\":\"https:\/\/product-guide.org\/wp-content\/uploads\/2025\/03\/933175_933175_051.png\",\"width\":673,\"height\":600},{\"@type\":\"BreadcrumbList\",\"@id\":\"https:\/\/product-guide.org\/produkt\/simone-andreoli-tulum-junglescape-edp-nat-spray-top-parfumerie\/#breadcrumb\",\"itemListElement\":[{\"@type\":\"ListItem\",\"position\":1,\"name\":\"Home\",\"item\":\"https:\/\/product-guide.org\/\"},{\"@type\":\"ListItem\",\"position\":2,\"name\":\"Ergebnisse\",\"item\":\"https:\/\/product-guide.org\/de\/ergebnisse\/\"},{\"@type\":\"ListItem\",\"position\":3,\"name\":\"Simone Andreoli Tulum Junglescape EdP Nat.Spray | Top Parf\u00fcmerie\"}]},{\"@type\":\"WebSite\",\"@id\":\"https:\/\/product-guide.org\/#website\",\"url\":\"https:\/\/product-guide.org\/\",\"name\":\"Product-Guide.org\",\"description\":\"What Product are you looking for?\",\"publisher\":{\"@id\":\"https:\/\/product-guide.org\/#organization\"},\"potentialAction\":[{\"@type\":\"SearchAction\",\"target\":{\"@type\":\"EntryPoint\",\"urlTemplate\":\"https:\/\/product-guide.org\/?s={search_term_string}\"},\"query-input\":{\"@type\":\"PropertyValueSpecification\",\"valueRequired\":true,\"valueName\":\"search_term_string\"}}],\"inLanguage\":\"en-GB\"},{\"@type\":\"Organization\",\"@id\":\"https:\/\/product-guide.org\/#organization\",\"name\":\"Product-Guide.org\",\"url\":\"https:\/\/product-guide.org\/\",\"logo\":{\"@type\":\"ImageObject\",\"inLanguage\":\"en-GB\",\"@id\":\"https:\/\/product-guide.org\/#\/schema\/logo\/image\/\",\"url\":\"https:\/\/product-guide.org\/wp-content\/uploads\/2022\/07\/logo_transparent_background.png\",\"contentUrl\":\"https:\/\/product-guide.org\/wp-content\/uploads\/2022\/07\/logo_transparent_background.png\",\"width\":3400,\"height\":1132,\"caption\":\"Product-Guide.org\"},\"image\":{\"@id\":\"https:\/\/product-guide.org\/#\/schema\/logo\/image\/\"}}]}<\/script>\n<!-- \/ Yoast SEO plugin. -->","yoast_head_json":{"title":"Simone Andreoli Tulum Junglescape EdP Nat.Spray | Top Parf\u00fcmerie | Product-Guide.org","description":"Simone Andreoli Tulum Junglescape EdP Nat.Spray | Top Parf\u00fcmerie gefunden von Product-Guide.org","robots":{"index":"index","follow":"follow","max-snippet":"max-snippet:-1","max-image-preview":"max-image-preview:large","max-video-preview":"max-video-preview:-1"},"canonical":"https:\/\/product-guide.org\/en\/produkt\/simone-andreoli-tulum-junglescape-edp-nat-spray-top-parfumerie\/","og_locale":"en_GB","og_type":"article","og_title":"Simone Andreoli Tulum Junglescape EdP Nat.Spray | Top Parf\u00fcmerie | Product-Guide.org","og_description":"Simone Andreoli Tulum Junglescape EdP Nat.Spray | Top Parf\u00fcmerie gefunden von Product-Guide.org","og_url":"https:\/\/product-guide.org\/en\/produkt\/simone-andreoli-tulum-junglescape-edp-nat-spray-top-parfumerie\/","og_site_name":"Product-Guide.org","article_modified_time":"2025-03-17T09:34:52+00:00","twitter_card":"summary_large_image","schema":{"@context":"https:\/\/schema.org","@graph":[{"@type":"WebPage","@id":"https:\/\/product-guide.org\/produkt\/simone-andreoli-tulum-junglescape-edp-nat-spray-top-parfumerie\/","url":"https:\/\/product-guide.org\/produkt\/simone-andreoli-tulum-junglescape-edp-nat-spray-top-parfumerie\/","name":"Simone Andreoli Tulum Junglescape EdP Nat.Spray | Top Parf\u00fcmerie | Product-Guide.org","isPartOf":{"@id":"https:\/\/product-guide.org\/#website"},"primaryImageOfPage":{"@id":"https:\/\/product-guide.org\/produkt\/simone-andreoli-tulum-junglescape-edp-nat-spray-top-parfumerie\/#primaryimage"},"image":{"@id":"https:\/\/product-guide.org\/produkt\/simone-andreoli-tulum-junglescape-edp-nat-spray-top-parfumerie\/#primaryimage"},"thumbnailUrl":"https:\/\/product-guide.org\/wp-content\/uploads\/2025\/03\/933175_933175_051.png","datePublished":"2025-03-17T09:34:51+00:00","dateModified":"2025-03-17T09:34:52+00:00","description":"Simone Andreoli Tulum Junglescape EdP Nat.Spray | Top Parf\u00fcmerie gefunden von Product-Guide.org","breadcrumb":{"@id":"https:\/\/product-guide.org\/produkt\/simone-andreoli-tulum-junglescape-edp-nat-spray-top-parfumerie\/#breadcrumb"},"inLanguage":"en-GB","potentialAction":[{"@type":"ReadAction","target":["https:\/\/product-guide.org\/produkt\/simone-andreoli-tulum-junglescape-edp-nat-spray-top-parfumerie\/"]}]},{"@type":"ImageObject","inLanguage":"en-GB","@id":"https:\/\/product-guide.org\/produkt\/simone-andreoli-tulum-junglescape-edp-nat-spray-top-parfumerie\/#primaryimage","url":"https:\/\/product-guide.org\/wp-content\/uploads\/2025\/03\/933175_933175_051.png","contentUrl":"https:\/\/product-guide.org\/wp-content\/uploads\/2025\/03\/933175_933175_051.png","width":673,"height":600},{"@type":"BreadcrumbList","@id":"https:\/\/product-guide.org\/produkt\/simone-andreoli-tulum-junglescape-edp-nat-spray-top-parfumerie\/#breadcrumb","itemListElement":[{"@type":"ListItem","position":1,"name":"Home","item":"https:\/\/product-guide.org\/"},{"@type":"ListItem","position":2,"name":"Ergebnisse","item":"https:\/\/product-guide.org\/de\/ergebnisse\/"},{"@type":"ListItem","position":3,"name":"Simone Andreoli Tulum Junglescape EdP Nat.Spray | Top Parf\u00fcmerie"}]},{"@type":"WebSite","@id":"https:\/\/product-guide.org\/#website","url":"https:\/\/product-guide.org\/","name":"Product-Guide.org","description":"What Product are you looking for?","publisher":{"@id":"https:\/\/product-guide.org\/#organization"},"potentialAction":[{"@type":"SearchAction","target":{"@type":"EntryPoint","urlTemplate":"https:\/\/product-guide.org\/?s={search_term_string}"},"query-input":{"@type":"PropertyValueSpecification","valueRequired":true,"valueName":"search_term_string"}}],"inLanguage":"en-GB"},{"@type":"Organization","@id":"https:\/\/product-guide.org\/#organization","name":"Product-Guide.org","url":"https:\/\/product-guide.org\/","logo":{"@type":"ImageObject","inLanguage":"en-GB","@id":"https:\/\/product-guide.org\/#\/schema\/logo\/image\/","url":"https:\/\/product-guide.org\/wp-content\/uploads\/2022\/07\/logo_transparent_background.png","contentUrl":"https:\/\/product-guide.org\/wp-content\/uploads\/2022\/07\/logo_transparent_background.png","width":3400,"height":1132,"caption":"Product-Guide.org"},"image":{"@id":"https:\/\/product-guide.org\/#\/schema\/logo\/image\/"}}]}},"_links":{"self":[{"href":"https:\/\/product-guide.org\/en\/wp-json\/wp\/v2\/product\/49042","targetHints":{"allow":["GET"]}}],"collection":[{"href":"https:\/\/product-guide.org\/en\/wp-json\/wp\/v2\/product"}],"about":[{"href":"https:\/\/product-guide.org\/en\/wp-json\/wp\/v2\/types\/product"}],"wp:featuredmedia":[{"embeddable":true,"href":"https:\/\/product-guide.org\/en\/wp-json\/wp\/v2\/media\/49041"}],"wp:attachment":[{"href":"https:\/\/product-guide.org\/en\/wp-json\/wp\/v2\/media?parent=49042"}],"wp:term":[{"taxonomy":"store","embeddable":true,"href":"https:\/\/product-guide.org\/en\/wp-json\/wp\/v2\/store?post=49042"},{"taxonomy":"product_brand","embeddable":true,"href":"https:\/\/product-guide.org\/en\/wp-json\/wp\/v2\/product_brand?post=49042"},{"taxonomy":"product_cat","embeddable":true,"href":"https:\/\/product-guide.org\/en\/wp-json\/wp\/v2\/product_cat?post=49042"},{"taxonomy":"product_tag","embeddable":true,"href":"https:\/\/product-guide.org\/en\/wp-json\/wp\/v2\/product_tag?post=49042"}],"curies":[{"name":"wp","href":"https:\/\/api.w.org\/{rel}","templated":true}]}}