{"id":49063,"date":"2025-03-17T10:35:13","date_gmt":"2025-03-17T09:35:13","guid":{"rendered":"https:\/\/product-guide.org\/produkt\/omega-3-fischol-500ml-omega3zone-3\/"},"modified":"2025-03-17T10:35:14","modified_gmt":"2025-03-17T09:35:14","slug":"omega-3-fischol-500ml-omega3zone-3","status":"publish","type":"product","link":"https:\/\/product-guide.org\/en\/produkt\/omega-3-fischol-500ml-omega3zone-3\/","title":{"rendered":"Omega 3 Fisch\u00f6l | 500ml | omega3zone"},"content":{"rendered":"<p>omega3zone Premium Omega-3 Fisch\u00f6l fl\u00fcssig \u2013 Hochdosiert: 5400 mg pro Portion in Triglyceride-Form \u2013 Laborgepr\u00fcft, aufwendig gereinigt, deutsche Herstellung \u2013 500 ml * PR\u00c4VENTIV VORBEUGEN: * Hochdosiertes Omega 3 \u00d6l tr\u00e4gt nachweislich zum Erhalt eines normalen Blutdrucks, normaler Blutfettwerte sowie einer normalen Herz- und Gehirnfunktion bei * BESONDERS HOCHDOSIERT: * 5400 mg Omega-3 Triglyceride (davon: 2625 mg EPA und 1800 mg DHA) pro Tagesportion * Die hochwertige Triglycerid-Form wird besonders gut vom K\u00f6rper aufgenommen * FRISCHER GESCHMACK: * \u00dcberzeugend frischer Geschmack aus ausgew\u00e4hlten Aromen &#8211; ganz ohne fischigen Nachgeschmack, unangenehmes Aufsto\u00dfen oder Mundgeruch * ANWENDUNG: * Omega 3 \u00d6l wie Saft im K\u00fchlschrank lagern * T\u00e4glich 15ml als Nahrungserg\u00e4nzungsmittel pur vom Messl\u00f6ffel oder in einem Jogurt unterger\u00fchrt verzehren * Die Flasche enth\u00e4lt 33 Portionen * HERGESTELLT IN DEUTSCHLAND: * Von Schadstoffen, PCB und Schwermetallen g<\/p>\n","protected":false},"excerpt":{"rendered":"<p>omega3zone Premium Omega-3 Fisch\u00f6l fl\u00fcssig \u2013 Hochdosiert: 5400 mg pro Portion in Triglyceride-Form \u2013 Laborgepr\u00fcft, aufwendig gereinigt, deutsche Herstellung \u2013 500 ml * PR\u00c4VENTIV VORBEUGEN: * Hochdosiertes Omega 3 \u00d6l tr\u00e4gt nachweislich zum Erhalt eines normalen Blutdrucks, normaler Blutfettwerte sowie einer normalen Herz- und Gehirnfunktion bei * BESONDERS HOCHDOSIERT: * 5400 mg Omega-3 Triglyceride (davon: [&hellip;]<\/p>\n","protected":false},"featured_media":49060,"template":"","meta":{"_gspb_post_css":""},"store":[],"product_brand":[1362],"product_cat":[1290],"product_tag":[],"class_list":{"0":"post-49063","1":"product","2":"type-product","3":"status-publish","4":"has-post-thumbnail","6":"product_brand-omega3zone","7":"product_cat-uncategorized","9":"first","10":"instock","11":"shipping-taxable","12":"purchasable","13":"product-type-simple"},"yoast_head":"<!-- This site is optimized with the Yoast SEO plugin v24.6 - https:\/\/yoast.com\/wordpress\/plugins\/seo\/ -->\n<title>Omega 3 Fisch\u00f6l | 500ml | omega3zone | Product-Guide.org<\/title>\n<meta name=\"description\" content=\"Omega 3 Fisch\u00f6l | 500ml | omega3zone gefunden von Product-Guide.org\" \/>\n<meta name=\"robots\" content=\"index, follow, max-snippet:-1, max-image-preview:large, max-video-preview:-1\" \/>\n<link rel=\"canonical\" href=\"https:\/\/product-guide.org\/en\/produkt\/omega-3-fischol-500ml-omega3zone-3\/\" \/>\n<meta property=\"og:locale\" content=\"en_GB\" \/>\n<meta property=\"og:type\" content=\"article\" \/>\n<meta property=\"og:title\" content=\"Omega 3 Fisch\u00f6l | 500ml | omega3zone | Product-Guide.org\" \/>\n<meta property=\"og:description\" content=\"Omega 3 Fisch\u00f6l | 500ml | omega3zone gefunden von Product-Guide.org\" \/>\n<meta property=\"og:url\" content=\"https:\/\/product-guide.org\/en\/produkt\/omega-3-fischol-500ml-omega3zone-3\/\" \/>\n<meta property=\"og:site_name\" content=\"Product-Guide.org\" \/>\n<meta property=\"article:modified_time\" content=\"2025-03-17T09:35:14+00:00\" \/>\n<meta name=\"twitter:card\" content=\"summary_large_image\" \/>\n<script type=\"application\/ld+json\" class=\"yoast-schema-graph\">{\"@context\":\"https:\/\/schema.org\",\"@graph\":[{\"@type\":\"WebPage\",\"@id\":\"https:\/\/product-guide.org\/produkt\/omega-3-fischol-500ml-omega3zone-3\/\",\"url\":\"https:\/\/product-guide.org\/produkt\/omega-3-fischol-500ml-omega3zone-3\/\",\"name\":\"Omega 3 Fisch\u00f6l | 500ml | omega3zone | Product-Guide.org\",\"isPartOf\":{\"@id\":\"https:\/\/product-guide.org\/#website\"},\"primaryImageOfPage\":{\"@id\":\"https:\/\/product-guide.org\/produkt\/omega-3-fischol-500ml-omega3zone-3\/#primaryimage\"},\"image\":{\"@id\":\"https:\/\/product-guide.org\/produkt\/omega-3-fischol-500ml-omega3zone-3\/#primaryimage\"},\"thumbnailUrl\":\"https:\/\/product-guide.org\/wp-content\/uploads\/2025\/03\/Fischoel_Produkt_1_1500.jpg\",\"datePublished\":\"2025-03-17T09:35:13+00:00\",\"dateModified\":\"2025-03-17T09:35:14+00:00\",\"description\":\"Omega 3 Fisch\u00f6l | 500ml | omega3zone gefunden von Product-Guide.org\",\"breadcrumb\":{\"@id\":\"https:\/\/product-guide.org\/produkt\/omega-3-fischol-500ml-omega3zone-3\/#breadcrumb\"},\"inLanguage\":\"en-GB\",\"potentialAction\":[{\"@type\":\"ReadAction\",\"target\":[\"https:\/\/product-guide.org\/produkt\/omega-3-fischol-500ml-omega3zone-3\/\"]}]},{\"@type\":\"ImageObject\",\"inLanguage\":\"en-GB\",\"@id\":\"https:\/\/product-guide.org\/produkt\/omega-3-fischol-500ml-omega3zone-3\/#primaryimage\",\"url\":\"https:\/\/product-guide.org\/wp-content\/uploads\/2025\/03\/Fischoel_Produkt_1_1500.jpg\",\"contentUrl\":\"https:\/\/product-guide.org\/wp-content\/uploads\/2025\/03\/Fischoel_Produkt_1_1500.jpg\",\"width\":1500,\"height\":1500},{\"@type\":\"BreadcrumbList\",\"@id\":\"https:\/\/product-guide.org\/produkt\/omega-3-fischol-500ml-omega3zone-3\/#breadcrumb\",\"itemListElement\":[{\"@type\":\"ListItem\",\"position\":1,\"name\":\"Home\",\"item\":\"https:\/\/product-guide.org\/\"},{\"@type\":\"ListItem\",\"position\":2,\"name\":\"Ergebnisse\",\"item\":\"https:\/\/product-guide.org\/de\/ergebnisse\/\"},{\"@type\":\"ListItem\",\"position\":3,\"name\":\"Omega 3 Fisch\u00f6l | 500ml | omega3zone\"}]},{\"@type\":\"WebSite\",\"@id\":\"https:\/\/product-guide.org\/#website\",\"url\":\"https:\/\/product-guide.org\/\",\"name\":\"Product-Guide.org\",\"description\":\"What Product are you looking for?\",\"publisher\":{\"@id\":\"https:\/\/product-guide.org\/#organization\"},\"potentialAction\":[{\"@type\":\"SearchAction\",\"target\":{\"@type\":\"EntryPoint\",\"urlTemplate\":\"https:\/\/product-guide.org\/?s={search_term_string}\"},\"query-input\":{\"@type\":\"PropertyValueSpecification\",\"valueRequired\":true,\"valueName\":\"search_term_string\"}}],\"inLanguage\":\"en-GB\"},{\"@type\":\"Organization\",\"@id\":\"https:\/\/product-guide.org\/#organization\",\"name\":\"Product-Guide.org\",\"url\":\"https:\/\/product-guide.org\/\",\"logo\":{\"@type\":\"ImageObject\",\"inLanguage\":\"en-GB\",\"@id\":\"https:\/\/product-guide.org\/#\/schema\/logo\/image\/\",\"url\":\"https:\/\/product-guide.org\/wp-content\/uploads\/2022\/07\/logo_transparent_background.png\",\"contentUrl\":\"https:\/\/product-guide.org\/wp-content\/uploads\/2022\/07\/logo_transparent_background.png\",\"width\":3400,\"height\":1132,\"caption\":\"Product-Guide.org\"},\"image\":{\"@id\":\"https:\/\/product-guide.org\/#\/schema\/logo\/image\/\"}}]}<\/script>\n<!-- \/ Yoast SEO plugin. -->","yoast_head_json":{"title":"Omega 3 Fisch\u00f6l | 500ml | omega3zone | Product-Guide.org","description":"Omega 3 Fisch\u00f6l | 500ml | omega3zone gefunden von Product-Guide.org","robots":{"index":"index","follow":"follow","max-snippet":"max-snippet:-1","max-image-preview":"max-image-preview:large","max-video-preview":"max-video-preview:-1"},"canonical":"https:\/\/product-guide.org\/en\/produkt\/omega-3-fischol-500ml-omega3zone-3\/","og_locale":"en_GB","og_type":"article","og_title":"Omega 3 Fisch\u00f6l | 500ml | omega3zone | Product-Guide.org","og_description":"Omega 3 Fisch\u00f6l | 500ml | omega3zone gefunden von Product-Guide.org","og_url":"https:\/\/product-guide.org\/en\/produkt\/omega-3-fischol-500ml-omega3zone-3\/","og_site_name":"Product-Guide.org","article_modified_time":"2025-03-17T09:35:14+00:00","twitter_card":"summary_large_image","schema":{"@context":"https:\/\/schema.org","@graph":[{"@type":"WebPage","@id":"https:\/\/product-guide.org\/produkt\/omega-3-fischol-500ml-omega3zone-3\/","url":"https:\/\/product-guide.org\/produkt\/omega-3-fischol-500ml-omega3zone-3\/","name":"Omega 3 Fisch\u00f6l | 500ml | omega3zone | Product-Guide.org","isPartOf":{"@id":"https:\/\/product-guide.org\/#website"},"primaryImageOfPage":{"@id":"https:\/\/product-guide.org\/produkt\/omega-3-fischol-500ml-omega3zone-3\/#primaryimage"},"image":{"@id":"https:\/\/product-guide.org\/produkt\/omega-3-fischol-500ml-omega3zone-3\/#primaryimage"},"thumbnailUrl":"https:\/\/product-guide.org\/wp-content\/uploads\/2025\/03\/Fischoel_Produkt_1_1500.jpg","datePublished":"2025-03-17T09:35:13+00:00","dateModified":"2025-03-17T09:35:14+00:00","description":"Omega 3 Fisch\u00f6l | 500ml | omega3zone gefunden von Product-Guide.org","breadcrumb":{"@id":"https:\/\/product-guide.org\/produkt\/omega-3-fischol-500ml-omega3zone-3\/#breadcrumb"},"inLanguage":"en-GB","potentialAction":[{"@type":"ReadAction","target":["https:\/\/product-guide.org\/produkt\/omega-3-fischol-500ml-omega3zone-3\/"]}]},{"@type":"ImageObject","inLanguage":"en-GB","@id":"https:\/\/product-guide.org\/produkt\/omega-3-fischol-500ml-omega3zone-3\/#primaryimage","url":"https:\/\/product-guide.org\/wp-content\/uploads\/2025\/03\/Fischoel_Produkt_1_1500.jpg","contentUrl":"https:\/\/product-guide.org\/wp-content\/uploads\/2025\/03\/Fischoel_Produkt_1_1500.jpg","width":1500,"height":1500},{"@type":"BreadcrumbList","@id":"https:\/\/product-guide.org\/produkt\/omega-3-fischol-500ml-omega3zone-3\/#breadcrumb","itemListElement":[{"@type":"ListItem","position":1,"name":"Home","item":"https:\/\/product-guide.org\/"},{"@type":"ListItem","position":2,"name":"Ergebnisse","item":"https:\/\/product-guide.org\/de\/ergebnisse\/"},{"@type":"ListItem","position":3,"name":"Omega 3 Fisch\u00f6l | 500ml | omega3zone"}]},{"@type":"WebSite","@id":"https:\/\/product-guide.org\/#website","url":"https:\/\/product-guide.org\/","name":"Product-Guide.org","description":"What Product are you looking for?","publisher":{"@id":"https:\/\/product-guide.org\/#organization"},"potentialAction":[{"@type":"SearchAction","target":{"@type":"EntryPoint","urlTemplate":"https:\/\/product-guide.org\/?s={search_term_string}"},"query-input":{"@type":"PropertyValueSpecification","valueRequired":true,"valueName":"search_term_string"}}],"inLanguage":"en-GB"},{"@type":"Organization","@id":"https:\/\/product-guide.org\/#organization","name":"Product-Guide.org","url":"https:\/\/product-guide.org\/","logo":{"@type":"ImageObject","inLanguage":"en-GB","@id":"https:\/\/product-guide.org\/#\/schema\/logo\/image\/","url":"https:\/\/product-guide.org\/wp-content\/uploads\/2022\/07\/logo_transparent_background.png","contentUrl":"https:\/\/product-guide.org\/wp-content\/uploads\/2022\/07\/logo_transparent_background.png","width":3400,"height":1132,"caption":"Product-Guide.org"},"image":{"@id":"https:\/\/product-guide.org\/#\/schema\/logo\/image\/"}}]}},"_links":{"self":[{"href":"https:\/\/product-guide.org\/en\/wp-json\/wp\/v2\/product\/49063","targetHints":{"allow":["GET"]}}],"collection":[{"href":"https:\/\/product-guide.org\/en\/wp-json\/wp\/v2\/product"}],"about":[{"href":"https:\/\/product-guide.org\/en\/wp-json\/wp\/v2\/types\/product"}],"wp:featuredmedia":[{"embeddable":true,"href":"https:\/\/product-guide.org\/en\/wp-json\/wp\/v2\/media\/49060"}],"wp:attachment":[{"href":"https:\/\/product-guide.org\/en\/wp-json\/wp\/v2\/media?parent=49063"}],"wp:term":[{"taxonomy":"store","embeddable":true,"href":"https:\/\/product-guide.org\/en\/wp-json\/wp\/v2\/store?post=49063"},{"taxonomy":"product_brand","embeddable":true,"href":"https:\/\/product-guide.org\/en\/wp-json\/wp\/v2\/product_brand?post=49063"},{"taxonomy":"product_cat","embeddable":true,"href":"https:\/\/product-guide.org\/en\/wp-json\/wp\/v2\/product_cat?post=49063"},{"taxonomy":"product_tag","embeddable":true,"href":"https:\/\/product-guide.org\/en\/wp-json\/wp\/v2\/product_tag?post=49063"}],"curies":[{"name":"wp","href":"https:\/\/api.w.org\/{rel}","templated":true}]}}