{"id":49069,"date":"2025-03-17T10:35:23","date_gmt":"2025-03-17T09:35:23","guid":{"rendered":"https:\/\/product-guide.org\/produkt\/monats-paket-omega3zone\/"},"modified":"2025-03-17T10:35:23","modified_gmt":"2025-03-17T09:35:23","slug":"monats-paket-omega3zone","status":"publish","type":"product","link":"https:\/\/product-guide.org\/en\/produkt\/monats-paket-omega3zone\/","title":{"rendered":"Monats-Paket | omega3zone"},"content":{"rendered":"<p>Unser Monats-Paket enth\u00e4lt: * 1x 500ml Omega-3 \u00d6l * 1x Elemental Magnesium Komplex * 1x kostenloses Deep Relax geschenkt Im Paket nur 74,99\u20ac statt regul\u00e4re 94,97\u20ac. Mit unserem Monatspaket sparst du also stolze 19,98\u20ac und bist immer einen ganzen Monat lang hervorragend versorgt. Das sagt Thiemo Osterhaus &#8211; der Arzt unseres Vertrauens und medizinischer Berater &#8211; \u00fcber unser Monats-Paket: Du suchst ein Monatspaket, das sinnvoll zusammengestellt ist und dir einige der wichtigsten Nahrungserg\u00e4nzungsmittel kosteng\u00fcnstig bietet? Dann ist das omega3zone Monatspaket genau das Richtige f\u00fcr dich! Wenn du mich noch nicht kennst \u2013 mein Name ist Thiemo Osterhaus und ich bin Arzt, Leiter der Medletics Academy und Experte f\u00fcr ganzheitliche Gesundheit. Das omega3zone Monatspaket bietet dir hochdosierte Omega-3 Fetts\u00e4uren, einen wirkungsstarken Magnesium-Komplex und ein effektives Melatonin-Sleep-Spray. Eine konstante Zufuhr an hochdosierten Omega-3 Fetts\u00e4uren ist essentiell f\u00fc<\/p>\n","protected":false},"excerpt":{"rendered":"<p>Unser Monats-Paket enth\u00e4lt: * 1x 500ml Omega-3 \u00d6l * 1x Elemental Magnesium Komplex * 1x kostenloses Deep Relax geschenkt Im Paket nur 74,99\u20ac statt regul\u00e4re 94,97\u20ac. Mit unserem Monatspaket sparst du also stolze 19,98\u20ac und bist immer einen ganzen Monat lang hervorragend versorgt. Das sagt Thiemo Osterhaus &#8211; der Arzt unseres Vertrauens und medizinischer Berater [&hellip;]<\/p>\n","protected":false},"featured_media":49068,"template":"","meta":{"_gspb_post_css":""},"store":[],"product_brand":[1362],"product_cat":[1290],"product_tag":[],"class_list":{"0":"post-49069","1":"product","2":"type-product","3":"status-publish","4":"has-post-thumbnail","6":"product_brand-omega3zone","7":"product_cat-uncategorized","9":"first","10":"instock","11":"shipping-taxable","12":"purchasable","13":"product-type-simple"},"yoast_head":"<!-- This site is optimized with the Yoast SEO plugin v24.6 - https:\/\/yoast.com\/wordpress\/plugins\/seo\/ -->\n<title>Monats-Paket | omega3zone | Product-Guide.org<\/title>\n<meta name=\"description\" content=\"Monats-Paket | omega3zone gefunden von Product-Guide.org\" \/>\n<meta name=\"robots\" content=\"index, follow, max-snippet:-1, max-image-preview:large, max-video-preview:-1\" \/>\n<link rel=\"canonical\" href=\"https:\/\/product-guide.org\/en\/produkt\/monats-paket-omega3zone\/\" \/>\n<meta property=\"og:locale\" content=\"en_GB\" \/>\n<meta property=\"og:type\" content=\"article\" \/>\n<meta property=\"og:title\" content=\"Monats-Paket | omega3zone | Product-Guide.org\" \/>\n<meta property=\"og:description\" content=\"Monats-Paket | omega3zone gefunden von Product-Guide.org\" \/>\n<meta property=\"og:url\" content=\"https:\/\/product-guide.org\/en\/produkt\/monats-paket-omega3zone\/\" \/>\n<meta property=\"og:site_name\" content=\"Product-Guide.org\" \/>\n<meta name=\"twitter:card\" content=\"summary_large_image\" \/>\n<script type=\"application\/ld+json\" class=\"yoast-schema-graph\">{\"@context\":\"https:\/\/schema.org\",\"@graph\":[{\"@type\":\"WebPage\",\"@id\":\"https:\/\/product-guide.org\/produkt\/monats-paket-omega3zone\/\",\"url\":\"https:\/\/product-guide.org\/produkt\/monats-paket-omega3zone\/\",\"name\":\"Monats-Paket | omega3zone | Product-Guide.org\",\"isPartOf\":{\"@id\":\"https:\/\/product-guide.org\/#website\"},\"primaryImageOfPage\":{\"@id\":\"https:\/\/product-guide.org\/produkt\/monats-paket-omega3zone\/#primaryimage\"},\"image\":{\"@id\":\"https:\/\/product-guide.org\/produkt\/monats-paket-omega3zone\/#primaryimage\"},\"thumbnailUrl\":\"https:\/\/product-guide.org\/wp-content\/uploads\/2025\/03\/omega3zone_trio_retouched_centered_1500_1500.jpg\",\"datePublished\":\"2025-03-17T09:35:23+00:00\",\"description\":\"Monats-Paket | omega3zone gefunden von Product-Guide.org\",\"breadcrumb\":{\"@id\":\"https:\/\/product-guide.org\/produkt\/monats-paket-omega3zone\/#breadcrumb\"},\"inLanguage\":\"en-GB\",\"potentialAction\":[{\"@type\":\"ReadAction\",\"target\":[\"https:\/\/product-guide.org\/produkt\/monats-paket-omega3zone\/\"]}]},{\"@type\":\"ImageObject\",\"inLanguage\":\"en-GB\",\"@id\":\"https:\/\/product-guide.org\/produkt\/monats-paket-omega3zone\/#primaryimage\",\"url\":\"https:\/\/product-guide.org\/wp-content\/uploads\/2025\/03\/omega3zone_trio_retouched_centered_1500_1500.jpg\",\"contentUrl\":\"https:\/\/product-guide.org\/wp-content\/uploads\/2025\/03\/omega3zone_trio_retouched_centered_1500_1500.jpg\",\"width\":1500,\"height\":1500},{\"@type\":\"BreadcrumbList\",\"@id\":\"https:\/\/product-guide.org\/produkt\/monats-paket-omega3zone\/#breadcrumb\",\"itemListElement\":[{\"@type\":\"ListItem\",\"position\":1,\"name\":\"Home\",\"item\":\"https:\/\/product-guide.org\/\"},{\"@type\":\"ListItem\",\"position\":2,\"name\":\"Ergebnisse\",\"item\":\"https:\/\/product-guide.org\/de\/ergebnisse\/\"},{\"@type\":\"ListItem\",\"position\":3,\"name\":\"Monats-Paket | omega3zone\"}]},{\"@type\":\"WebSite\",\"@id\":\"https:\/\/product-guide.org\/#website\",\"url\":\"https:\/\/product-guide.org\/\",\"name\":\"Product-Guide.org\",\"description\":\"What Product are you looking for?\",\"publisher\":{\"@id\":\"https:\/\/product-guide.org\/#organization\"},\"potentialAction\":[{\"@type\":\"SearchAction\",\"target\":{\"@type\":\"EntryPoint\",\"urlTemplate\":\"https:\/\/product-guide.org\/?s={search_term_string}\"},\"query-input\":{\"@type\":\"PropertyValueSpecification\",\"valueRequired\":true,\"valueName\":\"search_term_string\"}}],\"inLanguage\":\"en-GB\"},{\"@type\":\"Organization\",\"@id\":\"https:\/\/product-guide.org\/#organization\",\"name\":\"Product-Guide.org\",\"url\":\"https:\/\/product-guide.org\/\",\"logo\":{\"@type\":\"ImageObject\",\"inLanguage\":\"en-GB\",\"@id\":\"https:\/\/product-guide.org\/#\/schema\/logo\/image\/\",\"url\":\"https:\/\/product-guide.org\/wp-content\/uploads\/2022\/07\/logo_transparent_background.png\",\"contentUrl\":\"https:\/\/product-guide.org\/wp-content\/uploads\/2022\/07\/logo_transparent_background.png\",\"width\":3400,\"height\":1132,\"caption\":\"Product-Guide.org\"},\"image\":{\"@id\":\"https:\/\/product-guide.org\/#\/schema\/logo\/image\/\"}}]}<\/script>\n<!-- \/ Yoast SEO plugin. -->","yoast_head_json":{"title":"Monats-Paket | omega3zone | Product-Guide.org","description":"Monats-Paket | omega3zone gefunden von Product-Guide.org","robots":{"index":"index","follow":"follow","max-snippet":"max-snippet:-1","max-image-preview":"max-image-preview:large","max-video-preview":"max-video-preview:-1"},"canonical":"https:\/\/product-guide.org\/en\/produkt\/monats-paket-omega3zone\/","og_locale":"en_GB","og_type":"article","og_title":"Monats-Paket | omega3zone | Product-Guide.org","og_description":"Monats-Paket | omega3zone gefunden von Product-Guide.org","og_url":"https:\/\/product-guide.org\/en\/produkt\/monats-paket-omega3zone\/","og_site_name":"Product-Guide.org","twitter_card":"summary_large_image","schema":{"@context":"https:\/\/schema.org","@graph":[{"@type":"WebPage","@id":"https:\/\/product-guide.org\/produkt\/monats-paket-omega3zone\/","url":"https:\/\/product-guide.org\/produkt\/monats-paket-omega3zone\/","name":"Monats-Paket | omega3zone | Product-Guide.org","isPartOf":{"@id":"https:\/\/product-guide.org\/#website"},"primaryImageOfPage":{"@id":"https:\/\/product-guide.org\/produkt\/monats-paket-omega3zone\/#primaryimage"},"image":{"@id":"https:\/\/product-guide.org\/produkt\/monats-paket-omega3zone\/#primaryimage"},"thumbnailUrl":"https:\/\/product-guide.org\/wp-content\/uploads\/2025\/03\/omega3zone_trio_retouched_centered_1500_1500.jpg","datePublished":"2025-03-17T09:35:23+00:00","description":"Monats-Paket | omega3zone gefunden von Product-Guide.org","breadcrumb":{"@id":"https:\/\/product-guide.org\/produkt\/monats-paket-omega3zone\/#breadcrumb"},"inLanguage":"en-GB","potentialAction":[{"@type":"ReadAction","target":["https:\/\/product-guide.org\/produkt\/monats-paket-omega3zone\/"]}]},{"@type":"ImageObject","inLanguage":"en-GB","@id":"https:\/\/product-guide.org\/produkt\/monats-paket-omega3zone\/#primaryimage","url":"https:\/\/product-guide.org\/wp-content\/uploads\/2025\/03\/omega3zone_trio_retouched_centered_1500_1500.jpg","contentUrl":"https:\/\/product-guide.org\/wp-content\/uploads\/2025\/03\/omega3zone_trio_retouched_centered_1500_1500.jpg","width":1500,"height":1500},{"@type":"BreadcrumbList","@id":"https:\/\/product-guide.org\/produkt\/monats-paket-omega3zone\/#breadcrumb","itemListElement":[{"@type":"ListItem","position":1,"name":"Home","item":"https:\/\/product-guide.org\/"},{"@type":"ListItem","position":2,"name":"Ergebnisse","item":"https:\/\/product-guide.org\/de\/ergebnisse\/"},{"@type":"ListItem","position":3,"name":"Monats-Paket | omega3zone"}]},{"@type":"WebSite","@id":"https:\/\/product-guide.org\/#website","url":"https:\/\/product-guide.org\/","name":"Product-Guide.org","description":"What Product are you looking for?","publisher":{"@id":"https:\/\/product-guide.org\/#organization"},"potentialAction":[{"@type":"SearchAction","target":{"@type":"EntryPoint","urlTemplate":"https:\/\/product-guide.org\/?s={search_term_string}"},"query-input":{"@type":"PropertyValueSpecification","valueRequired":true,"valueName":"search_term_string"}}],"inLanguage":"en-GB"},{"@type":"Organization","@id":"https:\/\/product-guide.org\/#organization","name":"Product-Guide.org","url":"https:\/\/product-guide.org\/","logo":{"@type":"ImageObject","inLanguage":"en-GB","@id":"https:\/\/product-guide.org\/#\/schema\/logo\/image\/","url":"https:\/\/product-guide.org\/wp-content\/uploads\/2022\/07\/logo_transparent_background.png","contentUrl":"https:\/\/product-guide.org\/wp-content\/uploads\/2022\/07\/logo_transparent_background.png","width":3400,"height":1132,"caption":"Product-Guide.org"},"image":{"@id":"https:\/\/product-guide.org\/#\/schema\/logo\/image\/"}}]}},"_links":{"self":[{"href":"https:\/\/product-guide.org\/en\/wp-json\/wp\/v2\/product\/49069","targetHints":{"allow":["GET"]}}],"collection":[{"href":"https:\/\/product-guide.org\/en\/wp-json\/wp\/v2\/product"}],"about":[{"href":"https:\/\/product-guide.org\/en\/wp-json\/wp\/v2\/types\/product"}],"wp:featuredmedia":[{"embeddable":true,"href":"https:\/\/product-guide.org\/en\/wp-json\/wp\/v2\/media\/49068"}],"wp:attachment":[{"href":"https:\/\/product-guide.org\/en\/wp-json\/wp\/v2\/media?parent=49069"}],"wp:term":[{"taxonomy":"store","embeddable":true,"href":"https:\/\/product-guide.org\/en\/wp-json\/wp\/v2\/store?post=49069"},{"taxonomy":"product_brand","embeddable":true,"href":"https:\/\/product-guide.org\/en\/wp-json\/wp\/v2\/product_brand?post=49069"},{"taxonomy":"product_cat","embeddable":true,"href":"https:\/\/product-guide.org\/en\/wp-json\/wp\/v2\/product_cat?post=49069"},{"taxonomy":"product_tag","embeddable":true,"href":"https:\/\/product-guide.org\/en\/wp-json\/wp\/v2\/product_tag?post=49069"}],"curies":[{"name":"wp","href":"https:\/\/api.w.org\/{rel}","templated":true}]}}