{"id":49121,"date":"2025-03-17T10:37:55","date_gmt":"2025-03-17T09:37:55","guid":{"rendered":"https:\/\/product-guide.org\/produkt\/green-energy-flow-fitness-woodsandwaves\/"},"modified":"2025-03-17T10:37:55","modified_gmt":"2025-03-17T09:37:55","slug":"green-energy-flow-fitness-woodsandwaves","status":"publish","type":"product","link":"https:\/\/product-guide.org\/en\/produkt\/green-energy-flow-fitness-woodsandwaves\/","title":{"rendered":"Green Energy Flow (Fitness) | WOODSANDWAVES"},"content":{"rendered":"<p>Unser Sporthandtuch vereint Style, Nachhaltigkeit und Funktion. Das ultraleichte, schnell trocknende Mikrofaser-Material ist ideal f\u00fcrs Fitnessstudio oder unterwegs. Mit Rei\u00dfverschlusstasche, Magnetclip und Ger\u00e4te\u00fcberzug ist es das perfekte Zubeh\u00f6r f\u00fcr Dein Workout. W\u00e4hle aus 13 einzigartigen Designs.<\/p>\n","protected":false},"excerpt":{"rendered":"<p>Unser Sporthandtuch vereint Style, Nachhaltigkeit und Funktion. Das ultraleichte, schnell trocknende Mikrofaser-Material ist ideal f\u00fcrs Fitnessstudio oder unterwegs. Mit Rei\u00dfverschlusstasche, Magnetclip und Ger\u00e4te\u00fcberzug ist es das perfekte Zubeh\u00f6r f\u00fcr Dein Workout. W\u00e4hle aus 13 einzigartigen Designs.<\/p>\n","protected":false},"featured_media":49120,"template":"","meta":{"_gspb_post_css":""},"store":[],"product_brand":[1363],"product_cat":[1290],"product_tag":[],"class_list":{"0":"post-49121","1":"product","2":"type-product","3":"status-publish","4":"has-post-thumbnail","6":"product_brand-woodsandwaves","7":"product_cat-uncategorized","9":"first","10":"instock","11":"shipping-taxable","12":"purchasable","13":"product-type-simple"},"yoast_head":"<!-- This site is optimized with the Yoast SEO plugin v24.6 - https:\/\/yoast.com\/wordpress\/plugins\/seo\/ -->\n<title>Green Energy Flow (Fitness) | WOODSANDWAVES | Product-Guide.org<\/title>\n<meta name=\"description\" content=\"Green Energy Flow (Fitness) | WOODSANDWAVES gefunden von Product-Guide.org\" \/>\n<meta name=\"robots\" content=\"index, follow, max-snippet:-1, max-image-preview:large, max-video-preview:-1\" \/>\n<link rel=\"canonical\" href=\"https:\/\/product-guide.org\/en\/produkt\/green-energy-flow-fitness-woodsandwaves\/\" \/>\n<meta property=\"og:locale\" content=\"en_GB\" \/>\n<meta property=\"og:type\" content=\"article\" \/>\n<meta property=\"og:title\" content=\"Green Energy Flow (Fitness) | WOODSANDWAVES | Product-Guide.org\" \/>\n<meta property=\"og:description\" content=\"Green Energy Flow (Fitness) | WOODSANDWAVES gefunden von Product-Guide.org\" \/>\n<meta property=\"og:url\" content=\"https:\/\/product-guide.org\/en\/produkt\/green-energy-flow-fitness-woodsandwaves\/\" \/>\n<meta property=\"og:site_name\" content=\"Product-Guide.org\" \/>\n<meta name=\"twitter:card\" content=\"summary_large_image\" \/>\n<script type=\"application\/ld+json\" class=\"yoast-schema-graph\">{\"@context\":\"https:\/\/schema.org\",\"@graph\":[{\"@type\":\"WebPage\",\"@id\":\"https:\/\/product-guide.org\/produkt\/green-energy-flow-fitness-woodsandwaves\/\",\"url\":\"https:\/\/product-guide.org\/produkt\/green-energy-flow-fitness-woodsandwaves\/\",\"name\":\"Green Energy Flow (Fitness) | WOODSANDWAVES | Product-Guide.org\",\"isPartOf\":{\"@id\":\"https:\/\/product-guide.org\/#website\"},\"primaryImageOfPage\":{\"@id\":\"https:\/\/product-guide.org\/produkt\/green-energy-flow-fitness-woodsandwaves\/#primaryimage\"},\"image\":{\"@id\":\"https:\/\/product-guide.org\/produkt\/green-energy-flow-fitness-woodsandwaves\/#primaryimage\"},\"thumbnailUrl\":\"https:\/\/product-guide.org\/wp-content\/uploads\/2025\/03\/kDa80V-scaled.jpg\",\"datePublished\":\"2025-03-17T09:37:55+00:00\",\"description\":\"Green Energy Flow (Fitness) | WOODSANDWAVES gefunden von Product-Guide.org\",\"breadcrumb\":{\"@id\":\"https:\/\/product-guide.org\/produkt\/green-energy-flow-fitness-woodsandwaves\/#breadcrumb\"},\"inLanguage\":\"en-GB\",\"potentialAction\":[{\"@type\":\"ReadAction\",\"target\":[\"https:\/\/product-guide.org\/produkt\/green-energy-flow-fitness-woodsandwaves\/\"]}]},{\"@type\":\"ImageObject\",\"inLanguage\":\"en-GB\",\"@id\":\"https:\/\/product-guide.org\/produkt\/green-energy-flow-fitness-woodsandwaves\/#primaryimage\",\"url\":\"https:\/\/product-guide.org\/wp-content\/uploads\/2025\/03\/kDa80V-scaled.jpg\",\"contentUrl\":\"https:\/\/product-guide.org\/wp-content\/uploads\/2025\/03\/kDa80V-scaled.jpg\",\"width\":2560,\"height\":2560},{\"@type\":\"BreadcrumbList\",\"@id\":\"https:\/\/product-guide.org\/produkt\/green-energy-flow-fitness-woodsandwaves\/#breadcrumb\",\"itemListElement\":[{\"@type\":\"ListItem\",\"position\":1,\"name\":\"Home\",\"item\":\"https:\/\/product-guide.org\/\"},{\"@type\":\"ListItem\",\"position\":2,\"name\":\"Ergebnisse\",\"item\":\"https:\/\/product-guide.org\/de\/ergebnisse\/\"},{\"@type\":\"ListItem\",\"position\":3,\"name\":\"Green Energy Flow (Fitness) | WOODSANDWAVES\"}]},{\"@type\":\"WebSite\",\"@id\":\"https:\/\/product-guide.org\/#website\",\"url\":\"https:\/\/product-guide.org\/\",\"name\":\"Product-Guide.org\",\"description\":\"What Product are you looking for?\",\"publisher\":{\"@id\":\"https:\/\/product-guide.org\/#organization\"},\"potentialAction\":[{\"@type\":\"SearchAction\",\"target\":{\"@type\":\"EntryPoint\",\"urlTemplate\":\"https:\/\/product-guide.org\/?s={search_term_string}\"},\"query-input\":{\"@type\":\"PropertyValueSpecification\",\"valueRequired\":true,\"valueName\":\"search_term_string\"}}],\"inLanguage\":\"en-GB\"},{\"@type\":\"Organization\",\"@id\":\"https:\/\/product-guide.org\/#organization\",\"name\":\"Product-Guide.org\",\"url\":\"https:\/\/product-guide.org\/\",\"logo\":{\"@type\":\"ImageObject\",\"inLanguage\":\"en-GB\",\"@id\":\"https:\/\/product-guide.org\/#\/schema\/logo\/image\/\",\"url\":\"https:\/\/product-guide.org\/wp-content\/uploads\/2022\/07\/logo_transparent_background.png\",\"contentUrl\":\"https:\/\/product-guide.org\/wp-content\/uploads\/2022\/07\/logo_transparent_background.png\",\"width\":3400,\"height\":1132,\"caption\":\"Product-Guide.org\"},\"image\":{\"@id\":\"https:\/\/product-guide.org\/#\/schema\/logo\/image\/\"}}]}<\/script>\n<!-- \/ Yoast SEO plugin. -->","yoast_head_json":{"title":"Green Energy Flow (Fitness) | WOODSANDWAVES | Product-Guide.org","description":"Green Energy Flow (Fitness) | WOODSANDWAVES gefunden von Product-Guide.org","robots":{"index":"index","follow":"follow","max-snippet":"max-snippet:-1","max-image-preview":"max-image-preview:large","max-video-preview":"max-video-preview:-1"},"canonical":"https:\/\/product-guide.org\/en\/produkt\/green-energy-flow-fitness-woodsandwaves\/","og_locale":"en_GB","og_type":"article","og_title":"Green Energy Flow (Fitness) | WOODSANDWAVES | Product-Guide.org","og_description":"Green Energy Flow (Fitness) | WOODSANDWAVES gefunden von Product-Guide.org","og_url":"https:\/\/product-guide.org\/en\/produkt\/green-energy-flow-fitness-woodsandwaves\/","og_site_name":"Product-Guide.org","twitter_card":"summary_large_image","schema":{"@context":"https:\/\/schema.org","@graph":[{"@type":"WebPage","@id":"https:\/\/product-guide.org\/produkt\/green-energy-flow-fitness-woodsandwaves\/","url":"https:\/\/product-guide.org\/produkt\/green-energy-flow-fitness-woodsandwaves\/","name":"Green Energy Flow (Fitness) | WOODSANDWAVES | Product-Guide.org","isPartOf":{"@id":"https:\/\/product-guide.org\/#website"},"primaryImageOfPage":{"@id":"https:\/\/product-guide.org\/produkt\/green-energy-flow-fitness-woodsandwaves\/#primaryimage"},"image":{"@id":"https:\/\/product-guide.org\/produkt\/green-energy-flow-fitness-woodsandwaves\/#primaryimage"},"thumbnailUrl":"https:\/\/product-guide.org\/wp-content\/uploads\/2025\/03\/kDa80V-scaled.jpg","datePublished":"2025-03-17T09:37:55+00:00","description":"Green Energy Flow (Fitness) | WOODSANDWAVES gefunden von Product-Guide.org","breadcrumb":{"@id":"https:\/\/product-guide.org\/produkt\/green-energy-flow-fitness-woodsandwaves\/#breadcrumb"},"inLanguage":"en-GB","potentialAction":[{"@type":"ReadAction","target":["https:\/\/product-guide.org\/produkt\/green-energy-flow-fitness-woodsandwaves\/"]}]},{"@type":"ImageObject","inLanguage":"en-GB","@id":"https:\/\/product-guide.org\/produkt\/green-energy-flow-fitness-woodsandwaves\/#primaryimage","url":"https:\/\/product-guide.org\/wp-content\/uploads\/2025\/03\/kDa80V-scaled.jpg","contentUrl":"https:\/\/product-guide.org\/wp-content\/uploads\/2025\/03\/kDa80V-scaled.jpg","width":2560,"height":2560},{"@type":"BreadcrumbList","@id":"https:\/\/product-guide.org\/produkt\/green-energy-flow-fitness-woodsandwaves\/#breadcrumb","itemListElement":[{"@type":"ListItem","position":1,"name":"Home","item":"https:\/\/product-guide.org\/"},{"@type":"ListItem","position":2,"name":"Ergebnisse","item":"https:\/\/product-guide.org\/de\/ergebnisse\/"},{"@type":"ListItem","position":3,"name":"Green Energy Flow (Fitness) | WOODSANDWAVES"}]},{"@type":"WebSite","@id":"https:\/\/product-guide.org\/#website","url":"https:\/\/product-guide.org\/","name":"Product-Guide.org","description":"What Product are you looking for?","publisher":{"@id":"https:\/\/product-guide.org\/#organization"},"potentialAction":[{"@type":"SearchAction","target":{"@type":"EntryPoint","urlTemplate":"https:\/\/product-guide.org\/?s={search_term_string}"},"query-input":{"@type":"PropertyValueSpecification","valueRequired":true,"valueName":"search_term_string"}}],"inLanguage":"en-GB"},{"@type":"Organization","@id":"https:\/\/product-guide.org\/#organization","name":"Product-Guide.org","url":"https:\/\/product-guide.org\/","logo":{"@type":"ImageObject","inLanguage":"en-GB","@id":"https:\/\/product-guide.org\/#\/schema\/logo\/image\/","url":"https:\/\/product-guide.org\/wp-content\/uploads\/2022\/07\/logo_transparent_background.png","contentUrl":"https:\/\/product-guide.org\/wp-content\/uploads\/2022\/07\/logo_transparent_background.png","width":3400,"height":1132,"caption":"Product-Guide.org"},"image":{"@id":"https:\/\/product-guide.org\/#\/schema\/logo\/image\/"}}]}},"_links":{"self":[{"href":"https:\/\/product-guide.org\/en\/wp-json\/wp\/v2\/product\/49121","targetHints":{"allow":["GET"]}}],"collection":[{"href":"https:\/\/product-guide.org\/en\/wp-json\/wp\/v2\/product"}],"about":[{"href":"https:\/\/product-guide.org\/en\/wp-json\/wp\/v2\/types\/product"}],"wp:featuredmedia":[{"embeddable":true,"href":"https:\/\/product-guide.org\/en\/wp-json\/wp\/v2\/media\/49120"}],"wp:attachment":[{"href":"https:\/\/product-guide.org\/en\/wp-json\/wp\/v2\/media?parent=49121"}],"wp:term":[{"taxonomy":"store","embeddable":true,"href":"https:\/\/product-guide.org\/en\/wp-json\/wp\/v2\/store?post=49121"},{"taxonomy":"product_brand","embeddable":true,"href":"https:\/\/product-guide.org\/en\/wp-json\/wp\/v2\/product_brand?post=49121"},{"taxonomy":"product_cat","embeddable":true,"href":"https:\/\/product-guide.org\/en\/wp-json\/wp\/v2\/product_cat?post=49121"},{"taxonomy":"product_tag","embeddable":true,"href":"https:\/\/product-guide.org\/en\/wp-json\/wp\/v2\/product_tag?post=49121"}],"curies":[{"name":"wp","href":"https:\/\/api.w.org\/{rel}","templated":true}]}}