{"id":49177,"date":"2025-03-17T10:40:14","date_gmt":"2025-03-17T09:40:14","guid":{"rendered":"https:\/\/product-guide.org\/produkt\/schwalbe-reifen-marathon-plus-schwarz-reflex-16-20-24-26-28-28-28-x-150-40-622-ohne-schlauch-mszweirad\/"},"modified":"2025-03-17T10:40:14","modified_gmt":"2025-03-17T09:40:14","slug":"schwalbe-reifen-marathon-plus-schwarz-reflex-16-20-24-26-28-28-28-x-150-40-622-ohne-schlauch-mszweirad","status":"publish","type":"product","link":"https:\/\/product-guide.org\/en\/produkt\/schwalbe-reifen-marathon-plus-schwarz-reflex-16-20-24-26-28-28-28-x-150-40-622-ohne-schlauch-mszweirad\/","title":{"rendered":"Schwalbe Reifen Marathon Plus schwarz Reflex 16&#8243; 20&#8243; 24&#8243; 26&#8243; 28&#8243; &#8211; 28\u201c | 28 x 1,50 | 40-622 \/ Ohne Schlauch | MSZweirad"},"content":{"rendered":"<p>MARATHON PLUS Der Unplattbar-Reifen. Schwalbes meistverkauftes Modell. Der pannensicherste pneumatische Reifen, den es gibt. Neben dem \u00fcberragenden Pannenschutz \u00fcberzeugt er mit vielen inneren Werten: Rollwiderstand. Die patentierte, 5 mm starke SmartGuard Einlage hat gegen\u00fcber allen Nachahmer-Produkten einen deutlichen Vorteil im Rollwiderstand. Recycling. Auch im SmartGuard verwenden wir einen Anteil an recyceltem Gummi aus alten Latexprodukten. \u201eAnti-Aging\u201c Seitenwand. Ertr\u00e4gt die typischen \u00dcberlastungen durch zu geringen Luftdruck deutlich l\u00e4nger, bevor sie h\u00e4ssliche Risse bekommt. E-Bike Ready. Der Marathon Plus ist durch seine hervorragenden Eigenschaften eine ideale Wahl f\u00fcr E-Bikes (E-25). Die wichtigsten Gr\u00f6\u00dfen sind zudem f\u00fcr schnelle E-Bikes bis 50 km\/h getestet und zugelassen (E-50). Gr\u00f6\u00dfen Ausw\u00e4hlbar: 16&#8243; | 35-349 | 16 x 1,35 Zoll 20\u201c | 35-406 | 20 x 1,35 Zoll 20\u201c | 47-406 | 20 x 1,75 Zoll 24\u201c | 47-507 | 24 x 1,75 Zoll 26\u201c | 35-559 | 26 x 1,35 Zoll 26\u201c | 40-559 | 26 x 1,50 Zoll 26\u201c | 47-559 | 26 x 1,75 Zoll 26\u201c | 50-559 | 26 x 2,00 Zoll 28\u201c | 25-622 | 28 x 1,00 Zoll 28\u201c | 28-622 | 28 x 1,10 Zoll 28\u201c | 32-622 | 28 x 1,25 Zoll 28\u201c | 37-622 | 28 x 1,40 Zoll 28\u201c | 40-622 | 28 x 1,50 Zoll 28\u201c | 47-622 | 28 x 1,75 Zoll Maximallast pro Reifen: 16&#8243; | 35-349 | 16 x 1,35 Zoll | 65 kg 20\u201c | 35-406 | 20 x 1,35 Zoll | 70 kg 20\u201c | 47-406 | 20 x 1,75 Zoll | 80 kg 24\u201c | 47-507 | 24 x 1,75 Zoll | 95 kg 26\u201c | 35-559 | 26 x 1,35 Zoll | 85 kg 26\u201c | 40-559 | 26 x 1,50 Zoll | 100 kg 26\u201c | 47-559 | 26 x 1,75 Zoll | 109 kg 26\u201c | 50-559 | 26 x 2,00 Zoll | 118 kg 28\u201c | 25-622 | 28 x 1,00 Zoll | 75 kg 28\u201c | 28-622 | 28 x 1,10 Zoll | 85 kg 28\u201c | 32-622 | 28 x 1,25 Zoll | 90 kg 28\u201c | 37-622 | 28 x 1,40 Zoll | 95 kg 28\u201c | 40-622 | 28 x 1,50 Zoll | 100 kg 28\u201c | 47-622 | 28 x 1,75 Zoll | 115 kg Gewicht pro Reifen: 16&#8243; | 35-349 | 16 x 1,35 Zoll | 480 g 20\u201c | 35-406 | 20 x 1,35 Zoll | 560 g 20\u201c | 47-406 | 20 x 1,75 Zoll | 725 g 24\u201c | 47-507 | 24 x 1,75 Zoll | 920 g 26\u201c | 35-559 | 26 x 1,35 Zoll | 775 g 26\u201c | 40-559 | 26 x 1,50 Zoll | 870 g 26\u201c | 47-559 | 26 x 1,75 Zoll | 995 g 26\u201c | 50-559 | 26 x 2,00 Zoll | 1100 g 28\u201c | 25-622 | 28 x 1,00 Zoll | 595 g 28\u201c | 28-622 | 28 x 1,10 Zoll | 750 g 28\u201c | 32-622 | 28 x 1,25 Zoll | 810 g 28\u201c | 37-622 | 28 x 1,40 Zoll | 900 g 28\u201c | 40-622 | 28 x 1,50 Zoll | 960 g 28\u201c | 47-622 | 28 x 1,75 Zoll | 1100 g Luftdruck pro Reifen: 16&#8243; | 35-349 | 16 x 1,35 Zoll | 65-110 psi | 4.5 &#8211; 7.5 Bar 20\u201c | 35-406 | 20 x 1,35 Zoll | 65-100 psi | 4.5 &#8211; 7.0 Bar 20\u201c | 47-406 | 20 x 1,75 Zoll | 50-70 psi | 3.5 5.0 Bar 24\u201c | 47-507 | 24 x 1,75 Zoll | 45-70 psi | 3.0 &#8211; 5.0 Bar 26\u201c | 35-559 | 26 x 1,35 Zoll | 65-100 psi | 4.5 &#8211; 7.0 Bar 26\u201c | 40-559 | 26 x 1,50 Zoll | 55-95 psi | 4.0 &#8211; 6.5 Bar 26\u201c | 47-559 | 26 x 1,75 Zoll | 45-70 psi | 3.0 &#8211; 5.0 Bar 26\u201c | 50-559 | 26 x 2,00 Zoll | 30-70 psi | 2.0 &#8211; 5.0 Bar 28\u201c | 25-622 | 28 x 1,00 Zoll | 85-115 psi | 6.0 &#8211; 8.0 Bar 28\u201c | 28-622 | 28 x 1,10 Zoll | 80-110 psi | 5.5 &#8211; 7.5 Bar 28\u201c | 32-622 | 28 x 1,25 Zoll | 65-95 psi | 4.5 &#8211; 6.5 Bar 28\u201c | 37-622 | 28 x 1,40 Zoll | 55-85 psi | 4.0 &#8211; 6.0 Bar 28\u201c | 40-622 | 28 x 1,50 Zoll | 50-85 psi | 3.5 &#8211; 6.0 Bar 28\u201c | 47-622 | 28 x 1,75 Zoll | 45-70 psi | 3.0 &#8211; 5.0 Bar Lieferumfang: 1 x Schwalbe Marathon Plus Reifen in gew\u00e4hlter Gr\u00f6\u00dfe Optional 1 Schlauch in gew\u00e4hlter Ventilart<\/p>\n","protected":false},"excerpt":{"rendered":"<p>MARATHON PLUS Der Unplattbar-Reifen. Schwalbes meistverkauftes Modell. Der pannensicherste pneumatische Reifen, den es gibt. Neben dem \u00fcberragenden Pannenschutz \u00fcberzeugt er mit vielen inneren Werten: Rollwiderstand. Die patentierte, 5 mm starke SmartGuard Einlage hat gegen\u00fcber allen Nachahmer-Produkten einen deutlichen Vorteil im Rollwiderstand. Recycling. Auch im SmartGuard verwenden wir einen Anteil an recyceltem Gummi aus alten Latexprodukten. [&hellip;]<\/p>\n","protected":false},"featured_media":49176,"template":"","meta":{"_gspb_post_css":""},"store":[],"product_brand":[1364],"product_cat":[1290],"product_tag":[],"class_list":{"0":"post-49177","1":"product","2":"type-product","3":"status-publish","4":"has-post-thumbnail","6":"product_brand-mszweirad","7":"product_cat-uncategorized","9":"first","10":"instock","11":"shipping-taxable","12":"purchasable","13":"product-type-simple"},"yoast_head":"<!-- This site is optimized with the Yoast SEO plugin v24.6 - https:\/\/yoast.com\/wordpress\/plugins\/seo\/ -->\n<title>Schwalbe Reifen Marathon Plus schwarz Reflex 16&quot; 20&quot; 24&quot; 26&quot; 28&quot; - 28\u201c | 28 x 1,50 | 40-622 \/ Ohne Schlauch | MSZweirad | Product-Guide.org<\/title>\n<meta name=\"description\" content=\"Schwalbe Reifen Marathon Plus schwarz Reflex 16&quot; 20&quot; 24&quot; 26&quot; 28&quot; - 28\u201c | 28 x 1,50 | 40-622 \/ Ohne Schlauch | MSZweirad gefunden von Product-Guide.org\" \/>\n<meta name=\"robots\" content=\"index, follow, max-snippet:-1, max-image-preview:large, max-video-preview:-1\" \/>\n<link rel=\"canonical\" href=\"https:\/\/product-guide.org\/en\/produkt\/schwalbe-reifen-marathon-plus-schwarz-reflex-16-20-24-26-28-28-28-x-150-40-622-ohne-schlauch-mszweirad\/\" \/>\n<meta property=\"og:locale\" content=\"en_GB\" \/>\n<meta property=\"og:type\" content=\"article\" \/>\n<meta property=\"og:title\" content=\"Schwalbe Reifen Marathon Plus schwarz Reflex 16&quot; 20&quot; 24&quot; 26&quot; 28&quot; - 28\u201c | 28 x 1,50 | 40-622 \/ Ohne Schlauch | MSZweirad | Product-Guide.org\" \/>\n<meta property=\"og:description\" content=\"Schwalbe Reifen Marathon Plus schwarz Reflex 16&quot; 20&quot; 24&quot; 26&quot; 28&quot; - 28\u201c | 28 x 1,50 | 40-622 \/ Ohne Schlauch | MSZweirad gefunden von Product-Guide.org\" \/>\n<meta property=\"og:url\" content=\"https:\/\/product-guide.org\/en\/produkt\/schwalbe-reifen-marathon-plus-schwarz-reflex-16-20-24-26-28-28-28-x-150-40-622-ohne-schlauch-mszweirad\/\" \/>\n<meta property=\"og:site_name\" content=\"Product-Guide.org\" \/>\n<meta name=\"twitter:card\" content=\"summary_large_image\" \/>\n<script type=\"application\/ld+json\" class=\"yoast-schema-graph\">{\"@context\":\"https:\/\/schema.org\",\"@graph\":[{\"@type\":\"WebPage\",\"@id\":\"https:\/\/product-guide.org\/produkt\/schwalbe-reifen-marathon-plus-schwarz-reflex-16-20-24-26-28-28-28-x-150-40-622-ohne-schlauch-mszweirad\/\",\"url\":\"https:\/\/product-guide.org\/produkt\/schwalbe-reifen-marathon-plus-schwarz-reflex-16-20-24-26-28-28-28-x-150-40-622-ohne-schlauch-mszweirad\/\",\"name\":\"Schwalbe Reifen Marathon Plus schwarz Reflex 16\\\" 20\\\" 24\\\" 26\\\" 28\\\" - 28\u201c | 28 x 1,50 | 40-622 \/ Ohne Schlauch | MSZweirad | Product-Guide.org\",\"isPartOf\":{\"@id\":\"https:\/\/product-guide.org\/#website\"},\"primaryImageOfPage\":{\"@id\":\"https:\/\/product-guide.org\/produkt\/schwalbe-reifen-marathon-plus-schwarz-reflex-16-20-24-26-28-28-28-x-150-40-622-ohne-schlauch-mszweirad\/#primaryimage\"},\"image\":{\"@id\":\"https:\/\/product-guide.org\/produkt\/schwalbe-reifen-marathon-plus-schwarz-reflex-16-20-24-26-28-28-28-x-150-40-622-ohne-schlauch-mszweirad\/#primaryimage\"},\"thumbnailUrl\":\"https:\/\/product-guide.org\/wp-content\/uploads\/2025\/03\/g300899-1_320x.jpg\",\"datePublished\":\"2025-03-17T09:40:14+00:00\",\"description\":\"Schwalbe Reifen Marathon Plus schwarz Reflex 16\\\" 20\\\" 24\\\" 26\\\" 28\\\" - 28\u201c | 28 x 1,50 | 40-622 \/ Ohne Schlauch | MSZweirad gefunden von Product-Guide.org\",\"breadcrumb\":{\"@id\":\"https:\/\/product-guide.org\/produkt\/schwalbe-reifen-marathon-plus-schwarz-reflex-16-20-24-26-28-28-28-x-150-40-622-ohne-schlauch-mszweirad\/#breadcrumb\"},\"inLanguage\":\"en-GB\",\"potentialAction\":[{\"@type\":\"ReadAction\",\"target\":[\"https:\/\/product-guide.org\/produkt\/schwalbe-reifen-marathon-plus-schwarz-reflex-16-20-24-26-28-28-28-x-150-40-622-ohne-schlauch-mszweirad\/\"]}]},{\"@type\":\"ImageObject\",\"inLanguage\":\"en-GB\",\"@id\":\"https:\/\/product-guide.org\/produkt\/schwalbe-reifen-marathon-plus-schwarz-reflex-16-20-24-26-28-28-28-x-150-40-622-ohne-schlauch-mszweirad\/#primaryimage\",\"url\":\"https:\/\/product-guide.org\/wp-content\/uploads\/2025\/03\/g300899-1_320x.jpg\",\"contentUrl\":\"https:\/\/product-guide.org\/wp-content\/uploads\/2025\/03\/g300899-1_320x.jpg\",\"width\":320,\"height\":283},{\"@type\":\"BreadcrumbList\",\"@id\":\"https:\/\/product-guide.org\/produkt\/schwalbe-reifen-marathon-plus-schwarz-reflex-16-20-24-26-28-28-28-x-150-40-622-ohne-schlauch-mszweirad\/#breadcrumb\",\"itemListElement\":[{\"@type\":\"ListItem\",\"position\":1,\"name\":\"Home\",\"item\":\"https:\/\/product-guide.org\/\"},{\"@type\":\"ListItem\",\"position\":2,\"name\":\"Ergebnisse\",\"item\":\"https:\/\/product-guide.org\/de\/ergebnisse\/\"},{\"@type\":\"ListItem\",\"position\":3,\"name\":\"Schwalbe Reifen Marathon Plus schwarz Reflex 16&#8243; 20&#8243; 24&#8243; 26&#8243; 28&#8243; &#8211; 28\u201c | 28 x 1,50 | 40-622 \/ Ohne Schlauch | MSZweirad\"}]},{\"@type\":\"WebSite\",\"@id\":\"https:\/\/product-guide.org\/#website\",\"url\":\"https:\/\/product-guide.org\/\",\"name\":\"Product-Guide.org\",\"description\":\"What Product are you looking for?\",\"publisher\":{\"@id\":\"https:\/\/product-guide.org\/#organization\"},\"potentialAction\":[{\"@type\":\"SearchAction\",\"target\":{\"@type\":\"EntryPoint\",\"urlTemplate\":\"https:\/\/product-guide.org\/?s={search_term_string}\"},\"query-input\":{\"@type\":\"PropertyValueSpecification\",\"valueRequired\":true,\"valueName\":\"search_term_string\"}}],\"inLanguage\":\"en-GB\"},{\"@type\":\"Organization\",\"@id\":\"https:\/\/product-guide.org\/#organization\",\"name\":\"Product-Guide.org\",\"url\":\"https:\/\/product-guide.org\/\",\"logo\":{\"@type\":\"ImageObject\",\"inLanguage\":\"en-GB\",\"@id\":\"https:\/\/product-guide.org\/#\/schema\/logo\/image\/\",\"url\":\"https:\/\/product-guide.org\/wp-content\/uploads\/2022\/07\/logo_transparent_background.png\",\"contentUrl\":\"https:\/\/product-guide.org\/wp-content\/uploads\/2022\/07\/logo_transparent_background.png\",\"width\":3400,\"height\":1132,\"caption\":\"Product-Guide.org\"},\"image\":{\"@id\":\"https:\/\/product-guide.org\/#\/schema\/logo\/image\/\"}}]}<\/script>\n<!-- \/ Yoast SEO plugin. -->","yoast_head_json":{"title":"Schwalbe Reifen Marathon Plus schwarz Reflex 16\" 20\" 24\" 26\" 28\" - 28\u201c | 28 x 1,50 | 40-622 \/ Ohne Schlauch | MSZweirad | Product-Guide.org","description":"Schwalbe Reifen Marathon Plus schwarz Reflex 16\" 20\" 24\" 26\" 28\" - 28\u201c | 28 x 1,50 | 40-622 \/ Ohne Schlauch | MSZweirad gefunden von Product-Guide.org","robots":{"index":"index","follow":"follow","max-snippet":"max-snippet:-1","max-image-preview":"max-image-preview:large","max-video-preview":"max-video-preview:-1"},"canonical":"https:\/\/product-guide.org\/en\/produkt\/schwalbe-reifen-marathon-plus-schwarz-reflex-16-20-24-26-28-28-28-x-150-40-622-ohne-schlauch-mszweirad\/","og_locale":"en_GB","og_type":"article","og_title":"Schwalbe Reifen Marathon Plus schwarz Reflex 16\" 20\" 24\" 26\" 28\" - 28\u201c | 28 x 1,50 | 40-622 \/ Ohne Schlauch | MSZweirad | Product-Guide.org","og_description":"Schwalbe Reifen Marathon Plus schwarz Reflex 16\" 20\" 24\" 26\" 28\" - 28\u201c | 28 x 1,50 | 40-622 \/ Ohne Schlauch | MSZweirad gefunden von Product-Guide.org","og_url":"https:\/\/product-guide.org\/en\/produkt\/schwalbe-reifen-marathon-plus-schwarz-reflex-16-20-24-26-28-28-28-x-150-40-622-ohne-schlauch-mszweirad\/","og_site_name":"Product-Guide.org","twitter_card":"summary_large_image","schema":{"@context":"https:\/\/schema.org","@graph":[{"@type":"WebPage","@id":"https:\/\/product-guide.org\/produkt\/schwalbe-reifen-marathon-plus-schwarz-reflex-16-20-24-26-28-28-28-x-150-40-622-ohne-schlauch-mszweirad\/","url":"https:\/\/product-guide.org\/produkt\/schwalbe-reifen-marathon-plus-schwarz-reflex-16-20-24-26-28-28-28-x-150-40-622-ohne-schlauch-mszweirad\/","name":"Schwalbe Reifen Marathon Plus schwarz Reflex 16\" 20\" 24\" 26\" 28\" - 28\u201c | 28 x 1,50 | 40-622 \/ Ohne Schlauch | MSZweirad | Product-Guide.org","isPartOf":{"@id":"https:\/\/product-guide.org\/#website"},"primaryImageOfPage":{"@id":"https:\/\/product-guide.org\/produkt\/schwalbe-reifen-marathon-plus-schwarz-reflex-16-20-24-26-28-28-28-x-150-40-622-ohne-schlauch-mszweirad\/#primaryimage"},"image":{"@id":"https:\/\/product-guide.org\/produkt\/schwalbe-reifen-marathon-plus-schwarz-reflex-16-20-24-26-28-28-28-x-150-40-622-ohne-schlauch-mszweirad\/#primaryimage"},"thumbnailUrl":"https:\/\/product-guide.org\/wp-content\/uploads\/2025\/03\/g300899-1_320x.jpg","datePublished":"2025-03-17T09:40:14+00:00","description":"Schwalbe Reifen Marathon Plus schwarz Reflex 16\" 20\" 24\" 26\" 28\" - 28\u201c | 28 x 1,50 | 40-622 \/ Ohne Schlauch | MSZweirad gefunden von Product-Guide.org","breadcrumb":{"@id":"https:\/\/product-guide.org\/produkt\/schwalbe-reifen-marathon-plus-schwarz-reflex-16-20-24-26-28-28-28-x-150-40-622-ohne-schlauch-mszweirad\/#breadcrumb"},"inLanguage":"en-GB","potentialAction":[{"@type":"ReadAction","target":["https:\/\/product-guide.org\/produkt\/schwalbe-reifen-marathon-plus-schwarz-reflex-16-20-24-26-28-28-28-x-150-40-622-ohne-schlauch-mszweirad\/"]}]},{"@type":"ImageObject","inLanguage":"en-GB","@id":"https:\/\/product-guide.org\/produkt\/schwalbe-reifen-marathon-plus-schwarz-reflex-16-20-24-26-28-28-28-x-150-40-622-ohne-schlauch-mszweirad\/#primaryimage","url":"https:\/\/product-guide.org\/wp-content\/uploads\/2025\/03\/g300899-1_320x.jpg","contentUrl":"https:\/\/product-guide.org\/wp-content\/uploads\/2025\/03\/g300899-1_320x.jpg","width":320,"height":283},{"@type":"BreadcrumbList","@id":"https:\/\/product-guide.org\/produkt\/schwalbe-reifen-marathon-plus-schwarz-reflex-16-20-24-26-28-28-28-x-150-40-622-ohne-schlauch-mszweirad\/#breadcrumb","itemListElement":[{"@type":"ListItem","position":1,"name":"Home","item":"https:\/\/product-guide.org\/"},{"@type":"ListItem","position":2,"name":"Ergebnisse","item":"https:\/\/product-guide.org\/de\/ergebnisse\/"},{"@type":"ListItem","position":3,"name":"Schwalbe Reifen Marathon Plus schwarz Reflex 16&#8243; 20&#8243; 24&#8243; 26&#8243; 28&#8243; &#8211; 28\u201c | 28 x 1,50 | 40-622 \/ Ohne Schlauch | MSZweirad"}]},{"@type":"WebSite","@id":"https:\/\/product-guide.org\/#website","url":"https:\/\/product-guide.org\/","name":"Product-Guide.org","description":"What Product are you looking for?","publisher":{"@id":"https:\/\/product-guide.org\/#organization"},"potentialAction":[{"@type":"SearchAction","target":{"@type":"EntryPoint","urlTemplate":"https:\/\/product-guide.org\/?s={search_term_string}"},"query-input":{"@type":"PropertyValueSpecification","valueRequired":true,"valueName":"search_term_string"}}],"inLanguage":"en-GB"},{"@type":"Organization","@id":"https:\/\/product-guide.org\/#organization","name":"Product-Guide.org","url":"https:\/\/product-guide.org\/","logo":{"@type":"ImageObject","inLanguage":"en-GB","@id":"https:\/\/product-guide.org\/#\/schema\/logo\/image\/","url":"https:\/\/product-guide.org\/wp-content\/uploads\/2022\/07\/logo_transparent_background.png","contentUrl":"https:\/\/product-guide.org\/wp-content\/uploads\/2022\/07\/logo_transparent_background.png","width":3400,"height":1132,"caption":"Product-Guide.org"},"image":{"@id":"https:\/\/product-guide.org\/#\/schema\/logo\/image\/"}}]}},"_links":{"self":[{"href":"https:\/\/product-guide.org\/en\/wp-json\/wp\/v2\/product\/49177","targetHints":{"allow":["GET"]}}],"collection":[{"href":"https:\/\/product-guide.org\/en\/wp-json\/wp\/v2\/product"}],"about":[{"href":"https:\/\/product-guide.org\/en\/wp-json\/wp\/v2\/types\/product"}],"wp:featuredmedia":[{"embeddable":true,"href":"https:\/\/product-guide.org\/en\/wp-json\/wp\/v2\/media\/49176"}],"wp:attachment":[{"href":"https:\/\/product-guide.org\/en\/wp-json\/wp\/v2\/media?parent=49177"}],"wp:term":[{"taxonomy":"store","embeddable":true,"href":"https:\/\/product-guide.org\/en\/wp-json\/wp\/v2\/store?post=49177"},{"taxonomy":"product_brand","embeddable":true,"href":"https:\/\/product-guide.org\/en\/wp-json\/wp\/v2\/product_brand?post=49177"},{"taxonomy":"product_cat","embeddable":true,"href":"https:\/\/product-guide.org\/en\/wp-json\/wp\/v2\/product_cat?post=49177"},{"taxonomy":"product_tag","embeddable":true,"href":"https:\/\/product-guide.org\/en\/wp-json\/wp\/v2\/product_tag?post=49177"}],"curies":[{"name":"wp","href":"https:\/\/api.w.org\/{rel}","templated":true}]}}