{"id":49207,"date":"2025-03-17T10:40:32","date_gmt":"2025-03-17T09:40:32","guid":{"rendered":"https:\/\/product-guide.org\/produkt\/winora-iride-pure-x10-mid-nile-blue-matt-black-matt-nile-blue-matt-black-matt-48-mszweirad\/"},"modified":"2025-03-17T10:40:32","modified_gmt":"2025-03-17T09:40:32","slug":"winora-iride-pure-x10-mid-nile-blue-matt-black-matt-nile-blue-matt-black-matt-48-mszweirad","status":"publish","type":"product","link":"https:\/\/product-guide.org\/en\/produkt\/winora-iride-pure-x10-mid-nile-blue-matt-black-matt-nile-blue-matt-black-matt-48-mszweirad\/","title":{"rendered":"WINORA iRide Pure X10 Mid nile blue matt, black matt &#8211; Nile Blue Matt, Black Matt \/ 48 | MSZweirad"},"content":{"rendered":"<p>Pures Fahrgef\u00fchl trifft pure Lebensfreude. Das Winora iRide Pure X10 ist dein sportlicher eLight Commuter f\u00fcr die City. Das eBike verf\u00fcgt \u00fcber ein besonders puristisches und elegantes Design inklusive integrierter Kabelf\u00fchrung und sportlicher -Rahmengeometrie. Dabei kommt es ganz ohne unn\u00fctze Spielereien aus \u2013 und garantiert ein bequemes und zugleich sicheres Fahrgef\u00fchl. Beim Beschleunigen unterst\u00fctzt dich das kompakte und kraftvolle Bosch Performance SX Motorsystem mitsamt entnehmbarem, 400 Wh starkem Akku. Bergauf und bergab findest du dank der flexiblen 10-fach-Kettenschaltung von Shimano jederzeit deine Komfortzone. Und wenn der Untergrund doch einmal ruppiger wird, schluckt die Federung an der Front unangenehme St\u00f6\u00dfe ganz einfach weg. Kurzum: Das iRide Pure X10 ist ein eBike, das Bewegung in deinen Alltag bringt und das dir selbst bei deinen t\u00e4glichen Erledigungen pure Fahrfreude vermitteln wird.<\/p>\n","protected":false},"excerpt":{"rendered":"<p>Pures Fahrgef\u00fchl trifft pure Lebensfreude. Das Winora iRide Pure X10 ist dein sportlicher eLight Commuter f\u00fcr die City. Das eBike verf\u00fcgt \u00fcber ein besonders puristisches und elegantes Design inklusive integrierter Kabelf\u00fchrung und sportlicher -Rahmengeometrie. Dabei kommt es ganz ohne unn\u00fctze Spielereien aus \u2013 und garantiert ein bequemes und zugleich sicheres Fahrgef\u00fchl. Beim Beschleunigen unterst\u00fctzt dich [&hellip;]<\/p>\n","protected":false},"featured_media":49206,"template":"","meta":{"_gspb_post_css":""},"store":[],"product_brand":[1364],"product_cat":[1290],"product_tag":[],"class_list":{"0":"post-49207","1":"product","2":"type-product","3":"status-publish","4":"has-post-thumbnail","6":"product_brand-mszweirad","7":"product_cat-uncategorized","9":"first","10":"instock","11":"shipping-taxable","12":"purchasable","13":"product-type-simple"},"yoast_head":"<!-- This site is optimized with the Yoast SEO plugin v24.6 - https:\/\/yoast.com\/wordpress\/plugins\/seo\/ -->\n<title>WINORA iRide Pure X10 Mid nile blue matt, black matt - Nile Blue Matt, Black Matt \/ 48 | MSZweirad | Product-Guide.org<\/title>\n<meta name=\"description\" content=\"WINORA iRide Pure X10 Mid nile blue matt, black matt - Nile Blue Matt, Black Matt \/ 48 | MSZweirad gefunden von Product-Guide.org\" \/>\n<meta name=\"robots\" content=\"index, follow, max-snippet:-1, max-image-preview:large, max-video-preview:-1\" \/>\n<link rel=\"canonical\" href=\"https:\/\/product-guide.org\/en\/produkt\/winora-iride-pure-x10-mid-nile-blue-matt-black-matt-nile-blue-matt-black-matt-48-mszweirad\/\" \/>\n<meta property=\"og:locale\" content=\"en_GB\" \/>\n<meta property=\"og:type\" content=\"article\" \/>\n<meta property=\"og:title\" content=\"WINORA iRide Pure X10 Mid nile blue matt, black matt - Nile Blue Matt, Black Matt \/ 48 | MSZweirad | Product-Guide.org\" \/>\n<meta property=\"og:description\" content=\"WINORA iRide Pure X10 Mid nile blue matt, black matt - Nile Blue Matt, Black Matt \/ 48 | MSZweirad gefunden von Product-Guide.org\" \/>\n<meta property=\"og:url\" content=\"https:\/\/product-guide.org\/en\/produkt\/winora-iride-pure-x10-mid-nile-blue-matt-black-matt-nile-blue-matt-black-matt-48-mszweirad\/\" \/>\n<meta property=\"og:site_name\" content=\"Product-Guide.org\" \/>\n<meta name=\"twitter:card\" content=\"summary_large_image\" \/>\n<script type=\"application\/ld+json\" class=\"yoast-schema-graph\">{\"@context\":\"https:\/\/schema.org\",\"@graph\":[{\"@type\":\"WebPage\",\"@id\":\"https:\/\/product-guide.org\/produkt\/winora-iride-pure-x10-mid-nile-blue-matt-black-matt-nile-blue-matt-black-matt-48-mszweirad\/\",\"url\":\"https:\/\/product-guide.org\/produkt\/winora-iride-pure-x10-mid-nile-blue-matt-black-matt-nile-blue-matt-black-matt-48-mszweirad\/\",\"name\":\"WINORA iRide Pure X10 Mid nile blue matt, black matt - Nile Blue Matt, Black Matt \/ 48 | MSZweirad | Product-Guide.org\",\"isPartOf\":{\"@id\":\"https:\/\/product-guide.org\/#website\"},\"primaryImageOfPage\":{\"@id\":\"https:\/\/product-guide.org\/produkt\/winora-iride-pure-x10-mid-nile-blue-matt-black-matt-nile-blue-matt-black-matt-48-mszweirad\/#primaryimage\"},\"image\":{\"@id\":\"https:\/\/product-guide.org\/produkt\/winora-iride-pure-x10-mid-nile-blue-matt-black-matt-nile-blue-matt-black-matt-48-mszweirad\/#primaryimage\"},\"thumbnailUrl\":\"https:\/\/product-guide.org\/wp-content\/uploads\/2025\/03\/winoramy24iride-pure-x10-midnile-blue-matt-black-matt275zoll90wpar2_320x.png\",\"datePublished\":\"2025-03-17T09:40:32+00:00\",\"description\":\"WINORA iRide Pure X10 Mid nile blue matt, black matt - Nile Blue Matt, Black Matt \/ 48 | MSZweirad gefunden von Product-Guide.org\",\"breadcrumb\":{\"@id\":\"https:\/\/product-guide.org\/produkt\/winora-iride-pure-x10-mid-nile-blue-matt-black-matt-nile-blue-matt-black-matt-48-mszweirad\/#breadcrumb\"},\"inLanguage\":\"en-GB\",\"potentialAction\":[{\"@type\":\"ReadAction\",\"target\":[\"https:\/\/product-guide.org\/produkt\/winora-iride-pure-x10-mid-nile-blue-matt-black-matt-nile-blue-matt-black-matt-48-mszweirad\/\"]}]},{\"@type\":\"ImageObject\",\"inLanguage\":\"en-GB\",\"@id\":\"https:\/\/product-guide.org\/produkt\/winora-iride-pure-x10-mid-nile-blue-matt-black-matt-nile-blue-matt-black-matt-48-mszweirad\/#primaryimage\",\"url\":\"https:\/\/product-guide.org\/wp-content\/uploads\/2025\/03\/winoramy24iride-pure-x10-midnile-blue-matt-black-matt275zoll90wpar2_320x.png\",\"contentUrl\":\"https:\/\/product-guide.org\/wp-content\/uploads\/2025\/03\/winoramy24iride-pure-x10-midnile-blue-matt-black-matt275zoll90wpar2_320x.png\",\"width\":320,\"height\":213},{\"@type\":\"BreadcrumbList\",\"@id\":\"https:\/\/product-guide.org\/produkt\/winora-iride-pure-x10-mid-nile-blue-matt-black-matt-nile-blue-matt-black-matt-48-mszweirad\/#breadcrumb\",\"itemListElement\":[{\"@type\":\"ListItem\",\"position\":1,\"name\":\"Home\",\"item\":\"https:\/\/product-guide.org\/\"},{\"@type\":\"ListItem\",\"position\":2,\"name\":\"Ergebnisse\",\"item\":\"https:\/\/product-guide.org\/de\/ergebnisse\/\"},{\"@type\":\"ListItem\",\"position\":3,\"name\":\"WINORA iRide Pure X10 Mid nile blue matt, black matt &#8211; Nile Blue Matt, Black Matt \/ 48 | MSZweirad\"}]},{\"@type\":\"WebSite\",\"@id\":\"https:\/\/product-guide.org\/#website\",\"url\":\"https:\/\/product-guide.org\/\",\"name\":\"Product-Guide.org\",\"description\":\"What Product are you looking for?\",\"publisher\":{\"@id\":\"https:\/\/product-guide.org\/#organization\"},\"potentialAction\":[{\"@type\":\"SearchAction\",\"target\":{\"@type\":\"EntryPoint\",\"urlTemplate\":\"https:\/\/product-guide.org\/?s={search_term_string}\"},\"query-input\":{\"@type\":\"PropertyValueSpecification\",\"valueRequired\":true,\"valueName\":\"search_term_string\"}}],\"inLanguage\":\"en-GB\"},{\"@type\":\"Organization\",\"@id\":\"https:\/\/product-guide.org\/#organization\",\"name\":\"Product-Guide.org\",\"url\":\"https:\/\/product-guide.org\/\",\"logo\":{\"@type\":\"ImageObject\",\"inLanguage\":\"en-GB\",\"@id\":\"https:\/\/product-guide.org\/#\/schema\/logo\/image\/\",\"url\":\"https:\/\/product-guide.org\/wp-content\/uploads\/2022\/07\/logo_transparent_background.png\",\"contentUrl\":\"https:\/\/product-guide.org\/wp-content\/uploads\/2022\/07\/logo_transparent_background.png\",\"width\":3400,\"height\":1132,\"caption\":\"Product-Guide.org\"},\"image\":{\"@id\":\"https:\/\/product-guide.org\/#\/schema\/logo\/image\/\"}}]}<\/script>\n<!-- \/ Yoast SEO plugin. -->","yoast_head_json":{"title":"WINORA iRide Pure X10 Mid nile blue matt, black matt - Nile Blue Matt, Black Matt \/ 48 | MSZweirad | Product-Guide.org","description":"WINORA iRide Pure X10 Mid nile blue matt, black matt - Nile Blue Matt, Black Matt \/ 48 | MSZweirad gefunden von Product-Guide.org","robots":{"index":"index","follow":"follow","max-snippet":"max-snippet:-1","max-image-preview":"max-image-preview:large","max-video-preview":"max-video-preview:-1"},"canonical":"https:\/\/product-guide.org\/en\/produkt\/winora-iride-pure-x10-mid-nile-blue-matt-black-matt-nile-blue-matt-black-matt-48-mszweirad\/","og_locale":"en_GB","og_type":"article","og_title":"WINORA iRide Pure X10 Mid nile blue matt, black matt - Nile Blue Matt, Black Matt \/ 48 | MSZweirad | Product-Guide.org","og_description":"WINORA iRide Pure X10 Mid nile blue matt, black matt - Nile Blue Matt, Black Matt \/ 48 | MSZweirad gefunden von Product-Guide.org","og_url":"https:\/\/product-guide.org\/en\/produkt\/winora-iride-pure-x10-mid-nile-blue-matt-black-matt-nile-blue-matt-black-matt-48-mszweirad\/","og_site_name":"Product-Guide.org","twitter_card":"summary_large_image","schema":{"@context":"https:\/\/schema.org","@graph":[{"@type":"WebPage","@id":"https:\/\/product-guide.org\/produkt\/winora-iride-pure-x10-mid-nile-blue-matt-black-matt-nile-blue-matt-black-matt-48-mszweirad\/","url":"https:\/\/product-guide.org\/produkt\/winora-iride-pure-x10-mid-nile-blue-matt-black-matt-nile-blue-matt-black-matt-48-mszweirad\/","name":"WINORA iRide Pure X10 Mid nile blue matt, black matt - Nile Blue Matt, Black Matt \/ 48 | MSZweirad | Product-Guide.org","isPartOf":{"@id":"https:\/\/product-guide.org\/#website"},"primaryImageOfPage":{"@id":"https:\/\/product-guide.org\/produkt\/winora-iride-pure-x10-mid-nile-blue-matt-black-matt-nile-blue-matt-black-matt-48-mszweirad\/#primaryimage"},"image":{"@id":"https:\/\/product-guide.org\/produkt\/winora-iride-pure-x10-mid-nile-blue-matt-black-matt-nile-blue-matt-black-matt-48-mszweirad\/#primaryimage"},"thumbnailUrl":"https:\/\/product-guide.org\/wp-content\/uploads\/2025\/03\/winoramy24iride-pure-x10-midnile-blue-matt-black-matt275zoll90wpar2_320x.png","datePublished":"2025-03-17T09:40:32+00:00","description":"WINORA iRide Pure X10 Mid nile blue matt, black matt - Nile Blue Matt, Black Matt \/ 48 | MSZweirad gefunden von Product-Guide.org","breadcrumb":{"@id":"https:\/\/product-guide.org\/produkt\/winora-iride-pure-x10-mid-nile-blue-matt-black-matt-nile-blue-matt-black-matt-48-mszweirad\/#breadcrumb"},"inLanguage":"en-GB","potentialAction":[{"@type":"ReadAction","target":["https:\/\/product-guide.org\/produkt\/winora-iride-pure-x10-mid-nile-blue-matt-black-matt-nile-blue-matt-black-matt-48-mszweirad\/"]}]},{"@type":"ImageObject","inLanguage":"en-GB","@id":"https:\/\/product-guide.org\/produkt\/winora-iride-pure-x10-mid-nile-blue-matt-black-matt-nile-blue-matt-black-matt-48-mszweirad\/#primaryimage","url":"https:\/\/product-guide.org\/wp-content\/uploads\/2025\/03\/winoramy24iride-pure-x10-midnile-blue-matt-black-matt275zoll90wpar2_320x.png","contentUrl":"https:\/\/product-guide.org\/wp-content\/uploads\/2025\/03\/winoramy24iride-pure-x10-midnile-blue-matt-black-matt275zoll90wpar2_320x.png","width":320,"height":213},{"@type":"BreadcrumbList","@id":"https:\/\/product-guide.org\/produkt\/winora-iride-pure-x10-mid-nile-blue-matt-black-matt-nile-blue-matt-black-matt-48-mszweirad\/#breadcrumb","itemListElement":[{"@type":"ListItem","position":1,"name":"Home","item":"https:\/\/product-guide.org\/"},{"@type":"ListItem","position":2,"name":"Ergebnisse","item":"https:\/\/product-guide.org\/de\/ergebnisse\/"},{"@type":"ListItem","position":3,"name":"WINORA iRide Pure X10 Mid nile blue matt, black matt &#8211; Nile Blue Matt, Black Matt \/ 48 | MSZweirad"}]},{"@type":"WebSite","@id":"https:\/\/product-guide.org\/#website","url":"https:\/\/product-guide.org\/","name":"Product-Guide.org","description":"What Product are you looking for?","publisher":{"@id":"https:\/\/product-guide.org\/#organization"},"potentialAction":[{"@type":"SearchAction","target":{"@type":"EntryPoint","urlTemplate":"https:\/\/product-guide.org\/?s={search_term_string}"},"query-input":{"@type":"PropertyValueSpecification","valueRequired":true,"valueName":"search_term_string"}}],"inLanguage":"en-GB"},{"@type":"Organization","@id":"https:\/\/product-guide.org\/#organization","name":"Product-Guide.org","url":"https:\/\/product-guide.org\/","logo":{"@type":"ImageObject","inLanguage":"en-GB","@id":"https:\/\/product-guide.org\/#\/schema\/logo\/image\/","url":"https:\/\/product-guide.org\/wp-content\/uploads\/2022\/07\/logo_transparent_background.png","contentUrl":"https:\/\/product-guide.org\/wp-content\/uploads\/2022\/07\/logo_transparent_background.png","width":3400,"height":1132,"caption":"Product-Guide.org"},"image":{"@id":"https:\/\/product-guide.org\/#\/schema\/logo\/image\/"}}]}},"_links":{"self":[{"href":"https:\/\/product-guide.org\/en\/wp-json\/wp\/v2\/product\/49207","targetHints":{"allow":["GET"]}}],"collection":[{"href":"https:\/\/product-guide.org\/en\/wp-json\/wp\/v2\/product"}],"about":[{"href":"https:\/\/product-guide.org\/en\/wp-json\/wp\/v2\/types\/product"}],"wp:featuredmedia":[{"embeddable":true,"href":"https:\/\/product-guide.org\/en\/wp-json\/wp\/v2\/media\/49206"}],"wp:attachment":[{"href":"https:\/\/product-guide.org\/en\/wp-json\/wp\/v2\/media?parent=49207"}],"wp:term":[{"taxonomy":"store","embeddable":true,"href":"https:\/\/product-guide.org\/en\/wp-json\/wp\/v2\/store?post=49207"},{"taxonomy":"product_brand","embeddable":true,"href":"https:\/\/product-guide.org\/en\/wp-json\/wp\/v2\/product_brand?post=49207"},{"taxonomy":"product_cat","embeddable":true,"href":"https:\/\/product-guide.org\/en\/wp-json\/wp\/v2\/product_cat?post=49207"},{"taxonomy":"product_tag","embeddable":true,"href":"https:\/\/product-guide.org\/en\/wp-json\/wp\/v2\/product_tag?post=49207"}],"curies":[{"name":"wp","href":"https:\/\/api.w.org\/{rel}","templated":true}]}}