{"id":49226,"date":"2025-03-17T10:40:41","date_gmt":"2025-03-17T09:40:41","guid":{"rendered":"https:\/\/product-guide.org\/produkt\/winora-yucatan-x12-high-metallic-stone-blue-matte-metallic-stone-blue-matte-40-mszweirad\/"},"modified":"2025-03-17T10:40:42","modified_gmt":"2025-03-17T09:40:42","slug":"winora-yucatan-x12-high-metallic-stone-blue-matte-metallic-stone-blue-matte-40-mszweirad","status":"publish","type":"product","link":"https:\/\/product-guide.org\/en\/produkt\/winora-yucatan-x12-high-metallic-stone-blue-matte-metallic-stone-blue-matte-40-mszweirad\/","title":{"rendered":"WINORA Yucatan X12 High metallic stone blue matte &#8211; Metallic Stone Blue Matte \/ 40 | MSZweirad"},"content":{"rendered":"<p>Wenn dich das Fernweh packt, brauchst du einen verl\u00e4sslichen Partner. Das Winora Yucatan X12 ist genau das: ein Rad, mit dem du sowohl in der Stadt als auch auf dem Land auf Entdeckungsreise gehen kannst. Und mit dem selbst Alltagsfahrten zum spannenden Abenteuer werden. Mit seinem vollintegrierten Rahmendesign und dem starken Yamaha PW-X3 Motor sieht dieses Trekking eBike nicht nur dynamisch aus, sondern bietet dir auch mehr Power f\u00fcr unterwegs. Und damit nicht genug: Mit dem optionalen Range Extender kannst du weiter fahren denn je, w\u00e4hrend dein Gep\u00e4ck ganz sicher auf dem Gep\u00e4cktr\u00e4ger verstaut wird. Praktisch: Mit dem Modular Rail System l\u00e4sst sich der Stauraum optional erweitern. Dank eines zul\u00e4ssigen Gesamtgewichts von 150 kg kann die Traglast dabei auch einmal schwerer ausfallen. Sichere Scheibenbremsen und eine 100-mm-Federgabel runden den Auftritt des Yucatan X12 ab \u2013 deinem neuen Partner, wenn das Fernweh wieder einmal st\u00e4rker wird.<\/p>\n","protected":false},"excerpt":{"rendered":"<p>Wenn dich das Fernweh packt, brauchst du einen verl\u00e4sslichen Partner. Das Winora Yucatan X12 ist genau das: ein Rad, mit dem du sowohl in der Stadt als auch auf dem Land auf Entdeckungsreise gehen kannst. Und mit dem selbst Alltagsfahrten zum spannenden Abenteuer werden. Mit seinem vollintegrierten Rahmendesign und dem starken Yamaha PW-X3 Motor sieht [&hellip;]<\/p>\n","protected":false},"featured_media":49221,"template":"","meta":{"_gspb_post_css":""},"store":[],"product_brand":[1364],"product_cat":[1290],"product_tag":[],"class_list":{"0":"post-49226","1":"product","2":"type-product","3":"status-publish","4":"has-post-thumbnail","6":"product_brand-mszweirad","7":"product_cat-uncategorized","9":"first","10":"instock","11":"shipping-taxable","12":"purchasable","13":"product-type-simple"},"yoast_head":"<!-- This site is optimized with the Yoast SEO plugin v24.6 - https:\/\/yoast.com\/wordpress\/plugins\/seo\/ -->\n<title>WINORA Yucatan X12 High metallic stone blue matte - Metallic Stone Blue Matte \/ 40 | MSZweirad | Product-Guide.org<\/title>\n<meta name=\"description\" content=\"WINORA Yucatan X12 High metallic stone blue matte - Metallic Stone Blue Matte \/ 40 | MSZweirad gefunden von Product-Guide.org\" \/>\n<meta name=\"robots\" content=\"index, follow, max-snippet:-1, max-image-preview:large, max-video-preview:-1\" \/>\n<link rel=\"canonical\" href=\"https:\/\/product-guide.org\/en\/produkt\/winora-yucatan-x12-high-metallic-stone-blue-matte-metallic-stone-blue-matte-40-mszweirad\/\" \/>\n<meta property=\"og:locale\" content=\"en_GB\" \/>\n<meta property=\"og:type\" content=\"article\" \/>\n<meta property=\"og:title\" content=\"WINORA Yucatan X12 High metallic stone blue matte - Metallic Stone Blue Matte \/ 40 | MSZweirad | Product-Guide.org\" \/>\n<meta property=\"og:description\" content=\"WINORA Yucatan X12 High metallic stone blue matte - Metallic Stone Blue Matte \/ 40 | MSZweirad gefunden von Product-Guide.org\" \/>\n<meta property=\"og:url\" content=\"https:\/\/product-guide.org\/en\/produkt\/winora-yucatan-x12-high-metallic-stone-blue-matte-metallic-stone-blue-matte-40-mszweirad\/\" \/>\n<meta property=\"og:site_name\" content=\"Product-Guide.org\" \/>\n<meta property=\"article:modified_time\" content=\"2025-03-17T09:40:42+00:00\" \/>\n<meta name=\"twitter:card\" content=\"summary_large_image\" \/>\n<script type=\"application\/ld+json\" class=\"yoast-schema-graph\">{\"@context\":\"https:\/\/schema.org\",\"@graph\":[{\"@type\":\"WebPage\",\"@id\":\"https:\/\/product-guide.org\/produkt\/winora-yucatan-x12-high-metallic-stone-blue-matte-metallic-stone-blue-matte-40-mszweirad\/\",\"url\":\"https:\/\/product-guide.org\/produkt\/winora-yucatan-x12-high-metallic-stone-blue-matte-metallic-stone-blue-matte-40-mszweirad\/\",\"name\":\"WINORA Yucatan X12 High metallic stone blue matte - Metallic Stone Blue Matte \/ 40 | MSZweirad | Product-Guide.org\",\"isPartOf\":{\"@id\":\"https:\/\/product-guide.org\/#website\"},\"primaryImageOfPage\":{\"@id\":\"https:\/\/product-guide.org\/produkt\/winora-yucatan-x12-high-metallic-stone-blue-matte-metallic-stone-blue-matte-40-mszweirad\/#primaryimage\"},\"image\":{\"@id\":\"https:\/\/product-guide.org\/produkt\/winora-yucatan-x12-high-metallic-stone-blue-matte-metallic-stone-blue-matte-40-mszweirad\/#primaryimage\"},\"thumbnailUrl\":\"https:\/\/product-guide.org\/wp-content\/uploads\/2025\/03\/winoramy25yucatan-x12-high275inch90wyep1_320x.png\",\"datePublished\":\"2025-03-17T09:40:41+00:00\",\"dateModified\":\"2025-03-17T09:40:42+00:00\",\"description\":\"WINORA Yucatan X12 High metallic stone blue matte - Metallic Stone Blue Matte \/ 40 | MSZweirad gefunden von Product-Guide.org\",\"breadcrumb\":{\"@id\":\"https:\/\/product-guide.org\/produkt\/winora-yucatan-x12-high-metallic-stone-blue-matte-metallic-stone-blue-matte-40-mszweirad\/#breadcrumb\"},\"inLanguage\":\"en-GB\",\"potentialAction\":[{\"@type\":\"ReadAction\",\"target\":[\"https:\/\/product-guide.org\/produkt\/winora-yucatan-x12-high-metallic-stone-blue-matte-metallic-stone-blue-matte-40-mszweirad\/\"]}]},{\"@type\":\"ImageObject\",\"inLanguage\":\"en-GB\",\"@id\":\"https:\/\/product-guide.org\/produkt\/winora-yucatan-x12-high-metallic-stone-blue-matte-metallic-stone-blue-matte-40-mszweirad\/#primaryimage\",\"url\":\"https:\/\/product-guide.org\/wp-content\/uploads\/2025\/03\/winoramy25yucatan-x12-high275inch90wyep1_320x.png\",\"contentUrl\":\"https:\/\/product-guide.org\/wp-content\/uploads\/2025\/03\/winoramy25yucatan-x12-high275inch90wyep1_320x.png\",\"width\":320,\"height\":213},{\"@type\":\"BreadcrumbList\",\"@id\":\"https:\/\/product-guide.org\/produkt\/winora-yucatan-x12-high-metallic-stone-blue-matte-metallic-stone-blue-matte-40-mszweirad\/#breadcrumb\",\"itemListElement\":[{\"@type\":\"ListItem\",\"position\":1,\"name\":\"Home\",\"item\":\"https:\/\/product-guide.org\/\"},{\"@type\":\"ListItem\",\"position\":2,\"name\":\"Ergebnisse\",\"item\":\"https:\/\/product-guide.org\/de\/ergebnisse\/\"},{\"@type\":\"ListItem\",\"position\":3,\"name\":\"WINORA Yucatan X12 High metallic stone blue matte &#8211; Metallic Stone Blue Matte \/ 40 | MSZweirad\"}]},{\"@type\":\"WebSite\",\"@id\":\"https:\/\/product-guide.org\/#website\",\"url\":\"https:\/\/product-guide.org\/\",\"name\":\"Product-Guide.org\",\"description\":\"What Product are you looking for?\",\"publisher\":{\"@id\":\"https:\/\/product-guide.org\/#organization\"},\"potentialAction\":[{\"@type\":\"SearchAction\",\"target\":{\"@type\":\"EntryPoint\",\"urlTemplate\":\"https:\/\/product-guide.org\/?s={search_term_string}\"},\"query-input\":{\"@type\":\"PropertyValueSpecification\",\"valueRequired\":true,\"valueName\":\"search_term_string\"}}],\"inLanguage\":\"en-GB\"},{\"@type\":\"Organization\",\"@id\":\"https:\/\/product-guide.org\/#organization\",\"name\":\"Product-Guide.org\",\"url\":\"https:\/\/product-guide.org\/\",\"logo\":{\"@type\":\"ImageObject\",\"inLanguage\":\"en-GB\",\"@id\":\"https:\/\/product-guide.org\/#\/schema\/logo\/image\/\",\"url\":\"https:\/\/product-guide.org\/wp-content\/uploads\/2022\/07\/logo_transparent_background.png\",\"contentUrl\":\"https:\/\/product-guide.org\/wp-content\/uploads\/2022\/07\/logo_transparent_background.png\",\"width\":3400,\"height\":1132,\"caption\":\"Product-Guide.org\"},\"image\":{\"@id\":\"https:\/\/product-guide.org\/#\/schema\/logo\/image\/\"}}]}<\/script>\n<!-- \/ Yoast SEO plugin. -->","yoast_head_json":{"title":"WINORA Yucatan X12 High metallic stone blue matte - Metallic Stone Blue Matte \/ 40 | MSZweirad | Product-Guide.org","description":"WINORA Yucatan X12 High metallic stone blue matte - Metallic Stone Blue Matte \/ 40 | MSZweirad gefunden von Product-Guide.org","robots":{"index":"index","follow":"follow","max-snippet":"max-snippet:-1","max-image-preview":"max-image-preview:large","max-video-preview":"max-video-preview:-1"},"canonical":"https:\/\/product-guide.org\/en\/produkt\/winora-yucatan-x12-high-metallic-stone-blue-matte-metallic-stone-blue-matte-40-mszweirad\/","og_locale":"en_GB","og_type":"article","og_title":"WINORA Yucatan X12 High metallic stone blue matte - Metallic Stone Blue Matte \/ 40 | MSZweirad | Product-Guide.org","og_description":"WINORA Yucatan X12 High metallic stone blue matte - Metallic Stone Blue Matte \/ 40 | MSZweirad gefunden von Product-Guide.org","og_url":"https:\/\/product-guide.org\/en\/produkt\/winora-yucatan-x12-high-metallic-stone-blue-matte-metallic-stone-blue-matte-40-mszweirad\/","og_site_name":"Product-Guide.org","article_modified_time":"2025-03-17T09:40:42+00:00","twitter_card":"summary_large_image","schema":{"@context":"https:\/\/schema.org","@graph":[{"@type":"WebPage","@id":"https:\/\/product-guide.org\/produkt\/winora-yucatan-x12-high-metallic-stone-blue-matte-metallic-stone-blue-matte-40-mszweirad\/","url":"https:\/\/product-guide.org\/produkt\/winora-yucatan-x12-high-metallic-stone-blue-matte-metallic-stone-blue-matte-40-mszweirad\/","name":"WINORA Yucatan X12 High metallic stone blue matte - Metallic Stone Blue Matte \/ 40 | MSZweirad | Product-Guide.org","isPartOf":{"@id":"https:\/\/product-guide.org\/#website"},"primaryImageOfPage":{"@id":"https:\/\/product-guide.org\/produkt\/winora-yucatan-x12-high-metallic-stone-blue-matte-metallic-stone-blue-matte-40-mszweirad\/#primaryimage"},"image":{"@id":"https:\/\/product-guide.org\/produkt\/winora-yucatan-x12-high-metallic-stone-blue-matte-metallic-stone-blue-matte-40-mszweirad\/#primaryimage"},"thumbnailUrl":"https:\/\/product-guide.org\/wp-content\/uploads\/2025\/03\/winoramy25yucatan-x12-high275inch90wyep1_320x.png","datePublished":"2025-03-17T09:40:41+00:00","dateModified":"2025-03-17T09:40:42+00:00","description":"WINORA Yucatan X12 High metallic stone blue matte - Metallic Stone Blue Matte \/ 40 | MSZweirad gefunden von Product-Guide.org","breadcrumb":{"@id":"https:\/\/product-guide.org\/produkt\/winora-yucatan-x12-high-metallic-stone-blue-matte-metallic-stone-blue-matte-40-mszweirad\/#breadcrumb"},"inLanguage":"en-GB","potentialAction":[{"@type":"ReadAction","target":["https:\/\/product-guide.org\/produkt\/winora-yucatan-x12-high-metallic-stone-blue-matte-metallic-stone-blue-matte-40-mszweirad\/"]}]},{"@type":"ImageObject","inLanguage":"en-GB","@id":"https:\/\/product-guide.org\/produkt\/winora-yucatan-x12-high-metallic-stone-blue-matte-metallic-stone-blue-matte-40-mszweirad\/#primaryimage","url":"https:\/\/product-guide.org\/wp-content\/uploads\/2025\/03\/winoramy25yucatan-x12-high275inch90wyep1_320x.png","contentUrl":"https:\/\/product-guide.org\/wp-content\/uploads\/2025\/03\/winoramy25yucatan-x12-high275inch90wyep1_320x.png","width":320,"height":213},{"@type":"BreadcrumbList","@id":"https:\/\/product-guide.org\/produkt\/winora-yucatan-x12-high-metallic-stone-blue-matte-metallic-stone-blue-matte-40-mszweirad\/#breadcrumb","itemListElement":[{"@type":"ListItem","position":1,"name":"Home","item":"https:\/\/product-guide.org\/"},{"@type":"ListItem","position":2,"name":"Ergebnisse","item":"https:\/\/product-guide.org\/de\/ergebnisse\/"},{"@type":"ListItem","position":3,"name":"WINORA Yucatan X12 High metallic stone blue matte &#8211; Metallic Stone Blue Matte \/ 40 | MSZweirad"}]},{"@type":"WebSite","@id":"https:\/\/product-guide.org\/#website","url":"https:\/\/product-guide.org\/","name":"Product-Guide.org","description":"What Product are you looking for?","publisher":{"@id":"https:\/\/product-guide.org\/#organization"},"potentialAction":[{"@type":"SearchAction","target":{"@type":"EntryPoint","urlTemplate":"https:\/\/product-guide.org\/?s={search_term_string}"},"query-input":{"@type":"PropertyValueSpecification","valueRequired":true,"valueName":"search_term_string"}}],"inLanguage":"en-GB"},{"@type":"Organization","@id":"https:\/\/product-guide.org\/#organization","name":"Product-Guide.org","url":"https:\/\/product-guide.org\/","logo":{"@type":"ImageObject","inLanguage":"en-GB","@id":"https:\/\/product-guide.org\/#\/schema\/logo\/image\/","url":"https:\/\/product-guide.org\/wp-content\/uploads\/2022\/07\/logo_transparent_background.png","contentUrl":"https:\/\/product-guide.org\/wp-content\/uploads\/2022\/07\/logo_transparent_background.png","width":3400,"height":1132,"caption":"Product-Guide.org"},"image":{"@id":"https:\/\/product-guide.org\/#\/schema\/logo\/image\/"}}]}},"_links":{"self":[{"href":"https:\/\/product-guide.org\/en\/wp-json\/wp\/v2\/product\/49226","targetHints":{"allow":["GET"]}}],"collection":[{"href":"https:\/\/product-guide.org\/en\/wp-json\/wp\/v2\/product"}],"about":[{"href":"https:\/\/product-guide.org\/en\/wp-json\/wp\/v2\/types\/product"}],"wp:featuredmedia":[{"embeddable":true,"href":"https:\/\/product-guide.org\/en\/wp-json\/wp\/v2\/media\/49221"}],"wp:attachment":[{"href":"https:\/\/product-guide.org\/en\/wp-json\/wp\/v2\/media?parent=49226"}],"wp:term":[{"taxonomy":"store","embeddable":true,"href":"https:\/\/product-guide.org\/en\/wp-json\/wp\/v2\/store?post=49226"},{"taxonomy":"product_brand","embeddable":true,"href":"https:\/\/product-guide.org\/en\/wp-json\/wp\/v2\/product_brand?post=49226"},{"taxonomy":"product_cat","embeddable":true,"href":"https:\/\/product-guide.org\/en\/wp-json\/wp\/v2\/product_cat?post=49226"},{"taxonomy":"product_tag","embeddable":true,"href":"https:\/\/product-guide.org\/en\/wp-json\/wp\/v2\/product_tag?post=49226"}],"curies":[{"name":"wp","href":"https:\/\/api.w.org\/{rel}","templated":true}]}}