{"id":49239,"date":"2025-03-17T10:40:50","date_gmt":"2025-03-17T09:40:50","guid":{"rendered":"https:\/\/product-guide.org\/produkt\/winora-yucatan-x8-low-mocaccino-gloss-darkblue-matt-50-mszweirad\/"},"modified":"2025-03-17T10:40:50","modified_gmt":"2025-03-17T09:40:50","slug":"winora-yucatan-x8-low-mocaccino-gloss-darkblue-matt-50-mszweirad","status":"publish","type":"product","link":"https:\/\/product-guide.org\/en\/produkt\/winora-yucatan-x8-low-mocaccino-gloss-darkblue-matt-50-mszweirad\/","title":{"rendered":"WINORA Yucatan X8 Low mocaccino &#8211; gloss &#8211; Darkblue Matt \/ 50 | MSZweirad"},"content":{"rendered":"<p>Abenteuer warten hinter jeder Ecke. Unsere v\u00f6llig neu konzipiertes Yucatan X8 wartet nur darauf, sie mit dir zu entdecken! Mit seinem komplett \u00fcberarbeiteten Rahmendesign und dem brandneuen Yamaha PW-S2 Motor ist dieses eTrekkingbike wie geschaffen f\u00fcr Mikroabenteuer in deiner Nachbarschaft oder f\u00fcr l\u00e4ngere Touren, bei denen du Neuland erf\u00e4hrst. Der leichtere und leistungsst\u00e4rkere Antrieb unterst\u00fctzt dich jetzt bis zu 75 Nm Drehmoment und bietet dir mit einem 720 Wh Akku noch mehr Reserven f\u00fcr ausgedehnte Ausfl\u00fcge, die dich gerne auch auf unbefestigte Wege f\u00fchren d\u00fcrfen. Denn die 100 mm Federgabel von SR Suntour sorgt schon daf\u00fcr, dass du komfortabel \u00fcber alle Unebenheiten hinwegrollst. Dank Modular Rail System kannst du einfach und unkompliziert Zubeh\u00f6r wie Rahmentasche, Trinkflasche oder ein Schloss anbringen. Und auch optisch \u00fcberzeugt das Yucatan X8 mit einem sportlichen, cleanen Look und neuen Farben. Es ist mit klassischem Diamantrahmen und als Tiefeinsteiger erh\u00e4ltlich.<\/p>\n","protected":false},"excerpt":{"rendered":"<p>Abenteuer warten hinter jeder Ecke. Unsere v\u00f6llig neu konzipiertes Yucatan X8 wartet nur darauf, sie mit dir zu entdecken! Mit seinem komplett \u00fcberarbeiteten Rahmendesign und dem brandneuen Yamaha PW-S2 Motor ist dieses eTrekkingbike wie geschaffen f\u00fcr Mikroabenteuer in deiner Nachbarschaft oder f\u00fcr l\u00e4ngere Touren, bei denen du Neuland erf\u00e4hrst. Der leichtere und leistungsst\u00e4rkere Antrieb unterst\u00fctzt [&hellip;]<\/p>\n","protected":false},"featured_media":49236,"template":"","meta":{"_gspb_post_css":""},"store":[],"product_brand":[1364],"product_cat":[1290],"product_tag":[],"class_list":{"0":"post-49239","1":"product","2":"type-product","3":"status-publish","4":"has-post-thumbnail","6":"product_brand-mszweirad","7":"product_cat-uncategorized","9":"first","10":"instock","11":"shipping-taxable","12":"purchasable","13":"product-type-simple"},"yoast_head":"<!-- This site is optimized with the Yoast SEO plugin v24.6 - https:\/\/yoast.com\/wordpress\/plugins\/seo\/ -->\n<title>WINORA Yucatan X8 Low mocaccino - gloss - Darkblue Matt \/ 50 | MSZweirad | Product-Guide.org<\/title>\n<meta name=\"description\" content=\"WINORA Yucatan X8 Low mocaccino - gloss - Darkblue Matt \/ 50 | MSZweirad gefunden von Product-Guide.org\" \/>\n<meta name=\"robots\" content=\"index, follow, max-snippet:-1, max-image-preview:large, max-video-preview:-1\" \/>\n<link rel=\"canonical\" href=\"https:\/\/product-guide.org\/en\/produkt\/winora-yucatan-x8-low-mocaccino-gloss-darkblue-matt-50-mszweirad\/\" \/>\n<meta property=\"og:locale\" content=\"en_GB\" \/>\n<meta property=\"og:type\" content=\"article\" \/>\n<meta property=\"og:title\" content=\"WINORA Yucatan X8 Low mocaccino - gloss - Darkblue Matt \/ 50 | MSZweirad | Product-Guide.org\" \/>\n<meta property=\"og:description\" content=\"WINORA Yucatan X8 Low mocaccino - gloss - Darkblue Matt \/ 50 | MSZweirad gefunden von Product-Guide.org\" \/>\n<meta property=\"og:url\" content=\"https:\/\/product-guide.org\/en\/produkt\/winora-yucatan-x8-low-mocaccino-gloss-darkblue-matt-50-mszweirad\/\" \/>\n<meta property=\"og:site_name\" content=\"Product-Guide.org\" \/>\n<meta name=\"twitter:card\" content=\"summary_large_image\" \/>\n<script type=\"application\/ld+json\" class=\"yoast-schema-graph\">{\"@context\":\"https:\/\/schema.org\",\"@graph\":[{\"@type\":\"WebPage\",\"@id\":\"https:\/\/product-guide.org\/produkt\/winora-yucatan-x8-low-mocaccino-gloss-darkblue-matt-50-mszweirad\/\",\"url\":\"https:\/\/product-guide.org\/produkt\/winora-yucatan-x8-low-mocaccino-gloss-darkblue-matt-50-mszweirad\/\",\"name\":\"WINORA Yucatan X8 Low mocaccino - gloss - Darkblue Matt \/ 50 | MSZweirad | Product-Guide.org\",\"isPartOf\":{\"@id\":\"https:\/\/product-guide.org\/#website\"},\"primaryImageOfPage\":{\"@id\":\"https:\/\/product-guide.org\/produkt\/winora-yucatan-x8-low-mocaccino-gloss-darkblue-matt-50-mszweirad\/#primaryimage\"},\"image\":{\"@id\":\"https:\/\/product-guide.org\/produkt\/winora-yucatan-x8-low-mocaccino-gloss-darkblue-matt-50-mszweirad\/#primaryimage\"},\"thumbnailUrl\":\"https:\/\/product-guide.org\/wp-content\/uploads\/2025\/03\/winoramy24yucatan-x8-lowdarkblue-matt-275zoll90wycr4_320x.png\",\"datePublished\":\"2025-03-17T09:40:50+00:00\",\"description\":\"WINORA Yucatan X8 Low mocaccino - gloss - Darkblue Matt \/ 50 | MSZweirad gefunden von Product-Guide.org\",\"breadcrumb\":{\"@id\":\"https:\/\/product-guide.org\/produkt\/winora-yucatan-x8-low-mocaccino-gloss-darkblue-matt-50-mszweirad\/#breadcrumb\"},\"inLanguage\":\"en-GB\",\"potentialAction\":[{\"@type\":\"ReadAction\",\"target\":[\"https:\/\/product-guide.org\/produkt\/winora-yucatan-x8-low-mocaccino-gloss-darkblue-matt-50-mszweirad\/\"]}]},{\"@type\":\"ImageObject\",\"inLanguage\":\"en-GB\",\"@id\":\"https:\/\/product-guide.org\/produkt\/winora-yucatan-x8-low-mocaccino-gloss-darkblue-matt-50-mszweirad\/#primaryimage\",\"url\":\"https:\/\/product-guide.org\/wp-content\/uploads\/2025\/03\/winoramy24yucatan-x8-lowdarkblue-matt-275zoll90wycr4_320x.png\",\"contentUrl\":\"https:\/\/product-guide.org\/wp-content\/uploads\/2025\/03\/winoramy24yucatan-x8-lowdarkblue-matt-275zoll90wycr4_320x.png\",\"width\":320,\"height\":213},{\"@type\":\"BreadcrumbList\",\"@id\":\"https:\/\/product-guide.org\/produkt\/winora-yucatan-x8-low-mocaccino-gloss-darkblue-matt-50-mszweirad\/#breadcrumb\",\"itemListElement\":[{\"@type\":\"ListItem\",\"position\":1,\"name\":\"Home\",\"item\":\"https:\/\/product-guide.org\/\"},{\"@type\":\"ListItem\",\"position\":2,\"name\":\"Ergebnisse\",\"item\":\"https:\/\/product-guide.org\/de\/ergebnisse\/\"},{\"@type\":\"ListItem\",\"position\":3,\"name\":\"WINORA Yucatan X8 Low mocaccino &#8211; gloss &#8211; Darkblue Matt \/ 50 | MSZweirad\"}]},{\"@type\":\"WebSite\",\"@id\":\"https:\/\/product-guide.org\/#website\",\"url\":\"https:\/\/product-guide.org\/\",\"name\":\"Product-Guide.org\",\"description\":\"What Product are you looking for?\",\"publisher\":{\"@id\":\"https:\/\/product-guide.org\/#organization\"},\"potentialAction\":[{\"@type\":\"SearchAction\",\"target\":{\"@type\":\"EntryPoint\",\"urlTemplate\":\"https:\/\/product-guide.org\/?s={search_term_string}\"},\"query-input\":{\"@type\":\"PropertyValueSpecification\",\"valueRequired\":true,\"valueName\":\"search_term_string\"}}],\"inLanguage\":\"en-GB\"},{\"@type\":\"Organization\",\"@id\":\"https:\/\/product-guide.org\/#organization\",\"name\":\"Product-Guide.org\",\"url\":\"https:\/\/product-guide.org\/\",\"logo\":{\"@type\":\"ImageObject\",\"inLanguage\":\"en-GB\",\"@id\":\"https:\/\/product-guide.org\/#\/schema\/logo\/image\/\",\"url\":\"https:\/\/product-guide.org\/wp-content\/uploads\/2022\/07\/logo_transparent_background.png\",\"contentUrl\":\"https:\/\/product-guide.org\/wp-content\/uploads\/2022\/07\/logo_transparent_background.png\",\"width\":3400,\"height\":1132,\"caption\":\"Product-Guide.org\"},\"image\":{\"@id\":\"https:\/\/product-guide.org\/#\/schema\/logo\/image\/\"}}]}<\/script>\n<!-- \/ Yoast SEO plugin. -->","yoast_head_json":{"title":"WINORA Yucatan X8 Low mocaccino - gloss - Darkblue Matt \/ 50 | MSZweirad | Product-Guide.org","description":"WINORA Yucatan X8 Low mocaccino - gloss - Darkblue Matt \/ 50 | MSZweirad gefunden von Product-Guide.org","robots":{"index":"index","follow":"follow","max-snippet":"max-snippet:-1","max-image-preview":"max-image-preview:large","max-video-preview":"max-video-preview:-1"},"canonical":"https:\/\/product-guide.org\/en\/produkt\/winora-yucatan-x8-low-mocaccino-gloss-darkblue-matt-50-mszweirad\/","og_locale":"en_GB","og_type":"article","og_title":"WINORA Yucatan X8 Low mocaccino - gloss - Darkblue Matt \/ 50 | MSZweirad | Product-Guide.org","og_description":"WINORA Yucatan X8 Low mocaccino - gloss - Darkblue Matt \/ 50 | MSZweirad gefunden von Product-Guide.org","og_url":"https:\/\/product-guide.org\/en\/produkt\/winora-yucatan-x8-low-mocaccino-gloss-darkblue-matt-50-mszweirad\/","og_site_name":"Product-Guide.org","twitter_card":"summary_large_image","schema":{"@context":"https:\/\/schema.org","@graph":[{"@type":"WebPage","@id":"https:\/\/product-guide.org\/produkt\/winora-yucatan-x8-low-mocaccino-gloss-darkblue-matt-50-mszweirad\/","url":"https:\/\/product-guide.org\/produkt\/winora-yucatan-x8-low-mocaccino-gloss-darkblue-matt-50-mszweirad\/","name":"WINORA Yucatan X8 Low mocaccino - gloss - Darkblue Matt \/ 50 | MSZweirad | Product-Guide.org","isPartOf":{"@id":"https:\/\/product-guide.org\/#website"},"primaryImageOfPage":{"@id":"https:\/\/product-guide.org\/produkt\/winora-yucatan-x8-low-mocaccino-gloss-darkblue-matt-50-mszweirad\/#primaryimage"},"image":{"@id":"https:\/\/product-guide.org\/produkt\/winora-yucatan-x8-low-mocaccino-gloss-darkblue-matt-50-mszweirad\/#primaryimage"},"thumbnailUrl":"https:\/\/product-guide.org\/wp-content\/uploads\/2025\/03\/winoramy24yucatan-x8-lowdarkblue-matt-275zoll90wycr4_320x.png","datePublished":"2025-03-17T09:40:50+00:00","description":"WINORA Yucatan X8 Low mocaccino - gloss - Darkblue Matt \/ 50 | MSZweirad gefunden von Product-Guide.org","breadcrumb":{"@id":"https:\/\/product-guide.org\/produkt\/winora-yucatan-x8-low-mocaccino-gloss-darkblue-matt-50-mszweirad\/#breadcrumb"},"inLanguage":"en-GB","potentialAction":[{"@type":"ReadAction","target":["https:\/\/product-guide.org\/produkt\/winora-yucatan-x8-low-mocaccino-gloss-darkblue-matt-50-mszweirad\/"]}]},{"@type":"ImageObject","inLanguage":"en-GB","@id":"https:\/\/product-guide.org\/produkt\/winora-yucatan-x8-low-mocaccino-gloss-darkblue-matt-50-mszweirad\/#primaryimage","url":"https:\/\/product-guide.org\/wp-content\/uploads\/2025\/03\/winoramy24yucatan-x8-lowdarkblue-matt-275zoll90wycr4_320x.png","contentUrl":"https:\/\/product-guide.org\/wp-content\/uploads\/2025\/03\/winoramy24yucatan-x8-lowdarkblue-matt-275zoll90wycr4_320x.png","width":320,"height":213},{"@type":"BreadcrumbList","@id":"https:\/\/product-guide.org\/produkt\/winora-yucatan-x8-low-mocaccino-gloss-darkblue-matt-50-mszweirad\/#breadcrumb","itemListElement":[{"@type":"ListItem","position":1,"name":"Home","item":"https:\/\/product-guide.org\/"},{"@type":"ListItem","position":2,"name":"Ergebnisse","item":"https:\/\/product-guide.org\/de\/ergebnisse\/"},{"@type":"ListItem","position":3,"name":"WINORA Yucatan X8 Low mocaccino &#8211; gloss &#8211; Darkblue Matt \/ 50 | MSZweirad"}]},{"@type":"WebSite","@id":"https:\/\/product-guide.org\/#website","url":"https:\/\/product-guide.org\/","name":"Product-Guide.org","description":"What Product are you looking for?","publisher":{"@id":"https:\/\/product-guide.org\/#organization"},"potentialAction":[{"@type":"SearchAction","target":{"@type":"EntryPoint","urlTemplate":"https:\/\/product-guide.org\/?s={search_term_string}"},"query-input":{"@type":"PropertyValueSpecification","valueRequired":true,"valueName":"search_term_string"}}],"inLanguage":"en-GB"},{"@type":"Organization","@id":"https:\/\/product-guide.org\/#organization","name":"Product-Guide.org","url":"https:\/\/product-guide.org\/","logo":{"@type":"ImageObject","inLanguage":"en-GB","@id":"https:\/\/product-guide.org\/#\/schema\/logo\/image\/","url":"https:\/\/product-guide.org\/wp-content\/uploads\/2022\/07\/logo_transparent_background.png","contentUrl":"https:\/\/product-guide.org\/wp-content\/uploads\/2022\/07\/logo_transparent_background.png","width":3400,"height":1132,"caption":"Product-Guide.org"},"image":{"@id":"https:\/\/product-guide.org\/#\/schema\/logo\/image\/"}}]}},"_links":{"self":[{"href":"https:\/\/product-guide.org\/en\/wp-json\/wp\/v2\/product\/49239","targetHints":{"allow":["GET"]}}],"collection":[{"href":"https:\/\/product-guide.org\/en\/wp-json\/wp\/v2\/product"}],"about":[{"href":"https:\/\/product-guide.org\/en\/wp-json\/wp\/v2\/types\/product"}],"wp:featuredmedia":[{"embeddable":true,"href":"https:\/\/product-guide.org\/en\/wp-json\/wp\/v2\/media\/49236"}],"wp:attachment":[{"href":"https:\/\/product-guide.org\/en\/wp-json\/wp\/v2\/media?parent=49239"}],"wp:term":[{"taxonomy":"store","embeddable":true,"href":"https:\/\/product-guide.org\/en\/wp-json\/wp\/v2\/store?post=49239"},{"taxonomy":"product_brand","embeddable":true,"href":"https:\/\/product-guide.org\/en\/wp-json\/wp\/v2\/product_brand?post=49239"},{"taxonomy":"product_cat","embeddable":true,"href":"https:\/\/product-guide.org\/en\/wp-json\/wp\/v2\/product_cat?post=49239"},{"taxonomy":"product_tag","embeddable":true,"href":"https:\/\/product-guide.org\/en\/wp-json\/wp\/v2\/product_tag?post=49239"}],"curies":[{"name":"wp","href":"https:\/\/api.w.org\/{rel}","templated":true}]}}