{"id":49311,"date":"2025-03-17T10:41:36","date_gmt":"2025-03-17T09:41:36","guid":{"rendered":"https:\/\/product-guide.org\/produkt\/101-kwp-solar-komplettanlage-mit-speicher-hybrid-wechselrichter-10-kw-stromspeicher-128-kwh-entratek-shop\/"},"modified":"2025-03-17T10:41:36","modified_gmt":"2025-03-17T09:41:36","slug":"101-kwp-solar-komplettanlage-mit-speicher-hybrid-wechselrichter-10-kw-stromspeicher-128-kwh-entratek-shop","status":"publish","type":"product","link":"https:\/\/product-guide.org\/en\/produkt\/101-kwp-solar-komplettanlage-mit-speicher-hybrid-wechselrichter-10-kw-stromspeicher-128-kwh-entratek-shop\/","title":{"rendered":"&#8216;10,1 kWp Solar Komplettanlage mit Speicher| Hybrid-Wechselrichter 10 kW + Stromspeicher 12,8 kWh&#8217; | Entratek Shop"},"content":{"rendered":"<p>&#8216;10,1 kWp Solar Komplettanlage mit Speicher Hybrid-Wechselrichter 10 kW + Stromspeicher 12,8 kWh|inkl. Halterung f\u00fcr Ziegeldach\/Flachdach Preis inkl. 0% MwSt. nach \u00a712 Abs. 3 UStG. Erm\u00e4\u00dfigter Steuersatz gilt nicht f\u00fcr Wiederverk\u00e4ufer oder bei mehr als 30kWp.* Solaranlage-Komplettset mit Speicher f\u00fcr deine unabh\u00e4ngige Stromversorgung Dieses Hybrid Komplettpaket erzeugt, ermittelt und speichert deinen eigenen Strom. Das Set erm\u00f6glicht je nach PV-Leistung und Verbrauch, einen Autarkiegrad bis zu 89 %. Bei diesem Komplettsystem sind alle Komponenten aufeinander abgestimmt. Dar\u00fcber hinaus liegt die St\u00e4rke bei diesem Set darin, dass du deine Batterien bis zu 100% ihrer Kapazit\u00e4t nutzen und nach Belieben modular aufr\u00fcsten k\u00f6nnen. Wenn du deinen Eigenverbrauch an Solarstrom maximieren m\u00f6chtest und dir mehr Unabh\u00e4ngigkeit vom Netz w\u00fcnschst, dann passt dieses Set zu dir. Das Wandeln und Speichern von Sonnenenergie l\u00f6st du ab jetzt unkompliziert. Eigenschaften \ufe0fbis zu 16.22 kWh im Jahr selbst erzeugen \ufe0fEdles und kompaktes 3 Phasen Komplettsystem \ufe0finkl. 24x Solarmodule: 10,1 kWp \ufe0fmit dreiphasigem Wechselrichter Sungrow SBR128 V13.2 \ufe0fh\u00f6chste Effizienz mit bifazial, Full Black, Glas-Glas Halbzellen Solarmodulen von Suntech \ufe0finkl. Sungrow Batterie-Speicher-System: 12,8 kWh \ufe0f2 MPPT-Eing\u00e4nge ideal zur Ost-West-Ausrichtung \ufe0finkl. Unterkonstruktion f\u00fcr Ziegeldach\/Flachdach Wir haben f\u00fcr dich mit diesem Komplettpaket an alles gedacht, was du f\u00fcr eine bezahlbare netzunabh\u00e4ngig Stromerzeugung ben\u00f6tigst. Alle Komponenten (Solarmodul + Wechselrichter + Solarspeicher + Montagesystem) in diesem Set sind qualitativ hochwertig und zudem perfekt aufeinander abgestimmt. Dieses Entratek Solaranlage-Komplettset hat eine H\u00f6chstleistung von 10,1kWp, die j\u00e4hrlich bei durchschnittlich 4,4 Sonnenstunden am Tag bis zu 16,22 kWh Strom in Dein Hausnetz beziehungsweise Deinen Stromspeicher einspeisen kann. Mit den 425 Watt Halbzellen Solarmodulen von Suntech bietet unsere Photovoltaikanlage h\u00f6chste Leistung auch bei diffusem Licht oder Teilverschattung. Diese Entratek Solaranlage ist ein Komplettset mit hochwertigen Solarmodulen und einem leistungsstarkem dreiphasigen Wechselrichter der Marke Growatt. Durch ein simples Plug &#038; Play Prinzip kannst Du deine Solaranlage somit problemlos und einfach bis auf 25,6 kWh Speicher aufr\u00fcsten. Der Hybrid-Wechselrichter arbeitet On-Grid, sprich netzparallel und damit ist diese Photovoltaikanlage anmeldepflichtig. Der Sungrow Batterie-Speicher-System SBR128 V13.2 hat zus\u00e4tzlich einen EPS-Ausgang (Off-Grid-Anschluss), der als Ersatzstrom im einphasigen Betrieb bei Netzausfall genutzt werden kann. Zudem eignet sich der Wechselrichter mit seinen beiden MPPT-Eing\u00e4ngen ideal zur Ost-West-Ausrichtung der Solarmodule. Zur Meldung Deiner Hybrid On-Grid-Solaranlage an Deinen Netzbetreiber ben\u00f6tigst Du nach VDE-AR-N4105:2018 einen Elektriker zur Endabnahme Deiner Anlage. Die gesetzlich vorgeschriebene Freischalteinrichtung (ENS) nach VDE-AR-N4105 ist bei dem Wechselrichter bereits integriert. Lieferumfang: 24x 425 W Suntech bifacial Full Black Solarmodul, monokristallin Halbzellen 1x Hybrid Wechselrichter 10kW 3-phasig Sungrow SH10.0RT-V112 4x Hochvolt Batterie Sungrow SBR128 V13.2 1x Montagesystem f\u00fcr die Unterkonstruktion (Ziegeldach \/ Flachdach), passend zu den PV-Modulen 1 x Verl\u00e4ngerungskabel 15 m &#8211; 6 mm\u00b2 blau Solarkabel MC4 auf MC4 Produktbeschreibung &#8211; 24X SOLARMODULE DER SPITZENKLASSE MIT 425 WATT \ufe0f\u00c4sthetisches Erscheinungsbild Elegantes Design in komplett schwarzer Optik, harmonische Integration in die Komponenten des Geb\u00e4udes, um ein intensives \u00e4sthetisches Erlebnis zu bieten \ufe0fLeichtes Doppelglas Leichte Doppelglasstruktur, die die Bruchrate der Module effektiv reduziert. Die idealen Modulgr\u00f6\u00dfe und -Gewicht erleichtern Handhabung und Installation \ufe0fWiderstand in rauen Umgebungen Zuverl\u00e4ssige Qualit\u00e4t, die das Modul auch gegen hohen Temperaturen, Salzwasser und Ammoniak widerstandsf\u00e4hig macht \ufe0fErweiterte Wind- und Schneelasttests Module zertifiziert um extreme Wind- (3800 Pascal) und Schneelasten (6000 Pascal)* standzuhalten Marke: SuntechGeh\u00e4usefarbe: Full BlackModultyp: Glas-Glas, N-Typ TOPCON, bifazialPm: 425 WpImp: 13,22 AVmp: 32,15 Vmax. Systemspannung: 1000 V\/1500 V DCMa\u00dfe: 1722 x 1134 x 30 mmGewicht: 21 kgSchutzklasse: IP 68Temperaturbereich: -40 \u00b0C bis 85 \u00b0CGarantie: 30 Jahre lineare Garantie25 Jahre Produktgarantie CE-KennzeichenDokument: Datenblatt &#8211; 1X Sungrow Hybrid-WECHSELRICHTER SH10.0RT-V112 Der dreiphasige Hybrid Wechselrichter Sungrow SH10.0RT-V112 10kW ist ideal f\u00fcr neue Installationen oder Nachr\u00fcstspeichersysteme geeignet. Durch den EPS-Ausgang kann w\u00e4hrend eines Netzausfalls eine Ersatzversorgung einer Phase, mit einer Umschaltzeit von 10ms, gew\u00e4hrleistet werden. Der Sungrow SH10.0RT-V112 besitzt die Schutzklasse IP55 und ist besonders langlebig, sowie flexibel zu montieren. Der Wechselrichter wird mit einem dazugeh\u00f6rigen Smartmeter ausgeliefert. Aufgrund der 2 MPP-Tracker k\u00f6nnen<\/p>\n","protected":false},"excerpt":{"rendered":"<p>&#8216;10,1 kWp Solar Komplettanlage mit Speicher Hybrid-Wechselrichter 10 kW + Stromspeicher 12,8 kWh|inkl. Halterung f\u00fcr Ziegeldach\/Flachdach Preis inkl. 0% MwSt. nach \u00a712 Abs. 3 UStG. Erm\u00e4\u00dfigter Steuersatz gilt nicht f\u00fcr Wiederverk\u00e4ufer oder bei mehr als 30kWp.* Solaranlage-Komplettset mit Speicher f\u00fcr deine unabh\u00e4ngige Stromversorgung Dieses Hybrid Komplettpaket erzeugt, ermittelt und speichert deinen eigenen Strom. Das Set [&hellip;]<\/p>\n","protected":false},"featured_media":49310,"template":"","meta":{"_gspb_post_css":""},"store":[],"product_brand":[1366],"product_cat":[1290],"product_tag":[],"class_list":{"0":"post-49311","1":"product","2":"type-product","3":"status-publish","4":"has-post-thumbnail","6":"product_brand-entratek-shop","7":"product_cat-uncategorized","9":"first","10":"instock","11":"shipping-taxable","12":"purchasable","13":"product-type-simple"},"yoast_head":"<!-- This site is optimized with the Yoast SEO plugin v24.6 - https:\/\/yoast.com\/wordpress\/plugins\/seo\/ -->\n<title>&#039;10,1 kWp Solar Komplettanlage mit Speicher| Hybrid-Wechselrichter 10 kW + Stromspeicher 12,8 kWh&#039; | Entratek Shop | Product-Guide.org<\/title>\n<meta name=\"description\" content=\"&#039;10,1 kWp Solar Komplettanlage mit Speicher| Hybrid-Wechselrichter 10 kW + Stromspeicher 12,8 kWh&#039; | Entratek Shop gefunden von Product-Guide.org\" \/>\n<meta name=\"robots\" content=\"index, follow, max-snippet:-1, max-image-preview:large, max-video-preview:-1\" \/>\n<link rel=\"canonical\" href=\"https:\/\/product-guide.org\/en\/produkt\/101-kwp-solar-komplettanlage-mit-speicher-hybrid-wechselrichter-10-kw-stromspeicher-128-kwh-entratek-shop\/\" \/>\n<meta property=\"og:locale\" content=\"en_GB\" \/>\n<meta property=\"og:type\" content=\"article\" \/>\n<meta property=\"og:title\" content=\"&#039;10,1 kWp Solar Komplettanlage mit Speicher| Hybrid-Wechselrichter 10 kW + Stromspeicher 12,8 kWh&#039; | Entratek Shop | Product-Guide.org\" \/>\n<meta property=\"og:description\" content=\"&#039;10,1 kWp Solar Komplettanlage mit Speicher| Hybrid-Wechselrichter 10 kW + Stromspeicher 12,8 kWh&#039; | Entratek Shop gefunden von Product-Guide.org\" \/>\n<meta property=\"og:url\" content=\"https:\/\/product-guide.org\/en\/produkt\/101-kwp-solar-komplettanlage-mit-speicher-hybrid-wechselrichter-10-kw-stromspeicher-128-kwh-entratek-shop\/\" \/>\n<meta property=\"og:site_name\" content=\"Product-Guide.org\" \/>\n<meta name=\"twitter:card\" content=\"summary_large_image\" \/>\n<script type=\"application\/ld+json\" class=\"yoast-schema-graph\">{\"@context\":\"https:\/\/schema.org\",\"@graph\":[{\"@type\":\"WebPage\",\"@id\":\"https:\/\/product-guide.org\/produkt\/101-kwp-solar-komplettanlage-mit-speicher-hybrid-wechselrichter-10-kw-stromspeicher-128-kwh-entratek-shop\/\",\"url\":\"https:\/\/product-guide.org\/produkt\/101-kwp-solar-komplettanlage-mit-speicher-hybrid-wechselrichter-10-kw-stromspeicher-128-kwh-entratek-shop\/\",\"name\":\"'10,1 kWp Solar Komplettanlage mit Speicher| Hybrid-Wechselrichter 10 kW + Stromspeicher 12,8 kWh' | Entratek Shop | Product-Guide.org\",\"isPartOf\":{\"@id\":\"https:\/\/product-guide.org\/#website\"},\"primaryImageOfPage\":{\"@id\":\"https:\/\/product-guide.org\/produkt\/101-kwp-solar-komplettanlage-mit-speicher-hybrid-wechselrichter-10-kw-stromspeicher-128-kwh-entratek-shop\/#primaryimage\"},\"image\":{\"@id\":\"https:\/\/product-guide.org\/produkt\/101-kwp-solar-komplettanlage-mit-speicher-hybrid-wechselrichter-10-kw-stromspeicher-128-kwh-entratek-shop\/#primaryimage\"},\"thumbnailUrl\":\"https:\/\/product-guide.org\/wp-content\/uploads\/2025\/03\/Sungrow1012.8_m.png\",\"datePublished\":\"2025-03-17T09:41:36+00:00\",\"description\":\"'10,1 kWp Solar Komplettanlage mit Speicher| Hybrid-Wechselrichter 10 kW + Stromspeicher 12,8 kWh' | Entratek Shop gefunden von Product-Guide.org\",\"breadcrumb\":{\"@id\":\"https:\/\/product-guide.org\/produkt\/101-kwp-solar-komplettanlage-mit-speicher-hybrid-wechselrichter-10-kw-stromspeicher-128-kwh-entratek-shop\/#breadcrumb\"},\"inLanguage\":\"en-GB\",\"potentialAction\":[{\"@type\":\"ReadAction\",\"target\":[\"https:\/\/product-guide.org\/produkt\/101-kwp-solar-komplettanlage-mit-speicher-hybrid-wechselrichter-10-kw-stromspeicher-128-kwh-entratek-shop\/\"]}]},{\"@type\":\"ImageObject\",\"inLanguage\":\"en-GB\",\"@id\":\"https:\/\/product-guide.org\/produkt\/101-kwp-solar-komplettanlage-mit-speicher-hybrid-wechselrichter-10-kw-stromspeicher-128-kwh-entratek-shop\/#primaryimage\",\"url\":\"https:\/\/product-guide.org\/wp-content\/uploads\/2025\/03\/Sungrow1012.8_m.png\",\"contentUrl\":\"https:\/\/product-guide.org\/wp-content\/uploads\/2025\/03\/Sungrow1012.8_m.png\",\"width\":500,\"height\":500},{\"@type\":\"BreadcrumbList\",\"@id\":\"https:\/\/product-guide.org\/produkt\/101-kwp-solar-komplettanlage-mit-speicher-hybrid-wechselrichter-10-kw-stromspeicher-128-kwh-entratek-shop\/#breadcrumb\",\"itemListElement\":[{\"@type\":\"ListItem\",\"position\":1,\"name\":\"Home\",\"item\":\"https:\/\/product-guide.org\/\"},{\"@type\":\"ListItem\",\"position\":2,\"name\":\"Ergebnisse\",\"item\":\"https:\/\/product-guide.org\/de\/ergebnisse\/\"},{\"@type\":\"ListItem\",\"position\":3,\"name\":\"&#8216;10,1 kWp Solar Komplettanlage mit Speicher| Hybrid-Wechselrichter 10 kW + Stromspeicher 12,8 kWh&#8217; | Entratek Shop\"}]},{\"@type\":\"WebSite\",\"@id\":\"https:\/\/product-guide.org\/#website\",\"url\":\"https:\/\/product-guide.org\/\",\"name\":\"Product-Guide.org\",\"description\":\"What Product are you looking for?\",\"publisher\":{\"@id\":\"https:\/\/product-guide.org\/#organization\"},\"potentialAction\":[{\"@type\":\"SearchAction\",\"target\":{\"@type\":\"EntryPoint\",\"urlTemplate\":\"https:\/\/product-guide.org\/?s={search_term_string}\"},\"query-input\":{\"@type\":\"PropertyValueSpecification\",\"valueRequired\":true,\"valueName\":\"search_term_string\"}}],\"inLanguage\":\"en-GB\"},{\"@type\":\"Organization\",\"@id\":\"https:\/\/product-guide.org\/#organization\",\"name\":\"Product-Guide.org\",\"url\":\"https:\/\/product-guide.org\/\",\"logo\":{\"@type\":\"ImageObject\",\"inLanguage\":\"en-GB\",\"@id\":\"https:\/\/product-guide.org\/#\/schema\/logo\/image\/\",\"url\":\"https:\/\/product-guide.org\/wp-content\/uploads\/2022\/07\/logo_transparent_background.png\",\"contentUrl\":\"https:\/\/product-guide.org\/wp-content\/uploads\/2022\/07\/logo_transparent_background.png\",\"width\":3400,\"height\":1132,\"caption\":\"Product-Guide.org\"},\"image\":{\"@id\":\"https:\/\/product-guide.org\/#\/schema\/logo\/image\/\"}}]}<\/script>\n<!-- \/ Yoast SEO plugin. -->","yoast_head_json":{"title":"'10,1 kWp Solar Komplettanlage mit Speicher| Hybrid-Wechselrichter 10 kW + Stromspeicher 12,8 kWh' | Entratek Shop | Product-Guide.org","description":"'10,1 kWp Solar Komplettanlage mit Speicher| Hybrid-Wechselrichter 10 kW + Stromspeicher 12,8 kWh' | Entratek Shop gefunden von Product-Guide.org","robots":{"index":"index","follow":"follow","max-snippet":"max-snippet:-1","max-image-preview":"max-image-preview:large","max-video-preview":"max-video-preview:-1"},"canonical":"https:\/\/product-guide.org\/en\/produkt\/101-kwp-solar-komplettanlage-mit-speicher-hybrid-wechselrichter-10-kw-stromspeicher-128-kwh-entratek-shop\/","og_locale":"en_GB","og_type":"article","og_title":"'10,1 kWp Solar Komplettanlage mit Speicher| Hybrid-Wechselrichter 10 kW + Stromspeicher 12,8 kWh' | Entratek Shop | Product-Guide.org","og_description":"'10,1 kWp Solar Komplettanlage mit Speicher| Hybrid-Wechselrichter 10 kW + Stromspeicher 12,8 kWh' | Entratek Shop gefunden von Product-Guide.org","og_url":"https:\/\/product-guide.org\/en\/produkt\/101-kwp-solar-komplettanlage-mit-speicher-hybrid-wechselrichter-10-kw-stromspeicher-128-kwh-entratek-shop\/","og_site_name":"Product-Guide.org","twitter_card":"summary_large_image","schema":{"@context":"https:\/\/schema.org","@graph":[{"@type":"WebPage","@id":"https:\/\/product-guide.org\/produkt\/101-kwp-solar-komplettanlage-mit-speicher-hybrid-wechselrichter-10-kw-stromspeicher-128-kwh-entratek-shop\/","url":"https:\/\/product-guide.org\/produkt\/101-kwp-solar-komplettanlage-mit-speicher-hybrid-wechselrichter-10-kw-stromspeicher-128-kwh-entratek-shop\/","name":"'10,1 kWp Solar Komplettanlage mit Speicher| Hybrid-Wechselrichter 10 kW + Stromspeicher 12,8 kWh' | Entratek Shop | Product-Guide.org","isPartOf":{"@id":"https:\/\/product-guide.org\/#website"},"primaryImageOfPage":{"@id":"https:\/\/product-guide.org\/produkt\/101-kwp-solar-komplettanlage-mit-speicher-hybrid-wechselrichter-10-kw-stromspeicher-128-kwh-entratek-shop\/#primaryimage"},"image":{"@id":"https:\/\/product-guide.org\/produkt\/101-kwp-solar-komplettanlage-mit-speicher-hybrid-wechselrichter-10-kw-stromspeicher-128-kwh-entratek-shop\/#primaryimage"},"thumbnailUrl":"https:\/\/product-guide.org\/wp-content\/uploads\/2025\/03\/Sungrow1012.8_m.png","datePublished":"2025-03-17T09:41:36+00:00","description":"'10,1 kWp Solar Komplettanlage mit Speicher| Hybrid-Wechselrichter 10 kW + Stromspeicher 12,8 kWh' | Entratek Shop gefunden von Product-Guide.org","breadcrumb":{"@id":"https:\/\/product-guide.org\/produkt\/101-kwp-solar-komplettanlage-mit-speicher-hybrid-wechselrichter-10-kw-stromspeicher-128-kwh-entratek-shop\/#breadcrumb"},"inLanguage":"en-GB","potentialAction":[{"@type":"ReadAction","target":["https:\/\/product-guide.org\/produkt\/101-kwp-solar-komplettanlage-mit-speicher-hybrid-wechselrichter-10-kw-stromspeicher-128-kwh-entratek-shop\/"]}]},{"@type":"ImageObject","inLanguage":"en-GB","@id":"https:\/\/product-guide.org\/produkt\/101-kwp-solar-komplettanlage-mit-speicher-hybrid-wechselrichter-10-kw-stromspeicher-128-kwh-entratek-shop\/#primaryimage","url":"https:\/\/product-guide.org\/wp-content\/uploads\/2025\/03\/Sungrow1012.8_m.png","contentUrl":"https:\/\/product-guide.org\/wp-content\/uploads\/2025\/03\/Sungrow1012.8_m.png","width":500,"height":500},{"@type":"BreadcrumbList","@id":"https:\/\/product-guide.org\/produkt\/101-kwp-solar-komplettanlage-mit-speicher-hybrid-wechselrichter-10-kw-stromspeicher-128-kwh-entratek-shop\/#breadcrumb","itemListElement":[{"@type":"ListItem","position":1,"name":"Home","item":"https:\/\/product-guide.org\/"},{"@type":"ListItem","position":2,"name":"Ergebnisse","item":"https:\/\/product-guide.org\/de\/ergebnisse\/"},{"@type":"ListItem","position":3,"name":"&#8216;10,1 kWp Solar Komplettanlage mit Speicher| Hybrid-Wechselrichter 10 kW + Stromspeicher 12,8 kWh&#8217; | Entratek Shop"}]},{"@type":"WebSite","@id":"https:\/\/product-guide.org\/#website","url":"https:\/\/product-guide.org\/","name":"Product-Guide.org","description":"What Product are you looking for?","publisher":{"@id":"https:\/\/product-guide.org\/#organization"},"potentialAction":[{"@type":"SearchAction","target":{"@type":"EntryPoint","urlTemplate":"https:\/\/product-guide.org\/?s={search_term_string}"},"query-input":{"@type":"PropertyValueSpecification","valueRequired":true,"valueName":"search_term_string"}}],"inLanguage":"en-GB"},{"@type":"Organization","@id":"https:\/\/product-guide.org\/#organization","name":"Product-Guide.org","url":"https:\/\/product-guide.org\/","logo":{"@type":"ImageObject","inLanguage":"en-GB","@id":"https:\/\/product-guide.org\/#\/schema\/logo\/image\/","url":"https:\/\/product-guide.org\/wp-content\/uploads\/2022\/07\/logo_transparent_background.png","contentUrl":"https:\/\/product-guide.org\/wp-content\/uploads\/2022\/07\/logo_transparent_background.png","width":3400,"height":1132,"caption":"Product-Guide.org"},"image":{"@id":"https:\/\/product-guide.org\/#\/schema\/logo\/image\/"}}]}},"_links":{"self":[{"href":"https:\/\/product-guide.org\/en\/wp-json\/wp\/v2\/product\/49311","targetHints":{"allow":["GET"]}}],"collection":[{"href":"https:\/\/product-guide.org\/en\/wp-json\/wp\/v2\/product"}],"about":[{"href":"https:\/\/product-guide.org\/en\/wp-json\/wp\/v2\/types\/product"}],"wp:featuredmedia":[{"embeddable":true,"href":"https:\/\/product-guide.org\/en\/wp-json\/wp\/v2\/media\/49310"}],"wp:attachment":[{"href":"https:\/\/product-guide.org\/en\/wp-json\/wp\/v2\/media?parent=49311"}],"wp:term":[{"taxonomy":"store","embeddable":true,"href":"https:\/\/product-guide.org\/en\/wp-json\/wp\/v2\/store?post=49311"},{"taxonomy":"product_brand","embeddable":true,"href":"https:\/\/product-guide.org\/en\/wp-json\/wp\/v2\/product_brand?post=49311"},{"taxonomy":"product_cat","embeddable":true,"href":"https:\/\/product-guide.org\/en\/wp-json\/wp\/v2\/product_cat?post=49311"},{"taxonomy":"product_tag","embeddable":true,"href":"https:\/\/product-guide.org\/en\/wp-json\/wp\/v2\/product_tag?post=49311"}],"curies":[{"name":"wp","href":"https:\/\/api.w.org\/{rel}","templated":true}]}}