{"id":49325,"date":"2025-03-17T10:41:47","date_gmt":"2025-03-17T09:41:47","guid":{"rendered":"https:\/\/product-guide.org\/produkt\/entratek-doppelladestation-power-arrow-dual-2-x-22-kw-kfw-442-mit-steckdose-mid-stromzahler-entratek-shop\/"},"modified":"2025-03-17T10:41:48","modified_gmt":"2025-03-17T09:41:48","slug":"entratek-doppelladestation-power-arrow-dual-2-x-22-kw-kfw-442-mit-steckdose-mid-stromzahler-entratek-shop","status":"publish","type":"product","link":"https:\/\/product-guide.org\/en\/produkt\/entratek-doppelladestation-power-arrow-dual-2-x-22-kw-kfw-442-mit-steckdose-mid-stromzahler-entratek-shop\/","title":{"rendered":"&#8216;Entratek Doppelladestation Power Arrow Dual 2 x 22 kW (KfW 442) mit Steckdose &#038; MID-Stromz\u00e4hler&#8217; | Entratek Shop"},"content":{"rendered":"<p>&#8216;Entratek Doppelladestation Power Arrow Dual 2 x 22 kW (KfW 442) mit Steckdose &#038; MID-Stromz\u00e4hler Die Power Arrow DUAL 22 kW ist mit ihrem innovativen und eleganten Design ein echter Blickfang auf jedem Parkplatz. Mit zwei Typ-2-Ladesteckdosen und einer Leistung von bis zu 22 kW ist sie perfekt f\u00fcr Standorte, an denen mehrere Elektroautos flexibel geladen werden m\u00fcssen \u2013 zum Beispiel auf Firmenparkpl\u00e4tzen, in Parkh\u00e4usern, bei Hotels oder in der Gastronomie. Die Ladestation eignet sich sowohl f\u00fcr den Innen- als auch den Au\u00dfenbereich. Ihr robustes Stahlgeh\u00e4use und die hohe Schutzart garantieren einen stabilen und zuverl\u00e4ssigen Betrieb im Alltag. Dank der integrierten FI-Schutzschalter sparst du zus\u00e4tzliche Installationskosten und profitierst von maximaler Sicherheit. Der Zugangsschutz wird durch RFID-Chips gew\u00e4hrleistet, alternativ kann auch Plug &#038; Play oder der Zugang \u00fcber QR-Code eingestellt werden. Die Lades\u00e4ule ist mit allen Marken von Elektro- und Plug-in-Hybridfahrzeugen kompatibel. Die Power Arrow Dual wurde als f\u00f6rderf\u00e4hig nach KfW 442 eingestuft. Nach der F\u00f6rderantragstellung kannst du direkt bei uns oder \u00fcber einen Fachpartner bestellen. Als station\u00e4re Ladestation \u00fcberzeugt die Power Arrow durch intuitive Bedienung, modernes Design und benutzerfreundliche Elemente wie ein \u00fcbersichtliches Display. Mit einer starken Netzwerkf\u00e4higkeit \u00fcber LAN, WLAN, Ethernet und 4G l\u00e4sst sich die Ladestation flexibel in ein Backend integrieren, um Ladevorg\u00e4nge zu steuern, zu verwalten oder abzurechnen. Besonderheiten der Power Arrow Dual 22 kW 1. Zukunftssicher investieren Die Ladestation bietet eine Ladeleistung von bis zu 22 kW. Selbst wenn du sp\u00e4ter auf ein anderes Elektroauto umsteigst, kannst du sicher sein, dass die maximale Ladeleistung genutzt wird. 2. Optimale Netzwerkanbindung in der Tiefgarage In Tiefgaragen gibt es oft kein stabiles WLAN. Dank 4G- und LAN-Schnittstellen bleibt die Power Arrow Dual trotzdem zuverl\u00e4ssig mit dem Netzwerk verbunden. Ein lokales Netzwerk und statisches Lastmanagement lassen sich einfach realisieren. Zus\u00e4tzlich kann die Ladestation als WLAN-Repeater genutzt werden. 3. Dynamisches Lastmanagement f\u00fcr Mehrfamilienh\u00e4user und Parkpl\u00e4tze Mit dem Lastmanager Set kannst du dynamisches Lastmanagement f\u00fcr bis zu 252 Ladepunkte einrichten. Die Ladeleistung jedes einzelnen Ladepunkts wird automatisch an den verf\u00fcgbaren Strom angepasst. Durch das All-in-One-Design entf\u00e4llt die Notwendigkeit einer zus\u00e4tzlichen Stele \u2013 das spart Platz und Kosten. 4. PV-\u00dcberschussladen f\u00fcr 100 % Solarstrom Du m\u00f6chtest dein Fahrzeug mit 100 % Solarstrom laden? Unabh\u00e4ngig vom Hersteller deiner PV-Anlage kannst du das \u00dcberschussladen nutzen. Dabei spielt es keine Rolle, ob du bereits eine PV-Anlage besitzt oder erst eine planst. \u00dcber das Lastmanager Set stehen dir drei Betriebsmodi zur Verf\u00fcgung: Full, Solar Assist &#038; Solar Only. So kannst du den Energieverbrauch im Haushalt per App \u00fcberwachen und optimieren. 5. Intelligentes Lademanagement f\u00fcr Flotten F\u00fcr Flotten jeder Gr\u00f6\u00dfe bietet die Power Arrow Dual eine effiziente Ladel\u00f6sung. In Kombination mit dem Entratek- oder Monta-Backend kannst du das Laden deiner E-Flotte intelligent steuern und interne sowie externe Abrechnungen verwalten. \u00dcber die App oder das Webportal hast du jederzeit einen \u00dcberblick \u00fcber alle Ladevorg\u00e4nge und kannst die Daten als Excel exportieren. 6. Drei Jahre Garantie Du erh\u00e4ltst drei Jahre Garantie auf die Ladestation und profitierst von einem umfassenden Serviceangebot. Die Installationsdetails auf dem Benutzerhandbuch finden Sie hier. 1. Technische Details Ladeleistung bis 2 x 22 kWZugang \u00fcber QR-Code, RFID-Chips bzw. Plug-and-PlayIntegrierte 2 x Typ 2-SteckdoseKommunikation: LAN, WLAN, Ethernet, 4G, RS 485Einsatz als WLAN-Repeater m\u00f6glichCE-zertifiziertOCPP 1.6 JSON &#038; Modbus 2. Design 7&#8243;&#8221; LCD-BildschirmFarbe: Grau (Wei\u00dfe Variante ist nicht auf Lager.)Integrierte LED-StatusleuchteKeine zus\u00e4tzliche Stele n\u00f6tigPhysische Taster x 2Montage f\u00fcr Innen- und Au\u00dfenbereich, Schutzart IP54 3. Vorteile MID-zertifizierter Energiez\u00e4hler Lokales statisches Lastmanagement \u00fcber Master \/ Slave-Prinzip m\u00f6glichDynamisches Lastmanagement f\u00fcr bis zu 252 Ladepunkte &#038; PV-\u00dcberschussladen (mit zus\u00e4tzlichem Lastmanager Set)Monitoring von Energieverbrauch im Haushalt (mit zus\u00e4tzlichem Lastmanager Set)3 Jahre GarantieVerschl\u00fcsselungsprotokoll TLS 1.2Inkl. 24 Monate Gew\u00e4hrleistungEinsatz als WLAN-Repeater m\u00f6glichIntegrierter FI-Schutzschalter Typ BIntegrierter LS-SchalterF\u00fcr alle Elektro- und Hybridfahrzeuge mit Typ 2 Ladebuchse 4. Intelligente Steuerung per App \/ OCPP-Backend Eco-Modus: Steuerung der Ladeleistung gem\u00e4\u00df dem LadezeitraumEinstellbarer Ladestrom zwischen 6 A und 32 ALadevorgang fernstarten &#038; -stoppenAnzeige von Ladedaten &#038; LadestatusVerwaltung der RFID-Zug\u00e4ngeVerwaltung der Gruppe &#038; MitgliederErfassung von Verbrauchsdaten der Ladevorg\u00e4nge Ladehistorie als Excel exportieren Lieferumfang: \u00b7 RFID-Chips x 4 \u00b7 R\u00fcckplatte-Schl\u00fcssel x 1 \u00b7 Bodenbefestigungshalterung<\/p>\n","protected":false},"excerpt":{"rendered":"<p>&#8216;Entratek Doppelladestation Power Arrow Dual 2 x 22 kW (KfW 442) mit Steckdose &#038; MID-Stromz\u00e4hler Die Power Arrow DUAL 22 kW ist mit ihrem innovativen und eleganten Design ein echter Blickfang auf jedem Parkplatz. Mit zwei Typ-2-Ladesteckdosen und einer Leistung von bis zu 22 kW ist sie perfekt f\u00fcr Standorte, an denen mehrere Elektroautos flexibel [&hellip;]<\/p>\n","protected":false},"featured_media":49324,"template":"","meta":{"_gspb_post_css":""},"store":[],"product_brand":[1366],"product_cat":[1290],"product_tag":[],"class_list":{"0":"post-49325","1":"product","2":"type-product","3":"status-publish","4":"has-post-thumbnail","6":"product_brand-entratek-shop","7":"product_cat-uncategorized","9":"first","10":"instock","11":"shipping-taxable","12":"purchasable","13":"product-type-simple"},"yoast_head":"<!-- This site is optimized with the Yoast SEO plugin v24.6 - https:\/\/yoast.com\/wordpress\/plugins\/seo\/ -->\n<title>&#039;Entratek Doppelladestation Power Arrow Dual 2 x 22 kW (KfW 442) mit Steckdose &amp; MID-Stromz\u00e4hler&#039; | Entratek Shop | Product-Guide.org<\/title>\n<meta name=\"description\" content=\"&#039;Entratek Doppelladestation Power Arrow Dual 2 x 22 kW (KfW 442) mit Steckdose &amp; MID-Stromz\u00e4hler&#039; | Entratek Shop gefunden von Product-Guide.org\" \/>\n<meta name=\"robots\" content=\"index, follow, max-snippet:-1, max-image-preview:large, max-video-preview:-1\" \/>\n<link rel=\"canonical\" href=\"https:\/\/product-guide.org\/en\/produkt\/entratek-doppelladestation-power-arrow-dual-2-x-22-kw-kfw-442-mit-steckdose-mid-stromzahler-entratek-shop\/\" \/>\n<meta property=\"og:locale\" content=\"en_GB\" \/>\n<meta property=\"og:type\" content=\"article\" \/>\n<meta property=\"og:title\" content=\"&#039;Entratek Doppelladestation Power Arrow Dual 2 x 22 kW (KfW 442) mit Steckdose &amp; MID-Stromz\u00e4hler&#039; | Entratek Shop | Product-Guide.org\" \/>\n<meta property=\"og:description\" content=\"&#039;Entratek Doppelladestation Power Arrow Dual 2 x 22 kW (KfW 442) mit Steckdose &amp; MID-Stromz\u00e4hler&#039; | Entratek Shop gefunden von Product-Guide.org\" \/>\n<meta property=\"og:url\" content=\"https:\/\/product-guide.org\/en\/produkt\/entratek-doppelladestation-power-arrow-dual-2-x-22-kw-kfw-442-mit-steckdose-mid-stromzahler-entratek-shop\/\" \/>\n<meta property=\"og:site_name\" content=\"Product-Guide.org\" \/>\n<meta property=\"article:modified_time\" content=\"2025-03-17T09:41:48+00:00\" \/>\n<meta name=\"twitter:card\" content=\"summary_large_image\" \/>\n<script type=\"application\/ld+json\" class=\"yoast-schema-graph\">{\"@context\":\"https:\/\/schema.org\",\"@graph\":[{\"@type\":\"WebPage\",\"@id\":\"https:\/\/product-guide.org\/produkt\/entratek-doppelladestation-power-arrow-dual-2-x-22-kw-kfw-442-mit-steckdose-mid-stromzahler-entratek-shop\/\",\"url\":\"https:\/\/product-guide.org\/produkt\/entratek-doppelladestation-power-arrow-dual-2-x-22-kw-kfw-442-mit-steckdose-mid-stromzahler-entratek-shop\/\",\"name\":\"'Entratek Doppelladestation Power Arrow Dual 2 x 22 kW (KfW 442) mit Steckdose & MID-Stromz\u00e4hler' | Entratek Shop | Product-Guide.org\",\"isPartOf\":{\"@id\":\"https:\/\/product-guide.org\/#website\"},\"primaryImageOfPage\":{\"@id\":\"https:\/\/product-guide.org\/produkt\/entratek-doppelladestation-power-arrow-dual-2-x-22-kw-kfw-442-mit-steckdose-mid-stromzahler-entratek-shop\/#primaryimage\"},\"image\":{\"@id\":\"https:\/\/product-guide.org\/produkt\/entratek-doppelladestation-power-arrow-dual-2-x-22-kw-kfw-442-mit-steckdose-mid-stromzahler-entratek-shop\/#primaryimage\"},\"thumbnailUrl\":\"https:\/\/product-guide.org\/wp-content\/uploads\/2025\/03\/Power-Arrow-Dual-Blau-ohne-Logo-1_m.jpeg\",\"datePublished\":\"2025-03-17T09:41:47+00:00\",\"dateModified\":\"2025-03-17T09:41:48+00:00\",\"description\":\"'Entratek Doppelladestation Power Arrow Dual 2 x 22 kW (KfW 442) mit Steckdose & MID-Stromz\u00e4hler' | Entratek Shop gefunden von Product-Guide.org\",\"breadcrumb\":{\"@id\":\"https:\/\/product-guide.org\/produkt\/entratek-doppelladestation-power-arrow-dual-2-x-22-kw-kfw-442-mit-steckdose-mid-stromzahler-entratek-shop\/#breadcrumb\"},\"inLanguage\":\"en-GB\",\"potentialAction\":[{\"@type\":\"ReadAction\",\"target\":[\"https:\/\/product-guide.org\/produkt\/entratek-doppelladestation-power-arrow-dual-2-x-22-kw-kfw-442-mit-steckdose-mid-stromzahler-entratek-shop\/\"]}]},{\"@type\":\"ImageObject\",\"inLanguage\":\"en-GB\",\"@id\":\"https:\/\/product-guide.org\/produkt\/entratek-doppelladestation-power-arrow-dual-2-x-22-kw-kfw-442-mit-steckdose-mid-stromzahler-entratek-shop\/#primaryimage\",\"url\":\"https:\/\/product-guide.org\/wp-content\/uploads\/2025\/03\/Power-Arrow-Dual-Blau-ohne-Logo-1_m.jpeg\",\"contentUrl\":\"https:\/\/product-guide.org\/wp-content\/uploads\/2025\/03\/Power-Arrow-Dual-Blau-ohne-Logo-1_m.jpeg\",\"width\":500,\"height\":500},{\"@type\":\"BreadcrumbList\",\"@id\":\"https:\/\/product-guide.org\/produkt\/entratek-doppelladestation-power-arrow-dual-2-x-22-kw-kfw-442-mit-steckdose-mid-stromzahler-entratek-shop\/#breadcrumb\",\"itemListElement\":[{\"@type\":\"ListItem\",\"position\":1,\"name\":\"Home\",\"item\":\"https:\/\/product-guide.org\/\"},{\"@type\":\"ListItem\",\"position\":2,\"name\":\"Ergebnisse\",\"item\":\"https:\/\/product-guide.org\/de\/ergebnisse\/\"},{\"@type\":\"ListItem\",\"position\":3,\"name\":\"&#8216;Entratek Doppelladestation Power Arrow Dual 2 x 22 kW (KfW 442) mit Steckdose &#038; MID-Stromz\u00e4hler&#8217; | Entratek Shop\"}]},{\"@type\":\"WebSite\",\"@id\":\"https:\/\/product-guide.org\/#website\",\"url\":\"https:\/\/product-guide.org\/\",\"name\":\"Product-Guide.org\",\"description\":\"What Product are you looking for?\",\"publisher\":{\"@id\":\"https:\/\/product-guide.org\/#organization\"},\"potentialAction\":[{\"@type\":\"SearchAction\",\"target\":{\"@type\":\"EntryPoint\",\"urlTemplate\":\"https:\/\/product-guide.org\/?s={search_term_string}\"},\"query-input\":{\"@type\":\"PropertyValueSpecification\",\"valueRequired\":true,\"valueName\":\"search_term_string\"}}],\"inLanguage\":\"en-GB\"},{\"@type\":\"Organization\",\"@id\":\"https:\/\/product-guide.org\/#organization\",\"name\":\"Product-Guide.org\",\"url\":\"https:\/\/product-guide.org\/\",\"logo\":{\"@type\":\"ImageObject\",\"inLanguage\":\"en-GB\",\"@id\":\"https:\/\/product-guide.org\/#\/schema\/logo\/image\/\",\"url\":\"https:\/\/product-guide.org\/wp-content\/uploads\/2022\/07\/logo_transparent_background.png\",\"contentUrl\":\"https:\/\/product-guide.org\/wp-content\/uploads\/2022\/07\/logo_transparent_background.png\",\"width\":3400,\"height\":1132,\"caption\":\"Product-Guide.org\"},\"image\":{\"@id\":\"https:\/\/product-guide.org\/#\/schema\/logo\/image\/\"}}]}<\/script>\n<!-- \/ Yoast SEO plugin. -->","yoast_head_json":{"title":"'Entratek Doppelladestation Power Arrow Dual 2 x 22 kW (KfW 442) mit Steckdose & MID-Stromz\u00e4hler' | Entratek Shop | Product-Guide.org","description":"'Entratek Doppelladestation Power Arrow Dual 2 x 22 kW (KfW 442) mit Steckdose & MID-Stromz\u00e4hler' | Entratek Shop gefunden von Product-Guide.org","robots":{"index":"index","follow":"follow","max-snippet":"max-snippet:-1","max-image-preview":"max-image-preview:large","max-video-preview":"max-video-preview:-1"},"canonical":"https:\/\/product-guide.org\/en\/produkt\/entratek-doppelladestation-power-arrow-dual-2-x-22-kw-kfw-442-mit-steckdose-mid-stromzahler-entratek-shop\/","og_locale":"en_GB","og_type":"article","og_title":"'Entratek Doppelladestation Power Arrow Dual 2 x 22 kW (KfW 442) mit Steckdose & MID-Stromz\u00e4hler' | Entratek Shop | Product-Guide.org","og_description":"'Entratek Doppelladestation Power Arrow Dual 2 x 22 kW (KfW 442) mit Steckdose & MID-Stromz\u00e4hler' | Entratek Shop gefunden von Product-Guide.org","og_url":"https:\/\/product-guide.org\/en\/produkt\/entratek-doppelladestation-power-arrow-dual-2-x-22-kw-kfw-442-mit-steckdose-mid-stromzahler-entratek-shop\/","og_site_name":"Product-Guide.org","article_modified_time":"2025-03-17T09:41:48+00:00","twitter_card":"summary_large_image","schema":{"@context":"https:\/\/schema.org","@graph":[{"@type":"WebPage","@id":"https:\/\/product-guide.org\/produkt\/entratek-doppelladestation-power-arrow-dual-2-x-22-kw-kfw-442-mit-steckdose-mid-stromzahler-entratek-shop\/","url":"https:\/\/product-guide.org\/produkt\/entratek-doppelladestation-power-arrow-dual-2-x-22-kw-kfw-442-mit-steckdose-mid-stromzahler-entratek-shop\/","name":"'Entratek Doppelladestation Power Arrow Dual 2 x 22 kW (KfW 442) mit Steckdose & MID-Stromz\u00e4hler' | Entratek Shop | Product-Guide.org","isPartOf":{"@id":"https:\/\/product-guide.org\/#website"},"primaryImageOfPage":{"@id":"https:\/\/product-guide.org\/produkt\/entratek-doppelladestation-power-arrow-dual-2-x-22-kw-kfw-442-mit-steckdose-mid-stromzahler-entratek-shop\/#primaryimage"},"image":{"@id":"https:\/\/product-guide.org\/produkt\/entratek-doppelladestation-power-arrow-dual-2-x-22-kw-kfw-442-mit-steckdose-mid-stromzahler-entratek-shop\/#primaryimage"},"thumbnailUrl":"https:\/\/product-guide.org\/wp-content\/uploads\/2025\/03\/Power-Arrow-Dual-Blau-ohne-Logo-1_m.jpeg","datePublished":"2025-03-17T09:41:47+00:00","dateModified":"2025-03-17T09:41:48+00:00","description":"'Entratek Doppelladestation Power Arrow Dual 2 x 22 kW (KfW 442) mit Steckdose & MID-Stromz\u00e4hler' | Entratek Shop gefunden von Product-Guide.org","breadcrumb":{"@id":"https:\/\/product-guide.org\/produkt\/entratek-doppelladestation-power-arrow-dual-2-x-22-kw-kfw-442-mit-steckdose-mid-stromzahler-entratek-shop\/#breadcrumb"},"inLanguage":"en-GB","potentialAction":[{"@type":"ReadAction","target":["https:\/\/product-guide.org\/produkt\/entratek-doppelladestation-power-arrow-dual-2-x-22-kw-kfw-442-mit-steckdose-mid-stromzahler-entratek-shop\/"]}]},{"@type":"ImageObject","inLanguage":"en-GB","@id":"https:\/\/product-guide.org\/produkt\/entratek-doppelladestation-power-arrow-dual-2-x-22-kw-kfw-442-mit-steckdose-mid-stromzahler-entratek-shop\/#primaryimage","url":"https:\/\/product-guide.org\/wp-content\/uploads\/2025\/03\/Power-Arrow-Dual-Blau-ohne-Logo-1_m.jpeg","contentUrl":"https:\/\/product-guide.org\/wp-content\/uploads\/2025\/03\/Power-Arrow-Dual-Blau-ohne-Logo-1_m.jpeg","width":500,"height":500},{"@type":"BreadcrumbList","@id":"https:\/\/product-guide.org\/produkt\/entratek-doppelladestation-power-arrow-dual-2-x-22-kw-kfw-442-mit-steckdose-mid-stromzahler-entratek-shop\/#breadcrumb","itemListElement":[{"@type":"ListItem","position":1,"name":"Home","item":"https:\/\/product-guide.org\/"},{"@type":"ListItem","position":2,"name":"Ergebnisse","item":"https:\/\/product-guide.org\/de\/ergebnisse\/"},{"@type":"ListItem","position":3,"name":"&#8216;Entratek Doppelladestation Power Arrow Dual 2 x 22 kW (KfW 442) mit Steckdose &#038; MID-Stromz\u00e4hler&#8217; | Entratek Shop"}]},{"@type":"WebSite","@id":"https:\/\/product-guide.org\/#website","url":"https:\/\/product-guide.org\/","name":"Product-Guide.org","description":"What Product are you looking for?","publisher":{"@id":"https:\/\/product-guide.org\/#organization"},"potentialAction":[{"@type":"SearchAction","target":{"@type":"EntryPoint","urlTemplate":"https:\/\/product-guide.org\/?s={search_term_string}"},"query-input":{"@type":"PropertyValueSpecification","valueRequired":true,"valueName":"search_term_string"}}],"inLanguage":"en-GB"},{"@type":"Organization","@id":"https:\/\/product-guide.org\/#organization","name":"Product-Guide.org","url":"https:\/\/product-guide.org\/","logo":{"@type":"ImageObject","inLanguage":"en-GB","@id":"https:\/\/product-guide.org\/#\/schema\/logo\/image\/","url":"https:\/\/product-guide.org\/wp-content\/uploads\/2022\/07\/logo_transparent_background.png","contentUrl":"https:\/\/product-guide.org\/wp-content\/uploads\/2022\/07\/logo_transparent_background.png","width":3400,"height":1132,"caption":"Product-Guide.org"},"image":{"@id":"https:\/\/product-guide.org\/#\/schema\/logo\/image\/"}}]}},"_links":{"self":[{"href":"https:\/\/product-guide.org\/en\/wp-json\/wp\/v2\/product\/49325","targetHints":{"allow":["GET"]}}],"collection":[{"href":"https:\/\/product-guide.org\/en\/wp-json\/wp\/v2\/product"}],"about":[{"href":"https:\/\/product-guide.org\/en\/wp-json\/wp\/v2\/types\/product"}],"wp:featuredmedia":[{"embeddable":true,"href":"https:\/\/product-guide.org\/en\/wp-json\/wp\/v2\/media\/49324"}],"wp:attachment":[{"href":"https:\/\/product-guide.org\/en\/wp-json\/wp\/v2\/media?parent=49325"}],"wp:term":[{"taxonomy":"store","embeddable":true,"href":"https:\/\/product-guide.org\/en\/wp-json\/wp\/v2\/store?post=49325"},{"taxonomy":"product_brand","embeddable":true,"href":"https:\/\/product-guide.org\/en\/wp-json\/wp\/v2\/product_brand?post=49325"},{"taxonomy":"product_cat","embeddable":true,"href":"https:\/\/product-guide.org\/en\/wp-json\/wp\/v2\/product_cat?post=49325"},{"taxonomy":"product_tag","embeddable":true,"href":"https:\/\/product-guide.org\/en\/wp-json\/wp\/v2\/product_tag?post=49325"}],"curies":[{"name":"wp","href":"https:\/\/api.w.org\/{rel}","templated":true}]}}