{"id":49327,"date":"2025-03-17T10:41:48","date_gmt":"2025-03-17T09:41:48","guid":{"rendered":"https:\/\/product-guide.org\/produkt\/entratek-flatbalkonkraftwerk-800w-880wp-komplettsetez1-mastronergy-440wp-10m-schukokabel-entratek-shop\/"},"modified":"2025-03-17T10:41:49","modified_gmt":"2025-03-17T09:41:49","slug":"entratek-flatbalkonkraftwerk-800w-880wp-komplettsetez1-mastronergy-440wp-10m-schukokabel-entratek-shop","status":"publish","type":"product","link":"https:\/\/product-guide.org\/en\/produkt\/entratek-flatbalkonkraftwerk-800w-880wp-komplettsetez1-mastronergy-440wp-10m-schukokabel-entratek-shop\/","title":{"rendered":"&#8216;Entratek Flat|Balkonkraftwerk 800W\/880Wp Komplettset|EZ1-M&#038;Astronergy 440Wp &#038; 10m Schukokabel&#8217; | Entratek Shop"},"content":{"rendered":"<p>&#8216;Entratek Flat| Balkonkraftwerk 800W \/ 880 Wp Komplettset| Glas-Glas Bifazial Full Black Solarmodul|Mini-Solaranlage mit Halterung f\u00fcr Flachdach\/Garten\/Carpot &#8211; Astronergy Bifazial Glas-Glas Full Black Solarmodule &#038; APsystems Mikrowechselrichter Preis inkl. 0% MwSt. nach \u00a712 Abs. 3 UStG. Erm\u00e4\u00dfigter Steuersatz gilt nicht f\u00fcr Wiederverk\u00e4ufer oder bei mehr als 30kWp.* Mini-Solaranlage Komplettsets f\u00fcr Terrasse, Garten und Flachdach. Entratek Flat Mini-Solaranlagen sind f\u00fcr die unkomplizierte Aufstellung auf allen ebenen Fl\u00e4chen konzipiert und lassen sich so hervorragend auf dem Flachdach, der Garage, im Garten oder auf der Terrasse aufstellen. Hochwertige, stabile Halterung aus rostfreies Aluminium. Der Winkel l\u00e4sst sich flexibel einstellen und zur Sonne ausrichten. Der Aufbau der Halterung ist dank des Plug-and-Play-Anschlusses simpel und schnell erledigt. Die Ausrichtung erfolgt je nach Verbrauchsverhalten flexibel nach S\u00fcd, Ost oder West. Einfacher AufbauAlles in einem PaketStabile HalterungTop-Preis-LeistungHochwertige Komponenten Versand \/ Abholung Versand: Sperrgutversand f\u00fcr 49 \u20ac (DE) und f\u00fcr 79 \u20ac (AT) Selbstabholung: Ersparnis von 49 \u20ac bei Abholung in 21629 Neu Wulmstorf (bei Hamburg). Bitte beachte dabei die Abmessungen f\u00fcr die Solarmodule: 1722 x 1134 x 30 mm. Solarset &#8211; 2x Solarmodule (je 440 Wp) &#8211; 1x Wechselrichter (800 W) &#8211; 2x Halterungs-Sets zum Aufstellen &#8211; 2x Verl\u00e4ngerungskabel MC4 (3 m) &#8211; 1x 10 m Schukokabel (Querschnitt: 3x 1,5mm\u00b2) Hinweis: Die M8-Schrauben zur Befestigung des Mikrowechselrichters sind nicht im Lieferumfang enthalten. Halterung Stabile Premium-Halterung f\u00fcr eine optimale Aufstellung auf allen ebenen Fl\u00e4chen sowie im Au\u00dfenbereich. Die Halterung maximiert Deinen Stromertrag und ist f\u00fcr den langfristigen Betrieb Deiner Solarmodule konzipiert. Der Winkel l\u00e4sst sich flexibel einstellen und zur Sonne ausrichten: einstellbarer Neigungswinkel 20\u00b0-43\u00b0. Hohe Belastbarkeit und wetterfest durch rostfreies Aluminium. Montage des Mikrowechselrichters an der Halterung m\u00f6glich. Anschlusskabel Bitte w\u00e4hle die gew\u00fcnschte Kabell\u00e4nge und Steckerart aus. Produktbeschreibung Die Entratek Flat M Anlage ist sehr einfach aufzubauen und kann auf jeder ebenen Fl\u00e4che aufgestellt werden \u2013 wie z.B. auf einem Flachdach oder der Terrasse. Damit die Solaranlage auch bei einem Sturm sicher steht, kannst du die Halterung zus\u00e4tzlich am Boden befestigen. Im Aluminiumrahmen des Montagesystems befinden sich bereits L\u00f6cher f\u00fcr eine Befestigung. Genauere Infos zum Aufbau findest du in der Montageanleitung. Du erh\u00e4ltst ein stabiles, witterungsbest\u00e4ndiges Halterungssystem, das Du im gew\u00fcnschten Neigungswinkel zwischen 30\u00b0 bis 43\u00b0einstellen und im Garten oder auf dem Flachdach anbringen kannst. Zur Montage ben\u00f6tigst du einen Inbusschl\u00fcssel, einen Schraubenschl\u00fcssel und geeignete Schrauben und D\u00fcbel. L\u00f6cher f\u00fcr die Montage sind bereits vorhanden. Auch f\u00fcr die Befestigung des Wechselrichters sind bereits L\u00f6cher in der Aufst\u00e4nderung vorhanden. Ist die Solaranlage angeschlossen, wird der erzeugte Solarstrom mithilfe des Wechselrichters in Netzstrom umgewandelt. Dieser flie\u00dft \u00fcber eine Steckdose in den Haushalt und kann von deinen Elektroger\u00e4ten sofort verbraucht werden. Wird nicht genug Solarstrom erzeugt, flie\u00dft Strom aus dem Netz hinzu. Da Stromz\u00e4hler saldierend arbeiten, steht der eingespeiste Strom im gesamten Stromkreis zur Verf\u00fcgung. Die Leistung des Wechselrichters betr\u00e4gt 800 Watt, daher darfst du die Anlage selbst beim Netzbetreiber anmelden (800 Watt Grenze). Wir stellen dir daf\u00fcr alle notwendigen Unterlagen bereit. Die ertragreichen Mini-Solaranlagen sind auf Leistungen bis 440 Wp (Watt-Peak) pro Modul ausgelegt. Je nach Himmelsrichtung lassen sich mit also zwei Modulen bis zu 880 kWh pro Jahr ins Hausnetz einspeisen. Anders ausgedr\u00fcckt kannst Du bei den aktuellen Strompreisen Energie im Wert von ca. 327 \u20ac pro Jahr einsparen.* So erschwinglich kann die Energiewende sein &#8211; dank der Mini-Solaranlage! *Prognose bei S\u00fcdausrichtung am Standort K\u00f6ln (bei Strompreis 37,14 ct\/kWh) Lieferumfang 2x Astronergy 440 Wp Glas-Glas Bifazial Full Black N-Typ Solarmodul Highlights: \u00c4sthetisches ErscheinungsbildElegantes Design in schwarzer (transparenzer) Optik, harmonische Integration in die Komponenten des Geb\u00e4udes, um ein intensives \u00e4sthetisches Erlebnis zu bieten Leichtes DoppelglasLeichte Doppelglasstruktur, die die Bruchrate der Module effektiv reduziert.Die idealen Modulgr\u00f6\u00dfe und -Gewicht erleichtern Handhabung und Installation Widerstand in rauen UmgebungenZuverl\u00e4ssige Qualit\u00e4t, die das Modul auch gegen hohen Temperaturen,Salzwasser und Ammoniak widerstandsf\u00e4hig macht Erweiterte Wind- und SchneelasttestsModule zertifiziert um extreme Schneelasten (5400 Pascal) standzuhalten 30 Jahre lineare Garantie25 Jahre Produktgarantie Technische Daten: Marke: AstronergyGeh\u00e4usefarbe: SchwarzModule-Typ: N-Typ TOPCon Glas-Glas monofazial HalbzellmodulePm: 440 WpImp: 13,31 AVmp: 33,05 Vmax. Systemspannung: 1000 V\/1500 V DCMa\u00dfe: 1762x<\/p>\n","protected":false},"excerpt":{"rendered":"<p>&#8216;Entratek Flat| Balkonkraftwerk 800W \/ 880 Wp Komplettset| Glas-Glas Bifazial Full Black Solarmodul|Mini-Solaranlage mit Halterung f\u00fcr Flachdach\/Garten\/Carpot &#8211; Astronergy Bifazial Glas-Glas Full Black Solarmodule &#038; APsystems Mikrowechselrichter Preis inkl. 0% MwSt. nach \u00a712 Abs. 3 UStG. Erm\u00e4\u00dfigter Steuersatz gilt nicht f\u00fcr Wiederverk\u00e4ufer oder bei mehr als 30kWp.* Mini-Solaranlage Komplettsets f\u00fcr Terrasse, Garten und Flachdach. Entratek [&hellip;]<\/p>\n","protected":false},"featured_media":49326,"template":"","meta":{"_gspb_post_css":""},"store":[],"product_brand":[1366],"product_cat":[1290],"product_tag":[],"class_list":{"0":"post-49327","1":"product","2":"type-product","3":"status-publish","4":"has-post-thumbnail","6":"product_brand-entratek-shop","7":"product_cat-uncategorized","9":"first","10":"instock","11":"shipping-taxable","12":"purchasable","13":"product-type-simple"},"yoast_head":"<!-- This site is optimized with the Yoast SEO plugin v24.6 - https:\/\/yoast.com\/wordpress\/plugins\/seo\/ -->\n<title>&#039;Entratek Flat|Balkonkraftwerk 800W\/880Wp Komplettset|EZ1-M&amp;Astronergy 440Wp &amp; 10m Schukokabel&#039; | Entratek Shop | Product-Guide.org<\/title>\n<meta name=\"description\" content=\"&#039;Entratek Flat|Balkonkraftwerk 800W\/880Wp Komplettset|EZ1-M&amp;Astronergy 440Wp &amp; 10m Schukokabel&#039; | Entratek Shop gefunden von Product-Guide.org\" \/>\n<meta name=\"robots\" content=\"index, follow, max-snippet:-1, max-image-preview:large, max-video-preview:-1\" \/>\n<link rel=\"canonical\" href=\"https:\/\/product-guide.org\/en\/produkt\/entratek-flatbalkonkraftwerk-800w-880wp-komplettsetez1-mastronergy-440wp-10m-schukokabel-entratek-shop\/\" \/>\n<meta property=\"og:locale\" content=\"en_GB\" \/>\n<meta property=\"og:type\" content=\"article\" \/>\n<meta property=\"og:title\" content=\"&#039;Entratek Flat|Balkonkraftwerk 800W\/880Wp Komplettset|EZ1-M&amp;Astronergy 440Wp &amp; 10m Schukokabel&#039; | Entratek Shop | Product-Guide.org\" \/>\n<meta property=\"og:description\" content=\"&#039;Entratek Flat|Balkonkraftwerk 800W\/880Wp Komplettset|EZ1-M&amp;Astronergy 440Wp &amp; 10m Schukokabel&#039; | Entratek Shop gefunden von Product-Guide.org\" \/>\n<meta property=\"og:url\" content=\"https:\/\/product-guide.org\/en\/produkt\/entratek-flatbalkonkraftwerk-800w-880wp-komplettsetez1-mastronergy-440wp-10m-schukokabel-entratek-shop\/\" \/>\n<meta property=\"og:site_name\" content=\"Product-Guide.org\" \/>\n<meta property=\"article:modified_time\" content=\"2025-03-17T09:41:49+00:00\" \/>\n<meta name=\"twitter:card\" content=\"summary_large_image\" \/>\n<script type=\"application\/ld+json\" class=\"yoast-schema-graph\">{\"@context\":\"https:\/\/schema.org\",\"@graph\":[{\"@type\":\"WebPage\",\"@id\":\"https:\/\/product-guide.org\/produkt\/entratek-flatbalkonkraftwerk-800w-880wp-komplettsetez1-mastronergy-440wp-10m-schukokabel-entratek-shop\/\",\"url\":\"https:\/\/product-guide.org\/produkt\/entratek-flatbalkonkraftwerk-800w-880wp-komplettsetez1-mastronergy-440wp-10m-schukokabel-entratek-shop\/\",\"name\":\"'Entratek Flat|Balkonkraftwerk 800W\/880Wp Komplettset|EZ1-M&Astronergy 440Wp & 10m Schukokabel' | Entratek Shop | Product-Guide.org\",\"isPartOf\":{\"@id\":\"https:\/\/product-guide.org\/#website\"},\"primaryImageOfPage\":{\"@id\":\"https:\/\/product-guide.org\/produkt\/entratek-flatbalkonkraftwerk-800w-880wp-komplettsetez1-mastronergy-440wp-10m-schukokabel-entratek-shop\/#primaryimage\"},\"image\":{\"@id\":\"https:\/\/product-guide.org\/produkt\/entratek-flatbalkonkraftwerk-800w-880wp-komplettsetez1-mastronergy-440wp-10m-schukokabel-entratek-shop\/#primaryimage\"},\"thumbnailUrl\":\"https:\/\/product-guide.org\/wp-content\/uploads\/2025\/03\/Flat_440_-_neu_m.jpg\",\"datePublished\":\"2025-03-17T09:41:48+00:00\",\"dateModified\":\"2025-03-17T09:41:49+00:00\",\"description\":\"'Entratek Flat|Balkonkraftwerk 800W\/880Wp Komplettset|EZ1-M&Astronergy 440Wp & 10m Schukokabel' | Entratek Shop gefunden von Product-Guide.org\",\"breadcrumb\":{\"@id\":\"https:\/\/product-guide.org\/produkt\/entratek-flatbalkonkraftwerk-800w-880wp-komplettsetez1-mastronergy-440wp-10m-schukokabel-entratek-shop\/#breadcrumb\"},\"inLanguage\":\"en-GB\",\"potentialAction\":[{\"@type\":\"ReadAction\",\"target\":[\"https:\/\/product-guide.org\/produkt\/entratek-flatbalkonkraftwerk-800w-880wp-komplettsetez1-mastronergy-440wp-10m-schukokabel-entratek-shop\/\"]}]},{\"@type\":\"ImageObject\",\"inLanguage\":\"en-GB\",\"@id\":\"https:\/\/product-guide.org\/produkt\/entratek-flatbalkonkraftwerk-800w-880wp-komplettsetez1-mastronergy-440wp-10m-schukokabel-entratek-shop\/#primaryimage\",\"url\":\"https:\/\/product-guide.org\/wp-content\/uploads\/2025\/03\/Flat_440_-_neu_m.jpg\",\"contentUrl\":\"https:\/\/product-guide.org\/wp-content\/uploads\/2025\/03\/Flat_440_-_neu_m.jpg\",\"width\":500,\"height\":500},{\"@type\":\"BreadcrumbList\",\"@id\":\"https:\/\/product-guide.org\/produkt\/entratek-flatbalkonkraftwerk-800w-880wp-komplettsetez1-mastronergy-440wp-10m-schukokabel-entratek-shop\/#breadcrumb\",\"itemListElement\":[{\"@type\":\"ListItem\",\"position\":1,\"name\":\"Home\",\"item\":\"https:\/\/product-guide.org\/\"},{\"@type\":\"ListItem\",\"position\":2,\"name\":\"Ergebnisse\",\"item\":\"https:\/\/product-guide.org\/de\/ergebnisse\/\"},{\"@type\":\"ListItem\",\"position\":3,\"name\":\"&#8216;Entratek Flat|Balkonkraftwerk 800W\/880Wp Komplettset|EZ1-M&#038;Astronergy 440Wp &#038; 10m Schukokabel&#8217; | Entratek Shop\"}]},{\"@type\":\"WebSite\",\"@id\":\"https:\/\/product-guide.org\/#website\",\"url\":\"https:\/\/product-guide.org\/\",\"name\":\"Product-Guide.org\",\"description\":\"What Product are you looking for?\",\"publisher\":{\"@id\":\"https:\/\/product-guide.org\/#organization\"},\"potentialAction\":[{\"@type\":\"SearchAction\",\"target\":{\"@type\":\"EntryPoint\",\"urlTemplate\":\"https:\/\/product-guide.org\/?s={search_term_string}\"},\"query-input\":{\"@type\":\"PropertyValueSpecification\",\"valueRequired\":true,\"valueName\":\"search_term_string\"}}],\"inLanguage\":\"en-GB\"},{\"@type\":\"Organization\",\"@id\":\"https:\/\/product-guide.org\/#organization\",\"name\":\"Product-Guide.org\",\"url\":\"https:\/\/product-guide.org\/\",\"logo\":{\"@type\":\"ImageObject\",\"inLanguage\":\"en-GB\",\"@id\":\"https:\/\/product-guide.org\/#\/schema\/logo\/image\/\",\"url\":\"https:\/\/product-guide.org\/wp-content\/uploads\/2022\/07\/logo_transparent_background.png\",\"contentUrl\":\"https:\/\/product-guide.org\/wp-content\/uploads\/2022\/07\/logo_transparent_background.png\",\"width\":3400,\"height\":1132,\"caption\":\"Product-Guide.org\"},\"image\":{\"@id\":\"https:\/\/product-guide.org\/#\/schema\/logo\/image\/\"}}]}<\/script>\n<!-- \/ Yoast SEO plugin. -->","yoast_head_json":{"title":"'Entratek Flat|Balkonkraftwerk 800W\/880Wp Komplettset|EZ1-M&Astronergy 440Wp & 10m Schukokabel' | Entratek Shop | Product-Guide.org","description":"'Entratek Flat|Balkonkraftwerk 800W\/880Wp Komplettset|EZ1-M&Astronergy 440Wp & 10m Schukokabel' | Entratek Shop gefunden von Product-Guide.org","robots":{"index":"index","follow":"follow","max-snippet":"max-snippet:-1","max-image-preview":"max-image-preview:large","max-video-preview":"max-video-preview:-1"},"canonical":"https:\/\/product-guide.org\/en\/produkt\/entratek-flatbalkonkraftwerk-800w-880wp-komplettsetez1-mastronergy-440wp-10m-schukokabel-entratek-shop\/","og_locale":"en_GB","og_type":"article","og_title":"'Entratek Flat|Balkonkraftwerk 800W\/880Wp Komplettset|EZ1-M&Astronergy 440Wp & 10m Schukokabel' | Entratek Shop | Product-Guide.org","og_description":"'Entratek Flat|Balkonkraftwerk 800W\/880Wp Komplettset|EZ1-M&Astronergy 440Wp & 10m Schukokabel' | Entratek Shop gefunden von Product-Guide.org","og_url":"https:\/\/product-guide.org\/en\/produkt\/entratek-flatbalkonkraftwerk-800w-880wp-komplettsetez1-mastronergy-440wp-10m-schukokabel-entratek-shop\/","og_site_name":"Product-Guide.org","article_modified_time":"2025-03-17T09:41:49+00:00","twitter_card":"summary_large_image","schema":{"@context":"https:\/\/schema.org","@graph":[{"@type":"WebPage","@id":"https:\/\/product-guide.org\/produkt\/entratek-flatbalkonkraftwerk-800w-880wp-komplettsetez1-mastronergy-440wp-10m-schukokabel-entratek-shop\/","url":"https:\/\/product-guide.org\/produkt\/entratek-flatbalkonkraftwerk-800w-880wp-komplettsetez1-mastronergy-440wp-10m-schukokabel-entratek-shop\/","name":"'Entratek Flat|Balkonkraftwerk 800W\/880Wp Komplettset|EZ1-M&Astronergy 440Wp & 10m Schukokabel' | Entratek Shop | Product-Guide.org","isPartOf":{"@id":"https:\/\/product-guide.org\/#website"},"primaryImageOfPage":{"@id":"https:\/\/product-guide.org\/produkt\/entratek-flatbalkonkraftwerk-800w-880wp-komplettsetez1-mastronergy-440wp-10m-schukokabel-entratek-shop\/#primaryimage"},"image":{"@id":"https:\/\/product-guide.org\/produkt\/entratek-flatbalkonkraftwerk-800w-880wp-komplettsetez1-mastronergy-440wp-10m-schukokabel-entratek-shop\/#primaryimage"},"thumbnailUrl":"https:\/\/product-guide.org\/wp-content\/uploads\/2025\/03\/Flat_440_-_neu_m.jpg","datePublished":"2025-03-17T09:41:48+00:00","dateModified":"2025-03-17T09:41:49+00:00","description":"'Entratek Flat|Balkonkraftwerk 800W\/880Wp Komplettset|EZ1-M&Astronergy 440Wp & 10m Schukokabel' | Entratek Shop gefunden von Product-Guide.org","breadcrumb":{"@id":"https:\/\/product-guide.org\/produkt\/entratek-flatbalkonkraftwerk-800w-880wp-komplettsetez1-mastronergy-440wp-10m-schukokabel-entratek-shop\/#breadcrumb"},"inLanguage":"en-GB","potentialAction":[{"@type":"ReadAction","target":["https:\/\/product-guide.org\/produkt\/entratek-flatbalkonkraftwerk-800w-880wp-komplettsetez1-mastronergy-440wp-10m-schukokabel-entratek-shop\/"]}]},{"@type":"ImageObject","inLanguage":"en-GB","@id":"https:\/\/product-guide.org\/produkt\/entratek-flatbalkonkraftwerk-800w-880wp-komplettsetez1-mastronergy-440wp-10m-schukokabel-entratek-shop\/#primaryimage","url":"https:\/\/product-guide.org\/wp-content\/uploads\/2025\/03\/Flat_440_-_neu_m.jpg","contentUrl":"https:\/\/product-guide.org\/wp-content\/uploads\/2025\/03\/Flat_440_-_neu_m.jpg","width":500,"height":500},{"@type":"BreadcrumbList","@id":"https:\/\/product-guide.org\/produkt\/entratek-flatbalkonkraftwerk-800w-880wp-komplettsetez1-mastronergy-440wp-10m-schukokabel-entratek-shop\/#breadcrumb","itemListElement":[{"@type":"ListItem","position":1,"name":"Home","item":"https:\/\/product-guide.org\/"},{"@type":"ListItem","position":2,"name":"Ergebnisse","item":"https:\/\/product-guide.org\/de\/ergebnisse\/"},{"@type":"ListItem","position":3,"name":"&#8216;Entratek Flat|Balkonkraftwerk 800W\/880Wp Komplettset|EZ1-M&#038;Astronergy 440Wp &#038; 10m Schukokabel&#8217; | Entratek Shop"}]},{"@type":"WebSite","@id":"https:\/\/product-guide.org\/#website","url":"https:\/\/product-guide.org\/","name":"Product-Guide.org","description":"What Product are you looking for?","publisher":{"@id":"https:\/\/product-guide.org\/#organization"},"potentialAction":[{"@type":"SearchAction","target":{"@type":"EntryPoint","urlTemplate":"https:\/\/product-guide.org\/?s={search_term_string}"},"query-input":{"@type":"PropertyValueSpecification","valueRequired":true,"valueName":"search_term_string"}}],"inLanguage":"en-GB"},{"@type":"Organization","@id":"https:\/\/product-guide.org\/#organization","name":"Product-Guide.org","url":"https:\/\/product-guide.org\/","logo":{"@type":"ImageObject","inLanguage":"en-GB","@id":"https:\/\/product-guide.org\/#\/schema\/logo\/image\/","url":"https:\/\/product-guide.org\/wp-content\/uploads\/2022\/07\/logo_transparent_background.png","contentUrl":"https:\/\/product-guide.org\/wp-content\/uploads\/2022\/07\/logo_transparent_background.png","width":3400,"height":1132,"caption":"Product-Guide.org"},"image":{"@id":"https:\/\/product-guide.org\/#\/schema\/logo\/image\/"}}]}},"_links":{"self":[{"href":"https:\/\/product-guide.org\/en\/wp-json\/wp\/v2\/product\/49327","targetHints":{"allow":["GET"]}}],"collection":[{"href":"https:\/\/product-guide.org\/en\/wp-json\/wp\/v2\/product"}],"about":[{"href":"https:\/\/product-guide.org\/en\/wp-json\/wp\/v2\/types\/product"}],"wp:featuredmedia":[{"embeddable":true,"href":"https:\/\/product-guide.org\/en\/wp-json\/wp\/v2\/media\/49326"}],"wp:attachment":[{"href":"https:\/\/product-guide.org\/en\/wp-json\/wp\/v2\/media?parent=49327"}],"wp:term":[{"taxonomy":"store","embeddable":true,"href":"https:\/\/product-guide.org\/en\/wp-json\/wp\/v2\/store?post=49327"},{"taxonomy":"product_brand","embeddable":true,"href":"https:\/\/product-guide.org\/en\/wp-json\/wp\/v2\/product_brand?post=49327"},{"taxonomy":"product_cat","embeddable":true,"href":"https:\/\/product-guide.org\/en\/wp-json\/wp\/v2\/product_cat?post=49327"},{"taxonomy":"product_tag","embeddable":true,"href":"https:\/\/product-guide.org\/en\/wp-json\/wp\/v2\/product_tag?post=49327"}],"curies":[{"name":"wp","href":"https:\/\/api.w.org\/{rel}","templated":true}]}}