{"id":49339,"date":"2025-03-17T10:41:56","date_gmt":"2025-03-17T09:41:56","guid":{"rendered":"https:\/\/product-guide.org\/produkt\/035m-flache-solarkabel-mc4-fensterdurchfuhrung-6mm%c2%b2-flachkabel-fur-balkonkraftwerk-2-stuck-entratek-shop\/"},"modified":"2025-03-17T10:41:56","modified_gmt":"2025-03-17T09:41:56","slug":"035m-flache-solarkabel-mc4-fensterdurchfuhrung-6mm%c2%b2-flachkabel-fur-balkonkraftwerk-2-stuck-entratek-shop","status":"publish","type":"product","link":"https:\/\/product-guide.org\/en\/produkt\/035m-flache-solarkabel-mc4-fensterdurchfuhrung-6mm%c2%b2-flachkabel-fur-balkonkraftwerk-2-stuck-entratek-shop\/","title":{"rendered":"&#8216;0,35m Flache Solarkabel MC4 Fensterdurchf\u00fchrung 6mm\u00b2 Flachkabel f\u00fcr Balkonkraftwerk 2 St\u00fcck&#8217; | Entratek Shop"},"content":{"rendered":"<p>&#8216;Preis inkl. 0% MwSt. nach \u00a712 Abs. 3 UStG. Erm\u00e4\u00dfigter Steuersatz gilt nicht f\u00fcr Wiederverk\u00e4ufer oder bei mehr als 30kWp.* Flache Solarkabel MC4 Fensterdurchf\u00fchrung 35cm 6mm\u00b2 Adapter f\u00fcr Balkonkraftwerk 1 Paar Anschlusskabel mit MC4 SteckernExtra flache Ausf\u00fchrung35 cm langDicke: 1,5 mm Unser 2er Set Flache Solarkabel MC4 Fensterdurchf\u00fchrung f\u00fcr Balkonkraftwerk bietet Ihnen eine zuverl\u00e4ssige L\u00f6sung f\u00fcr die Verbindung von Solarmodulen und Mikrowechselrichtern \u00fcber Fenster oder T\u00fcren, ohne dabei L\u00f6cher bohren zu m\u00fcssen. Diese Solarkabel-Fensterdurchf\u00fchrung besteht aus 6mm\u00b2 geflochtenem Kupferdraht und bietet so eine bessere Leitf\u00e4higkeit, weniger Leitungsverluste und h\u00f6here Effizienz als die schmaleren Ausf\u00fchrungen. Somit ist auch der thermische Verschlei\u00df geringer und die Lebensdauer l\u00e4nger. Details Kabell\u00e4nge: 35 cmSteckerverbindung: Passend f\u00fcr MC4 SteckverbinderHohe Strombelastbarkeit: Das innenliegende Kupfer-Drahtgeflecht erm\u00f6glicht eine zuverl\u00e4ssige Strom\u00fcbertragung, selbst bei hohen Belastungen.Flexibles Solarkabel mit Photovoltaik-Stecker und Kupplung f\u00fcr FensterdurchdringungEinfache Montage: vorkonfektionierte flache Solarkabel for Verbindung von Solarmodulen durch den Fensterfalz oder die Balkont\u00fcrHohe Flexibilit\u00e4t: Das Kabel kann einfach durch den T\u00fcr- oder Fensterfl\u00fcgel gef\u00fchrt und geschlossen werdenKompatibel mit Photovoltaik-Stecker: Jedes Kabel ist mit einem Stecker und einer Buchse ausgestattet, die mit Photovoltaik-Stecker kompatibel sindKabelquerschnitt 6 mm\u00b2: F\u00fcr zuverl\u00e4ssige Strom\u00fcbertragungLieferumfang: 2x Solarkabel-Fl\u00fcgeldurchf\u00fchrung flach mit Stecker und Kupplung Technische Daten L\u00e4nge: 35 cmKupferdrahtquerschnitt: 6 mm\u00b2Gewicht: 50 gDicke: 1,5 mm Isolationsmaterial: PC\/PPOMaximaler Nennstrom: 30ASchutzklasse: IP55Maximale Spannung: 1000VFeuerbest\u00e4ndigkeitsklasse: UL-94-VoPr\u00fcfspannung: AC 6kV (50 Hz, 1 min)Sicherheitsklasse: II\u00dcberspannungskategorie: OVCIIEinsteck- \/ Ausziehkraft: 300NAnschlussart: Kaltgepresst \/ SteckverbindungKontaktwiderstand des Steckverbinders: 0,5m\u03a9Temperaturbereich: -40\u00b0C bis +90\u00b0C (IEC) \/ -40\u00b0C bis +75\u00b0C (UL)Kontakmaterial: Verzinnte Kupferlegierung Anschlussbeispiele F\u00fcr gro\u00dfe 40 Volt Module mit jeweils maximal m\u00f6glicher Gesamtleistung unter Beachtung der Stromst\u00e4rke (Ampere): 2*400 Watt Module (mit je 40V) = 800 Watt in Parallelschaltung sind ca. 20 Ampere bei 40 Volt2*400 Watt Module (mit je 40V) = 800 Watt in Reihenschaltung sind 10 Ampere bei 80 Volt3*400 Watt Module (mit je 40V) = 1200 Watt in Reihenschaltung sind 10 Ampere bei 120 Volt2*(3*400 Watt Module (mit je 40V) = 2400 Watt in parallel + Reihenschaltung sind 20 Ampere bei 120 Volt (maximal zul\u00e4ssige Spitzenleistung \u2013 f\u00fcr den dauerhaften Einsatz nicht zu empfehlen) Wichtig: Sobald die Kabel f\u00fchlbar warm werden, sind sie verschlissen, besch\u00e4digt oder es liegt zu viel Modulleistung an. Dann m\u00fcssen die Kabel unbedingt ersetzt werden. Feuergefahr! *Der Gesetzgeber hat ab dem 1. Januar 2023 f\u00fcr die Lieferung von Photowoltaikanlagen und deren Komponenten unter bestimmten voraussetzungen einen Mehrwertsteuersatz von 0 % festgelegt (MwSt.-frei nach \u00a7 12 Abs. 3 UStG &#8211; Jahressteuergestz 2022). Sollte Dein Kauf nicht unter der Regelung fallen, kontaktiere uns bitte. Wir behalten uns vor f\u00e4llige Mehrwertsteuer-Betr\u00e4ge nachzufordern, falls Leistungen nach der neuen Gesetzgebung anscheinend nicht mit 0% Mehrwertsteuer nach \u00a7 12 Abs. 3 UStG zu berechnen sind Hast du noch Fragen zum Flachkabel MC4? Dann schreib uns \u00fcber das Kontaktformular. Tipps: &#8211; Lieferzeit: Tage beziehen sich auf Arbeitstage.&#8217;<\/p>\n","protected":false},"excerpt":{"rendered":"<p>&#8216;Preis inkl. 0% MwSt. nach \u00a712 Abs. 3 UStG. Erm\u00e4\u00dfigter Steuersatz gilt nicht f\u00fcr Wiederverk\u00e4ufer oder bei mehr als 30kWp.* Flache Solarkabel MC4 Fensterdurchf\u00fchrung 35cm 6mm\u00b2 Adapter f\u00fcr Balkonkraftwerk 1 Paar Anschlusskabel mit MC4 SteckernExtra flache Ausf\u00fchrung35 cm langDicke: 1,5 mm Unser 2er Set Flache Solarkabel MC4 Fensterdurchf\u00fchrung f\u00fcr Balkonkraftwerk bietet Ihnen eine zuverl\u00e4ssige L\u00f6sung [&hellip;]<\/p>\n","protected":false},"featured_media":49338,"template":"","meta":{"_gspb_post_css":""},"store":[],"product_brand":[1366],"product_cat":[1290],"product_tag":[],"class_list":{"0":"post-49339","1":"product","2":"type-product","3":"status-publish","4":"has-post-thumbnail","6":"product_brand-entratek-shop","7":"product_cat-uncategorized","9":"first","10":"instock","11":"shipping-taxable","12":"purchasable","13":"product-type-simple"},"yoast_head":"<!-- This site is optimized with the Yoast SEO plugin v24.6 - https:\/\/yoast.com\/wordpress\/plugins\/seo\/ -->\n<title>&#039;0,35m Flache Solarkabel MC4 Fensterdurchf\u00fchrung 6mm\u00b2 Flachkabel f\u00fcr Balkonkraftwerk 2 St\u00fcck&#039; | Entratek Shop | Product-Guide.org<\/title>\n<meta name=\"description\" content=\"&#039;0,35m Flache Solarkabel MC4 Fensterdurchf\u00fchrung 6mm\u00b2 Flachkabel f\u00fcr Balkonkraftwerk 2 St\u00fcck&#039; | Entratek Shop gefunden von Product-Guide.org\" \/>\n<meta name=\"robots\" content=\"index, follow, max-snippet:-1, max-image-preview:large, max-video-preview:-1\" \/>\n<link rel=\"canonical\" href=\"https:\/\/product-guide.org\/en\/produkt\/035m-flache-solarkabel-mc4-fensterdurchfuhrung-6mm\u00b2-flachkabel-fur-balkonkraftwerk-2-stuck-entratek-shop\/\" \/>\n<meta property=\"og:locale\" content=\"en_GB\" \/>\n<meta property=\"og:type\" content=\"article\" \/>\n<meta property=\"og:title\" content=\"&#039;0,35m Flache Solarkabel MC4 Fensterdurchf\u00fchrung 6mm\u00b2 Flachkabel f\u00fcr Balkonkraftwerk 2 St\u00fcck&#039; | Entratek Shop | Product-Guide.org\" \/>\n<meta property=\"og:description\" content=\"&#039;0,35m Flache Solarkabel MC4 Fensterdurchf\u00fchrung 6mm\u00b2 Flachkabel f\u00fcr Balkonkraftwerk 2 St\u00fcck&#039; | Entratek Shop gefunden von Product-Guide.org\" \/>\n<meta property=\"og:url\" content=\"https:\/\/product-guide.org\/en\/produkt\/035m-flache-solarkabel-mc4-fensterdurchfuhrung-6mm\u00b2-flachkabel-fur-balkonkraftwerk-2-stuck-entratek-shop\/\" \/>\n<meta property=\"og:site_name\" content=\"Product-Guide.org\" \/>\n<meta name=\"twitter:card\" content=\"summary_large_image\" \/>\n<script type=\"application\/ld+json\" class=\"yoast-schema-graph\">{\"@context\":\"https:\/\/schema.org\",\"@graph\":[{\"@type\":\"WebPage\",\"@id\":\"https:\/\/product-guide.org\/produkt\/035m-flache-solarkabel-mc4-fensterdurchfuhrung-6mm%c2%b2-flachkabel-fur-balkonkraftwerk-2-stuck-entratek-shop\/\",\"url\":\"https:\/\/product-guide.org\/produkt\/035m-flache-solarkabel-mc4-fensterdurchfuhrung-6mm%c2%b2-flachkabel-fur-balkonkraftwerk-2-stuck-entratek-shop\/\",\"name\":\"'0,35m Flache Solarkabel MC4 Fensterdurchf\u00fchrung 6mm\u00b2 Flachkabel f\u00fcr Balkonkraftwerk 2 St\u00fcck' | Entratek Shop | Product-Guide.org\",\"isPartOf\":{\"@id\":\"https:\/\/product-guide.org\/#website\"},\"primaryImageOfPage\":{\"@id\":\"https:\/\/product-guide.org\/produkt\/035m-flache-solarkabel-mc4-fensterdurchfuhrung-6mm%c2%b2-flachkabel-fur-balkonkraftwerk-2-stuck-entratek-shop\/#primaryimage\"},\"image\":{\"@id\":\"https:\/\/product-guide.org\/produkt\/035m-flache-solarkabel-mc4-fensterdurchfuhrung-6mm%c2%b2-flachkabel-fur-balkonkraftwerk-2-stuck-entratek-shop\/#primaryimage\"},\"thumbnailUrl\":\"https:\/\/product-guide.org\/wp-content\/uploads\/2025\/03\/20230803-151523.238-2_m.jpg\",\"datePublished\":\"2025-03-17T09:41:56+00:00\",\"description\":\"'0,35m Flache Solarkabel MC4 Fensterdurchf\u00fchrung 6mm\u00b2 Flachkabel f\u00fcr Balkonkraftwerk 2 St\u00fcck' | Entratek Shop gefunden von Product-Guide.org\",\"breadcrumb\":{\"@id\":\"https:\/\/product-guide.org\/produkt\/035m-flache-solarkabel-mc4-fensterdurchfuhrung-6mm%c2%b2-flachkabel-fur-balkonkraftwerk-2-stuck-entratek-shop\/#breadcrumb\"},\"inLanguage\":\"en-GB\",\"potentialAction\":[{\"@type\":\"ReadAction\",\"target\":[\"https:\/\/product-guide.org\/produkt\/035m-flache-solarkabel-mc4-fensterdurchfuhrung-6mm%c2%b2-flachkabel-fur-balkonkraftwerk-2-stuck-entratek-shop\/\"]}]},{\"@type\":\"ImageObject\",\"inLanguage\":\"en-GB\",\"@id\":\"https:\/\/product-guide.org\/produkt\/035m-flache-solarkabel-mc4-fensterdurchfuhrung-6mm%c2%b2-flachkabel-fur-balkonkraftwerk-2-stuck-entratek-shop\/#primaryimage\",\"url\":\"https:\/\/product-guide.org\/wp-content\/uploads\/2025\/03\/20230803-151523.238-2_m.jpg\",\"contentUrl\":\"https:\/\/product-guide.org\/wp-content\/uploads\/2025\/03\/20230803-151523.238-2_m.jpg\",\"width\":500,\"height\":375},{\"@type\":\"BreadcrumbList\",\"@id\":\"https:\/\/product-guide.org\/produkt\/035m-flache-solarkabel-mc4-fensterdurchfuhrung-6mm%c2%b2-flachkabel-fur-balkonkraftwerk-2-stuck-entratek-shop\/#breadcrumb\",\"itemListElement\":[{\"@type\":\"ListItem\",\"position\":1,\"name\":\"Home\",\"item\":\"https:\/\/product-guide.org\/\"},{\"@type\":\"ListItem\",\"position\":2,\"name\":\"Ergebnisse\",\"item\":\"https:\/\/product-guide.org\/de\/ergebnisse\/\"},{\"@type\":\"ListItem\",\"position\":3,\"name\":\"&#8216;0,35m Flache Solarkabel MC4 Fensterdurchf\u00fchrung 6mm\u00b2 Flachkabel f\u00fcr Balkonkraftwerk 2 St\u00fcck&#8217; | Entratek Shop\"}]},{\"@type\":\"WebSite\",\"@id\":\"https:\/\/product-guide.org\/#website\",\"url\":\"https:\/\/product-guide.org\/\",\"name\":\"Product-Guide.org\",\"description\":\"What Product are you looking for?\",\"publisher\":{\"@id\":\"https:\/\/product-guide.org\/#organization\"},\"potentialAction\":[{\"@type\":\"SearchAction\",\"target\":{\"@type\":\"EntryPoint\",\"urlTemplate\":\"https:\/\/product-guide.org\/?s={search_term_string}\"},\"query-input\":{\"@type\":\"PropertyValueSpecification\",\"valueRequired\":true,\"valueName\":\"search_term_string\"}}],\"inLanguage\":\"en-GB\"},{\"@type\":\"Organization\",\"@id\":\"https:\/\/product-guide.org\/#organization\",\"name\":\"Product-Guide.org\",\"url\":\"https:\/\/product-guide.org\/\",\"logo\":{\"@type\":\"ImageObject\",\"inLanguage\":\"en-GB\",\"@id\":\"https:\/\/product-guide.org\/#\/schema\/logo\/image\/\",\"url\":\"https:\/\/product-guide.org\/wp-content\/uploads\/2022\/07\/logo_transparent_background.png\",\"contentUrl\":\"https:\/\/product-guide.org\/wp-content\/uploads\/2022\/07\/logo_transparent_background.png\",\"width\":3400,\"height\":1132,\"caption\":\"Product-Guide.org\"},\"image\":{\"@id\":\"https:\/\/product-guide.org\/#\/schema\/logo\/image\/\"}}]}<\/script>\n<!-- \/ Yoast SEO plugin. -->","yoast_head_json":{"title":"'0,35m Flache Solarkabel MC4 Fensterdurchf\u00fchrung 6mm\u00b2 Flachkabel f\u00fcr Balkonkraftwerk 2 St\u00fcck' | Entratek Shop | Product-Guide.org","description":"'0,35m Flache Solarkabel MC4 Fensterdurchf\u00fchrung 6mm\u00b2 Flachkabel f\u00fcr Balkonkraftwerk 2 St\u00fcck' | Entratek Shop gefunden von Product-Guide.org","robots":{"index":"index","follow":"follow","max-snippet":"max-snippet:-1","max-image-preview":"max-image-preview:large","max-video-preview":"max-video-preview:-1"},"canonical":"https:\/\/product-guide.org\/en\/produkt\/035m-flache-solarkabel-mc4-fensterdurchfuhrung-6mm\u00b2-flachkabel-fur-balkonkraftwerk-2-stuck-entratek-shop\/","og_locale":"en_GB","og_type":"article","og_title":"'0,35m Flache Solarkabel MC4 Fensterdurchf\u00fchrung 6mm\u00b2 Flachkabel f\u00fcr Balkonkraftwerk 2 St\u00fcck' | Entratek Shop | Product-Guide.org","og_description":"'0,35m Flache Solarkabel MC4 Fensterdurchf\u00fchrung 6mm\u00b2 Flachkabel f\u00fcr Balkonkraftwerk 2 St\u00fcck' | Entratek Shop gefunden von Product-Guide.org","og_url":"https:\/\/product-guide.org\/en\/produkt\/035m-flache-solarkabel-mc4-fensterdurchfuhrung-6mm\u00b2-flachkabel-fur-balkonkraftwerk-2-stuck-entratek-shop\/","og_site_name":"Product-Guide.org","twitter_card":"summary_large_image","schema":{"@context":"https:\/\/schema.org","@graph":[{"@type":"WebPage","@id":"https:\/\/product-guide.org\/produkt\/035m-flache-solarkabel-mc4-fensterdurchfuhrung-6mm%c2%b2-flachkabel-fur-balkonkraftwerk-2-stuck-entratek-shop\/","url":"https:\/\/product-guide.org\/produkt\/035m-flache-solarkabel-mc4-fensterdurchfuhrung-6mm%c2%b2-flachkabel-fur-balkonkraftwerk-2-stuck-entratek-shop\/","name":"'0,35m Flache Solarkabel MC4 Fensterdurchf\u00fchrung 6mm\u00b2 Flachkabel f\u00fcr Balkonkraftwerk 2 St\u00fcck' | Entratek Shop | Product-Guide.org","isPartOf":{"@id":"https:\/\/product-guide.org\/#website"},"primaryImageOfPage":{"@id":"https:\/\/product-guide.org\/produkt\/035m-flache-solarkabel-mc4-fensterdurchfuhrung-6mm%c2%b2-flachkabel-fur-balkonkraftwerk-2-stuck-entratek-shop\/#primaryimage"},"image":{"@id":"https:\/\/product-guide.org\/produkt\/035m-flache-solarkabel-mc4-fensterdurchfuhrung-6mm%c2%b2-flachkabel-fur-balkonkraftwerk-2-stuck-entratek-shop\/#primaryimage"},"thumbnailUrl":"https:\/\/product-guide.org\/wp-content\/uploads\/2025\/03\/20230803-151523.238-2_m.jpg","datePublished":"2025-03-17T09:41:56+00:00","description":"'0,35m Flache Solarkabel MC4 Fensterdurchf\u00fchrung 6mm\u00b2 Flachkabel f\u00fcr Balkonkraftwerk 2 St\u00fcck' | Entratek Shop gefunden von Product-Guide.org","breadcrumb":{"@id":"https:\/\/product-guide.org\/produkt\/035m-flache-solarkabel-mc4-fensterdurchfuhrung-6mm%c2%b2-flachkabel-fur-balkonkraftwerk-2-stuck-entratek-shop\/#breadcrumb"},"inLanguage":"en-GB","potentialAction":[{"@type":"ReadAction","target":["https:\/\/product-guide.org\/produkt\/035m-flache-solarkabel-mc4-fensterdurchfuhrung-6mm%c2%b2-flachkabel-fur-balkonkraftwerk-2-stuck-entratek-shop\/"]}]},{"@type":"ImageObject","inLanguage":"en-GB","@id":"https:\/\/product-guide.org\/produkt\/035m-flache-solarkabel-mc4-fensterdurchfuhrung-6mm%c2%b2-flachkabel-fur-balkonkraftwerk-2-stuck-entratek-shop\/#primaryimage","url":"https:\/\/product-guide.org\/wp-content\/uploads\/2025\/03\/20230803-151523.238-2_m.jpg","contentUrl":"https:\/\/product-guide.org\/wp-content\/uploads\/2025\/03\/20230803-151523.238-2_m.jpg","width":500,"height":375},{"@type":"BreadcrumbList","@id":"https:\/\/product-guide.org\/produkt\/035m-flache-solarkabel-mc4-fensterdurchfuhrung-6mm%c2%b2-flachkabel-fur-balkonkraftwerk-2-stuck-entratek-shop\/#breadcrumb","itemListElement":[{"@type":"ListItem","position":1,"name":"Home","item":"https:\/\/product-guide.org\/"},{"@type":"ListItem","position":2,"name":"Ergebnisse","item":"https:\/\/product-guide.org\/de\/ergebnisse\/"},{"@type":"ListItem","position":3,"name":"&#8216;0,35m Flache Solarkabel MC4 Fensterdurchf\u00fchrung 6mm\u00b2 Flachkabel f\u00fcr Balkonkraftwerk 2 St\u00fcck&#8217; | Entratek Shop"}]},{"@type":"WebSite","@id":"https:\/\/product-guide.org\/#website","url":"https:\/\/product-guide.org\/","name":"Product-Guide.org","description":"What Product are you looking for?","publisher":{"@id":"https:\/\/product-guide.org\/#organization"},"potentialAction":[{"@type":"SearchAction","target":{"@type":"EntryPoint","urlTemplate":"https:\/\/product-guide.org\/?s={search_term_string}"},"query-input":{"@type":"PropertyValueSpecification","valueRequired":true,"valueName":"search_term_string"}}],"inLanguage":"en-GB"},{"@type":"Organization","@id":"https:\/\/product-guide.org\/#organization","name":"Product-Guide.org","url":"https:\/\/product-guide.org\/","logo":{"@type":"ImageObject","inLanguage":"en-GB","@id":"https:\/\/product-guide.org\/#\/schema\/logo\/image\/","url":"https:\/\/product-guide.org\/wp-content\/uploads\/2022\/07\/logo_transparent_background.png","contentUrl":"https:\/\/product-guide.org\/wp-content\/uploads\/2022\/07\/logo_transparent_background.png","width":3400,"height":1132,"caption":"Product-Guide.org"},"image":{"@id":"https:\/\/product-guide.org\/#\/schema\/logo\/image\/"}}]}},"_links":{"self":[{"href":"https:\/\/product-guide.org\/en\/wp-json\/wp\/v2\/product\/49339","targetHints":{"allow":["GET"]}}],"collection":[{"href":"https:\/\/product-guide.org\/en\/wp-json\/wp\/v2\/product"}],"about":[{"href":"https:\/\/product-guide.org\/en\/wp-json\/wp\/v2\/types\/product"}],"wp:featuredmedia":[{"embeddable":true,"href":"https:\/\/product-guide.org\/en\/wp-json\/wp\/v2\/media\/49338"}],"wp:attachment":[{"href":"https:\/\/product-guide.org\/en\/wp-json\/wp\/v2\/media?parent=49339"}],"wp:term":[{"taxonomy":"store","embeddable":true,"href":"https:\/\/product-guide.org\/en\/wp-json\/wp\/v2\/store?post=49339"},{"taxonomy":"product_brand","embeddable":true,"href":"https:\/\/product-guide.org\/en\/wp-json\/wp\/v2\/product_brand?post=49339"},{"taxonomy":"product_cat","embeddable":true,"href":"https:\/\/product-guide.org\/en\/wp-json\/wp\/v2\/product_cat?post=49339"},{"taxonomy":"product_tag","embeddable":true,"href":"https:\/\/product-guide.org\/en\/wp-json\/wp\/v2\/product_tag?post=49339"}],"curies":[{"name":"wp","href":"https:\/\/api.w.org\/{rel}","templated":true}]}}