{"id":49416,"date":"2025-03-17T10:42:35","date_gmt":"2025-03-17T09:42:35","guid":{"rendered":"https:\/\/product-guide.org\/produkt\/guido-maria-kretschmer-eau-de-parfum-for-women-wirverkaufenguenstig\/"},"modified":"2025-03-17T10:42:35","modified_gmt":"2025-03-17T09:42:35","slug":"guido-maria-kretschmer-eau-de-parfum-for-women-wirverkaufenguenstig","status":"publish","type":"product","link":"https:\/\/product-guide.org\/en\/produkt\/guido-maria-kretschmer-eau-de-parfum-for-women-wirverkaufenguenstig\/","title":{"rendered":"Guido Maria Kretschmer Eau de Parfum for women | wirverkaufenguenstig"},"content":{"rendered":"<p>Guido Maria Kretschmer Eau de Parfum for women Haute Parfum for Women: Guido Maria Kretschmers Hommage an die Frau \u201eIch will nicht nur verf\u00fchren. Ich will ber\u00fchren.\u201c Guido Maria Kretschmer , international gefragter Modedesigner, hat f\u00fcr seine erste Duft-Kollektion mit LR denselben hohen Anspruch wie an seine Mode. \u201eMan muss Menschen m\u00f6gen, sich in sie hineinversetzen k\u00f6nnen, sie mit seiner Mode ber\u00fchren. Und genauso ist das auch mit einem guten Parfum.\u201c In seiner hochwertigen Duft-Kreation steckt 100 % Guido Maria Kretschmer. Die zarte Kopfnote verf\u00fchrt aromatisch mit einem Mix aus frischer Bergamotte, fruchtiger Mandarine, faszinierender Pflaume und saftiger Birne . Sie steht f\u00fcr Guido Maria Kretschmers unverkennbare positive, offene Ausstrahlung. Seine Stilsicherheit als erfolgreicher Designer findet sich&#8230;<\/p>\n","protected":false},"excerpt":{"rendered":"<p>Guido Maria Kretschmer Eau de Parfum for women Haute Parfum for Women: Guido Maria Kretschmers Hommage an die Frau \u201eIch will nicht nur verf\u00fchren. Ich will ber\u00fchren.\u201c Guido Maria Kretschmer , international gefragter Modedesigner, hat f\u00fcr seine erste Duft-Kollektion mit LR denselben hohen Anspruch wie an seine Mode. \u201eMan muss Menschen m\u00f6gen, sich in sie [&hellip;]<\/p>\n","protected":false},"featured_media":49415,"template":"","meta":{"_gspb_post_css":""},"store":[],"product_brand":[1367],"product_cat":[1290],"product_tag":[],"class_list":{"0":"post-49416","1":"product","2":"type-product","3":"status-publish","4":"has-post-thumbnail","6":"product_brand-wirverkaufenguenstig","7":"product_cat-uncategorized","9":"first","10":"instock","11":"shipping-taxable","12":"purchasable","13":"product-type-simple"},"yoast_head":"<!-- This site is optimized with the Yoast SEO plugin v24.6 - https:\/\/yoast.com\/wordpress\/plugins\/seo\/ -->\n<title>Guido Maria Kretschmer Eau de Parfum for women | wirverkaufenguenstig | Product-Guide.org<\/title>\n<meta name=\"description\" content=\"Guido Maria Kretschmer Eau de Parfum for women | wirverkaufenguenstig gefunden von Product-Guide.org\" \/>\n<meta name=\"robots\" content=\"index, follow, max-snippet:-1, max-image-preview:large, max-video-preview:-1\" \/>\n<link rel=\"canonical\" href=\"https:\/\/product-guide.org\/en\/produkt\/guido-maria-kretschmer-eau-de-parfum-for-women-wirverkaufenguenstig\/\" \/>\n<meta property=\"og:locale\" content=\"en_GB\" \/>\n<meta property=\"og:type\" content=\"article\" \/>\n<meta property=\"og:title\" content=\"Guido Maria Kretschmer Eau de Parfum for women | wirverkaufenguenstig | Product-Guide.org\" \/>\n<meta property=\"og:description\" content=\"Guido Maria Kretschmer Eau de Parfum for women | wirverkaufenguenstig gefunden von Product-Guide.org\" \/>\n<meta property=\"og:url\" content=\"https:\/\/product-guide.org\/en\/produkt\/guido-maria-kretschmer-eau-de-parfum-for-women-wirverkaufenguenstig\/\" \/>\n<meta property=\"og:site_name\" content=\"Product-Guide.org\" \/>\n<meta name=\"twitter:card\" content=\"summary_large_image\" \/>\n<script type=\"application\/ld+json\" class=\"yoast-schema-graph\">{\"@context\":\"https:\/\/schema.org\",\"@graph\":[{\"@type\":\"WebPage\",\"@id\":\"https:\/\/product-guide.org\/produkt\/guido-maria-kretschmer-eau-de-parfum-for-women-wirverkaufenguenstig\/\",\"url\":\"https:\/\/product-guide.org\/produkt\/guido-maria-kretschmer-eau-de-parfum-for-women-wirverkaufenguenstig\/\",\"name\":\"Guido Maria Kretschmer Eau de Parfum for women | wirverkaufenguenstig | Product-Guide.org\",\"isPartOf\":{\"@id\":\"https:\/\/product-guide.org\/#website\"},\"primaryImageOfPage\":{\"@id\":\"https:\/\/product-guide.org\/produkt\/guido-maria-kretschmer-eau-de-parfum-for-women-wirverkaufenguenstig\/#primaryimage\"},\"image\":{\"@id\":\"https:\/\/product-guide.org\/produkt\/guido-maria-kretschmer-eau-de-parfum-for-women-wirverkaufenguenstig\/#primaryimage\"},\"thumbnailUrl\":\"https:\/\/product-guide.org\/wp-content\/uploads\/2025\/03\/guido_maria_kretschmer_eau_de_parfum_for_women_600x600.jpg\",\"datePublished\":\"2025-03-17T09:42:35+00:00\",\"description\":\"Guido Maria Kretschmer Eau de Parfum for women | wirverkaufenguenstig gefunden von Product-Guide.org\",\"breadcrumb\":{\"@id\":\"https:\/\/product-guide.org\/produkt\/guido-maria-kretschmer-eau-de-parfum-for-women-wirverkaufenguenstig\/#breadcrumb\"},\"inLanguage\":\"en-GB\",\"potentialAction\":[{\"@type\":\"ReadAction\",\"target\":[\"https:\/\/product-guide.org\/produkt\/guido-maria-kretschmer-eau-de-parfum-for-women-wirverkaufenguenstig\/\"]}]},{\"@type\":\"ImageObject\",\"inLanguage\":\"en-GB\",\"@id\":\"https:\/\/product-guide.org\/produkt\/guido-maria-kretschmer-eau-de-parfum-for-women-wirverkaufenguenstig\/#primaryimage\",\"url\":\"https:\/\/product-guide.org\/wp-content\/uploads\/2025\/03\/guido_maria_kretschmer_eau_de_parfum_for_women_600x600.jpg\",\"contentUrl\":\"https:\/\/product-guide.org\/wp-content\/uploads\/2025\/03\/guido_maria_kretschmer_eau_de_parfum_for_women_600x600.jpg\",\"width\":442,\"height\":600},{\"@type\":\"BreadcrumbList\",\"@id\":\"https:\/\/product-guide.org\/produkt\/guido-maria-kretschmer-eau-de-parfum-for-women-wirverkaufenguenstig\/#breadcrumb\",\"itemListElement\":[{\"@type\":\"ListItem\",\"position\":1,\"name\":\"Home\",\"item\":\"https:\/\/product-guide.org\/\"},{\"@type\":\"ListItem\",\"position\":2,\"name\":\"Ergebnisse\",\"item\":\"https:\/\/product-guide.org\/de\/ergebnisse\/\"},{\"@type\":\"ListItem\",\"position\":3,\"name\":\"Guido Maria Kretschmer Eau de Parfum for women | wirverkaufenguenstig\"}]},{\"@type\":\"WebSite\",\"@id\":\"https:\/\/product-guide.org\/#website\",\"url\":\"https:\/\/product-guide.org\/\",\"name\":\"Product-Guide.org\",\"description\":\"What Product are you looking for?\",\"publisher\":{\"@id\":\"https:\/\/product-guide.org\/#organization\"},\"potentialAction\":[{\"@type\":\"SearchAction\",\"target\":{\"@type\":\"EntryPoint\",\"urlTemplate\":\"https:\/\/product-guide.org\/?s={search_term_string}\"},\"query-input\":{\"@type\":\"PropertyValueSpecification\",\"valueRequired\":true,\"valueName\":\"search_term_string\"}}],\"inLanguage\":\"en-GB\"},{\"@type\":\"Organization\",\"@id\":\"https:\/\/product-guide.org\/#organization\",\"name\":\"Product-Guide.org\",\"url\":\"https:\/\/product-guide.org\/\",\"logo\":{\"@type\":\"ImageObject\",\"inLanguage\":\"en-GB\",\"@id\":\"https:\/\/product-guide.org\/#\/schema\/logo\/image\/\",\"url\":\"https:\/\/product-guide.org\/wp-content\/uploads\/2022\/07\/logo_transparent_background.png\",\"contentUrl\":\"https:\/\/product-guide.org\/wp-content\/uploads\/2022\/07\/logo_transparent_background.png\",\"width\":3400,\"height\":1132,\"caption\":\"Product-Guide.org\"},\"image\":{\"@id\":\"https:\/\/product-guide.org\/#\/schema\/logo\/image\/\"}}]}<\/script>\n<!-- \/ Yoast SEO plugin. -->","yoast_head_json":{"title":"Guido Maria Kretschmer Eau de Parfum for women | wirverkaufenguenstig | Product-Guide.org","description":"Guido Maria Kretschmer Eau de Parfum for women | wirverkaufenguenstig gefunden von Product-Guide.org","robots":{"index":"index","follow":"follow","max-snippet":"max-snippet:-1","max-image-preview":"max-image-preview:large","max-video-preview":"max-video-preview:-1"},"canonical":"https:\/\/product-guide.org\/en\/produkt\/guido-maria-kretschmer-eau-de-parfum-for-women-wirverkaufenguenstig\/","og_locale":"en_GB","og_type":"article","og_title":"Guido Maria Kretschmer Eau de Parfum for women | wirverkaufenguenstig | Product-Guide.org","og_description":"Guido Maria Kretschmer Eau de Parfum for women | wirverkaufenguenstig gefunden von Product-Guide.org","og_url":"https:\/\/product-guide.org\/en\/produkt\/guido-maria-kretschmer-eau-de-parfum-for-women-wirverkaufenguenstig\/","og_site_name":"Product-Guide.org","twitter_card":"summary_large_image","schema":{"@context":"https:\/\/schema.org","@graph":[{"@type":"WebPage","@id":"https:\/\/product-guide.org\/produkt\/guido-maria-kretschmer-eau-de-parfum-for-women-wirverkaufenguenstig\/","url":"https:\/\/product-guide.org\/produkt\/guido-maria-kretschmer-eau-de-parfum-for-women-wirverkaufenguenstig\/","name":"Guido Maria Kretschmer Eau de Parfum for women | wirverkaufenguenstig | Product-Guide.org","isPartOf":{"@id":"https:\/\/product-guide.org\/#website"},"primaryImageOfPage":{"@id":"https:\/\/product-guide.org\/produkt\/guido-maria-kretschmer-eau-de-parfum-for-women-wirverkaufenguenstig\/#primaryimage"},"image":{"@id":"https:\/\/product-guide.org\/produkt\/guido-maria-kretschmer-eau-de-parfum-for-women-wirverkaufenguenstig\/#primaryimage"},"thumbnailUrl":"https:\/\/product-guide.org\/wp-content\/uploads\/2025\/03\/guido_maria_kretschmer_eau_de_parfum_for_women_600x600.jpg","datePublished":"2025-03-17T09:42:35+00:00","description":"Guido Maria Kretschmer Eau de Parfum for women | wirverkaufenguenstig gefunden von Product-Guide.org","breadcrumb":{"@id":"https:\/\/product-guide.org\/produkt\/guido-maria-kretschmer-eau-de-parfum-for-women-wirverkaufenguenstig\/#breadcrumb"},"inLanguage":"en-GB","potentialAction":[{"@type":"ReadAction","target":["https:\/\/product-guide.org\/produkt\/guido-maria-kretschmer-eau-de-parfum-for-women-wirverkaufenguenstig\/"]}]},{"@type":"ImageObject","inLanguage":"en-GB","@id":"https:\/\/product-guide.org\/produkt\/guido-maria-kretschmer-eau-de-parfum-for-women-wirverkaufenguenstig\/#primaryimage","url":"https:\/\/product-guide.org\/wp-content\/uploads\/2025\/03\/guido_maria_kretschmer_eau_de_parfum_for_women_600x600.jpg","contentUrl":"https:\/\/product-guide.org\/wp-content\/uploads\/2025\/03\/guido_maria_kretschmer_eau_de_parfum_for_women_600x600.jpg","width":442,"height":600},{"@type":"BreadcrumbList","@id":"https:\/\/product-guide.org\/produkt\/guido-maria-kretschmer-eau-de-parfum-for-women-wirverkaufenguenstig\/#breadcrumb","itemListElement":[{"@type":"ListItem","position":1,"name":"Home","item":"https:\/\/product-guide.org\/"},{"@type":"ListItem","position":2,"name":"Ergebnisse","item":"https:\/\/product-guide.org\/de\/ergebnisse\/"},{"@type":"ListItem","position":3,"name":"Guido Maria Kretschmer Eau de Parfum for women | wirverkaufenguenstig"}]},{"@type":"WebSite","@id":"https:\/\/product-guide.org\/#website","url":"https:\/\/product-guide.org\/","name":"Product-Guide.org","description":"What Product are you looking for?","publisher":{"@id":"https:\/\/product-guide.org\/#organization"},"potentialAction":[{"@type":"SearchAction","target":{"@type":"EntryPoint","urlTemplate":"https:\/\/product-guide.org\/?s={search_term_string}"},"query-input":{"@type":"PropertyValueSpecification","valueRequired":true,"valueName":"search_term_string"}}],"inLanguage":"en-GB"},{"@type":"Organization","@id":"https:\/\/product-guide.org\/#organization","name":"Product-Guide.org","url":"https:\/\/product-guide.org\/","logo":{"@type":"ImageObject","inLanguage":"en-GB","@id":"https:\/\/product-guide.org\/#\/schema\/logo\/image\/","url":"https:\/\/product-guide.org\/wp-content\/uploads\/2022\/07\/logo_transparent_background.png","contentUrl":"https:\/\/product-guide.org\/wp-content\/uploads\/2022\/07\/logo_transparent_background.png","width":3400,"height":1132,"caption":"Product-Guide.org"},"image":{"@id":"https:\/\/product-guide.org\/#\/schema\/logo\/image\/"}}]}},"_links":{"self":[{"href":"https:\/\/product-guide.org\/en\/wp-json\/wp\/v2\/product\/49416","targetHints":{"allow":["GET"]}}],"collection":[{"href":"https:\/\/product-guide.org\/en\/wp-json\/wp\/v2\/product"}],"about":[{"href":"https:\/\/product-guide.org\/en\/wp-json\/wp\/v2\/types\/product"}],"wp:featuredmedia":[{"embeddable":true,"href":"https:\/\/product-guide.org\/en\/wp-json\/wp\/v2\/media\/49415"}],"wp:attachment":[{"href":"https:\/\/product-guide.org\/en\/wp-json\/wp\/v2\/media?parent=49416"}],"wp:term":[{"taxonomy":"store","embeddable":true,"href":"https:\/\/product-guide.org\/en\/wp-json\/wp\/v2\/store?post=49416"},{"taxonomy":"product_brand","embeddable":true,"href":"https:\/\/product-guide.org\/en\/wp-json\/wp\/v2\/product_brand?post=49416"},{"taxonomy":"product_cat","embeddable":true,"href":"https:\/\/product-guide.org\/en\/wp-json\/wp\/v2\/product_cat?post=49416"},{"taxonomy":"product_tag","embeddable":true,"href":"https:\/\/product-guide.org\/en\/wp-json\/wp\/v2\/product_tag?post=49416"}],"curies":[{"name":"wp","href":"https:\/\/api.w.org\/{rel}","templated":true}]}}