{"id":49428,"date":"2025-03-17T10:42:43","date_gmt":"2025-03-17T09:42:43","guid":{"rendered":"https:\/\/product-guide.org\/produkt\/handed-by-charlotte-handbag-espresso-brown-grose-xs-zeitgeist-shop\/"},"modified":"2025-03-17T10:42:43","modified_gmt":"2025-03-17T09:42:43","slug":"handed-by-charlotte-handbag-espresso-brown-grose-xs-zeitgeist-shop","status":"publish","type":"product","link":"https:\/\/product-guide.org\/en\/produkt\/handed-by-charlotte-handbag-espresso-brown-grose-xs-zeitgeist-shop\/","title":{"rendered":"Handed By &#8211; Charlotte Handbag &#8211; Espresso Brown &#8211; Gr\u00f6\u00dfe XS | Zeitgeist Shop"},"content":{"rendered":"<p>Mit ihrer neuen Handtasche namens Charlotte geht Handed by zur\u00fcck in die 1930er Jahre, als die \u00c4ra der Handtasche begann. Frauen konnten ihre pers\u00f6nlichen Gegenst\u00e4nde endlich bei sich tragen, ohne sie den neugierigen Blicken anderer auszusetzen, Damit wurde die Handtasche erstmals zu einem modischen und unverzichtbaren Accessoire. Eine Handtasche aus vergangenen Tagen, f\u00fcr dich ins Hier und Jetzt geholt. Neben der Espresso braunen haben wir noch viele weitere tolle Farben bei uns im Shop. Worauf noch warten? Hol dir gleich deine ganz pers\u00f6nliche Vintage Handtasche nach Hause.<\/p>\n","protected":false},"excerpt":{"rendered":"<p>Mit ihrer neuen Handtasche namens Charlotte geht Handed by zur\u00fcck in die 1930er Jahre, als die \u00c4ra der Handtasche begann. Frauen konnten ihre pers\u00f6nlichen Gegenst\u00e4nde endlich bei sich tragen, ohne sie den neugierigen Blicken anderer auszusetzen, Damit wurde die Handtasche erstmals zu einem modischen und unverzichtbaren Accessoire. Eine Handtasche aus vergangenen Tagen, f\u00fcr dich ins [&hellip;]<\/p>\n","protected":false},"featured_media":49427,"template":"","meta":{"_gspb_post_css":""},"store":[],"product_brand":[1368],"product_cat":[1290],"product_tag":[],"class_list":{"0":"post-49428","1":"product","2":"type-product","3":"status-publish","4":"has-post-thumbnail","6":"product_brand-zeitgeist-shop","7":"product_cat-uncategorized","9":"first","10":"instock","11":"shipping-taxable","12":"purchasable","13":"product-type-simple"},"yoast_head":"<!-- This site is optimized with the Yoast SEO plugin v24.6 - https:\/\/yoast.com\/wordpress\/plugins\/seo\/ -->\n<title>Handed By - Charlotte Handbag - Espresso Brown - Gr\u00f6\u00dfe XS | Zeitgeist Shop | Product-Guide.org<\/title>\n<meta name=\"description\" content=\"Handed By - Charlotte Handbag - Espresso Brown - Gr\u00f6\u00dfe XS | Zeitgeist Shop gefunden von Product-Guide.org\" \/>\n<meta name=\"robots\" content=\"index, follow, max-snippet:-1, max-image-preview:large, max-video-preview:-1\" \/>\n<link rel=\"canonical\" href=\"https:\/\/product-guide.org\/en\/produkt\/handed-by-charlotte-handbag-espresso-brown-grose-xs-zeitgeist-shop\/\" \/>\n<meta property=\"og:locale\" content=\"en_GB\" \/>\n<meta property=\"og:type\" content=\"article\" \/>\n<meta property=\"og:title\" content=\"Handed By - Charlotte Handbag - Espresso Brown - Gr\u00f6\u00dfe XS | Zeitgeist Shop | Product-Guide.org\" \/>\n<meta property=\"og:description\" content=\"Handed By - Charlotte Handbag - Espresso Brown - Gr\u00f6\u00dfe XS | Zeitgeist Shop gefunden von Product-Guide.org\" \/>\n<meta property=\"og:url\" content=\"https:\/\/product-guide.org\/en\/produkt\/handed-by-charlotte-handbag-espresso-brown-grose-xs-zeitgeist-shop\/\" \/>\n<meta property=\"og:site_name\" content=\"Product-Guide.org\" \/>\n<meta name=\"twitter:card\" content=\"summary_large_image\" \/>\n<script type=\"application\/ld+json\" class=\"yoast-schema-graph\">{\"@context\":\"https:\/\/schema.org\",\"@graph\":[{\"@type\":\"WebPage\",\"@id\":\"https:\/\/product-guide.org\/produkt\/handed-by-charlotte-handbag-espresso-brown-grose-xs-zeitgeist-shop\/\",\"url\":\"https:\/\/product-guide.org\/produkt\/handed-by-charlotte-handbag-espresso-brown-grose-xs-zeitgeist-shop\/\",\"name\":\"Handed By - Charlotte Handbag - Espresso Brown - Gr\u00f6\u00dfe XS | Zeitgeist Shop | Product-Guide.org\",\"isPartOf\":{\"@id\":\"https:\/\/product-guide.org\/#website\"},\"primaryImageOfPage\":{\"@id\":\"https:\/\/product-guide.org\/produkt\/handed-by-charlotte-handbag-espresso-brown-grose-xs-zeitgeist-shop\/#primaryimage\"},\"image\":{\"@id\":\"https:\/\/product-guide.org\/produkt\/handed-by-charlotte-handbag-espresso-brown-grose-xs-zeitgeist-shop\/#primaryimage\"},\"thumbnailUrl\":\"https:\/\/product-guide.org\/wp-content\/uploads\/2025\/03\/handed-by-charlotte-handbag-espresso-brown-groesse-xs.jpg\",\"datePublished\":\"2025-03-17T09:42:43+00:00\",\"description\":\"Handed By - Charlotte Handbag - Espresso Brown - Gr\u00f6\u00dfe XS | Zeitgeist Shop gefunden von Product-Guide.org\",\"breadcrumb\":{\"@id\":\"https:\/\/product-guide.org\/produkt\/handed-by-charlotte-handbag-espresso-brown-grose-xs-zeitgeist-shop\/#breadcrumb\"},\"inLanguage\":\"en-GB\",\"potentialAction\":[{\"@type\":\"ReadAction\",\"target\":[\"https:\/\/product-guide.org\/produkt\/handed-by-charlotte-handbag-espresso-brown-grose-xs-zeitgeist-shop\/\"]}]},{\"@type\":\"ImageObject\",\"inLanguage\":\"en-GB\",\"@id\":\"https:\/\/product-guide.org\/produkt\/handed-by-charlotte-handbag-espresso-brown-grose-xs-zeitgeist-shop\/#primaryimage\",\"url\":\"https:\/\/product-guide.org\/wp-content\/uploads\/2025\/03\/handed-by-charlotte-handbag-espresso-brown-groesse-xs.jpg\",\"contentUrl\":\"https:\/\/product-guide.org\/wp-content\/uploads\/2025\/03\/handed-by-charlotte-handbag-espresso-brown-groesse-xs.jpg\",\"width\":800,\"height\":800},{\"@type\":\"BreadcrumbList\",\"@id\":\"https:\/\/product-guide.org\/produkt\/handed-by-charlotte-handbag-espresso-brown-grose-xs-zeitgeist-shop\/#breadcrumb\",\"itemListElement\":[{\"@type\":\"ListItem\",\"position\":1,\"name\":\"Home\",\"item\":\"https:\/\/product-guide.org\/\"},{\"@type\":\"ListItem\",\"position\":2,\"name\":\"Ergebnisse\",\"item\":\"https:\/\/product-guide.org\/de\/ergebnisse\/\"},{\"@type\":\"ListItem\",\"position\":3,\"name\":\"Handed By &#8211; Charlotte Handbag &#8211; Espresso Brown &#8211; Gr\u00f6\u00dfe XS | Zeitgeist Shop\"}]},{\"@type\":\"WebSite\",\"@id\":\"https:\/\/product-guide.org\/#website\",\"url\":\"https:\/\/product-guide.org\/\",\"name\":\"Product-Guide.org\",\"description\":\"What Product are you looking for?\",\"publisher\":{\"@id\":\"https:\/\/product-guide.org\/#organization\"},\"potentialAction\":[{\"@type\":\"SearchAction\",\"target\":{\"@type\":\"EntryPoint\",\"urlTemplate\":\"https:\/\/product-guide.org\/?s={search_term_string}\"},\"query-input\":{\"@type\":\"PropertyValueSpecification\",\"valueRequired\":true,\"valueName\":\"search_term_string\"}}],\"inLanguage\":\"en-GB\"},{\"@type\":\"Organization\",\"@id\":\"https:\/\/product-guide.org\/#organization\",\"name\":\"Product-Guide.org\",\"url\":\"https:\/\/product-guide.org\/\",\"logo\":{\"@type\":\"ImageObject\",\"inLanguage\":\"en-GB\",\"@id\":\"https:\/\/product-guide.org\/#\/schema\/logo\/image\/\",\"url\":\"https:\/\/product-guide.org\/wp-content\/uploads\/2022\/07\/logo_transparent_background.png\",\"contentUrl\":\"https:\/\/product-guide.org\/wp-content\/uploads\/2022\/07\/logo_transparent_background.png\",\"width\":3400,\"height\":1132,\"caption\":\"Product-Guide.org\"},\"image\":{\"@id\":\"https:\/\/product-guide.org\/#\/schema\/logo\/image\/\"}}]}<\/script>\n<!-- \/ Yoast SEO plugin. -->","yoast_head_json":{"title":"Handed By - Charlotte Handbag - Espresso Brown - Gr\u00f6\u00dfe XS | Zeitgeist Shop | Product-Guide.org","description":"Handed By - Charlotte Handbag - Espresso Brown - Gr\u00f6\u00dfe XS | Zeitgeist Shop gefunden von Product-Guide.org","robots":{"index":"index","follow":"follow","max-snippet":"max-snippet:-1","max-image-preview":"max-image-preview:large","max-video-preview":"max-video-preview:-1"},"canonical":"https:\/\/product-guide.org\/en\/produkt\/handed-by-charlotte-handbag-espresso-brown-grose-xs-zeitgeist-shop\/","og_locale":"en_GB","og_type":"article","og_title":"Handed By - Charlotte Handbag - Espresso Brown - Gr\u00f6\u00dfe XS | Zeitgeist Shop | Product-Guide.org","og_description":"Handed By - Charlotte Handbag - Espresso Brown - Gr\u00f6\u00dfe XS | Zeitgeist Shop gefunden von Product-Guide.org","og_url":"https:\/\/product-guide.org\/en\/produkt\/handed-by-charlotte-handbag-espresso-brown-grose-xs-zeitgeist-shop\/","og_site_name":"Product-Guide.org","twitter_card":"summary_large_image","schema":{"@context":"https:\/\/schema.org","@graph":[{"@type":"WebPage","@id":"https:\/\/product-guide.org\/produkt\/handed-by-charlotte-handbag-espresso-brown-grose-xs-zeitgeist-shop\/","url":"https:\/\/product-guide.org\/produkt\/handed-by-charlotte-handbag-espresso-brown-grose-xs-zeitgeist-shop\/","name":"Handed By - Charlotte Handbag - Espresso Brown - Gr\u00f6\u00dfe XS | Zeitgeist Shop | Product-Guide.org","isPartOf":{"@id":"https:\/\/product-guide.org\/#website"},"primaryImageOfPage":{"@id":"https:\/\/product-guide.org\/produkt\/handed-by-charlotte-handbag-espresso-brown-grose-xs-zeitgeist-shop\/#primaryimage"},"image":{"@id":"https:\/\/product-guide.org\/produkt\/handed-by-charlotte-handbag-espresso-brown-grose-xs-zeitgeist-shop\/#primaryimage"},"thumbnailUrl":"https:\/\/product-guide.org\/wp-content\/uploads\/2025\/03\/handed-by-charlotte-handbag-espresso-brown-groesse-xs.jpg","datePublished":"2025-03-17T09:42:43+00:00","description":"Handed By - Charlotte Handbag - Espresso Brown - Gr\u00f6\u00dfe XS | Zeitgeist Shop gefunden von Product-Guide.org","breadcrumb":{"@id":"https:\/\/product-guide.org\/produkt\/handed-by-charlotte-handbag-espresso-brown-grose-xs-zeitgeist-shop\/#breadcrumb"},"inLanguage":"en-GB","potentialAction":[{"@type":"ReadAction","target":["https:\/\/product-guide.org\/produkt\/handed-by-charlotte-handbag-espresso-brown-grose-xs-zeitgeist-shop\/"]}]},{"@type":"ImageObject","inLanguage":"en-GB","@id":"https:\/\/product-guide.org\/produkt\/handed-by-charlotte-handbag-espresso-brown-grose-xs-zeitgeist-shop\/#primaryimage","url":"https:\/\/product-guide.org\/wp-content\/uploads\/2025\/03\/handed-by-charlotte-handbag-espresso-brown-groesse-xs.jpg","contentUrl":"https:\/\/product-guide.org\/wp-content\/uploads\/2025\/03\/handed-by-charlotte-handbag-espresso-brown-groesse-xs.jpg","width":800,"height":800},{"@type":"BreadcrumbList","@id":"https:\/\/product-guide.org\/produkt\/handed-by-charlotte-handbag-espresso-brown-grose-xs-zeitgeist-shop\/#breadcrumb","itemListElement":[{"@type":"ListItem","position":1,"name":"Home","item":"https:\/\/product-guide.org\/"},{"@type":"ListItem","position":2,"name":"Ergebnisse","item":"https:\/\/product-guide.org\/de\/ergebnisse\/"},{"@type":"ListItem","position":3,"name":"Handed By &#8211; Charlotte Handbag &#8211; Espresso Brown &#8211; Gr\u00f6\u00dfe XS | Zeitgeist Shop"}]},{"@type":"WebSite","@id":"https:\/\/product-guide.org\/#website","url":"https:\/\/product-guide.org\/","name":"Product-Guide.org","description":"What Product are you looking for?","publisher":{"@id":"https:\/\/product-guide.org\/#organization"},"potentialAction":[{"@type":"SearchAction","target":{"@type":"EntryPoint","urlTemplate":"https:\/\/product-guide.org\/?s={search_term_string}"},"query-input":{"@type":"PropertyValueSpecification","valueRequired":true,"valueName":"search_term_string"}}],"inLanguage":"en-GB"},{"@type":"Organization","@id":"https:\/\/product-guide.org\/#organization","name":"Product-Guide.org","url":"https:\/\/product-guide.org\/","logo":{"@type":"ImageObject","inLanguage":"en-GB","@id":"https:\/\/product-guide.org\/#\/schema\/logo\/image\/","url":"https:\/\/product-guide.org\/wp-content\/uploads\/2022\/07\/logo_transparent_background.png","contentUrl":"https:\/\/product-guide.org\/wp-content\/uploads\/2022\/07\/logo_transparent_background.png","width":3400,"height":1132,"caption":"Product-Guide.org"},"image":{"@id":"https:\/\/product-guide.org\/#\/schema\/logo\/image\/"}}]}},"_links":{"self":[{"href":"https:\/\/product-guide.org\/en\/wp-json\/wp\/v2\/product\/49428","targetHints":{"allow":["GET"]}}],"collection":[{"href":"https:\/\/product-guide.org\/en\/wp-json\/wp\/v2\/product"}],"about":[{"href":"https:\/\/product-guide.org\/en\/wp-json\/wp\/v2\/types\/product"}],"wp:featuredmedia":[{"embeddable":true,"href":"https:\/\/product-guide.org\/en\/wp-json\/wp\/v2\/media\/49427"}],"wp:attachment":[{"href":"https:\/\/product-guide.org\/en\/wp-json\/wp\/v2\/media?parent=49428"}],"wp:term":[{"taxonomy":"store","embeddable":true,"href":"https:\/\/product-guide.org\/en\/wp-json\/wp\/v2\/store?post=49428"},{"taxonomy":"product_brand","embeddable":true,"href":"https:\/\/product-guide.org\/en\/wp-json\/wp\/v2\/product_brand?post=49428"},{"taxonomy":"product_cat","embeddable":true,"href":"https:\/\/product-guide.org\/en\/wp-json\/wp\/v2\/product_cat?post=49428"},{"taxonomy":"product_tag","embeddable":true,"href":"https:\/\/product-guide.org\/en\/wp-json\/wp\/v2\/product_tag?post=49428"}],"curies":[{"name":"wp","href":"https:\/\/api.w.org\/{rel}","templated":true}]}}