{"id":49436,"date":"2025-03-17T10:42:48","date_gmt":"2025-03-17T09:42:48","guid":{"rendered":"https:\/\/product-guide.org\/produkt\/handed-by-dash-handbag-xs-black-zeitgeist-shop\/"},"modified":"2025-03-17T10:42:48","modified_gmt":"2025-03-17T09:42:48","slug":"handed-by-dash-handbag-xs-black-zeitgeist-shop","status":"publish","type":"product","link":"https:\/\/product-guide.org\/en\/produkt\/handed-by-dash-handbag-xs-black-zeitgeist-shop\/","title":{"rendered":"Handed By &#8211; Dash Handbag &#8211; XS &#8211; Black | Zeitgeist Shop"},"content":{"rendered":"<p>Hier kommt die gro\u00dfe Schwester der beliebten Pepper Mini Handtasche von Handed By. Auch sie verf\u00fcgt \u00fcber die herausnehmbare Innentasche mit Rei\u00dfverschluss zur sicheren Verwahrung deiner Wertsachen. Zudem l\u00e4sst sie dir die M\u00f6glichkeit, dank ihrer verstell &#8211; und abnehmbaren Trageriemen, sie \u00fcber der Schulter zu h\u00e4ngen oder an beiden Henkeln zu halten. Es gibt den stylischen Alltagsbegleiter f\u00fcr dich in vielen tollen Farben gleich hier in unserem Shop.<\/p>\n","protected":false},"excerpt":{"rendered":"<p>Hier kommt die gro\u00dfe Schwester der beliebten Pepper Mini Handtasche von Handed By. Auch sie verf\u00fcgt \u00fcber die herausnehmbare Innentasche mit Rei\u00dfverschluss zur sicheren Verwahrung deiner Wertsachen. Zudem l\u00e4sst sie dir die M\u00f6glichkeit, dank ihrer verstell &#8211; und abnehmbaren Trageriemen, sie \u00fcber der Schulter zu h\u00e4ngen oder an beiden Henkeln zu halten. Es gibt den [&hellip;]<\/p>\n","protected":false},"featured_media":49435,"template":"","meta":{"_gspb_post_css":""},"store":[],"product_brand":[1368],"product_cat":[1290],"product_tag":[],"class_list":{"0":"post-49436","1":"product","2":"type-product","3":"status-publish","4":"has-post-thumbnail","6":"product_brand-zeitgeist-shop","7":"product_cat-uncategorized","9":"first","10":"instock","11":"shipping-taxable","12":"purchasable","13":"product-type-simple"},"yoast_head":"<!-- This site is optimized with the Yoast SEO plugin v24.6 - https:\/\/yoast.com\/wordpress\/plugins\/seo\/ -->\n<title>Handed By - Dash Handbag - XS - Black | Zeitgeist Shop | Product-Guide.org<\/title>\n<meta name=\"description\" content=\"Handed By - Dash Handbag - XS - Black | Zeitgeist Shop gefunden von Product-Guide.org\" \/>\n<meta name=\"robots\" content=\"index, follow, max-snippet:-1, max-image-preview:large, max-video-preview:-1\" \/>\n<link rel=\"canonical\" href=\"https:\/\/product-guide.org\/en\/produkt\/handed-by-dash-handbag-xs-black-zeitgeist-shop\/\" \/>\n<meta property=\"og:locale\" content=\"en_GB\" \/>\n<meta property=\"og:type\" content=\"article\" \/>\n<meta property=\"og:title\" content=\"Handed By - Dash Handbag - XS - Black | Zeitgeist Shop | Product-Guide.org\" \/>\n<meta property=\"og:description\" content=\"Handed By - Dash Handbag - XS - Black | Zeitgeist Shop gefunden von Product-Guide.org\" \/>\n<meta property=\"og:url\" content=\"https:\/\/product-guide.org\/en\/produkt\/handed-by-dash-handbag-xs-black-zeitgeist-shop\/\" \/>\n<meta property=\"og:site_name\" content=\"Product-Guide.org\" \/>\n<meta name=\"twitter:card\" content=\"summary_large_image\" \/>\n<script type=\"application\/ld+json\" class=\"yoast-schema-graph\">{\"@context\":\"https:\/\/schema.org\",\"@graph\":[{\"@type\":\"WebPage\",\"@id\":\"https:\/\/product-guide.org\/produkt\/handed-by-dash-handbag-xs-black-zeitgeist-shop\/\",\"url\":\"https:\/\/product-guide.org\/produkt\/handed-by-dash-handbag-xs-black-zeitgeist-shop\/\",\"name\":\"Handed By - Dash Handbag - XS - Black | Zeitgeist Shop | Product-Guide.org\",\"isPartOf\":{\"@id\":\"https:\/\/product-guide.org\/#website\"},\"primaryImageOfPage\":{\"@id\":\"https:\/\/product-guide.org\/produkt\/handed-by-dash-handbag-xs-black-zeitgeist-shop\/#primaryimage\"},\"image\":{\"@id\":\"https:\/\/product-guide.org\/produkt\/handed-by-dash-handbag-xs-black-zeitgeist-shop\/#primaryimage\"},\"thumbnailUrl\":\"https:\/\/product-guide.org\/wp-content\/uploads\/2025\/03\/handed-by-dash-handbag-xs-black.jpg\",\"datePublished\":\"2025-03-17T09:42:48+00:00\",\"description\":\"Handed By - Dash Handbag - XS - Black | Zeitgeist Shop gefunden von Product-Guide.org\",\"breadcrumb\":{\"@id\":\"https:\/\/product-guide.org\/produkt\/handed-by-dash-handbag-xs-black-zeitgeist-shop\/#breadcrumb\"},\"inLanguage\":\"en-GB\",\"potentialAction\":[{\"@type\":\"ReadAction\",\"target\":[\"https:\/\/product-guide.org\/produkt\/handed-by-dash-handbag-xs-black-zeitgeist-shop\/\"]}]},{\"@type\":\"ImageObject\",\"inLanguage\":\"en-GB\",\"@id\":\"https:\/\/product-guide.org\/produkt\/handed-by-dash-handbag-xs-black-zeitgeist-shop\/#primaryimage\",\"url\":\"https:\/\/product-guide.org\/wp-content\/uploads\/2025\/03\/handed-by-dash-handbag-xs-black.jpg\",\"contentUrl\":\"https:\/\/product-guide.org\/wp-content\/uploads\/2025\/03\/handed-by-dash-handbag-xs-black.jpg\",\"width\":800,\"height\":800},{\"@type\":\"BreadcrumbList\",\"@id\":\"https:\/\/product-guide.org\/produkt\/handed-by-dash-handbag-xs-black-zeitgeist-shop\/#breadcrumb\",\"itemListElement\":[{\"@type\":\"ListItem\",\"position\":1,\"name\":\"Home\",\"item\":\"https:\/\/product-guide.org\/\"},{\"@type\":\"ListItem\",\"position\":2,\"name\":\"Ergebnisse\",\"item\":\"https:\/\/product-guide.org\/de\/ergebnisse\/\"},{\"@type\":\"ListItem\",\"position\":3,\"name\":\"Handed By &#8211; Dash Handbag &#8211; XS &#8211; Black | Zeitgeist Shop\"}]},{\"@type\":\"WebSite\",\"@id\":\"https:\/\/product-guide.org\/#website\",\"url\":\"https:\/\/product-guide.org\/\",\"name\":\"Product-Guide.org\",\"description\":\"What Product are you looking for?\",\"publisher\":{\"@id\":\"https:\/\/product-guide.org\/#organization\"},\"potentialAction\":[{\"@type\":\"SearchAction\",\"target\":{\"@type\":\"EntryPoint\",\"urlTemplate\":\"https:\/\/product-guide.org\/?s={search_term_string}\"},\"query-input\":{\"@type\":\"PropertyValueSpecification\",\"valueRequired\":true,\"valueName\":\"search_term_string\"}}],\"inLanguage\":\"en-GB\"},{\"@type\":\"Organization\",\"@id\":\"https:\/\/product-guide.org\/#organization\",\"name\":\"Product-Guide.org\",\"url\":\"https:\/\/product-guide.org\/\",\"logo\":{\"@type\":\"ImageObject\",\"inLanguage\":\"en-GB\",\"@id\":\"https:\/\/product-guide.org\/#\/schema\/logo\/image\/\",\"url\":\"https:\/\/product-guide.org\/wp-content\/uploads\/2022\/07\/logo_transparent_background.png\",\"contentUrl\":\"https:\/\/product-guide.org\/wp-content\/uploads\/2022\/07\/logo_transparent_background.png\",\"width\":3400,\"height\":1132,\"caption\":\"Product-Guide.org\"},\"image\":{\"@id\":\"https:\/\/product-guide.org\/#\/schema\/logo\/image\/\"}}]}<\/script>\n<!-- \/ Yoast SEO plugin. -->","yoast_head_json":{"title":"Handed By - Dash Handbag - XS - Black | Zeitgeist Shop | Product-Guide.org","description":"Handed By - Dash Handbag - XS - Black | Zeitgeist Shop gefunden von Product-Guide.org","robots":{"index":"index","follow":"follow","max-snippet":"max-snippet:-1","max-image-preview":"max-image-preview:large","max-video-preview":"max-video-preview:-1"},"canonical":"https:\/\/product-guide.org\/en\/produkt\/handed-by-dash-handbag-xs-black-zeitgeist-shop\/","og_locale":"en_GB","og_type":"article","og_title":"Handed By - Dash Handbag - XS - Black | Zeitgeist Shop | Product-Guide.org","og_description":"Handed By - Dash Handbag - XS - Black | Zeitgeist Shop gefunden von Product-Guide.org","og_url":"https:\/\/product-guide.org\/en\/produkt\/handed-by-dash-handbag-xs-black-zeitgeist-shop\/","og_site_name":"Product-Guide.org","twitter_card":"summary_large_image","schema":{"@context":"https:\/\/schema.org","@graph":[{"@type":"WebPage","@id":"https:\/\/product-guide.org\/produkt\/handed-by-dash-handbag-xs-black-zeitgeist-shop\/","url":"https:\/\/product-guide.org\/produkt\/handed-by-dash-handbag-xs-black-zeitgeist-shop\/","name":"Handed By - Dash Handbag - XS - Black | Zeitgeist Shop | Product-Guide.org","isPartOf":{"@id":"https:\/\/product-guide.org\/#website"},"primaryImageOfPage":{"@id":"https:\/\/product-guide.org\/produkt\/handed-by-dash-handbag-xs-black-zeitgeist-shop\/#primaryimage"},"image":{"@id":"https:\/\/product-guide.org\/produkt\/handed-by-dash-handbag-xs-black-zeitgeist-shop\/#primaryimage"},"thumbnailUrl":"https:\/\/product-guide.org\/wp-content\/uploads\/2025\/03\/handed-by-dash-handbag-xs-black.jpg","datePublished":"2025-03-17T09:42:48+00:00","description":"Handed By - Dash Handbag - XS - Black | Zeitgeist Shop gefunden von Product-Guide.org","breadcrumb":{"@id":"https:\/\/product-guide.org\/produkt\/handed-by-dash-handbag-xs-black-zeitgeist-shop\/#breadcrumb"},"inLanguage":"en-GB","potentialAction":[{"@type":"ReadAction","target":["https:\/\/product-guide.org\/produkt\/handed-by-dash-handbag-xs-black-zeitgeist-shop\/"]}]},{"@type":"ImageObject","inLanguage":"en-GB","@id":"https:\/\/product-guide.org\/produkt\/handed-by-dash-handbag-xs-black-zeitgeist-shop\/#primaryimage","url":"https:\/\/product-guide.org\/wp-content\/uploads\/2025\/03\/handed-by-dash-handbag-xs-black.jpg","contentUrl":"https:\/\/product-guide.org\/wp-content\/uploads\/2025\/03\/handed-by-dash-handbag-xs-black.jpg","width":800,"height":800},{"@type":"BreadcrumbList","@id":"https:\/\/product-guide.org\/produkt\/handed-by-dash-handbag-xs-black-zeitgeist-shop\/#breadcrumb","itemListElement":[{"@type":"ListItem","position":1,"name":"Home","item":"https:\/\/product-guide.org\/"},{"@type":"ListItem","position":2,"name":"Ergebnisse","item":"https:\/\/product-guide.org\/de\/ergebnisse\/"},{"@type":"ListItem","position":3,"name":"Handed By &#8211; Dash Handbag &#8211; XS &#8211; Black | Zeitgeist Shop"}]},{"@type":"WebSite","@id":"https:\/\/product-guide.org\/#website","url":"https:\/\/product-guide.org\/","name":"Product-Guide.org","description":"What Product are you looking for?","publisher":{"@id":"https:\/\/product-guide.org\/#organization"},"potentialAction":[{"@type":"SearchAction","target":{"@type":"EntryPoint","urlTemplate":"https:\/\/product-guide.org\/?s={search_term_string}"},"query-input":{"@type":"PropertyValueSpecification","valueRequired":true,"valueName":"search_term_string"}}],"inLanguage":"en-GB"},{"@type":"Organization","@id":"https:\/\/product-guide.org\/#organization","name":"Product-Guide.org","url":"https:\/\/product-guide.org\/","logo":{"@type":"ImageObject","inLanguage":"en-GB","@id":"https:\/\/product-guide.org\/#\/schema\/logo\/image\/","url":"https:\/\/product-guide.org\/wp-content\/uploads\/2022\/07\/logo_transparent_background.png","contentUrl":"https:\/\/product-guide.org\/wp-content\/uploads\/2022\/07\/logo_transparent_background.png","width":3400,"height":1132,"caption":"Product-Guide.org"},"image":{"@id":"https:\/\/product-guide.org\/#\/schema\/logo\/image\/"}}]}},"_links":{"self":[{"href":"https:\/\/product-guide.org\/en\/wp-json\/wp\/v2\/product\/49436","targetHints":{"allow":["GET"]}}],"collection":[{"href":"https:\/\/product-guide.org\/en\/wp-json\/wp\/v2\/product"}],"about":[{"href":"https:\/\/product-guide.org\/en\/wp-json\/wp\/v2\/types\/product"}],"wp:featuredmedia":[{"embeddable":true,"href":"https:\/\/product-guide.org\/en\/wp-json\/wp\/v2\/media\/49435"}],"wp:attachment":[{"href":"https:\/\/product-guide.org\/en\/wp-json\/wp\/v2\/media?parent=49436"}],"wp:term":[{"taxonomy":"store","embeddable":true,"href":"https:\/\/product-guide.org\/en\/wp-json\/wp\/v2\/store?post=49436"},{"taxonomy":"product_brand","embeddable":true,"href":"https:\/\/product-guide.org\/en\/wp-json\/wp\/v2\/product_brand?post=49436"},{"taxonomy":"product_cat","embeddable":true,"href":"https:\/\/product-guide.org\/en\/wp-json\/wp\/v2\/product_cat?post=49436"},{"taxonomy":"product_tag","embeddable":true,"href":"https:\/\/product-guide.org\/en\/wp-json\/wp\/v2\/product_tag?post=49436"}],"curies":[{"name":"wp","href":"https:\/\/api.w.org\/{rel}","templated":true}]}}