{"id":49506,"date":"2025-03-17T10:43:36","date_gmt":"2025-03-17T09:43:36","guid":{"rendered":"https:\/\/product-guide.org\/produkt\/secrid-miniwallet-vintage-blue-zeitgeist-shop\/"},"modified":"2025-03-17T10:43:36","modified_gmt":"2025-03-17T09:43:36","slug":"secrid-miniwallet-vintage-blue-zeitgeist-shop","status":"publish","type":"product","link":"https:\/\/product-guide.org\/en\/produkt\/secrid-miniwallet-vintage-blue-zeitgeist-shop\/","title":{"rendered":"Secrid &#8211; Miniwallet &#8211; Vintage Blue | Zeitgeist Shop"},"content":{"rendered":"<p>Das Secrid Miniwallet Vintage Blue kombiniert klassisches Design mit moderner Sicherheit. Dank des RFID-gesch\u00fctzten Cardprotectors sind deine Karten vor unerw\u00fcnschtem Scannen gesch\u00fctzt, w\u00e4hrend das kompakte Format Platz f\u00fcr bis zu 10 Karten, Geldscheine und Belege bietet. F\u00fcr noch mehr Funktionalit\u00e4t ist es mit dem Secrid Coinpocket kompatibel.<\/p>\n","protected":false},"excerpt":{"rendered":"<p>Das Secrid Miniwallet Vintage Blue kombiniert klassisches Design mit moderner Sicherheit. Dank des RFID-gesch\u00fctzten Cardprotectors sind deine Karten vor unerw\u00fcnschtem Scannen gesch\u00fctzt, w\u00e4hrend das kompakte Format Platz f\u00fcr bis zu 10 Karten, Geldscheine und Belege bietet. F\u00fcr noch mehr Funktionalit\u00e4t ist es mit dem Secrid Coinpocket kompatibel.<\/p>\n","protected":false},"featured_media":49505,"template":"","meta":{"_gspb_post_css":""},"store":[],"product_brand":[1368],"product_cat":[1290],"product_tag":[],"class_list":{"0":"post-49506","1":"product","2":"type-product","3":"status-publish","4":"has-post-thumbnail","6":"product_brand-zeitgeist-shop","7":"product_cat-uncategorized","9":"first","10":"instock","11":"shipping-taxable","12":"purchasable","13":"product-type-simple"},"yoast_head":"<!-- This site is optimized with the Yoast SEO plugin v24.6 - https:\/\/yoast.com\/wordpress\/plugins\/seo\/ -->\n<title>Secrid - Miniwallet - Vintage Blue | Zeitgeist Shop | Product-Guide.org<\/title>\n<meta name=\"description\" content=\"Secrid - Miniwallet - Vintage Blue | Zeitgeist Shop gefunden von Product-Guide.org\" \/>\n<meta name=\"robots\" content=\"index, follow, max-snippet:-1, max-image-preview:large, max-video-preview:-1\" \/>\n<link rel=\"canonical\" href=\"https:\/\/product-guide.org\/en\/produkt\/secrid-miniwallet-vintage-blue-zeitgeist-shop\/\" \/>\n<meta property=\"og:locale\" content=\"en_GB\" \/>\n<meta property=\"og:type\" content=\"article\" \/>\n<meta property=\"og:title\" content=\"Secrid - Miniwallet - Vintage Blue | Zeitgeist Shop | Product-Guide.org\" \/>\n<meta property=\"og:description\" content=\"Secrid - Miniwallet - Vintage Blue | Zeitgeist Shop gefunden von Product-Guide.org\" \/>\n<meta property=\"og:url\" content=\"https:\/\/product-guide.org\/en\/produkt\/secrid-miniwallet-vintage-blue-zeitgeist-shop\/\" \/>\n<meta property=\"og:site_name\" content=\"Product-Guide.org\" \/>\n<meta name=\"twitter:card\" content=\"summary_large_image\" \/>\n<script type=\"application\/ld+json\" class=\"yoast-schema-graph\">{\"@context\":\"https:\/\/schema.org\",\"@graph\":[{\"@type\":\"WebPage\",\"@id\":\"https:\/\/product-guide.org\/produkt\/secrid-miniwallet-vintage-blue-zeitgeist-shop\/\",\"url\":\"https:\/\/product-guide.org\/produkt\/secrid-miniwallet-vintage-blue-zeitgeist-shop\/\",\"name\":\"Secrid - Miniwallet - Vintage Blue | Zeitgeist Shop | Product-Guide.org\",\"isPartOf\":{\"@id\":\"https:\/\/product-guide.org\/#website\"},\"primaryImageOfPage\":{\"@id\":\"https:\/\/product-guide.org\/produkt\/secrid-miniwallet-vintage-blue-zeitgeist-shop\/#primaryimage\"},\"image\":{\"@id\":\"https:\/\/product-guide.org\/produkt\/secrid-miniwallet-vintage-blue-zeitgeist-shop\/#primaryimage\"},\"thumbnailUrl\":\"https:\/\/product-guide.org\/wp-content\/uploads\/2025\/03\/secrid-miniwallet-vintage-blue.jpg\",\"datePublished\":\"2025-03-17T09:43:36+00:00\",\"description\":\"Secrid - Miniwallet - Vintage Blue | Zeitgeist Shop gefunden von Product-Guide.org\",\"breadcrumb\":{\"@id\":\"https:\/\/product-guide.org\/produkt\/secrid-miniwallet-vintage-blue-zeitgeist-shop\/#breadcrumb\"},\"inLanguage\":\"en-GB\",\"potentialAction\":[{\"@type\":\"ReadAction\",\"target\":[\"https:\/\/product-guide.org\/produkt\/secrid-miniwallet-vintage-blue-zeitgeist-shop\/\"]}]},{\"@type\":\"ImageObject\",\"inLanguage\":\"en-GB\",\"@id\":\"https:\/\/product-guide.org\/produkt\/secrid-miniwallet-vintage-blue-zeitgeist-shop\/#primaryimage\",\"url\":\"https:\/\/product-guide.org\/wp-content\/uploads\/2025\/03\/secrid-miniwallet-vintage-blue.jpg\",\"contentUrl\":\"https:\/\/product-guide.org\/wp-content\/uploads\/2025\/03\/secrid-miniwallet-vintage-blue.jpg\",\"width\":800,\"height\":800},{\"@type\":\"BreadcrumbList\",\"@id\":\"https:\/\/product-guide.org\/produkt\/secrid-miniwallet-vintage-blue-zeitgeist-shop\/#breadcrumb\",\"itemListElement\":[{\"@type\":\"ListItem\",\"position\":1,\"name\":\"Home\",\"item\":\"https:\/\/product-guide.org\/\"},{\"@type\":\"ListItem\",\"position\":2,\"name\":\"Ergebnisse\",\"item\":\"https:\/\/product-guide.org\/de\/ergebnisse\/\"},{\"@type\":\"ListItem\",\"position\":3,\"name\":\"Secrid &#8211; Miniwallet &#8211; Vintage Blue | Zeitgeist Shop\"}]},{\"@type\":\"WebSite\",\"@id\":\"https:\/\/product-guide.org\/#website\",\"url\":\"https:\/\/product-guide.org\/\",\"name\":\"Product-Guide.org\",\"description\":\"What Product are you looking for?\",\"publisher\":{\"@id\":\"https:\/\/product-guide.org\/#organization\"},\"potentialAction\":[{\"@type\":\"SearchAction\",\"target\":{\"@type\":\"EntryPoint\",\"urlTemplate\":\"https:\/\/product-guide.org\/?s={search_term_string}\"},\"query-input\":{\"@type\":\"PropertyValueSpecification\",\"valueRequired\":true,\"valueName\":\"search_term_string\"}}],\"inLanguage\":\"en-GB\"},{\"@type\":\"Organization\",\"@id\":\"https:\/\/product-guide.org\/#organization\",\"name\":\"Product-Guide.org\",\"url\":\"https:\/\/product-guide.org\/\",\"logo\":{\"@type\":\"ImageObject\",\"inLanguage\":\"en-GB\",\"@id\":\"https:\/\/product-guide.org\/#\/schema\/logo\/image\/\",\"url\":\"https:\/\/product-guide.org\/wp-content\/uploads\/2022\/07\/logo_transparent_background.png\",\"contentUrl\":\"https:\/\/product-guide.org\/wp-content\/uploads\/2022\/07\/logo_transparent_background.png\",\"width\":3400,\"height\":1132,\"caption\":\"Product-Guide.org\"},\"image\":{\"@id\":\"https:\/\/product-guide.org\/#\/schema\/logo\/image\/\"}}]}<\/script>\n<!-- \/ Yoast SEO plugin. -->","yoast_head_json":{"title":"Secrid - Miniwallet - Vintage Blue | Zeitgeist Shop | Product-Guide.org","description":"Secrid - Miniwallet - Vintage Blue | Zeitgeist Shop gefunden von Product-Guide.org","robots":{"index":"index","follow":"follow","max-snippet":"max-snippet:-1","max-image-preview":"max-image-preview:large","max-video-preview":"max-video-preview:-1"},"canonical":"https:\/\/product-guide.org\/en\/produkt\/secrid-miniwallet-vintage-blue-zeitgeist-shop\/","og_locale":"en_GB","og_type":"article","og_title":"Secrid - Miniwallet - Vintage Blue | Zeitgeist Shop | Product-Guide.org","og_description":"Secrid - Miniwallet - Vintage Blue | Zeitgeist Shop gefunden von Product-Guide.org","og_url":"https:\/\/product-guide.org\/en\/produkt\/secrid-miniwallet-vintage-blue-zeitgeist-shop\/","og_site_name":"Product-Guide.org","twitter_card":"summary_large_image","schema":{"@context":"https:\/\/schema.org","@graph":[{"@type":"WebPage","@id":"https:\/\/product-guide.org\/produkt\/secrid-miniwallet-vintage-blue-zeitgeist-shop\/","url":"https:\/\/product-guide.org\/produkt\/secrid-miniwallet-vintage-blue-zeitgeist-shop\/","name":"Secrid - Miniwallet - Vintage Blue | Zeitgeist Shop | Product-Guide.org","isPartOf":{"@id":"https:\/\/product-guide.org\/#website"},"primaryImageOfPage":{"@id":"https:\/\/product-guide.org\/produkt\/secrid-miniwallet-vintage-blue-zeitgeist-shop\/#primaryimage"},"image":{"@id":"https:\/\/product-guide.org\/produkt\/secrid-miniwallet-vintage-blue-zeitgeist-shop\/#primaryimage"},"thumbnailUrl":"https:\/\/product-guide.org\/wp-content\/uploads\/2025\/03\/secrid-miniwallet-vintage-blue.jpg","datePublished":"2025-03-17T09:43:36+00:00","description":"Secrid - Miniwallet - Vintage Blue | Zeitgeist Shop gefunden von Product-Guide.org","breadcrumb":{"@id":"https:\/\/product-guide.org\/produkt\/secrid-miniwallet-vintage-blue-zeitgeist-shop\/#breadcrumb"},"inLanguage":"en-GB","potentialAction":[{"@type":"ReadAction","target":["https:\/\/product-guide.org\/produkt\/secrid-miniwallet-vintage-blue-zeitgeist-shop\/"]}]},{"@type":"ImageObject","inLanguage":"en-GB","@id":"https:\/\/product-guide.org\/produkt\/secrid-miniwallet-vintage-blue-zeitgeist-shop\/#primaryimage","url":"https:\/\/product-guide.org\/wp-content\/uploads\/2025\/03\/secrid-miniwallet-vintage-blue.jpg","contentUrl":"https:\/\/product-guide.org\/wp-content\/uploads\/2025\/03\/secrid-miniwallet-vintage-blue.jpg","width":800,"height":800},{"@type":"BreadcrumbList","@id":"https:\/\/product-guide.org\/produkt\/secrid-miniwallet-vintage-blue-zeitgeist-shop\/#breadcrumb","itemListElement":[{"@type":"ListItem","position":1,"name":"Home","item":"https:\/\/product-guide.org\/"},{"@type":"ListItem","position":2,"name":"Ergebnisse","item":"https:\/\/product-guide.org\/de\/ergebnisse\/"},{"@type":"ListItem","position":3,"name":"Secrid &#8211; Miniwallet &#8211; Vintage Blue | Zeitgeist Shop"}]},{"@type":"WebSite","@id":"https:\/\/product-guide.org\/#website","url":"https:\/\/product-guide.org\/","name":"Product-Guide.org","description":"What Product are you looking for?","publisher":{"@id":"https:\/\/product-guide.org\/#organization"},"potentialAction":[{"@type":"SearchAction","target":{"@type":"EntryPoint","urlTemplate":"https:\/\/product-guide.org\/?s={search_term_string}"},"query-input":{"@type":"PropertyValueSpecification","valueRequired":true,"valueName":"search_term_string"}}],"inLanguage":"en-GB"},{"@type":"Organization","@id":"https:\/\/product-guide.org\/#organization","name":"Product-Guide.org","url":"https:\/\/product-guide.org\/","logo":{"@type":"ImageObject","inLanguage":"en-GB","@id":"https:\/\/product-guide.org\/#\/schema\/logo\/image\/","url":"https:\/\/product-guide.org\/wp-content\/uploads\/2022\/07\/logo_transparent_background.png","contentUrl":"https:\/\/product-guide.org\/wp-content\/uploads\/2022\/07\/logo_transparent_background.png","width":3400,"height":1132,"caption":"Product-Guide.org"},"image":{"@id":"https:\/\/product-guide.org\/#\/schema\/logo\/image\/"}}]}},"_links":{"self":[{"href":"https:\/\/product-guide.org\/en\/wp-json\/wp\/v2\/product\/49506","targetHints":{"allow":["GET"]}}],"collection":[{"href":"https:\/\/product-guide.org\/en\/wp-json\/wp\/v2\/product"}],"about":[{"href":"https:\/\/product-guide.org\/en\/wp-json\/wp\/v2\/types\/product"}],"wp:featuredmedia":[{"embeddable":true,"href":"https:\/\/product-guide.org\/en\/wp-json\/wp\/v2\/media\/49505"}],"wp:attachment":[{"href":"https:\/\/product-guide.org\/en\/wp-json\/wp\/v2\/media?parent=49506"}],"wp:term":[{"taxonomy":"store","embeddable":true,"href":"https:\/\/product-guide.org\/en\/wp-json\/wp\/v2\/store?post=49506"},{"taxonomy":"product_brand","embeddable":true,"href":"https:\/\/product-guide.org\/en\/wp-json\/wp\/v2\/product_brand?post=49506"},{"taxonomy":"product_cat","embeddable":true,"href":"https:\/\/product-guide.org\/en\/wp-json\/wp\/v2\/product_cat?post=49506"},{"taxonomy":"product_tag","embeddable":true,"href":"https:\/\/product-guide.org\/en\/wp-json\/wp\/v2\/product_tag?post=49506"}],"curies":[{"name":"wp","href":"https:\/\/api.w.org\/{rel}","templated":true}]}}