{"id":49618,"date":"2025-03-17T10:45:52","date_gmt":"2025-03-17T09:45:52","guid":{"rendered":"https:\/\/product-guide.org\/produkt\/adidas-terrex-free-hiker-2-gtx-wanderschuh-if4918-schwarz-verticalextreme\/"},"modified":"2025-03-17T10:45:52","modified_gmt":"2025-03-17T09:45:52","slug":"adidas-terrex-free-hiker-2-gtx-wanderschuh-if4918-schwarz-verticalextreme","status":"publish","type":"product","link":"https:\/\/product-guide.org\/en\/produkt\/adidas-terrex-free-hiker-2-gtx-wanderschuh-if4918-schwarz-verticalextreme\/","title":{"rendered":"Adidas TERREX Free Hiker 2 GTX &#8211; Wanderschuh (IF4918) [schwarz] | VerticalExtreme"},"content":{"rendered":"<p>Wandern. Entdecken. Die Sch\u00f6nheit der freien Natur genie\u00dfen. Von kurzen Strecken bis hin zu l\u00e4ngeren Touren am Wochenende \u2013 dieser leichte Wanderschuh bietet \u00fcberragenden Komfort und sicheren Halt auf jeder Art von Trail. Die BOOST Zwischensohle gibt dir bei jedem Schritt Energie zur\u00fcck und sorgt so f\u00fcr lang anhaltenden Tragekomfort. Die GORE-TEX Membran h\u00e4lt N\u00e4sse ab und ist gleichzeitig atmungsaktiv. Das weiche, Halt gebende Obermaterial und die mit dem Obermaterial verbundene Zunge umschlie\u00dfen deinen Fu\u00df passgenau, garantieren so ein superbequemes Tragegef\u00fchl und halten au\u00dferdem Staub und Steinchen ab. Durch den innen liegenden Rahmen und das stabilisierende Element im Fersenbereich sind auch unebene und felsige Abschnitte kein Problem. Und die Au\u00dfensohle aus Continental Gummi liefert optimalen Grip \u2013 egal, ob auf nassem oder trockenem Untergrund. (Schuh-Au\u00dfenmaterial: Polyester, Polyurethan, Nat\u00fcrliche und synthetische Textilien | Schuhsohle: Gummi, EVA, Sonstiges Material | Schuh-Innenmaterial: Nat\u00fcrliche und synthetische Textilien | Verschlussart: Schn\u00fcrrsenkel | Schuhtyp: Kn\u00f6chelschuh | Membran: GORE-TEX | Gewicht: 445g)<\/p>\n","protected":false},"excerpt":{"rendered":"<p>Wandern. Entdecken. Die Sch\u00f6nheit der freien Natur genie\u00dfen. Von kurzen Strecken bis hin zu l\u00e4ngeren Touren am Wochenende \u2013 dieser leichte Wanderschuh bietet \u00fcberragenden Komfort und sicheren Halt auf jeder Art von Trail. Die BOOST Zwischensohle gibt dir bei jedem Schritt Energie zur\u00fcck und sorgt so f\u00fcr lang anhaltenden Tragekomfort. Die GORE-TEX Membran h\u00e4lt N\u00e4sse [&hellip;]<\/p>\n","protected":false},"featured_media":49617,"template":"","meta":{"_gspb_post_css":""},"store":[],"product_brand":[1370],"product_cat":[1290],"product_tag":[],"class_list":{"0":"post-49618","1":"product","2":"type-product","3":"status-publish","4":"has-post-thumbnail","6":"product_brand-verticalextreme-de","7":"product_cat-uncategorized","9":"first","10":"instock","11":"shipping-taxable","12":"purchasable","13":"product-type-simple"},"yoast_head":"<!-- This site is optimized with the Yoast SEO plugin v24.6 - https:\/\/yoast.com\/wordpress\/plugins\/seo\/ -->\n<title>Adidas TERREX Free Hiker 2 GTX - Wanderschuh (IF4918) [schwarz] | VerticalExtreme | Product-Guide.org<\/title>\n<meta name=\"description\" content=\"Adidas TERREX Free Hiker 2 GTX - Wanderschuh (IF4918) [schwarz] | VerticalExtreme gefunden von Product-Guide.org\" \/>\n<meta name=\"robots\" content=\"index, follow, max-snippet:-1, max-image-preview:large, max-video-preview:-1\" \/>\n<link rel=\"canonical\" href=\"https:\/\/product-guide.org\/en\/produkt\/adidas-terrex-free-hiker-2-gtx-wanderschuh-if4918-schwarz-verticalextreme\/\" \/>\n<meta property=\"og:locale\" content=\"en_GB\" \/>\n<meta property=\"og:type\" content=\"article\" \/>\n<meta property=\"og:title\" content=\"Adidas TERREX Free Hiker 2 GTX - Wanderschuh (IF4918) [schwarz] | VerticalExtreme | Product-Guide.org\" \/>\n<meta property=\"og:description\" content=\"Adidas TERREX Free Hiker 2 GTX - Wanderschuh (IF4918) [schwarz] | VerticalExtreme gefunden von Product-Guide.org\" \/>\n<meta property=\"og:url\" content=\"https:\/\/product-guide.org\/en\/produkt\/adidas-terrex-free-hiker-2-gtx-wanderschuh-if4918-schwarz-verticalextreme\/\" \/>\n<meta property=\"og:site_name\" content=\"Product-Guide.org\" \/>\n<meta name=\"twitter:card\" content=\"summary_large_image\" \/>\n<script type=\"application\/ld+json\" class=\"yoast-schema-graph\">{\"@context\":\"https:\/\/schema.org\",\"@graph\":[{\"@type\":\"WebPage\",\"@id\":\"https:\/\/product-guide.org\/produkt\/adidas-terrex-free-hiker-2-gtx-wanderschuh-if4918-schwarz-verticalextreme\/\",\"url\":\"https:\/\/product-guide.org\/produkt\/adidas-terrex-free-hiker-2-gtx-wanderschuh-if4918-schwarz-verticalextreme\/\",\"name\":\"Adidas TERREX Free Hiker 2 GTX - Wanderschuh (IF4918) [schwarz] | VerticalExtreme | Product-Guide.org\",\"isPartOf\":{\"@id\":\"https:\/\/product-guide.org\/#website\"},\"primaryImageOfPage\":{\"@id\":\"https:\/\/product-guide.org\/produkt\/adidas-terrex-free-hiker-2-gtx-wanderschuh-if4918-schwarz-verticalextreme\/#primaryimage\"},\"image\":{\"@id\":\"https:\/\/product-guide.org\/produkt\/adidas-terrex-free-hiker-2-gtx-wanderschuh-if4918-schwarz-verticalextreme\/#primaryimage\"},\"thumbnailUrl\":\"https:\/\/product-guide.org\/wp-content\/uploads\/2025\/03\/17695-Adidas-TERREX-Free-Hiker-2-GTX-Wanderschuh-IF4918-schwarz-_2.jpg\",\"datePublished\":\"2025-03-17T09:45:52+00:00\",\"description\":\"Adidas TERREX Free Hiker 2 GTX - Wanderschuh (IF4918) [schwarz] | VerticalExtreme gefunden von Product-Guide.org\",\"breadcrumb\":{\"@id\":\"https:\/\/product-guide.org\/produkt\/adidas-terrex-free-hiker-2-gtx-wanderschuh-if4918-schwarz-verticalextreme\/#breadcrumb\"},\"inLanguage\":\"en-GB\",\"potentialAction\":[{\"@type\":\"ReadAction\",\"target\":[\"https:\/\/product-guide.org\/produkt\/adidas-terrex-free-hiker-2-gtx-wanderschuh-if4918-schwarz-verticalextreme\/\"]}]},{\"@type\":\"ImageObject\",\"inLanguage\":\"en-GB\",\"@id\":\"https:\/\/product-guide.org\/produkt\/adidas-terrex-free-hiker-2-gtx-wanderschuh-if4918-schwarz-verticalextreme\/#primaryimage\",\"url\":\"https:\/\/product-guide.org\/wp-content\/uploads\/2025\/03\/17695-Adidas-TERREX-Free-Hiker-2-GTX-Wanderschuh-IF4918-schwarz-_2.jpg\",\"contentUrl\":\"https:\/\/product-guide.org\/wp-content\/uploads\/2025\/03\/17695-Adidas-TERREX-Free-Hiker-2-GTX-Wanderschuh-IF4918-schwarz-_2.jpg\",\"width\":808,\"height\":575},{\"@type\":\"BreadcrumbList\",\"@id\":\"https:\/\/product-guide.org\/produkt\/adidas-terrex-free-hiker-2-gtx-wanderschuh-if4918-schwarz-verticalextreme\/#breadcrumb\",\"itemListElement\":[{\"@type\":\"ListItem\",\"position\":1,\"name\":\"Home\",\"item\":\"https:\/\/product-guide.org\/\"},{\"@type\":\"ListItem\",\"position\":2,\"name\":\"Ergebnisse\",\"item\":\"https:\/\/product-guide.org\/de\/ergebnisse\/\"},{\"@type\":\"ListItem\",\"position\":3,\"name\":\"Adidas TERREX Free Hiker 2 GTX &#8211; Wanderschuh (IF4918) [schwarz] | VerticalExtreme\"}]},{\"@type\":\"WebSite\",\"@id\":\"https:\/\/product-guide.org\/#website\",\"url\":\"https:\/\/product-guide.org\/\",\"name\":\"Product-Guide.org\",\"description\":\"What Product are you looking for?\",\"publisher\":{\"@id\":\"https:\/\/product-guide.org\/#organization\"},\"potentialAction\":[{\"@type\":\"SearchAction\",\"target\":{\"@type\":\"EntryPoint\",\"urlTemplate\":\"https:\/\/product-guide.org\/?s={search_term_string}\"},\"query-input\":{\"@type\":\"PropertyValueSpecification\",\"valueRequired\":true,\"valueName\":\"search_term_string\"}}],\"inLanguage\":\"en-GB\"},{\"@type\":\"Organization\",\"@id\":\"https:\/\/product-guide.org\/#organization\",\"name\":\"Product-Guide.org\",\"url\":\"https:\/\/product-guide.org\/\",\"logo\":{\"@type\":\"ImageObject\",\"inLanguage\":\"en-GB\",\"@id\":\"https:\/\/product-guide.org\/#\/schema\/logo\/image\/\",\"url\":\"https:\/\/product-guide.org\/wp-content\/uploads\/2022\/07\/logo_transparent_background.png\",\"contentUrl\":\"https:\/\/product-guide.org\/wp-content\/uploads\/2022\/07\/logo_transparent_background.png\",\"width\":3400,\"height\":1132,\"caption\":\"Product-Guide.org\"},\"image\":{\"@id\":\"https:\/\/product-guide.org\/#\/schema\/logo\/image\/\"}}]}<\/script>\n<!-- \/ Yoast SEO plugin. -->","yoast_head_json":{"title":"Adidas TERREX Free Hiker 2 GTX - Wanderschuh (IF4918) [schwarz] | VerticalExtreme | Product-Guide.org","description":"Adidas TERREX Free Hiker 2 GTX - Wanderschuh (IF4918) [schwarz] | VerticalExtreme gefunden von Product-Guide.org","robots":{"index":"index","follow":"follow","max-snippet":"max-snippet:-1","max-image-preview":"max-image-preview:large","max-video-preview":"max-video-preview:-1"},"canonical":"https:\/\/product-guide.org\/en\/produkt\/adidas-terrex-free-hiker-2-gtx-wanderschuh-if4918-schwarz-verticalextreme\/","og_locale":"en_GB","og_type":"article","og_title":"Adidas TERREX Free Hiker 2 GTX - Wanderschuh (IF4918) [schwarz] | VerticalExtreme | Product-Guide.org","og_description":"Adidas TERREX Free Hiker 2 GTX - Wanderschuh (IF4918) [schwarz] | VerticalExtreme gefunden von Product-Guide.org","og_url":"https:\/\/product-guide.org\/en\/produkt\/adidas-terrex-free-hiker-2-gtx-wanderschuh-if4918-schwarz-verticalextreme\/","og_site_name":"Product-Guide.org","twitter_card":"summary_large_image","schema":{"@context":"https:\/\/schema.org","@graph":[{"@type":"WebPage","@id":"https:\/\/product-guide.org\/produkt\/adidas-terrex-free-hiker-2-gtx-wanderschuh-if4918-schwarz-verticalextreme\/","url":"https:\/\/product-guide.org\/produkt\/adidas-terrex-free-hiker-2-gtx-wanderschuh-if4918-schwarz-verticalextreme\/","name":"Adidas TERREX Free Hiker 2 GTX - Wanderschuh (IF4918) [schwarz] | VerticalExtreme | Product-Guide.org","isPartOf":{"@id":"https:\/\/product-guide.org\/#website"},"primaryImageOfPage":{"@id":"https:\/\/product-guide.org\/produkt\/adidas-terrex-free-hiker-2-gtx-wanderschuh-if4918-schwarz-verticalextreme\/#primaryimage"},"image":{"@id":"https:\/\/product-guide.org\/produkt\/adidas-terrex-free-hiker-2-gtx-wanderschuh-if4918-schwarz-verticalextreme\/#primaryimage"},"thumbnailUrl":"https:\/\/product-guide.org\/wp-content\/uploads\/2025\/03\/17695-Adidas-TERREX-Free-Hiker-2-GTX-Wanderschuh-IF4918-schwarz-_2.jpg","datePublished":"2025-03-17T09:45:52+00:00","description":"Adidas TERREX Free Hiker 2 GTX - Wanderschuh (IF4918) [schwarz] | VerticalExtreme gefunden von Product-Guide.org","breadcrumb":{"@id":"https:\/\/product-guide.org\/produkt\/adidas-terrex-free-hiker-2-gtx-wanderschuh-if4918-schwarz-verticalextreme\/#breadcrumb"},"inLanguage":"en-GB","potentialAction":[{"@type":"ReadAction","target":["https:\/\/product-guide.org\/produkt\/adidas-terrex-free-hiker-2-gtx-wanderschuh-if4918-schwarz-verticalextreme\/"]}]},{"@type":"ImageObject","inLanguage":"en-GB","@id":"https:\/\/product-guide.org\/produkt\/adidas-terrex-free-hiker-2-gtx-wanderschuh-if4918-schwarz-verticalextreme\/#primaryimage","url":"https:\/\/product-guide.org\/wp-content\/uploads\/2025\/03\/17695-Adidas-TERREX-Free-Hiker-2-GTX-Wanderschuh-IF4918-schwarz-_2.jpg","contentUrl":"https:\/\/product-guide.org\/wp-content\/uploads\/2025\/03\/17695-Adidas-TERREX-Free-Hiker-2-GTX-Wanderschuh-IF4918-schwarz-_2.jpg","width":808,"height":575},{"@type":"BreadcrumbList","@id":"https:\/\/product-guide.org\/produkt\/adidas-terrex-free-hiker-2-gtx-wanderschuh-if4918-schwarz-verticalextreme\/#breadcrumb","itemListElement":[{"@type":"ListItem","position":1,"name":"Home","item":"https:\/\/product-guide.org\/"},{"@type":"ListItem","position":2,"name":"Ergebnisse","item":"https:\/\/product-guide.org\/de\/ergebnisse\/"},{"@type":"ListItem","position":3,"name":"Adidas TERREX Free Hiker 2 GTX &#8211; Wanderschuh (IF4918) [schwarz] | VerticalExtreme"}]},{"@type":"WebSite","@id":"https:\/\/product-guide.org\/#website","url":"https:\/\/product-guide.org\/","name":"Product-Guide.org","description":"What Product are you looking for?","publisher":{"@id":"https:\/\/product-guide.org\/#organization"},"potentialAction":[{"@type":"SearchAction","target":{"@type":"EntryPoint","urlTemplate":"https:\/\/product-guide.org\/?s={search_term_string}"},"query-input":{"@type":"PropertyValueSpecification","valueRequired":true,"valueName":"search_term_string"}}],"inLanguage":"en-GB"},{"@type":"Organization","@id":"https:\/\/product-guide.org\/#organization","name":"Product-Guide.org","url":"https:\/\/product-guide.org\/","logo":{"@type":"ImageObject","inLanguage":"en-GB","@id":"https:\/\/product-guide.org\/#\/schema\/logo\/image\/","url":"https:\/\/product-guide.org\/wp-content\/uploads\/2022\/07\/logo_transparent_background.png","contentUrl":"https:\/\/product-guide.org\/wp-content\/uploads\/2022\/07\/logo_transparent_background.png","width":3400,"height":1132,"caption":"Product-Guide.org"},"image":{"@id":"https:\/\/product-guide.org\/#\/schema\/logo\/image\/"}}]}},"_links":{"self":[{"href":"https:\/\/product-guide.org\/en\/wp-json\/wp\/v2\/product\/49618","targetHints":{"allow":["GET"]}}],"collection":[{"href":"https:\/\/product-guide.org\/en\/wp-json\/wp\/v2\/product"}],"about":[{"href":"https:\/\/product-guide.org\/en\/wp-json\/wp\/v2\/types\/product"}],"wp:featuredmedia":[{"embeddable":true,"href":"https:\/\/product-guide.org\/en\/wp-json\/wp\/v2\/media\/49617"}],"wp:attachment":[{"href":"https:\/\/product-guide.org\/en\/wp-json\/wp\/v2\/media?parent=49618"}],"wp:term":[{"taxonomy":"store","embeddable":true,"href":"https:\/\/product-guide.org\/en\/wp-json\/wp\/v2\/store?post=49618"},{"taxonomy":"product_brand","embeddable":true,"href":"https:\/\/product-guide.org\/en\/wp-json\/wp\/v2\/product_brand?post=49618"},{"taxonomy":"product_cat","embeddable":true,"href":"https:\/\/product-guide.org\/en\/wp-json\/wp\/v2\/product_cat?post=49618"},{"taxonomy":"product_tag","embeddable":true,"href":"https:\/\/product-guide.org\/en\/wp-json\/wp\/v2\/product_tag?post=49618"}],"curies":[{"name":"wp","href":"https:\/\/api.w.org\/{rel}","templated":true}]}}