{"id":49643,"date":"2025-03-17T10:46:07","date_gmt":"2025-03-17T09:46:07","guid":{"rendered":"https:\/\/product-guide.org\/produkt\/chillaz-rofan-2-0-cord-mix-pant-men-kletterhose-verticalextreme-2\/"},"modified":"2025-03-17T10:46:08","modified_gmt":"2025-03-17T09:46:08","slug":"chillaz-rofan-2-0-cord-mix-pant-men-kletterhose-verticalextreme-2","status":"publish","type":"product","link":"https:\/\/product-guide.org\/en\/produkt\/chillaz-rofan-2-0-cord-mix-pant-men-kletterhose-verticalextreme-2\/","title":{"rendered":"Chillaz Rofan 2.0 (Cord Mix) Pant Men &#8211; Kletterhose | VerticalExtreme"},"content":{"rendered":"<p>Die Rofan ist eine moderne Kletter- und Trekkinghose. Der feine, elastische Cord, zusammen mit einem robusten und dehnbaren Kletterstoff waren f\u00fcr uns die Basis. Nat\u00fcrliche Fasern bieten hohe Atmungsaktivit\u00e4t. Mindestens eine Tasche sollte mit einem Rei\u00dfverschluss verschlie\u00dfbar und der Bund mit Kordel angenehm unterm Klettergurt sein. Rein in die Rofan und ab an den Fels!<\/p>\n","protected":false},"excerpt":{"rendered":"<p>Die Rofan ist eine moderne Kletter- und Trekkinghose. Der feine, elastische Cord, zusammen mit einem robusten und dehnbaren Kletterstoff waren f\u00fcr uns die Basis. Nat\u00fcrliche Fasern bieten hohe Atmungsaktivit\u00e4t. Mindestens eine Tasche sollte mit einem Rei\u00dfverschluss verschlie\u00dfbar und der Bund mit Kordel angenehm unterm Klettergurt sein. Rein in die Rofan und ab an den Fels!<\/p>\n","protected":false},"featured_media":49642,"template":"","meta":{"_gspb_post_css":""},"store":[],"product_brand":[1370],"product_cat":[1290],"product_tag":[],"class_list":{"0":"post-49643","1":"product","2":"type-product","3":"status-publish","4":"has-post-thumbnail","6":"product_brand-verticalextreme-de","7":"product_cat-uncategorized","9":"first","10":"instock","11":"shipping-taxable","12":"purchasable","13":"product-type-simple"},"yoast_head":"<!-- This site is optimized with the Yoast SEO plugin v24.6 - https:\/\/yoast.com\/wordpress\/plugins\/seo\/ -->\n<title>Chillaz Rofan 2.0 (Cord Mix) Pant Men - Kletterhose | VerticalExtreme | Product-Guide.org<\/title>\n<meta name=\"description\" content=\"Chillaz Rofan 2.0 (Cord Mix) Pant Men - Kletterhose | VerticalExtreme gefunden von Product-Guide.org\" \/>\n<meta name=\"robots\" content=\"index, follow, max-snippet:-1, max-image-preview:large, max-video-preview:-1\" \/>\n<link rel=\"canonical\" href=\"https:\/\/product-guide.org\/en\/produkt\/chillaz-rofan-2-0-cord-mix-pant-men-kletterhose-verticalextreme-2\/\" \/>\n<meta property=\"og:locale\" content=\"en_GB\" \/>\n<meta property=\"og:type\" content=\"article\" \/>\n<meta property=\"og:title\" content=\"Chillaz Rofan 2.0 (Cord Mix) Pant Men - Kletterhose | VerticalExtreme | Product-Guide.org\" \/>\n<meta property=\"og:description\" content=\"Chillaz Rofan 2.0 (Cord Mix) Pant Men - Kletterhose | VerticalExtreme gefunden von Product-Guide.org\" \/>\n<meta property=\"og:url\" content=\"https:\/\/product-guide.org\/en\/produkt\/chillaz-rofan-2-0-cord-mix-pant-men-kletterhose-verticalextreme-2\/\" \/>\n<meta property=\"og:site_name\" content=\"Product-Guide.org\" \/>\n<meta property=\"article:modified_time\" content=\"2025-03-17T09:46:08+00:00\" \/>\n<meta name=\"twitter:card\" content=\"summary_large_image\" \/>\n<script type=\"application\/ld+json\" class=\"yoast-schema-graph\">{\"@context\":\"https:\/\/schema.org\",\"@graph\":[{\"@type\":\"WebPage\",\"@id\":\"https:\/\/product-guide.org\/produkt\/chillaz-rofan-2-0-cord-mix-pant-men-kletterhose-verticalextreme-2\/\",\"url\":\"https:\/\/product-guide.org\/produkt\/chillaz-rofan-2-0-cord-mix-pant-men-kletterhose-verticalextreme-2\/\",\"name\":\"Chillaz Rofan 2.0 (Cord Mix) Pant Men - Kletterhose | VerticalExtreme | Product-Guide.org\",\"isPartOf\":{\"@id\":\"https:\/\/product-guide.org\/#website\"},\"primaryImageOfPage\":{\"@id\":\"https:\/\/product-guide.org\/produkt\/chillaz-rofan-2-0-cord-mix-pant-men-kletterhose-verticalextreme-2\/#primaryimage\"},\"image\":{\"@id\":\"https:\/\/product-guide.org\/produkt\/chillaz-rofan-2-0-cord-mix-pant-men-kletterhose-verticalextreme-2\/#primaryimage\"},\"thumbnailUrl\":\"https:\/\/product-guide.org\/wp-content\/uploads\/2025\/03\/20303-Chillaz-Rofan-2-0-Cord-Mix-Pant-Men-Kletterhose_1.jpg\",\"datePublished\":\"2025-03-17T09:46:07+00:00\",\"dateModified\":\"2025-03-17T09:46:08+00:00\",\"description\":\"Chillaz Rofan 2.0 (Cord Mix) Pant Men - Kletterhose | VerticalExtreme gefunden von Product-Guide.org\",\"breadcrumb\":{\"@id\":\"https:\/\/product-guide.org\/produkt\/chillaz-rofan-2-0-cord-mix-pant-men-kletterhose-verticalextreme-2\/#breadcrumb\"},\"inLanguage\":\"en-GB\",\"potentialAction\":[{\"@type\":\"ReadAction\",\"target\":[\"https:\/\/product-guide.org\/produkt\/chillaz-rofan-2-0-cord-mix-pant-men-kletterhose-verticalextreme-2\/\"]}]},{\"@type\":\"ImageObject\",\"inLanguage\":\"en-GB\",\"@id\":\"https:\/\/product-guide.org\/produkt\/chillaz-rofan-2-0-cord-mix-pant-men-kletterhose-verticalextreme-2\/#primaryimage\",\"url\":\"https:\/\/product-guide.org\/wp-content\/uploads\/2025\/03\/20303-Chillaz-Rofan-2-0-Cord-Mix-Pant-Men-Kletterhose_1.jpg\",\"contentUrl\":\"https:\/\/product-guide.org\/wp-content\/uploads\/2025\/03\/20303-Chillaz-Rofan-2-0-Cord-Mix-Pant-Men-Kletterhose_1.jpg\",\"width\":1000,\"height\":1000},{\"@type\":\"BreadcrumbList\",\"@id\":\"https:\/\/product-guide.org\/produkt\/chillaz-rofan-2-0-cord-mix-pant-men-kletterhose-verticalextreme-2\/#breadcrumb\",\"itemListElement\":[{\"@type\":\"ListItem\",\"position\":1,\"name\":\"Home\",\"item\":\"https:\/\/product-guide.org\/\"},{\"@type\":\"ListItem\",\"position\":2,\"name\":\"Ergebnisse\",\"item\":\"https:\/\/product-guide.org\/de\/ergebnisse\/\"},{\"@type\":\"ListItem\",\"position\":3,\"name\":\"Chillaz Rofan 2.0 (Cord Mix) Pant Men &#8211; Kletterhose | VerticalExtreme\"}]},{\"@type\":\"WebSite\",\"@id\":\"https:\/\/product-guide.org\/#website\",\"url\":\"https:\/\/product-guide.org\/\",\"name\":\"Product-Guide.org\",\"description\":\"What Product are you looking for?\",\"publisher\":{\"@id\":\"https:\/\/product-guide.org\/#organization\"},\"potentialAction\":[{\"@type\":\"SearchAction\",\"target\":{\"@type\":\"EntryPoint\",\"urlTemplate\":\"https:\/\/product-guide.org\/?s={search_term_string}\"},\"query-input\":{\"@type\":\"PropertyValueSpecification\",\"valueRequired\":true,\"valueName\":\"search_term_string\"}}],\"inLanguage\":\"en-GB\"},{\"@type\":\"Organization\",\"@id\":\"https:\/\/product-guide.org\/#organization\",\"name\":\"Product-Guide.org\",\"url\":\"https:\/\/product-guide.org\/\",\"logo\":{\"@type\":\"ImageObject\",\"inLanguage\":\"en-GB\",\"@id\":\"https:\/\/product-guide.org\/#\/schema\/logo\/image\/\",\"url\":\"https:\/\/product-guide.org\/wp-content\/uploads\/2022\/07\/logo_transparent_background.png\",\"contentUrl\":\"https:\/\/product-guide.org\/wp-content\/uploads\/2022\/07\/logo_transparent_background.png\",\"width\":3400,\"height\":1132,\"caption\":\"Product-Guide.org\"},\"image\":{\"@id\":\"https:\/\/product-guide.org\/#\/schema\/logo\/image\/\"}}]}<\/script>\n<!-- \/ Yoast SEO plugin. -->","yoast_head_json":{"title":"Chillaz Rofan 2.0 (Cord Mix) Pant Men - Kletterhose | VerticalExtreme | Product-Guide.org","description":"Chillaz Rofan 2.0 (Cord Mix) Pant Men - Kletterhose | VerticalExtreme gefunden von Product-Guide.org","robots":{"index":"index","follow":"follow","max-snippet":"max-snippet:-1","max-image-preview":"max-image-preview:large","max-video-preview":"max-video-preview:-1"},"canonical":"https:\/\/product-guide.org\/en\/produkt\/chillaz-rofan-2-0-cord-mix-pant-men-kletterhose-verticalextreme-2\/","og_locale":"en_GB","og_type":"article","og_title":"Chillaz Rofan 2.0 (Cord Mix) Pant Men - Kletterhose | VerticalExtreme | Product-Guide.org","og_description":"Chillaz Rofan 2.0 (Cord Mix) Pant Men - Kletterhose | VerticalExtreme gefunden von Product-Guide.org","og_url":"https:\/\/product-guide.org\/en\/produkt\/chillaz-rofan-2-0-cord-mix-pant-men-kletterhose-verticalextreme-2\/","og_site_name":"Product-Guide.org","article_modified_time":"2025-03-17T09:46:08+00:00","twitter_card":"summary_large_image","schema":{"@context":"https:\/\/schema.org","@graph":[{"@type":"WebPage","@id":"https:\/\/product-guide.org\/produkt\/chillaz-rofan-2-0-cord-mix-pant-men-kletterhose-verticalextreme-2\/","url":"https:\/\/product-guide.org\/produkt\/chillaz-rofan-2-0-cord-mix-pant-men-kletterhose-verticalextreme-2\/","name":"Chillaz Rofan 2.0 (Cord Mix) Pant Men - Kletterhose | VerticalExtreme | Product-Guide.org","isPartOf":{"@id":"https:\/\/product-guide.org\/#website"},"primaryImageOfPage":{"@id":"https:\/\/product-guide.org\/produkt\/chillaz-rofan-2-0-cord-mix-pant-men-kletterhose-verticalextreme-2\/#primaryimage"},"image":{"@id":"https:\/\/product-guide.org\/produkt\/chillaz-rofan-2-0-cord-mix-pant-men-kletterhose-verticalextreme-2\/#primaryimage"},"thumbnailUrl":"https:\/\/product-guide.org\/wp-content\/uploads\/2025\/03\/20303-Chillaz-Rofan-2-0-Cord-Mix-Pant-Men-Kletterhose_1.jpg","datePublished":"2025-03-17T09:46:07+00:00","dateModified":"2025-03-17T09:46:08+00:00","description":"Chillaz Rofan 2.0 (Cord Mix) Pant Men - Kletterhose | VerticalExtreme gefunden von Product-Guide.org","breadcrumb":{"@id":"https:\/\/product-guide.org\/produkt\/chillaz-rofan-2-0-cord-mix-pant-men-kletterhose-verticalextreme-2\/#breadcrumb"},"inLanguage":"en-GB","potentialAction":[{"@type":"ReadAction","target":["https:\/\/product-guide.org\/produkt\/chillaz-rofan-2-0-cord-mix-pant-men-kletterhose-verticalextreme-2\/"]}]},{"@type":"ImageObject","inLanguage":"en-GB","@id":"https:\/\/product-guide.org\/produkt\/chillaz-rofan-2-0-cord-mix-pant-men-kletterhose-verticalextreme-2\/#primaryimage","url":"https:\/\/product-guide.org\/wp-content\/uploads\/2025\/03\/20303-Chillaz-Rofan-2-0-Cord-Mix-Pant-Men-Kletterhose_1.jpg","contentUrl":"https:\/\/product-guide.org\/wp-content\/uploads\/2025\/03\/20303-Chillaz-Rofan-2-0-Cord-Mix-Pant-Men-Kletterhose_1.jpg","width":1000,"height":1000},{"@type":"BreadcrumbList","@id":"https:\/\/product-guide.org\/produkt\/chillaz-rofan-2-0-cord-mix-pant-men-kletterhose-verticalextreme-2\/#breadcrumb","itemListElement":[{"@type":"ListItem","position":1,"name":"Home","item":"https:\/\/product-guide.org\/"},{"@type":"ListItem","position":2,"name":"Ergebnisse","item":"https:\/\/product-guide.org\/de\/ergebnisse\/"},{"@type":"ListItem","position":3,"name":"Chillaz Rofan 2.0 (Cord Mix) Pant Men &#8211; Kletterhose | VerticalExtreme"}]},{"@type":"WebSite","@id":"https:\/\/product-guide.org\/#website","url":"https:\/\/product-guide.org\/","name":"Product-Guide.org","description":"What Product are you looking for?","publisher":{"@id":"https:\/\/product-guide.org\/#organization"},"potentialAction":[{"@type":"SearchAction","target":{"@type":"EntryPoint","urlTemplate":"https:\/\/product-guide.org\/?s={search_term_string}"},"query-input":{"@type":"PropertyValueSpecification","valueRequired":true,"valueName":"search_term_string"}}],"inLanguage":"en-GB"},{"@type":"Organization","@id":"https:\/\/product-guide.org\/#organization","name":"Product-Guide.org","url":"https:\/\/product-guide.org\/","logo":{"@type":"ImageObject","inLanguage":"en-GB","@id":"https:\/\/product-guide.org\/#\/schema\/logo\/image\/","url":"https:\/\/product-guide.org\/wp-content\/uploads\/2022\/07\/logo_transparent_background.png","contentUrl":"https:\/\/product-guide.org\/wp-content\/uploads\/2022\/07\/logo_transparent_background.png","width":3400,"height":1132,"caption":"Product-Guide.org"},"image":{"@id":"https:\/\/product-guide.org\/#\/schema\/logo\/image\/"}}]}},"_links":{"self":[{"href":"https:\/\/product-guide.org\/en\/wp-json\/wp\/v2\/product\/49643","targetHints":{"allow":["GET"]}}],"collection":[{"href":"https:\/\/product-guide.org\/en\/wp-json\/wp\/v2\/product"}],"about":[{"href":"https:\/\/product-guide.org\/en\/wp-json\/wp\/v2\/types\/product"}],"wp:featuredmedia":[{"embeddable":true,"href":"https:\/\/product-guide.org\/en\/wp-json\/wp\/v2\/media\/49642"}],"wp:attachment":[{"href":"https:\/\/product-guide.org\/en\/wp-json\/wp\/v2\/media?parent=49643"}],"wp:term":[{"taxonomy":"store","embeddable":true,"href":"https:\/\/product-guide.org\/en\/wp-json\/wp\/v2\/store?post=49643"},{"taxonomy":"product_brand","embeddable":true,"href":"https:\/\/product-guide.org\/en\/wp-json\/wp\/v2\/product_brand?post=49643"},{"taxonomy":"product_cat","embeddable":true,"href":"https:\/\/product-guide.org\/en\/wp-json\/wp\/v2\/product_cat?post=49643"},{"taxonomy":"product_tag","embeddable":true,"href":"https:\/\/product-guide.org\/en\/wp-json\/wp\/v2\/product_tag?post=49643"}],"curies":[{"name":"wp","href":"https:\/\/api.w.org\/{rel}","templated":true}]}}