{"id":49663,"date":"2025-03-17T10:46:17","date_gmt":"2025-03-17T09:46:17","guid":{"rendered":"https:\/\/product-guide.org\/produkt\/chillaz-squamish-pant-men-kletterhose-verticalextreme-6\/"},"modified":"2025-03-17T10:46:18","modified_gmt":"2025-03-17T09:46:18","slug":"chillaz-squamish-pant-men-kletterhose-verticalextreme-6","status":"publish","type":"product","link":"https:\/\/product-guide.org\/en\/produkt\/chillaz-squamish-pant-men-kletterhose-verticalextreme-6\/","title":{"rendered":"Chillaz Squamish Pant Men &#8211; Kletterhose | VerticalExtreme"},"content":{"rendered":"<p>Die Chillaz Squamish Pant ist die klassische Kletterhose in unserer Kollektion! Das eng gewobene Material macht die Hose sehr abriebfest und doch super stretchig. Geformte Knie f\u00fcr hohes Ansteigen von Tritten und l\u00e4ngere Beine inklusive \u2013 der Saum kann mittels neuer Konstruktion einfach gek\u00fcrzt sowie weitenverstellt werden. Rundum einfach eine sch\u00f6ne, solide Kletterhose f\u00fcr vielseitigen Einsatz.<\/p>\n","protected":false},"excerpt":{"rendered":"<p>Die Chillaz Squamish Pant ist die klassische Kletterhose in unserer Kollektion! Das eng gewobene Material macht die Hose sehr abriebfest und doch super stretchig. Geformte Knie f\u00fcr hohes Ansteigen von Tritten und l\u00e4ngere Beine inklusive \u2013 der Saum kann mittels neuer Konstruktion einfach gek\u00fcrzt sowie weitenverstellt werden. Rundum einfach eine sch\u00f6ne, solide Kletterhose f\u00fcr vielseitigen [&hellip;]<\/p>\n","protected":false},"featured_media":49658,"template":"","meta":{"_gspb_post_css":""},"store":[],"product_brand":[1370],"product_cat":[1290],"product_tag":[],"class_list":{"0":"post-49663","1":"product","2":"type-product","3":"status-publish","4":"has-post-thumbnail","6":"product_brand-verticalextreme-de","7":"product_cat-uncategorized","9":"first","10":"instock","11":"shipping-taxable","12":"purchasable","13":"product-type-simple"},"yoast_head":"<!-- This site is optimized with the Yoast SEO plugin v24.6 - https:\/\/yoast.com\/wordpress\/plugins\/seo\/ -->\n<title>Chillaz Squamish Pant Men - Kletterhose | VerticalExtreme | Product-Guide.org<\/title>\n<meta name=\"description\" content=\"Chillaz Squamish Pant Men - Kletterhose | VerticalExtreme gefunden von Product-Guide.org\" \/>\n<meta name=\"robots\" content=\"index, follow, max-snippet:-1, max-image-preview:large, max-video-preview:-1\" \/>\n<link rel=\"canonical\" href=\"https:\/\/product-guide.org\/en\/produkt\/chillaz-squamish-pant-men-kletterhose-verticalextreme-6\/\" \/>\n<meta property=\"og:locale\" content=\"en_GB\" \/>\n<meta property=\"og:type\" content=\"article\" \/>\n<meta property=\"og:title\" content=\"Chillaz Squamish Pant Men - Kletterhose | VerticalExtreme | Product-Guide.org\" \/>\n<meta property=\"og:description\" content=\"Chillaz Squamish Pant Men - Kletterhose | VerticalExtreme gefunden von Product-Guide.org\" \/>\n<meta property=\"og:url\" content=\"https:\/\/product-guide.org\/en\/produkt\/chillaz-squamish-pant-men-kletterhose-verticalextreme-6\/\" \/>\n<meta property=\"og:site_name\" content=\"Product-Guide.org\" \/>\n<meta property=\"article:modified_time\" content=\"2025-03-17T09:46:18+00:00\" \/>\n<meta name=\"twitter:card\" content=\"summary_large_image\" \/>\n<script type=\"application\/ld+json\" class=\"yoast-schema-graph\">{\"@context\":\"https:\/\/schema.org\",\"@graph\":[{\"@type\":\"WebPage\",\"@id\":\"https:\/\/product-guide.org\/produkt\/chillaz-squamish-pant-men-kletterhose-verticalextreme-6\/\",\"url\":\"https:\/\/product-guide.org\/produkt\/chillaz-squamish-pant-men-kletterhose-verticalextreme-6\/\",\"name\":\"Chillaz Squamish Pant Men - Kletterhose | VerticalExtreme | Product-Guide.org\",\"isPartOf\":{\"@id\":\"https:\/\/product-guide.org\/#website\"},\"primaryImageOfPage\":{\"@id\":\"https:\/\/product-guide.org\/produkt\/chillaz-squamish-pant-men-kletterhose-verticalextreme-6\/#primaryimage\"},\"image\":{\"@id\":\"https:\/\/product-guide.org\/produkt\/chillaz-squamish-pant-men-kletterhose-verticalextreme-6\/#primaryimage\"},\"thumbnailUrl\":\"https:\/\/product-guide.org\/wp-content\/uploads\/2025\/03\/20306-Chillaz-Squamish-Pant-Men-Kletterhose_6.jpg\",\"datePublished\":\"2025-03-17T09:46:17+00:00\",\"dateModified\":\"2025-03-17T09:46:18+00:00\",\"description\":\"Chillaz Squamish Pant Men - Kletterhose | VerticalExtreme gefunden von Product-Guide.org\",\"breadcrumb\":{\"@id\":\"https:\/\/product-guide.org\/produkt\/chillaz-squamish-pant-men-kletterhose-verticalextreme-6\/#breadcrumb\"},\"inLanguage\":\"en-GB\",\"potentialAction\":[{\"@type\":\"ReadAction\",\"target\":[\"https:\/\/product-guide.org\/produkt\/chillaz-squamish-pant-men-kletterhose-verticalextreme-6\/\"]}]},{\"@type\":\"ImageObject\",\"inLanguage\":\"en-GB\",\"@id\":\"https:\/\/product-guide.org\/produkt\/chillaz-squamish-pant-men-kletterhose-verticalextreme-6\/#primaryimage\",\"url\":\"https:\/\/product-guide.org\/wp-content\/uploads\/2025\/03\/20306-Chillaz-Squamish-Pant-Men-Kletterhose_6.jpg\",\"contentUrl\":\"https:\/\/product-guide.org\/wp-content\/uploads\/2025\/03\/20306-Chillaz-Squamish-Pant-Men-Kletterhose_6.jpg\",\"width\":1000,\"height\":1000},{\"@type\":\"BreadcrumbList\",\"@id\":\"https:\/\/product-guide.org\/produkt\/chillaz-squamish-pant-men-kletterhose-verticalextreme-6\/#breadcrumb\",\"itemListElement\":[{\"@type\":\"ListItem\",\"position\":1,\"name\":\"Home\",\"item\":\"https:\/\/product-guide.org\/\"},{\"@type\":\"ListItem\",\"position\":2,\"name\":\"Ergebnisse\",\"item\":\"https:\/\/product-guide.org\/de\/ergebnisse\/\"},{\"@type\":\"ListItem\",\"position\":3,\"name\":\"Chillaz Squamish Pant Men &#8211; Kletterhose | VerticalExtreme\"}]},{\"@type\":\"WebSite\",\"@id\":\"https:\/\/product-guide.org\/#website\",\"url\":\"https:\/\/product-guide.org\/\",\"name\":\"Product-Guide.org\",\"description\":\"What Product are you looking for?\",\"publisher\":{\"@id\":\"https:\/\/product-guide.org\/#organization\"},\"potentialAction\":[{\"@type\":\"SearchAction\",\"target\":{\"@type\":\"EntryPoint\",\"urlTemplate\":\"https:\/\/product-guide.org\/?s={search_term_string}\"},\"query-input\":{\"@type\":\"PropertyValueSpecification\",\"valueRequired\":true,\"valueName\":\"search_term_string\"}}],\"inLanguage\":\"en-GB\"},{\"@type\":\"Organization\",\"@id\":\"https:\/\/product-guide.org\/#organization\",\"name\":\"Product-Guide.org\",\"url\":\"https:\/\/product-guide.org\/\",\"logo\":{\"@type\":\"ImageObject\",\"inLanguage\":\"en-GB\",\"@id\":\"https:\/\/product-guide.org\/#\/schema\/logo\/image\/\",\"url\":\"https:\/\/product-guide.org\/wp-content\/uploads\/2022\/07\/logo_transparent_background.png\",\"contentUrl\":\"https:\/\/product-guide.org\/wp-content\/uploads\/2022\/07\/logo_transparent_background.png\",\"width\":3400,\"height\":1132,\"caption\":\"Product-Guide.org\"},\"image\":{\"@id\":\"https:\/\/product-guide.org\/#\/schema\/logo\/image\/\"}}]}<\/script>\n<!-- \/ Yoast SEO plugin. -->","yoast_head_json":{"title":"Chillaz Squamish Pant Men - Kletterhose | VerticalExtreme | Product-Guide.org","description":"Chillaz Squamish Pant Men - Kletterhose | VerticalExtreme gefunden von Product-Guide.org","robots":{"index":"index","follow":"follow","max-snippet":"max-snippet:-1","max-image-preview":"max-image-preview:large","max-video-preview":"max-video-preview:-1"},"canonical":"https:\/\/product-guide.org\/en\/produkt\/chillaz-squamish-pant-men-kletterhose-verticalextreme-6\/","og_locale":"en_GB","og_type":"article","og_title":"Chillaz Squamish Pant Men - Kletterhose | VerticalExtreme | Product-Guide.org","og_description":"Chillaz Squamish Pant Men - Kletterhose | VerticalExtreme gefunden von Product-Guide.org","og_url":"https:\/\/product-guide.org\/en\/produkt\/chillaz-squamish-pant-men-kletterhose-verticalextreme-6\/","og_site_name":"Product-Guide.org","article_modified_time":"2025-03-17T09:46:18+00:00","twitter_card":"summary_large_image","schema":{"@context":"https:\/\/schema.org","@graph":[{"@type":"WebPage","@id":"https:\/\/product-guide.org\/produkt\/chillaz-squamish-pant-men-kletterhose-verticalextreme-6\/","url":"https:\/\/product-guide.org\/produkt\/chillaz-squamish-pant-men-kletterhose-verticalextreme-6\/","name":"Chillaz Squamish Pant Men - Kletterhose | VerticalExtreme | Product-Guide.org","isPartOf":{"@id":"https:\/\/product-guide.org\/#website"},"primaryImageOfPage":{"@id":"https:\/\/product-guide.org\/produkt\/chillaz-squamish-pant-men-kletterhose-verticalextreme-6\/#primaryimage"},"image":{"@id":"https:\/\/product-guide.org\/produkt\/chillaz-squamish-pant-men-kletterhose-verticalextreme-6\/#primaryimage"},"thumbnailUrl":"https:\/\/product-guide.org\/wp-content\/uploads\/2025\/03\/20306-Chillaz-Squamish-Pant-Men-Kletterhose_6.jpg","datePublished":"2025-03-17T09:46:17+00:00","dateModified":"2025-03-17T09:46:18+00:00","description":"Chillaz Squamish Pant Men - Kletterhose | VerticalExtreme gefunden von Product-Guide.org","breadcrumb":{"@id":"https:\/\/product-guide.org\/produkt\/chillaz-squamish-pant-men-kletterhose-verticalextreme-6\/#breadcrumb"},"inLanguage":"en-GB","potentialAction":[{"@type":"ReadAction","target":["https:\/\/product-guide.org\/produkt\/chillaz-squamish-pant-men-kletterhose-verticalextreme-6\/"]}]},{"@type":"ImageObject","inLanguage":"en-GB","@id":"https:\/\/product-guide.org\/produkt\/chillaz-squamish-pant-men-kletterhose-verticalextreme-6\/#primaryimage","url":"https:\/\/product-guide.org\/wp-content\/uploads\/2025\/03\/20306-Chillaz-Squamish-Pant-Men-Kletterhose_6.jpg","contentUrl":"https:\/\/product-guide.org\/wp-content\/uploads\/2025\/03\/20306-Chillaz-Squamish-Pant-Men-Kletterhose_6.jpg","width":1000,"height":1000},{"@type":"BreadcrumbList","@id":"https:\/\/product-guide.org\/produkt\/chillaz-squamish-pant-men-kletterhose-verticalextreme-6\/#breadcrumb","itemListElement":[{"@type":"ListItem","position":1,"name":"Home","item":"https:\/\/product-guide.org\/"},{"@type":"ListItem","position":2,"name":"Ergebnisse","item":"https:\/\/product-guide.org\/de\/ergebnisse\/"},{"@type":"ListItem","position":3,"name":"Chillaz Squamish Pant Men &#8211; Kletterhose | VerticalExtreme"}]},{"@type":"WebSite","@id":"https:\/\/product-guide.org\/#website","url":"https:\/\/product-guide.org\/","name":"Product-Guide.org","description":"What Product are you looking for?","publisher":{"@id":"https:\/\/product-guide.org\/#organization"},"potentialAction":[{"@type":"SearchAction","target":{"@type":"EntryPoint","urlTemplate":"https:\/\/product-guide.org\/?s={search_term_string}"},"query-input":{"@type":"PropertyValueSpecification","valueRequired":true,"valueName":"search_term_string"}}],"inLanguage":"en-GB"},{"@type":"Organization","@id":"https:\/\/product-guide.org\/#organization","name":"Product-Guide.org","url":"https:\/\/product-guide.org\/","logo":{"@type":"ImageObject","inLanguage":"en-GB","@id":"https:\/\/product-guide.org\/#\/schema\/logo\/image\/","url":"https:\/\/product-guide.org\/wp-content\/uploads\/2022\/07\/logo_transparent_background.png","contentUrl":"https:\/\/product-guide.org\/wp-content\/uploads\/2022\/07\/logo_transparent_background.png","width":3400,"height":1132,"caption":"Product-Guide.org"},"image":{"@id":"https:\/\/product-guide.org\/#\/schema\/logo\/image\/"}}]}},"_links":{"self":[{"href":"https:\/\/product-guide.org\/en\/wp-json\/wp\/v2\/product\/49663","targetHints":{"allow":["GET"]}}],"collection":[{"href":"https:\/\/product-guide.org\/en\/wp-json\/wp\/v2\/product"}],"about":[{"href":"https:\/\/product-guide.org\/en\/wp-json\/wp\/v2\/types\/product"}],"wp:featuredmedia":[{"embeddable":true,"href":"https:\/\/product-guide.org\/en\/wp-json\/wp\/v2\/media\/49658"}],"wp:attachment":[{"href":"https:\/\/product-guide.org\/en\/wp-json\/wp\/v2\/media?parent=49663"}],"wp:term":[{"taxonomy":"store","embeddable":true,"href":"https:\/\/product-guide.org\/en\/wp-json\/wp\/v2\/store?post=49663"},{"taxonomy":"product_brand","embeddable":true,"href":"https:\/\/product-guide.org\/en\/wp-json\/wp\/v2\/product_brand?post=49663"},{"taxonomy":"product_cat","embeddable":true,"href":"https:\/\/product-guide.org\/en\/wp-json\/wp\/v2\/product_cat?post=49663"},{"taxonomy":"product_tag","embeddable":true,"href":"https:\/\/product-guide.org\/en\/wp-json\/wp\/v2\/product_tag?post=49663"}],"curies":[{"name":"wp","href":"https:\/\/api.w.org\/{rel}","templated":true}]}}