{"id":49683,"date":"2025-03-17T10:46:29","date_gmt":"2025-03-17T09:46:29","guid":{"rendered":"https:\/\/product-guide.org\/produkt\/red-chili-sausalito-kletterschuhe-verticalextreme\/"},"modified":"2025-03-17T10:46:29","modified_gmt":"2025-03-17T09:46:29","slug":"red-chili-sausalito-kletterschuhe-verticalextreme","status":"publish","type":"product","link":"https:\/\/product-guide.org\/en\/produkt\/red-chili-sausalito-kletterschuhe-verticalextreme\/","title":{"rendered":"Red Chili Sausalito &#8211; Kletterschuhe | VerticalExtreme"},"content":{"rendered":"<p>Der Klassiker erh\u00e4lt ein Redesign und wird bei der Gelegenheit noch bequemer! Ein neues, umlaufendes Futter am Schaftabschluss sorgt f\u00fcr h\u00f6chsten Komfort. Neu ist auch das antibakterielle Fu\u00dfbett aus Hanf, das besonders geruchshemmend ist. Durch seine etwas breitere Leistenform und den gro\u00dfen Verstellbereich passt der SAUSALITO nahezu jedem, der einen superbequemen Kletterschuh sucht. Kletterer mit Problemf\u00fc\u00dfen erfreuen sich an dem variablen und weit nach vorn gezogenen Schn\u00fcrsystem.<\/p>\n","protected":false},"excerpt":{"rendered":"<p>Der Klassiker erh\u00e4lt ein Redesign und wird bei der Gelegenheit noch bequemer! Ein neues, umlaufendes Futter am Schaftabschluss sorgt f\u00fcr h\u00f6chsten Komfort. Neu ist auch das antibakterielle Fu\u00dfbett aus Hanf, das besonders geruchshemmend ist. Durch seine etwas breitere Leistenform und den gro\u00dfen Verstellbereich passt der SAUSALITO nahezu jedem, der einen superbequemen Kletterschuh sucht. Kletterer mit [&hellip;]<\/p>\n","protected":false},"featured_media":49682,"template":"","meta":{"_gspb_post_css":""},"store":[],"product_brand":[1370],"product_cat":[1290],"product_tag":[],"class_list":{"0":"post-49683","1":"product","2":"type-product","3":"status-publish","4":"has-post-thumbnail","6":"product_brand-verticalextreme-de","7":"product_cat-uncategorized","9":"first","10":"instock","11":"shipping-taxable","12":"purchasable","13":"product-type-simple"},"yoast_head":"<!-- This site is optimized with the Yoast SEO plugin v24.6 - https:\/\/yoast.com\/wordpress\/plugins\/seo\/ -->\n<title>Red Chili Sausalito - Kletterschuhe | VerticalExtreme | Product-Guide.org<\/title>\n<meta name=\"description\" content=\"Red Chili Sausalito - Kletterschuhe | VerticalExtreme gefunden von Product-Guide.org\" \/>\n<meta name=\"robots\" content=\"index, follow, max-snippet:-1, max-image-preview:large, max-video-preview:-1\" \/>\n<link rel=\"canonical\" href=\"https:\/\/product-guide.org\/en\/produkt\/red-chili-sausalito-kletterschuhe-verticalextreme\/\" \/>\n<meta property=\"og:locale\" content=\"en_GB\" \/>\n<meta property=\"og:type\" content=\"article\" \/>\n<meta property=\"og:title\" content=\"Red Chili Sausalito - Kletterschuhe | VerticalExtreme | Product-Guide.org\" \/>\n<meta property=\"og:description\" content=\"Red Chili Sausalito - Kletterschuhe | VerticalExtreme gefunden von Product-Guide.org\" \/>\n<meta property=\"og:url\" content=\"https:\/\/product-guide.org\/en\/produkt\/red-chili-sausalito-kletterschuhe-verticalextreme\/\" \/>\n<meta property=\"og:site_name\" content=\"Product-Guide.org\" \/>\n<meta name=\"twitter:card\" content=\"summary_large_image\" \/>\n<script type=\"application\/ld+json\" class=\"yoast-schema-graph\">{\"@context\":\"https:\/\/schema.org\",\"@graph\":[{\"@type\":\"WebPage\",\"@id\":\"https:\/\/product-guide.org\/produkt\/red-chili-sausalito-kletterschuhe-verticalextreme\/\",\"url\":\"https:\/\/product-guide.org\/produkt\/red-chili-sausalito-kletterschuhe-verticalextreme\/\",\"name\":\"Red Chili Sausalito - Kletterschuhe | VerticalExtreme | Product-Guide.org\",\"isPartOf\":{\"@id\":\"https:\/\/product-guide.org\/#website\"},\"primaryImageOfPage\":{\"@id\":\"https:\/\/product-guide.org\/produkt\/red-chili-sausalito-kletterschuhe-verticalextreme\/#primaryimage\"},\"image\":{\"@id\":\"https:\/\/product-guide.org\/produkt\/red-chili-sausalito-kletterschuhe-verticalextreme\/#primaryimage\"},\"thumbnailUrl\":\"https:\/\/product-guide.org\/wp-content\/uploads\/2025\/03\/11911-Red-Chili-Sausalito-Kletterschuhe_1.jpg\",\"datePublished\":\"2025-03-17T09:46:29+00:00\",\"description\":\"Red Chili Sausalito - Kletterschuhe | VerticalExtreme gefunden von Product-Guide.org\",\"breadcrumb\":{\"@id\":\"https:\/\/product-guide.org\/produkt\/red-chili-sausalito-kletterschuhe-verticalextreme\/#breadcrumb\"},\"inLanguage\":\"en-GB\",\"potentialAction\":[{\"@type\":\"ReadAction\",\"target\":[\"https:\/\/product-guide.org\/produkt\/red-chili-sausalito-kletterschuhe-verticalextreme\/\"]}]},{\"@type\":\"ImageObject\",\"inLanguage\":\"en-GB\",\"@id\":\"https:\/\/product-guide.org\/produkt\/red-chili-sausalito-kletterschuhe-verticalextreme\/#primaryimage\",\"url\":\"https:\/\/product-guide.org\/wp-content\/uploads\/2025\/03\/11911-Red-Chili-Sausalito-Kletterschuhe_1.jpg\",\"contentUrl\":\"https:\/\/product-guide.org\/wp-content\/uploads\/2025\/03\/11911-Red-Chili-Sausalito-Kletterschuhe_1.jpg\",\"width\":1000,\"height\":1000},{\"@type\":\"BreadcrumbList\",\"@id\":\"https:\/\/product-guide.org\/produkt\/red-chili-sausalito-kletterschuhe-verticalextreme\/#breadcrumb\",\"itemListElement\":[{\"@type\":\"ListItem\",\"position\":1,\"name\":\"Home\",\"item\":\"https:\/\/product-guide.org\/\"},{\"@type\":\"ListItem\",\"position\":2,\"name\":\"Ergebnisse\",\"item\":\"https:\/\/product-guide.org\/de\/ergebnisse\/\"},{\"@type\":\"ListItem\",\"position\":3,\"name\":\"Red Chili Sausalito &#8211; Kletterschuhe | VerticalExtreme\"}]},{\"@type\":\"WebSite\",\"@id\":\"https:\/\/product-guide.org\/#website\",\"url\":\"https:\/\/product-guide.org\/\",\"name\":\"Product-Guide.org\",\"description\":\"What Product are you looking for?\",\"publisher\":{\"@id\":\"https:\/\/product-guide.org\/#organization\"},\"potentialAction\":[{\"@type\":\"SearchAction\",\"target\":{\"@type\":\"EntryPoint\",\"urlTemplate\":\"https:\/\/product-guide.org\/?s={search_term_string}\"},\"query-input\":{\"@type\":\"PropertyValueSpecification\",\"valueRequired\":true,\"valueName\":\"search_term_string\"}}],\"inLanguage\":\"en-GB\"},{\"@type\":\"Organization\",\"@id\":\"https:\/\/product-guide.org\/#organization\",\"name\":\"Product-Guide.org\",\"url\":\"https:\/\/product-guide.org\/\",\"logo\":{\"@type\":\"ImageObject\",\"inLanguage\":\"en-GB\",\"@id\":\"https:\/\/product-guide.org\/#\/schema\/logo\/image\/\",\"url\":\"https:\/\/product-guide.org\/wp-content\/uploads\/2022\/07\/logo_transparent_background.png\",\"contentUrl\":\"https:\/\/product-guide.org\/wp-content\/uploads\/2022\/07\/logo_transparent_background.png\",\"width\":3400,\"height\":1132,\"caption\":\"Product-Guide.org\"},\"image\":{\"@id\":\"https:\/\/product-guide.org\/#\/schema\/logo\/image\/\"}}]}<\/script>\n<!-- \/ Yoast SEO plugin. -->","yoast_head_json":{"title":"Red Chili Sausalito - Kletterschuhe | VerticalExtreme | Product-Guide.org","description":"Red Chili Sausalito - Kletterschuhe | VerticalExtreme gefunden von Product-Guide.org","robots":{"index":"index","follow":"follow","max-snippet":"max-snippet:-1","max-image-preview":"max-image-preview:large","max-video-preview":"max-video-preview:-1"},"canonical":"https:\/\/product-guide.org\/en\/produkt\/red-chili-sausalito-kletterschuhe-verticalextreme\/","og_locale":"en_GB","og_type":"article","og_title":"Red Chili Sausalito - Kletterschuhe | VerticalExtreme | Product-Guide.org","og_description":"Red Chili Sausalito - Kletterschuhe | VerticalExtreme gefunden von Product-Guide.org","og_url":"https:\/\/product-guide.org\/en\/produkt\/red-chili-sausalito-kletterschuhe-verticalextreme\/","og_site_name":"Product-Guide.org","twitter_card":"summary_large_image","schema":{"@context":"https:\/\/schema.org","@graph":[{"@type":"WebPage","@id":"https:\/\/product-guide.org\/produkt\/red-chili-sausalito-kletterschuhe-verticalextreme\/","url":"https:\/\/product-guide.org\/produkt\/red-chili-sausalito-kletterschuhe-verticalextreme\/","name":"Red Chili Sausalito - Kletterschuhe | VerticalExtreme | Product-Guide.org","isPartOf":{"@id":"https:\/\/product-guide.org\/#website"},"primaryImageOfPage":{"@id":"https:\/\/product-guide.org\/produkt\/red-chili-sausalito-kletterschuhe-verticalextreme\/#primaryimage"},"image":{"@id":"https:\/\/product-guide.org\/produkt\/red-chili-sausalito-kletterschuhe-verticalextreme\/#primaryimage"},"thumbnailUrl":"https:\/\/product-guide.org\/wp-content\/uploads\/2025\/03\/11911-Red-Chili-Sausalito-Kletterschuhe_1.jpg","datePublished":"2025-03-17T09:46:29+00:00","description":"Red Chili Sausalito - Kletterschuhe | VerticalExtreme gefunden von Product-Guide.org","breadcrumb":{"@id":"https:\/\/product-guide.org\/produkt\/red-chili-sausalito-kletterschuhe-verticalextreme\/#breadcrumb"},"inLanguage":"en-GB","potentialAction":[{"@type":"ReadAction","target":["https:\/\/product-guide.org\/produkt\/red-chili-sausalito-kletterschuhe-verticalextreme\/"]}]},{"@type":"ImageObject","inLanguage":"en-GB","@id":"https:\/\/product-guide.org\/produkt\/red-chili-sausalito-kletterschuhe-verticalextreme\/#primaryimage","url":"https:\/\/product-guide.org\/wp-content\/uploads\/2025\/03\/11911-Red-Chili-Sausalito-Kletterschuhe_1.jpg","contentUrl":"https:\/\/product-guide.org\/wp-content\/uploads\/2025\/03\/11911-Red-Chili-Sausalito-Kletterschuhe_1.jpg","width":1000,"height":1000},{"@type":"BreadcrumbList","@id":"https:\/\/product-guide.org\/produkt\/red-chili-sausalito-kletterschuhe-verticalextreme\/#breadcrumb","itemListElement":[{"@type":"ListItem","position":1,"name":"Home","item":"https:\/\/product-guide.org\/"},{"@type":"ListItem","position":2,"name":"Ergebnisse","item":"https:\/\/product-guide.org\/de\/ergebnisse\/"},{"@type":"ListItem","position":3,"name":"Red Chili Sausalito &#8211; Kletterschuhe | VerticalExtreme"}]},{"@type":"WebSite","@id":"https:\/\/product-guide.org\/#website","url":"https:\/\/product-guide.org\/","name":"Product-Guide.org","description":"What Product are you looking for?","publisher":{"@id":"https:\/\/product-guide.org\/#organization"},"potentialAction":[{"@type":"SearchAction","target":{"@type":"EntryPoint","urlTemplate":"https:\/\/product-guide.org\/?s={search_term_string}"},"query-input":{"@type":"PropertyValueSpecification","valueRequired":true,"valueName":"search_term_string"}}],"inLanguage":"en-GB"},{"@type":"Organization","@id":"https:\/\/product-guide.org\/#organization","name":"Product-Guide.org","url":"https:\/\/product-guide.org\/","logo":{"@type":"ImageObject","inLanguage":"en-GB","@id":"https:\/\/product-guide.org\/#\/schema\/logo\/image\/","url":"https:\/\/product-guide.org\/wp-content\/uploads\/2022\/07\/logo_transparent_background.png","contentUrl":"https:\/\/product-guide.org\/wp-content\/uploads\/2022\/07\/logo_transparent_background.png","width":3400,"height":1132,"caption":"Product-Guide.org"},"image":{"@id":"https:\/\/product-guide.org\/#\/schema\/logo\/image\/"}}]}},"_links":{"self":[{"href":"https:\/\/product-guide.org\/en\/wp-json\/wp\/v2\/product\/49683","targetHints":{"allow":["GET"]}}],"collection":[{"href":"https:\/\/product-guide.org\/en\/wp-json\/wp\/v2\/product"}],"about":[{"href":"https:\/\/product-guide.org\/en\/wp-json\/wp\/v2\/types\/product"}],"wp:featuredmedia":[{"embeddable":true,"href":"https:\/\/product-guide.org\/en\/wp-json\/wp\/v2\/media\/49682"}],"wp:attachment":[{"href":"https:\/\/product-guide.org\/en\/wp-json\/wp\/v2\/media?parent=49683"}],"wp:term":[{"taxonomy":"store","embeddable":true,"href":"https:\/\/product-guide.org\/en\/wp-json\/wp\/v2\/store?post=49683"},{"taxonomy":"product_brand","embeddable":true,"href":"https:\/\/product-guide.org\/en\/wp-json\/wp\/v2\/product_brand?post=49683"},{"taxonomy":"product_cat","embeddable":true,"href":"https:\/\/product-guide.org\/en\/wp-json\/wp\/v2\/product_cat?post=49683"},{"taxonomy":"product_tag","embeddable":true,"href":"https:\/\/product-guide.org\/en\/wp-json\/wp\/v2\/product_tag?post=49683"}],"curies":[{"name":"wp","href":"https:\/\/api.w.org\/{rel}","templated":true}]}}