{"id":49692,"date":"2025-03-17T10:46:34","date_gmt":"2025-03-17T09:46:34","guid":{"rendered":"https:\/\/product-guide.org\/produkt\/ortovox-traverse-28-s-rucksack-auslauf-verticalextreme\/"},"modified":"2025-03-17T10:46:35","modified_gmt":"2025-03-17T09:46:35","slug":"ortovox-traverse-28-s-rucksack-auslauf-verticalextreme","status":"publish","type":"product","link":"https:\/\/product-guide.org\/en\/produkt\/ortovox-traverse-28-s-rucksack-auslauf-verticalextreme\/","title":{"rendered":"Ortovox Traverse 28 S &#8211; Rucksack (Auslauf) | VerticalExtreme"},"content":{"rendered":"<p>TRAVERSE Rucks\u00e4cke sind f\u00fcr den ganzj\u00e4hrigen Einsatz an kleinen und gro\u00dfen Gipfeln gemacht, wobei der TRAVERSE 28S auf ausgedehnten Tages- oder Mehrtagestouren zum Einsatz kommt! Speziell beim Rucksack ist ein ordentlich bel\u00fcftetes R\u00fcckensystem und eine gute Lastenverteilung von zentraler Bedeutung. Das Comfort Contact Back System bietet dank geripptem Netzstoff und perforiertem Schaum der R\u00fcckenpads besonders viel Luftzirkulation und mehr Komfort beim Tragen. Dabei verteilen die ergonomisch geformte Schultertr\u00e4ger und der breite H\u00fcftgurt das Gewicht ausgewogen \u00fcber die Auflagefl\u00e4chen. (Hauptmaterial: 100% Polyamid | Materialtyp: Polyamid | Materialst\u00e4rke: 210 Denier | Au\u00dfenmaterialinfo: Polyamid 210 D ROBIC (72% recyceltes Polyamid + 28% reines Polyamid) | R\u00fcckenl\u00e4nge: Short | Volumen: 28 L | Gewicht: 915 g)<\/p>\n","protected":false},"excerpt":{"rendered":"<p>TRAVERSE Rucks\u00e4cke sind f\u00fcr den ganzj\u00e4hrigen Einsatz an kleinen und gro\u00dfen Gipfeln gemacht, wobei der TRAVERSE 28S auf ausgedehnten Tages- oder Mehrtagestouren zum Einsatz kommt! Speziell beim Rucksack ist ein ordentlich bel\u00fcftetes R\u00fcckensystem und eine gute Lastenverteilung von zentraler Bedeutung. Das Comfort Contact Back System bietet dank geripptem Netzstoff und perforiertem Schaum der R\u00fcckenpads besonders [&hellip;]<\/p>\n","protected":false},"featured_media":49691,"template":"","meta":{"_gspb_post_css":""},"store":[],"product_brand":[1370],"product_cat":[1290],"product_tag":[],"class_list":{"0":"post-49692","1":"product","2":"type-product","3":"status-publish","4":"has-post-thumbnail","6":"product_brand-verticalextreme-de","7":"product_cat-uncategorized","9":"first","10":"instock","11":"shipping-taxable","12":"purchasable","13":"product-type-simple"},"yoast_head":"<!-- This site is optimized with the Yoast SEO plugin v24.6 - https:\/\/yoast.com\/wordpress\/plugins\/seo\/ -->\n<title>Ortovox Traverse 28 S - Rucksack (Auslauf) | VerticalExtreme | Product-Guide.org<\/title>\n<meta name=\"description\" content=\"Ortovox Traverse 28 S - Rucksack (Auslauf) | VerticalExtreme gefunden von Product-Guide.org\" \/>\n<meta name=\"robots\" content=\"index, follow, max-snippet:-1, max-image-preview:large, max-video-preview:-1\" \/>\n<link rel=\"canonical\" href=\"https:\/\/product-guide.org\/en\/produkt\/ortovox-traverse-28-s-rucksack-auslauf-verticalextreme\/\" \/>\n<meta property=\"og:locale\" content=\"en_GB\" \/>\n<meta property=\"og:type\" content=\"article\" \/>\n<meta property=\"og:title\" content=\"Ortovox Traverse 28 S - Rucksack (Auslauf) | VerticalExtreme | Product-Guide.org\" \/>\n<meta property=\"og:description\" content=\"Ortovox Traverse 28 S - Rucksack (Auslauf) | VerticalExtreme gefunden von Product-Guide.org\" \/>\n<meta property=\"og:url\" content=\"https:\/\/product-guide.org\/en\/produkt\/ortovox-traverse-28-s-rucksack-auslauf-verticalextreme\/\" \/>\n<meta property=\"og:site_name\" content=\"Product-Guide.org\" \/>\n<meta property=\"article:modified_time\" content=\"2025-03-17T09:46:35+00:00\" \/>\n<meta name=\"twitter:card\" content=\"summary_large_image\" \/>\n<script type=\"application\/ld+json\" class=\"yoast-schema-graph\">{\"@context\":\"https:\/\/schema.org\",\"@graph\":[{\"@type\":\"WebPage\",\"@id\":\"https:\/\/product-guide.org\/produkt\/ortovox-traverse-28-s-rucksack-auslauf-verticalextreme\/\",\"url\":\"https:\/\/product-guide.org\/produkt\/ortovox-traverse-28-s-rucksack-auslauf-verticalextreme\/\",\"name\":\"Ortovox Traverse 28 S - Rucksack (Auslauf) | VerticalExtreme | Product-Guide.org\",\"isPartOf\":{\"@id\":\"https:\/\/product-guide.org\/#website\"},\"primaryImageOfPage\":{\"@id\":\"https:\/\/product-guide.org\/produkt\/ortovox-traverse-28-s-rucksack-auslauf-verticalextreme\/#primaryimage\"},\"image\":{\"@id\":\"https:\/\/product-guide.org\/produkt\/ortovox-traverse-28-s-rucksack-auslauf-verticalextreme\/#primaryimage\"},\"thumbnailUrl\":\"https:\/\/product-guide.org\/wp-content\/uploads\/2025\/03\/17217-Ortovox-Traverse-28-S-Rucksack_1.jpg\",\"datePublished\":\"2025-03-17T09:46:34+00:00\",\"dateModified\":\"2025-03-17T09:46:35+00:00\",\"description\":\"Ortovox Traverse 28 S - Rucksack (Auslauf) | VerticalExtreme gefunden von Product-Guide.org\",\"breadcrumb\":{\"@id\":\"https:\/\/product-guide.org\/produkt\/ortovox-traverse-28-s-rucksack-auslauf-verticalextreme\/#breadcrumb\"},\"inLanguage\":\"en-GB\",\"potentialAction\":[{\"@type\":\"ReadAction\",\"target\":[\"https:\/\/product-guide.org\/produkt\/ortovox-traverse-28-s-rucksack-auslauf-verticalextreme\/\"]}]},{\"@type\":\"ImageObject\",\"inLanguage\":\"en-GB\",\"@id\":\"https:\/\/product-guide.org\/produkt\/ortovox-traverse-28-s-rucksack-auslauf-verticalextreme\/#primaryimage\",\"url\":\"https:\/\/product-guide.org\/wp-content\/uploads\/2025\/03\/17217-Ortovox-Traverse-28-S-Rucksack_1.jpg\",\"contentUrl\":\"https:\/\/product-guide.org\/wp-content\/uploads\/2025\/03\/17217-Ortovox-Traverse-28-S-Rucksack_1.jpg\",\"width\":841,\"height\":1000},{\"@type\":\"BreadcrumbList\",\"@id\":\"https:\/\/product-guide.org\/produkt\/ortovox-traverse-28-s-rucksack-auslauf-verticalextreme\/#breadcrumb\",\"itemListElement\":[{\"@type\":\"ListItem\",\"position\":1,\"name\":\"Home\",\"item\":\"https:\/\/product-guide.org\/\"},{\"@type\":\"ListItem\",\"position\":2,\"name\":\"Ergebnisse\",\"item\":\"https:\/\/product-guide.org\/de\/ergebnisse\/\"},{\"@type\":\"ListItem\",\"position\":3,\"name\":\"Ortovox Traverse 28 S &#8211; Rucksack (Auslauf) | VerticalExtreme\"}]},{\"@type\":\"WebSite\",\"@id\":\"https:\/\/product-guide.org\/#website\",\"url\":\"https:\/\/product-guide.org\/\",\"name\":\"Product-Guide.org\",\"description\":\"What Product are you looking for?\",\"publisher\":{\"@id\":\"https:\/\/product-guide.org\/#organization\"},\"potentialAction\":[{\"@type\":\"SearchAction\",\"target\":{\"@type\":\"EntryPoint\",\"urlTemplate\":\"https:\/\/product-guide.org\/?s={search_term_string}\"},\"query-input\":{\"@type\":\"PropertyValueSpecification\",\"valueRequired\":true,\"valueName\":\"search_term_string\"}}],\"inLanguage\":\"en-GB\"},{\"@type\":\"Organization\",\"@id\":\"https:\/\/product-guide.org\/#organization\",\"name\":\"Product-Guide.org\",\"url\":\"https:\/\/product-guide.org\/\",\"logo\":{\"@type\":\"ImageObject\",\"inLanguage\":\"en-GB\",\"@id\":\"https:\/\/product-guide.org\/#\/schema\/logo\/image\/\",\"url\":\"https:\/\/product-guide.org\/wp-content\/uploads\/2022\/07\/logo_transparent_background.png\",\"contentUrl\":\"https:\/\/product-guide.org\/wp-content\/uploads\/2022\/07\/logo_transparent_background.png\",\"width\":3400,\"height\":1132,\"caption\":\"Product-Guide.org\"},\"image\":{\"@id\":\"https:\/\/product-guide.org\/#\/schema\/logo\/image\/\"}}]}<\/script>\n<!-- \/ Yoast SEO plugin. -->","yoast_head_json":{"title":"Ortovox Traverse 28 S - Rucksack (Auslauf) | VerticalExtreme | Product-Guide.org","description":"Ortovox Traverse 28 S - Rucksack (Auslauf) | VerticalExtreme gefunden von Product-Guide.org","robots":{"index":"index","follow":"follow","max-snippet":"max-snippet:-1","max-image-preview":"max-image-preview:large","max-video-preview":"max-video-preview:-1"},"canonical":"https:\/\/product-guide.org\/en\/produkt\/ortovox-traverse-28-s-rucksack-auslauf-verticalextreme\/","og_locale":"en_GB","og_type":"article","og_title":"Ortovox Traverse 28 S - Rucksack (Auslauf) | VerticalExtreme | Product-Guide.org","og_description":"Ortovox Traverse 28 S - Rucksack (Auslauf) | VerticalExtreme gefunden von Product-Guide.org","og_url":"https:\/\/product-guide.org\/en\/produkt\/ortovox-traverse-28-s-rucksack-auslauf-verticalextreme\/","og_site_name":"Product-Guide.org","article_modified_time":"2025-03-17T09:46:35+00:00","twitter_card":"summary_large_image","schema":{"@context":"https:\/\/schema.org","@graph":[{"@type":"WebPage","@id":"https:\/\/product-guide.org\/produkt\/ortovox-traverse-28-s-rucksack-auslauf-verticalextreme\/","url":"https:\/\/product-guide.org\/produkt\/ortovox-traverse-28-s-rucksack-auslauf-verticalextreme\/","name":"Ortovox Traverse 28 S - Rucksack (Auslauf) | VerticalExtreme | Product-Guide.org","isPartOf":{"@id":"https:\/\/product-guide.org\/#website"},"primaryImageOfPage":{"@id":"https:\/\/product-guide.org\/produkt\/ortovox-traverse-28-s-rucksack-auslauf-verticalextreme\/#primaryimage"},"image":{"@id":"https:\/\/product-guide.org\/produkt\/ortovox-traverse-28-s-rucksack-auslauf-verticalextreme\/#primaryimage"},"thumbnailUrl":"https:\/\/product-guide.org\/wp-content\/uploads\/2025\/03\/17217-Ortovox-Traverse-28-S-Rucksack_1.jpg","datePublished":"2025-03-17T09:46:34+00:00","dateModified":"2025-03-17T09:46:35+00:00","description":"Ortovox Traverse 28 S - Rucksack (Auslauf) | VerticalExtreme gefunden von Product-Guide.org","breadcrumb":{"@id":"https:\/\/product-guide.org\/produkt\/ortovox-traverse-28-s-rucksack-auslauf-verticalextreme\/#breadcrumb"},"inLanguage":"en-GB","potentialAction":[{"@type":"ReadAction","target":["https:\/\/product-guide.org\/produkt\/ortovox-traverse-28-s-rucksack-auslauf-verticalextreme\/"]}]},{"@type":"ImageObject","inLanguage":"en-GB","@id":"https:\/\/product-guide.org\/produkt\/ortovox-traverse-28-s-rucksack-auslauf-verticalextreme\/#primaryimage","url":"https:\/\/product-guide.org\/wp-content\/uploads\/2025\/03\/17217-Ortovox-Traverse-28-S-Rucksack_1.jpg","contentUrl":"https:\/\/product-guide.org\/wp-content\/uploads\/2025\/03\/17217-Ortovox-Traverse-28-S-Rucksack_1.jpg","width":841,"height":1000},{"@type":"BreadcrumbList","@id":"https:\/\/product-guide.org\/produkt\/ortovox-traverse-28-s-rucksack-auslauf-verticalextreme\/#breadcrumb","itemListElement":[{"@type":"ListItem","position":1,"name":"Home","item":"https:\/\/product-guide.org\/"},{"@type":"ListItem","position":2,"name":"Ergebnisse","item":"https:\/\/product-guide.org\/de\/ergebnisse\/"},{"@type":"ListItem","position":3,"name":"Ortovox Traverse 28 S &#8211; Rucksack (Auslauf) | VerticalExtreme"}]},{"@type":"WebSite","@id":"https:\/\/product-guide.org\/#website","url":"https:\/\/product-guide.org\/","name":"Product-Guide.org","description":"What Product are you looking for?","publisher":{"@id":"https:\/\/product-guide.org\/#organization"},"potentialAction":[{"@type":"SearchAction","target":{"@type":"EntryPoint","urlTemplate":"https:\/\/product-guide.org\/?s={search_term_string}"},"query-input":{"@type":"PropertyValueSpecification","valueRequired":true,"valueName":"search_term_string"}}],"inLanguage":"en-GB"},{"@type":"Organization","@id":"https:\/\/product-guide.org\/#organization","name":"Product-Guide.org","url":"https:\/\/product-guide.org\/","logo":{"@type":"ImageObject","inLanguage":"en-GB","@id":"https:\/\/product-guide.org\/#\/schema\/logo\/image\/","url":"https:\/\/product-guide.org\/wp-content\/uploads\/2022\/07\/logo_transparent_background.png","contentUrl":"https:\/\/product-guide.org\/wp-content\/uploads\/2022\/07\/logo_transparent_background.png","width":3400,"height":1132,"caption":"Product-Guide.org"},"image":{"@id":"https:\/\/product-guide.org\/#\/schema\/logo\/image\/"}}]}},"_links":{"self":[{"href":"https:\/\/product-guide.org\/en\/wp-json\/wp\/v2\/product\/49692","targetHints":{"allow":["GET"]}}],"collection":[{"href":"https:\/\/product-guide.org\/en\/wp-json\/wp\/v2\/product"}],"about":[{"href":"https:\/\/product-guide.org\/en\/wp-json\/wp\/v2\/types\/product"}],"wp:featuredmedia":[{"embeddable":true,"href":"https:\/\/product-guide.org\/en\/wp-json\/wp\/v2\/media\/49691"}],"wp:attachment":[{"href":"https:\/\/product-guide.org\/en\/wp-json\/wp\/v2\/media?parent=49692"}],"wp:term":[{"taxonomy":"store","embeddable":true,"href":"https:\/\/product-guide.org\/en\/wp-json\/wp\/v2\/store?post=49692"},{"taxonomy":"product_brand","embeddable":true,"href":"https:\/\/product-guide.org\/en\/wp-json\/wp\/v2\/product_brand?post=49692"},{"taxonomy":"product_cat","embeddable":true,"href":"https:\/\/product-guide.org\/en\/wp-json\/wp\/v2\/product_cat?post=49692"},{"taxonomy":"product_tag","embeddable":true,"href":"https:\/\/product-guide.org\/en\/wp-json\/wp\/v2\/product_tag?post=49692"}],"curies":[{"name":"wp","href":"https:\/\/api.w.org\/{rel}","templated":true}]}}