{"id":49702,"date":"2025-03-17T10:46:42","date_gmt":"2025-03-17T09:46:42","guid":{"rendered":"https:\/\/product-guide.org\/produkt\/alpina-banff-mips-freeride-skihelm-59-63-cm-30-black-matt-sportolino\/"},"modified":"2025-03-17T10:46:43","modified_gmt":"2025-03-17T09:46:43","slug":"alpina-banff-mips-freeride-skihelm-59-63-cm-30-black-matt-sportolino","status":"publish","type":"product","link":"https:\/\/product-guide.org\/en\/produkt\/alpina-banff-mips-freeride-skihelm-59-63-cm-30-black-matt-sportolino\/","title":{"rendered":"Alpina Banff Mips Freeride Skihelm (59-63 cm, 30 black matt) | Sportolino"},"content":{"rendered":"<p>Steiles Gel\u00e4nde, enge Rinnen, Champagne Powder, hier f\u00fchlt sich der Banff Mips wohl, hier geh\u00f6rt er hin. Ein hybrider Schalenaufbau, eine Verbindung aus Inmold und Hard Shell, der tief in den Nacken gezogen ist sowie das zus\u00e4tzliche Sicherheitsfeature MIPS bieten optimalen Schutz. Dazu ist er fl\u00e4chig bel\u00fcftet, komfortabel und maximal stylisch. Mit dem Runsystem, einem einfachen, robusten Verstellrad zum Einstellen an die Kopfgr\u00f6\u00dfe. Mit Ergomatic-Gurtschloss, ist mit einer Hand &#8230;<\/p>\n","protected":false},"excerpt":{"rendered":"<p>Steiles Gel\u00e4nde, enge Rinnen, Champagne Powder, hier f\u00fchlt sich der Banff Mips wohl, hier geh\u00f6rt er hin. Ein hybrider Schalenaufbau, eine Verbindung aus Inmold und Hard Shell, der tief in den Nacken gezogen ist sowie das zus\u00e4tzliche Sicherheitsfeature MIPS bieten optimalen Schutz. Dazu ist er fl\u00e4chig bel\u00fcftet, komfortabel und maximal stylisch. Mit dem Runsystem, einem [&hellip;]<\/p>\n","protected":false},"featured_media":49701,"template":"","meta":{"_gspb_post_css":""},"store":[],"product_brand":[1371],"product_cat":[1290],"product_tag":[],"class_list":{"0":"post-49702","1":"product","2":"type-product","3":"status-publish","4":"has-post-thumbnail","6":"product_brand-sportolino-de","7":"product_cat-uncategorized","9":"first","10":"instock","11":"shipping-taxable","12":"purchasable","13":"product-type-simple"},"yoast_head":"<!-- This site is optimized with the Yoast SEO plugin v24.6 - https:\/\/yoast.com\/wordpress\/plugins\/seo\/ -->\n<title>Alpina Banff Mips Freeride Skihelm (59-63 cm, 30 black matt) | Sportolino | Product-Guide.org<\/title>\n<meta name=\"description\" content=\"Alpina Banff Mips Freeride Skihelm (59-63 cm, 30 black matt) | Sportolino gefunden von Product-Guide.org\" \/>\n<meta name=\"robots\" content=\"index, follow, max-snippet:-1, max-image-preview:large, max-video-preview:-1\" \/>\n<link rel=\"canonical\" href=\"https:\/\/product-guide.org\/en\/produkt\/alpina-banff-mips-freeride-skihelm-59-63-cm-30-black-matt-sportolino\/\" \/>\n<meta property=\"og:locale\" content=\"en_GB\" \/>\n<meta property=\"og:type\" content=\"article\" \/>\n<meta property=\"og:title\" content=\"Alpina Banff Mips Freeride Skihelm (59-63 cm, 30 black matt) | Sportolino | Product-Guide.org\" \/>\n<meta property=\"og:description\" content=\"Alpina Banff Mips Freeride Skihelm (59-63 cm, 30 black matt) | Sportolino gefunden von Product-Guide.org\" \/>\n<meta property=\"og:url\" content=\"https:\/\/product-guide.org\/en\/produkt\/alpina-banff-mips-freeride-skihelm-59-63-cm-30-black-matt-sportolino\/\" \/>\n<meta property=\"og:site_name\" content=\"Product-Guide.org\" \/>\n<meta property=\"article:modified_time\" content=\"2025-03-17T09:46:43+00:00\" \/>\n<meta name=\"twitter:card\" content=\"summary_large_image\" \/>\n<script type=\"application\/ld+json\" class=\"yoast-schema-graph\">{\"@context\":\"https:\/\/schema.org\",\"@graph\":[{\"@type\":\"WebPage\",\"@id\":\"https:\/\/product-guide.org\/produkt\/alpina-banff-mips-freeride-skihelm-59-63-cm-30-black-matt-sportolino\/\",\"url\":\"https:\/\/product-guide.org\/produkt\/alpina-banff-mips-freeride-skihelm-59-63-cm-30-black-matt-sportolino\/\",\"name\":\"Alpina Banff Mips Freeride Skihelm (59-63 cm, 30 black matt) | Sportolino | Product-Guide.org\",\"isPartOf\":{\"@id\":\"https:\/\/product-guide.org\/#website\"},\"primaryImageOfPage\":{\"@id\":\"https:\/\/product-guide.org\/produkt\/alpina-banff-mips-freeride-skihelm-59-63-cm-30-black-matt-sportolino\/#primaryimage\"},\"image\":{\"@id\":\"https:\/\/product-guide.org\/produkt\/alpina-banff-mips-freeride-skihelm-59-63-cm-30-black-matt-sportolino\/#primaryimage\"},\"thumbnailUrl\":\"https:\/\/product-guide.org\/wp-content\/uploads\/2025\/03\/A9244_X_30_Main_20221028.jpg\",\"datePublished\":\"2025-03-17T09:46:42+00:00\",\"dateModified\":\"2025-03-17T09:46:43+00:00\",\"description\":\"Alpina Banff Mips Freeride Skihelm (59-63 cm, 30 black matt) | Sportolino gefunden von Product-Guide.org\",\"breadcrumb\":{\"@id\":\"https:\/\/product-guide.org\/produkt\/alpina-banff-mips-freeride-skihelm-59-63-cm-30-black-matt-sportolino\/#breadcrumb\"},\"inLanguage\":\"en-GB\",\"potentialAction\":[{\"@type\":\"ReadAction\",\"target\":[\"https:\/\/product-guide.org\/produkt\/alpina-banff-mips-freeride-skihelm-59-63-cm-30-black-matt-sportolino\/\"]}]},{\"@type\":\"ImageObject\",\"inLanguage\":\"en-GB\",\"@id\":\"https:\/\/product-guide.org\/produkt\/alpina-banff-mips-freeride-skihelm-59-63-cm-30-black-matt-sportolino\/#primaryimage\",\"url\":\"https:\/\/product-guide.org\/wp-content\/uploads\/2025\/03\/A9244_X_30_Main_20221028.jpg\",\"contentUrl\":\"https:\/\/product-guide.org\/wp-content\/uploads\/2025\/03\/A9244_X_30_Main_20221028.jpg\",\"width\":1378,\"height\":1500},{\"@type\":\"BreadcrumbList\",\"@id\":\"https:\/\/product-guide.org\/produkt\/alpina-banff-mips-freeride-skihelm-59-63-cm-30-black-matt-sportolino\/#breadcrumb\",\"itemListElement\":[{\"@type\":\"ListItem\",\"position\":1,\"name\":\"Home\",\"item\":\"https:\/\/product-guide.org\/\"},{\"@type\":\"ListItem\",\"position\":2,\"name\":\"Ergebnisse\",\"item\":\"https:\/\/product-guide.org\/de\/ergebnisse\/\"},{\"@type\":\"ListItem\",\"position\":3,\"name\":\"Alpina Banff Mips Freeride Skihelm (59-63 cm, 30 black matt) | Sportolino\"}]},{\"@type\":\"WebSite\",\"@id\":\"https:\/\/product-guide.org\/#website\",\"url\":\"https:\/\/product-guide.org\/\",\"name\":\"Product-Guide.org\",\"description\":\"What Product are you looking for?\",\"publisher\":{\"@id\":\"https:\/\/product-guide.org\/#organization\"},\"potentialAction\":[{\"@type\":\"SearchAction\",\"target\":{\"@type\":\"EntryPoint\",\"urlTemplate\":\"https:\/\/product-guide.org\/?s={search_term_string}\"},\"query-input\":{\"@type\":\"PropertyValueSpecification\",\"valueRequired\":true,\"valueName\":\"search_term_string\"}}],\"inLanguage\":\"en-GB\"},{\"@type\":\"Organization\",\"@id\":\"https:\/\/product-guide.org\/#organization\",\"name\":\"Product-Guide.org\",\"url\":\"https:\/\/product-guide.org\/\",\"logo\":{\"@type\":\"ImageObject\",\"inLanguage\":\"en-GB\",\"@id\":\"https:\/\/product-guide.org\/#\/schema\/logo\/image\/\",\"url\":\"https:\/\/product-guide.org\/wp-content\/uploads\/2022\/07\/logo_transparent_background.png\",\"contentUrl\":\"https:\/\/product-guide.org\/wp-content\/uploads\/2022\/07\/logo_transparent_background.png\",\"width\":3400,\"height\":1132,\"caption\":\"Product-Guide.org\"},\"image\":{\"@id\":\"https:\/\/product-guide.org\/#\/schema\/logo\/image\/\"}}]}<\/script>\n<!-- \/ Yoast SEO plugin. -->","yoast_head_json":{"title":"Alpina Banff Mips Freeride Skihelm (59-63 cm, 30 black matt) | Sportolino | Product-Guide.org","description":"Alpina Banff Mips Freeride Skihelm (59-63 cm, 30 black matt) | Sportolino gefunden von Product-Guide.org","robots":{"index":"index","follow":"follow","max-snippet":"max-snippet:-1","max-image-preview":"max-image-preview:large","max-video-preview":"max-video-preview:-1"},"canonical":"https:\/\/product-guide.org\/en\/produkt\/alpina-banff-mips-freeride-skihelm-59-63-cm-30-black-matt-sportolino\/","og_locale":"en_GB","og_type":"article","og_title":"Alpina Banff Mips Freeride Skihelm (59-63 cm, 30 black matt) | Sportolino | Product-Guide.org","og_description":"Alpina Banff Mips Freeride Skihelm (59-63 cm, 30 black matt) | Sportolino gefunden von Product-Guide.org","og_url":"https:\/\/product-guide.org\/en\/produkt\/alpina-banff-mips-freeride-skihelm-59-63-cm-30-black-matt-sportolino\/","og_site_name":"Product-Guide.org","article_modified_time":"2025-03-17T09:46:43+00:00","twitter_card":"summary_large_image","schema":{"@context":"https:\/\/schema.org","@graph":[{"@type":"WebPage","@id":"https:\/\/product-guide.org\/produkt\/alpina-banff-mips-freeride-skihelm-59-63-cm-30-black-matt-sportolino\/","url":"https:\/\/product-guide.org\/produkt\/alpina-banff-mips-freeride-skihelm-59-63-cm-30-black-matt-sportolino\/","name":"Alpina Banff Mips Freeride Skihelm (59-63 cm, 30 black matt) | Sportolino | Product-Guide.org","isPartOf":{"@id":"https:\/\/product-guide.org\/#website"},"primaryImageOfPage":{"@id":"https:\/\/product-guide.org\/produkt\/alpina-banff-mips-freeride-skihelm-59-63-cm-30-black-matt-sportolino\/#primaryimage"},"image":{"@id":"https:\/\/product-guide.org\/produkt\/alpina-banff-mips-freeride-skihelm-59-63-cm-30-black-matt-sportolino\/#primaryimage"},"thumbnailUrl":"https:\/\/product-guide.org\/wp-content\/uploads\/2025\/03\/A9244_X_30_Main_20221028.jpg","datePublished":"2025-03-17T09:46:42+00:00","dateModified":"2025-03-17T09:46:43+00:00","description":"Alpina Banff Mips Freeride Skihelm (59-63 cm, 30 black matt) | Sportolino gefunden von Product-Guide.org","breadcrumb":{"@id":"https:\/\/product-guide.org\/produkt\/alpina-banff-mips-freeride-skihelm-59-63-cm-30-black-matt-sportolino\/#breadcrumb"},"inLanguage":"en-GB","potentialAction":[{"@type":"ReadAction","target":["https:\/\/product-guide.org\/produkt\/alpina-banff-mips-freeride-skihelm-59-63-cm-30-black-matt-sportolino\/"]}]},{"@type":"ImageObject","inLanguage":"en-GB","@id":"https:\/\/product-guide.org\/produkt\/alpina-banff-mips-freeride-skihelm-59-63-cm-30-black-matt-sportolino\/#primaryimage","url":"https:\/\/product-guide.org\/wp-content\/uploads\/2025\/03\/A9244_X_30_Main_20221028.jpg","contentUrl":"https:\/\/product-guide.org\/wp-content\/uploads\/2025\/03\/A9244_X_30_Main_20221028.jpg","width":1378,"height":1500},{"@type":"BreadcrumbList","@id":"https:\/\/product-guide.org\/produkt\/alpina-banff-mips-freeride-skihelm-59-63-cm-30-black-matt-sportolino\/#breadcrumb","itemListElement":[{"@type":"ListItem","position":1,"name":"Home","item":"https:\/\/product-guide.org\/"},{"@type":"ListItem","position":2,"name":"Ergebnisse","item":"https:\/\/product-guide.org\/de\/ergebnisse\/"},{"@type":"ListItem","position":3,"name":"Alpina Banff Mips Freeride Skihelm (59-63 cm, 30 black matt) | Sportolino"}]},{"@type":"WebSite","@id":"https:\/\/product-guide.org\/#website","url":"https:\/\/product-guide.org\/","name":"Product-Guide.org","description":"What Product are you looking for?","publisher":{"@id":"https:\/\/product-guide.org\/#organization"},"potentialAction":[{"@type":"SearchAction","target":{"@type":"EntryPoint","urlTemplate":"https:\/\/product-guide.org\/?s={search_term_string}"},"query-input":{"@type":"PropertyValueSpecification","valueRequired":true,"valueName":"search_term_string"}}],"inLanguage":"en-GB"},{"@type":"Organization","@id":"https:\/\/product-guide.org\/#organization","name":"Product-Guide.org","url":"https:\/\/product-guide.org\/","logo":{"@type":"ImageObject","inLanguage":"en-GB","@id":"https:\/\/product-guide.org\/#\/schema\/logo\/image\/","url":"https:\/\/product-guide.org\/wp-content\/uploads\/2022\/07\/logo_transparent_background.png","contentUrl":"https:\/\/product-guide.org\/wp-content\/uploads\/2022\/07\/logo_transparent_background.png","width":3400,"height":1132,"caption":"Product-Guide.org"},"image":{"@id":"https:\/\/product-guide.org\/#\/schema\/logo\/image\/"}}]}},"_links":{"self":[{"href":"https:\/\/product-guide.org\/en\/wp-json\/wp\/v2\/product\/49702","targetHints":{"allow":["GET"]}}],"collection":[{"href":"https:\/\/product-guide.org\/en\/wp-json\/wp\/v2\/product"}],"about":[{"href":"https:\/\/product-guide.org\/en\/wp-json\/wp\/v2\/types\/product"}],"wp:featuredmedia":[{"embeddable":true,"href":"https:\/\/product-guide.org\/en\/wp-json\/wp\/v2\/media\/49701"}],"wp:attachment":[{"href":"https:\/\/product-guide.org\/en\/wp-json\/wp\/v2\/media?parent=49702"}],"wp:term":[{"taxonomy":"store","embeddable":true,"href":"https:\/\/product-guide.org\/en\/wp-json\/wp\/v2\/store?post=49702"},{"taxonomy":"product_brand","embeddable":true,"href":"https:\/\/product-guide.org\/en\/wp-json\/wp\/v2\/product_brand?post=49702"},{"taxonomy":"product_cat","embeddable":true,"href":"https:\/\/product-guide.org\/en\/wp-json\/wp\/v2\/product_cat?post=49702"},{"taxonomy":"product_tag","embeddable":true,"href":"https:\/\/product-guide.org\/en\/wp-json\/wp\/v2\/product_tag?post=49702"}],"curies":[{"name":"wp","href":"https:\/\/api.w.org\/{rel}","templated":true}]}}