{"id":49704,"date":"2025-03-17T10:46:44","date_gmt":"2025-03-17T09:46:44","guid":{"rendered":"https:\/\/product-guide.org\/produkt\/alpina-brix-skihelm-59-63-cm-40-dirt-blue-matt-sportolino\/"},"modified":"2025-03-17T10:46:45","modified_gmt":"2025-03-17T09:46:45","slug":"alpina-brix-skihelm-59-63-cm-40-dirt-blue-matt-sportolino","status":"publish","type":"product","link":"https:\/\/product-guide.org\/en\/produkt\/alpina-brix-skihelm-59-63-cm-40-dirt-blue-matt-sportolino\/","title":{"rendered":"Alpina Brix Skihelm (59-63 cm, 40 dirt blue matt) | Sportolino"},"content":{"rendered":"<p>Sch\u00fctzt bei St\u00fcrzen, sieht gut aus und verf\u00fcgt \u00fcber eine gute Technologie, der Alpina Brix Skihelm. Die Inmold-Konstruktion, bestehend aus einem sto\u00dfabsorbierenden Hi-EPS Kern und einer stabilen Ceramic-Schale ist robust und sicher. F\u00fcr optimalen Tragekomfort sorgt ein weiches Inlining, das zum Reinigen herausgenommen werden kann. An warmen Tagen k\u00fchlt frische Luft im Helm. An kalten Tagen oder auf schnellen Abfahrten lassen sich die Luftspalten mittels Schieber schlie\u00dfen. Die &#8230;<\/p>\n","protected":false},"excerpt":{"rendered":"<p>Sch\u00fctzt bei St\u00fcrzen, sieht gut aus und verf\u00fcgt \u00fcber eine gute Technologie, der Alpina Brix Skihelm. Die Inmold-Konstruktion, bestehend aus einem sto\u00dfabsorbierenden Hi-EPS Kern und einer stabilen Ceramic-Schale ist robust und sicher. F\u00fcr optimalen Tragekomfort sorgt ein weiches Inlining, das zum Reinigen herausgenommen werden kann. An warmen Tagen k\u00fchlt frische Luft im Helm. An kalten [&hellip;]<\/p>\n","protected":false},"featured_media":49703,"template":"","meta":{"_gspb_post_css":""},"store":[],"product_brand":[1371],"product_cat":[1290],"product_tag":[],"class_list":{"0":"post-49704","1":"product","2":"type-product","3":"status-publish","4":"has-post-thumbnail","6":"product_brand-sportolino-de","7":"product_cat-uncategorized","9":"first","10":"instock","11":"shipping-taxable","12":"purchasable","13":"product-type-simple"},"yoast_head":"<!-- This site is optimized with the Yoast SEO plugin v24.6 - https:\/\/yoast.com\/wordpress\/plugins\/seo\/ -->\n<title>Alpina Brix Skihelm (59-63 cm, 40 dirt blue matt) | Sportolino | Product-Guide.org<\/title>\n<meta name=\"description\" content=\"Alpina Brix Skihelm (59-63 cm, 40 dirt blue matt) | Sportolino gefunden von Product-Guide.org\" \/>\n<meta name=\"robots\" content=\"index, follow, max-snippet:-1, max-image-preview:large, max-video-preview:-1\" \/>\n<link rel=\"canonical\" href=\"https:\/\/product-guide.org\/en\/produkt\/alpina-brix-skihelm-59-63-cm-40-dirt-blue-matt-sportolino\/\" \/>\n<meta property=\"og:locale\" content=\"en_GB\" \/>\n<meta property=\"og:type\" content=\"article\" \/>\n<meta property=\"og:title\" content=\"Alpina Brix Skihelm (59-63 cm, 40 dirt blue matt) | Sportolino | Product-Guide.org\" \/>\n<meta property=\"og:description\" content=\"Alpina Brix Skihelm (59-63 cm, 40 dirt blue matt) | Sportolino gefunden von Product-Guide.org\" \/>\n<meta property=\"og:url\" content=\"https:\/\/product-guide.org\/en\/produkt\/alpina-brix-skihelm-59-63-cm-40-dirt-blue-matt-sportolino\/\" \/>\n<meta property=\"og:site_name\" content=\"Product-Guide.org\" \/>\n<meta property=\"article:modified_time\" content=\"2025-03-17T09:46:45+00:00\" \/>\n<meta name=\"twitter:card\" content=\"summary_large_image\" \/>\n<script type=\"application\/ld+json\" class=\"yoast-schema-graph\">{\"@context\":\"https:\/\/schema.org\",\"@graph\":[{\"@type\":\"WebPage\",\"@id\":\"https:\/\/product-guide.org\/produkt\/alpina-brix-skihelm-59-63-cm-40-dirt-blue-matt-sportolino\/\",\"url\":\"https:\/\/product-guide.org\/produkt\/alpina-brix-skihelm-59-63-cm-40-dirt-blue-matt-sportolino\/\",\"name\":\"Alpina Brix Skihelm (59-63 cm, 40 dirt blue matt) | Sportolino | Product-Guide.org\",\"isPartOf\":{\"@id\":\"https:\/\/product-guide.org\/#website\"},\"primaryImageOfPage\":{\"@id\":\"https:\/\/product-guide.org\/produkt\/alpina-brix-skihelm-59-63-cm-40-dirt-blue-matt-sportolino\/#primaryimage\"},\"image\":{\"@id\":\"https:\/\/product-guide.org\/produkt\/alpina-brix-skihelm-59-63-cm-40-dirt-blue-matt-sportolino\/#primaryimage\"},\"thumbnailUrl\":\"https:\/\/product-guide.org\/wp-content\/uploads\/2025\/03\/A9252_X_40_Main_20231027.jpg\",\"datePublished\":\"2025-03-17T09:46:44+00:00\",\"dateModified\":\"2025-03-17T09:46:45+00:00\",\"description\":\"Alpina Brix Skihelm (59-63 cm, 40 dirt blue matt) | Sportolino gefunden von Product-Guide.org\",\"breadcrumb\":{\"@id\":\"https:\/\/product-guide.org\/produkt\/alpina-brix-skihelm-59-63-cm-40-dirt-blue-matt-sportolino\/#breadcrumb\"},\"inLanguage\":\"en-GB\",\"potentialAction\":[{\"@type\":\"ReadAction\",\"target\":[\"https:\/\/product-guide.org\/produkt\/alpina-brix-skihelm-59-63-cm-40-dirt-blue-matt-sportolino\/\"]}]},{\"@type\":\"ImageObject\",\"inLanguage\":\"en-GB\",\"@id\":\"https:\/\/product-guide.org\/produkt\/alpina-brix-skihelm-59-63-cm-40-dirt-blue-matt-sportolino\/#primaryimage\",\"url\":\"https:\/\/product-guide.org\/wp-content\/uploads\/2025\/03\/A9252_X_40_Main_20231027.jpg\",\"contentUrl\":\"https:\/\/product-guide.org\/wp-content\/uploads\/2025\/03\/A9252_X_40_Main_20231027.jpg\",\"width\":1425,\"height\":1500},{\"@type\":\"BreadcrumbList\",\"@id\":\"https:\/\/product-guide.org\/produkt\/alpina-brix-skihelm-59-63-cm-40-dirt-blue-matt-sportolino\/#breadcrumb\",\"itemListElement\":[{\"@type\":\"ListItem\",\"position\":1,\"name\":\"Home\",\"item\":\"https:\/\/product-guide.org\/\"},{\"@type\":\"ListItem\",\"position\":2,\"name\":\"Ergebnisse\",\"item\":\"https:\/\/product-guide.org\/de\/ergebnisse\/\"},{\"@type\":\"ListItem\",\"position\":3,\"name\":\"Alpina Brix Skihelm (59-63 cm, 40 dirt blue matt) | Sportolino\"}]},{\"@type\":\"WebSite\",\"@id\":\"https:\/\/product-guide.org\/#website\",\"url\":\"https:\/\/product-guide.org\/\",\"name\":\"Product-Guide.org\",\"description\":\"What Product are you looking for?\",\"publisher\":{\"@id\":\"https:\/\/product-guide.org\/#organization\"},\"potentialAction\":[{\"@type\":\"SearchAction\",\"target\":{\"@type\":\"EntryPoint\",\"urlTemplate\":\"https:\/\/product-guide.org\/?s={search_term_string}\"},\"query-input\":{\"@type\":\"PropertyValueSpecification\",\"valueRequired\":true,\"valueName\":\"search_term_string\"}}],\"inLanguage\":\"en-GB\"},{\"@type\":\"Organization\",\"@id\":\"https:\/\/product-guide.org\/#organization\",\"name\":\"Product-Guide.org\",\"url\":\"https:\/\/product-guide.org\/\",\"logo\":{\"@type\":\"ImageObject\",\"inLanguage\":\"en-GB\",\"@id\":\"https:\/\/product-guide.org\/#\/schema\/logo\/image\/\",\"url\":\"https:\/\/product-guide.org\/wp-content\/uploads\/2022\/07\/logo_transparent_background.png\",\"contentUrl\":\"https:\/\/product-guide.org\/wp-content\/uploads\/2022\/07\/logo_transparent_background.png\",\"width\":3400,\"height\":1132,\"caption\":\"Product-Guide.org\"},\"image\":{\"@id\":\"https:\/\/product-guide.org\/#\/schema\/logo\/image\/\"}}]}<\/script>\n<!-- \/ Yoast SEO plugin. -->","yoast_head_json":{"title":"Alpina Brix Skihelm (59-63 cm, 40 dirt blue matt) | Sportolino | Product-Guide.org","description":"Alpina Brix Skihelm (59-63 cm, 40 dirt blue matt) | Sportolino gefunden von Product-Guide.org","robots":{"index":"index","follow":"follow","max-snippet":"max-snippet:-1","max-image-preview":"max-image-preview:large","max-video-preview":"max-video-preview:-1"},"canonical":"https:\/\/product-guide.org\/en\/produkt\/alpina-brix-skihelm-59-63-cm-40-dirt-blue-matt-sportolino\/","og_locale":"en_GB","og_type":"article","og_title":"Alpina Brix Skihelm (59-63 cm, 40 dirt blue matt) | Sportolino | Product-Guide.org","og_description":"Alpina Brix Skihelm (59-63 cm, 40 dirt blue matt) | Sportolino gefunden von Product-Guide.org","og_url":"https:\/\/product-guide.org\/en\/produkt\/alpina-brix-skihelm-59-63-cm-40-dirt-blue-matt-sportolino\/","og_site_name":"Product-Guide.org","article_modified_time":"2025-03-17T09:46:45+00:00","twitter_card":"summary_large_image","schema":{"@context":"https:\/\/schema.org","@graph":[{"@type":"WebPage","@id":"https:\/\/product-guide.org\/produkt\/alpina-brix-skihelm-59-63-cm-40-dirt-blue-matt-sportolino\/","url":"https:\/\/product-guide.org\/produkt\/alpina-brix-skihelm-59-63-cm-40-dirt-blue-matt-sportolino\/","name":"Alpina Brix Skihelm (59-63 cm, 40 dirt blue matt) | Sportolino | Product-Guide.org","isPartOf":{"@id":"https:\/\/product-guide.org\/#website"},"primaryImageOfPage":{"@id":"https:\/\/product-guide.org\/produkt\/alpina-brix-skihelm-59-63-cm-40-dirt-blue-matt-sportolino\/#primaryimage"},"image":{"@id":"https:\/\/product-guide.org\/produkt\/alpina-brix-skihelm-59-63-cm-40-dirt-blue-matt-sportolino\/#primaryimage"},"thumbnailUrl":"https:\/\/product-guide.org\/wp-content\/uploads\/2025\/03\/A9252_X_40_Main_20231027.jpg","datePublished":"2025-03-17T09:46:44+00:00","dateModified":"2025-03-17T09:46:45+00:00","description":"Alpina Brix Skihelm (59-63 cm, 40 dirt blue matt) | Sportolino gefunden von Product-Guide.org","breadcrumb":{"@id":"https:\/\/product-guide.org\/produkt\/alpina-brix-skihelm-59-63-cm-40-dirt-blue-matt-sportolino\/#breadcrumb"},"inLanguage":"en-GB","potentialAction":[{"@type":"ReadAction","target":["https:\/\/product-guide.org\/produkt\/alpina-brix-skihelm-59-63-cm-40-dirt-blue-matt-sportolino\/"]}]},{"@type":"ImageObject","inLanguage":"en-GB","@id":"https:\/\/product-guide.org\/produkt\/alpina-brix-skihelm-59-63-cm-40-dirt-blue-matt-sportolino\/#primaryimage","url":"https:\/\/product-guide.org\/wp-content\/uploads\/2025\/03\/A9252_X_40_Main_20231027.jpg","contentUrl":"https:\/\/product-guide.org\/wp-content\/uploads\/2025\/03\/A9252_X_40_Main_20231027.jpg","width":1425,"height":1500},{"@type":"BreadcrumbList","@id":"https:\/\/product-guide.org\/produkt\/alpina-brix-skihelm-59-63-cm-40-dirt-blue-matt-sportolino\/#breadcrumb","itemListElement":[{"@type":"ListItem","position":1,"name":"Home","item":"https:\/\/product-guide.org\/"},{"@type":"ListItem","position":2,"name":"Ergebnisse","item":"https:\/\/product-guide.org\/de\/ergebnisse\/"},{"@type":"ListItem","position":3,"name":"Alpina Brix Skihelm (59-63 cm, 40 dirt blue matt) | Sportolino"}]},{"@type":"WebSite","@id":"https:\/\/product-guide.org\/#website","url":"https:\/\/product-guide.org\/","name":"Product-Guide.org","description":"What Product are you looking for?","publisher":{"@id":"https:\/\/product-guide.org\/#organization"},"potentialAction":[{"@type":"SearchAction","target":{"@type":"EntryPoint","urlTemplate":"https:\/\/product-guide.org\/?s={search_term_string}"},"query-input":{"@type":"PropertyValueSpecification","valueRequired":true,"valueName":"search_term_string"}}],"inLanguage":"en-GB"},{"@type":"Organization","@id":"https:\/\/product-guide.org\/#organization","name":"Product-Guide.org","url":"https:\/\/product-guide.org\/","logo":{"@type":"ImageObject","inLanguage":"en-GB","@id":"https:\/\/product-guide.org\/#\/schema\/logo\/image\/","url":"https:\/\/product-guide.org\/wp-content\/uploads\/2022\/07\/logo_transparent_background.png","contentUrl":"https:\/\/product-guide.org\/wp-content\/uploads\/2022\/07\/logo_transparent_background.png","width":3400,"height":1132,"caption":"Product-Guide.org"},"image":{"@id":"https:\/\/product-guide.org\/#\/schema\/logo\/image\/"}}]}},"_links":{"self":[{"href":"https:\/\/product-guide.org\/en\/wp-json\/wp\/v2\/product\/49704","targetHints":{"allow":["GET"]}}],"collection":[{"href":"https:\/\/product-guide.org\/en\/wp-json\/wp\/v2\/product"}],"about":[{"href":"https:\/\/product-guide.org\/en\/wp-json\/wp\/v2\/types\/product"}],"wp:featuredmedia":[{"embeddable":true,"href":"https:\/\/product-guide.org\/en\/wp-json\/wp\/v2\/media\/49703"}],"wp:attachment":[{"href":"https:\/\/product-guide.org\/en\/wp-json\/wp\/v2\/media?parent=49704"}],"wp:term":[{"taxonomy":"store","embeddable":true,"href":"https:\/\/product-guide.org\/en\/wp-json\/wp\/v2\/store?post=49704"},{"taxonomy":"product_brand","embeddable":true,"href":"https:\/\/product-guide.org\/en\/wp-json\/wp\/v2\/product_brand?post=49704"},{"taxonomy":"product_cat","embeddable":true,"href":"https:\/\/product-guide.org\/en\/wp-json\/wp\/v2\/product_cat?post=49704"},{"taxonomy":"product_tag","embeddable":true,"href":"https:\/\/product-guide.org\/en\/wp-json\/wp\/v2\/product_tag?post=49704"}],"curies":[{"name":"wp","href":"https:\/\/api.w.org\/{rel}","templated":true}]}}