{"id":49712,"date":"2025-03-17T10:46:51","date_gmt":"2025-03-17T09:46:51","guid":{"rendered":"https:\/\/product-guide.org\/produkt\/alpina-fahrradhelm-thunder-3-0-52-57-cm-35-black-anthracite-gloss-sportolino\/"},"modified":"2025-03-17T10:46:51","modified_gmt":"2025-03-17T09:46:51","slug":"alpina-fahrradhelm-thunder-3-0-52-57-cm-35-black-anthracite-gloss-sportolino","status":"publish","type":"product","link":"https:\/\/product-guide.org\/en\/produkt\/alpina-fahrradhelm-thunder-3-0-52-57-cm-35-black-anthracite-gloss-sportolino\/","title":{"rendered":"Alpina Fahrradhelm Thunder 3.0 (52-57 cm, 35 black\/anthracite gloss) | Sportolino"},"content":{"rendered":"<p>Der Radhelm Thunder von Alpina in Inmould Technologie, mit Airflow Vents und integriertem Fliegennetz. Durch ein besonderes Druckverfahren wird die Helminnenschale unter die Au\u00dfenschale gesch\u00e4umt, Resultat ist ein Helm mit einer sehr stabilen Struktur bei leichtem Gewicht. Optisch klein wirkend, mit \u00d6ffnungen superbel\u00fcftet.<\/p>\n","protected":false},"excerpt":{"rendered":"<p>Der Radhelm Thunder von Alpina in Inmould Technologie, mit Airflow Vents und integriertem Fliegennetz. Durch ein besonderes Druckverfahren wird die Helminnenschale unter die Au\u00dfenschale gesch\u00e4umt, Resultat ist ein Helm mit einer sehr stabilen Struktur bei leichtem Gewicht. Optisch klein wirkend, mit \u00d6ffnungen superbel\u00fcftet.<\/p>\n","protected":false},"featured_media":49711,"template":"","meta":{"_gspb_post_css":""},"store":[],"product_brand":[1371],"product_cat":[1290],"product_tag":[],"class_list":{"0":"post-49712","1":"product","2":"type-product","3":"status-publish","4":"has-post-thumbnail","6":"product_brand-sportolino-de","7":"product_cat-uncategorized","9":"first","10":"instock","11":"shipping-taxable","12":"purchasable","13":"product-type-simple"},"yoast_head":"<!-- This site is optimized with the Yoast SEO plugin v24.6 - https:\/\/yoast.com\/wordpress\/plugins\/seo\/ -->\n<title>Alpina Fahrradhelm Thunder 3.0 (52-57 cm, 35 black\/anthracite gloss) | Sportolino | Product-Guide.org<\/title>\n<meta name=\"description\" content=\"Alpina Fahrradhelm Thunder 3.0 (52-57 cm, 35 black\/anthracite gloss) | Sportolino gefunden von Product-Guide.org\" \/>\n<meta name=\"robots\" content=\"index, follow, max-snippet:-1, max-image-preview:large, max-video-preview:-1\" \/>\n<link rel=\"canonical\" href=\"https:\/\/product-guide.org\/en\/produkt\/alpina-fahrradhelm-thunder-3-0-52-57-cm-35-black-anthracite-gloss-sportolino\/\" \/>\n<meta property=\"og:locale\" content=\"en_GB\" \/>\n<meta property=\"og:type\" content=\"article\" \/>\n<meta property=\"og:title\" content=\"Alpina Fahrradhelm Thunder 3.0 (52-57 cm, 35 black\/anthracite gloss) | Sportolino | Product-Guide.org\" \/>\n<meta property=\"og:description\" content=\"Alpina Fahrradhelm Thunder 3.0 (52-57 cm, 35 black\/anthracite gloss) | Sportolino gefunden von Product-Guide.org\" \/>\n<meta property=\"og:url\" content=\"https:\/\/product-guide.org\/en\/produkt\/alpina-fahrradhelm-thunder-3-0-52-57-cm-35-black-anthracite-gloss-sportolino\/\" \/>\n<meta property=\"og:site_name\" content=\"Product-Guide.org\" \/>\n<meta name=\"twitter:card\" content=\"summary_large_image\" \/>\n<script type=\"application\/ld+json\" class=\"yoast-schema-graph\">{\"@context\":\"https:\/\/schema.org\",\"@graph\":[{\"@type\":\"WebPage\",\"@id\":\"https:\/\/product-guide.org\/produkt\/alpina-fahrradhelm-thunder-3-0-52-57-cm-35-black-anthracite-gloss-sportolino\/\",\"url\":\"https:\/\/product-guide.org\/produkt\/alpina-fahrradhelm-thunder-3-0-52-57-cm-35-black-anthracite-gloss-sportolino\/\",\"name\":\"Alpina Fahrradhelm Thunder 3.0 (52-57 cm, 35 black\/anthracite gloss) | Sportolino | Product-Guide.org\",\"isPartOf\":{\"@id\":\"https:\/\/product-guide.org\/#website\"},\"primaryImageOfPage\":{\"@id\":\"https:\/\/product-guide.org\/produkt\/alpina-fahrradhelm-thunder-3-0-52-57-cm-35-black-anthracite-gloss-sportolino\/#primaryimage\"},\"image\":{\"@id\":\"https:\/\/product-guide.org\/produkt\/alpina-fahrradhelm-thunder-3-0-52-57-cm-35-black-anthracite-gloss-sportolino\/#primaryimage\"},\"thumbnailUrl\":\"https:\/\/product-guide.org\/wp-content\/uploads\/2025\/03\/A9778_X_31_Main_20220808.jpg\",\"datePublished\":\"2025-03-17T09:46:51+00:00\",\"description\":\"Alpina Fahrradhelm Thunder 3.0 (52-57 cm, 35 black\/anthracite gloss) | Sportolino gefunden von Product-Guide.org\",\"breadcrumb\":{\"@id\":\"https:\/\/product-guide.org\/produkt\/alpina-fahrradhelm-thunder-3-0-52-57-cm-35-black-anthracite-gloss-sportolino\/#breadcrumb\"},\"inLanguage\":\"en-GB\",\"potentialAction\":[{\"@type\":\"ReadAction\",\"target\":[\"https:\/\/product-guide.org\/produkt\/alpina-fahrradhelm-thunder-3-0-52-57-cm-35-black-anthracite-gloss-sportolino\/\"]}]},{\"@type\":\"ImageObject\",\"inLanguage\":\"en-GB\",\"@id\":\"https:\/\/product-guide.org\/produkt\/alpina-fahrradhelm-thunder-3-0-52-57-cm-35-black-anthracite-gloss-sportolino\/#primaryimage\",\"url\":\"https:\/\/product-guide.org\/wp-content\/uploads\/2025\/03\/A9778_X_31_Main_20220808.jpg\",\"contentUrl\":\"https:\/\/product-guide.org\/wp-content\/uploads\/2025\/03\/A9778_X_31_Main_20220808.jpg\",\"width\":1500,\"height\":1489},{\"@type\":\"BreadcrumbList\",\"@id\":\"https:\/\/product-guide.org\/produkt\/alpina-fahrradhelm-thunder-3-0-52-57-cm-35-black-anthracite-gloss-sportolino\/#breadcrumb\",\"itemListElement\":[{\"@type\":\"ListItem\",\"position\":1,\"name\":\"Home\",\"item\":\"https:\/\/product-guide.org\/\"},{\"@type\":\"ListItem\",\"position\":2,\"name\":\"Ergebnisse\",\"item\":\"https:\/\/product-guide.org\/de\/ergebnisse\/\"},{\"@type\":\"ListItem\",\"position\":3,\"name\":\"Alpina Fahrradhelm Thunder 3.0 (52-57 cm, 35 black\/anthracite gloss) | Sportolino\"}]},{\"@type\":\"WebSite\",\"@id\":\"https:\/\/product-guide.org\/#website\",\"url\":\"https:\/\/product-guide.org\/\",\"name\":\"Product-Guide.org\",\"description\":\"What Product are you looking for?\",\"publisher\":{\"@id\":\"https:\/\/product-guide.org\/#organization\"},\"potentialAction\":[{\"@type\":\"SearchAction\",\"target\":{\"@type\":\"EntryPoint\",\"urlTemplate\":\"https:\/\/product-guide.org\/?s={search_term_string}\"},\"query-input\":{\"@type\":\"PropertyValueSpecification\",\"valueRequired\":true,\"valueName\":\"search_term_string\"}}],\"inLanguage\":\"en-GB\"},{\"@type\":\"Organization\",\"@id\":\"https:\/\/product-guide.org\/#organization\",\"name\":\"Product-Guide.org\",\"url\":\"https:\/\/product-guide.org\/\",\"logo\":{\"@type\":\"ImageObject\",\"inLanguage\":\"en-GB\",\"@id\":\"https:\/\/product-guide.org\/#\/schema\/logo\/image\/\",\"url\":\"https:\/\/product-guide.org\/wp-content\/uploads\/2022\/07\/logo_transparent_background.png\",\"contentUrl\":\"https:\/\/product-guide.org\/wp-content\/uploads\/2022\/07\/logo_transparent_background.png\",\"width\":3400,\"height\":1132,\"caption\":\"Product-Guide.org\"},\"image\":{\"@id\":\"https:\/\/product-guide.org\/#\/schema\/logo\/image\/\"}}]}<\/script>\n<!-- \/ Yoast SEO plugin. -->","yoast_head_json":{"title":"Alpina Fahrradhelm Thunder 3.0 (52-57 cm, 35 black\/anthracite gloss) | Sportolino | Product-Guide.org","description":"Alpina Fahrradhelm Thunder 3.0 (52-57 cm, 35 black\/anthracite gloss) | Sportolino gefunden von Product-Guide.org","robots":{"index":"index","follow":"follow","max-snippet":"max-snippet:-1","max-image-preview":"max-image-preview:large","max-video-preview":"max-video-preview:-1"},"canonical":"https:\/\/product-guide.org\/en\/produkt\/alpina-fahrradhelm-thunder-3-0-52-57-cm-35-black-anthracite-gloss-sportolino\/","og_locale":"en_GB","og_type":"article","og_title":"Alpina Fahrradhelm Thunder 3.0 (52-57 cm, 35 black\/anthracite gloss) | Sportolino | Product-Guide.org","og_description":"Alpina Fahrradhelm Thunder 3.0 (52-57 cm, 35 black\/anthracite gloss) | Sportolino gefunden von Product-Guide.org","og_url":"https:\/\/product-guide.org\/en\/produkt\/alpina-fahrradhelm-thunder-3-0-52-57-cm-35-black-anthracite-gloss-sportolino\/","og_site_name":"Product-Guide.org","twitter_card":"summary_large_image","schema":{"@context":"https:\/\/schema.org","@graph":[{"@type":"WebPage","@id":"https:\/\/product-guide.org\/produkt\/alpina-fahrradhelm-thunder-3-0-52-57-cm-35-black-anthracite-gloss-sportolino\/","url":"https:\/\/product-guide.org\/produkt\/alpina-fahrradhelm-thunder-3-0-52-57-cm-35-black-anthracite-gloss-sportolino\/","name":"Alpina Fahrradhelm Thunder 3.0 (52-57 cm, 35 black\/anthracite gloss) | Sportolino | Product-Guide.org","isPartOf":{"@id":"https:\/\/product-guide.org\/#website"},"primaryImageOfPage":{"@id":"https:\/\/product-guide.org\/produkt\/alpina-fahrradhelm-thunder-3-0-52-57-cm-35-black-anthracite-gloss-sportolino\/#primaryimage"},"image":{"@id":"https:\/\/product-guide.org\/produkt\/alpina-fahrradhelm-thunder-3-0-52-57-cm-35-black-anthracite-gloss-sportolino\/#primaryimage"},"thumbnailUrl":"https:\/\/product-guide.org\/wp-content\/uploads\/2025\/03\/A9778_X_31_Main_20220808.jpg","datePublished":"2025-03-17T09:46:51+00:00","description":"Alpina Fahrradhelm Thunder 3.0 (52-57 cm, 35 black\/anthracite gloss) | Sportolino gefunden von Product-Guide.org","breadcrumb":{"@id":"https:\/\/product-guide.org\/produkt\/alpina-fahrradhelm-thunder-3-0-52-57-cm-35-black-anthracite-gloss-sportolino\/#breadcrumb"},"inLanguage":"en-GB","potentialAction":[{"@type":"ReadAction","target":["https:\/\/product-guide.org\/produkt\/alpina-fahrradhelm-thunder-3-0-52-57-cm-35-black-anthracite-gloss-sportolino\/"]}]},{"@type":"ImageObject","inLanguage":"en-GB","@id":"https:\/\/product-guide.org\/produkt\/alpina-fahrradhelm-thunder-3-0-52-57-cm-35-black-anthracite-gloss-sportolino\/#primaryimage","url":"https:\/\/product-guide.org\/wp-content\/uploads\/2025\/03\/A9778_X_31_Main_20220808.jpg","contentUrl":"https:\/\/product-guide.org\/wp-content\/uploads\/2025\/03\/A9778_X_31_Main_20220808.jpg","width":1500,"height":1489},{"@type":"BreadcrumbList","@id":"https:\/\/product-guide.org\/produkt\/alpina-fahrradhelm-thunder-3-0-52-57-cm-35-black-anthracite-gloss-sportolino\/#breadcrumb","itemListElement":[{"@type":"ListItem","position":1,"name":"Home","item":"https:\/\/product-guide.org\/"},{"@type":"ListItem","position":2,"name":"Ergebnisse","item":"https:\/\/product-guide.org\/de\/ergebnisse\/"},{"@type":"ListItem","position":3,"name":"Alpina Fahrradhelm Thunder 3.0 (52-57 cm, 35 black\/anthracite gloss) | Sportolino"}]},{"@type":"WebSite","@id":"https:\/\/product-guide.org\/#website","url":"https:\/\/product-guide.org\/","name":"Product-Guide.org","description":"What Product are you looking for?","publisher":{"@id":"https:\/\/product-guide.org\/#organization"},"potentialAction":[{"@type":"SearchAction","target":{"@type":"EntryPoint","urlTemplate":"https:\/\/product-guide.org\/?s={search_term_string}"},"query-input":{"@type":"PropertyValueSpecification","valueRequired":true,"valueName":"search_term_string"}}],"inLanguage":"en-GB"},{"@type":"Organization","@id":"https:\/\/product-guide.org\/#organization","name":"Product-Guide.org","url":"https:\/\/product-guide.org\/","logo":{"@type":"ImageObject","inLanguage":"en-GB","@id":"https:\/\/product-guide.org\/#\/schema\/logo\/image\/","url":"https:\/\/product-guide.org\/wp-content\/uploads\/2022\/07\/logo_transparent_background.png","contentUrl":"https:\/\/product-guide.org\/wp-content\/uploads\/2022\/07\/logo_transparent_background.png","width":3400,"height":1132,"caption":"Product-Guide.org"},"image":{"@id":"https:\/\/product-guide.org\/#\/schema\/logo\/image\/"}}]}},"_links":{"self":[{"href":"https:\/\/product-guide.org\/en\/wp-json\/wp\/v2\/product\/49712","targetHints":{"allow":["GET"]}}],"collection":[{"href":"https:\/\/product-guide.org\/en\/wp-json\/wp\/v2\/product"}],"about":[{"href":"https:\/\/product-guide.org\/en\/wp-json\/wp\/v2\/types\/product"}],"wp:featuredmedia":[{"embeddable":true,"href":"https:\/\/product-guide.org\/en\/wp-json\/wp\/v2\/media\/49711"}],"wp:attachment":[{"href":"https:\/\/product-guide.org\/en\/wp-json\/wp\/v2\/media?parent=49712"}],"wp:term":[{"taxonomy":"store","embeddable":true,"href":"https:\/\/product-guide.org\/en\/wp-json\/wp\/v2\/store?post=49712"},{"taxonomy":"product_brand","embeddable":true,"href":"https:\/\/product-guide.org\/en\/wp-json\/wp\/v2\/product_brand?post=49712"},{"taxonomy":"product_cat","embeddable":true,"href":"https:\/\/product-guide.org\/en\/wp-json\/wp\/v2\/product_cat?post=49712"},{"taxonomy":"product_tag","embeddable":true,"href":"https:\/\/product-guide.org\/en\/wp-json\/wp\/v2\/product_tag?post=49712"}],"curies":[{"name":"wp","href":"https:\/\/api.w.org\/{rel}","templated":true}]}}